{"id":14008,"date":"2021-02-08T15:28:59","date_gmt":"2021-02-08T15:28:59","guid":{"rendered":"http:\/\/onevet.pt\/alto-de-alges\/sobre-nos\/"},"modified":"2024-01-08T16:37:22","modified_gmt":"2024-01-08T16:37:22","slug":"sobre-nos","status":"publish","type":"page","link":"https:\/\/onevetgroup.pt\/alto-de-alges\/sobre-nos\/","title":{"rendered":"Sobre N\u00f3s"},"content":{"rendered":"\t\t<div data-elementor-type=\"wp-page\" data-elementor-id=\"14008\" class=\"elementor elementor-14008 elementor-268\" data-elementor-post-type=\"page\">\n\t\t\t\t\t\t<section class=\"elementor-section elementor-top-section elementor-element elementor-element-54cf215 pad-top-0 elementor-section-boxed elementor-section-height-default elementor-section-height-default\" data-id=\"54cf215\" data-element_type=\"section\" data-e-type=\"section\" data-settings=\"{&quot;background_background&quot;:&quot;classic&quot;}\">\n\t\t\t\t\t\t<div class=\"elementor-container elementor-column-gap-default\">\n\t\t\t\t\t<div class=\"elementor-column elementor-col-100 elementor-top-column elementor-element elementor-element-d926441\" data-id=\"d926441\" data-element_type=\"column\" data-e-type=\"column\">\n\t\t\t<div class=\"elementor-widget-wrap elementor-element-populated\">\n\t\t\t\t\t\t<div class=\"elementor-element elementor-element-9725bcd elementor-widget elementor-widget-section_titleleft\" data-id=\"9725bcd\" data-element_type=\"widget\" data-e-type=\"widget\" data-widget_type=\"section_titleleft.default\">\n\t\t\t\t<div class=\"elementor-widget-container\">\n\t\t\t\t\t        <div class=\"ab_text-title fl-wrap\">\r\n            <h3>Onevet Cl\u00ednica Veterin\u00e1ria Alto de Alg\u00e9s com Urg\u00eancias 24h, assegurado pelo Hospital Veterin\u00e1rio de Cascais (HVCV) ou pelo Hospital Veterin\u00e1rio de Berna (HVBN)<\/h3><h4>H\u00e1 17 anos fazemos o que mais gostamos: conhecer e ajudar o seu amigo de 4 patas. <\/h4><span class=\"section-separator fl-sec-sep\"><\/span>        <\/div>\r\n        \t\t\t\t<\/div>\n\t\t\t\t<\/div>\n\t\t\t\t<section class=\"elementor-section elementor-inner-section elementor-element elementor-element-35814f4 elementor-section-full_width elementor-section-height-default elementor-section-height-default\" data-id=\"35814f4\" data-element_type=\"section\" data-e-type=\"section\">\n\t\t\t\t\t\t<div class=\"elementor-container elementor-column-gap-wide\">\n\t\t\t\t\t<div class=\"elementor-column elementor-col-50 elementor-inner-column elementor-element elementor-element-7fa3f34\" data-id=\"7fa3f34\" data-element_type=\"column\" data-e-type=\"column\">\n\t\t\t<div class=\"elementor-widget-wrap elementor-element-populated\">\n\t\t\t\t\t\t<div class=\"elementor-element elementor-element-9e79898 elementor-widget elementor-widget-image\" data-id=\"9e79898\" data-element_type=\"widget\" data-e-type=\"widget\" data-widget_type=\"image.default\">\n\t\t\t\t<div class=\"elementor-widget-container\">\n\t\t\t\t\t\t\t\t\t\t\t\t\t\t\t<img fetchpriority=\"high\" width=\"786\" height=\"524\" class=\"attachment-townhub-single-image size-townhub-single-image wp-image-19420 lazy\" alt=\"\" data-src=\"https:\/\/onevetgroup.pt\/alto-de-alges\/wp-content\/uploads\/sites\/28\/2024\/01\/1-4-1-1-786x524.jpg\" data-lazy=\"https:\/\/onevetgroup.pt\/alto-de-alges\/wp-content\/uploads\/sites\/28\/2024\/01\/1-4-1-1-786x524.jpg\" \/>\t\t\t\t\t\t\t\t\t\t\t\t\t\t\t<\/div>\n\t\t\t\t<\/div>\n\t\t\t\t\t<\/div>\n\t\t<\/div>\n\t\t\t\t<div class=\"elementor-column elementor-col-50 elementor-inner-column elementor-element elementor-element-202374d\" data-id=\"202374d\" data-element_type=\"column\" data-e-type=\"column\">\n\t\t\t<div class=\"elementor-widget-wrap elementor-element-populated\">\n\t\t\t\t\t\t<div class=\"elementor-element elementor-element-3b393ce about-wrap elementor-widget elementor-widget-text-editor\" data-id=\"3b393ce\" data-element_type=\"widget\" data-e-type=\"widget\" data-widget_type=\"text-editor.default\">\n\t\t\t\t<div class=\"elementor-widget-container\">\n\t\t\t\t\t\t\t\t\t<p>A Onevet Cl\u00ednica Veterin\u00e1ria Alto de Alg\u00e9s foi fundado no ano de 2007, e desde essa altura que nos dedicamos \u00e0 sa\u00fade e bem-estar animal para garantir a qualidade de vida dos nossos amigos de 4 patas.<\/p><p>Contamos com uma equipa pequena mas experiente, sempre prontos a proporcionar um servi\u00e7o completo.<\/p>\t\t\t\t\t\t\t\t<\/div>\n\t\t\t\t<\/div>\n\t\t\t\t\t<\/div>\n\t\t<\/div>\n\t\t\t\t\t<\/div>\n\t\t<\/section>\n\t\t\t\t<section class=\"elementor-section elementor-inner-section elementor-element elementor-element-31d68ae elementor-section-boxed elementor-section-height-default elementor-section-height-default\" data-id=\"31d68ae\" data-element_type=\"section\" data-e-type=\"section\">\n\t\t\t\t\t\t<div class=\"elementor-container elementor-column-gap-default\">\n\t\t\t\t\t<div class=\"elementor-column elementor-col-50 elementor-inner-column elementor-element elementor-element-8ddd41b\" data-id=\"8ddd41b\" data-element_type=\"column\" data-e-type=\"column\">\n\t\t\t<div class=\"elementor-widget-wrap elementor-element-populated\">\n\t\t\t\t\t\t<div class=\"elementor-element elementor-element-c87b63e elementor-align-center elementor-widget elementor-widget-button\" data-id=\"c87b63e\" data-element_type=\"widget\" data-e-type=\"widget\" data-widget_type=\"button.default\">\n\t\t\t\t<div class=\"elementor-widget-container\">\n\t\t\t\t\t\t\t\t\t<div class=\"elementor-button-wrapper\">\n\t\t\t\t\t<a class=\"elementor-button elementor-button-link elementor-size-sm\" href=\"\/alto-de-alges\/instalacoes\/\">\n\t\t\t\t\t\t<span class=\"elementor-button-content-wrapper\">\n\t\t\t\t\t\t\t\t\t<span class=\"elementor-button-text\">As Nossas Instala\u00e7\u00f5es<\/span>\n\t\t\t\t\t<\/span>\n\t\t\t\t\t<\/a>\n\t\t\t\t<\/div>\n\t\t\t\t\t\t\t\t<\/div>\n\t\t\t\t<\/div>\n\t\t\t\t\t<\/div>\n\t\t<\/div>\n\t\t\t\t<div class=\"elementor-column elementor-col-50 elementor-inner-column elementor-element elementor-element-d044a7e\" data-id=\"d044a7e\" data-element_type=\"column\" data-e-type=\"column\">\n\t\t\t<div class=\"elementor-widget-wrap elementor-element-populated\">\n\t\t\t\t\t\t<div class=\"elementor-element elementor-element-75ee515 elementor-align-center elementor-widget elementor-widget-button\" data-id=\"75ee515\" data-element_type=\"widget\" data-e-type=\"widget\" data-widget_type=\"button.default\">\n\t\t\t\t<div class=\"elementor-widget-container\">\n\t\t\t\t\t\t\t\t\t<div class=\"elementor-button-wrapper\">\n\t\t\t\t\t<a class=\"elementor-button elementor-button-link elementor-size-sm\" href=\"\/alto-de-alges\/a-nossa-equipa\/\">\n\t\t\t\t\t\t<span class=\"elementor-button-content-wrapper\">\n\t\t\t\t\t\t\t\t\t<span class=\"elementor-button-text\">A Nossa Equipa<\/span>\n\t\t\t\t\t<\/span>\n\t\t\t\t\t<\/a>\n\t\t\t\t<\/div>\n\t\t\t\t\t\t\t\t<\/div>\n\t\t\t\t<\/div>\n\t\t\t\t\t<\/div>\n\t\t<\/div>\n\t\t\t\t\t<\/div>\n\t\t<\/section>\n\t\t\t\t\t<\/div>\n\t\t<\/div>\n\t\t\t\t\t<\/div>\n\t\t<\/section>\n\t\t\t\t<section class=\"elementor-section elementor-top-section elementor-element elementor-element-1f78772 elementor-section-boxed elementor-section-height-default elementor-section-height-default\" data-id=\"1f78772\" data-element_type=\"section\" data-e-type=\"section\">\n\t\t\t\t\t\t<div class=\"elementor-container elementor-column-gap-default\">\n\t\t\t\t\t<div class=\"elementor-column elementor-col-100 elementor-top-column elementor-element elementor-element-ade0b49\" data-id=\"ade0b49\" data-element_type=\"column\" data-e-type=\"column\">\n\t\t\t<div class=\"elementor-widget-wrap elementor-element-populated\">\n\t\t\t\t\t\t<div class=\"elementor-element elementor-element-ef6a20a elementor-widget elementor-widget-gallery\" data-id=\"ef6a20a\" data-element_type=\"widget\" data-e-type=\"widget\" data-settings=\"{&quot;columns&quot;:&quot;3&quot;,&quot;aspect_ratio&quot;:&quot;1:1&quot;,&quot;lazyload&quot;:&quot;yes&quot;,&quot;gallery_layout&quot;:&quot;grid&quot;,&quot;columns_tablet&quot;:2,&quot;columns_mobile&quot;:1,&quot;gap&quot;:{&quot;unit&quot;:&quot;px&quot;,&quot;size&quot;:10,&quot;sizes&quot;:[]},&quot;gap_tablet&quot;:{&quot;unit&quot;:&quot;px&quot;,&quot;size&quot;:10,&quot;sizes&quot;:[]},&quot;gap_mobile&quot;:{&quot;unit&quot;:&quot;px&quot;,&quot;size&quot;:10,&quot;sizes&quot;:[]},&quot;link_to&quot;:&quot;file&quot;,&quot;overlay_background&quot;:&quot;yes&quot;,&quot;content_hover_animation&quot;:&quot;fade-in&quot;}\" data-widget_type=\"gallery.default\">\n\t\t\t\t<div class=\"elementor-widget-container\">\n\t\t\t\t\t\t\t<div class=\"elementor-gallery__container\">\n\t\t\t\t\t\t\t<a class=\"e-gallery-item elementor-gallery-item elementor-animated-content\" href=\"https:\/\/onevetgroup.pt\/alto-de-alges\/wp-content\/uploads\/sites\/28\/2024\/01\/1-40-scaled.jpg\" data-elementor-open-lightbox=\"yes\" data-elementor-lightbox-slideshow=\"ef6a20a\" data-elementor-lightbox-title=\"1-40\" data-e-action-hash=\"#elementor-action%3Aaction%3Dlightbox%26settings%3DeyJpZCI6MTk0MjksInVybCI6Imh0dHBzOlwvXC9vbmV2ZXRncm91cC5wdFwvYWx0by1kZS1hbGdlc1wvd3AtY29udGVudFwvdXBsb2Fkc1wvc2l0ZXNcLzI4XC8yMDI0XC8wMVwvMS00MC1zY2FsZWQuanBnIiwic2xpZGVzaG93IjoiZWY2YTIwYSJ9\">\n\t\t\t\t\t<div class=\"e-gallery-image elementor-gallery-item__image\" data-thumbnail=\"https:\/\/onevetgroup.pt\/alto-de-alges\/wp-content\/uploads\/sites\/28\/2024\/01\/1-40-1024x683.jpg\" data-width=\"724\" data-height=\"483\" aria-label=\"\" role=\"img\" ><\/div>\n\t\t\t\t\t\t\t\t\t\t\t<div class=\"elementor-gallery-item__overlay\"><\/div>\n\t\t\t\t\t\t\t\t\t\t\t\t\t\t<\/a>\n\t\t\t\t\t\t\t<a class=\"e-gallery-item elementor-gallery-item elementor-animated-content\" href=\"https:\/\/onevetgroup.pt\/alto-de-alges\/wp-content\/uploads\/sites\/28\/2024\/01\/17-scaled-e1704730279596.jpg\" data-elementor-open-lightbox=\"yes\" data-elementor-lightbox-slideshow=\"ef6a20a\" data-elementor-lightbox-title=\"17\" data-e-action-hash=\"#elementor-action%3Aaction%3Dlightbox%26settings%3DeyJpZCI6MTkzOTIsInVybCI6Imh0dHBzOlwvXC9vbmV2ZXRncm91cC5wdFwvYWx0by1kZS1hbGdlc1wvd3AtY29udGVudFwvdXBsb2Fkc1wvc2l0ZXNcLzI4XC8yMDI0XC8wMVwvMTctc2NhbGVkLWUxNzA0NzMwMjc5NTk2LmpwZyIsInNsaWRlc2hvdyI6ImVmNmEyMGEifQ%3D%3D\">\n\t\t\t\t\t<div class=\"e-gallery-image elementor-gallery-item__image\" data-thumbnail=\"https:\/\/onevetgroup.pt\/alto-de-alges\/wp-content\/uploads\/sites\/28\/2024\/01\/17-scaled-e1704730279596-905x1024.jpg\" data-width=\"724\" data-height=\"819\" aria-label=\"\" role=\"img\" ><\/div>\n\t\t\t\t\t\t\t\t\t\t\t<div class=\"elementor-gallery-item__overlay\"><\/div>\n\t\t\t\t\t\t\t\t\t\t\t\t\t\t<\/a>\n\t\t\t\t\t\t\t<a class=\"e-gallery-item elementor-gallery-item elementor-animated-content\" href=\"https:\/\/onevetgroup.pt\/alto-de-alges\/wp-content\/uploads\/sites\/28\/2024\/01\/1-6-1-scaled.jpg\" data-elementor-open-lightbox=\"yes\" data-elementor-lightbox-slideshow=\"ef6a20a\" data-elementor-lightbox-title=\"1-6 (1)\" data-e-action-hash=\"#elementor-action%3Aaction%3Dlightbox%26settings%3DeyJpZCI6MTk0MjMsInVybCI6Imh0dHBzOlwvXC9vbmV2ZXRncm91cC5wdFwvYWx0by1kZS1hbGdlc1wvd3AtY29udGVudFwvdXBsb2Fkc1wvc2l0ZXNcLzI4XC8yMDI0XC8wMVwvMS02LTEtc2NhbGVkLmpwZyIsInNsaWRlc2hvdyI6ImVmNmEyMGEifQ%3D%3D\">\n\t\t\t\t\t<div class=\"e-gallery-image elementor-gallery-item__image\" data-thumbnail=\"https:\/\/onevetgroup.pt\/alto-de-alges\/wp-content\/uploads\/sites\/28\/2024\/01\/1-6-1-1024x683.jpg\" data-width=\"724\" data-height=\"483\" aria-label=\"\" role=\"img\" ><\/div>\n\t\t\t\t\t\t\t\t\t\t\t<div class=\"elementor-gallery-item__overlay\"><\/div>\n\t\t\t\t\t\t\t\t\t\t\t\t\t\t<\/a>\n\t\t\t\t\t\t\t<a class=\"e-gallery-item elementor-gallery-item elementor-animated-content\" href=\"https:\/\/onevetgroup.pt\/alto-de-alges\/wp-content\/uploads\/sites\/28\/2024\/01\/1-5-2-scaled.jpg\" data-elementor-open-lightbox=\"yes\" data-elementor-lightbox-slideshow=\"ef6a20a\" data-elementor-lightbox-title=\"1-5 (2)\" data-e-action-hash=\"#elementor-action%3Aaction%3Dlightbox%26settings%3DeyJpZCI6MTk0MDAsInVybCI6Imh0dHBzOlwvXC9vbmV2ZXRncm91cC5wdFwvYWx0by1kZS1hbGdlc1wvd3AtY29udGVudFwvdXBsb2Fkc1wvc2l0ZXNcLzI4XC8yMDI0XC8wMVwvMS01LTItc2NhbGVkLmpwZyIsInNsaWRlc2hvdyI6ImVmNmEyMGEifQ%3D%3D\">\n\t\t\t\t\t<div class=\"e-gallery-image elementor-gallery-item__image\" data-thumbnail=\"https:\/\/onevetgroup.pt\/alto-de-alges\/wp-content\/uploads\/sites\/28\/2024\/01\/1-5-2-1024x683.jpg\" data-width=\"724\" data-height=\"483\" aria-label=\"\" role=\"img\" ><\/div>\n\t\t\t\t\t\t\t\t\t\t\t<div class=\"elementor-gallery-item__overlay\"><\/div>\n\t\t\t\t\t\t\t\t\t\t\t\t\t\t<\/a>\n\t\t\t\t\t\t\t<a class=\"e-gallery-item elementor-gallery-item elementor-animated-content\" href=\"https:\/\/onevetgroup.pt\/alto-de-alges\/wp-content\/uploads\/sites\/28\/2024\/01\/18-scaled-e1704730301778.jpg\" data-elementor-open-lightbox=\"yes\" data-elementor-lightbox-slideshow=\"ef6a20a\" data-elementor-lightbox-title=\"18\" data-e-action-hash=\"#elementor-action%3Aaction%3Dlightbox%26settings%3DeyJpZCI6MTkzOTYsInVybCI6Imh0dHBzOlwvXC9vbmV2ZXRncm91cC5wdFwvYWx0by1kZS1hbGdlc1wvd3AtY29udGVudFwvdXBsb2Fkc1wvc2l0ZXNcLzI4XC8yMDI0XC8wMVwvMTgtc2NhbGVkLWUxNzA0NzMwMzAxNzc4LmpwZyIsInNsaWRlc2hvdyI6ImVmNmEyMGEifQ%3D%3D\">\n\t\t\t\t\t<div class=\"e-gallery-image elementor-gallery-item__image\" data-thumbnail=\"https:\/\/onevetgroup.pt\/alto-de-alges\/wp-content\/uploads\/sites\/28\/2024\/01\/18-scaled-e1704730301778-850x1024.jpg\" data-width=\"724\" data-height=\"872\" aria-label=\"\" role=\"img\" ><\/div>\n\t\t\t\t\t\t\t\t\t\t\t<div class=\"elementor-gallery-item__overlay\"><\/div>\n\t\t\t\t\t\t\t\t\t\t\t\t\t\t<\/a>\n\t\t\t\t\t\t\t<a class=\"e-gallery-item elementor-gallery-item elementor-animated-content\" href=\"https:\/\/onevetgroup.pt\/alto-de-alges\/wp-content\/uploads\/sites\/28\/2024\/01\/1-21-scaled-e1704731056907.jpg\" data-elementor-open-lightbox=\"yes\" data-elementor-lightbox-slideshow=\"ef6a20a\" data-elementor-lightbox-title=\"1-21\" data-e-action-hash=\"#elementor-action%3Aaction%3Dlightbox%26settings%3DeyJpZCI6MTk0MTgsInVybCI6Imh0dHBzOlwvXC9vbmV2ZXRncm91cC5wdFwvYWx0by1kZS1hbGdlc1wvd3AtY29udGVudFwvdXBsb2Fkc1wvc2l0ZXNcLzI4XC8yMDI0XC8wMVwvMS0yMS1zY2FsZWQtZTE3MDQ3MzEwNTY5MDcuanBnIiwic2xpZGVzaG93IjoiZWY2YTIwYSJ9\">\n\t\t\t\t\t<div class=\"e-gallery-image elementor-gallery-item__image\" data-thumbnail=\"https:\/\/onevetgroup.pt\/alto-de-alges\/wp-content\/uploads\/sites\/28\/2024\/01\/1-21-scaled-e1704731056907-887x1024.jpg\" data-width=\"724\" data-height=\"836\" aria-label=\"\" role=\"img\" ><\/div>\n\t\t\t\t\t\t\t\t\t\t\t<div class=\"elementor-gallery-item__overlay\"><\/div>\n\t\t\t\t\t\t\t\t\t\t\t\t\t\t<\/a>\n\t\t\t\t\t<\/div>\n\t\t\t\t\t<\/div>\n\t\t\t\t<\/div>\n\t\t\t\t\t<\/div>\n\t\t<\/div>\n\t\t\t\t\t<\/div>\n\t\t<\/section>\n\t\t\t\t<\/div>\n\t\t","protected":false},"excerpt":{"rendered":"<p>Onevet Cl\u00ednica Veterin\u00e1ria Alto de Alg\u00e9s com Urg\u00eancias 24h, assegurado pelo Hospital Veterin\u00e1rio de Cascais (HVCV) ou pelo Hospital Veterin\u00e1rio de Berna (HVBN) H\u00e1 17 anos fazemos o que mais gostamos: conhecer e ajudar o seu amigo de 4 patas. A Onevet Cl\u00ednica Veterin\u00e1ria Alto de Alg\u00e9s foi fundado no ano de 2007, e desde &hellip; <\/p>\n","protected":false},"author":1,"featured_media":0,"parent":0,"menu_order":0,"comment_status":"closed","ping_status":"closed","template":"page-fullwidth.php","meta":{"_acf_changed":false,"content-type":"","footnotes":""},"class_list":["post-14008","page","type-page","status-publish","hentry"],"acf":[],"yoast_head":"<!-- This site is optimized with the Yoast SEO plugin v27.4 - https:\/\/yoast.com\/product\/yoast-seo-wordpress\/ -->\n<title>Sobre N\u00f3s - Alto de Alges<\/title>\n<meta name=\"robots\" content=\"index, follow, max-snippet:-1, max-image-preview:large, max-video-preview:-1\" \/>\n<link rel=\"canonical\" href=\"https:\/\/onevetgroup.pt\/alto-de-alges\/sobre-nos\/\" \/>\n<meta property=\"og:locale\" content=\"pt_PT\" \/>\n<meta property=\"og:type\" content=\"article\" \/>\n<meta property=\"og:title\" content=\"Sobre N\u00f3s - Alto de Alges\" \/>\n<meta property=\"og:description\" content=\"Onevet Cl\u00ednica Veterin\u00e1ria Alto de Alg\u00e9s com Urg\u00eancias 24h, assegurado pelo Hospital Veterin\u00e1rio de Cascais (HVCV) ou pelo Hospital Veterin\u00e1rio de Berna (HVBN) H\u00e1 17 anos fazemos o que mais gostamos: conhecer e ajudar o seu amigo de 4 patas. A Onevet Cl\u00ednica Veterin\u00e1ria Alto de Alg\u00e9s foi fundado no ano de 2007, e desde &hellip;\" \/>\n<meta property=\"og:url\" content=\"https:\/\/onevetgroup.pt\/alto-de-alges\/sobre-nos\/\" \/>\n<meta property=\"og:site_name\" content=\"Alto de Alges\" \/>\n<meta property=\"article:modified_time\" content=\"2024-01-08T16:37:22+00:00\" \/>\n<meta property=\"og:image\" content=\"https:\/\/onevetgroup.pt\/alto-de-alges\/wp-content\/uploads\/sites\/28\/2024\/01\/1-4-1-1-786x524.jpg\" \/>\n<meta name=\"twitter:card\" content=\"summary_large_image\" \/>\n<meta name=\"twitter:label1\" content=\"Tempo estimado de leitura\" \/>\n\t<meta name=\"twitter:data1\" content=\"1 minuto\" \/>\n<script type=\"application\/ld+json\" class=\"yoast-schema-graph\">{\"@context\":\"https:\\\/\\\/schema.org\",\"@graph\":[{\"@type\":\"WebPage\",\"@id\":\"https:\\\/\\\/onevetgroup.pt\\\/alto-de-alges\\\/sobre-nos\\\/\",\"url\":\"https:\\\/\\\/onevetgroup.pt\\\/alto-de-alges\\\/sobre-nos\\\/\",\"name\":\"Sobre N\u00f3s - Alto de Alges\",\"isPartOf\":{\"@id\":\"https:\\\/\\\/onevetgroup.pt\\\/alto-de-alges\\\/#website\"},\"primaryImageOfPage\":{\"@id\":\"https:\\\/\\\/onevetgroup.pt\\\/alto-de-alges\\\/sobre-nos\\\/#primaryimage\"},\"image\":{\"@id\":\"https:\\\/\\\/onevetgroup.pt\\\/alto-de-alges\\\/sobre-nos\\\/#primaryimage\"},\"thumbnailUrl\":\"https:\\\/\\\/onevetgroup.pt\\\/alto-de-alges\\\/wp-content\\\/uploads\\\/sites\\\/28\\\/2024\\\/01\\\/1-4-1-1-786x524.jpg\",\"datePublished\":\"2021-02-08T15:28:59+00:00\",\"dateModified\":\"2024-01-08T16:37:22+00:00\",\"breadcrumb\":{\"@id\":\"https:\\\/\\\/onevetgroup.pt\\\/alto-de-alges\\\/sobre-nos\\\/#breadcrumb\"},\"inLanguage\":\"pt-PT\",\"potentialAction\":[{\"@type\":\"ReadAction\",\"target\":[\"https:\\\/\\\/onevetgroup.pt\\\/alto-de-alges\\\/sobre-nos\\\/\"]}]},{\"@type\":\"ImageObject\",\"inLanguage\":\"pt-PT\",\"@id\":\"https:\\\/\\\/onevetgroup.pt\\\/alto-de-alges\\\/sobre-nos\\\/#primaryimage\",\"url\":\"https:\\\/\\\/onevetgroup.pt\\\/alto-de-alges\\\/wp-content\\\/uploads\\\/sites\\\/28\\\/2024\\\/01\\\/1-4-1-1-scaled.jpg\",\"contentUrl\":\"https:\\\/\\\/onevetgroup.pt\\\/alto-de-alges\\\/wp-content\\\/uploads\\\/sites\\\/28\\\/2024\\\/01\\\/1-4-1-1-scaled.jpg\",\"width\":2560,\"height\":1706},{\"@type\":\"BreadcrumbList\",\"@id\":\"https:\\\/\\\/onevetgroup.pt\\\/alto-de-alges\\\/sobre-nos\\\/#breadcrumb\",\"itemListElement\":[{\"@type\":\"ListItem\",\"position\":1,\"name\":\"Home\",\"item\":\"https:\\\/\\\/onevetgroup.pt\\\/alto-de-alges\\\/\"},{\"@type\":\"ListItem\",\"position\":2,\"name\":\"Sobre N\u00f3s\"}]},{\"@type\":\"WebSite\",\"@id\":\"https:\\\/\\\/onevetgroup.pt\\\/alto-de-alges\\\/#website\",\"url\":\"https:\\\/\\\/onevetgroup.pt\\\/alto-de-alges\\\/\",\"name\":\"Alto de Alges\",\"description\":\"Your Pets in Good Hands\",\"publisher\":{\"@id\":\"https:\\\/\\\/onevetgroup.pt\\\/alto-de-alges\\\/#organization\"},\"potentialAction\":[{\"@type\":\"SearchAction\",\"target\":{\"@type\":\"EntryPoint\",\"urlTemplate\":\"https:\\\/\\\/onevetgroup.pt\\\/alto-de-alges\\\/?s={search_term_string}\"},\"query-input\":{\"@type\":\"PropertyValueSpecification\",\"valueRequired\":true,\"valueName\":\"search_term_string\"}}],\"inLanguage\":\"pt-PT\"},{\"@type\":\"Organization\",\"@id\":\"https:\\\/\\\/onevetgroup.pt\\\/alto-de-alges\\\/#organization\",\"name\":\"Alto de Alges\",\"url\":\"https:\\\/\\\/onevetgroup.pt\\\/alto-de-alges\\\/\",\"logo\":{\"@type\":\"ImageObject\",\"inLanguage\":\"pt-PT\",\"@id\":\"https:\\\/\\\/onevetgroup.pt\\\/alto-de-alges\\\/#\\\/schema\\\/logo\\\/image\\\/\",\"url\":\"https:\\\/\\\/onevetgroup.pt\\\/alto-de-alges\\\/wp-content\\\/uploads\\\/sites\\\/28\\\/2023\\\/07\\\/cropped-onevet_cvalges_horizontal-2-e1689081264281.png\",\"contentUrl\":\"https:\\\/\\\/onevetgroup.pt\\\/alto-de-alges\\\/wp-content\\\/uploads\\\/sites\\\/28\\\/2023\\\/07\\\/cropped-onevet_cvalges_horizontal-2-e1689081264281.png\",\"width\":225,\"height\":70,\"caption\":\"Alto de Alges\"},\"image\":{\"@id\":\"https:\\\/\\\/onevetgroup.pt\\\/alto-de-alges\\\/#\\\/schema\\\/logo\\\/image\\\/\"}}]}<\/script>\n<!-- \/ Yoast SEO plugin. -->","yoast_head_json":{"title":"Sobre N\u00f3s - Alto de Alges","robots":{"index":"index","follow":"follow","max-snippet":"max-snippet:-1","max-image-preview":"max-image-preview:large","max-video-preview":"max-video-preview:-1"},"canonical":"https:\/\/onevetgroup.pt\/alto-de-alges\/sobre-nos\/","og_locale":"pt_PT","og_type":"article","og_title":"Sobre N\u00f3s - Alto de Alges","og_description":"Onevet Cl\u00ednica Veterin\u00e1ria Alto de Alg\u00e9s com Urg\u00eancias 24h, assegurado pelo Hospital Veterin\u00e1rio de Cascais (HVCV) ou pelo Hospital Veterin\u00e1rio de Berna (HVBN) H\u00e1 17 anos fazemos o que mais gostamos: conhecer e ajudar o seu amigo de 4 patas. A Onevet Cl\u00ednica Veterin\u00e1ria Alto de Alg\u00e9s foi fundado no ano de 2007, e desde &hellip;","og_url":"https:\/\/onevetgroup.pt\/alto-de-alges\/sobre-nos\/","og_site_name":"Alto de Alges","article_modified_time":"2024-01-08T16:37:22+00:00","og_image":[{"url":"https:\/\/onevetgroup.pt\/alto-de-alges\/wp-content\/uploads\/sites\/28\/2024\/01\/1-4-1-1-786x524.jpg","type":"","width":"","height":""}],"twitter_card":"summary_large_image","twitter_misc":{"Tempo estimado de leitura":"1 minuto"},"schema":{"@context":"https:\/\/schema.org","@graph":[{"@type":"WebPage","@id":"https:\/\/onevetgroup.pt\/alto-de-alges\/sobre-nos\/","url":"https:\/\/onevetgroup.pt\/alto-de-alges\/sobre-nos\/","name":"Sobre N\u00f3s - Alto de Alges","isPartOf":{"@id":"https:\/\/onevetgroup.pt\/alto-de-alges\/#website"},"primaryImageOfPage":{"@id":"https:\/\/onevetgroup.pt\/alto-de-alges\/sobre-nos\/#primaryimage"},"image":{"@id":"https:\/\/onevetgroup.pt\/alto-de-alges\/sobre-nos\/#primaryimage"},"thumbnailUrl":"https:\/\/onevetgroup.pt\/alto-de-alges\/wp-content\/uploads\/sites\/28\/2024\/01\/1-4-1-1-786x524.jpg","datePublished":"2021-02-08T15:28:59+00:00","dateModified":"2024-01-08T16:37:22+00:00","breadcrumb":{"@id":"https:\/\/onevetgroup.pt\/alto-de-alges\/sobre-nos\/#breadcrumb"},"inLanguage":"pt-PT","potentialAction":[{"@type":"ReadAction","target":["https:\/\/onevetgroup.pt\/alto-de-alges\/sobre-nos\/"]}]},{"@type":"ImageObject","inLanguage":"pt-PT","@id":"https:\/\/onevetgroup.pt\/alto-de-alges\/sobre-nos\/#primaryimage","url":"https:\/\/onevetgroup.pt\/alto-de-alges\/wp-content\/uploads\/sites\/28\/2024\/01\/1-4-1-1-scaled.jpg","contentUrl":"https:\/\/onevetgroup.pt\/alto-de-alges\/wp-content\/uploads\/sites\/28\/2024\/01\/1-4-1-1-scaled.jpg","width":2560,"height":1706},{"@type":"BreadcrumbList","@id":"https:\/\/onevetgroup.pt\/alto-de-alges\/sobre-nos\/#breadcrumb","itemListElement":[{"@type":"ListItem","position":1,"name":"Home","item":"https:\/\/onevetgroup.pt\/alto-de-alges\/"},{"@type":"ListItem","position":2,"name":"Sobre N\u00f3s"}]},{"@type":"WebSite","@id":"https:\/\/onevetgroup.pt\/alto-de-alges\/#website","url":"https:\/\/onevetgroup.pt\/alto-de-alges\/","name":"Alto de Alges","description":"Your Pets in Good Hands","publisher":{"@id":"https:\/\/onevetgroup.pt\/alto-de-alges\/#organization"},"potentialAction":[{"@type":"SearchAction","target":{"@type":"EntryPoint","urlTemplate":"https:\/\/onevetgroup.pt\/alto-de-alges\/?s={search_term_string}"},"query-input":{"@type":"PropertyValueSpecification","valueRequired":true,"valueName":"search_term_string"}}],"inLanguage":"pt-PT"},{"@type":"Organization","@id":"https:\/\/onevetgroup.pt\/alto-de-alges\/#organization","name":"Alto de Alges","url":"https:\/\/onevetgroup.pt\/alto-de-alges\/","logo":{"@type":"ImageObject","inLanguage":"pt-PT","@id":"https:\/\/onevetgroup.pt\/alto-de-alges\/#\/schema\/logo\/image\/","url":"https:\/\/onevetgroup.pt\/alto-de-alges\/wp-content\/uploads\/sites\/28\/2023\/07\/cropped-onevet_cvalges_horizontal-2-e1689081264281.png","contentUrl":"https:\/\/onevetgroup.pt\/alto-de-alges\/wp-content\/uploads\/sites\/28\/2023\/07\/cropped-onevet_cvalges_horizontal-2-e1689081264281.png","width":225,"height":70,"caption":"Alto de Alges"},"image":{"@id":"https:\/\/onevetgroup.pt\/alto-de-alges\/#\/schema\/logo\/image\/"}}]}},"_links":{"self":[{"href":"https:\/\/onevetgroup.pt\/alto-de-alges\/wp-json\/wp\/v2\/pages\/14008","targetHints":{"allow":["GET"]}}],"collection":[{"href":"https:\/\/onevetgroup.pt\/alto-de-alges\/wp-json\/wp\/v2\/pages"}],"about":[{"href":"https:\/\/onevetgroup.pt\/alto-de-alges\/wp-json\/wp\/v2\/types\/page"}],"author":[{"embeddable":true,"href":"https:\/\/onevetgroup.pt\/alto-de-alges\/wp-json\/wp\/v2\/users\/1"}],"replies":[{"embeddable":true,"href":"https:\/\/onevetgroup.pt\/alto-de-alges\/wp-json\/wp\/v2\/comments?post=14008"}],"version-history":[{"count":4,"href":"https:\/\/onevetgroup.pt\/alto-de-alges\/wp-json\/wp\/v2\/pages\/14008\/revisions"}],"predecessor-version":[{"id":19439,"href":"https:\/\/onevetgroup.pt\/alto-de-alges\/wp-json\/wp\/v2\/pages\/14008\/revisions\/19439"}],"wp:attachment":[{"href":"https:\/\/onevetgroup.pt\/alto-de-alges\/wp-json\/wp\/v2\/media?parent=14008"}],"curies":[{"name":"wp","href":"https:\/\/api.w.org\/{rel}","templated":true}]}}