{"id":17846,"date":"2022-07-01T09:40:57","date_gmt":"2022-07-01T09:40:57","guid":{"rendered":"https:\/\/onevet.pt\/alto-de-alges\/?page_id=17846"},"modified":"2024-01-08T17:14:05","modified_gmt":"2024-01-08T17:14:05","slug":"instalacoes","status":"publish","type":"page","link":"https:\/\/onevetgroup.pt\/alto-de-alges\/instalacoes\/","title":{"rendered":"Instala\u00e7\u00f5es"},"content":{"rendered":"\t\t<div data-elementor-type=\"wp-page\" data-elementor-id=\"17846\" class=\"elementor elementor-17846\" data-elementor-post-type=\"page\">\n\t\t\t\t\t\t<section class=\"elementor-section elementor-top-section elementor-element elementor-element-54cf215 pad-top-0 elementor-section-boxed elementor-section-height-default elementor-section-height-default\" data-id=\"54cf215\" data-element_type=\"section\" id=\"main-sec\" data-settings=\"{&quot;background_background&quot;:&quot;classic&quot;}\">\n\t\t\t\t\t\t<div class=\"elementor-container elementor-column-gap-wide\">\n\t\t\t\t\t<div class=\"elementor-column elementor-col-100 elementor-top-column elementor-element elementor-element-d926441\" data-id=\"d926441\" data-element_type=\"column\">\n\t\t\t<div class=\"elementor-widget-wrap elementor-element-populated\">\n\t\t\t\t\t\t<div class=\"elementor-element elementor-element-ac5c964 elementor-widget elementor-widget-text-editor\" data-id=\"ac5c964\" data-element_type=\"widget\" data-widget_type=\"text-editor.default\">\n\t\t\t\t<div class=\"elementor-widget-container\">\n\t\t\t\t\t\t\t\t\t<p>A Onevet Cl\u00ednica Veterin\u00e1ria Alto de Alg\u00e9s disp\u00f5e de uma equipa fant\u00e1stica e de instala\u00e7\u00f5es que lhe proporcionar\u00e1 um elevado n\u00edvel atendimento.<\/p>\t\t\t\t\t\t\t\t<\/div>\n\t\t\t\t<\/div>\n\t\t\t\t<section class=\"elementor-section elementor-inner-section elementor-element elementor-element-98275a1 elementor-section-boxed elementor-section-height-default elementor-section-height-default\" data-id=\"98275a1\" data-element_type=\"section\">\n\t\t\t\t\t\t<div class=\"elementor-container elementor-column-gap-default\">\n\t\t\t\t\t<div class=\"elementor-column elementor-col-50 elementor-inner-column elementor-element elementor-element-07b222c\" data-id=\"07b222c\" data-element_type=\"column\">\n\t\t\t<div class=\"elementor-widget-wrap elementor-element-populated\">\n\t\t\t\t\t\t<div class=\"elementor-element elementor-element-44b52f4 elementor-widget elementor-widget-image\" data-id=\"44b52f4\" data-element_type=\"widget\" data-widget_type=\"image.default\">\n\t\t\t\t<div class=\"elementor-widget-container\">\n\t\t\t\t\t\t\t\t\t\t\t\t\t\t\t<img fetchpriority=\"high\" width=\"2048\" height=\"1365\" class=\"attachment-2048x2048 size-2048x2048 wp-image-19458 lazy\" alt=\"\" data-src=\"https:\/\/onevetgroup.pt\/alto-de-alges\/wp-content\/uploads\/sites\/28\/2024\/01\/1-32-1-2048x1365.jpg\" data-lazy=\"https:\/\/onevetgroup.pt\/alto-de-alges\/wp-content\/uploads\/sites\/28\/2024\/01\/1-32-1-2048x1365.jpg\" \/>\t\t\t\t\t\t\t\t\t\t\t\t\t\t\t<\/div>\n\t\t\t\t<\/div>\n\t\t\t\t\t<\/div>\n\t\t<\/div>\n\t\t\t\t<div class=\"elementor-column elementor-col-50 elementor-inner-column elementor-element elementor-element-e32254f\" data-id=\"e32254f\" data-element_type=\"column\">\n\t\t\t<div class=\"elementor-widget-wrap elementor-element-populated\">\n\t\t\t\t\t\t<div class=\"elementor-element elementor-element-6494dd8 elementor-widget elementor-widget-text-editor\" data-id=\"6494dd8\" data-element_type=\"widget\" data-widget_type=\"text-editor.default\">\n\t\t\t\t<div class=\"elementor-widget-container\">\n\t\t\t\t\t\t\t\t\t<p>A nossa cl\u00ednica oferece atendimento a animais dom\u00e9sticos (c\u00e3es e gatos). Com uma equipa de M\u00e9dicos Veterin\u00e1rios que prima pelo atendimento personalizado e o conhecimento de cada animal e das suas necessidades.<\/p><p>A Onevet Cl\u00ednica Veterin\u00e1ria Alto de Alg\u00e9s \u00e9 um centro de atendimento dedicado \u00e0 medicina preventiva e de primeira opini\u00e3o Integra\u00e7\u00e3o num grupo de cl\u00ednicas e hospitais com partilha interna de historial cl\u00ednico e de conhecimentos m\u00e9dicos em v\u00e1rias especialidades.<\/p><p>Apostamos principalmente na medicina preventiva, de forma a proporcionar uma vida melhor e mais longa para o seu animal.<\/p>\t\t\t\t\t\t\t\t<\/div>\n\t\t\t\t<\/div>\n\t\t\t\t\t<\/div>\n\t\t<\/div>\n\t\t\t\t\t<\/div>\n\t\t<\/section>\n\t\t\t\t<section class=\"elementor-section elementor-inner-section elementor-element elementor-element-dde928b elementor-section-boxed elementor-section-height-default elementor-section-height-default\" data-id=\"dde928b\" data-element_type=\"section\">\n\t\t\t\t\t\t<div class=\"elementor-container elementor-column-gap-default\">\n\t\t\t\t\t<div class=\"elementor-column elementor-col-50 elementor-inner-column elementor-element elementor-element-cc2bfd3\" data-id=\"cc2bfd3\" data-element_type=\"column\">\n\t\t\t<div class=\"elementor-widget-wrap elementor-element-populated\">\n\t\t\t\t\t\t<div class=\"elementor-element elementor-element-ad87997 elementor-align-center elementor-widget elementor-widget-button\" data-id=\"ad87997\" data-element_type=\"widget\" data-widget_type=\"button.default\">\n\t\t\t\t<div class=\"elementor-widget-container\">\n\t\t\t\t\t\t\t\t\t<div class=\"elementor-button-wrapper\">\n\t\t\t\t\t<a class=\"elementor-button elementor-button-link elementor-size-sm\" href=\"\/alto-de-alges\/a-nossa-equipa\/\">\n\t\t\t\t\t\t<span class=\"elementor-button-content-wrapper\">\n\t\t\t\t\t\t\t\t\t<span class=\"elementor-button-text\">A Nossa Equipa<\/span>\n\t\t\t\t\t<\/span>\n\t\t\t\t\t<\/a>\n\t\t\t\t<\/div>\n\t\t\t\t\t\t\t\t<\/div>\n\t\t\t\t<\/div>\n\t\t\t\t\t<\/div>\n\t\t<\/div>\n\t\t\t\t<div class=\"elementor-column elementor-col-50 elementor-inner-column elementor-element elementor-element-5abf707\" data-id=\"5abf707\" data-element_type=\"column\">\n\t\t\t<div class=\"elementor-widget-wrap elementor-element-populated\">\n\t\t\t\t\t\t<div class=\"elementor-element elementor-element-48e57d7 elementor-align-center elementor-widget elementor-widget-button\" data-id=\"48e57d7\" data-element_type=\"widget\" data-widget_type=\"button.default\">\n\t\t\t\t<div class=\"elementor-widget-container\">\n\t\t\t\t\t\t\t\t\t<div class=\"elementor-button-wrapper\">\n\t\t\t\t\t<a class=\"elementor-button elementor-button-link elementor-size-sm\" href=\"\/alto-de-alges\/servicos-veterinarios\/\">\n\t\t\t\t\t\t<span class=\"elementor-button-content-wrapper\">\n\t\t\t\t\t\t\t\t\t<span class=\"elementor-button-text\">Servi\u00e7os Veterin\u00e1rios<\/span>\n\t\t\t\t\t<\/span>\n\t\t\t\t\t<\/a>\n\t\t\t\t<\/div>\n\t\t\t\t\t\t\t\t<\/div>\n\t\t\t\t<\/div>\n\t\t\t\t\t<\/div>\n\t\t<\/div>\n\t\t\t\t\t<\/div>\n\t\t<\/section>\n\t\t\t\t\t<\/div>\n\t\t<\/div>\n\t\t\t\t\t<\/div>\n\t\t<\/section>\n\t\t\t\t<section class=\"elementor-section elementor-top-section elementor-element elementor-element-461daec elementor-section-boxed elementor-section-height-default elementor-section-height-default\" data-id=\"461daec\" data-element_type=\"section\">\n\t\t\t\t\t\t<div class=\"elementor-container elementor-column-gap-default\">\n\t\t\t\t\t<div class=\"elementor-column elementor-col-100 elementor-top-column elementor-element elementor-element-5f2bdae\" data-id=\"5f2bdae\" data-element_type=\"column\">\n\t\t\t<div class=\"elementor-widget-wrap elementor-element-populated\">\n\t\t\t\t\t\t<div class=\"elementor-element elementor-element-0f54842 elementor-widget elementor-widget-gallery\" data-id=\"0f54842\" data-element_type=\"widget\" data-settings=\"{&quot;columns&quot;:&quot;3&quot;,&quot;aspect_ratio&quot;:&quot;1:1&quot;,&quot;lazyload&quot;:&quot;yes&quot;,&quot;gallery_layout&quot;:&quot;grid&quot;,&quot;columns_tablet&quot;:2,&quot;columns_mobile&quot;:1,&quot;gap&quot;:{&quot;unit&quot;:&quot;px&quot;,&quot;size&quot;:10,&quot;sizes&quot;:[]},&quot;gap_tablet&quot;:{&quot;unit&quot;:&quot;px&quot;,&quot;size&quot;:10,&quot;sizes&quot;:[]},&quot;gap_mobile&quot;:{&quot;unit&quot;:&quot;px&quot;,&quot;size&quot;:10,&quot;sizes&quot;:[]},&quot;link_to&quot;:&quot;file&quot;,&quot;overlay_background&quot;:&quot;yes&quot;,&quot;content_hover_animation&quot;:&quot;fade-in&quot;}\" data-widget_type=\"gallery.default\">\n\t\t\t\t<div class=\"elementor-widget-container\">\n\t\t\t\t\t\t\t<div class=\"elementor-gallery__container\">\n\t\t\t\t\t\t\t<a class=\"e-gallery-item elementor-gallery-item elementor-animated-content\" href=\"https:\/\/onevetgroup.pt\/alto-de-alges\/wp-content\/uploads\/sites\/28\/2024\/01\/1-38-scaled.jpg\" data-elementor-open-lightbox=\"yes\" data-elementor-lightbox-slideshow=\"0f54842\" data-elementor-lightbox-title=\"1-38\" data-e-action-hash=\"#elementor-action%3Aaction%3Dlightbox%26settings%3DeyJpZCI6MTkzOTgsInVybCI6Imh0dHBzOlwvXC9vbmV2ZXRncm91cC5wdFwvYWx0by1kZS1hbGdlc1wvd3AtY29udGVudFwvdXBsb2Fkc1wvc2l0ZXNcLzI4XC8yMDI0XC8wMVwvMS0zOC1zY2FsZWQuanBnIiwic2xpZGVzaG93IjoiMGY1NDg0MiJ9\">\n\t\t\t\t\t<div class=\"e-gallery-image elementor-gallery-item__image\" data-thumbnail=\"https:\/\/onevetgroup.pt\/alto-de-alges\/wp-content\/uploads\/sites\/28\/2024\/01\/1-38-1024x683.jpg\" data-width=\"724\" data-height=\"483\" aria-label=\"\" role=\"img\" ><\/div>\n\t\t\t\t\t\t\t\t\t\t\t<div class=\"elementor-gallery-item__overlay\"><\/div>\n\t\t\t\t\t\t\t\t\t\t\t\t\t\t<\/a>\n\t\t\t\t\t\t\t<a class=\"e-gallery-item elementor-gallery-item elementor-animated-content\" href=\"https:\/\/onevetgroup.pt\/alto-de-alges\/wp-content\/uploads\/sites\/28\/2024\/01\/1-36-scaled.jpg\" data-elementor-open-lightbox=\"yes\" data-elementor-lightbox-slideshow=\"0f54842\" data-elementor-lightbox-title=\"1-36\" data-e-action-hash=\"#elementor-action%3Aaction%3Dlightbox%26settings%3DeyJpZCI6MTkzOTAsInVybCI6Imh0dHBzOlwvXC9vbmV2ZXRncm91cC5wdFwvYWx0by1kZS1hbGdlc1wvd3AtY29udGVudFwvdXBsb2Fkc1wvc2l0ZXNcLzI4XC8yMDI0XC8wMVwvMS0zNi1zY2FsZWQuanBnIiwic2xpZGVzaG93IjoiMGY1NDg0MiJ9\">\n\t\t\t\t\t<div class=\"e-gallery-image elementor-gallery-item__image\" data-thumbnail=\"https:\/\/onevetgroup.pt\/alto-de-alges\/wp-content\/uploads\/sites\/28\/2024\/01\/1-36-1024x683.jpg\" data-width=\"724\" data-height=\"483\" aria-label=\"\" role=\"img\" ><\/div>\n\t\t\t\t\t\t\t\t\t\t\t<div class=\"elementor-gallery-item__overlay\"><\/div>\n\t\t\t\t\t\t\t\t\t\t\t\t\t\t<\/a>\n\t\t\t\t\t\t\t<a class=\"e-gallery-item elementor-gallery-item elementor-animated-content\" href=\"https:\/\/onevetgroup.pt\/alto-de-alges\/wp-content\/uploads\/sites\/28\/2024\/01\/1-32-1-scaled.jpg\" data-elementor-open-lightbox=\"yes\" data-elementor-lightbox-slideshow=\"0f54842\" data-elementor-lightbox-title=\"1-32 (1)\" data-e-action-hash=\"#elementor-action%3Aaction%3Dlightbox%26settings%3DeyJpZCI6MTk0NTgsInVybCI6Imh0dHBzOlwvXC9vbmV2ZXRncm91cC5wdFwvYWx0by1kZS1hbGdlc1wvd3AtY29udGVudFwvdXBsb2Fkc1wvc2l0ZXNcLzI4XC8yMDI0XC8wMVwvMS0zMi0xLXNjYWxlZC5qcGciLCJzbGlkZXNob3ciOiIwZjU0ODQyIn0%3D\">\n\t\t\t\t\t<div class=\"e-gallery-image elementor-gallery-item__image\" data-thumbnail=\"https:\/\/onevetgroup.pt\/alto-de-alges\/wp-content\/uploads\/sites\/28\/2024\/01\/1-32-1-1024x683.jpg\" data-width=\"724\" data-height=\"483\" aria-label=\"\" role=\"img\" ><\/div>\n\t\t\t\t\t\t\t\t\t\t\t<div class=\"elementor-gallery-item__overlay\"><\/div>\n\t\t\t\t\t\t\t\t\t\t\t\t\t\t<\/a>\n\t\t\t\t\t\t\t<a class=\"e-gallery-item elementor-gallery-item elementor-animated-content\" href=\"https:\/\/onevetgroup.pt\/alto-de-alges\/wp-content\/uploads\/sites\/28\/2024\/01\/1-40-scaled.jpg\" data-elementor-open-lightbox=\"yes\" data-elementor-lightbox-slideshow=\"0f54842\" data-elementor-lightbox-title=\"1-40\" data-e-action-hash=\"#elementor-action%3Aaction%3Dlightbox%26settings%3DeyJpZCI6MTk0MjksInVybCI6Imh0dHBzOlwvXC9vbmV2ZXRncm91cC5wdFwvYWx0by1kZS1hbGdlc1wvd3AtY29udGVudFwvdXBsb2Fkc1wvc2l0ZXNcLzI4XC8yMDI0XC8wMVwvMS00MC1zY2FsZWQuanBnIiwic2xpZGVzaG93IjoiMGY1NDg0MiJ9\">\n\t\t\t\t\t<div class=\"e-gallery-image elementor-gallery-item__image\" data-thumbnail=\"https:\/\/onevetgroup.pt\/alto-de-alges\/wp-content\/uploads\/sites\/28\/2024\/01\/1-40-1024x683.jpg\" data-width=\"724\" data-height=\"483\" aria-label=\"\" role=\"img\" ><\/div>\n\t\t\t\t\t\t\t\t\t\t\t<div class=\"elementor-gallery-item__overlay\"><\/div>\n\t\t\t\t\t\t\t\t\t\t\t\t\t\t<\/a>\n\t\t\t\t\t\t\t<a class=\"e-gallery-item elementor-gallery-item elementor-animated-content\" href=\"https:\/\/onevetgroup.pt\/alto-de-alges\/wp-content\/uploads\/sites\/28\/2024\/01\/1-31-scaled.jpg\" data-elementor-open-lightbox=\"yes\" data-elementor-lightbox-slideshow=\"0f54842\" data-elementor-lightbox-title=\"1-31\" data-e-action-hash=\"#elementor-action%3Aaction%3Dlightbox%26settings%3DeyJpZCI6MTk0MDYsInVybCI6Imh0dHBzOlwvXC9vbmV2ZXRncm91cC5wdFwvYWx0by1kZS1hbGdlc1wvd3AtY29udGVudFwvdXBsb2Fkc1wvc2l0ZXNcLzI4XC8yMDI0XC8wMVwvMS0zMS1zY2FsZWQuanBnIiwic2xpZGVzaG93IjoiMGY1NDg0MiJ9\">\n\t\t\t\t\t<div class=\"e-gallery-image elementor-gallery-item__image\" data-thumbnail=\"https:\/\/onevetgroup.pt\/alto-de-alges\/wp-content\/uploads\/sites\/28\/2024\/01\/1-31-1024x683.jpg\" data-width=\"724\" data-height=\"483\" aria-label=\"\" role=\"img\" ><\/div>\n\t\t\t\t\t\t\t\t\t\t\t<div class=\"elementor-gallery-item__overlay\"><\/div>\n\t\t\t\t\t\t\t\t\t\t\t\t\t\t<\/a>\n\t\t\t\t\t\t\t<a class=\"e-gallery-item elementor-gallery-item elementor-animated-content\" href=\"https:\/\/onevetgroup.pt\/alto-de-alges\/wp-content\/uploads\/sites\/28\/2024\/01\/1-35-scaled.jpg\" data-elementor-open-lightbox=\"yes\" data-elementor-lightbox-slideshow=\"0f54842\" data-elementor-lightbox-title=\"1-35\" data-e-action-hash=\"#elementor-action%3Aaction%3Dlightbox%26settings%3DeyJpZCI6MTk0MDQsInVybCI6Imh0dHBzOlwvXC9vbmV2ZXRncm91cC5wdFwvYWx0by1kZS1hbGdlc1wvd3AtY29udGVudFwvdXBsb2Fkc1wvc2l0ZXNcLzI4XC8yMDI0XC8wMVwvMS0zNS1zY2FsZWQuanBnIiwic2xpZGVzaG93IjoiMGY1NDg0MiJ9\">\n\t\t\t\t\t<div class=\"e-gallery-image elementor-gallery-item__image\" data-thumbnail=\"https:\/\/onevetgroup.pt\/alto-de-alges\/wp-content\/uploads\/sites\/28\/2024\/01\/1-35-1024x683.jpg\" data-width=\"724\" data-height=\"483\" aria-label=\"\" role=\"img\" ><\/div>\n\t\t\t\t\t\t\t\t\t\t\t<div class=\"elementor-gallery-item__overlay\"><\/div>\n\t\t\t\t\t\t\t\t\t\t\t\t\t\t<\/a>\n\t\t\t\t\t<\/div>\n\t\t\t\t\t<\/div>\n\t\t\t\t<\/div>\n\t\t\t\t\t<\/div>\n\t\t<\/div>\n\t\t\t\t\t<\/div>\n\t\t<\/section>\n\t\t\t\t<\/div>\n\t\t","protected":false},"excerpt":{"rendered":"<p>A Onevet Cl\u00ednica Veterin\u00e1ria Alto de Alg\u00e9s disp\u00f5e de uma equipa fant\u00e1stica e de instala\u00e7\u00f5es que lhe proporcionar\u00e1 um elevado n\u00edvel atendimento. A nossa cl\u00ednica oferece atendimento a animais dom\u00e9sticos (c\u00e3es e gatos). Com uma equipa de M\u00e9dicos Veterin\u00e1rios que prima pelo atendimento personalizado e o conhecimento de cada animal e das suas necessidades. A &hellip; <\/p>\n","protected":false},"author":61,"featured_media":0,"parent":0,"menu_order":0,"comment_status":"closed","ping_status":"closed","template":"page-fullwidth.php","meta":{"_acf_changed":false,"content-type":"","footnotes":""},"class_list":["post-17846","page","type-page","status-publish","hentry"],"acf":[],"yoast_head":"<!-- This site is optimized with the Yoast SEO plugin v26.2 - https:\/\/yoast.com\/wordpress\/plugins\/seo\/ -->\n<title>Instala\u00e7\u00f5es - Alto de Alges<\/title>\n<meta name=\"robots\" content=\"index, follow, max-snippet:-1, max-image-preview:large, max-video-preview:-1\" \/>\n<link rel=\"canonical\" href=\"https:\/\/onevetgroup.pt\/alto-de-alges\/instalacoes\/\" \/>\n<meta property=\"og:locale\" content=\"pt_PT\" \/>\n<meta property=\"og:type\" content=\"article\" \/>\n<meta property=\"og:title\" content=\"Instala\u00e7\u00f5es - Alto de Alges\" \/>\n<meta property=\"og:description\" content=\"A Onevet Cl\u00ednica Veterin\u00e1ria Alto de Alg\u00e9s disp\u00f5e de uma equipa fant\u00e1stica e de instala\u00e7\u00f5es que lhe proporcionar\u00e1 um elevado n\u00edvel atendimento. A nossa cl\u00ednica oferece atendimento a animais dom\u00e9sticos (c\u00e3es e gatos). Com uma equipa de M\u00e9dicos Veterin\u00e1rios que prima pelo atendimento personalizado e o conhecimento de cada animal e das suas necessidades. A &hellip;\" \/>\n<meta property=\"og:url\" content=\"https:\/\/onevetgroup.pt\/alto-de-alges\/instalacoes\/\" \/>\n<meta property=\"og:site_name\" content=\"Alto de Alges\" \/>\n<meta property=\"article:modified_time\" content=\"2024-01-08T17:14:05+00:00\" \/>\n<meta property=\"og:image\" content=\"https:\/\/onevetgroup.pt\/alto-de-alges\/wp-content\/uploads\/sites\/28\/2024\/01\/1-32-1-2048x1365.jpg\" \/>\n<meta name=\"twitter:card\" content=\"summary_large_image\" \/>\n<meta name=\"twitter:label1\" content=\"Tempo estimado de leitura\" \/>\n\t<meta name=\"twitter:data1\" content=\"1 minuto\" \/>\n<script type=\"application\/ld+json\" class=\"yoast-schema-graph\">{\"@context\":\"https:\/\/schema.org\",\"@graph\":[{\"@type\":\"WebPage\",\"@id\":\"https:\/\/onevetgroup.pt\/alto-de-alges\/instalacoes\/\",\"url\":\"https:\/\/onevetgroup.pt\/alto-de-alges\/instalacoes\/\",\"name\":\"Instala\u00e7\u00f5es - Alto de Alges\",\"isPartOf\":{\"@id\":\"https:\/\/onevetgroup.pt\/alto-de-alges\/#website\"},\"primaryImageOfPage\":{\"@id\":\"https:\/\/onevetgroup.pt\/alto-de-alges\/instalacoes\/#primaryimage\"},\"image\":{\"@id\":\"https:\/\/onevetgroup.pt\/alto-de-alges\/instalacoes\/#primaryimage\"},\"thumbnailUrl\":\"https:\/\/onevetgroup.pt\/alto-de-alges\/wp-content\/uploads\/sites\/28\/2024\/01\/1-32-1-2048x1365.jpg\",\"datePublished\":\"2022-07-01T09:40:57+00:00\",\"dateModified\":\"2024-01-08T17:14:05+00:00\",\"breadcrumb\":{\"@id\":\"https:\/\/onevetgroup.pt\/alto-de-alges\/instalacoes\/#breadcrumb\"},\"inLanguage\":\"pt-PT\",\"potentialAction\":[{\"@type\":\"ReadAction\",\"target\":[\"https:\/\/onevetgroup.pt\/alto-de-alges\/instalacoes\/\"]}]},{\"@type\":\"ImageObject\",\"inLanguage\":\"pt-PT\",\"@id\":\"https:\/\/onevetgroup.pt\/alto-de-alges\/instalacoes\/#primaryimage\",\"url\":\"https:\/\/onevetgroup.pt\/alto-de-alges\/wp-content\/uploads\/sites\/28\/2024\/01\/1-32-1-scaled.jpg\",\"contentUrl\":\"https:\/\/onevetgroup.pt\/alto-de-alges\/wp-content\/uploads\/sites\/28\/2024\/01\/1-32-1-scaled.jpg\",\"width\":2560,\"height\":1706},{\"@type\":\"BreadcrumbList\",\"@id\":\"https:\/\/onevetgroup.pt\/alto-de-alges\/instalacoes\/#breadcrumb\",\"itemListElement\":[{\"@type\":\"ListItem\",\"position\":1,\"name\":\"Home\",\"item\":\"https:\/\/onevetgroup.pt\/alto-de-alges\/\"},{\"@type\":\"ListItem\",\"position\":2,\"name\":\"Instala\u00e7\u00f5es\"}]},{\"@type\":\"WebSite\",\"@id\":\"https:\/\/onevetgroup.pt\/alto-de-alges\/#website\",\"url\":\"https:\/\/onevetgroup.pt\/alto-de-alges\/\",\"name\":\"Alto de Alges\",\"description\":\"Your Pets in Good Hands\",\"publisher\":{\"@id\":\"https:\/\/onevetgroup.pt\/alto-de-alges\/#organization\"},\"potentialAction\":[{\"@type\":\"SearchAction\",\"target\":{\"@type\":\"EntryPoint\",\"urlTemplate\":\"https:\/\/onevetgroup.pt\/alto-de-alges\/?s={search_term_string}\"},\"query-input\":{\"@type\":\"PropertyValueSpecification\",\"valueRequired\":true,\"valueName\":\"search_term_string\"}}],\"inLanguage\":\"pt-PT\"},{\"@type\":\"Organization\",\"@id\":\"https:\/\/onevetgroup.pt\/alto-de-alges\/#organization\",\"name\":\"Alto de Alges\",\"url\":\"https:\/\/onevetgroup.pt\/alto-de-alges\/\",\"logo\":{\"@type\":\"ImageObject\",\"inLanguage\":\"pt-PT\",\"@id\":\"https:\/\/onevetgroup.pt\/alto-de-alges\/#\/schema\/logo\/image\/\",\"url\":\"https:\/\/onevetgroup.pt\/alto-de-alges\/wp-content\/uploads\/sites\/28\/2023\/07\/cropped-onevet_cvalges_horizontal-2-e1689081264281.png\",\"contentUrl\":\"https:\/\/onevetgroup.pt\/alto-de-alges\/wp-content\/uploads\/sites\/28\/2023\/07\/cropped-onevet_cvalges_horizontal-2-e1689081264281.png\",\"width\":225,\"height\":70,\"caption\":\"Alto de Alges\"},\"image\":{\"@id\":\"https:\/\/onevetgroup.pt\/alto-de-alges\/#\/schema\/logo\/image\/\"}}]}<\/script>\n<!-- \/ Yoast SEO plugin. -->","yoast_head_json":{"title":"Instala\u00e7\u00f5es - Alto de Alges","robots":{"index":"index","follow":"follow","max-snippet":"max-snippet:-1","max-image-preview":"max-image-preview:large","max-video-preview":"max-video-preview:-1"},"canonical":"https:\/\/onevetgroup.pt\/alto-de-alges\/instalacoes\/","og_locale":"pt_PT","og_type":"article","og_title":"Instala\u00e7\u00f5es - Alto de Alges","og_description":"A Onevet Cl\u00ednica Veterin\u00e1ria Alto de Alg\u00e9s disp\u00f5e de uma equipa fant\u00e1stica e de instala\u00e7\u00f5es que lhe proporcionar\u00e1 um elevado n\u00edvel atendimento. A nossa cl\u00ednica oferece atendimento a animais dom\u00e9sticos (c\u00e3es e gatos). Com uma equipa de M\u00e9dicos Veterin\u00e1rios que prima pelo atendimento personalizado e o conhecimento de cada animal e das suas necessidades. A &hellip;","og_url":"https:\/\/onevetgroup.pt\/alto-de-alges\/instalacoes\/","og_site_name":"Alto de Alges","article_modified_time":"2024-01-08T17:14:05+00:00","og_image":[{"url":"https:\/\/onevetgroup.pt\/alto-de-alges\/wp-content\/uploads\/sites\/28\/2024\/01\/1-32-1-2048x1365.jpg","type":"","width":"","height":""}],"twitter_card":"summary_large_image","twitter_misc":{"Tempo estimado de leitura":"1 minuto"},"schema":{"@context":"https:\/\/schema.org","@graph":[{"@type":"WebPage","@id":"https:\/\/onevetgroup.pt\/alto-de-alges\/instalacoes\/","url":"https:\/\/onevetgroup.pt\/alto-de-alges\/instalacoes\/","name":"Instala\u00e7\u00f5es - Alto de Alges","isPartOf":{"@id":"https:\/\/onevetgroup.pt\/alto-de-alges\/#website"},"primaryImageOfPage":{"@id":"https:\/\/onevetgroup.pt\/alto-de-alges\/instalacoes\/#primaryimage"},"image":{"@id":"https:\/\/onevetgroup.pt\/alto-de-alges\/instalacoes\/#primaryimage"},"thumbnailUrl":"https:\/\/onevetgroup.pt\/alto-de-alges\/wp-content\/uploads\/sites\/28\/2024\/01\/1-32-1-2048x1365.jpg","datePublished":"2022-07-01T09:40:57+00:00","dateModified":"2024-01-08T17:14:05+00:00","breadcrumb":{"@id":"https:\/\/onevetgroup.pt\/alto-de-alges\/instalacoes\/#breadcrumb"},"inLanguage":"pt-PT","potentialAction":[{"@type":"ReadAction","target":["https:\/\/onevetgroup.pt\/alto-de-alges\/instalacoes\/"]}]},{"@type":"ImageObject","inLanguage":"pt-PT","@id":"https:\/\/onevetgroup.pt\/alto-de-alges\/instalacoes\/#primaryimage","url":"https:\/\/onevetgroup.pt\/alto-de-alges\/wp-content\/uploads\/sites\/28\/2024\/01\/1-32-1-scaled.jpg","contentUrl":"https:\/\/onevetgroup.pt\/alto-de-alges\/wp-content\/uploads\/sites\/28\/2024\/01\/1-32-1-scaled.jpg","width":2560,"height":1706},{"@type":"BreadcrumbList","@id":"https:\/\/onevetgroup.pt\/alto-de-alges\/instalacoes\/#breadcrumb","itemListElement":[{"@type":"ListItem","position":1,"name":"Home","item":"https:\/\/onevetgroup.pt\/alto-de-alges\/"},{"@type":"ListItem","position":2,"name":"Instala\u00e7\u00f5es"}]},{"@type":"WebSite","@id":"https:\/\/onevetgroup.pt\/alto-de-alges\/#website","url":"https:\/\/onevetgroup.pt\/alto-de-alges\/","name":"Alto de Alges","description":"Your Pets in Good Hands","publisher":{"@id":"https:\/\/onevetgroup.pt\/alto-de-alges\/#organization"},"potentialAction":[{"@type":"SearchAction","target":{"@type":"EntryPoint","urlTemplate":"https:\/\/onevetgroup.pt\/alto-de-alges\/?s={search_term_string}"},"query-input":{"@type":"PropertyValueSpecification","valueRequired":true,"valueName":"search_term_string"}}],"inLanguage":"pt-PT"},{"@type":"Organization","@id":"https:\/\/onevetgroup.pt\/alto-de-alges\/#organization","name":"Alto de Alges","url":"https:\/\/onevetgroup.pt\/alto-de-alges\/","logo":{"@type":"ImageObject","inLanguage":"pt-PT","@id":"https:\/\/onevetgroup.pt\/alto-de-alges\/#\/schema\/logo\/image\/","url":"https:\/\/onevetgroup.pt\/alto-de-alges\/wp-content\/uploads\/sites\/28\/2023\/07\/cropped-onevet_cvalges_horizontal-2-e1689081264281.png","contentUrl":"https:\/\/onevetgroup.pt\/alto-de-alges\/wp-content\/uploads\/sites\/28\/2023\/07\/cropped-onevet_cvalges_horizontal-2-e1689081264281.png","width":225,"height":70,"caption":"Alto de Alges"},"image":{"@id":"https:\/\/onevetgroup.pt\/alto-de-alges\/#\/schema\/logo\/image\/"}}]}},"_links":{"self":[{"href":"https:\/\/onevetgroup.pt\/alto-de-alges\/wp-json\/wp\/v2\/pages\/17846","targetHints":{"allow":["GET"]}}],"collection":[{"href":"https:\/\/onevetgroup.pt\/alto-de-alges\/wp-json\/wp\/v2\/pages"}],"about":[{"href":"https:\/\/onevetgroup.pt\/alto-de-alges\/wp-json\/wp\/v2\/types\/page"}],"author":[{"embeddable":true,"href":"https:\/\/onevetgroup.pt\/alto-de-alges\/wp-json\/wp\/v2\/users\/61"}],"replies":[{"embeddable":true,"href":"https:\/\/onevetgroup.pt\/alto-de-alges\/wp-json\/wp\/v2\/comments?post=17846"}],"version-history":[{"count":4,"href":"https:\/\/onevetgroup.pt\/alto-de-alges\/wp-json\/wp\/v2\/pages\/17846\/revisions"}],"predecessor-version":[{"id":19464,"href":"https:\/\/onevetgroup.pt\/alto-de-alges\/wp-json\/wp\/v2\/pages\/17846\/revisions\/19464"}],"wp:attachment":[{"href":"https:\/\/onevetgroup.pt\/alto-de-alges\/wp-json\/wp\/v2\/media?parent=17846"}],"curies":[{"name":"wp","href":"https:\/\/api.w.org\/{rel}","templated":true}]}}