{"id":14008,"date":"2021-02-08T15:28:59","date_gmt":"2021-02-08T15:28:59","guid":{"rendered":"http:\/\/onevet.pt\/aveiro\/sobre-nos\/"},"modified":"2024-08-30T02:49:05","modified_gmt":"2024-08-30T02:49:05","slug":"sobre-nos","status":"publish","type":"page","link":"https:\/\/onevetgroup.pt\/aveiro\/sobre-nos\/","title":{"rendered":"Sobre N\u00f3s"},"content":{"rendered":"\t\t<div data-elementor-type=\"wp-page\" data-elementor-id=\"14008\" class=\"elementor elementor-14008 elementor-268\" data-elementor-post-type=\"page\">\n\t\t\t\t\t\t<section class=\"elementor-section elementor-top-section elementor-element elementor-element-54cf215 pad-top-0 elementor-section-boxed elementor-section-height-default elementor-section-height-default\" data-id=\"54cf215\" data-element_type=\"section\" data-settings=\"{&quot;background_background&quot;:&quot;classic&quot;}\">\n\t\t\t\t\t\t<div class=\"elementor-container elementor-column-gap-default\">\n\t\t\t\t\t<div class=\"elementor-column elementor-col-100 elementor-top-column elementor-element elementor-element-d926441\" data-id=\"d926441\" data-element_type=\"column\">\n\t\t\t<div class=\"elementor-widget-wrap elementor-element-populated\">\n\t\t\t\t\t\t<div class=\"elementor-element elementor-element-9725bcd elementor-widget elementor-widget-section_titleleft\" data-id=\"9725bcd\" data-element_type=\"widget\" data-widget_type=\"section_titleleft.default\">\n\t\t\t\t<div class=\"elementor-widget-container\">\n\t\t\t\t\t        <div class=\"ab_text-title fl-wrap\">\r\n            <h3>Onevet Cl\u00ednica Veterin\u00e1ria de Aveiro com servi\u00e7o de Urg\u00eancias 24h (dispon\u00edvel \u00e0 chamada)<\/h3><\/h4>H\u00e1 mais de 40 anos que brindamos os nossos clientes com um diagn\u00f3stico atento, completo e com o melhor tratamento para os animais de companhia. <\/h4><span class=\"section-separator fl-sec-sep\"><\/span>        <\/div>\r\n        \t\t\t\t<\/div>\n\t\t\t\t<\/div>\n\t\t\t\t<section class=\"elementor-section elementor-inner-section elementor-element elementor-element-35814f4 elementor-section-full_width elementor-section-height-default elementor-section-height-default\" data-id=\"35814f4\" data-element_type=\"section\">\n\t\t\t\t\t\t<div class=\"elementor-container elementor-column-gap-wide\">\n\t\t\t\t\t<div class=\"elementor-column elementor-col-50 elementor-inner-column elementor-element elementor-element-7fa3f34\" data-id=\"7fa3f34\" data-element_type=\"column\">\n\t\t\t<div class=\"elementor-widget-wrap elementor-element-populated\">\n\t\t\t\t\t\t<div class=\"elementor-element elementor-element-9e79898 elementor-widget elementor-widget-image\" data-id=\"9e79898\" data-element_type=\"widget\" data-widget_type=\"image.default\">\n\t\t\t\t<div class=\"elementor-widget-container\">\n\t\t\t\t\t\t\t\t\t\t\t\t\t\t\t<img fetchpriority=\"high\" width=\"786\" height=\"524\" class=\"attachment-townhub-single-image size-townhub-single-image wp-image-19311 lazy\" alt=\"\" data-src=\"https:\/\/onevetgroup.pt\/aveiro\/wp-content\/uploads\/sites\/20\/2022\/07\/1-2-786x524.jpg\" data-lazy=\"https:\/\/onevetgroup.pt\/aveiro\/wp-content\/uploads\/sites\/20\/2022\/07\/1-2-786x524.jpg\" \/>\t\t\t\t\t\t\t\t\t\t\t\t\t\t\t<\/div>\n\t\t\t\t<\/div>\n\t\t\t\t\t<\/div>\n\t\t<\/div>\n\t\t\t\t<div class=\"elementor-column elementor-col-50 elementor-inner-column elementor-element elementor-element-202374d\" data-id=\"202374d\" data-element_type=\"column\">\n\t\t\t<div class=\"elementor-widget-wrap elementor-element-populated\">\n\t\t\t\t\t\t<div class=\"elementor-element elementor-element-3b393ce about-wrap elementor-widget elementor-widget-text-editor\" data-id=\"3b393ce\" data-element_type=\"widget\" data-widget_type=\"text-editor.default\">\n\t\t\t\t<div class=\"elementor-widget-container\">\n\t\t\t\t\t\t\t\t\t<p>A Onevet Cl\u00ednica Veterin\u00e1ria de Aveiro \u00e9 a cl\u00ednica mais antiga de Aveiro.<\/p><p>Desde a sua funda\u00e7\u00e3o, nos anos 80, que nos dedicamos \u00e0 sa\u00fade e bem-estar animal, de modo a garantir a qualidade de vida dos nossos amigos de 4 patas.<\/p><p>Temos urg\u00eancias 24h, estando sempre 1 m\u00e9dico veterin\u00e1rio dispon\u00edvel para o receber nas horas que mais necessitar.<\/p><p>A nossa unidade receber\u00e1 o seu animal de companhia ao longo de todo o ano, para um tratamento apropriado e medicina preventiva, garantindo a sua sa\u00fade para que assim possa disfrutar por muitos anos da sua companhia.<\/p>\t\t\t\t\t\t\t\t<\/div>\n\t\t\t\t<\/div>\n\t\t\t\t\t<\/div>\n\t\t<\/div>\n\t\t\t\t\t<\/div>\n\t\t<\/section>\n\t\t\t\t<section class=\"elementor-section elementor-inner-section elementor-element elementor-element-31d68ae elementor-section-boxed elementor-section-height-default elementor-section-height-default\" data-id=\"31d68ae\" data-element_type=\"section\">\n\t\t\t\t\t\t<div class=\"elementor-container elementor-column-gap-default\">\n\t\t\t\t\t<div class=\"elementor-column elementor-col-50 elementor-inner-column elementor-element elementor-element-8ddd41b\" data-id=\"8ddd41b\" data-element_type=\"column\">\n\t\t\t<div class=\"elementor-widget-wrap elementor-element-populated\">\n\t\t\t\t\t\t<div class=\"elementor-element elementor-element-c87b63e elementor-align-center elementor-widget elementor-widget-button\" data-id=\"c87b63e\" data-element_type=\"widget\" data-widget_type=\"button.default\">\n\t\t\t\t<div class=\"elementor-widget-container\">\n\t\t\t\t\t\t\t\t\t<div class=\"elementor-button-wrapper\">\n\t\t\t\t\t<a class=\"elementor-button elementor-button-link elementor-size-sm\" href=\"\/aveiro\/instalacoes\/\">\n\t\t\t\t\t\t<span class=\"elementor-button-content-wrapper\">\n\t\t\t\t\t\t\t\t\t<span class=\"elementor-button-text\">As Nossas Instala\u00e7\u00f5es<\/span>\n\t\t\t\t\t<\/span>\n\t\t\t\t\t<\/a>\n\t\t\t\t<\/div>\n\t\t\t\t\t\t\t\t<\/div>\n\t\t\t\t<\/div>\n\t\t\t\t\t<\/div>\n\t\t<\/div>\n\t\t\t\t<div class=\"elementor-column elementor-col-50 elementor-inner-column elementor-element elementor-element-d044a7e\" data-id=\"d044a7e\" data-element_type=\"column\">\n\t\t\t<div class=\"elementor-widget-wrap elementor-element-populated\">\n\t\t\t\t\t\t<div class=\"elementor-element elementor-element-75ee515 elementor-align-center elementor-widget elementor-widget-button\" data-id=\"75ee515\" data-element_type=\"widget\" data-widget_type=\"button.default\">\n\t\t\t\t<div class=\"elementor-widget-container\">\n\t\t\t\t\t\t\t\t\t<div class=\"elementor-button-wrapper\">\n\t\t\t\t\t<a class=\"elementor-button elementor-button-link elementor-size-sm\" href=\"\/aveiro\/a-nossa-equipa\/\">\n\t\t\t\t\t\t<span class=\"elementor-button-content-wrapper\">\n\t\t\t\t\t\t\t\t\t<span class=\"elementor-button-text\">A Nossa Equipa<\/span>\n\t\t\t\t\t<\/span>\n\t\t\t\t\t<\/a>\n\t\t\t\t<\/div>\n\t\t\t\t\t\t\t\t<\/div>\n\t\t\t\t<\/div>\n\t\t\t\t\t<\/div>\n\t\t<\/div>\n\t\t\t\t\t<\/div>\n\t\t<\/section>\n\t\t\t\t\t<\/div>\n\t\t<\/div>\n\t\t\t\t\t<\/div>\n\t\t<\/section>\n\t\t\t\t<section class=\"elementor-section elementor-top-section elementor-element elementor-element-1f78772 elementor-section-boxed elementor-section-height-default elementor-section-height-default\" data-id=\"1f78772\" data-element_type=\"section\">\n\t\t\t\t\t\t<div class=\"elementor-container elementor-column-gap-default\">\n\t\t\t\t\t<div class=\"elementor-column elementor-col-100 elementor-top-column elementor-element elementor-element-ade0b49\" data-id=\"ade0b49\" data-element_type=\"column\">\n\t\t\t<div class=\"elementor-widget-wrap elementor-element-populated\">\n\t\t\t\t\t\t<div class=\"elementor-element elementor-element-ef6a20a elementor-widget elementor-widget-gallery\" data-id=\"ef6a20a\" data-element_type=\"widget\" data-settings=\"{&quot;columns&quot;:&quot;3&quot;,&quot;aspect_ratio&quot;:&quot;1:1&quot;,&quot;lazyload&quot;:&quot;yes&quot;,&quot;gallery_layout&quot;:&quot;grid&quot;,&quot;columns_tablet&quot;:2,&quot;columns_mobile&quot;:1,&quot;gap&quot;:{&quot;unit&quot;:&quot;px&quot;,&quot;size&quot;:10,&quot;sizes&quot;:[]},&quot;gap_tablet&quot;:{&quot;unit&quot;:&quot;px&quot;,&quot;size&quot;:10,&quot;sizes&quot;:[]},&quot;gap_mobile&quot;:{&quot;unit&quot;:&quot;px&quot;,&quot;size&quot;:10,&quot;sizes&quot;:[]},&quot;link_to&quot;:&quot;file&quot;,&quot;overlay_background&quot;:&quot;yes&quot;,&quot;content_hover_animation&quot;:&quot;fade-in&quot;}\" data-widget_type=\"gallery.default\">\n\t\t\t\t<div class=\"elementor-widget-container\">\n\t\t\t\t\t\t\t<div class=\"elementor-gallery__container\">\n\t\t\t\t\t\t\t<a class=\"e-gallery-item elementor-gallery-item elementor-animated-content\" href=\"https:\/\/onevetgroup.pt\/aveiro\/wp-content\/uploads\/sites\/20\/2022\/07\/39-scaled-e1689327500806.jpg\" data-elementor-open-lightbox=\"yes\" data-elementor-lightbox-slideshow=\"ef6a20a\" data-elementor-lightbox-title=\"39\" data-e-action-hash=\"#elementor-action%3Aaction%3Dlightbox%26settings%3DeyJpZCI6MTkzNzYsInVybCI6Imh0dHBzOlwvXC9vbmV2ZXRncm91cC5wdFwvYXZlaXJvXC93cC1jb250ZW50XC91cGxvYWRzXC9zaXRlc1wvMjBcLzIwMjJcLzA3XC8zOS1zY2FsZWQtZTE2ODkzMjc1MDA4MDYuanBnIiwic2xpZGVzaG93IjoiZWY2YTIwYSJ9\">\n\t\t\t\t\t<div class=\"e-gallery-image elementor-gallery-item__image\" data-thumbnail=\"https:\/\/onevetgroup.pt\/aveiro\/wp-content\/uploads\/sites\/20\/2022\/07\/39-scaled-e1689327500806-867x1024.jpg\" data-width=\"724\" data-height=\"855\" aria-label=\"\" role=\"img\" ><\/div>\n\t\t\t\t\t\t\t\t\t\t\t<div class=\"elementor-gallery-item__overlay\"><\/div>\n\t\t\t\t\t\t\t\t\t\t\t\t\t\t<\/a>\n\t\t\t\t\t\t\t<a class=\"e-gallery-item elementor-gallery-item elementor-animated-content\" href=\"https:\/\/onevetgroup.pt\/aveiro\/wp-content\/uploads\/sites\/20\/2023\/07\/1123.jpg\" data-elementor-open-lightbox=\"yes\" data-elementor-lightbox-slideshow=\"ef6a20a\" data-elementor-lightbox-title=\"1123\" data-e-action-hash=\"#elementor-action%3Aaction%3Dlightbox%26settings%3DeyJpZCI6MTk1NzcsInVybCI6Imh0dHBzOlwvXC9vbmV2ZXRncm91cC5wdFwvYXZlaXJvXC93cC1jb250ZW50XC91cGxvYWRzXC9zaXRlc1wvMjBcLzIwMjNcLzA3XC8xMTIzLmpwZyIsInNsaWRlc2hvdyI6ImVmNmEyMGEifQ%3D%3D\">\n\t\t\t\t\t<div class=\"e-gallery-image elementor-gallery-item__image\" data-thumbnail=\"https:\/\/onevetgroup.pt\/aveiro\/wp-content\/uploads\/sites\/20\/2023\/07\/1123-1024x683.jpg\" data-width=\"724\" data-height=\"483\" aria-label=\"\" role=\"img\" ><\/div>\n\t\t\t\t\t\t\t\t\t\t\t<div class=\"elementor-gallery-item__overlay\"><\/div>\n\t\t\t\t\t\t\t\t\t\t\t\t\t\t<\/a>\n\t\t\t\t\t\t\t<a class=\"e-gallery-item elementor-gallery-item elementor-animated-content\" href=\"https:\/\/onevetgroup.pt\/aveiro\/wp-content\/uploads\/sites\/20\/2022\/07\/38-scaled-e1689327552425.jpg\" data-elementor-open-lightbox=\"yes\" data-elementor-lightbox-slideshow=\"ef6a20a\" data-elementor-lightbox-title=\"38\" data-e-action-hash=\"#elementor-action%3Aaction%3Dlightbox%26settings%3DeyJpZCI6MTkzNzQsInVybCI6Imh0dHBzOlwvXC9vbmV2ZXRncm91cC5wdFwvYXZlaXJvXC93cC1jb250ZW50XC91cGxvYWRzXC9zaXRlc1wvMjBcLzIwMjJcLzA3XC8zOC1zY2FsZWQtZTE2ODkzMjc1NTI0MjUuanBnIiwic2xpZGVzaG93IjoiZWY2YTIwYSJ9\">\n\t\t\t\t\t<div class=\"e-gallery-image elementor-gallery-item__image\" data-thumbnail=\"https:\/\/onevetgroup.pt\/aveiro\/wp-content\/uploads\/sites\/20\/2022\/07\/38-scaled-e1689327552425-920x1024.jpg\" data-width=\"724\" data-height=\"806\" aria-label=\"\" role=\"img\" ><\/div>\n\t\t\t\t\t\t\t\t\t\t\t<div class=\"elementor-gallery-item__overlay\"><\/div>\n\t\t\t\t\t\t\t\t\t\t\t\t\t\t<\/a>\n\t\t\t\t\t\t\t<a class=\"e-gallery-item elementor-gallery-item elementor-animated-content\" href=\"https:\/\/onevetgroup.pt\/aveiro\/wp-content\/uploads\/sites\/20\/2024\/08\/1202-e1724986051631.jpg\" data-elementor-open-lightbox=\"yes\" data-elementor-lightbox-slideshow=\"ef6a20a\" data-elementor-lightbox-title=\"1202\" data-e-action-hash=\"#elementor-action%3Aaction%3Dlightbox%26settings%3DeyJpZCI6MTk4MDksInVybCI6Imh0dHBzOlwvXC9vbmV2ZXRncm91cC5wdFwvYXZlaXJvXC93cC1jb250ZW50XC91cGxvYWRzXC9zaXRlc1wvMjBcLzIwMjRcLzA4XC8xMjAyLWUxNzI0OTg2MDUxNjMxLmpwZyIsInNsaWRlc2hvdyI6ImVmNmEyMGEifQ%3D%3D\">\n\t\t\t\t\t<div class=\"e-gallery-image elementor-gallery-item__image\" data-thumbnail=\"https:\/\/onevetgroup.pt\/aveiro\/wp-content\/uploads\/sites\/20\/2024\/08\/1202-e1724986051631-1024x891.jpg\" data-width=\"724\" data-height=\"630\" aria-label=\"\" role=\"img\" ><\/div>\n\t\t\t\t\t\t\t\t\t\t\t<div class=\"elementor-gallery-item__overlay\"><\/div>\n\t\t\t\t\t\t\t\t\t\t\t\t\t\t<\/a>\n\t\t\t\t\t\t\t<a class=\"e-gallery-item elementor-gallery-item elementor-animated-content\" href=\"https:\/\/onevetgroup.pt\/aveiro\/wp-content\/uploads\/sites\/20\/2022\/07\/36-scaled.jpg\" data-elementor-open-lightbox=\"yes\" data-elementor-lightbox-slideshow=\"ef6a20a\" data-elementor-lightbox-title=\"36\" data-e-action-hash=\"#elementor-action%3Aaction%3Dlightbox%26settings%3DeyJpZCI6MTkzNzAsInVybCI6Imh0dHBzOlwvXC9vbmV2ZXRncm91cC5wdFwvYXZlaXJvXC93cC1jb250ZW50XC91cGxvYWRzXC9zaXRlc1wvMjBcLzIwMjJcLzA3XC8zNi1zY2FsZWQuanBnIiwic2xpZGVzaG93IjoiZWY2YTIwYSJ9\">\n\t\t\t\t\t<div class=\"e-gallery-image elementor-gallery-item__image\" data-thumbnail=\"https:\/\/onevetgroup.pt\/aveiro\/wp-content\/uploads\/sites\/20\/2022\/07\/36-593x1024.jpg\" data-width=\"593\" data-height=\"1024\" aria-label=\"\" role=\"img\" ><\/div>\n\t\t\t\t\t\t\t\t\t\t\t<div class=\"elementor-gallery-item__overlay\"><\/div>\n\t\t\t\t\t\t\t\t\t\t\t\t\t\t<\/a>\n\t\t\t\t\t\t\t<a class=\"e-gallery-item elementor-gallery-item elementor-animated-content\" href=\"https:\/\/onevetgroup.pt\/aveiro\/wp-content\/uploads\/sites\/20\/2022\/07\/1313.jpg\" data-elementor-open-lightbox=\"yes\" data-elementor-lightbox-slideshow=\"ef6a20a\" data-elementor-lightbox-title=\"1313\" data-e-action-hash=\"#elementor-action%3Aaction%3Dlightbox%26settings%3DeyJpZCI6MTkzMDMsInVybCI6Imh0dHBzOlwvXC9vbmV2ZXRncm91cC5wdFwvYXZlaXJvXC93cC1jb250ZW50XC91cGxvYWRzXC9zaXRlc1wvMjBcLzIwMjJcLzA3XC8xMzEzLmpwZyIsInNsaWRlc2hvdyI6ImVmNmEyMGEifQ%3D%3D\">\n\t\t\t\t\t<div class=\"e-gallery-image elementor-gallery-item__image\" data-thumbnail=\"https:\/\/onevetgroup.pt\/aveiro\/wp-content\/uploads\/sites\/20\/2022\/07\/1313-1024x683.jpg\" data-width=\"724\" data-height=\"483\" aria-label=\"\" role=\"img\" ><\/div>\n\t\t\t\t\t\t\t\t\t\t\t<div class=\"elementor-gallery-item__overlay\"><\/div>\n\t\t\t\t\t\t\t\t\t\t\t\t\t\t<\/a>\n\t\t\t\t\t<\/div>\n\t\t\t\t\t<\/div>\n\t\t\t\t<\/div>\n\t\t\t\t\t<\/div>\n\t\t<\/div>\n\t\t\t\t\t<\/div>\n\t\t<\/section>\n\t\t\t\t<\/div>\n\t\t","protected":false},"excerpt":{"rendered":"<p>Onevet Cl\u00ednica Veterin\u00e1ria de Aveiro com servi\u00e7o de Urg\u00eancias 24h (dispon\u00edvel \u00e0 chamada) H\u00e1 mais de 40 anos que brindamos os nossos clientes com um diagn\u00f3stico atento, completo e com o melhor tratamento para os animais de companhia. A Onevet Cl\u00ednica Veterin\u00e1ria de Aveiro \u00e9 a cl\u00ednica mais antiga de Aveiro. Desde a sua funda\u00e7\u00e3o, &hellip; <\/p>\n","protected":false},"author":1,"featured_media":0,"parent":0,"menu_order":0,"comment_status":"closed","ping_status":"closed","template":"page-fullwidth.php","meta":{"_acf_changed":false,"content-type":"","footnotes":""},"class_list":["post-14008","page","type-page","status-publish","hentry"],"acf":[],"yoast_head":"<!-- This site is optimized with the Yoast SEO plugin v26.2 - https:\/\/yoast.com\/wordpress\/plugins\/seo\/ -->\n<title>Sobre N\u00f3s - Aveiro<\/title>\n<meta name=\"robots\" content=\"index, follow, max-snippet:-1, max-image-preview:large, max-video-preview:-1\" \/>\n<link rel=\"canonical\" href=\"https:\/\/onevetgroup.pt\/aveiro\/sobre-nos\/\" \/>\n<meta property=\"og:locale\" content=\"pt_PT\" \/>\n<meta property=\"og:type\" content=\"article\" \/>\n<meta property=\"og:title\" content=\"Sobre N\u00f3s - Aveiro\" \/>\n<meta property=\"og:description\" content=\"Onevet Cl\u00ednica Veterin\u00e1ria de Aveiro com servi\u00e7o de Urg\u00eancias 24h (dispon\u00edvel \u00e0 chamada) H\u00e1 mais de 40 anos que brindamos os nossos clientes com um diagn\u00f3stico atento, completo e com o melhor tratamento para os animais de companhia. A Onevet Cl\u00ednica Veterin\u00e1ria de Aveiro \u00e9 a cl\u00ednica mais antiga de Aveiro. Desde a sua funda\u00e7\u00e3o, &hellip;\" \/>\n<meta property=\"og:url\" content=\"https:\/\/onevetgroup.pt\/aveiro\/sobre-nos\/\" \/>\n<meta property=\"og:site_name\" content=\"Aveiro\" \/>\n<meta property=\"article:modified_time\" content=\"2024-08-30T02:49:05+00:00\" \/>\n<meta property=\"og:image\" content=\"https:\/\/onevetgroup.pt\/aveiro\/wp-content\/uploads\/sites\/20\/2022\/07\/1-2-786x524.jpg\" \/>\n<meta name=\"twitter:card\" content=\"summary_large_image\" \/>\n<meta name=\"twitter:label1\" content=\"Tempo estimado de leitura\" \/>\n\t<meta name=\"twitter:data1\" content=\"1 minuto\" \/>\n<script type=\"application\/ld+json\" class=\"yoast-schema-graph\">{\"@context\":\"https:\/\/schema.org\",\"@graph\":[{\"@type\":\"WebPage\",\"@id\":\"https:\/\/onevetgroup.pt\/aveiro\/sobre-nos\/\",\"url\":\"https:\/\/onevetgroup.pt\/aveiro\/sobre-nos\/\",\"name\":\"Sobre N\u00f3s - Aveiro\",\"isPartOf\":{\"@id\":\"https:\/\/onevetgroup.pt\/aveiro\/#website\"},\"primaryImageOfPage\":{\"@id\":\"https:\/\/onevetgroup.pt\/aveiro\/sobre-nos\/#primaryimage\"},\"image\":{\"@id\":\"https:\/\/onevetgroup.pt\/aveiro\/sobre-nos\/#primaryimage\"},\"thumbnailUrl\":\"https:\/\/onevetgroup.pt\/aveiro\/wp-content\/uploads\/sites\/20\/2022\/07\/1-2-786x524.jpg\",\"datePublished\":\"2021-02-08T15:28:59+00:00\",\"dateModified\":\"2024-08-30T02:49:05+00:00\",\"breadcrumb\":{\"@id\":\"https:\/\/onevetgroup.pt\/aveiro\/sobre-nos\/#breadcrumb\"},\"inLanguage\":\"pt-PT\",\"potentialAction\":[{\"@type\":\"ReadAction\",\"target\":[\"https:\/\/onevetgroup.pt\/aveiro\/sobre-nos\/\"]}]},{\"@type\":\"ImageObject\",\"inLanguage\":\"pt-PT\",\"@id\":\"https:\/\/onevetgroup.pt\/aveiro\/sobre-nos\/#primaryimage\",\"url\":\"https:\/\/onevetgroup.pt\/aveiro\/wp-content\/uploads\/sites\/20\/2022\/07\/1-2.jpg\",\"contentUrl\":\"https:\/\/onevetgroup.pt\/aveiro\/wp-content\/uploads\/sites\/20\/2022\/07\/1-2.jpg\",\"width\":1017,\"height\":679},{\"@type\":\"BreadcrumbList\",\"@id\":\"https:\/\/onevetgroup.pt\/aveiro\/sobre-nos\/#breadcrumb\",\"itemListElement\":[{\"@type\":\"ListItem\",\"position\":1,\"name\":\"Home\",\"item\":\"https:\/\/onevetgroup.pt\/aveiro\/\"},{\"@type\":\"ListItem\",\"position\":2,\"name\":\"Sobre N\u00f3s\"}]},{\"@type\":\"WebSite\",\"@id\":\"https:\/\/onevetgroup.pt\/aveiro\/#website\",\"url\":\"https:\/\/onevetgroup.pt\/aveiro\/\",\"name\":\"Aveiro\",\"description\":\"Your Pets in Good Hands\",\"publisher\":{\"@id\":\"https:\/\/onevetgroup.pt\/aveiro\/#organization\"},\"potentialAction\":[{\"@type\":\"SearchAction\",\"target\":{\"@type\":\"EntryPoint\",\"urlTemplate\":\"https:\/\/onevetgroup.pt\/aveiro\/?s={search_term_string}\"},\"query-input\":{\"@type\":\"PropertyValueSpecification\",\"valueRequired\":true,\"valueName\":\"search_term_string\"}}],\"inLanguage\":\"pt-PT\"},{\"@type\":\"Organization\",\"@id\":\"https:\/\/onevetgroup.pt\/aveiro\/#organization\",\"name\":\"Aveiro\",\"url\":\"https:\/\/onevetgroup.pt\/aveiro\/\",\"logo\":{\"@type\":\"ImageObject\",\"inLanguage\":\"pt-PT\",\"@id\":\"https:\/\/onevetgroup.pt\/aveiro\/#\/schema\/logo\/image\/\",\"url\":\"https:\/\/onevetgroup.pt\/aveiro\/wp-content\/uploads\/sites\/20\/2023\/07\/cropped-cropped-onevet_cvaveiro_horizontal-e1689064960662.png\",\"contentUrl\":\"https:\/\/onevetgroup.pt\/aveiro\/wp-content\/uploads\/sites\/20\/2023\/07\/cropped-cropped-onevet_cvaveiro_horizontal-e1689064960662.png\",\"width\":225,\"height\":70,\"caption\":\"Aveiro \"},\"image\":{\"@id\":\"https:\/\/onevetgroup.pt\/aveiro\/#\/schema\/logo\/image\/\"}}]}<\/script>\n<!-- \/ Yoast SEO plugin. -->","yoast_head_json":{"title":"Sobre N\u00f3s - Aveiro","robots":{"index":"index","follow":"follow","max-snippet":"max-snippet:-1","max-image-preview":"max-image-preview:large","max-video-preview":"max-video-preview:-1"},"canonical":"https:\/\/onevetgroup.pt\/aveiro\/sobre-nos\/","og_locale":"pt_PT","og_type":"article","og_title":"Sobre N\u00f3s - Aveiro","og_description":"Onevet Cl\u00ednica Veterin\u00e1ria de Aveiro com servi\u00e7o de Urg\u00eancias 24h (dispon\u00edvel \u00e0 chamada) H\u00e1 mais de 40 anos que brindamos os nossos clientes com um diagn\u00f3stico atento, completo e com o melhor tratamento para os animais de companhia. A Onevet Cl\u00ednica Veterin\u00e1ria de Aveiro \u00e9 a cl\u00ednica mais antiga de Aveiro. Desde a sua funda\u00e7\u00e3o, &hellip;","og_url":"https:\/\/onevetgroup.pt\/aveiro\/sobre-nos\/","og_site_name":"Aveiro","article_modified_time":"2024-08-30T02:49:05+00:00","og_image":[{"url":"https:\/\/onevetgroup.pt\/aveiro\/wp-content\/uploads\/sites\/20\/2022\/07\/1-2-786x524.jpg","type":"","width":"","height":""}],"twitter_card":"summary_large_image","twitter_misc":{"Tempo estimado de leitura":"1 minuto"},"schema":{"@context":"https:\/\/schema.org","@graph":[{"@type":"WebPage","@id":"https:\/\/onevetgroup.pt\/aveiro\/sobre-nos\/","url":"https:\/\/onevetgroup.pt\/aveiro\/sobre-nos\/","name":"Sobre N\u00f3s - Aveiro","isPartOf":{"@id":"https:\/\/onevetgroup.pt\/aveiro\/#website"},"primaryImageOfPage":{"@id":"https:\/\/onevetgroup.pt\/aveiro\/sobre-nos\/#primaryimage"},"image":{"@id":"https:\/\/onevetgroup.pt\/aveiro\/sobre-nos\/#primaryimage"},"thumbnailUrl":"https:\/\/onevetgroup.pt\/aveiro\/wp-content\/uploads\/sites\/20\/2022\/07\/1-2-786x524.jpg","datePublished":"2021-02-08T15:28:59+00:00","dateModified":"2024-08-30T02:49:05+00:00","breadcrumb":{"@id":"https:\/\/onevetgroup.pt\/aveiro\/sobre-nos\/#breadcrumb"},"inLanguage":"pt-PT","potentialAction":[{"@type":"ReadAction","target":["https:\/\/onevetgroup.pt\/aveiro\/sobre-nos\/"]}]},{"@type":"ImageObject","inLanguage":"pt-PT","@id":"https:\/\/onevetgroup.pt\/aveiro\/sobre-nos\/#primaryimage","url":"https:\/\/onevetgroup.pt\/aveiro\/wp-content\/uploads\/sites\/20\/2022\/07\/1-2.jpg","contentUrl":"https:\/\/onevetgroup.pt\/aveiro\/wp-content\/uploads\/sites\/20\/2022\/07\/1-2.jpg","width":1017,"height":679},{"@type":"BreadcrumbList","@id":"https:\/\/onevetgroup.pt\/aveiro\/sobre-nos\/#breadcrumb","itemListElement":[{"@type":"ListItem","position":1,"name":"Home","item":"https:\/\/onevetgroup.pt\/aveiro\/"},{"@type":"ListItem","position":2,"name":"Sobre N\u00f3s"}]},{"@type":"WebSite","@id":"https:\/\/onevetgroup.pt\/aveiro\/#website","url":"https:\/\/onevetgroup.pt\/aveiro\/","name":"Aveiro","description":"Your Pets in Good Hands","publisher":{"@id":"https:\/\/onevetgroup.pt\/aveiro\/#organization"},"potentialAction":[{"@type":"SearchAction","target":{"@type":"EntryPoint","urlTemplate":"https:\/\/onevetgroup.pt\/aveiro\/?s={search_term_string}"},"query-input":{"@type":"PropertyValueSpecification","valueRequired":true,"valueName":"search_term_string"}}],"inLanguage":"pt-PT"},{"@type":"Organization","@id":"https:\/\/onevetgroup.pt\/aveiro\/#organization","name":"Aveiro","url":"https:\/\/onevetgroup.pt\/aveiro\/","logo":{"@type":"ImageObject","inLanguage":"pt-PT","@id":"https:\/\/onevetgroup.pt\/aveiro\/#\/schema\/logo\/image\/","url":"https:\/\/onevetgroup.pt\/aveiro\/wp-content\/uploads\/sites\/20\/2023\/07\/cropped-cropped-onevet_cvaveiro_horizontal-e1689064960662.png","contentUrl":"https:\/\/onevetgroup.pt\/aveiro\/wp-content\/uploads\/sites\/20\/2023\/07\/cropped-cropped-onevet_cvaveiro_horizontal-e1689064960662.png","width":225,"height":70,"caption":"Aveiro "},"image":{"@id":"https:\/\/onevetgroup.pt\/aveiro\/#\/schema\/logo\/image\/"}}]}},"_links":{"self":[{"href":"https:\/\/onevetgroup.pt\/aveiro\/wp-json\/wp\/v2\/pages\/14008","targetHints":{"allow":["GET"]}}],"collection":[{"href":"https:\/\/onevetgroup.pt\/aveiro\/wp-json\/wp\/v2\/pages"}],"about":[{"href":"https:\/\/onevetgroup.pt\/aveiro\/wp-json\/wp\/v2\/types\/page"}],"author":[{"embeddable":true,"href":"https:\/\/onevetgroup.pt\/aveiro\/wp-json\/wp\/v2\/users\/1"}],"replies":[{"embeddable":true,"href":"https:\/\/onevetgroup.pt\/aveiro\/wp-json\/wp\/v2\/comments?post=14008"}],"version-history":[{"count":3,"href":"https:\/\/onevetgroup.pt\/aveiro\/wp-json\/wp\/v2\/pages\/14008\/revisions"}],"predecessor-version":[{"id":19817,"href":"https:\/\/onevetgroup.pt\/aveiro\/wp-json\/wp\/v2\/pages\/14008\/revisions\/19817"}],"wp:attachment":[{"href":"https:\/\/onevetgroup.pt\/aveiro\/wp-json\/wp\/v2\/media?parent=14008"}],"curies":[{"name":"wp","href":"https:\/\/api.w.org\/{rel}","templated":true}]}}