{"id":19162,"date":"2022-07-11T12:07:45","date_gmt":"2022-07-11T12:07:45","guid":{"rendered":"https:\/\/onevet.pt\/aveiro\/?page_id=19162"},"modified":"2025-11-12T15:49:53","modified_gmt":"2025-11-12T15:49:53","slug":"oftalmologia","status":"publish","type":"page","link":"https:\/\/onevetgroup.pt\/aveiro\/especialidades\/oftalmologia\/","title":{"rendered":"Oftalmologia"},"content":{"rendered":"\t\t<div data-elementor-type=\"wp-page\" data-elementor-id=\"19162\" class=\"elementor elementor-19162 elementor-14447\" data-elementor-post-type=\"page\">\n\t\t\t\t\t\t<section class=\"elementor-section elementor-top-section elementor-element elementor-element-d993722 elementor-section-boxed elementor-section-height-default elementor-section-height-default\" data-id=\"d993722\" data-element_type=\"section\" id=\"main-sec\">\n\t\t\t\t\t\t<div class=\"elementor-container elementor-column-gap-default\">\n\t\t\t\t\t<div class=\"elementor-column elementor-col-50 elementor-top-column elementor-element elementor-element-065811d\" data-id=\"065811d\" data-element_type=\"column\">\n\t\t\t<div class=\"elementor-widget-wrap elementor-element-populated\">\n\t\t\t\t\t\t<div class=\"elementor-element elementor-element-63d99ac elementor-widget elementor-widget-text-editor\" data-id=\"63d99ac\" data-element_type=\"widget\" data-widget_type=\"text-editor.default\">\n\t\t\t\t<div class=\"elementor-widget-container\">\n\t\t\t\t\t\t\t\t\t<p>As consultas de oftalmologia s\u00e3o quase sempre motivo de urg\u00eancia; dado que uma atua\u00e7\u00e3o atempada garante um melhor progn\u00f3stico, sinais como co\u00e7ar os olhos, ter as p\u00e1lpebras fechadas ou secre\u00e7\u00f5es oculares s\u00e3o um bom motivo para procurar um veterin\u00e1rio. Os olhos s\u00e3o estruturas muito delicadas e sens\u00edveis que permitem que o seu animal de estima\u00e7\u00e3o interaja com o ambiente que o rodeia gra\u00e7as ao sentido da vis\u00e3o.<\/p><p>O servi\u00e7o de oftalmologia do Onevet Cl\u00ednica Veterin\u00e1ria de Aveiro conta com a equipa e os materiais necess\u00e1rios a garantir o diagn\u00f3stico correto e o tratamento das doen\u00e7as oculares mais comuns.<\/p>\t\t\t\t\t\t\t\t<\/div>\n\t\t\t\t<\/div>\n\t\t\t\t\t<\/div>\n\t\t<\/div>\n\t\t\t\t<div class=\"elementor-column elementor-col-50 elementor-top-column elementor-element elementor-element-2048e61\" data-id=\"2048e61\" data-element_type=\"column\">\n\t\t\t<div class=\"elementor-widget-wrap elementor-element-populated\">\n\t\t\t\t\t\t<div class=\"elementor-element elementor-element-dc7c821 elementor-widget elementor-widget-image\" data-id=\"dc7c821\" data-element_type=\"widget\" data-widget_type=\"image.default\">\n\t\t\t\t<div class=\"elementor-widget-container\">\n\t\t\t\t\t\t\t\t\t\t\t\t\t\t\t<img fetchpriority=\"high\" width=\"724\" height=\"482\" class=\"attachment-large size-large wp-image-18630 lazy\" alt=\"\" data-src=\"https:\/\/onevetgroup.pt\/aveiro\/wp-content\/uploads\/sites\/20\/2022\/07\/Oftalmo-1.jpg\" data-lazy=\"https:\/\/onevetgroup.pt\/aveiro\/wp-content\/uploads\/sites\/20\/2022\/07\/Oftalmo-1.jpg\" \/>\t\t\t\t\t\t\t\t\t\t\t\t\t\t\t<\/div>\n\t\t\t\t<\/div>\n\t\t\t\t\t<\/div>\n\t\t<\/div>\n\t\t\t\t\t<\/div>\n\t\t<\/section>\n\t\t\t\t<section class=\"elementor-section elementor-top-section elementor-element elementor-element-c6e8d26 elementor-section-boxed elementor-section-height-default elementor-section-height-default\" data-id=\"c6e8d26\" data-element_type=\"section\">\n\t\t\t\t\t\t<div class=\"elementor-container elementor-column-gap-default\">\n\t\t\t\t\t<div class=\"elementor-column elementor-col-100 elementor-top-column elementor-element elementor-element-d92d362\" data-id=\"d92d362\" data-element_type=\"column\">\n\t\t\t<div class=\"elementor-widget-wrap elementor-element-populated\">\n\t\t\t\t\t\t<div class=\"elementor-element elementor-element-70fb1ad elementor-widget elementor-widget-section_titleleft\" data-id=\"70fb1ad\" data-element_type=\"widget\" data-widget_type=\"section_titleleft.default\">\n\t\t\t\t<div class=\"elementor-widget-container\">\n\t\t\t\t\t        <div class=\"ab_text-title fl-wrap\">\r\n            <h3>Les\u00f5es oculares mais comuns<\/h3><span class=\"section-separator fl-sec-sep\"><\/span>        <\/div>\r\n        \t\t\t\t<\/div>\n\t\t\t\t<\/div>\n\t\t\t\t\t<\/div>\n\t\t<\/div>\n\t\t\t\t\t<\/div>\n\t\t<\/section>\n\t\t\t\t<section class=\"elementor-section elementor-top-section elementor-element elementor-element-149f379 elementor-section-boxed elementor-section-height-default elementor-section-height-default\" data-id=\"149f379\" data-element_type=\"section\">\n\t\t\t\t\t\t<div class=\"elementor-container elementor-column-gap-default\">\n\t\t\t\t\t<div class=\"elementor-column elementor-col-50 elementor-top-column elementor-element elementor-element-2a8ea5b\" data-id=\"2a8ea5b\" data-element_type=\"column\">\n\t\t\t<div class=\"elementor-widget-wrap elementor-element-populated\">\n\t\t\t\t\t\t<div class=\"elementor-element elementor-element-01118fc elementor-widget elementor-widget-image\" data-id=\"01118fc\" data-element_type=\"widget\" data-widget_type=\"image.default\">\n\t\t\t\t<div class=\"elementor-widget-container\">\n\t\t\t\t\t\t\t\t\t\t\t\t\t\t\t<img width=\"658\" height=\"1024\" class=\"attachment-large size-large wp-image-14455 lazy\" alt=\"\" data-src=\"https:\/\/onevetgroup.pt\/aveiro\/wp-content\/uploads\/sites\/20\/2021\/06\/Ophthalmology-2.jpg\" data-lazy=\"https:\/\/onevetgroup.pt\/aveiro\/wp-content\/uploads\/sites\/20\/2021\/06\/Ophthalmology-2.jpg\" \/>\t\t\t\t\t\t\t\t\t\t\t\t\t\t\t<\/div>\n\t\t\t\t<\/div>\n\t\t\t\t\t<\/div>\n\t\t<\/div>\n\t\t\t\t<div class=\"elementor-column elementor-col-50 elementor-top-column elementor-element elementor-element-08b8459\" data-id=\"08b8459\" data-element_type=\"column\">\n\t\t\t<div class=\"elementor-widget-wrap elementor-element-populated\">\n\t\t\t\t\t\t<div class=\"elementor-element elementor-element-e1b240e elementor-widget elementor-widget-text-editor\" data-id=\"e1b240e\" data-element_type=\"widget\" data-widget_type=\"text-editor.default\">\n\t\t\t\t<div class=\"elementor-widget-container\">\n\t\t\t\t\t\t\t\t\t<p><strong>\u00dalceras da c\u00f3rnea<\/strong>\u00a0Nos nossos consult\u00f3rios tratamos diariamente de \u00falceras da c\u00f3rnea simples e complexas. Hoje em dia, a t\u00e9cnica de polimento da c\u00f3rnea e a aplica\u00e7\u00e3o de lentes de contacto terap\u00eauticas levam a que a resolu\u00e7\u00e3o cir\u00fargica das \u00falceras mais complicadas seja um processo mais f\u00e1cil e seguro. Em casos excecionais, para as \u00falceras profundas ou as que t\u00eam um grande risco de perfura\u00e7\u00e3o, utilizamos t\u00e9cnicas de enxerto de membrana ocular.<\/p><p><strong>Prolapso da gl\u00e2ndula lacrimal<\/strong>\u00a0ou da membrana nictitante: O prolapso da gl\u00e2ndula \u00e9 um processo muito frequente, respons\u00e1vel pela produ\u00e7\u00e3o de 40% das secre\u00e7\u00f5es aquosas da l\u00e1grima. Hoje em dia recomendamos a cirurgia para a reposicionar e evitar que perca a sua fun\u00e7\u00e3o.<\/p><p><strong>Entr\u00f3pio\/Ectr\u00f3pio:<\/strong>\u00a0Muitos dos problemas oculares que afetam os nossos animais de estima\u00e7\u00e3o devem-se a anomalias na posi\u00e7\u00e3o e forma das p\u00e1lpebras. Nos nossos consult\u00f3rios realizamos t\u00e9cnicas de corre\u00e7\u00e3o pl\u00e1stica das p\u00e1lpebras incluindo t\u00e9cnicas especiais como a cirurgia de Shar-pei, ou t\u00e9cnicas para corrigir o s\u00edndrome ocular braquiocef\u00e1lico.<\/p><p><strong>Uve\u00edte:<\/strong>\u00a0Trata-se de uma inflama\u00e7\u00e3o intraocular, que pode ser resultado de um processo externo (traumatismo, acidente) ou interno (infe\u00e7\u00e3o, neoplasia, processos de resposta imunit\u00e1ria), cujas consequ\u00eancias podem ser muito graves. Um diagn\u00f3stico correto e a defini\u00e7\u00e3o do tratamento o mais r\u00e1pido poss\u00edvel s\u00e3o fundamentais para um bom progn\u00f3stico.<\/p><p><strong>Glaucoma:<\/strong>\u00a0\u00c9 o resultado de um aumento da press\u00e3o dentro do olho, o que produz uma sintomatologia muito dolorosa e pode produzir a perda da vis\u00e3o dos nossos animais de estima\u00e7\u00e3o. Em muitos casos \u00e9 necess\u00e1rio recorrer \u00e0 cirurgia para poder controlar o processo.<\/p><p><strong>Cataratas:<\/strong>\u00a0Tal como acontece com os humanos, os nossos animais de estima\u00e7\u00e3o tamb\u00e9m podem sofrer altera\u00e7\u00f5es dos cristalinos que degenerem na forma\u00e7\u00e3o de cataratas. Nestes casos \u00e9 importante conhecer a causa das mesmas para poder realizar um estudo e recomendar a cirurgia, sempre e quando o seu animal de estima\u00e7\u00e3o tenha a possibilidade de recuperar a vis\u00e3o.<\/p><p><strong>Vis\u00e3o:<\/strong>\u00a0A perda de vis\u00e3o pode ser tempor\u00e1ria ou permanente, parcial ou total; pode ocorrer em idades diferentes e ser o resultado de doen\u00e7as diferentes. \u00c9 importante, em qualquer exame m\u00e9dico, averiguar se a vis\u00e3o do animal de estima\u00e7\u00e3o n\u00e3o representa problemas para eles. Se nota que o seu animal de estima\u00e7\u00e3o tem dificuldades de vis\u00e3o, n\u00e3o hesite em recorrer a Onevet Cl\u00ednica Veterin\u00e1ria de Aveiro.<\/p><p>Muitas das doen\u00e7as que afetam os olhos podem conduzir a uma cegueira irrevers\u00edvel ou mesmo \u00e0 perda do olho.<\/p>\t\t\t\t\t\t\t\t<\/div>\n\t\t\t\t<\/div>\n\t\t\t\t\t<\/div>\n\t\t<\/div>\n\t\t\t\t\t<\/div>\n\t\t<\/section>\n\t\t\t\t<\/div>\n\t\t","protected":false},"excerpt":{"rendered":"<p>As consultas de oftalmologia s\u00e3o quase sempre motivo de urg\u00eancia; dado que uma atua\u00e7\u00e3o atempada garante um melhor progn\u00f3stico, sinais como co\u00e7ar os olhos, ter as p\u00e1lpebras fechadas ou secre\u00e7\u00f5es oculares s\u00e3o um bom motivo para procurar um veterin\u00e1rio. Os olhos s\u00e3o estruturas muito delicadas e sens\u00edveis que permitem que o seu animal de estima\u00e7\u00e3o &hellip; <\/p>\n","protected":false},"author":61,"featured_media":0,"parent":1408,"menu_order":0,"comment_status":"closed","ping_status":"closed","template":"page-fullwidth.php","meta":{"_acf_changed":false,"content-type":"","footnotes":""},"class_list":["post-19162","page","type-page","status-publish","hentry"],"acf":[],"yoast_head":"<!-- This site is optimized with the Yoast SEO plugin v26.2 - https:\/\/yoast.com\/wordpress\/plugins\/seo\/ -->\n<title>Oftalmologia - Aveiro<\/title>\n<meta name=\"robots\" content=\"index, follow, max-snippet:-1, max-image-preview:large, max-video-preview:-1\" \/>\n<link rel=\"canonical\" href=\"https:\/\/onevetgroup.pt\/aveiro\/especialidades\/oftalmologia\/\" \/>\n<meta property=\"og:locale\" content=\"pt_PT\" \/>\n<meta property=\"og:type\" content=\"article\" \/>\n<meta property=\"og:title\" content=\"Oftalmologia - Aveiro\" \/>\n<meta property=\"og:description\" content=\"As consultas de oftalmologia s\u00e3o quase sempre motivo de urg\u00eancia; dado que uma atua\u00e7\u00e3o atempada garante um melhor progn\u00f3stico, sinais como co\u00e7ar os olhos, ter as p\u00e1lpebras fechadas ou secre\u00e7\u00f5es oculares s\u00e3o um bom motivo para procurar um veterin\u00e1rio. Os olhos s\u00e3o estruturas muito delicadas e sens\u00edveis que permitem que o seu animal de estima\u00e7\u00e3o &hellip;\" \/>\n<meta property=\"og:url\" content=\"https:\/\/onevetgroup.pt\/aveiro\/especialidades\/oftalmologia\/\" \/>\n<meta property=\"og:site_name\" content=\"Aveiro\" \/>\n<meta property=\"article:modified_time\" content=\"2025-11-12T15:49:53+00:00\" \/>\n<meta property=\"og:image\" content=\"https:\/\/onevetgroup.pt\/aveiro\/wp-content\/uploads\/sites\/20\/2022\/07\/Oftalmo-1.jpg\" \/>\n<meta name=\"twitter:card\" content=\"summary_large_image\" \/>\n<meta name=\"twitter:label1\" content=\"Tempo estimado de leitura\" \/>\n\t<meta name=\"twitter:data1\" content=\"4 minutos\" \/>\n<script type=\"application\/ld+json\" class=\"yoast-schema-graph\">{\"@context\":\"https:\/\/schema.org\",\"@graph\":[{\"@type\":\"WebPage\",\"@id\":\"https:\/\/onevetgroup.pt\/aveiro\/especialidades\/oftalmologia\/\",\"url\":\"https:\/\/onevetgroup.pt\/aveiro\/especialidades\/oftalmologia\/\",\"name\":\"Oftalmologia - Aveiro\",\"isPartOf\":{\"@id\":\"https:\/\/onevetgroup.pt\/aveiro\/#website\"},\"primaryImageOfPage\":{\"@id\":\"https:\/\/onevetgroup.pt\/aveiro\/especialidades\/oftalmologia\/#primaryimage\"},\"image\":{\"@id\":\"https:\/\/onevetgroup.pt\/aveiro\/especialidades\/oftalmologia\/#primaryimage\"},\"thumbnailUrl\":\"https:\/\/onevetgroup.pt\/aveiro\/wp-content\/uploads\/sites\/20\/2022\/07\/Oftalmo-1.jpg\",\"datePublished\":\"2022-07-11T12:07:45+00:00\",\"dateModified\":\"2025-11-12T15:49:53+00:00\",\"breadcrumb\":{\"@id\":\"https:\/\/onevetgroup.pt\/aveiro\/especialidades\/oftalmologia\/#breadcrumb\"},\"inLanguage\":\"pt-PT\",\"potentialAction\":[{\"@type\":\"ReadAction\",\"target\":[\"https:\/\/onevetgroup.pt\/aveiro\/especialidades\/oftalmologia\/\"]}]},{\"@type\":\"ImageObject\",\"inLanguage\":\"pt-PT\",\"@id\":\"https:\/\/onevetgroup.pt\/aveiro\/especialidades\/oftalmologia\/#primaryimage\",\"url\":\"https:\/\/onevetgroup.pt\/aveiro\/wp-content\/uploads\/sites\/20\/2022\/07\/Oftalmo-1.jpg\",\"contentUrl\":\"https:\/\/onevetgroup.pt\/aveiro\/wp-content\/uploads\/sites\/20\/2022\/07\/Oftalmo-1.jpg\",\"width\":956,\"height\":637},{\"@type\":\"BreadcrumbList\",\"@id\":\"https:\/\/onevetgroup.pt\/aveiro\/especialidades\/oftalmologia\/#breadcrumb\",\"itemListElement\":[{\"@type\":\"ListItem\",\"position\":1,\"name\":\"Home\",\"item\":\"https:\/\/onevetgroup.pt\/aveiro\/\"},{\"@type\":\"ListItem\",\"position\":2,\"name\":\"Especialidades\",\"item\":\"https:\/\/onevetgroup.pt\/aveiro\/especialidades\/\"},{\"@type\":\"ListItem\",\"position\":3,\"name\":\"Oftalmologia\"}]},{\"@type\":\"WebSite\",\"@id\":\"https:\/\/onevetgroup.pt\/aveiro\/#website\",\"url\":\"https:\/\/onevetgroup.pt\/aveiro\/\",\"name\":\"Aveiro\",\"description\":\"Your Pets in Good Hands\",\"publisher\":{\"@id\":\"https:\/\/onevetgroup.pt\/aveiro\/#organization\"},\"potentialAction\":[{\"@type\":\"SearchAction\",\"target\":{\"@type\":\"EntryPoint\",\"urlTemplate\":\"https:\/\/onevetgroup.pt\/aveiro\/?s={search_term_string}\"},\"query-input\":{\"@type\":\"PropertyValueSpecification\",\"valueRequired\":true,\"valueName\":\"search_term_string\"}}],\"inLanguage\":\"pt-PT\"},{\"@type\":\"Organization\",\"@id\":\"https:\/\/onevetgroup.pt\/aveiro\/#organization\",\"name\":\"Aveiro\",\"url\":\"https:\/\/onevetgroup.pt\/aveiro\/\",\"logo\":{\"@type\":\"ImageObject\",\"inLanguage\":\"pt-PT\",\"@id\":\"https:\/\/onevetgroup.pt\/aveiro\/#\/schema\/logo\/image\/\",\"url\":\"https:\/\/onevetgroup.pt\/aveiro\/wp-content\/uploads\/sites\/20\/2023\/07\/cropped-cropped-onevet_cvaveiro_horizontal-e1689064960662.png\",\"contentUrl\":\"https:\/\/onevetgroup.pt\/aveiro\/wp-content\/uploads\/sites\/20\/2023\/07\/cropped-cropped-onevet_cvaveiro_horizontal-e1689064960662.png\",\"width\":225,\"height\":70,\"caption\":\"Aveiro \"},\"image\":{\"@id\":\"https:\/\/onevetgroup.pt\/aveiro\/#\/schema\/logo\/image\/\"}}]}<\/script>\n<!-- \/ Yoast SEO plugin. -->","yoast_head_json":{"title":"Oftalmologia - Aveiro","robots":{"index":"index","follow":"follow","max-snippet":"max-snippet:-1","max-image-preview":"max-image-preview:large","max-video-preview":"max-video-preview:-1"},"canonical":"https:\/\/onevetgroup.pt\/aveiro\/especialidades\/oftalmologia\/","og_locale":"pt_PT","og_type":"article","og_title":"Oftalmologia - Aveiro","og_description":"As consultas de oftalmologia s\u00e3o quase sempre motivo de urg\u00eancia; dado que uma atua\u00e7\u00e3o atempada garante um melhor progn\u00f3stico, sinais como co\u00e7ar os olhos, ter as p\u00e1lpebras fechadas ou secre\u00e7\u00f5es oculares s\u00e3o um bom motivo para procurar um veterin\u00e1rio. Os olhos s\u00e3o estruturas muito delicadas e sens\u00edveis que permitem que o seu animal de estima\u00e7\u00e3o &hellip;","og_url":"https:\/\/onevetgroup.pt\/aveiro\/especialidades\/oftalmologia\/","og_site_name":"Aveiro","article_modified_time":"2025-11-12T15:49:53+00:00","og_image":[{"url":"https:\/\/onevetgroup.pt\/aveiro\/wp-content\/uploads\/sites\/20\/2022\/07\/Oftalmo-1.jpg","type":"","width":"","height":""}],"twitter_card":"summary_large_image","twitter_misc":{"Tempo estimado de leitura":"4 minutos"},"schema":{"@context":"https:\/\/schema.org","@graph":[{"@type":"WebPage","@id":"https:\/\/onevetgroup.pt\/aveiro\/especialidades\/oftalmologia\/","url":"https:\/\/onevetgroup.pt\/aveiro\/especialidades\/oftalmologia\/","name":"Oftalmologia - Aveiro","isPartOf":{"@id":"https:\/\/onevetgroup.pt\/aveiro\/#website"},"primaryImageOfPage":{"@id":"https:\/\/onevetgroup.pt\/aveiro\/especialidades\/oftalmologia\/#primaryimage"},"image":{"@id":"https:\/\/onevetgroup.pt\/aveiro\/especialidades\/oftalmologia\/#primaryimage"},"thumbnailUrl":"https:\/\/onevetgroup.pt\/aveiro\/wp-content\/uploads\/sites\/20\/2022\/07\/Oftalmo-1.jpg","datePublished":"2022-07-11T12:07:45+00:00","dateModified":"2025-11-12T15:49:53+00:00","breadcrumb":{"@id":"https:\/\/onevetgroup.pt\/aveiro\/especialidades\/oftalmologia\/#breadcrumb"},"inLanguage":"pt-PT","potentialAction":[{"@type":"ReadAction","target":["https:\/\/onevetgroup.pt\/aveiro\/especialidades\/oftalmologia\/"]}]},{"@type":"ImageObject","inLanguage":"pt-PT","@id":"https:\/\/onevetgroup.pt\/aveiro\/especialidades\/oftalmologia\/#primaryimage","url":"https:\/\/onevetgroup.pt\/aveiro\/wp-content\/uploads\/sites\/20\/2022\/07\/Oftalmo-1.jpg","contentUrl":"https:\/\/onevetgroup.pt\/aveiro\/wp-content\/uploads\/sites\/20\/2022\/07\/Oftalmo-1.jpg","width":956,"height":637},{"@type":"BreadcrumbList","@id":"https:\/\/onevetgroup.pt\/aveiro\/especialidades\/oftalmologia\/#breadcrumb","itemListElement":[{"@type":"ListItem","position":1,"name":"Home","item":"https:\/\/onevetgroup.pt\/aveiro\/"},{"@type":"ListItem","position":2,"name":"Especialidades","item":"https:\/\/onevetgroup.pt\/aveiro\/especialidades\/"},{"@type":"ListItem","position":3,"name":"Oftalmologia"}]},{"@type":"WebSite","@id":"https:\/\/onevetgroup.pt\/aveiro\/#website","url":"https:\/\/onevetgroup.pt\/aveiro\/","name":"Aveiro","description":"Your Pets in Good Hands","publisher":{"@id":"https:\/\/onevetgroup.pt\/aveiro\/#organization"},"potentialAction":[{"@type":"SearchAction","target":{"@type":"EntryPoint","urlTemplate":"https:\/\/onevetgroup.pt\/aveiro\/?s={search_term_string}"},"query-input":{"@type":"PropertyValueSpecification","valueRequired":true,"valueName":"search_term_string"}}],"inLanguage":"pt-PT"},{"@type":"Organization","@id":"https:\/\/onevetgroup.pt\/aveiro\/#organization","name":"Aveiro","url":"https:\/\/onevetgroup.pt\/aveiro\/","logo":{"@type":"ImageObject","inLanguage":"pt-PT","@id":"https:\/\/onevetgroup.pt\/aveiro\/#\/schema\/logo\/image\/","url":"https:\/\/onevetgroup.pt\/aveiro\/wp-content\/uploads\/sites\/20\/2023\/07\/cropped-cropped-onevet_cvaveiro_horizontal-e1689064960662.png","contentUrl":"https:\/\/onevetgroup.pt\/aveiro\/wp-content\/uploads\/sites\/20\/2023\/07\/cropped-cropped-onevet_cvaveiro_horizontal-e1689064960662.png","width":225,"height":70,"caption":"Aveiro "},"image":{"@id":"https:\/\/onevetgroup.pt\/aveiro\/#\/schema\/logo\/image\/"}}]}},"_links":{"self":[{"href":"https:\/\/onevetgroup.pt\/aveiro\/wp-json\/wp\/v2\/pages\/19162","targetHints":{"allow":["GET"]}}],"collection":[{"href":"https:\/\/onevetgroup.pt\/aveiro\/wp-json\/wp\/v2\/pages"}],"about":[{"href":"https:\/\/onevetgroup.pt\/aveiro\/wp-json\/wp\/v2\/types\/page"}],"author":[{"embeddable":true,"href":"https:\/\/onevetgroup.pt\/aveiro\/wp-json\/wp\/v2\/users\/61"}],"replies":[{"embeddable":true,"href":"https:\/\/onevetgroup.pt\/aveiro\/wp-json\/wp\/v2\/comments?post=19162"}],"version-history":[{"count":3,"href":"https:\/\/onevetgroup.pt\/aveiro\/wp-json\/wp\/v2\/pages\/19162\/revisions"}],"predecessor-version":[{"id":19989,"href":"https:\/\/onevetgroup.pt\/aveiro\/wp-json\/wp\/v2\/pages\/19162\/revisions\/19989"}],"up":[{"embeddable":true,"href":"https:\/\/onevetgroup.pt\/aveiro\/wp-json\/wp\/v2\/pages\/1408"}],"wp:attachment":[{"href":"https:\/\/onevetgroup.pt\/aveiro\/wp-json\/wp\/v2\/media?parent=19162"}],"curies":[{"name":"wp","href":"https:\/\/api.w.org\/{rel}","templated":true}]}}