{"id":14008,"date":"2021-02-08T15:28:59","date_gmt":"2021-02-08T15:28:59","guid":{"rendered":"http:\/\/onevet.pt\/berna\/sobre-nos\/"},"modified":"2023-08-29T11:14:25","modified_gmt":"2023-08-29T11:14:25","slug":"sobre-nos","status":"publish","type":"page","link":"https:\/\/onevetgroup.pt\/berna\/sobre-nos\/","title":{"rendered":"Sobre N\u00f3s"},"content":{"rendered":"\t\t<div data-elementor-type=\"wp-page\" data-elementor-id=\"14008\" class=\"elementor elementor-14008 elementor-268\" data-elementor-post-type=\"page\">\n\t\t\t\t\t\t<section class=\"elementor-section elementor-top-section elementor-element elementor-element-54cf215 pad-top-0 elementor-section-boxed elementor-section-height-default elementor-section-height-default\" data-id=\"54cf215\" data-element_type=\"section\" data-settings=\"{&quot;background_background&quot;:&quot;classic&quot;}\">\n\t\t\t\t\t\t<div class=\"elementor-container elementor-column-gap-default\">\n\t\t\t\t\t<div class=\"elementor-column elementor-col-100 elementor-top-column elementor-element elementor-element-d926441\" data-id=\"d926441\" data-element_type=\"column\">\n\t\t\t<div class=\"elementor-widget-wrap elementor-element-populated\">\n\t\t\t\t\t\t<div class=\"elementor-element elementor-element-9725bcd elementor-widget elementor-widget-section_titleleft\" data-id=\"9725bcd\" data-element_type=\"widget\" data-widget_type=\"section_titleleft.default\">\n\t\t\t\t<div class=\"elementor-widget-container\">\n\t\t\t\t\t        <div class=\"ab_text-title fl-wrap\">\r\n            <h3>Onevet Hospital Veterin\u00e1rio Berna com servi\u00e7o permanente de urg\u00eancias 24 horas<\/h3><\/h4>Temos mais 9 anos de experi\u00eancia no cuidado de animais de estima\u00e7\u00e3o. Contamos com uma equipa multidisciplinar especializada no tipo de tratamento que seu animal necessita. <\/h4><span class=\"section-separator fl-sec-sep\"><\/span>        <\/div>\r\n        \t\t\t\t<\/div>\n\t\t\t\t<\/div>\n\t\t\t\t<section class=\"elementor-section elementor-inner-section elementor-element elementor-element-35814f4 elementor-section-full_width elementor-section-height-default elementor-section-height-default\" data-id=\"35814f4\" data-element_type=\"section\">\n\t\t\t\t\t\t<div class=\"elementor-container elementor-column-gap-wide\">\n\t\t\t\t\t<div class=\"elementor-column elementor-col-50 elementor-inner-column elementor-element elementor-element-7fa3f34\" data-id=\"7fa3f34\" data-element_type=\"column\">\n\t\t\t<div class=\"elementor-widget-wrap elementor-element-populated\">\n\t\t\t\t\t\t<div class=\"elementor-element elementor-element-9e79898 elementor-widget elementor-widget-image\" data-id=\"9e79898\" data-element_type=\"widget\" data-widget_type=\"image.default\">\n\t\t\t\t<div class=\"elementor-widget-container\">\n\t\t\t\t\t\t\t\t\t\t\t\t\t\t\t<img fetchpriority=\"high\" width=\"786\" height=\"524\" class=\"attachment-townhub-single-image size-townhub-single-image wp-image-19772 lazy\" alt=\"\" data-src=\"https:\/\/onevetgroup.pt\/berna\/wp-content\/uploads\/sites\/37\/2023\/08\/1-76-1-scaled-e1693392516724-786x524.jpg\" data-lazy=\"https:\/\/onevetgroup.pt\/berna\/wp-content\/uploads\/sites\/37\/2023\/08\/1-76-1-scaled-e1693392516724-786x524.jpg\" \/>\t\t\t\t\t\t\t\t\t\t\t\t\t\t\t<\/div>\n\t\t\t\t<\/div>\n\t\t\t\t\t<\/div>\n\t\t<\/div>\n\t\t\t\t<div class=\"elementor-column elementor-col-50 elementor-inner-column elementor-element elementor-element-202374d\" data-id=\"202374d\" data-element_type=\"column\">\n\t\t\t<div class=\"elementor-widget-wrap elementor-element-populated\">\n\t\t\t\t\t\t<div class=\"elementor-element elementor-element-3b393ce about-wrap elementor-widget elementor-widget-text-editor\" data-id=\"3b393ce\" data-element_type=\"widget\" data-widget_type=\"text-editor.default\">\n\t\t\t\t<div class=\"elementor-widget-container\">\n\t\t\t\t\t\t\t\t\t<div class=\"ewa-rteLine\">O Onevet Hospital Veterin\u00e1rio Berna foi fundado em 2012 e desde essa altura que nos dedicamos \u00e0 sa\u00fade e bem-estar animal para garantir a sua qualidade de vida.<\/div><div>\u00a0<\/div><div class=\"ewa-rteLine\">Temos acesso a meios de diagn\u00f3stico e tratamentos avan\u00e7ados e a conveni\u00eancia da informa\u00e7\u00e3o cl\u00ednica do seu animal estar integrada num sistema comum a todas as unidades Onevet Group a n\u00edvel nacional, facilitando a partilha de casos entre m\u00e9dicos de diferentes especialidades e permitindo avalia\u00e7\u00f5es mais complexas.<\/div><div class=\"ewa-rteLine\">\u00a0<\/div><div class=\"ewa-rteLine\">Orgulhamo-nos de prestar os cuidados m\u00e9dicos mais adequados a cada animal, com dedica\u00e7\u00e3o e carinho, dispondo de uma equipa de profissionais com elevados conhecimentos cient\u00edficos e forma\u00e7\u00e3o de excel\u00eancia.<\/div><div class=\"ewa-rteLine\">\u00a0<\/div><div class=\"ewa-rteLine\">Conte connosco para cuidar da sa\u00fade e bem-estar do seu animal 24 horas por dia, 7 dias por semana.<\/div>\t\t\t\t\t\t\t\t<\/div>\n\t\t\t\t<\/div>\n\t\t\t\t\t<\/div>\n\t\t<\/div>\n\t\t\t\t\t<\/div>\n\t\t<\/section>\n\t\t\t\t<section class=\"elementor-section elementor-inner-section elementor-element elementor-element-31d68ae elementor-section-boxed elementor-section-height-default elementor-section-height-default\" data-id=\"31d68ae\" data-element_type=\"section\">\n\t\t\t\t\t\t<div class=\"elementor-container elementor-column-gap-default\">\n\t\t\t\t\t<div class=\"elementor-column elementor-col-50 elementor-inner-column elementor-element elementor-element-8ddd41b\" data-id=\"8ddd41b\" data-element_type=\"column\">\n\t\t\t<div class=\"elementor-widget-wrap elementor-element-populated\">\n\t\t\t\t\t\t<div class=\"elementor-element elementor-element-c87b63e elementor-align-center elementor-widget elementor-widget-button\" data-id=\"c87b63e\" data-element_type=\"widget\" data-widget_type=\"button.default\">\n\t\t\t\t<div class=\"elementor-widget-container\">\n\t\t\t\t\t\t\t\t\t<div class=\"elementor-button-wrapper\">\n\t\t\t\t\t<a class=\"elementor-button elementor-button-link elementor-size-sm\" href=\"\/berna\/instalacoes\/\">\n\t\t\t\t\t\t<span class=\"elementor-button-content-wrapper\">\n\t\t\t\t\t\t\t\t\t<span class=\"elementor-button-text\">As Nossas Instala\u00e7\u00f5es<\/span>\n\t\t\t\t\t<\/span>\n\t\t\t\t\t<\/a>\n\t\t\t\t<\/div>\n\t\t\t\t\t\t\t\t<\/div>\n\t\t\t\t<\/div>\n\t\t\t\t\t<\/div>\n\t\t<\/div>\n\t\t\t\t<div class=\"elementor-column elementor-col-50 elementor-inner-column elementor-element elementor-element-d044a7e\" data-id=\"d044a7e\" data-element_type=\"column\">\n\t\t\t<div class=\"elementor-widget-wrap elementor-element-populated\">\n\t\t\t\t\t\t<div class=\"elementor-element elementor-element-75ee515 elementor-align-center elementor-widget elementor-widget-button\" data-id=\"75ee515\" data-element_type=\"widget\" data-widget_type=\"button.default\">\n\t\t\t\t<div class=\"elementor-widget-container\">\n\t\t\t\t\t\t\t\t\t<div class=\"elementor-button-wrapper\">\n\t\t\t\t\t<a class=\"elementor-button elementor-button-link elementor-size-sm\" href=\"\/berna\/a-nossa-equipa\/\">\n\t\t\t\t\t\t<span class=\"elementor-button-content-wrapper\">\n\t\t\t\t\t\t\t\t\t<span class=\"elementor-button-text\">A Nossa Equipa<\/span>\n\t\t\t\t\t<\/span>\n\t\t\t\t\t<\/a>\n\t\t\t\t<\/div>\n\t\t\t\t\t\t\t\t<\/div>\n\t\t\t\t<\/div>\n\t\t\t\t\t<\/div>\n\t\t<\/div>\n\t\t\t\t\t<\/div>\n\t\t<\/section>\n\t\t\t\t\t<\/div>\n\t\t<\/div>\n\t\t\t\t\t<\/div>\n\t\t<\/section>\n\t\t\t\t<section class=\"elementor-section elementor-top-section elementor-element elementor-element-1f78772 elementor-section-boxed elementor-section-height-default elementor-section-height-default\" data-id=\"1f78772\" data-element_type=\"section\">\n\t\t\t\t\t\t<div class=\"elementor-container elementor-column-gap-default\">\n\t\t\t\t\t<div class=\"elementor-column elementor-col-100 elementor-top-column elementor-element elementor-element-ade0b49\" data-id=\"ade0b49\" data-element_type=\"column\">\n\t\t\t<div class=\"elementor-widget-wrap elementor-element-populated\">\n\t\t\t\t\t\t<div class=\"elementor-element elementor-element-ef6a20a elementor-widget elementor-widget-gallery\" data-id=\"ef6a20a\" data-element_type=\"widget\" data-settings=\"{&quot;columns&quot;:&quot;3&quot;,&quot;aspect_ratio&quot;:&quot;1:1&quot;,&quot;lazyload&quot;:&quot;yes&quot;,&quot;gallery_layout&quot;:&quot;grid&quot;,&quot;columns_tablet&quot;:2,&quot;columns_mobile&quot;:1,&quot;gap&quot;:{&quot;unit&quot;:&quot;px&quot;,&quot;size&quot;:10,&quot;sizes&quot;:[]},&quot;gap_tablet&quot;:{&quot;unit&quot;:&quot;px&quot;,&quot;size&quot;:10,&quot;sizes&quot;:[]},&quot;gap_mobile&quot;:{&quot;unit&quot;:&quot;px&quot;,&quot;size&quot;:10,&quot;sizes&quot;:[]},&quot;link_to&quot;:&quot;file&quot;,&quot;overlay_background&quot;:&quot;yes&quot;,&quot;content_hover_animation&quot;:&quot;fade-in&quot;}\" data-widget_type=\"gallery.default\">\n\t\t\t\t<div class=\"elementor-widget-container\">\n\t\t\t\t\t\t\t<div class=\"elementor-gallery__container\">\n\t\t\t\t\t\t\t<a class=\"e-gallery-item elementor-gallery-item elementor-animated-content\" href=\"https:\/\/onevetgroup.pt\/berna\/wp-content\/uploads\/sites\/37\/2023\/08\/3-1-scaled-e1693307589353.jpg\" data-elementor-open-lightbox=\"yes\" data-elementor-lightbox-slideshow=\"ef6a20a\" data-elementor-lightbox-title=\"3\" data-e-action-hash=\"#elementor-action%3Aaction%3Dlightbox%26settings%3DeyJpZCI6MTk3NzgsInVybCI6Imh0dHBzOlwvXC9vbmV2ZXRncm91cC5wdFwvYmVybmFcL3dwLWNvbnRlbnRcL3VwbG9hZHNcL3NpdGVzXC8zN1wvMjAyM1wvMDhcLzMtMS1zY2FsZWQtZTE2OTMzMDc1ODkzNTMuanBnIiwic2xpZGVzaG93IjoiZWY2YTIwYSJ9\">\n\t\t\t\t\t<div class=\"e-gallery-image elementor-gallery-item__image\" data-thumbnail=\"https:\/\/onevetgroup.pt\/berna\/wp-content\/uploads\/sites\/37\/2023\/08\/3-1-scaled-e1693307589353-756x1024.jpg\" data-width=\"724\" data-height=\"981\" aria-label=\"\" role=\"img\" ><\/div>\n\t\t\t\t\t\t\t\t\t\t\t<div class=\"elementor-gallery-item__overlay\"><\/div>\n\t\t\t\t\t\t\t\t\t\t\t\t\t\t<\/a>\n\t\t\t\t\t\t\t<a class=\"e-gallery-item elementor-gallery-item elementor-animated-content\" href=\"https:\/\/onevetgroup.pt\/berna\/wp-content\/uploads\/sites\/37\/2023\/08\/DSC_2706-scaled.jpg\" data-elementor-open-lightbox=\"yes\" data-elementor-lightbox-slideshow=\"ef6a20a\" data-elementor-lightbox-title=\"DSC_2706\" data-e-action-hash=\"#elementor-action%3Aaction%3Dlightbox%26settings%3DeyJpZCI6MTk3NTIsInVybCI6Imh0dHBzOlwvXC9vbmV2ZXRncm91cC5wdFwvYmVybmFcL3dwLWNvbnRlbnRcL3VwbG9hZHNcL3NpdGVzXC8zN1wvMjAyM1wvMDhcL0RTQ18yNzA2LXNjYWxlZC5qcGciLCJzbGlkZXNob3ciOiJlZjZhMjBhIn0%3D\">\n\t\t\t\t\t<div class=\"e-gallery-image elementor-gallery-item__image\" data-thumbnail=\"https:\/\/onevetgroup.pt\/berna\/wp-content\/uploads\/sites\/37\/2023\/08\/DSC_2706-1024x683.jpg\" data-width=\"724\" data-height=\"483\" aria-label=\"\" role=\"img\" ><\/div>\n\t\t\t\t\t\t\t\t\t\t\t<div class=\"elementor-gallery-item__overlay\"><\/div>\n\t\t\t\t\t\t\t\t\t\t\t\t\t\t<\/a>\n\t\t\t\t\t\t\t<a class=\"e-gallery-item elementor-gallery-item elementor-animated-content\" href=\"https:\/\/onevetgroup.pt\/berna\/wp-content\/uploads\/sites\/37\/2023\/08\/2-1-scaled-e1693307629541.jpg\" data-elementor-open-lightbox=\"yes\" data-elementor-lightbox-slideshow=\"ef6a20a\" data-elementor-lightbox-title=\"2\" data-e-action-hash=\"#elementor-action%3Aaction%3Dlightbox%26settings%3DeyJpZCI6MTk3ODAsInVybCI6Imh0dHBzOlwvXC9vbmV2ZXRncm91cC5wdFwvYmVybmFcL3dwLWNvbnRlbnRcL3VwbG9hZHNcL3NpdGVzXC8zN1wvMjAyM1wvMDhcLzItMS1zY2FsZWQtZTE2OTMzMDc2Mjk1NDEuanBnIiwic2xpZGVzaG93IjoiZWY2YTIwYSJ9\">\n\t\t\t\t\t<div class=\"e-gallery-image elementor-gallery-item__image\" data-thumbnail=\"https:\/\/onevetgroup.pt\/berna\/wp-content\/uploads\/sites\/37\/2023\/08\/2-1-scaled-e1693307629541-754x1024.jpg\" data-width=\"724\" data-height=\"983\" aria-label=\"\" role=\"img\" ><\/div>\n\t\t\t\t\t\t\t\t\t\t\t<div class=\"elementor-gallery-item__overlay\"><\/div>\n\t\t\t\t\t\t\t\t\t\t\t\t\t\t<\/a>\n\t\t\t\t\t\t\t<a class=\"e-gallery-item elementor-gallery-item elementor-animated-content\" href=\"https:\/\/onevetgroup.pt\/berna\/wp-content\/uploads\/sites\/37\/2023\/08\/DSC_2798-scaled.jpg\" data-elementor-open-lightbox=\"yes\" data-elementor-lightbox-slideshow=\"ef6a20a\" data-elementor-lightbox-title=\"DSC_2798\" data-e-action-hash=\"#elementor-action%3Aaction%3Dlightbox%26settings%3DeyJpZCI6MTk3NzQsInVybCI6Imh0dHBzOlwvXC9vbmV2ZXRncm91cC5wdFwvYmVybmFcL3dwLWNvbnRlbnRcL3VwbG9hZHNcL3NpdGVzXC8zN1wvMjAyM1wvMDhcL0RTQ18yNzk4LXNjYWxlZC5qcGciLCJzbGlkZXNob3ciOiJlZjZhMjBhIn0%3D\">\n\t\t\t\t\t<div class=\"e-gallery-image elementor-gallery-item__image\" data-thumbnail=\"https:\/\/onevetgroup.pt\/berna\/wp-content\/uploads\/sites\/37\/2023\/08\/DSC_2798-1024x683.jpg\" data-width=\"724\" data-height=\"483\" aria-label=\"\" role=\"img\" ><\/div>\n\t\t\t\t\t\t\t\t\t\t\t<div class=\"elementor-gallery-item__overlay\"><\/div>\n\t\t\t\t\t\t\t\t\t\t\t\t\t\t<\/a>\n\t\t\t\t\t\t\t<a class=\"e-gallery-item elementor-gallery-item elementor-animated-content\" href=\"https:\/\/onevetgroup.pt\/berna\/wp-content\/uploads\/sites\/37\/2023\/08\/7-1-scaled-e1693307647745.jpg\" data-elementor-open-lightbox=\"yes\" data-elementor-lightbox-slideshow=\"ef6a20a\" data-elementor-lightbox-title=\"7\" data-e-action-hash=\"#elementor-action%3Aaction%3Dlightbox%26settings%3DeyJpZCI6MTk3ODIsInVybCI6Imh0dHBzOlwvXC9vbmV2ZXRncm91cC5wdFwvYmVybmFcL3dwLWNvbnRlbnRcL3VwbG9hZHNcL3NpdGVzXC8zN1wvMjAyM1wvMDhcLzctMS1zY2FsZWQtZTE2OTMzMDc2NDc3NDUuanBnIiwic2xpZGVzaG93IjoiZWY2YTIwYSJ9\">\n\t\t\t\t\t<div class=\"e-gallery-image elementor-gallery-item__image\" data-thumbnail=\"https:\/\/onevetgroup.pt\/berna\/wp-content\/uploads\/sites\/37\/2023\/08\/7-1-scaled-e1693307647745-764x1024.jpg\" data-width=\"724\" data-height=\"970\" aria-label=\"\" role=\"img\" ><\/div>\n\t\t\t\t\t\t\t\t\t\t\t<div class=\"elementor-gallery-item__overlay\"><\/div>\n\t\t\t\t\t\t\t\t\t\t\t\t\t\t<\/a>\n\t\t\t\t\t\t\t<a class=\"e-gallery-item elementor-gallery-item elementor-animated-content\" href=\"https:\/\/onevetgroup.pt\/berna\/wp-content\/uploads\/sites\/37\/2023\/08\/DSC_2799-scaled.jpg\" data-elementor-open-lightbox=\"yes\" data-elementor-lightbox-slideshow=\"ef6a20a\" data-elementor-lightbox-title=\"DSC_2799\" data-e-action-hash=\"#elementor-action%3Aaction%3Dlightbox%26settings%3DeyJpZCI6MTk3NzYsInVybCI6Imh0dHBzOlwvXC9vbmV2ZXRncm91cC5wdFwvYmVybmFcL3dwLWNvbnRlbnRcL3VwbG9hZHNcL3NpdGVzXC8zN1wvMjAyM1wvMDhcL0RTQ18yNzk5LXNjYWxlZC5qcGciLCJzbGlkZXNob3ciOiJlZjZhMjBhIn0%3D\">\n\t\t\t\t\t<div class=\"e-gallery-image elementor-gallery-item__image\" data-thumbnail=\"https:\/\/onevetgroup.pt\/berna\/wp-content\/uploads\/sites\/37\/2023\/08\/DSC_2799-1024x683.jpg\" data-width=\"724\" data-height=\"483\" aria-label=\"\" role=\"img\" ><\/div>\n\t\t\t\t\t\t\t\t\t\t\t<div class=\"elementor-gallery-item__overlay\"><\/div>\n\t\t\t\t\t\t\t\t\t\t\t\t\t\t<\/a>\n\t\t\t\t\t<\/div>\n\t\t\t\t\t<\/div>\n\t\t\t\t<\/div>\n\t\t\t\t\t<\/div>\n\t\t<\/div>\n\t\t\t\t\t<\/div>\n\t\t<\/section>\n\t\t\t\t<\/div>\n\t\t","protected":false},"excerpt":{"rendered":"<p>Onevet Hospital Veterin\u00e1rio Berna com servi\u00e7o permanente de urg\u00eancias 24 horas Temos mais 9 anos de experi\u00eancia no cuidado de animais de estima\u00e7\u00e3o. Contamos com uma equipa multidisciplinar especializada no tipo de tratamento que seu animal necessita. O Onevet Hospital Veterin\u00e1rio Berna foi fundado em 2012 e desde essa altura que nos dedicamos \u00e0 sa\u00fade &hellip; <\/p>\n","protected":false},"author":1,"featured_media":0,"parent":0,"menu_order":0,"comment_status":"closed","ping_status":"closed","template":"page-fullwidth.php","meta":{"_acf_changed":false,"content-type":"","footnotes":""},"class_list":["post-14008","page","type-page","status-publish","hentry"],"acf":[],"yoast_head":"<!-- This site is optimized with the Yoast SEO plugin v26.2 - https:\/\/yoast.com\/wordpress\/plugins\/seo\/ -->\n<title>Sobre N\u00f3s - Berna<\/title>\n<meta name=\"robots\" content=\"index, follow, max-snippet:-1, max-image-preview:large, max-video-preview:-1\" \/>\n<link rel=\"canonical\" href=\"https:\/\/onevetgroup.pt\/berna\/sobre-nos\/\" \/>\n<meta property=\"og:locale\" content=\"pt_PT\" \/>\n<meta property=\"og:type\" content=\"article\" \/>\n<meta property=\"og:title\" content=\"Sobre N\u00f3s - Berna\" \/>\n<meta property=\"og:description\" content=\"Onevet Hospital Veterin\u00e1rio Berna com servi\u00e7o permanente de urg\u00eancias 24 horas Temos mais 9 anos de experi\u00eancia no cuidado de animais de estima\u00e7\u00e3o. Contamos com uma equipa multidisciplinar especializada no tipo de tratamento que seu animal necessita. O Onevet Hospital Veterin\u00e1rio Berna foi fundado em 2012 e desde essa altura que nos dedicamos \u00e0 sa\u00fade &hellip;\" \/>\n<meta property=\"og:url\" content=\"https:\/\/onevetgroup.pt\/berna\/sobre-nos\/\" \/>\n<meta property=\"og:site_name\" content=\"Berna\" \/>\n<meta property=\"article:modified_time\" content=\"2023-08-29T11:14:25+00:00\" \/>\n<meta property=\"og:image\" content=\"https:\/\/onevet.pt\/berna\/wp-content\/uploads\/sites\/37\/2023\/08\/1-76-1-786x524.jpg\" \/>\n<meta name=\"twitter:card\" content=\"summary_large_image\" \/>\n<meta name=\"twitter:label1\" content=\"Tempo estimado de leitura\" \/>\n\t<meta name=\"twitter:data1\" content=\"2 minutos\" \/>\n<script type=\"application\/ld+json\" class=\"yoast-schema-graph\">{\"@context\":\"https:\/\/schema.org\",\"@graph\":[{\"@type\":\"WebPage\",\"@id\":\"https:\/\/onevetgroup.pt\/berna\/sobre-nos\/\",\"url\":\"https:\/\/onevetgroup.pt\/berna\/sobre-nos\/\",\"name\":\"Sobre N\u00f3s - Berna\",\"isPartOf\":{\"@id\":\"https:\/\/onevetgroup.pt\/berna\/#website\"},\"primaryImageOfPage\":{\"@id\":\"https:\/\/onevetgroup.pt\/berna\/sobre-nos\/#primaryimage\"},\"image\":{\"@id\":\"https:\/\/onevetgroup.pt\/berna\/sobre-nos\/#primaryimage\"},\"thumbnailUrl\":\"https:\/\/onevet.pt\/berna\/wp-content\/uploads\/sites\/37\/2023\/08\/1-76-1-786x524.jpg\",\"datePublished\":\"2021-02-08T15:28:59+00:00\",\"dateModified\":\"2023-08-29T11:14:25+00:00\",\"breadcrumb\":{\"@id\":\"https:\/\/onevetgroup.pt\/berna\/sobre-nos\/#breadcrumb\"},\"inLanguage\":\"pt-PT\",\"potentialAction\":[{\"@type\":\"ReadAction\",\"target\":[\"https:\/\/onevetgroup.pt\/berna\/sobre-nos\/\"]}]},{\"@type\":\"ImageObject\",\"inLanguage\":\"pt-PT\",\"@id\":\"https:\/\/onevetgroup.pt\/berna\/sobre-nos\/#primaryimage\",\"url\":\"https:\/\/onevet.pt\/berna\/wp-content\/uploads\/sites\/37\/2023\/08\/1-76-1-786x524.jpg\",\"contentUrl\":\"https:\/\/onevet.pt\/berna\/wp-content\/uploads\/sites\/37\/2023\/08\/1-76-1-786x524.jpg\"},{\"@type\":\"BreadcrumbList\",\"@id\":\"https:\/\/onevetgroup.pt\/berna\/sobre-nos\/#breadcrumb\",\"itemListElement\":[{\"@type\":\"ListItem\",\"position\":1,\"name\":\"Home\",\"item\":\"https:\/\/onevetgroup.pt\/berna\/\"},{\"@type\":\"ListItem\",\"position\":2,\"name\":\"Sobre N\u00f3s\"}]},{\"@type\":\"WebSite\",\"@id\":\"https:\/\/onevetgroup.pt\/berna\/#website\",\"url\":\"https:\/\/onevetgroup.pt\/berna\/\",\"name\":\"Berna\",\"description\":\"Your Pets in Good Hands\",\"publisher\":{\"@id\":\"https:\/\/onevetgroup.pt\/berna\/#organization\"},\"potentialAction\":[{\"@type\":\"SearchAction\",\"target\":{\"@type\":\"EntryPoint\",\"urlTemplate\":\"https:\/\/onevetgroup.pt\/berna\/?s={search_term_string}\"},\"query-input\":{\"@type\":\"PropertyValueSpecification\",\"valueRequired\":true,\"valueName\":\"search_term_string\"}}],\"inLanguage\":\"pt-PT\"},{\"@type\":\"Organization\",\"@id\":\"https:\/\/onevetgroup.pt\/berna\/#organization\",\"name\":\"Berna\",\"url\":\"https:\/\/onevetgroup.pt\/berna\/\",\"logo\":{\"@type\":\"ImageObject\",\"inLanguage\":\"pt-PT\",\"@id\":\"https:\/\/onevetgroup.pt\/berna\/#\/schema\/logo\/image\/\",\"url\":\"https:\/\/onevetgroup.pt\/berna\/wp-content\/uploads\/sites\/37\/2023\/08\/cropped-cropped-onevet_hvberna_horizontal-e1693234974442.png\",\"contentUrl\":\"https:\/\/onevetgroup.pt\/berna\/wp-content\/uploads\/sites\/37\/2023\/08\/cropped-cropped-onevet_hvberna_horizontal-e1693234974442.png\",\"width\":242,\"height\":70,\"caption\":\"Berna \"},\"image\":{\"@id\":\"https:\/\/onevetgroup.pt\/berna\/#\/schema\/logo\/image\/\"}}]}<\/script>\n<!-- \/ Yoast SEO plugin. -->","yoast_head_json":{"title":"Sobre N\u00f3s - Berna","robots":{"index":"index","follow":"follow","max-snippet":"max-snippet:-1","max-image-preview":"max-image-preview:large","max-video-preview":"max-video-preview:-1"},"canonical":"https:\/\/onevetgroup.pt\/berna\/sobre-nos\/","og_locale":"pt_PT","og_type":"article","og_title":"Sobre N\u00f3s - Berna","og_description":"Onevet Hospital Veterin\u00e1rio Berna com servi\u00e7o permanente de urg\u00eancias 24 horas Temos mais 9 anos de experi\u00eancia no cuidado de animais de estima\u00e7\u00e3o. Contamos com uma equipa multidisciplinar especializada no tipo de tratamento que seu animal necessita. O Onevet Hospital Veterin\u00e1rio Berna foi fundado em 2012 e desde essa altura que nos dedicamos \u00e0 sa\u00fade &hellip;","og_url":"https:\/\/onevetgroup.pt\/berna\/sobre-nos\/","og_site_name":"Berna","article_modified_time":"2023-08-29T11:14:25+00:00","og_image":[{"url":"https:\/\/onevet.pt\/berna\/wp-content\/uploads\/sites\/37\/2023\/08\/1-76-1-786x524.jpg","type":"","width":"","height":""}],"twitter_card":"summary_large_image","twitter_misc":{"Tempo estimado de leitura":"2 minutos"},"schema":{"@context":"https:\/\/schema.org","@graph":[{"@type":"WebPage","@id":"https:\/\/onevetgroup.pt\/berna\/sobre-nos\/","url":"https:\/\/onevetgroup.pt\/berna\/sobre-nos\/","name":"Sobre N\u00f3s - Berna","isPartOf":{"@id":"https:\/\/onevetgroup.pt\/berna\/#website"},"primaryImageOfPage":{"@id":"https:\/\/onevetgroup.pt\/berna\/sobre-nos\/#primaryimage"},"image":{"@id":"https:\/\/onevetgroup.pt\/berna\/sobre-nos\/#primaryimage"},"thumbnailUrl":"https:\/\/onevet.pt\/berna\/wp-content\/uploads\/sites\/37\/2023\/08\/1-76-1-786x524.jpg","datePublished":"2021-02-08T15:28:59+00:00","dateModified":"2023-08-29T11:14:25+00:00","breadcrumb":{"@id":"https:\/\/onevetgroup.pt\/berna\/sobre-nos\/#breadcrumb"},"inLanguage":"pt-PT","potentialAction":[{"@type":"ReadAction","target":["https:\/\/onevetgroup.pt\/berna\/sobre-nos\/"]}]},{"@type":"ImageObject","inLanguage":"pt-PT","@id":"https:\/\/onevetgroup.pt\/berna\/sobre-nos\/#primaryimage","url":"https:\/\/onevet.pt\/berna\/wp-content\/uploads\/sites\/37\/2023\/08\/1-76-1-786x524.jpg","contentUrl":"https:\/\/onevet.pt\/berna\/wp-content\/uploads\/sites\/37\/2023\/08\/1-76-1-786x524.jpg"},{"@type":"BreadcrumbList","@id":"https:\/\/onevetgroup.pt\/berna\/sobre-nos\/#breadcrumb","itemListElement":[{"@type":"ListItem","position":1,"name":"Home","item":"https:\/\/onevetgroup.pt\/berna\/"},{"@type":"ListItem","position":2,"name":"Sobre N\u00f3s"}]},{"@type":"WebSite","@id":"https:\/\/onevetgroup.pt\/berna\/#website","url":"https:\/\/onevetgroup.pt\/berna\/","name":"Berna","description":"Your Pets in Good Hands","publisher":{"@id":"https:\/\/onevetgroup.pt\/berna\/#organization"},"potentialAction":[{"@type":"SearchAction","target":{"@type":"EntryPoint","urlTemplate":"https:\/\/onevetgroup.pt\/berna\/?s={search_term_string}"},"query-input":{"@type":"PropertyValueSpecification","valueRequired":true,"valueName":"search_term_string"}}],"inLanguage":"pt-PT"},{"@type":"Organization","@id":"https:\/\/onevetgroup.pt\/berna\/#organization","name":"Berna","url":"https:\/\/onevetgroup.pt\/berna\/","logo":{"@type":"ImageObject","inLanguage":"pt-PT","@id":"https:\/\/onevetgroup.pt\/berna\/#\/schema\/logo\/image\/","url":"https:\/\/onevetgroup.pt\/berna\/wp-content\/uploads\/sites\/37\/2023\/08\/cropped-cropped-onevet_hvberna_horizontal-e1693234974442.png","contentUrl":"https:\/\/onevetgroup.pt\/berna\/wp-content\/uploads\/sites\/37\/2023\/08\/cropped-cropped-onevet_hvberna_horizontal-e1693234974442.png","width":242,"height":70,"caption":"Berna "},"image":{"@id":"https:\/\/onevetgroup.pt\/berna\/#\/schema\/logo\/image\/"}}]}},"_links":{"self":[{"href":"https:\/\/onevetgroup.pt\/berna\/wp-json\/wp\/v2\/pages\/14008","targetHints":{"allow":["GET"]}}],"collection":[{"href":"https:\/\/onevetgroup.pt\/berna\/wp-json\/wp\/v2\/pages"}],"about":[{"href":"https:\/\/onevetgroup.pt\/berna\/wp-json\/wp\/v2\/types\/page"}],"author":[{"embeddable":true,"href":"https:\/\/onevetgroup.pt\/berna\/wp-json\/wp\/v2\/users\/1"}],"replies":[{"embeddable":true,"href":"https:\/\/onevetgroup.pt\/berna\/wp-json\/wp\/v2\/comments?post=14008"}],"version-history":[{"count":0,"href":"https:\/\/onevetgroup.pt\/berna\/wp-json\/wp\/v2\/pages\/14008\/revisions"}],"wp:attachment":[{"href":"https:\/\/onevetgroup.pt\/berna\/wp-json\/wp\/v2\/media?parent=14008"}],"curies":[{"name":"wp","href":"https:\/\/api.w.org\/{rel}","templated":true}]}}