{"id":17846,"date":"2022-07-01T09:40:57","date_gmt":"2022-07-01T09:40:57","guid":{"rendered":"https:\/\/onevet.pt\/berna\/?page_id=17846"},"modified":"2023-08-29T14:11:20","modified_gmt":"2023-08-29T14:11:20","slug":"instalacoes","status":"publish","type":"page","link":"https:\/\/onevetgroup.pt\/berna\/instalacoes\/","title":{"rendered":"Instala\u00e7\u00f5es"},"content":{"rendered":"\t\t<div data-elementor-type=\"wp-page\" data-elementor-id=\"17846\" class=\"elementor elementor-17846\" data-elementor-post-type=\"page\">\n\t\t\t\t\t\t<section class=\"elementor-section elementor-top-section elementor-element elementor-element-54cf215 pad-top-0 elementor-section-boxed elementor-section-height-default elementor-section-height-default\" data-id=\"54cf215\" data-element_type=\"section\" id=\"main-sec\" data-settings=\"{&quot;background_background&quot;:&quot;classic&quot;}\">\n\t\t\t\t\t\t<div class=\"elementor-container elementor-column-gap-wide\">\n\t\t\t\t\t<div class=\"elementor-column elementor-col-100 elementor-top-column elementor-element elementor-element-d926441\" data-id=\"d926441\" data-element_type=\"column\">\n\t\t\t<div class=\"elementor-widget-wrap elementor-element-populated\">\n\t\t\t\t\t\t<div class=\"elementor-element elementor-element-ac5c964 elementor-widget elementor-widget-text-editor\" data-id=\"ac5c964\" data-element_type=\"widget\" data-widget_type=\"text-editor.default\">\n\t\t\t\t<div class=\"elementor-widget-container\">\n\t\t\t\t\t\t\t\t\t<p>Contamos com uma equipa multidisciplinar e experiente em todas as \u00e1reas da medicina veterin\u00e1ria e do melhor equipamento e instala\u00e7\u00f5es para prestar o melhor servi\u00e7o e cuidado que o seu animal de estima\u00e7\u00e3o necessita.<\/p>\t\t\t\t\t\t\t\t<\/div>\n\t\t\t\t<\/div>\n\t\t\t\t<section class=\"elementor-section elementor-inner-section elementor-element elementor-element-98275a1 elementor-section-boxed elementor-section-height-default elementor-section-height-default\" data-id=\"98275a1\" data-element_type=\"section\">\n\t\t\t\t\t\t<div class=\"elementor-container elementor-column-gap-default\">\n\t\t\t\t\t<div class=\"elementor-column elementor-col-50 elementor-inner-column elementor-element elementor-element-07b222c\" data-id=\"07b222c\" data-element_type=\"column\">\n\t\t\t<div class=\"elementor-widget-wrap elementor-element-populated\">\n\t\t\t\t\t\t<div class=\"elementor-element elementor-element-44b52f4 elementor-widget elementor-widget-image\" data-id=\"44b52f4\" data-element_type=\"widget\" data-widget_type=\"image.default\">\n\t\t\t\t<div class=\"elementor-widget-container\">\n\t\t\t\t\t\t\t\t\t\t\t\t\t\t\t<img fetchpriority=\"high\" width=\"2048\" height=\"1365\" class=\"attachment-2048x2048 size-2048x2048 wp-image-19802 lazy\" alt=\"\" data-src=\"https:\/\/onevetgroup.pt\/berna\/wp-content\/uploads\/sites\/37\/2023\/08\/DSC_2861-1-2048x1365.jpg\" data-lazy=\"https:\/\/onevetgroup.pt\/berna\/wp-content\/uploads\/sites\/37\/2023\/08\/DSC_2861-1-2048x1365.jpg\" \/>\t\t\t\t\t\t\t\t\t\t\t\t\t\t\t<\/div>\n\t\t\t\t<\/div>\n\t\t\t\t\t<\/div>\n\t\t<\/div>\n\t\t\t\t<div class=\"elementor-column elementor-col-50 elementor-inner-column elementor-element elementor-element-e32254f\" data-id=\"e32254f\" data-element_type=\"column\">\n\t\t\t<div class=\"elementor-widget-wrap elementor-element-populated\">\n\t\t\t\t\t\t<div class=\"elementor-element elementor-element-6494dd8 elementor-widget elementor-widget-text-editor\" data-id=\"6494dd8\" data-element_type=\"widget\" data-widget_type=\"text-editor.default\">\n\t\t\t\t<div class=\"elementor-widget-container\">\n\t\t\t\t\t\t\t\t\t<p>As nossas instala\u00e7\u00f5es est\u00e3o equipadas com a \u00faltima tecnologia, para desta forma oferecer aos animais de companhia a melhor aten\u00e7\u00e3o m\u00e9dica.<\/p><p>Dispomos de consult\u00f3rios diferenciados para c\u00e3es e gatos, um servi\u00e7o de um avan\u00e7ado servi\u00e7o de Tomografia Axial Computorizada (TAC) para animais de companhia dispon\u00edvel 24h por dia, t\u00e9cnicas de diagn\u00f3stico por imagem: radiologia, ecografia, eletroquimioterapia e terapia imonol\u00f3gica.<\/p><p>Temos programas de aconselhamento nutricional para desta forma reduzir os riscos associados \u00e0 perda de peso.<\/p><p>Somos um Hospital de refer\u00eancia nacional em Oncologia e temos os meios de diagn\u00f3stico mais avan\u00e7ados, para desta forma oferecer aos animais de companhia a melhor aten\u00e7\u00e3o e cuidado m\u00e9dico.<\/p>\t\t\t\t\t\t\t\t<\/div>\n\t\t\t\t<\/div>\n\t\t\t\t\t<\/div>\n\t\t<\/div>\n\t\t\t\t\t<\/div>\n\t\t<\/section>\n\t\t\t\t<section class=\"elementor-section elementor-inner-section elementor-element elementor-element-dde928b elementor-section-boxed elementor-section-height-default elementor-section-height-default\" data-id=\"dde928b\" data-element_type=\"section\">\n\t\t\t\t\t\t<div class=\"elementor-container elementor-column-gap-default\">\n\t\t\t\t\t<div class=\"elementor-column elementor-col-50 elementor-inner-column elementor-element elementor-element-cc2bfd3\" data-id=\"cc2bfd3\" data-element_type=\"column\">\n\t\t\t<div class=\"elementor-widget-wrap elementor-element-populated\">\n\t\t\t\t\t\t<div class=\"elementor-element elementor-element-ad87997 elementor-align-center elementor-widget elementor-widget-button\" data-id=\"ad87997\" data-element_type=\"widget\" data-widget_type=\"button.default\">\n\t\t\t\t<div class=\"elementor-widget-container\">\n\t\t\t\t\t\t\t\t\t<div class=\"elementor-button-wrapper\">\n\t\t\t\t\t<a class=\"elementor-button elementor-button-link elementor-size-sm\" href=\"\/berna\/a-nossa-equipa\/\">\n\t\t\t\t\t\t<span class=\"elementor-button-content-wrapper\">\n\t\t\t\t\t\t\t\t\t<span class=\"elementor-button-text\">A Nossa Equipa<\/span>\n\t\t\t\t\t<\/span>\n\t\t\t\t\t<\/a>\n\t\t\t\t<\/div>\n\t\t\t\t\t\t\t\t<\/div>\n\t\t\t\t<\/div>\n\t\t\t\t\t<\/div>\n\t\t<\/div>\n\t\t\t\t<div class=\"elementor-column elementor-col-50 elementor-inner-column elementor-element elementor-element-5abf707\" data-id=\"5abf707\" data-element_type=\"column\">\n\t\t\t<div class=\"elementor-widget-wrap elementor-element-populated\">\n\t\t\t\t\t\t<div class=\"elementor-element elementor-element-48e57d7 elementor-align-center elementor-widget elementor-widget-button\" data-id=\"48e57d7\" data-element_type=\"widget\" data-widget_type=\"button.default\">\n\t\t\t\t<div class=\"elementor-widget-container\">\n\t\t\t\t\t\t\t\t\t<div class=\"elementor-button-wrapper\">\n\t\t\t\t\t<a class=\"elementor-button elementor-button-link elementor-size-sm\" href=\"\/berna\/servicos-veterinarios\/\">\n\t\t\t\t\t\t<span class=\"elementor-button-content-wrapper\">\n\t\t\t\t\t\t\t\t\t<span class=\"elementor-button-text\">Servi\u00e7os Veterin\u00e1rios<\/span>\n\t\t\t\t\t<\/span>\n\t\t\t\t\t<\/a>\n\t\t\t\t<\/div>\n\t\t\t\t\t\t\t\t<\/div>\n\t\t\t\t<\/div>\n\t\t\t\t\t<\/div>\n\t\t<\/div>\n\t\t\t\t\t<\/div>\n\t\t<\/section>\n\t\t\t\t\t<\/div>\n\t\t<\/div>\n\t\t\t\t\t<\/div>\n\t\t<\/section>\n\t\t\t\t<section class=\"elementor-section elementor-top-section elementor-element elementor-element-461daec elementor-section-boxed elementor-section-height-default elementor-section-height-default\" data-id=\"461daec\" data-element_type=\"section\">\n\t\t\t\t\t\t<div class=\"elementor-container elementor-column-gap-default\">\n\t\t\t\t\t<div class=\"elementor-column elementor-col-100 elementor-top-column elementor-element elementor-element-5f2bdae\" data-id=\"5f2bdae\" data-element_type=\"column\">\n\t\t\t<div class=\"elementor-widget-wrap elementor-element-populated\">\n\t\t\t\t\t\t<div class=\"elementor-element elementor-element-0f54842 elementor-widget elementor-widget-gallery\" data-id=\"0f54842\" data-element_type=\"widget\" data-settings=\"{&quot;columns&quot;:&quot;3&quot;,&quot;aspect_ratio&quot;:&quot;1:1&quot;,&quot;lazyload&quot;:&quot;yes&quot;,&quot;gallery_layout&quot;:&quot;grid&quot;,&quot;columns_tablet&quot;:2,&quot;columns_mobile&quot;:1,&quot;gap&quot;:{&quot;unit&quot;:&quot;px&quot;,&quot;size&quot;:10,&quot;sizes&quot;:[]},&quot;gap_tablet&quot;:{&quot;unit&quot;:&quot;px&quot;,&quot;size&quot;:10,&quot;sizes&quot;:[]},&quot;gap_mobile&quot;:{&quot;unit&quot;:&quot;px&quot;,&quot;size&quot;:10,&quot;sizes&quot;:[]},&quot;link_to&quot;:&quot;file&quot;,&quot;overlay_background&quot;:&quot;yes&quot;,&quot;content_hover_animation&quot;:&quot;fade-in&quot;}\" data-widget_type=\"gallery.default\">\n\t\t\t\t<div class=\"elementor-widget-container\">\n\t\t\t\t\t\t\t<div class=\"elementor-gallery__container\">\n\t\t\t\t\t\t\t<a class=\"e-gallery-item elementor-gallery-item elementor-animated-content\" href=\"https:\/\/onevetgroup.pt\/berna\/wp-content\/uploads\/sites\/37\/2023\/08\/DSC_2753-1-scaled.jpg\" data-elementor-open-lightbox=\"yes\" data-elementor-lightbox-slideshow=\"0f54842\" data-elementor-lightbox-title=\"DSC_2753\" data-e-action-hash=\"#elementor-action%3Aaction%3Dlightbox%26settings%3DeyJpZCI6MTk4MjQsInVybCI6Imh0dHBzOlwvXC9vbmV2ZXRncm91cC5wdFwvYmVybmFcL3dwLWNvbnRlbnRcL3VwbG9hZHNcL3NpdGVzXC8zN1wvMjAyM1wvMDhcL0RTQ18yNzUzLTEtc2NhbGVkLmpwZyIsInNsaWRlc2hvdyI6IjBmNTQ4NDIifQ%3D%3D\">\n\t\t\t\t\t<div class=\"e-gallery-image elementor-gallery-item__image\" data-thumbnail=\"https:\/\/onevetgroup.pt\/berna\/wp-content\/uploads\/sites\/37\/2023\/08\/DSC_2753-1-1024x683.jpg\" data-width=\"724\" data-height=\"483\" aria-label=\"\" role=\"img\" ><\/div>\n\t\t\t\t\t\t\t\t\t\t\t<div class=\"elementor-gallery-item__overlay\"><\/div>\n\t\t\t\t\t\t\t\t\t\t\t\t\t\t<\/a>\n\t\t\t\t\t\t\t<a class=\"e-gallery-item elementor-gallery-item elementor-animated-content\" href=\"https:\/\/onevetgroup.pt\/berna\/wp-content\/uploads\/sites\/37\/2023\/08\/DSC_2863-scaled.jpg\" data-elementor-open-lightbox=\"yes\" data-elementor-lightbox-slideshow=\"0f54842\" data-elementor-lightbox-title=\"DSC_2863\" data-e-action-hash=\"#elementor-action%3Aaction%3Dlightbox%26settings%3DeyJpZCI6MTk4MDgsInVybCI6Imh0dHBzOlwvXC9vbmV2ZXRncm91cC5wdFwvYmVybmFcL3dwLWNvbnRlbnRcL3VwbG9hZHNcL3NpdGVzXC8zN1wvMjAyM1wvMDhcL0RTQ18yODYzLXNjYWxlZC5qcGciLCJzbGlkZXNob3ciOiIwZjU0ODQyIn0%3D\">\n\t\t\t\t\t<div class=\"e-gallery-image elementor-gallery-item__image\" data-thumbnail=\"https:\/\/onevetgroup.pt\/berna\/wp-content\/uploads\/sites\/37\/2023\/08\/DSC_2863-1024x683.jpg\" data-width=\"724\" data-height=\"483\" aria-label=\"\" role=\"img\" ><\/div>\n\t\t\t\t\t\t\t\t\t\t\t<div class=\"elementor-gallery-item__overlay\"><\/div>\n\t\t\t\t\t\t\t\t\t\t\t\t\t\t<\/a>\n\t\t\t\t\t\t\t<a class=\"e-gallery-item elementor-gallery-item elementor-animated-content\" href=\"https:\/\/onevetgroup.pt\/berna\/wp-content\/uploads\/sites\/37\/2023\/08\/DSC_2721-1-1-scaled.jpg\" data-elementor-open-lightbox=\"yes\" data-elementor-lightbox-slideshow=\"0f54842\" data-elementor-lightbox-title=\"DSC_2721 (1)\" data-e-action-hash=\"#elementor-action%3Aaction%3Dlightbox%26settings%3DeyJpZCI6MTk4MjgsInVybCI6Imh0dHBzOlwvXC9vbmV2ZXRncm91cC5wdFwvYmVybmFcL3dwLWNvbnRlbnRcL3VwbG9hZHNcL3NpdGVzXC8zN1wvMjAyM1wvMDhcL0RTQ18yNzIxLTEtMS1zY2FsZWQuanBnIiwic2xpZGVzaG93IjoiMGY1NDg0MiJ9\">\n\t\t\t\t\t<div class=\"e-gallery-image elementor-gallery-item__image\" data-thumbnail=\"https:\/\/onevetgroup.pt\/berna\/wp-content\/uploads\/sites\/37\/2023\/08\/DSC_2721-1-1-1024x683.jpg\" data-width=\"724\" data-height=\"483\" aria-label=\"\" role=\"img\" ><\/div>\n\t\t\t\t\t\t\t\t\t\t\t<div class=\"elementor-gallery-item__overlay\"><\/div>\n\t\t\t\t\t\t\t\t\t\t\t\t\t\t<\/a>\n\t\t\t\t\t\t\t<a class=\"e-gallery-item elementor-gallery-item elementor-animated-content\" href=\"https:\/\/onevetgroup.pt\/berna\/wp-content\/uploads\/sites\/37\/2023\/08\/DSC_2724-scaled.jpg\" data-elementor-open-lightbox=\"yes\" data-elementor-lightbox-slideshow=\"0f54842\" data-elementor-lightbox-title=\"DSC_2724\" data-e-action-hash=\"#elementor-action%3Aaction%3Dlightbox%26settings%3DeyJpZCI6MTk4MTQsInVybCI6Imh0dHBzOlwvXC9vbmV2ZXRncm91cC5wdFwvYmVybmFcL3dwLWNvbnRlbnRcL3VwbG9hZHNcL3NpdGVzXC8zN1wvMjAyM1wvMDhcL0RTQ18yNzI0LXNjYWxlZC5qcGciLCJzbGlkZXNob3ciOiIwZjU0ODQyIn0%3D\">\n\t\t\t\t\t<div class=\"e-gallery-image elementor-gallery-item__image\" data-thumbnail=\"https:\/\/onevetgroup.pt\/berna\/wp-content\/uploads\/sites\/37\/2023\/08\/DSC_2724-1024x683.jpg\" data-width=\"724\" data-height=\"483\" aria-label=\"\" role=\"img\" ><\/div>\n\t\t\t\t\t\t\t\t\t\t\t<div class=\"elementor-gallery-item__overlay\"><\/div>\n\t\t\t\t\t\t\t\t\t\t\t\t\t\t<\/a>\n\t\t\t\t\t\t\t<a class=\"e-gallery-item elementor-gallery-item elementor-animated-content\" href=\"https:\/\/onevetgroup.pt\/berna\/wp-content\/uploads\/sites\/37\/2023\/08\/DSC_2799-scaled.jpg\" data-elementor-open-lightbox=\"yes\" data-elementor-lightbox-slideshow=\"0f54842\" data-elementor-lightbox-title=\"DSC_2799\" data-e-action-hash=\"#elementor-action%3Aaction%3Dlightbox%26settings%3DeyJpZCI6MTk3NzYsInVybCI6Imh0dHBzOlwvXC9vbmV2ZXRncm91cC5wdFwvYmVybmFcL3dwLWNvbnRlbnRcL3VwbG9hZHNcL3NpdGVzXC8zN1wvMjAyM1wvMDhcL0RTQ18yNzk5LXNjYWxlZC5qcGciLCJzbGlkZXNob3ciOiIwZjU0ODQyIn0%3D\">\n\t\t\t\t\t<div class=\"e-gallery-image elementor-gallery-item__image\" data-thumbnail=\"https:\/\/onevetgroup.pt\/berna\/wp-content\/uploads\/sites\/37\/2023\/08\/DSC_2799-1024x683.jpg\" data-width=\"724\" data-height=\"483\" aria-label=\"\" role=\"img\" ><\/div>\n\t\t\t\t\t\t\t\t\t\t\t<div class=\"elementor-gallery-item__overlay\"><\/div>\n\t\t\t\t\t\t\t\t\t\t\t\t\t\t<\/a>\n\t\t\t\t\t\t\t<a class=\"e-gallery-item elementor-gallery-item elementor-animated-content\" href=\"https:\/\/onevetgroup.pt\/berna\/wp-content\/uploads\/sites\/37\/2023\/08\/DSC_2853-1-scaled.jpg\" data-elementor-open-lightbox=\"yes\" data-elementor-lightbox-slideshow=\"0f54842\" data-elementor-lightbox-title=\"DSC_2853\" data-e-action-hash=\"#elementor-action%3Aaction%3Dlightbox%26settings%3DeyJpZCI6MTk4MjYsInVybCI6Imh0dHBzOlwvXC9vbmV2ZXRncm91cC5wdFwvYmVybmFcL3dwLWNvbnRlbnRcL3VwbG9hZHNcL3NpdGVzXC8zN1wvMjAyM1wvMDhcL0RTQ18yODUzLTEtc2NhbGVkLmpwZyIsInNsaWRlc2hvdyI6IjBmNTQ4NDIifQ%3D%3D\">\n\t\t\t\t\t<div class=\"e-gallery-image elementor-gallery-item__image\" data-thumbnail=\"https:\/\/onevetgroup.pt\/berna\/wp-content\/uploads\/sites\/37\/2023\/08\/DSC_2853-1-683x1024.jpg\" data-width=\"683\" data-height=\"1024\" aria-label=\"\" role=\"img\" ><\/div>\n\t\t\t\t\t\t\t\t\t\t\t<div class=\"elementor-gallery-item__overlay\"><\/div>\n\t\t\t\t\t\t\t\t\t\t\t\t\t\t<\/a>\n\t\t\t\t\t\t\t<a class=\"e-gallery-item elementor-gallery-item elementor-animated-content\" href=\"https:\/\/onevetgroup.pt\/berna\/wp-content\/uploads\/sites\/37\/2023\/08\/DSC_2733-scaled.jpg\" data-elementor-open-lightbox=\"yes\" data-elementor-lightbox-slideshow=\"0f54842\" data-elementor-lightbox-title=\"DSC_2733\" data-e-action-hash=\"#elementor-action%3Aaction%3Dlightbox%26settings%3DeyJpZCI6MTk4MDQsInVybCI6Imh0dHBzOlwvXC9vbmV2ZXRncm91cC5wdFwvYmVybmFcL3dwLWNvbnRlbnRcL3VwbG9hZHNcL3NpdGVzXC8zN1wvMjAyM1wvMDhcL0RTQ18yNzMzLXNjYWxlZC5qcGciLCJzbGlkZXNob3ciOiIwZjU0ODQyIn0%3D\">\n\t\t\t\t\t<div class=\"e-gallery-image elementor-gallery-item__image\" data-thumbnail=\"https:\/\/onevetgroup.pt\/berna\/wp-content\/uploads\/sites\/37\/2023\/08\/DSC_2733-1024x683.jpg\" data-width=\"724\" data-height=\"483\" aria-label=\"\" role=\"img\" ><\/div>\n\t\t\t\t\t\t\t\t\t\t\t<div class=\"elementor-gallery-item__overlay\"><\/div>\n\t\t\t\t\t\t\t\t\t\t\t\t\t\t<\/a>\n\t\t\t\t\t\t\t<a class=\"e-gallery-item elementor-gallery-item elementor-animated-content\" href=\"https:\/\/onevetgroup.pt\/berna\/wp-content\/uploads\/sites\/37\/2023\/08\/DSC_2865-scaled.jpg\" data-elementor-open-lightbox=\"yes\" data-elementor-lightbox-slideshow=\"0f54842\" data-elementor-lightbox-title=\"DSC_2865\" data-e-action-hash=\"#elementor-action%3Aaction%3Dlightbox%26settings%3DeyJpZCI6MTk3NDgsInVybCI6Imh0dHBzOlwvXC9vbmV2ZXRncm91cC5wdFwvYmVybmFcL3dwLWNvbnRlbnRcL3VwbG9hZHNcL3NpdGVzXC8zN1wvMjAyM1wvMDhcL0RTQ18yODY1LXNjYWxlZC5qcGciLCJzbGlkZXNob3ciOiIwZjU0ODQyIn0%3D\">\n\t\t\t\t\t<div class=\"e-gallery-image elementor-gallery-item__image\" data-thumbnail=\"https:\/\/onevetgroup.pt\/berna\/wp-content\/uploads\/sites\/37\/2023\/08\/DSC_2865-1024x683.jpg\" data-width=\"724\" data-height=\"483\" aria-label=\"\" role=\"img\" ><\/div>\n\t\t\t\t\t\t\t\t\t\t\t<div class=\"elementor-gallery-item__overlay\"><\/div>\n\t\t\t\t\t\t\t\t\t\t\t\t\t\t<\/a>\n\t\t\t\t\t\t\t<a class=\"e-gallery-item elementor-gallery-item elementor-animated-content\" href=\"https:\/\/onevetgroup.pt\/berna\/wp-content\/uploads\/sites\/37\/2023\/08\/DSC_2910-scaled.jpg\" data-elementor-open-lightbox=\"yes\" data-elementor-lightbox-slideshow=\"0f54842\" data-elementor-lightbox-title=\"DSC_2910\" data-e-action-hash=\"#elementor-action%3Aaction%3Dlightbox%26settings%3DeyJpZCI6MTk4MjAsInVybCI6Imh0dHBzOlwvXC9vbmV2ZXRncm91cC5wdFwvYmVybmFcL3dwLWNvbnRlbnRcL3VwbG9hZHNcL3NpdGVzXC8zN1wvMjAyM1wvMDhcL0RTQ18yOTEwLXNjYWxlZC5qcGciLCJzbGlkZXNob3ciOiIwZjU0ODQyIn0%3D\">\n\t\t\t\t\t<div class=\"e-gallery-image elementor-gallery-item__image\" data-thumbnail=\"https:\/\/onevetgroup.pt\/berna\/wp-content\/uploads\/sites\/37\/2023\/08\/DSC_2910-1024x683.jpg\" data-width=\"724\" data-height=\"483\" aria-label=\"\" role=\"img\" ><\/div>\n\t\t\t\t\t\t\t\t\t\t\t<div class=\"elementor-gallery-item__overlay\"><\/div>\n\t\t\t\t\t\t\t\t\t\t\t\t\t\t<\/a>\n\t\t\t\t\t<\/div>\n\t\t\t\t\t<\/div>\n\t\t\t\t<\/div>\n\t\t\t\t\t<\/div>\n\t\t<\/div>\n\t\t\t\t\t<\/div>\n\t\t<\/section>\n\t\t\t\t<\/div>\n\t\t","protected":false},"excerpt":{"rendered":"<p>Contamos com uma equipa multidisciplinar e experiente em todas as \u00e1reas da medicina veterin\u00e1ria e do melhor equipamento e instala\u00e7\u00f5es para prestar o melhor servi\u00e7o e cuidado que o seu animal de estima\u00e7\u00e3o necessita. As nossas instala\u00e7\u00f5es est\u00e3o equipadas com a \u00faltima tecnologia, para desta forma oferecer aos animais de companhia a melhor aten\u00e7\u00e3o m\u00e9dica. &hellip; <\/p>\n","protected":false},"author":61,"featured_media":0,"parent":0,"menu_order":0,"comment_status":"closed","ping_status":"closed","template":"page-fullwidth.php","meta":{"_acf_changed":false,"content-type":"","footnotes":""},"class_list":["post-17846","page","type-page","status-publish","hentry"],"acf":[],"yoast_head":"<!-- This site is optimized with the Yoast SEO plugin v26.2 - https:\/\/yoast.com\/wordpress\/plugins\/seo\/ -->\n<title>Instala\u00e7\u00f5es - Berna<\/title>\n<meta name=\"robots\" content=\"index, follow, max-snippet:-1, max-image-preview:large, max-video-preview:-1\" \/>\n<link rel=\"canonical\" href=\"https:\/\/onevetgroup.pt\/berna\/instalacoes\/\" \/>\n<meta property=\"og:locale\" content=\"pt_PT\" \/>\n<meta property=\"og:type\" content=\"article\" \/>\n<meta property=\"og:title\" content=\"Instala\u00e7\u00f5es - Berna\" \/>\n<meta property=\"og:description\" content=\"Contamos com uma equipa multidisciplinar e experiente em todas as \u00e1reas da medicina veterin\u00e1ria e do melhor equipamento e instala\u00e7\u00f5es para prestar o melhor servi\u00e7o e cuidado que o seu animal de estima\u00e7\u00e3o necessita. As nossas instala\u00e7\u00f5es est\u00e3o equipadas com a \u00faltima tecnologia, para desta forma oferecer aos animais de companhia a melhor aten\u00e7\u00e3o m\u00e9dica. &hellip;\" \/>\n<meta property=\"og:url\" content=\"https:\/\/onevetgroup.pt\/berna\/instalacoes\/\" \/>\n<meta property=\"og:site_name\" content=\"Berna\" \/>\n<meta property=\"article:modified_time\" content=\"2023-08-29T14:11:20+00:00\" \/>\n<meta property=\"og:image\" content=\"https:\/\/onevet.pt\/berna\/wp-content\/uploads\/sites\/37\/2023\/08\/DSC_2861-1-2048x1365.jpg\" \/>\n<meta name=\"twitter:card\" content=\"summary_large_image\" \/>\n<meta name=\"twitter:label1\" content=\"Tempo estimado de leitura\" \/>\n\t<meta name=\"twitter:data1\" content=\"1 minuto\" \/>\n<script type=\"application\/ld+json\" class=\"yoast-schema-graph\">{\"@context\":\"https:\/\/schema.org\",\"@graph\":[{\"@type\":\"WebPage\",\"@id\":\"https:\/\/onevetgroup.pt\/berna\/instalacoes\/\",\"url\":\"https:\/\/onevetgroup.pt\/berna\/instalacoes\/\",\"name\":\"Instala\u00e7\u00f5es - Berna\",\"isPartOf\":{\"@id\":\"https:\/\/onevetgroup.pt\/berna\/#website\"},\"primaryImageOfPage\":{\"@id\":\"https:\/\/onevetgroup.pt\/berna\/instalacoes\/#primaryimage\"},\"image\":{\"@id\":\"https:\/\/onevetgroup.pt\/berna\/instalacoes\/#primaryimage\"},\"thumbnailUrl\":\"https:\/\/onevet.pt\/berna\/wp-content\/uploads\/sites\/37\/2023\/08\/DSC_2861-1-2048x1365.jpg\",\"datePublished\":\"2022-07-01T09:40:57+00:00\",\"dateModified\":\"2023-08-29T14:11:20+00:00\",\"breadcrumb\":{\"@id\":\"https:\/\/onevetgroup.pt\/berna\/instalacoes\/#breadcrumb\"},\"inLanguage\":\"pt-PT\",\"potentialAction\":[{\"@type\":\"ReadAction\",\"target\":[\"https:\/\/onevetgroup.pt\/berna\/instalacoes\/\"]}]},{\"@type\":\"ImageObject\",\"inLanguage\":\"pt-PT\",\"@id\":\"https:\/\/onevetgroup.pt\/berna\/instalacoes\/#primaryimage\",\"url\":\"https:\/\/onevet.pt\/berna\/wp-content\/uploads\/sites\/37\/2023\/08\/DSC_2861-1-2048x1365.jpg\",\"contentUrl\":\"https:\/\/onevet.pt\/berna\/wp-content\/uploads\/sites\/37\/2023\/08\/DSC_2861-1-2048x1365.jpg\"},{\"@type\":\"BreadcrumbList\",\"@id\":\"https:\/\/onevetgroup.pt\/berna\/instalacoes\/#breadcrumb\",\"itemListElement\":[{\"@type\":\"ListItem\",\"position\":1,\"name\":\"Home\",\"item\":\"https:\/\/onevetgroup.pt\/berna\/\"},{\"@type\":\"ListItem\",\"position\":2,\"name\":\"Instala\u00e7\u00f5es\"}]},{\"@type\":\"WebSite\",\"@id\":\"https:\/\/onevetgroup.pt\/berna\/#website\",\"url\":\"https:\/\/onevetgroup.pt\/berna\/\",\"name\":\"Berna\",\"description\":\"Your Pets in Good Hands\",\"publisher\":{\"@id\":\"https:\/\/onevetgroup.pt\/berna\/#organization\"},\"potentialAction\":[{\"@type\":\"SearchAction\",\"target\":{\"@type\":\"EntryPoint\",\"urlTemplate\":\"https:\/\/onevetgroup.pt\/berna\/?s={search_term_string}\"},\"query-input\":{\"@type\":\"PropertyValueSpecification\",\"valueRequired\":true,\"valueName\":\"search_term_string\"}}],\"inLanguage\":\"pt-PT\"},{\"@type\":\"Organization\",\"@id\":\"https:\/\/onevetgroup.pt\/berna\/#organization\",\"name\":\"Berna\",\"url\":\"https:\/\/onevetgroup.pt\/berna\/\",\"logo\":{\"@type\":\"ImageObject\",\"inLanguage\":\"pt-PT\",\"@id\":\"https:\/\/onevetgroup.pt\/berna\/#\/schema\/logo\/image\/\",\"url\":\"https:\/\/onevetgroup.pt\/berna\/wp-content\/uploads\/sites\/37\/2023\/08\/cropped-cropped-onevet_hvberna_horizontal-e1693234974442.png\",\"contentUrl\":\"https:\/\/onevetgroup.pt\/berna\/wp-content\/uploads\/sites\/37\/2023\/08\/cropped-cropped-onevet_hvberna_horizontal-e1693234974442.png\",\"width\":242,\"height\":70,\"caption\":\"Berna \"},\"image\":{\"@id\":\"https:\/\/onevetgroup.pt\/berna\/#\/schema\/logo\/image\/\"}}]}<\/script>\n<!-- \/ Yoast SEO plugin. -->","yoast_head_json":{"title":"Instala\u00e7\u00f5es - Berna","robots":{"index":"index","follow":"follow","max-snippet":"max-snippet:-1","max-image-preview":"max-image-preview:large","max-video-preview":"max-video-preview:-1"},"canonical":"https:\/\/onevetgroup.pt\/berna\/instalacoes\/","og_locale":"pt_PT","og_type":"article","og_title":"Instala\u00e7\u00f5es - Berna","og_description":"Contamos com uma equipa multidisciplinar e experiente em todas as \u00e1reas da medicina veterin\u00e1ria e do melhor equipamento e instala\u00e7\u00f5es para prestar o melhor servi\u00e7o e cuidado que o seu animal de estima\u00e7\u00e3o necessita. As nossas instala\u00e7\u00f5es est\u00e3o equipadas com a \u00faltima tecnologia, para desta forma oferecer aos animais de companhia a melhor aten\u00e7\u00e3o m\u00e9dica. &hellip;","og_url":"https:\/\/onevetgroup.pt\/berna\/instalacoes\/","og_site_name":"Berna","article_modified_time":"2023-08-29T14:11:20+00:00","og_image":[{"url":"https:\/\/onevet.pt\/berna\/wp-content\/uploads\/sites\/37\/2023\/08\/DSC_2861-1-2048x1365.jpg","type":"","width":"","height":""}],"twitter_card":"summary_large_image","twitter_misc":{"Tempo estimado de leitura":"1 minuto"},"schema":{"@context":"https:\/\/schema.org","@graph":[{"@type":"WebPage","@id":"https:\/\/onevetgroup.pt\/berna\/instalacoes\/","url":"https:\/\/onevetgroup.pt\/berna\/instalacoes\/","name":"Instala\u00e7\u00f5es - Berna","isPartOf":{"@id":"https:\/\/onevetgroup.pt\/berna\/#website"},"primaryImageOfPage":{"@id":"https:\/\/onevetgroup.pt\/berna\/instalacoes\/#primaryimage"},"image":{"@id":"https:\/\/onevetgroup.pt\/berna\/instalacoes\/#primaryimage"},"thumbnailUrl":"https:\/\/onevet.pt\/berna\/wp-content\/uploads\/sites\/37\/2023\/08\/DSC_2861-1-2048x1365.jpg","datePublished":"2022-07-01T09:40:57+00:00","dateModified":"2023-08-29T14:11:20+00:00","breadcrumb":{"@id":"https:\/\/onevetgroup.pt\/berna\/instalacoes\/#breadcrumb"},"inLanguage":"pt-PT","potentialAction":[{"@type":"ReadAction","target":["https:\/\/onevetgroup.pt\/berna\/instalacoes\/"]}]},{"@type":"ImageObject","inLanguage":"pt-PT","@id":"https:\/\/onevetgroup.pt\/berna\/instalacoes\/#primaryimage","url":"https:\/\/onevet.pt\/berna\/wp-content\/uploads\/sites\/37\/2023\/08\/DSC_2861-1-2048x1365.jpg","contentUrl":"https:\/\/onevet.pt\/berna\/wp-content\/uploads\/sites\/37\/2023\/08\/DSC_2861-1-2048x1365.jpg"},{"@type":"BreadcrumbList","@id":"https:\/\/onevetgroup.pt\/berna\/instalacoes\/#breadcrumb","itemListElement":[{"@type":"ListItem","position":1,"name":"Home","item":"https:\/\/onevetgroup.pt\/berna\/"},{"@type":"ListItem","position":2,"name":"Instala\u00e7\u00f5es"}]},{"@type":"WebSite","@id":"https:\/\/onevetgroup.pt\/berna\/#website","url":"https:\/\/onevetgroup.pt\/berna\/","name":"Berna","description":"Your Pets in Good Hands","publisher":{"@id":"https:\/\/onevetgroup.pt\/berna\/#organization"},"potentialAction":[{"@type":"SearchAction","target":{"@type":"EntryPoint","urlTemplate":"https:\/\/onevetgroup.pt\/berna\/?s={search_term_string}"},"query-input":{"@type":"PropertyValueSpecification","valueRequired":true,"valueName":"search_term_string"}}],"inLanguage":"pt-PT"},{"@type":"Organization","@id":"https:\/\/onevetgroup.pt\/berna\/#organization","name":"Berna","url":"https:\/\/onevetgroup.pt\/berna\/","logo":{"@type":"ImageObject","inLanguage":"pt-PT","@id":"https:\/\/onevetgroup.pt\/berna\/#\/schema\/logo\/image\/","url":"https:\/\/onevetgroup.pt\/berna\/wp-content\/uploads\/sites\/37\/2023\/08\/cropped-cropped-onevet_hvberna_horizontal-e1693234974442.png","contentUrl":"https:\/\/onevetgroup.pt\/berna\/wp-content\/uploads\/sites\/37\/2023\/08\/cropped-cropped-onevet_hvberna_horizontal-e1693234974442.png","width":242,"height":70,"caption":"Berna "},"image":{"@id":"https:\/\/onevetgroup.pt\/berna\/#\/schema\/logo\/image\/"}}]}},"_links":{"self":[{"href":"https:\/\/onevetgroup.pt\/berna\/wp-json\/wp\/v2\/pages\/17846","targetHints":{"allow":["GET"]}}],"collection":[{"href":"https:\/\/onevetgroup.pt\/berna\/wp-json\/wp\/v2\/pages"}],"about":[{"href":"https:\/\/onevetgroup.pt\/berna\/wp-json\/wp\/v2\/types\/page"}],"author":[{"embeddable":true,"href":"https:\/\/onevetgroup.pt\/berna\/wp-json\/wp\/v2\/users\/61"}],"replies":[{"embeddable":true,"href":"https:\/\/onevetgroup.pt\/berna\/wp-json\/wp\/v2\/comments?post=17846"}],"version-history":[{"count":0,"href":"https:\/\/onevetgroup.pt\/berna\/wp-json\/wp\/v2\/pages\/17846\/revisions"}],"wp:attachment":[{"href":"https:\/\/onevetgroup.pt\/berna\/wp-json\/wp\/v2\/media?parent=17846"}],"curies":[{"name":"wp","href":"https:\/\/api.w.org\/{rel}","templated":true}]}}