{"id":14008,"date":"2021-02-08T15:28:59","date_gmt":"2021-02-08T15:28:59","guid":{"rendered":"http:\/\/onevet.pt\/cascais\/sobre-nos\/"},"modified":"2023-07-18T13:17:19","modified_gmt":"2023-07-18T13:17:19","slug":"sobre-nos","status":"publish","type":"page","link":"https:\/\/onevetgroup.pt\/cascais\/sobre-nos\/","title":{"rendered":"Sobre N\u00f3s"},"content":{"rendered":"\t\t<div data-elementor-type=\"wp-page\" data-elementor-id=\"14008\" class=\"elementor elementor-14008 elementor-268\" data-elementor-post-type=\"page\">\n\t\t\t\t\t\t<section class=\"elementor-section elementor-top-section elementor-element elementor-element-54cf215 pad-top-0 elementor-section-boxed elementor-section-height-default elementor-section-height-default\" data-id=\"54cf215\" data-element_type=\"section\" data-settings=\"{&quot;background_background&quot;:&quot;classic&quot;}\">\n\t\t\t\t\t\t<div class=\"elementor-container elementor-column-gap-default\">\n\t\t\t\t\t<div class=\"elementor-column elementor-col-100 elementor-top-column elementor-element elementor-element-d926441\" data-id=\"d926441\" data-element_type=\"column\">\n\t\t\t<div class=\"elementor-widget-wrap elementor-element-populated\">\n\t\t\t\t\t\t<div class=\"elementor-element elementor-element-9725bcd elementor-widget elementor-widget-section_titleleft\" data-id=\"9725bcd\" data-element_type=\"widget\" data-widget_type=\"section_titleleft.default\">\n\t\t\t\t<div class=\"elementor-widget-container\">\n\t\t\t\t\t        <div class=\"ab_text-title fl-wrap\">\r\n            <h3>Onevet Hospital Veterin\u00e1rio Cascais com Servi\u00e7o Permanente de Urg\u00eancias 24h <\/h3>Temos mais de 20 anos de experi\u00eancia no cuidado de animais de estima\u00e7\u00e3o. \nContamos com uma equipa multidisciplinar especializada no tipo de tratamento que o seu animal necessita. <\/h4><span class=\"section-separator fl-sec-sep\"><\/span>        <\/div>\r\n        \t\t\t\t<\/div>\n\t\t\t\t<\/div>\n\t\t\t\t<section class=\"elementor-section elementor-inner-section elementor-element elementor-element-35814f4 elementor-section-full_width elementor-section-height-default elementor-section-height-default\" data-id=\"35814f4\" data-element_type=\"section\">\n\t\t\t\t\t\t<div class=\"elementor-container elementor-column-gap-wide\">\n\t\t\t\t\t<div class=\"elementor-column elementor-col-50 elementor-inner-column elementor-element elementor-element-7fa3f34\" data-id=\"7fa3f34\" data-element_type=\"column\">\n\t\t\t<div class=\"elementor-widget-wrap elementor-element-populated\">\n\t\t\t\t\t\t<div class=\"elementor-element elementor-element-9e79898 elementor-widget elementor-widget-image\" data-id=\"9e79898\" data-element_type=\"widget\" data-widget_type=\"image.default\">\n\t\t\t\t<div class=\"elementor-widget-container\">\n\t\t\t\t\t\t\t\t\t\t\t\t\t\t\t<img fetchpriority=\"high\" width=\"786\" height=\"524\" class=\"attachment-townhub-single-image size-townhub-single-image wp-image-19301 lazy\" alt=\"\" data-src=\"https:\/\/onevetgroup.pt\/cascais\/wp-content\/uploads\/sites\/35\/2022\/07\/4-2-786x524.jpg\" data-lazy=\"https:\/\/onevetgroup.pt\/cascais\/wp-content\/uploads\/sites\/35\/2022\/07\/4-2-786x524.jpg\" \/>\t\t\t\t\t\t\t\t\t\t\t\t\t\t\t<\/div>\n\t\t\t\t<\/div>\n\t\t\t\t\t<\/div>\n\t\t<\/div>\n\t\t\t\t<div class=\"elementor-column elementor-col-50 elementor-inner-column elementor-element elementor-element-202374d\" data-id=\"202374d\" data-element_type=\"column\">\n\t\t\t<div class=\"elementor-widget-wrap elementor-element-populated\">\n\t\t\t\t\t\t<div class=\"elementor-element elementor-element-3b393ce about-wrap elementor-widget elementor-widget-text-editor\" data-id=\"3b393ce\" data-element_type=\"widget\" data-widget_type=\"text-editor.default\">\n\t\t\t\t<div class=\"elementor-widget-container\">\n\t\t\t\t\t\t\t\t\t<p>O Onevet Hospital Veterin\u00e1rio Cascais \u00e9 uma unidade de confian\u00e7a.<\/p><p>Fundado em 2004, passou por uma reestrutura\u00e7\u00e3o e atualmente tem como objectivo ser um centro de refer\u00eancia ortop\u00e9dica, para al\u00e9m dos profissionais certos, tem tamb\u00e9m sido feito um investimento cont\u00ednuo em equipamento.<\/p><p>Pertencemos ao Onevet Group, uma rede de cl\u00ednicas veterin\u00e1rias de proximidade e hospitais veterin\u00e1rios de refer\u00eancia a n\u00edvel nacional. Esta rede de colegas e meios permite-nos oferecer um servi\u00e7o muito diferenciado.<\/p><p>Conte connosco para cuidar da sa\u00fade e bem-estar do seu animal 24 horas por dia, 7 dias por semana.<\/p>\t\t\t\t\t\t\t\t<\/div>\n\t\t\t\t<\/div>\n\t\t\t\t\t<\/div>\n\t\t<\/div>\n\t\t\t\t\t<\/div>\n\t\t<\/section>\n\t\t\t\t<section class=\"elementor-section elementor-inner-section elementor-element elementor-element-31d68ae elementor-section-boxed elementor-section-height-default elementor-section-height-default\" data-id=\"31d68ae\" data-element_type=\"section\">\n\t\t\t\t\t\t<div class=\"elementor-container elementor-column-gap-default\">\n\t\t\t\t\t<div class=\"elementor-column elementor-col-50 elementor-inner-column elementor-element elementor-element-8ddd41b\" data-id=\"8ddd41b\" data-element_type=\"column\">\n\t\t\t<div class=\"elementor-widget-wrap elementor-element-populated\">\n\t\t\t\t\t\t<div class=\"elementor-element elementor-element-c87b63e elementor-align-center elementor-widget elementor-widget-button\" data-id=\"c87b63e\" data-element_type=\"widget\" data-widget_type=\"button.default\">\n\t\t\t\t<div class=\"elementor-widget-container\">\n\t\t\t\t\t\t\t\t\t<div class=\"elementor-button-wrapper\">\n\t\t\t\t\t<a class=\"elementor-button elementor-button-link elementor-size-sm\" href=\"\/cascais\/instalacoes\/\">\n\t\t\t\t\t\t<span class=\"elementor-button-content-wrapper\">\n\t\t\t\t\t\t\t\t\t<span class=\"elementor-button-text\">As Nossas Instala\u00e7\u00f5es<\/span>\n\t\t\t\t\t<\/span>\n\t\t\t\t\t<\/a>\n\t\t\t\t<\/div>\n\t\t\t\t\t\t\t\t<\/div>\n\t\t\t\t<\/div>\n\t\t\t\t\t<\/div>\n\t\t<\/div>\n\t\t\t\t<div class=\"elementor-column elementor-col-50 elementor-inner-column elementor-element elementor-element-d044a7e\" data-id=\"d044a7e\" data-element_type=\"column\">\n\t\t\t<div class=\"elementor-widget-wrap elementor-element-populated\">\n\t\t\t\t\t\t<div class=\"elementor-element elementor-element-75ee515 elementor-align-center elementor-widget elementor-widget-button\" data-id=\"75ee515\" data-element_type=\"widget\" data-widget_type=\"button.default\">\n\t\t\t\t<div class=\"elementor-widget-container\">\n\t\t\t\t\t\t\t\t\t<div class=\"elementor-button-wrapper\">\n\t\t\t\t\t<a class=\"elementor-button elementor-button-link elementor-size-sm\" href=\"\/cascais\/a-nossa-equipa\/\">\n\t\t\t\t\t\t<span class=\"elementor-button-content-wrapper\">\n\t\t\t\t\t\t\t\t\t<span class=\"elementor-button-text\">A Nossa Equipa<\/span>\n\t\t\t\t\t<\/span>\n\t\t\t\t\t<\/a>\n\t\t\t\t<\/div>\n\t\t\t\t\t\t\t\t<\/div>\n\t\t\t\t<\/div>\n\t\t\t\t\t<\/div>\n\t\t<\/div>\n\t\t\t\t\t<\/div>\n\t\t<\/section>\n\t\t\t\t\t<\/div>\n\t\t<\/div>\n\t\t\t\t\t<\/div>\n\t\t<\/section>\n\t\t\t\t<section class=\"elementor-section elementor-top-section elementor-element elementor-element-1f78772 elementor-section-boxed elementor-section-height-default elementor-section-height-default\" data-id=\"1f78772\" data-element_type=\"section\">\n\t\t\t\t\t\t<div class=\"elementor-container elementor-column-gap-default\">\n\t\t\t\t\t<div class=\"elementor-column elementor-col-100 elementor-top-column elementor-element elementor-element-ade0b49\" data-id=\"ade0b49\" data-element_type=\"column\">\n\t\t\t<div class=\"elementor-widget-wrap elementor-element-populated\">\n\t\t\t\t\t\t<div class=\"elementor-element elementor-element-ef6a20a elementor-widget elementor-widget-gallery\" data-id=\"ef6a20a\" data-element_type=\"widget\" data-settings=\"{&quot;columns&quot;:&quot;3&quot;,&quot;aspect_ratio&quot;:&quot;1:1&quot;,&quot;lazyload&quot;:&quot;yes&quot;,&quot;gallery_layout&quot;:&quot;grid&quot;,&quot;columns_tablet&quot;:2,&quot;columns_mobile&quot;:1,&quot;gap&quot;:{&quot;unit&quot;:&quot;px&quot;,&quot;size&quot;:10,&quot;sizes&quot;:[]},&quot;gap_tablet&quot;:{&quot;unit&quot;:&quot;px&quot;,&quot;size&quot;:10,&quot;sizes&quot;:[]},&quot;gap_mobile&quot;:{&quot;unit&quot;:&quot;px&quot;,&quot;size&quot;:10,&quot;sizes&quot;:[]},&quot;link_to&quot;:&quot;file&quot;,&quot;overlay_background&quot;:&quot;yes&quot;,&quot;content_hover_animation&quot;:&quot;fade-in&quot;}\" data-widget_type=\"gallery.default\">\n\t\t\t\t<div class=\"elementor-widget-container\">\n\t\t\t\t\t\t\t<div class=\"elementor-gallery__container\">\n\t\t\t\t\t\t\t<a class=\"e-gallery-item elementor-gallery-item elementor-animated-content\" href=\"https:\/\/onevetgroup.pt\/cascais\/wp-content\/uploads\/sites\/35\/2023\/07\/7-scaled-e1689685827477.jpg\" data-elementor-open-lightbox=\"yes\" data-elementor-lightbox-slideshow=\"ef6a20a\" data-elementor-lightbox-title=\"7\" data-e-action-hash=\"#elementor-action%3Aaction%3Dlightbox%26settings%3DeyJpZCI6MTk0NTcsInVybCI6Imh0dHBzOlwvXC9vbmV2ZXRncm91cC5wdFwvY2FzY2Fpc1wvd3AtY29udGVudFwvdXBsb2Fkc1wvc2l0ZXNcLzM1XC8yMDIzXC8wN1wvNy1zY2FsZWQtZTE2ODk2ODU4Mjc0NzcuanBnIiwic2xpZGVzaG93IjoiZWY2YTIwYSJ9\">\n\t\t\t\t\t<div class=\"e-gallery-image elementor-gallery-item__image\" data-thumbnail=\"https:\/\/onevetgroup.pt\/cascais\/wp-content\/uploads\/sites\/35\/2023\/07\/7-scaled-e1689685827477-813x1024.jpg\" data-width=\"724\" data-height=\"912\" aria-label=\"\" role=\"img\" ><\/div>\n\t\t\t\t\t\t\t\t\t\t\t<div class=\"elementor-gallery-item__overlay\"><\/div>\n\t\t\t\t\t\t\t\t\t\t\t\t\t\t<\/a>\n\t\t\t\t\t\t\t<a class=\"e-gallery-item elementor-gallery-item elementor-animated-content\" href=\"https:\/\/onevetgroup.pt\/cascais\/wp-content\/uploads\/sites\/35\/2022\/07\/10.jpg\" data-elementor-open-lightbox=\"yes\" data-elementor-lightbox-slideshow=\"ef6a20a\" data-elementor-lightbox-title=\"10\" data-e-action-hash=\"#elementor-action%3Aaction%3Dlightbox%26settings%3DeyJpZCI6MTkzMTMsInVybCI6Imh0dHBzOlwvXC9vbmV2ZXRncm91cC5wdFwvY2FzY2Fpc1wvd3AtY29udGVudFwvdXBsb2Fkc1wvc2l0ZXNcLzM1XC8yMDIyXC8wN1wvMTAuanBnIiwic2xpZGVzaG93IjoiZWY2YTIwYSJ9\">\n\t\t\t\t\t<div class=\"e-gallery-image elementor-gallery-item__image\" data-thumbnail=\"https:\/\/onevetgroup.pt\/cascais\/wp-content\/uploads\/sites\/35\/2022\/07\/10.jpg\" data-width=\"724\" data-height=\"480\" aria-label=\"\" role=\"img\" ><\/div>\n\t\t\t\t\t\t\t\t\t\t\t<div class=\"elementor-gallery-item__overlay\"><\/div>\n\t\t\t\t\t\t\t\t\t\t\t\t\t\t<\/a>\n\t\t\t\t\t\t\t<a class=\"e-gallery-item elementor-gallery-item elementor-animated-content\" href=\"https:\/\/onevetgroup.pt\/cascais\/wp-content\/uploads\/sites\/35\/2023\/07\/6-scaled-e1689685842386.jpg\" data-elementor-open-lightbox=\"yes\" data-elementor-lightbox-slideshow=\"ef6a20a\" data-elementor-lightbox-title=\"6\" data-e-action-hash=\"#elementor-action%3Aaction%3Dlightbox%26settings%3DeyJpZCI6MTk0NTUsInVybCI6Imh0dHBzOlwvXC9vbmV2ZXRncm91cC5wdFwvY2FzY2Fpc1wvd3AtY29udGVudFwvdXBsb2Fkc1wvc2l0ZXNcLzM1XC8yMDIzXC8wN1wvNi1zY2FsZWQtZTE2ODk2ODU4NDIzODYuanBnIiwic2xpZGVzaG93IjoiZWY2YTIwYSJ9\">\n\t\t\t\t\t<div class=\"e-gallery-image elementor-gallery-item__image\" data-thumbnail=\"https:\/\/onevetgroup.pt\/cascais\/wp-content\/uploads\/sites\/35\/2023\/07\/6-scaled-e1689685842386-771x1024.jpg\" data-width=\"724\" data-height=\"962\" aria-label=\"\" role=\"img\" ><\/div>\n\t\t\t\t\t\t\t\t\t\t\t<div class=\"elementor-gallery-item__overlay\"><\/div>\n\t\t\t\t\t\t\t\t\t\t\t\t\t\t<\/a>\n\t\t\t\t\t\t\t<a class=\"e-gallery-item elementor-gallery-item elementor-animated-content\" href=\"https:\/\/onevetgroup.pt\/cascais\/wp-content\/uploads\/sites\/35\/2022\/07\/6-1.jpg\" data-elementor-open-lightbox=\"yes\" data-elementor-lightbox-slideshow=\"ef6a20a\" data-elementor-lightbox-title=\"6\" data-e-action-hash=\"#elementor-action%3Aaction%3Dlightbox%26settings%3DeyJpZCI6MTkzMDYsInVybCI6Imh0dHBzOlwvXC9vbmV2ZXRncm91cC5wdFwvY2FzY2Fpc1wvd3AtY29udGVudFwvdXBsb2Fkc1wvc2l0ZXNcLzM1XC8yMDIyXC8wN1wvNi0xLmpwZyIsInNsaWRlc2hvdyI6ImVmNmEyMGEifQ%3D%3D\">\n\t\t\t\t\t<div class=\"e-gallery-image elementor-gallery-item__image\" data-thumbnail=\"https:\/\/onevetgroup.pt\/cascais\/wp-content\/uploads\/sites\/35\/2022\/07\/6-1.jpg\" data-width=\"724\" data-height=\"484\" aria-label=\"\" role=\"img\" ><\/div>\n\t\t\t\t\t\t\t\t\t\t\t<div class=\"elementor-gallery-item__overlay\"><\/div>\n\t\t\t\t\t\t\t\t\t\t\t\t\t\t<\/a>\n\t\t\t\t\t\t\t<a class=\"e-gallery-item elementor-gallery-item elementor-animated-content\" href=\"https:\/\/onevetgroup.pt\/cascais\/wp-content\/uploads\/sites\/35\/2023\/07\/4-scaled-e1689685859184.jpg\" data-elementor-open-lightbox=\"yes\" data-elementor-lightbox-slideshow=\"ef6a20a\" data-elementor-lightbox-title=\"4\" data-e-action-hash=\"#elementor-action%3Aaction%3Dlightbox%26settings%3DeyJpZCI6MTk0NTMsInVybCI6Imh0dHBzOlwvXC9vbmV2ZXRncm91cC5wdFwvY2FzY2Fpc1wvd3AtY29udGVudFwvdXBsb2Fkc1wvc2l0ZXNcLzM1XC8yMDIzXC8wN1wvNC1zY2FsZWQtZTE2ODk2ODU4NTkxODQuanBnIiwic2xpZGVzaG93IjoiZWY2YTIwYSJ9\">\n\t\t\t\t\t<div class=\"e-gallery-image elementor-gallery-item__image\" data-thumbnail=\"https:\/\/onevetgroup.pt\/cascais\/wp-content\/uploads\/sites\/35\/2023\/07\/4-scaled-e1689685859184-754x1024.jpg\" data-width=\"724\" data-height=\"983\" aria-label=\"\" role=\"img\" ><\/div>\n\t\t\t\t\t\t\t\t\t\t\t<div class=\"elementor-gallery-item__overlay\"><\/div>\n\t\t\t\t\t\t\t\t\t\t\t\t\t\t<\/a>\n\t\t\t\t\t\t\t<a class=\"e-gallery-item elementor-gallery-item elementor-animated-content\" href=\"https:\/\/onevetgroup.pt\/cascais\/wp-content\/uploads\/sites\/35\/2022\/07\/5-1.jpg\" data-elementor-open-lightbox=\"yes\" data-elementor-lightbox-slideshow=\"ef6a20a\" data-elementor-lightbox-title=\"5\" data-e-action-hash=\"#elementor-action%3Aaction%3Dlightbox%26settings%3DeyJpZCI6MTkzMDQsInVybCI6Imh0dHBzOlwvXC9vbmV2ZXRncm91cC5wdFwvY2FzY2Fpc1wvd3AtY29udGVudFwvdXBsb2Fkc1wvc2l0ZXNcLzM1XC8yMDIyXC8wN1wvNS0xLmpwZyIsInNsaWRlc2hvdyI6ImVmNmEyMGEifQ%3D%3D\">\n\t\t\t\t\t<div class=\"e-gallery-image elementor-gallery-item__image\" data-thumbnail=\"https:\/\/onevetgroup.pt\/cascais\/wp-content\/uploads\/sites\/35\/2022\/07\/5-1.jpg\" data-width=\"724\" data-height=\"483\" aria-label=\"\" role=\"img\" ><\/div>\n\t\t\t\t\t\t\t\t\t\t\t<div class=\"elementor-gallery-item__overlay\"><\/div>\n\t\t\t\t\t\t\t\t\t\t\t\t\t\t<\/a>\n\t\t\t\t\t<\/div>\n\t\t\t\t\t<\/div>\n\t\t\t\t<\/div>\n\t\t\t\t\t<\/div>\n\t\t<\/div>\n\t\t\t\t\t<\/div>\n\t\t<\/section>\n\t\t\t\t<\/div>\n\t\t","protected":false},"excerpt":{"rendered":"<p>Onevet Hospital Veterin\u00e1rio Cascais com Servi\u00e7o Permanente de Urg\u00eancias 24h Temos mais de 20 anos de experi\u00eancia no cuidado de animais de estima\u00e7\u00e3o. Contamos com uma equipa multidisciplinar especializada no tipo de tratamento que o seu animal necessita. O Onevet Hospital Veterin\u00e1rio Cascais \u00e9 uma unidade de confian\u00e7a. Fundado em 2004, passou por uma reestrutura\u00e7\u00e3o &hellip; <\/p>\n","protected":false},"author":1,"featured_media":0,"parent":0,"menu_order":0,"comment_status":"closed","ping_status":"closed","template":"page-fullwidth.php","meta":{"_acf_changed":false,"content-type":"","footnotes":""},"class_list":["post-14008","page","type-page","status-publish","hentry"],"acf":[],"yoast_head":"<!-- This site is optimized with the Yoast SEO plugin v26.2 - https:\/\/yoast.com\/wordpress\/plugins\/seo\/ -->\n<title>Sobre N\u00f3s - Cascais<\/title>\n<meta name=\"robots\" content=\"index, follow, max-snippet:-1, max-image-preview:large, max-video-preview:-1\" \/>\n<link rel=\"canonical\" href=\"https:\/\/onevetgroup.pt\/cascais\/sobre-nos\/\" \/>\n<meta property=\"og:locale\" content=\"pt_PT\" \/>\n<meta property=\"og:type\" content=\"article\" \/>\n<meta property=\"og:title\" content=\"Sobre N\u00f3s - Cascais\" \/>\n<meta property=\"og:description\" content=\"Onevet Hospital Veterin\u00e1rio Cascais com Servi\u00e7o Permanente de Urg\u00eancias 24h Temos mais de 20 anos de experi\u00eancia no cuidado de animais de estima\u00e7\u00e3o. Contamos com uma equipa multidisciplinar especializada no tipo de tratamento que o seu animal necessita. O Onevet Hospital Veterin\u00e1rio Cascais \u00e9 uma unidade de confian\u00e7a. Fundado em 2004, passou por uma reestrutura\u00e7\u00e3o &hellip;\" \/>\n<meta property=\"og:url\" content=\"https:\/\/onevetgroup.pt\/cascais\/sobre-nos\/\" \/>\n<meta property=\"og:site_name\" content=\"Cascais\" \/>\n<meta property=\"article:modified_time\" content=\"2023-07-18T13:17:19+00:00\" \/>\n<meta property=\"og:image\" content=\"https:\/\/onevet.pt\/cascais\/wp-content\/uploads\/sites\/35\/2022\/07\/4-2-786x524.jpg\" \/>\n<meta name=\"twitter:card\" content=\"summary_large_image\" \/>\n<meta name=\"twitter:label1\" content=\"Tempo estimado de leitura\" \/>\n\t<meta name=\"twitter:data1\" content=\"1 minuto\" \/>\n<script type=\"application\/ld+json\" class=\"yoast-schema-graph\">{\"@context\":\"https:\/\/schema.org\",\"@graph\":[{\"@type\":\"WebPage\",\"@id\":\"https:\/\/onevetgroup.pt\/cascais\/sobre-nos\/\",\"url\":\"https:\/\/onevetgroup.pt\/cascais\/sobre-nos\/\",\"name\":\"Sobre N\u00f3s - Cascais\",\"isPartOf\":{\"@id\":\"https:\/\/onevetgroup.pt\/cascais\/#website\"},\"primaryImageOfPage\":{\"@id\":\"https:\/\/onevetgroup.pt\/cascais\/sobre-nos\/#primaryimage\"},\"image\":{\"@id\":\"https:\/\/onevetgroup.pt\/cascais\/sobre-nos\/#primaryimage\"},\"thumbnailUrl\":\"https:\/\/onevet.pt\/cascais\/wp-content\/uploads\/sites\/35\/2022\/07\/4-2-786x524.jpg\",\"datePublished\":\"2021-02-08T15:28:59+00:00\",\"dateModified\":\"2023-07-18T13:17:19+00:00\",\"breadcrumb\":{\"@id\":\"https:\/\/onevetgroup.pt\/cascais\/sobre-nos\/#breadcrumb\"},\"inLanguage\":\"pt-PT\",\"potentialAction\":[{\"@type\":\"ReadAction\",\"target\":[\"https:\/\/onevetgroup.pt\/cascais\/sobre-nos\/\"]}]},{\"@type\":\"ImageObject\",\"inLanguage\":\"pt-PT\",\"@id\":\"https:\/\/onevetgroup.pt\/cascais\/sobre-nos\/#primaryimage\",\"url\":\"https:\/\/onevet.pt\/cascais\/wp-content\/uploads\/sites\/35\/2022\/07\/4-2-786x524.jpg\",\"contentUrl\":\"https:\/\/onevet.pt\/cascais\/wp-content\/uploads\/sites\/35\/2022\/07\/4-2-786x524.jpg\"},{\"@type\":\"BreadcrumbList\",\"@id\":\"https:\/\/onevetgroup.pt\/cascais\/sobre-nos\/#breadcrumb\",\"itemListElement\":[{\"@type\":\"ListItem\",\"position\":1,\"name\":\"Home\",\"item\":\"https:\/\/onevetgroup.pt\/cascais\/\"},{\"@type\":\"ListItem\",\"position\":2,\"name\":\"Sobre N\u00f3s\"}]},{\"@type\":\"WebSite\",\"@id\":\"https:\/\/onevetgroup.pt\/cascais\/#website\",\"url\":\"https:\/\/onevetgroup.pt\/cascais\/\",\"name\":\"Cascais\",\"description\":\"Your Pets in Good Hands\",\"publisher\":{\"@id\":\"https:\/\/onevetgroup.pt\/cascais\/#organization\"},\"potentialAction\":[{\"@type\":\"SearchAction\",\"target\":{\"@type\":\"EntryPoint\",\"urlTemplate\":\"https:\/\/onevetgroup.pt\/cascais\/?s={search_term_string}\"},\"query-input\":{\"@type\":\"PropertyValueSpecification\",\"valueRequired\":true,\"valueName\":\"search_term_string\"}}],\"inLanguage\":\"pt-PT\"},{\"@type\":\"Organization\",\"@id\":\"https:\/\/onevetgroup.pt\/cascais\/#organization\",\"name\":\"Cascais\",\"url\":\"https:\/\/onevetgroup.pt\/cascais\/\",\"logo\":{\"@type\":\"ImageObject\",\"inLanguage\":\"pt-PT\",\"@id\":\"https:\/\/onevetgroup.pt\/cascais\/#\/schema\/logo\/image\/\",\"url\":\"https:\/\/onevetgroup.pt\/cascais\/wp-content\/uploads\/sites\/35\/2023\/07\/cropped-onevet_hvcascais_horizontal-1-e1689940737914-1.png\",\"contentUrl\":\"https:\/\/onevetgroup.pt\/cascais\/wp-content\/uploads\/sites\/35\/2023\/07\/cropped-onevet_hvcascais_horizontal-1-e1689940737914-1.png\",\"width\":266,\"height\":77,\"caption\":\"Cascais\"},\"image\":{\"@id\":\"https:\/\/onevetgroup.pt\/cascais\/#\/schema\/logo\/image\/\"}}]}<\/script>\n<!-- \/ Yoast SEO plugin. -->","yoast_head_json":{"title":"Sobre N\u00f3s - Cascais","robots":{"index":"index","follow":"follow","max-snippet":"max-snippet:-1","max-image-preview":"max-image-preview:large","max-video-preview":"max-video-preview:-1"},"canonical":"https:\/\/onevetgroup.pt\/cascais\/sobre-nos\/","og_locale":"pt_PT","og_type":"article","og_title":"Sobre N\u00f3s - Cascais","og_description":"Onevet Hospital Veterin\u00e1rio Cascais com Servi\u00e7o Permanente de Urg\u00eancias 24h Temos mais de 20 anos de experi\u00eancia no cuidado de animais de estima\u00e7\u00e3o. Contamos com uma equipa multidisciplinar especializada no tipo de tratamento que o seu animal necessita. O Onevet Hospital Veterin\u00e1rio Cascais \u00e9 uma unidade de confian\u00e7a. Fundado em 2004, passou por uma reestrutura\u00e7\u00e3o &hellip;","og_url":"https:\/\/onevetgroup.pt\/cascais\/sobre-nos\/","og_site_name":"Cascais","article_modified_time":"2023-07-18T13:17:19+00:00","og_image":[{"url":"https:\/\/onevet.pt\/cascais\/wp-content\/uploads\/sites\/35\/2022\/07\/4-2-786x524.jpg","type":"","width":"","height":""}],"twitter_card":"summary_large_image","twitter_misc":{"Tempo estimado de leitura":"1 minuto"},"schema":{"@context":"https:\/\/schema.org","@graph":[{"@type":"WebPage","@id":"https:\/\/onevetgroup.pt\/cascais\/sobre-nos\/","url":"https:\/\/onevetgroup.pt\/cascais\/sobre-nos\/","name":"Sobre N\u00f3s - Cascais","isPartOf":{"@id":"https:\/\/onevetgroup.pt\/cascais\/#website"},"primaryImageOfPage":{"@id":"https:\/\/onevetgroup.pt\/cascais\/sobre-nos\/#primaryimage"},"image":{"@id":"https:\/\/onevetgroup.pt\/cascais\/sobre-nos\/#primaryimage"},"thumbnailUrl":"https:\/\/onevet.pt\/cascais\/wp-content\/uploads\/sites\/35\/2022\/07\/4-2-786x524.jpg","datePublished":"2021-02-08T15:28:59+00:00","dateModified":"2023-07-18T13:17:19+00:00","breadcrumb":{"@id":"https:\/\/onevetgroup.pt\/cascais\/sobre-nos\/#breadcrumb"},"inLanguage":"pt-PT","potentialAction":[{"@type":"ReadAction","target":["https:\/\/onevetgroup.pt\/cascais\/sobre-nos\/"]}]},{"@type":"ImageObject","inLanguage":"pt-PT","@id":"https:\/\/onevetgroup.pt\/cascais\/sobre-nos\/#primaryimage","url":"https:\/\/onevet.pt\/cascais\/wp-content\/uploads\/sites\/35\/2022\/07\/4-2-786x524.jpg","contentUrl":"https:\/\/onevet.pt\/cascais\/wp-content\/uploads\/sites\/35\/2022\/07\/4-2-786x524.jpg"},{"@type":"BreadcrumbList","@id":"https:\/\/onevetgroup.pt\/cascais\/sobre-nos\/#breadcrumb","itemListElement":[{"@type":"ListItem","position":1,"name":"Home","item":"https:\/\/onevetgroup.pt\/cascais\/"},{"@type":"ListItem","position":2,"name":"Sobre N\u00f3s"}]},{"@type":"WebSite","@id":"https:\/\/onevetgroup.pt\/cascais\/#website","url":"https:\/\/onevetgroup.pt\/cascais\/","name":"Cascais","description":"Your Pets in Good Hands","publisher":{"@id":"https:\/\/onevetgroup.pt\/cascais\/#organization"},"potentialAction":[{"@type":"SearchAction","target":{"@type":"EntryPoint","urlTemplate":"https:\/\/onevetgroup.pt\/cascais\/?s={search_term_string}"},"query-input":{"@type":"PropertyValueSpecification","valueRequired":true,"valueName":"search_term_string"}}],"inLanguage":"pt-PT"},{"@type":"Organization","@id":"https:\/\/onevetgroup.pt\/cascais\/#organization","name":"Cascais","url":"https:\/\/onevetgroup.pt\/cascais\/","logo":{"@type":"ImageObject","inLanguage":"pt-PT","@id":"https:\/\/onevetgroup.pt\/cascais\/#\/schema\/logo\/image\/","url":"https:\/\/onevetgroup.pt\/cascais\/wp-content\/uploads\/sites\/35\/2023\/07\/cropped-onevet_hvcascais_horizontal-1-e1689940737914-1.png","contentUrl":"https:\/\/onevetgroup.pt\/cascais\/wp-content\/uploads\/sites\/35\/2023\/07\/cropped-onevet_hvcascais_horizontal-1-e1689940737914-1.png","width":266,"height":77,"caption":"Cascais"},"image":{"@id":"https:\/\/onevetgroup.pt\/cascais\/#\/schema\/logo\/image\/"}}]}},"_links":{"self":[{"href":"https:\/\/onevetgroup.pt\/cascais\/wp-json\/wp\/v2\/pages\/14008","targetHints":{"allow":["GET"]}}],"collection":[{"href":"https:\/\/onevetgroup.pt\/cascais\/wp-json\/wp\/v2\/pages"}],"about":[{"href":"https:\/\/onevetgroup.pt\/cascais\/wp-json\/wp\/v2\/types\/page"}],"author":[{"embeddable":true,"href":"https:\/\/onevetgroup.pt\/cascais\/wp-json\/wp\/v2\/users\/1"}],"replies":[{"embeddable":true,"href":"https:\/\/onevetgroup.pt\/cascais\/wp-json\/wp\/v2\/comments?post=14008"}],"version-history":[{"count":0,"href":"https:\/\/onevetgroup.pt\/cascais\/wp-json\/wp\/v2\/pages\/14008\/revisions"}],"wp:attachment":[{"href":"https:\/\/onevetgroup.pt\/cascais\/wp-json\/wp\/v2\/media?parent=14008"}],"curies":[{"name":"wp","href":"https:\/\/api.w.org\/{rel}","templated":true}]}}