{"id":15234,"date":"2021-06-15T11:31:27","date_gmt":"2021-06-15T11:31:27","guid":{"rendered":"http:\/\/onevet.pt\/cascais\/?page_id=15234"},"modified":"2026-04-07T11:50:41","modified_gmt":"2026-04-07T11:50:41","slug":"hospitalizacao","status":"publish","type":"page","link":"https:\/\/onevetgroup.pt\/cascais\/servicos-veterinarios\/hospitalizacao\/","title":{"rendered":"Hospitaliza\u00e7\u00e3o"},"content":{"rendered":"\t\t<div data-elementor-type=\"wp-page\" data-elementor-id=\"15234\" class=\"elementor elementor-15234 elementor-523\" data-elementor-post-type=\"page\">\n\t\t\t\t\t\t<section class=\"elementor-section elementor-top-section elementor-element elementor-element-d47bece pad-top-0 elementor-section-boxed elementor-section-height-default elementor-section-height-default\" data-id=\"d47bece\" data-element_type=\"section\" data-e-type=\"section\" id=\"main-sec\">\n\t\t\t\t\t\t<div class=\"elementor-container elementor-column-gap-wide\">\n\t\t\t\t\t<div class=\"elementor-column elementor-col-50 elementor-top-column elementor-element elementor-element-17d14fe\" data-id=\"17d14fe\" data-element_type=\"column\" data-e-type=\"column\">\n\t\t\t<div class=\"elementor-widget-wrap elementor-element-populated\">\n\t\t\t\t\t\t<div class=\"elementor-element elementor-element-aea8b6d elementor-widget elementor-widget-image\" data-id=\"aea8b6d\" data-element_type=\"widget\" data-e-type=\"widget\" data-widget_type=\"image.default\">\n\t\t\t\t<div class=\"elementor-widget-container\">\n\t\t\t\t\t\t\t\t\t\t\t\t\t\t\t<img fetchpriority=\"high\" width=\"500\" height=\"333\" class=\"attachment-large size-large wp-image-399 lazy\" alt=\"\" data-src=\"https:\/\/onevetgroup.pt\/cascais\/wp-content\/uploads\/sites\/35\/2020\/10\/Depositphotos_48497949_original.jpg\" data-lazy=\"https:\/\/onevetgroup.pt\/cascais\/wp-content\/uploads\/sites\/35\/2020\/10\/Depositphotos_48497949_original.jpg\" \/>\t\t\t\t\t\t\t\t\t\t\t\t\t\t\t<\/div>\n\t\t\t\t<\/div>\n\t\t\t\t\t<\/div>\n\t\t<\/div>\n\t\t\t\t<div class=\"elementor-column elementor-col-50 elementor-top-column elementor-element elementor-element-c7280af\" data-id=\"c7280af\" data-element_type=\"column\" data-e-type=\"column\">\n\t\t\t<div class=\"elementor-widget-wrap elementor-element-populated\">\n\t\t\t\t\t\t<div class=\"elementor-element elementor-element-feb8866 elementor-widget elementor-widget-text-editor\" data-id=\"feb8866\" data-element_type=\"widget\" data-e-type=\"widget\" data-widget_type=\"text-editor.default\">\n\t\t\t\t<div class=\"elementor-widget-container\">\n\t\t\t\t\t\t\t\t\t<div class=\"ewa-rteLine\"><p>Na Onevet Hospital Veterin\u00e1rio Cascais , em Parede, estamos empenhados em prestar os melhores cuidados aos nossos pacientes.<\/p><p>Disponibilizamos \u00e1reas separadas para c\u00e3es e gatos, bem como uma \u00e1rea independente para animais com doen\u00e7as infecciosas.<\/p><p>Os pacientes da Onevet Hospital Veterin\u00e1rio Cascais  s\u00e3o constantemente monitorizados pelos nossos veterin\u00e1rios. A nossa cl\u00ednica disp\u00f5e de equipamento de perfus\u00e3o cont\u00ednua para terapia de fluidos, nutri\u00e7\u00e3o por sonda nasoesof\u00e1gica, drenos, cateteres, oxigenoterapia, l\u00e2mpadas de calor e muito mais.<\/p><\/div>\t\t\t\t\t\t\t\t<\/div>\n\t\t\t\t<\/div>\n\t\t\t\t\t<\/div>\n\t\t<\/div>\n\t\t\t\t\t<\/div>\n\t\t<\/section>\n\t\t\t\t<section class=\"elementor-section elementor-top-section elementor-element elementor-element-f1f8860 elementor-section-boxed elementor-section-height-default elementor-section-height-default\" data-id=\"f1f8860\" data-element_type=\"section\" data-e-type=\"section\">\n\t\t\t\t\t\t<div class=\"elementor-container elementor-column-gap-default\">\n\t\t\t\t\t<div class=\"elementor-column elementor-col-100 elementor-top-column elementor-element elementor-element-a371cb8\" data-id=\"a371cb8\" data-element_type=\"column\" data-e-type=\"column\">\n\t\t\t<div class=\"elementor-widget-wrap elementor-element-populated\">\n\t\t\t\t\t\t<div class=\"elementor-element elementor-element-98700a0 elementor-widget elementor-widget-text-editor\" data-id=\"98700a0\" data-element_type=\"widget\" data-e-type=\"widget\" data-widget_type=\"text-editor.default\">\n\t\t\t\t<div class=\"elementor-widget-container\">\n\t\t\t\t\t\t\t\t\t<p>A hospitaliza\u00e7\u00e3o \u00e9 essencial para animais que acabaram de ser submetidos a cirurgia devido a doen\u00e7as que requerem tratamento e supervis\u00e3o cont\u00ednua (insufici\u00eancia renal, processos infecciosos graves, dist\u00farbios digestivos&#8230;), onde recebem terapia de fluidos intravenosos, nutri\u00e7\u00e3o parent\u00e9rica e medica\u00e7\u00e3o.<\/p><p>Os nossos veterin\u00e1rios e assistentes na Onevet Hospital Veterin\u00e1rio Cascais  asseguram uma supervis\u00e3o constante, verificando a hidrata\u00e7\u00e3o do seu animal de estima\u00e7\u00e3o, a ingest\u00e3o de alimentos, os sinais vitais, os n\u00edveis de oxig\u00e9nio, etc.<\/p><p>Isto permite-lhes estar a par de quaisquer altera\u00e7\u00f5es no estado do paciente, para que possam administrar o tratamento adequado.<\/p><p>Dispomos de duas \u00e1reas distintas para cuidar de c\u00e3es e gatos e de uma terceira \u00e1rea independente para isolar animais com doen\u00e7as infecciosas, a fim de evitar um poss\u00edvel cont\u00e1gio.<\/p><p>Contamos com equipamento para monitoriza\u00e7\u00e3o e tratamento de todos os tipos de animais (l\u00e2mpadas de calor, equipamento de perfus\u00e3o e uma gaiola de unidade de cuidados intensivos (UCI) na qual o oxig\u00e9nio e a temperatura s\u00e3o controlados).<\/p>\t\t\t\t\t\t\t\t<\/div>\n\t\t\t\t<\/div>\n\t\t\t\t\t<\/div>\n\t\t<\/div>\n\t\t\t\t\t<\/div>\n\t\t<\/section>\n\t\t\t\t<\/div>\n\t\t","protected":false},"excerpt":{"rendered":"<p>Na , em , estamos empenhados em prestar os melhores cuidados aos nossos pacientes. Disponibilizamos \u00e1reas separadas para c\u00e3es e gatos, bem como uma \u00e1rea independente para animais com doen\u00e7as infecciosas. Os pacientes da s\u00e3o constantemente monitorizados pelos nossos veterin\u00e1rios. A nossa cl\u00ednica disp\u00f5e de equipamento de perfus\u00e3o cont\u00ednua para terapia de fluidos, nutri\u00e7\u00e3o por &hellip; <\/p>\n","protected":false},"author":4,"featured_media":0,"parent":14053,"menu_order":0,"comment_status":"closed","ping_status":"closed","template":"page-fullwidth.php","meta":{"_acf_changed":false,"content-type":"","footnotes":""},"class_list":["post-15234","page","type-page","status-publish","hentry"],"acf":[],"yoast_head":"<!-- This site is optimized with the Yoast SEO plugin v27.4 - https:\/\/yoast.com\/product\/yoast-seo-wordpress\/ -->\n<title>Hospitaliza\u00e7\u00e3o - Cascais<\/title>\n<meta name=\"robots\" content=\"index, follow, max-snippet:-1, max-image-preview:large, max-video-preview:-1\" \/>\n<link rel=\"canonical\" href=\"https:\/\/onevetgroup.pt\/cascais\/servicos-veterinarios\/hospitalizacao\/\" \/>\n<meta property=\"og:locale\" content=\"pt_PT\" \/>\n<meta property=\"og:type\" content=\"article\" \/>\n<meta property=\"og:title\" content=\"Hospitaliza\u00e7\u00e3o - Cascais\" \/>\n<meta property=\"og:description\" content=\"Na , em , estamos empenhados em prestar os melhores cuidados aos nossos pacientes. Disponibilizamos \u00e1reas separadas para c\u00e3es e gatos, bem como uma \u00e1rea independente para animais com doen\u00e7as infecciosas. Os pacientes da s\u00e3o constantemente monitorizados pelos nossos veterin\u00e1rios. A nossa cl\u00ednica disp\u00f5e de equipamento de perfus\u00e3o cont\u00ednua para terapia de fluidos, nutri\u00e7\u00e3o por &hellip;\" \/>\n<meta property=\"og:url\" content=\"https:\/\/onevetgroup.pt\/cascais\/servicos-veterinarios\/hospitalizacao\/\" \/>\n<meta property=\"og:site_name\" content=\"Cascais\" \/>\n<meta property=\"article:modified_time\" content=\"2026-04-07T11:50:41+00:00\" \/>\n<meta property=\"og:image\" content=\"https:\/\/onevetgroup.pt\/cascais\/wp-content\/uploads\/sites\/35\/2020\/10\/Depositphotos_48497949_original.jpg\" \/>\n<meta name=\"twitter:card\" content=\"summary_large_image\" \/>\n<meta name=\"twitter:label1\" content=\"Tempo estimado de leitura\" \/>\n\t<meta name=\"twitter:data1\" content=\"2 minutos\" \/>\n<script type=\"application\/ld+json\" class=\"yoast-schema-graph\">{\"@context\":\"https:\\\/\\\/schema.org\",\"@graph\":[{\"@type\":\"WebPage\",\"@id\":\"https:\\\/\\\/onevetgroup.pt\\\/cascais\\\/servicos-veterinarios\\\/hospitalizacao\\\/\",\"url\":\"https:\\\/\\\/onevetgroup.pt\\\/cascais\\\/servicos-veterinarios\\\/hospitalizacao\\\/\",\"name\":\"Hospitaliza\u00e7\u00e3o - Cascais\",\"isPartOf\":{\"@id\":\"https:\\\/\\\/onevetgroup.pt\\\/cascais\\\/#website\"},\"primaryImageOfPage\":{\"@id\":\"https:\\\/\\\/onevetgroup.pt\\\/cascais\\\/servicos-veterinarios\\\/hospitalizacao\\\/#primaryimage\"},\"image\":{\"@id\":\"https:\\\/\\\/onevetgroup.pt\\\/cascais\\\/servicos-veterinarios\\\/hospitalizacao\\\/#primaryimage\"},\"thumbnailUrl\":\"https:\\\/\\\/onevetgroup.pt\\\/cascais\\\/wp-content\\\/uploads\\\/sites\\\/35\\\/2020\\\/10\\\/Depositphotos_48497949_original.jpg\",\"datePublished\":\"2021-06-15T11:31:27+00:00\",\"dateModified\":\"2026-04-07T11:50:41+00:00\",\"breadcrumb\":{\"@id\":\"https:\\\/\\\/onevetgroup.pt\\\/cascais\\\/servicos-veterinarios\\\/hospitalizacao\\\/#breadcrumb\"},\"inLanguage\":\"pt-PT\",\"potentialAction\":[{\"@type\":\"ReadAction\",\"target\":[\"https:\\\/\\\/onevetgroup.pt\\\/cascais\\\/servicos-veterinarios\\\/hospitalizacao\\\/\"]}]},{\"@type\":\"ImageObject\",\"inLanguage\":\"pt-PT\",\"@id\":\"https:\\\/\\\/onevetgroup.pt\\\/cascais\\\/servicos-veterinarios\\\/hospitalizacao\\\/#primaryimage\",\"url\":\"https:\\\/\\\/onevetgroup.pt\\\/cascais\\\/wp-content\\\/uploads\\\/sites\\\/35\\\/2020\\\/10\\\/Depositphotos_48497949_original.jpg\",\"contentUrl\":\"https:\\\/\\\/onevetgroup.pt\\\/cascais\\\/wp-content\\\/uploads\\\/sites\\\/35\\\/2020\\\/10\\\/Depositphotos_48497949_original.jpg\",\"width\":500,\"height\":333},{\"@type\":\"BreadcrumbList\",\"@id\":\"https:\\\/\\\/onevetgroup.pt\\\/cascais\\\/servicos-veterinarios\\\/hospitalizacao\\\/#breadcrumb\",\"itemListElement\":[{\"@type\":\"ListItem\",\"position\":1,\"name\":\"Home\",\"item\":\"https:\\\/\\\/onevetgroup.pt\\\/cascais\\\/\"},{\"@type\":\"ListItem\",\"position\":2,\"name\":\"Servi\u00e7os de Cuidados para Animais de Estima\u00e7\u00e3o\",\"item\":\"https:\\\/\\\/onevetgroup.pt\\\/cascais\\\/servicos-veterinarios\\\/\"},{\"@type\":\"ListItem\",\"position\":3,\"name\":\"Hospitaliza\u00e7\u00e3o\"}]},{\"@type\":\"WebSite\",\"@id\":\"https:\\\/\\\/onevetgroup.pt\\\/cascais\\\/#website\",\"url\":\"https:\\\/\\\/onevetgroup.pt\\\/cascais\\\/\",\"name\":\"Cascais\",\"description\":\"Your Pets in Good Hands\",\"publisher\":{\"@id\":\"https:\\\/\\\/onevetgroup.pt\\\/cascais\\\/#organization\"},\"potentialAction\":[{\"@type\":\"SearchAction\",\"target\":{\"@type\":\"EntryPoint\",\"urlTemplate\":\"https:\\\/\\\/onevetgroup.pt\\\/cascais\\\/?s={search_term_string}\"},\"query-input\":{\"@type\":\"PropertyValueSpecification\",\"valueRequired\":true,\"valueName\":\"search_term_string\"}}],\"inLanguage\":\"pt-PT\"},{\"@type\":\"Organization\",\"@id\":\"https:\\\/\\\/onevetgroup.pt\\\/cascais\\\/#organization\",\"name\":\"Cascais\",\"url\":\"https:\\\/\\\/onevetgroup.pt\\\/cascais\\\/\",\"logo\":{\"@type\":\"ImageObject\",\"inLanguage\":\"pt-PT\",\"@id\":\"https:\\\/\\\/onevetgroup.pt\\\/cascais\\\/#\\\/schema\\\/logo\\\/image\\\/\",\"url\":\"https:\\\/\\\/onevetgroup.pt\\\/cascais\\\/wp-content\\\/uploads\\\/sites\\\/35\\\/2023\\\/07\\\/cropped-onevet_hvcascais_horizontal-1-e1689940737914-1.png\",\"contentUrl\":\"https:\\\/\\\/onevetgroup.pt\\\/cascais\\\/wp-content\\\/uploads\\\/sites\\\/35\\\/2023\\\/07\\\/cropped-onevet_hvcascais_horizontal-1-e1689940737914-1.png\",\"width\":266,\"height\":77,\"caption\":\"Cascais\"},\"image\":{\"@id\":\"https:\\\/\\\/onevetgroup.pt\\\/cascais\\\/#\\\/schema\\\/logo\\\/image\\\/\"}}]}<\/script>\n<!-- \/ Yoast SEO plugin. -->","yoast_head_json":{"title":"Hospitaliza\u00e7\u00e3o - Cascais","robots":{"index":"index","follow":"follow","max-snippet":"max-snippet:-1","max-image-preview":"max-image-preview:large","max-video-preview":"max-video-preview:-1"},"canonical":"https:\/\/onevetgroup.pt\/cascais\/servicos-veterinarios\/hospitalizacao\/","og_locale":"pt_PT","og_type":"article","og_title":"Hospitaliza\u00e7\u00e3o - Cascais","og_description":"Na , em , estamos empenhados em prestar os melhores cuidados aos nossos pacientes. Disponibilizamos \u00e1reas separadas para c\u00e3es e gatos, bem como uma \u00e1rea independente para animais com doen\u00e7as infecciosas. Os pacientes da s\u00e3o constantemente monitorizados pelos nossos veterin\u00e1rios. A nossa cl\u00ednica disp\u00f5e de equipamento de perfus\u00e3o cont\u00ednua para terapia de fluidos, nutri\u00e7\u00e3o por &hellip;","og_url":"https:\/\/onevetgroup.pt\/cascais\/servicos-veterinarios\/hospitalizacao\/","og_site_name":"Cascais","article_modified_time":"2026-04-07T11:50:41+00:00","og_image":[{"url":"https:\/\/onevetgroup.pt\/cascais\/wp-content\/uploads\/sites\/35\/2020\/10\/Depositphotos_48497949_original.jpg","type":"","width":"","height":""}],"twitter_card":"summary_large_image","twitter_misc":{"Tempo estimado de leitura":"2 minutos"},"schema":{"@context":"https:\/\/schema.org","@graph":[{"@type":"WebPage","@id":"https:\/\/onevetgroup.pt\/cascais\/servicos-veterinarios\/hospitalizacao\/","url":"https:\/\/onevetgroup.pt\/cascais\/servicos-veterinarios\/hospitalizacao\/","name":"Hospitaliza\u00e7\u00e3o - Cascais","isPartOf":{"@id":"https:\/\/onevetgroup.pt\/cascais\/#website"},"primaryImageOfPage":{"@id":"https:\/\/onevetgroup.pt\/cascais\/servicos-veterinarios\/hospitalizacao\/#primaryimage"},"image":{"@id":"https:\/\/onevetgroup.pt\/cascais\/servicos-veterinarios\/hospitalizacao\/#primaryimage"},"thumbnailUrl":"https:\/\/onevetgroup.pt\/cascais\/wp-content\/uploads\/sites\/35\/2020\/10\/Depositphotos_48497949_original.jpg","datePublished":"2021-06-15T11:31:27+00:00","dateModified":"2026-04-07T11:50:41+00:00","breadcrumb":{"@id":"https:\/\/onevetgroup.pt\/cascais\/servicos-veterinarios\/hospitalizacao\/#breadcrumb"},"inLanguage":"pt-PT","potentialAction":[{"@type":"ReadAction","target":["https:\/\/onevetgroup.pt\/cascais\/servicos-veterinarios\/hospitalizacao\/"]}]},{"@type":"ImageObject","inLanguage":"pt-PT","@id":"https:\/\/onevetgroup.pt\/cascais\/servicos-veterinarios\/hospitalizacao\/#primaryimage","url":"https:\/\/onevetgroup.pt\/cascais\/wp-content\/uploads\/sites\/35\/2020\/10\/Depositphotos_48497949_original.jpg","contentUrl":"https:\/\/onevetgroup.pt\/cascais\/wp-content\/uploads\/sites\/35\/2020\/10\/Depositphotos_48497949_original.jpg","width":500,"height":333},{"@type":"BreadcrumbList","@id":"https:\/\/onevetgroup.pt\/cascais\/servicos-veterinarios\/hospitalizacao\/#breadcrumb","itemListElement":[{"@type":"ListItem","position":1,"name":"Home","item":"https:\/\/onevetgroup.pt\/cascais\/"},{"@type":"ListItem","position":2,"name":"Servi\u00e7os de Cuidados para Animais de Estima\u00e7\u00e3o","item":"https:\/\/onevetgroup.pt\/cascais\/servicos-veterinarios\/"},{"@type":"ListItem","position":3,"name":"Hospitaliza\u00e7\u00e3o"}]},{"@type":"WebSite","@id":"https:\/\/onevetgroup.pt\/cascais\/#website","url":"https:\/\/onevetgroup.pt\/cascais\/","name":"Cascais","description":"Your Pets in Good Hands","publisher":{"@id":"https:\/\/onevetgroup.pt\/cascais\/#organization"},"potentialAction":[{"@type":"SearchAction","target":{"@type":"EntryPoint","urlTemplate":"https:\/\/onevetgroup.pt\/cascais\/?s={search_term_string}"},"query-input":{"@type":"PropertyValueSpecification","valueRequired":true,"valueName":"search_term_string"}}],"inLanguage":"pt-PT"},{"@type":"Organization","@id":"https:\/\/onevetgroup.pt\/cascais\/#organization","name":"Cascais","url":"https:\/\/onevetgroup.pt\/cascais\/","logo":{"@type":"ImageObject","inLanguage":"pt-PT","@id":"https:\/\/onevetgroup.pt\/cascais\/#\/schema\/logo\/image\/","url":"https:\/\/onevetgroup.pt\/cascais\/wp-content\/uploads\/sites\/35\/2023\/07\/cropped-onevet_hvcascais_horizontal-1-e1689940737914-1.png","contentUrl":"https:\/\/onevetgroup.pt\/cascais\/wp-content\/uploads\/sites\/35\/2023\/07\/cropped-onevet_hvcascais_horizontal-1-e1689940737914-1.png","width":266,"height":77,"caption":"Cascais"},"image":{"@id":"https:\/\/onevetgroup.pt\/cascais\/#\/schema\/logo\/image\/"}}]}},"_links":{"self":[{"href":"https:\/\/onevetgroup.pt\/cascais\/wp-json\/wp\/v2\/pages\/15234","targetHints":{"allow":["GET"]}}],"collection":[{"href":"https:\/\/onevetgroup.pt\/cascais\/wp-json\/wp\/v2\/pages"}],"about":[{"href":"https:\/\/onevetgroup.pt\/cascais\/wp-json\/wp\/v2\/types\/page"}],"author":[{"embeddable":true,"href":"https:\/\/onevetgroup.pt\/cascais\/wp-json\/wp\/v2\/users\/4"}],"replies":[{"embeddable":true,"href":"https:\/\/onevetgroup.pt\/cascais\/wp-json\/wp\/v2\/comments?post=15234"}],"version-history":[{"count":9,"href":"https:\/\/onevetgroup.pt\/cascais\/wp-json\/wp\/v2\/pages\/15234\/revisions"}],"predecessor-version":[{"id":20012,"href":"https:\/\/onevetgroup.pt\/cascais\/wp-json\/wp\/v2\/pages\/15234\/revisions\/20012"}],"up":[{"embeddable":true,"href":"https:\/\/onevetgroup.pt\/cascais\/wp-json\/wp\/v2\/pages\/14053"}],"wp:attachment":[{"href":"https:\/\/onevetgroup.pt\/cascais\/wp-json\/wp\/v2\/media?parent=15234"}],"curies":[{"name":"wp","href":"https:\/\/api.w.org\/{rel}","templated":true}]}}