{"id":17846,"date":"2022-07-01T09:40:57","date_gmt":"2022-07-01T09:40:57","guid":{"rendered":"https:\/\/onevet.pt\/cascais\/?page_id=17846"},"modified":"2023-07-18T13:39:55","modified_gmt":"2023-07-18T13:39:55","slug":"instalacoes","status":"publish","type":"page","link":"https:\/\/onevetgroup.pt\/cascais\/instalacoes\/","title":{"rendered":"Instala\u00e7\u00f5es"},"content":{"rendered":"\t\t<div data-elementor-type=\"wp-page\" data-elementor-id=\"17846\" class=\"elementor elementor-17846\" data-elementor-post-type=\"page\">\n\t\t\t\t\t\t<section class=\"elementor-section elementor-top-section elementor-element elementor-element-54cf215 pad-top-0 elementor-section-boxed elementor-section-height-default elementor-section-height-default\" data-id=\"54cf215\" data-element_type=\"section\" id=\"main-sec\" data-settings=\"{&quot;background_background&quot;:&quot;classic&quot;}\">\n\t\t\t\t\t\t<div class=\"elementor-container elementor-column-gap-wide\">\n\t\t\t\t\t<div class=\"elementor-column elementor-col-100 elementor-top-column elementor-element elementor-element-d926441\" data-id=\"d926441\" data-element_type=\"column\">\n\t\t\t<div class=\"elementor-widget-wrap elementor-element-populated\">\n\t\t\t\t\t\t<div class=\"elementor-element elementor-element-ac5c964 elementor-widget elementor-widget-text-editor\" data-id=\"ac5c964\" data-element_type=\"widget\" data-widget_type=\"text-editor.default\">\n\t\t\t\t<div class=\"elementor-widget-container\">\n\t\t\t\t\t\t\t\t\t<p>Destacamos a nossa ampla rece\u00e7\u00e3o, com uma parte de ra\u00e7\u00e3o \u00e0 venda para o seu companheiro e uma vasta gama de acess\u00f3rios; os nossos 3 consult\u00f3rios, 2 para c\u00e3es e 1 exclusivo para gatos, com sala de espera diferenciada dos c\u00e3es. Tamb\u00e9m contamos com equipamento de radiologia digital, ecografia, ecocardiografia e laborat\u00f3rio pr\u00f3prio. Fazemos cirurgia de traumatologia e ortopedia (servi\u00e7o diferenciado na nossa unidade).<\/p>\t\t\t\t\t\t\t\t<\/div>\n\t\t\t\t<\/div>\n\t\t\t\t<section class=\"elementor-section elementor-inner-section elementor-element elementor-element-98275a1 elementor-section-boxed elementor-section-height-default elementor-section-height-default\" data-id=\"98275a1\" data-element_type=\"section\">\n\t\t\t\t\t\t<div class=\"elementor-container elementor-column-gap-default\">\n\t\t\t\t\t<div class=\"elementor-column elementor-col-50 elementor-inner-column elementor-element elementor-element-07b222c\" data-id=\"07b222c\" data-element_type=\"column\">\n\t\t\t<div class=\"elementor-widget-wrap elementor-element-populated\">\n\t\t\t\t\t\t<div class=\"elementor-element elementor-element-44b52f4 elementor-widget elementor-widget-image\" data-id=\"44b52f4\" data-element_type=\"widget\" data-widget_type=\"image.default\">\n\t\t\t\t<div class=\"elementor-widget-container\">\n\t\t\t\t\t\t\t\t\t\t\t\t\t\t\t<img fetchpriority=\"high\" width=\"2048\" height=\"1365\" class=\"attachment-2048x2048 size-2048x2048 wp-image-19472 lazy\" alt=\"\" data-src=\"https:\/\/onevetgroup.pt\/cascais\/wp-content\/uploads\/sites\/35\/2023\/07\/DSC_3860-2048x1365.jpg\" data-lazy=\"https:\/\/onevetgroup.pt\/cascais\/wp-content\/uploads\/sites\/35\/2023\/07\/DSC_3860-2048x1365.jpg\" \/>\t\t\t\t\t\t\t\t\t\t\t\t\t\t\t<\/div>\n\t\t\t\t<\/div>\n\t\t\t\t\t<\/div>\n\t\t<\/div>\n\t\t\t\t<div class=\"elementor-column elementor-col-50 elementor-inner-column elementor-element elementor-element-e32254f\" data-id=\"e32254f\" data-element_type=\"column\">\n\t\t\t<div class=\"elementor-widget-wrap elementor-element-populated\">\n\t\t\t\t\t\t<div class=\"elementor-element elementor-element-6494dd8 elementor-widget elementor-widget-text-editor\" data-id=\"6494dd8\" data-element_type=\"widget\" data-widget_type=\"text-editor.default\">\n\t\t\t\t<div class=\"elementor-widget-container\">\n\t\t\t\t\t\t\t\t\t<p>O nosso Hospital passou por um rebranding recentemente e est\u00e1 totalmente preparado e equipado com o melhor conforto e tecnologia para poder oferecer um servi\u00e7o de excl\u00eancia aos nossos clientes e pacientes de 4 patas.<\/p><p>Somos uma unidade Cat Friendly onde dispomos de uma sala de espera e 1 consult\u00f3rio exclusivo para gatos e detemos o certificado de ouro com base nas recomenda\u00e7\u00f5es da Internacional Society of Feline Medicine e da Internacional Cat Care para o bem-estar felino numa unidade veterin\u00e1ria.<\/p><p>Disponibilizamos tamb\u00e9m de 2 consult\u00f3rios para c\u00e3es, salas de forma\u00e7\u00e3o e uma servi\u00e7o de Ortopedia diferenciado.<\/p>\t\t\t\t\t\t\t\t<\/div>\n\t\t\t\t<\/div>\n\t\t\t\t\t<\/div>\n\t\t<\/div>\n\t\t\t\t\t<\/div>\n\t\t<\/section>\n\t\t\t\t<section class=\"elementor-section elementor-inner-section elementor-element elementor-element-dde928b elementor-section-boxed elementor-section-height-default elementor-section-height-default\" data-id=\"dde928b\" data-element_type=\"section\">\n\t\t\t\t\t\t<div class=\"elementor-container elementor-column-gap-default\">\n\t\t\t\t\t<div class=\"elementor-column elementor-col-50 elementor-inner-column elementor-element elementor-element-cc2bfd3\" data-id=\"cc2bfd3\" data-element_type=\"column\">\n\t\t\t<div class=\"elementor-widget-wrap elementor-element-populated\">\n\t\t\t\t\t\t<div class=\"elementor-element elementor-element-ad87997 elementor-align-center elementor-widget elementor-widget-button\" data-id=\"ad87997\" data-element_type=\"widget\" data-widget_type=\"button.default\">\n\t\t\t\t<div class=\"elementor-widget-container\">\n\t\t\t\t\t\t\t\t\t<div class=\"elementor-button-wrapper\">\n\t\t\t\t\t<a class=\"elementor-button elementor-button-link elementor-size-sm\" href=\"\/cascais\/a-nossa-equipa\/\">\n\t\t\t\t\t\t<span class=\"elementor-button-content-wrapper\">\n\t\t\t\t\t\t\t\t\t<span class=\"elementor-button-text\">A Nossa Equipa<\/span>\n\t\t\t\t\t<\/span>\n\t\t\t\t\t<\/a>\n\t\t\t\t<\/div>\n\t\t\t\t\t\t\t\t<\/div>\n\t\t\t\t<\/div>\n\t\t\t\t\t<\/div>\n\t\t<\/div>\n\t\t\t\t<div class=\"elementor-column elementor-col-50 elementor-inner-column elementor-element elementor-element-5abf707\" data-id=\"5abf707\" data-element_type=\"column\">\n\t\t\t<div class=\"elementor-widget-wrap elementor-element-populated\">\n\t\t\t\t\t\t<div class=\"elementor-element elementor-element-48e57d7 elementor-align-center elementor-widget elementor-widget-button\" data-id=\"48e57d7\" data-element_type=\"widget\" data-widget_type=\"button.default\">\n\t\t\t\t<div class=\"elementor-widget-container\">\n\t\t\t\t\t\t\t\t\t<div class=\"elementor-button-wrapper\">\n\t\t\t\t\t<a class=\"elementor-button elementor-button-link elementor-size-sm\" href=\"\/cascais\/servicos-veterinarios\/\">\n\t\t\t\t\t\t<span class=\"elementor-button-content-wrapper\">\n\t\t\t\t\t\t\t\t\t<span class=\"elementor-button-text\">Servi\u00e7os Veterin\u00e1rios<\/span>\n\t\t\t\t\t<\/span>\n\t\t\t\t\t<\/a>\n\t\t\t\t<\/div>\n\t\t\t\t\t\t\t\t<\/div>\n\t\t\t\t<\/div>\n\t\t\t\t\t<\/div>\n\t\t<\/div>\n\t\t\t\t\t<\/div>\n\t\t<\/section>\n\t\t\t\t\t<\/div>\n\t\t<\/div>\n\t\t\t\t\t<\/div>\n\t\t<\/section>\n\t\t\t\t<section class=\"elementor-section elementor-top-section elementor-element elementor-element-461daec elementor-section-boxed elementor-section-height-default elementor-section-height-default\" data-id=\"461daec\" data-element_type=\"section\">\n\t\t\t\t\t\t<div class=\"elementor-container elementor-column-gap-default\">\n\t\t\t\t\t<div class=\"elementor-column elementor-col-100 elementor-top-column elementor-element elementor-element-5f2bdae\" data-id=\"5f2bdae\" data-element_type=\"column\">\n\t\t\t<div class=\"elementor-widget-wrap elementor-element-populated\">\n\t\t\t\t\t\t<div class=\"elementor-element elementor-element-0f54842 elementor-widget elementor-widget-gallery\" data-id=\"0f54842\" data-element_type=\"widget\" data-settings=\"{&quot;columns&quot;:&quot;3&quot;,&quot;aspect_ratio&quot;:&quot;1:1&quot;,&quot;lazyload&quot;:&quot;yes&quot;,&quot;gallery_layout&quot;:&quot;grid&quot;,&quot;columns_tablet&quot;:2,&quot;columns_mobile&quot;:1,&quot;gap&quot;:{&quot;unit&quot;:&quot;px&quot;,&quot;size&quot;:10,&quot;sizes&quot;:[]},&quot;gap_tablet&quot;:{&quot;unit&quot;:&quot;px&quot;,&quot;size&quot;:10,&quot;sizes&quot;:[]},&quot;gap_mobile&quot;:{&quot;unit&quot;:&quot;px&quot;,&quot;size&quot;:10,&quot;sizes&quot;:[]},&quot;link_to&quot;:&quot;file&quot;,&quot;overlay_background&quot;:&quot;yes&quot;,&quot;content_hover_animation&quot;:&quot;fade-in&quot;}\" data-widget_type=\"gallery.default\">\n\t\t\t\t<div class=\"elementor-widget-container\">\n\t\t\t\t\t\t\t<div class=\"elementor-gallery__container\">\n\t\t\t\t\t\t\t<a class=\"e-gallery-item elementor-gallery-item elementor-animated-content\" href=\"https:\/\/onevetgroup.pt\/cascais\/wp-content\/uploads\/sites\/35\/2023\/07\/DSC_3870-scaled.jpg\" data-elementor-open-lightbox=\"yes\" data-elementor-lightbox-slideshow=\"0f54842\" data-elementor-lightbox-title=\"DSC_3870\" data-e-action-hash=\"#elementor-action%3Aaction%3Dlightbox%26settings%3DeyJpZCI6MTk0ODksInVybCI6Imh0dHBzOlwvXC9vbmV2ZXRncm91cC5wdFwvY2FzY2Fpc1wvd3AtY29udGVudFwvdXBsb2Fkc1wvc2l0ZXNcLzM1XC8yMDIzXC8wN1wvRFNDXzM4NzAtc2NhbGVkLmpwZyIsInNsaWRlc2hvdyI6IjBmNTQ4NDIifQ%3D%3D\">\n\t\t\t\t\t<div class=\"e-gallery-image elementor-gallery-item__image\" data-thumbnail=\"https:\/\/onevetgroup.pt\/cascais\/wp-content\/uploads\/sites\/35\/2023\/07\/DSC_3870-1024x683.jpg\" data-width=\"724\" data-height=\"483\" aria-label=\"\" role=\"img\" ><\/div>\n\t\t\t\t\t\t\t\t\t\t\t<div class=\"elementor-gallery-item__overlay\"><\/div>\n\t\t\t\t\t\t\t\t\t\t\t\t\t\t<\/a>\n\t\t\t\t\t\t\t<a class=\"e-gallery-item elementor-gallery-item elementor-animated-content\" href=\"https:\/\/onevetgroup.pt\/cascais\/wp-content\/uploads\/sites\/35\/2023\/07\/DSC_4130-scaled.jpg\" data-elementor-open-lightbox=\"yes\" data-elementor-lightbox-slideshow=\"0f54842\" data-elementor-lightbox-title=\"DSC_4130\" data-e-action-hash=\"#elementor-action%3Aaction%3Dlightbox%26settings%3DeyJpZCI6MTk0NzUsInVybCI6Imh0dHBzOlwvXC9vbmV2ZXRncm91cC5wdFwvY2FzY2Fpc1wvd3AtY29udGVudFwvdXBsb2Fkc1wvc2l0ZXNcLzM1XC8yMDIzXC8wN1wvRFNDXzQxMzAtc2NhbGVkLmpwZyIsInNsaWRlc2hvdyI6IjBmNTQ4NDIifQ%3D%3D\">\n\t\t\t\t\t<div class=\"e-gallery-image elementor-gallery-item__image\" data-thumbnail=\"https:\/\/onevetgroup.pt\/cascais\/wp-content\/uploads\/sites\/35\/2023\/07\/DSC_4130-1024x683.jpg\" data-width=\"724\" data-height=\"483\" aria-label=\"\" role=\"img\" ><\/div>\n\t\t\t\t\t\t\t\t\t\t\t<div class=\"elementor-gallery-item__overlay\"><\/div>\n\t\t\t\t\t\t\t\t\t\t\t\t\t\t<\/a>\n\t\t\t\t\t\t\t<a class=\"e-gallery-item elementor-gallery-item elementor-animated-content\" href=\"https:\/\/onevetgroup.pt\/cascais\/wp-content\/uploads\/sites\/35\/2023\/07\/DSC_3853-scaled.jpg\" data-elementor-open-lightbox=\"yes\" data-elementor-lightbox-slideshow=\"0f54842\" data-elementor-lightbox-title=\"DSC_3853\" data-e-action-hash=\"#elementor-action%3Aaction%3Dlightbox%26settings%3DeyJpZCI6MTk0ODMsInVybCI6Imh0dHBzOlwvXC9vbmV2ZXRncm91cC5wdFwvY2FzY2Fpc1wvd3AtY29udGVudFwvdXBsb2Fkc1wvc2l0ZXNcLzM1XC8yMDIzXC8wN1wvRFNDXzM4NTMtc2NhbGVkLmpwZyIsInNsaWRlc2hvdyI6IjBmNTQ4NDIifQ%3D%3D\">\n\t\t\t\t\t<div class=\"e-gallery-image elementor-gallery-item__image\" data-thumbnail=\"https:\/\/onevetgroup.pt\/cascais\/wp-content\/uploads\/sites\/35\/2023\/07\/DSC_3853-1024x683.jpg\" data-width=\"724\" data-height=\"483\" aria-label=\"\" role=\"img\" ><\/div>\n\t\t\t\t\t\t\t\t\t\t\t<div class=\"elementor-gallery-item__overlay\"><\/div>\n\t\t\t\t\t\t\t\t\t\t\t\t\t\t<\/a>\n\t\t\t\t\t\t\t<a class=\"e-gallery-item elementor-gallery-item elementor-animated-content\" href=\"https:\/\/onevetgroup.pt\/cascais\/wp-content\/uploads\/sites\/35\/2023\/07\/DSC_4152-scaled.jpg\" data-elementor-open-lightbox=\"yes\" data-elementor-lightbox-slideshow=\"0f54842\" data-elementor-lightbox-title=\"DSC_4152\" data-e-action-hash=\"#elementor-action%3Aaction%3Dlightbox%26settings%3DeyJpZCI6MTk0NzksInVybCI6Imh0dHBzOlwvXC9vbmV2ZXRncm91cC5wdFwvY2FzY2Fpc1wvd3AtY29udGVudFwvdXBsb2Fkc1wvc2l0ZXNcLzM1XC8yMDIzXC8wN1wvRFNDXzQxNTItc2NhbGVkLmpwZyIsInNsaWRlc2hvdyI6IjBmNTQ4NDIifQ%3D%3D\">\n\t\t\t\t\t<div class=\"e-gallery-image elementor-gallery-item__image\" data-thumbnail=\"https:\/\/onevetgroup.pt\/cascais\/wp-content\/uploads\/sites\/35\/2023\/07\/DSC_4152-1024x683.jpg\" data-width=\"724\" data-height=\"483\" aria-label=\"\" role=\"img\" ><\/div>\n\t\t\t\t\t\t\t\t\t\t\t<div class=\"elementor-gallery-item__overlay\"><\/div>\n\t\t\t\t\t\t\t\t\t\t\t\t\t\t<\/a>\n\t\t\t\t\t\t\t<a class=\"e-gallery-item elementor-gallery-item elementor-animated-content\" href=\"https:\/\/onevetgroup.pt\/cascais\/wp-content\/uploads\/sites\/35\/2023\/07\/DSC_3842-scaled-e1689687362277.jpg\" data-elementor-open-lightbox=\"yes\" data-elementor-lightbox-slideshow=\"0f54842\" data-elementor-lightbox-title=\"DSC_3842\" data-e-action-hash=\"#elementor-action%3Aaction%3Dlightbox%26settings%3DeyJpZCI6MTk0NzcsInVybCI6Imh0dHBzOlwvXC9vbmV2ZXRncm91cC5wdFwvY2FzY2Fpc1wvd3AtY29udGVudFwvdXBsb2Fkc1wvc2l0ZXNcLzM1XC8yMDIzXC8wN1wvRFNDXzM4NDItc2NhbGVkLWUxNjg5Njg3MzYyMjc3LmpwZyIsInNsaWRlc2hvdyI6IjBmNTQ4NDIifQ%3D%3D\">\n\t\t\t\t\t<div class=\"e-gallery-image elementor-gallery-item__image\" data-thumbnail=\"https:\/\/onevetgroup.pt\/cascais\/wp-content\/uploads\/sites\/35\/2023\/07\/DSC_3842-scaled-e1689687362277-1024x841.jpg\" data-width=\"724\" data-height=\"595\" aria-label=\"\" role=\"img\" ><\/div>\n\t\t\t\t\t\t\t\t\t\t\t<div class=\"elementor-gallery-item__overlay\"><\/div>\n\t\t\t\t\t\t\t\t\t\t\t\t\t\t<\/a>\n\t\t\t\t\t\t\t<a class=\"e-gallery-item elementor-gallery-item elementor-animated-content\" href=\"https:\/\/onevetgroup.pt\/cascais\/wp-content\/uploads\/sites\/35\/2023\/07\/DSC_3762-scaled.jpg\" data-elementor-open-lightbox=\"yes\" data-elementor-lightbox-slideshow=\"0f54842\" data-elementor-lightbox-title=\"DSC_3762\" data-e-action-hash=\"#elementor-action%3Aaction%3Dlightbox%26settings%3DeyJpZCI6MTk0ODUsInVybCI6Imh0dHBzOlwvXC9vbmV2ZXRncm91cC5wdFwvY2FzY2Fpc1wvd3AtY29udGVudFwvdXBsb2Fkc1wvc2l0ZXNcLzM1XC8yMDIzXC8wN1wvRFNDXzM3NjItc2NhbGVkLmpwZyIsInNsaWRlc2hvdyI6IjBmNTQ4NDIifQ%3D%3D\">\n\t\t\t\t\t<div class=\"e-gallery-image elementor-gallery-item__image\" data-thumbnail=\"https:\/\/onevetgroup.pt\/cascais\/wp-content\/uploads\/sites\/35\/2023\/07\/DSC_3762-1024x683.jpg\" data-width=\"724\" data-height=\"483\" aria-label=\"\" role=\"img\" ><\/div>\n\t\t\t\t\t\t\t\t\t\t\t<div class=\"elementor-gallery-item__overlay\"><\/div>\n\t\t\t\t\t\t\t\t\t\t\t\t\t\t<\/a>\n\t\t\t\t\t\t\t<a class=\"e-gallery-item elementor-gallery-item elementor-animated-content\" href=\"https:\/\/onevetgroup.pt\/cascais\/wp-content\/uploads\/sites\/35\/2022\/07\/9.jpg\" data-elementor-open-lightbox=\"yes\" data-elementor-lightbox-slideshow=\"0f54842\" data-elementor-lightbox-title=\"9\" data-e-action-hash=\"#elementor-action%3Aaction%3Dlightbox%26settings%3DeyJpZCI6MTkzMzIsInVybCI6Imh0dHBzOlwvXC9vbmV2ZXRncm91cC5wdFwvY2FzY2Fpc1wvd3AtY29udGVudFwvdXBsb2Fkc1wvc2l0ZXNcLzM1XC8yMDIyXC8wN1wvOS5qcGciLCJzbGlkZXNob3ciOiIwZjU0ODQyIn0%3D\">\n\t\t\t\t\t<div class=\"e-gallery-image elementor-gallery-item__image\" data-thumbnail=\"https:\/\/onevetgroup.pt\/cascais\/wp-content\/uploads\/sites\/35\/2022\/07\/9.jpg\" data-width=\"724\" data-height=\"486\" aria-label=\"\" role=\"img\" ><\/div>\n\t\t\t\t\t\t\t\t\t\t\t<div class=\"elementor-gallery-item__overlay\"><\/div>\n\t\t\t\t\t\t\t\t\t\t\t\t\t\t<\/a>\n\t\t\t\t\t\t\t<a class=\"e-gallery-item elementor-gallery-item elementor-animated-content\" href=\"https:\/\/onevetgroup.pt\/cascais\/wp-content\/uploads\/sites\/35\/2023\/07\/DSC_4138-1-scaled-e1689687537135.jpg\" data-elementor-open-lightbox=\"yes\" data-elementor-lightbox-slideshow=\"0f54842\" data-elementor-lightbox-title=\"DSC_4138\" data-e-action-hash=\"#elementor-action%3Aaction%3Dlightbox%26settings%3DeyJpZCI6MTk0OTMsInVybCI6Imh0dHBzOlwvXC9vbmV2ZXRncm91cC5wdFwvY2FzY2Fpc1wvd3AtY29udGVudFwvdXBsb2Fkc1wvc2l0ZXNcLzM1XC8yMDIzXC8wN1wvRFNDXzQxMzgtMS1zY2FsZWQtZTE2ODk2ODc1MzcxMzUuanBnIiwic2xpZGVzaG93IjoiMGY1NDg0MiJ9\">\n\t\t\t\t\t<div class=\"e-gallery-image elementor-gallery-item__image\" data-thumbnail=\"https:\/\/onevetgroup.pt\/cascais\/wp-content\/uploads\/sites\/35\/2023\/07\/DSC_4138-1-scaled-e1689687537135-1024x831.jpg\" data-width=\"724\" data-height=\"588\" aria-label=\"\" role=\"img\" ><\/div>\n\t\t\t\t\t\t\t\t\t\t\t<div class=\"elementor-gallery-item__overlay\"><\/div>\n\t\t\t\t\t\t\t\t\t\t\t\t\t\t<\/a>\n\t\t\t\t\t\t\t<a class=\"e-gallery-item elementor-gallery-item elementor-animated-content\" href=\"https:\/\/onevetgroup.pt\/cascais\/wp-content\/uploads\/sites\/35\/2022\/07\/3-3.jpg\" data-elementor-open-lightbox=\"yes\" data-elementor-lightbox-slideshow=\"0f54842\" data-elementor-lightbox-title=\"3\" data-e-action-hash=\"#elementor-action%3Aaction%3Dlightbox%26settings%3DeyJpZCI6MTkzMjAsInVybCI6Imh0dHBzOlwvXC9vbmV2ZXRncm91cC5wdFwvY2FzY2Fpc1wvd3AtY29udGVudFwvdXBsb2Fkc1wvc2l0ZXNcLzM1XC8yMDIyXC8wN1wvMy0zLmpwZyIsInNsaWRlc2hvdyI6IjBmNTQ4NDIifQ%3D%3D\">\n\t\t\t\t\t<div class=\"e-gallery-image elementor-gallery-item__image\" data-thumbnail=\"https:\/\/onevetgroup.pt\/cascais\/wp-content\/uploads\/sites\/35\/2022\/07\/3-3.jpg\" data-width=\"724\" data-height=\"481\" aria-label=\"\" role=\"img\" ><\/div>\n\t\t\t\t\t\t\t\t\t\t\t<div class=\"elementor-gallery-item__overlay\"><\/div>\n\t\t\t\t\t\t\t\t\t\t\t\t\t\t<\/a>\n\t\t\t\t\t<\/div>\n\t\t\t\t\t<\/div>\n\t\t\t\t<\/div>\n\t\t\t\t\t<\/div>\n\t\t<\/div>\n\t\t\t\t\t<\/div>\n\t\t<\/section>\n\t\t\t\t<\/div>\n\t\t","protected":false},"excerpt":{"rendered":"<p>Destacamos a nossa ampla rece\u00e7\u00e3o, com uma parte de ra\u00e7\u00e3o \u00e0 venda para o seu companheiro e uma vasta gama de acess\u00f3rios; os nossos 3 consult\u00f3rios, 2 para c\u00e3es e 1 exclusivo para gatos, com sala de espera diferenciada dos c\u00e3es. Tamb\u00e9m contamos com equipamento de radiologia digital, ecografia, ecocardiografia e laborat\u00f3rio pr\u00f3prio. Fazemos cirurgia &hellip; <\/p>\n","protected":false},"author":61,"featured_media":0,"parent":0,"menu_order":0,"comment_status":"closed","ping_status":"closed","template":"page-fullwidth.php","meta":{"_acf_changed":false,"content-type":"","footnotes":""},"class_list":["post-17846","page","type-page","status-publish","hentry"],"acf":[],"yoast_head":"<!-- This site is optimized with the Yoast SEO plugin v26.2 - https:\/\/yoast.com\/wordpress\/plugins\/seo\/ -->\n<title>Instala\u00e7\u00f5es - Cascais<\/title>\n<meta name=\"robots\" content=\"index, follow, max-snippet:-1, max-image-preview:large, max-video-preview:-1\" \/>\n<link rel=\"canonical\" href=\"https:\/\/onevetgroup.pt\/cascais\/instalacoes\/\" \/>\n<meta property=\"og:locale\" content=\"pt_PT\" \/>\n<meta property=\"og:type\" content=\"article\" \/>\n<meta property=\"og:title\" content=\"Instala\u00e7\u00f5es - Cascais\" \/>\n<meta property=\"og:description\" content=\"Destacamos a nossa ampla rece\u00e7\u00e3o, com uma parte de ra\u00e7\u00e3o \u00e0 venda para o seu companheiro e uma vasta gama de acess\u00f3rios; os nossos 3 consult\u00f3rios, 2 para c\u00e3es e 1 exclusivo para gatos, com sala de espera diferenciada dos c\u00e3es. Tamb\u00e9m contamos com equipamento de radiologia digital, ecografia, ecocardiografia e laborat\u00f3rio pr\u00f3prio. Fazemos cirurgia &hellip;\" \/>\n<meta property=\"og:url\" content=\"https:\/\/onevetgroup.pt\/cascais\/instalacoes\/\" \/>\n<meta property=\"og:site_name\" content=\"Cascais\" \/>\n<meta property=\"article:modified_time\" content=\"2023-07-18T13:39:55+00:00\" \/>\n<meta property=\"og:image\" content=\"https:\/\/onevet.pt\/cascais\/wp-content\/uploads\/sites\/35\/2023\/07\/DSC_3860-2048x1365.jpg\" \/>\n<meta name=\"twitter:card\" content=\"summary_large_image\" \/>\n<meta name=\"twitter:label1\" content=\"Tempo estimado de leitura\" \/>\n\t<meta name=\"twitter:data1\" content=\"2 minutos\" \/>\n<script type=\"application\/ld+json\" class=\"yoast-schema-graph\">{\"@context\":\"https:\/\/schema.org\",\"@graph\":[{\"@type\":\"WebPage\",\"@id\":\"https:\/\/onevetgroup.pt\/cascais\/instalacoes\/\",\"url\":\"https:\/\/onevetgroup.pt\/cascais\/instalacoes\/\",\"name\":\"Instala\u00e7\u00f5es - Cascais\",\"isPartOf\":{\"@id\":\"https:\/\/onevetgroup.pt\/cascais\/#website\"},\"primaryImageOfPage\":{\"@id\":\"https:\/\/onevetgroup.pt\/cascais\/instalacoes\/#primaryimage\"},\"image\":{\"@id\":\"https:\/\/onevetgroup.pt\/cascais\/instalacoes\/#primaryimage\"},\"thumbnailUrl\":\"https:\/\/onevet.pt\/cascais\/wp-content\/uploads\/sites\/35\/2023\/07\/DSC_3860-2048x1365.jpg\",\"datePublished\":\"2022-07-01T09:40:57+00:00\",\"dateModified\":\"2023-07-18T13:39:55+00:00\",\"breadcrumb\":{\"@id\":\"https:\/\/onevetgroup.pt\/cascais\/instalacoes\/#breadcrumb\"},\"inLanguage\":\"pt-PT\",\"potentialAction\":[{\"@type\":\"ReadAction\",\"target\":[\"https:\/\/onevetgroup.pt\/cascais\/instalacoes\/\"]}]},{\"@type\":\"ImageObject\",\"inLanguage\":\"pt-PT\",\"@id\":\"https:\/\/onevetgroup.pt\/cascais\/instalacoes\/#primaryimage\",\"url\":\"https:\/\/onevet.pt\/cascais\/wp-content\/uploads\/sites\/35\/2023\/07\/DSC_3860-2048x1365.jpg\",\"contentUrl\":\"https:\/\/onevet.pt\/cascais\/wp-content\/uploads\/sites\/35\/2023\/07\/DSC_3860-2048x1365.jpg\"},{\"@type\":\"BreadcrumbList\",\"@id\":\"https:\/\/onevetgroup.pt\/cascais\/instalacoes\/#breadcrumb\",\"itemListElement\":[{\"@type\":\"ListItem\",\"position\":1,\"name\":\"Home\",\"item\":\"https:\/\/onevetgroup.pt\/cascais\/\"},{\"@type\":\"ListItem\",\"position\":2,\"name\":\"Instala\u00e7\u00f5es\"}]},{\"@type\":\"WebSite\",\"@id\":\"https:\/\/onevetgroup.pt\/cascais\/#website\",\"url\":\"https:\/\/onevetgroup.pt\/cascais\/\",\"name\":\"Cascais\",\"description\":\"Your Pets in Good Hands\",\"publisher\":{\"@id\":\"https:\/\/onevetgroup.pt\/cascais\/#organization\"},\"potentialAction\":[{\"@type\":\"SearchAction\",\"target\":{\"@type\":\"EntryPoint\",\"urlTemplate\":\"https:\/\/onevetgroup.pt\/cascais\/?s={search_term_string}\"},\"query-input\":{\"@type\":\"PropertyValueSpecification\",\"valueRequired\":true,\"valueName\":\"search_term_string\"}}],\"inLanguage\":\"pt-PT\"},{\"@type\":\"Organization\",\"@id\":\"https:\/\/onevetgroup.pt\/cascais\/#organization\",\"name\":\"Cascais\",\"url\":\"https:\/\/onevetgroup.pt\/cascais\/\",\"logo\":{\"@type\":\"ImageObject\",\"inLanguage\":\"pt-PT\",\"@id\":\"https:\/\/onevetgroup.pt\/cascais\/#\/schema\/logo\/image\/\",\"url\":\"https:\/\/onevetgroup.pt\/cascais\/wp-content\/uploads\/sites\/35\/2023\/07\/cropped-onevet_hvcascais_horizontal-1-e1689940737914-1.png\",\"contentUrl\":\"https:\/\/onevetgroup.pt\/cascais\/wp-content\/uploads\/sites\/35\/2023\/07\/cropped-onevet_hvcascais_horizontal-1-e1689940737914-1.png\",\"width\":266,\"height\":77,\"caption\":\"Cascais\"},\"image\":{\"@id\":\"https:\/\/onevetgroup.pt\/cascais\/#\/schema\/logo\/image\/\"}}]}<\/script>\n<!-- \/ Yoast SEO plugin. -->","yoast_head_json":{"title":"Instala\u00e7\u00f5es - Cascais","robots":{"index":"index","follow":"follow","max-snippet":"max-snippet:-1","max-image-preview":"max-image-preview:large","max-video-preview":"max-video-preview:-1"},"canonical":"https:\/\/onevetgroup.pt\/cascais\/instalacoes\/","og_locale":"pt_PT","og_type":"article","og_title":"Instala\u00e7\u00f5es - Cascais","og_description":"Destacamos a nossa ampla rece\u00e7\u00e3o, com uma parte de ra\u00e7\u00e3o \u00e0 venda para o seu companheiro e uma vasta gama de acess\u00f3rios; os nossos 3 consult\u00f3rios, 2 para c\u00e3es e 1 exclusivo para gatos, com sala de espera diferenciada dos c\u00e3es. Tamb\u00e9m contamos com equipamento de radiologia digital, ecografia, ecocardiografia e laborat\u00f3rio pr\u00f3prio. Fazemos cirurgia &hellip;","og_url":"https:\/\/onevetgroup.pt\/cascais\/instalacoes\/","og_site_name":"Cascais","article_modified_time":"2023-07-18T13:39:55+00:00","og_image":[{"url":"https:\/\/onevet.pt\/cascais\/wp-content\/uploads\/sites\/35\/2023\/07\/DSC_3860-2048x1365.jpg","type":"","width":"","height":""}],"twitter_card":"summary_large_image","twitter_misc":{"Tempo estimado de leitura":"2 minutos"},"schema":{"@context":"https:\/\/schema.org","@graph":[{"@type":"WebPage","@id":"https:\/\/onevetgroup.pt\/cascais\/instalacoes\/","url":"https:\/\/onevetgroup.pt\/cascais\/instalacoes\/","name":"Instala\u00e7\u00f5es - Cascais","isPartOf":{"@id":"https:\/\/onevetgroup.pt\/cascais\/#website"},"primaryImageOfPage":{"@id":"https:\/\/onevetgroup.pt\/cascais\/instalacoes\/#primaryimage"},"image":{"@id":"https:\/\/onevetgroup.pt\/cascais\/instalacoes\/#primaryimage"},"thumbnailUrl":"https:\/\/onevet.pt\/cascais\/wp-content\/uploads\/sites\/35\/2023\/07\/DSC_3860-2048x1365.jpg","datePublished":"2022-07-01T09:40:57+00:00","dateModified":"2023-07-18T13:39:55+00:00","breadcrumb":{"@id":"https:\/\/onevetgroup.pt\/cascais\/instalacoes\/#breadcrumb"},"inLanguage":"pt-PT","potentialAction":[{"@type":"ReadAction","target":["https:\/\/onevetgroup.pt\/cascais\/instalacoes\/"]}]},{"@type":"ImageObject","inLanguage":"pt-PT","@id":"https:\/\/onevetgroup.pt\/cascais\/instalacoes\/#primaryimage","url":"https:\/\/onevet.pt\/cascais\/wp-content\/uploads\/sites\/35\/2023\/07\/DSC_3860-2048x1365.jpg","contentUrl":"https:\/\/onevet.pt\/cascais\/wp-content\/uploads\/sites\/35\/2023\/07\/DSC_3860-2048x1365.jpg"},{"@type":"BreadcrumbList","@id":"https:\/\/onevetgroup.pt\/cascais\/instalacoes\/#breadcrumb","itemListElement":[{"@type":"ListItem","position":1,"name":"Home","item":"https:\/\/onevetgroup.pt\/cascais\/"},{"@type":"ListItem","position":2,"name":"Instala\u00e7\u00f5es"}]},{"@type":"WebSite","@id":"https:\/\/onevetgroup.pt\/cascais\/#website","url":"https:\/\/onevetgroup.pt\/cascais\/","name":"Cascais","description":"Your Pets in Good Hands","publisher":{"@id":"https:\/\/onevetgroup.pt\/cascais\/#organization"},"potentialAction":[{"@type":"SearchAction","target":{"@type":"EntryPoint","urlTemplate":"https:\/\/onevetgroup.pt\/cascais\/?s={search_term_string}"},"query-input":{"@type":"PropertyValueSpecification","valueRequired":true,"valueName":"search_term_string"}}],"inLanguage":"pt-PT"},{"@type":"Organization","@id":"https:\/\/onevetgroup.pt\/cascais\/#organization","name":"Cascais","url":"https:\/\/onevetgroup.pt\/cascais\/","logo":{"@type":"ImageObject","inLanguage":"pt-PT","@id":"https:\/\/onevetgroup.pt\/cascais\/#\/schema\/logo\/image\/","url":"https:\/\/onevetgroup.pt\/cascais\/wp-content\/uploads\/sites\/35\/2023\/07\/cropped-onevet_hvcascais_horizontal-1-e1689940737914-1.png","contentUrl":"https:\/\/onevetgroup.pt\/cascais\/wp-content\/uploads\/sites\/35\/2023\/07\/cropped-onevet_hvcascais_horizontal-1-e1689940737914-1.png","width":266,"height":77,"caption":"Cascais"},"image":{"@id":"https:\/\/onevetgroup.pt\/cascais\/#\/schema\/logo\/image\/"}}]}},"_links":{"self":[{"href":"https:\/\/onevetgroup.pt\/cascais\/wp-json\/wp\/v2\/pages\/17846","targetHints":{"allow":["GET"]}}],"collection":[{"href":"https:\/\/onevetgroup.pt\/cascais\/wp-json\/wp\/v2\/pages"}],"about":[{"href":"https:\/\/onevetgroup.pt\/cascais\/wp-json\/wp\/v2\/types\/page"}],"author":[{"embeddable":true,"href":"https:\/\/onevetgroup.pt\/cascais\/wp-json\/wp\/v2\/users\/61"}],"replies":[{"embeddable":true,"href":"https:\/\/onevetgroup.pt\/cascais\/wp-json\/wp\/v2\/comments?post=17846"}],"version-history":[{"count":0,"href":"https:\/\/onevetgroup.pt\/cascais\/wp-json\/wp\/v2\/pages\/17846\/revisions"}],"wp:attachment":[{"href":"https:\/\/onevetgroup.pt\/cascais\/wp-json\/wp\/v2\/media?parent=17846"}],"curies":[{"name":"wp","href":"https:\/\/api.w.org\/{rel}","templated":true}]}}