{"id":14008,"date":"2021-02-08T15:28:59","date_gmt":"2021-02-08T15:28:59","guid":{"rendered":"http:\/\/onevet.pt\/porto\/sobre-nos\/"},"modified":"2025-12-17T15:20:55","modified_gmt":"2025-12-17T15:20:55","slug":"sobre-nos","status":"publish","type":"page","link":"https:\/\/onevetgroup.pt\/cvcaldasdarainha\/sobre-nos\/","title":{"rendered":"Sobre N\u00f3s"},"content":{"rendered":"\t\t<div data-elementor-type=\"wp-page\" data-elementor-id=\"14008\" class=\"elementor elementor-14008 elementor-268\" data-elementor-post-type=\"page\">\n\t\t\t\t\t\t<section class=\"elementor-section elementor-top-section elementor-element elementor-element-54cf215 pad-top-0 elementor-section-boxed elementor-section-height-default elementor-section-height-default\" data-id=\"54cf215\" data-element_type=\"section\" data-e-type=\"section\" data-settings=\"{&quot;background_background&quot;:&quot;classic&quot;}\">\n\t\t\t\t\t\t<div class=\"elementor-container elementor-column-gap-default\">\n\t\t\t\t\t<div class=\"elementor-column elementor-col-100 elementor-top-column elementor-element elementor-element-d926441\" data-id=\"d926441\" data-element_type=\"column\" data-e-type=\"column\">\n\t\t\t<div class=\"elementor-widget-wrap elementor-element-populated\">\n\t\t\t\t\t\t<div class=\"elementor-element elementor-element-9725bcd elementor-widget elementor-widget-section_titleleft\" data-id=\"9725bcd\" data-element_type=\"widget\" data-e-type=\"widget\" data-widget_type=\"section_titleleft.default\">\n\t\t\t\t<div class=\"elementor-widget-container\">\n\t\t\t\t\t        <div class=\"ab_text-title fl-wrap\">\r\n            <h3>Onevet Cl\u00ednica Veterin\u00e1ria das Caldas da Rainha com Urg\u00eancias 24h, assegurado pelo Onevet Hospital Veterin\u00e1rio Leiria (HVLR).<\/h3><span class=\"section-separator fl-sec-sep\"><\/span>        <\/div>\r\n        \t\t\t\t<\/div>\n\t\t\t\t<\/div>\n\t\t\t\t<section class=\"elementor-section elementor-inner-section elementor-element elementor-element-35814f4 elementor-section-full_width elementor-section-height-default elementor-section-height-default\" data-id=\"35814f4\" data-element_type=\"section\" data-e-type=\"section\">\n\t\t\t\t\t\t<div class=\"elementor-container elementor-column-gap-wide\">\n\t\t\t\t\t<div class=\"elementor-column elementor-col-50 elementor-inner-column elementor-element elementor-element-7fa3f34\" data-id=\"7fa3f34\" data-element_type=\"column\" data-e-type=\"column\">\n\t\t\t<div class=\"elementor-widget-wrap elementor-element-populated\">\n\t\t\t\t\t\t<div class=\"elementor-element elementor-element-9e79898 elementor-widget elementor-widget-image\" data-id=\"9e79898\" data-element_type=\"widget\" data-e-type=\"widget\" data-widget_type=\"image.default\">\n\t\t\t\t<div class=\"elementor-widget-container\">\n\t\t\t\t\t\t\t\t\t\t\t\t\t\t\t<img fetchpriority=\"high\" width=\"786\" height=\"524\" class=\"attachment-townhub-single-image size-townhub-single-image wp-image-18621 lazy\" alt=\"\" data-src=\"https:\/\/onevetgroup.pt\/cvcaldasdarainha\/wp-content\/uploads\/sites\/86\/2022\/07\/Oftalmo-786x524.jpg\" data-lazy=\"https:\/\/onevetgroup.pt\/cvcaldasdarainha\/wp-content\/uploads\/sites\/86\/2022\/07\/Oftalmo-786x524.jpg\" \/>\t\t\t\t\t\t\t\t\t\t\t\t\t\t\t<\/div>\n\t\t\t\t<\/div>\n\t\t\t\t\t<\/div>\n\t\t<\/div>\n\t\t\t\t<div class=\"elementor-column elementor-col-50 elementor-inner-column elementor-element elementor-element-202374d\" data-id=\"202374d\" data-element_type=\"column\" data-e-type=\"column\">\n\t\t\t<div class=\"elementor-widget-wrap elementor-element-populated\">\n\t\t\t\t\t\t<div class=\"elementor-element elementor-element-3b393ce about-wrap elementor-widget elementor-widget-text-editor\" data-id=\"3b393ce\" data-element_type=\"widget\" data-e-type=\"widget\" data-widget_type=\"text-editor.default\">\n\t\t\t\t<div class=\"elementor-widget-container\">\n\t\t\t\t\t\t\t\t\t<p>Em funcionamento desde 2008, a OneVet Caldas da Rainha tem vindo a crescer de forma sustentada no setor dos animais de companhia.<br \/>A nossa equipa multidisciplinar \u2014 composta por m\u00e9dicos veterin\u00e1rios, enfermeiros e auxiliares veterin\u00e1rios \u2014 trabalha diariamente com dedica\u00e7\u00e3o, rigor e empatia, garantindo um acompanhamento de qualidade em todas as fases da vida dos nossos pacientes.<br \/>Desde a integra\u00e7\u00e3o no grupo OneVet, refor\u00e7\u00e1mos a capacidade de oferecer servi\u00e7os mais completos, modernos e especializados, mantendo sempre um atendimento pr\u00f3ximo e personalizado.<br \/>Apostamos fortemente na medicina preventiva, acreditando que a preven\u00e7\u00e3o \u00e9 essencial para proporcionar uma vida mais longa, saud\u00e1vel e feliz aos nossos animais de companhia.<\/p>\t\t\t\t\t\t\t\t<\/div>\n\t\t\t\t<\/div>\n\t\t\t\t\t<\/div>\n\t\t<\/div>\n\t\t\t\t\t<\/div>\n\t\t<\/section>\n\t\t\t\t<section class=\"elementor-section elementor-inner-section elementor-element elementor-element-31d68ae elementor-section-boxed elementor-section-height-default elementor-section-height-default\" data-id=\"31d68ae\" data-element_type=\"section\" data-e-type=\"section\">\n\t\t\t\t\t\t<div class=\"elementor-container elementor-column-gap-default\">\n\t\t\t\t\t<div class=\"elementor-column elementor-col-50 elementor-inner-column elementor-element elementor-element-8ddd41b\" data-id=\"8ddd41b\" data-element_type=\"column\" data-e-type=\"column\">\n\t\t\t<div class=\"elementor-widget-wrap elementor-element-populated\">\n\t\t\t\t\t\t<div class=\"elementor-element elementor-element-c87b63e elementor-align-center elementor-widget elementor-widget-button\" data-id=\"c87b63e\" data-element_type=\"widget\" data-e-type=\"widget\" data-widget_type=\"button.default\">\n\t\t\t\t<div class=\"elementor-widget-container\">\n\t\t\t\t\t\t\t\t\t<div class=\"elementor-button-wrapper\">\n\t\t\t\t\t<a class=\"elementor-button elementor-button-link elementor-size-sm\" href=\"https:\/\/onevetgroup.pt\/cvcaldasdarainha\/instalacoes\/\">\n\t\t\t\t\t\t<span class=\"elementor-button-content-wrapper\">\n\t\t\t\t\t\t\t\t\t<span class=\"elementor-button-text\">As Nossas Instala\u00e7\u00f5es<\/span>\n\t\t\t\t\t<\/span>\n\t\t\t\t\t<\/a>\n\t\t\t\t<\/div>\n\t\t\t\t\t\t\t\t<\/div>\n\t\t\t\t<\/div>\n\t\t\t\t\t<\/div>\n\t\t<\/div>\n\t\t\t\t<div class=\"elementor-column elementor-col-50 elementor-inner-column elementor-element elementor-element-d044a7e\" data-id=\"d044a7e\" data-element_type=\"column\" data-e-type=\"column\">\n\t\t\t<div class=\"elementor-widget-wrap elementor-element-populated\">\n\t\t\t\t\t\t<div class=\"elementor-element elementor-element-75ee515 elementor-align-center elementor-widget elementor-widget-button\" data-id=\"75ee515\" data-element_type=\"widget\" data-e-type=\"widget\" data-widget_type=\"button.default\">\n\t\t\t\t<div class=\"elementor-widget-container\">\n\t\t\t\t\t\t\t\t\t<div class=\"elementor-button-wrapper\">\n\t\t\t\t\t<a class=\"elementor-button elementor-button-link elementor-size-sm\" href=\"\/cvcaldasdarainha\/a-nossa-equipa\/\">\n\t\t\t\t\t\t<span class=\"elementor-button-content-wrapper\">\n\t\t\t\t\t\t\t\t\t<span class=\"elementor-button-text\">A Nossa Equipa<\/span>\n\t\t\t\t\t<\/span>\n\t\t\t\t\t<\/a>\n\t\t\t\t<\/div>\n\t\t\t\t\t\t\t\t<\/div>\n\t\t\t\t<\/div>\n\t\t\t\t\t<\/div>\n\t\t<\/div>\n\t\t\t\t\t<\/div>\n\t\t<\/section>\n\t\t\t\t\t<\/div>\n\t\t<\/div>\n\t\t\t\t\t<\/div>\n\t\t<\/section>\n\t\t\t\t<\/div>\n\t\t","protected":false},"excerpt":{"rendered":"<p>Onevet Cl\u00ednica Veterin\u00e1ria das Caldas da Rainha com Urg\u00eancias 24h, assegurado pelo Onevet Hospital Veterin\u00e1rio Leiria (HVLR). Em funcionamento desde 2008, a OneVet Caldas da Rainha tem vindo a crescer de forma sustentada no setor dos animais de companhia. A nossa equipa multidisciplinar \u2014 composta por m\u00e9dicos veterin\u00e1rios, enfermeiros e auxiliares veterin\u00e1rios \u2014 trabalha diariamente &hellip; <\/p>\n","protected":false},"author":1,"featured_media":0,"parent":0,"menu_order":0,"comment_status":"closed","ping_status":"closed","template":"page-fullwidth.php","meta":{"_acf_changed":false,"content-type":"","footnotes":""},"class_list":["post-14008","page","type-page","status-publish","hentry"],"acf":[],"yoast_head":"<!-- This site is optimized with the Yoast SEO plugin v27.4 - https:\/\/yoast.com\/product\/yoast-seo-wordpress\/ -->\n<title>Sobre N\u00f3s - Caldas<\/title>\n<meta name=\"robots\" content=\"index, follow, max-snippet:-1, max-image-preview:large, max-video-preview:-1\" \/>\n<link rel=\"canonical\" href=\"https:\/\/onevetgroup.pt\/cvcaldasdarainha\/sobre-nos\/\" \/>\n<meta property=\"og:locale\" content=\"pt_PT\" \/>\n<meta property=\"og:type\" content=\"article\" \/>\n<meta property=\"og:title\" content=\"Sobre N\u00f3s - Caldas\" \/>\n<meta property=\"og:description\" content=\"Onevet Cl\u00ednica Veterin\u00e1ria das Caldas da Rainha com Urg\u00eancias 24h, assegurado pelo Onevet Hospital Veterin\u00e1rio Leiria (HVLR). Em funcionamento desde 2008, a OneVet Caldas da Rainha tem vindo a crescer de forma sustentada no setor dos animais de companhia. A nossa equipa multidisciplinar \u2014 composta por m\u00e9dicos veterin\u00e1rios, enfermeiros e auxiliares veterin\u00e1rios \u2014 trabalha diariamente &hellip;\" \/>\n<meta property=\"og:url\" content=\"https:\/\/onevetgroup.pt\/cvcaldasdarainha\/sobre-nos\/\" \/>\n<meta property=\"og:site_name\" content=\"Caldas\" \/>\n<meta property=\"article:modified_time\" content=\"2025-12-17T15:20:55+00:00\" \/>\n<meta property=\"og:image\" content=\"https:\/\/onevetgroup.pt\/cvcaldasdarainha\/wp-content\/uploads\/sites\/86\/2022\/07\/Oftalmo-786x524.jpg\" \/>\n<meta name=\"twitter:card\" content=\"summary_large_image\" \/>\n<meta name=\"twitter:label1\" content=\"Tempo estimado de leitura\" \/>\n\t<meta name=\"twitter:data1\" content=\"1 minuto\" \/>\n<script type=\"application\/ld+json\" class=\"yoast-schema-graph\">{\"@context\":\"https:\\\/\\\/schema.org\",\"@graph\":[{\"@type\":\"WebPage\",\"@id\":\"https:\\\/\\\/onevetgroup.pt\\\/cvcaldasdarainha\\\/sobre-nos\\\/\",\"url\":\"https:\\\/\\\/onevetgroup.pt\\\/cvcaldasdarainha\\\/sobre-nos\\\/\",\"name\":\"Sobre N\u00f3s - Caldas\",\"isPartOf\":{\"@id\":\"https:\\\/\\\/onevetgroup.pt\\\/cvcaldasdarainha\\\/#website\"},\"primaryImageOfPage\":{\"@id\":\"https:\\\/\\\/onevetgroup.pt\\\/cvcaldasdarainha\\\/sobre-nos\\\/#primaryimage\"},\"image\":{\"@id\":\"https:\\\/\\\/onevetgroup.pt\\\/cvcaldasdarainha\\\/sobre-nos\\\/#primaryimage\"},\"thumbnailUrl\":\"https:\\\/\\\/onevetgroup.pt\\\/cvcaldasdarainha\\\/wp-content\\\/uploads\\\/sites\\\/86\\\/2022\\\/07\\\/Oftalmo-786x524.jpg\",\"datePublished\":\"2021-02-08T15:28:59+00:00\",\"dateModified\":\"2025-12-17T15:20:55+00:00\",\"breadcrumb\":{\"@id\":\"https:\\\/\\\/onevetgroup.pt\\\/cvcaldasdarainha\\\/sobre-nos\\\/#breadcrumb\"},\"inLanguage\":\"pt-PT\",\"potentialAction\":[{\"@type\":\"ReadAction\",\"target\":[\"https:\\\/\\\/onevetgroup.pt\\\/cvcaldasdarainha\\\/sobre-nos\\\/\"]}]},{\"@type\":\"ImageObject\",\"inLanguage\":\"pt-PT\",\"@id\":\"https:\\\/\\\/onevetgroup.pt\\\/cvcaldasdarainha\\\/sobre-nos\\\/#primaryimage\",\"url\":\"https:\\\/\\\/onevetgroup.pt\\\/cvcaldasdarainha\\\/wp-content\\\/uploads\\\/sites\\\/86\\\/2022\\\/07\\\/Oftalmo.jpg\",\"contentUrl\":\"https:\\\/\\\/onevetgroup.pt\\\/cvcaldasdarainha\\\/wp-content\\\/uploads\\\/sites\\\/86\\\/2022\\\/07\\\/Oftalmo.jpg\",\"width\":956,\"height\":637},{\"@type\":\"BreadcrumbList\",\"@id\":\"https:\\\/\\\/onevetgroup.pt\\\/cvcaldasdarainha\\\/sobre-nos\\\/#breadcrumb\",\"itemListElement\":[{\"@type\":\"ListItem\",\"position\":1,\"name\":\"Home\",\"item\":\"https:\\\/\\\/onevetgroup.pt\\\/cvcaldasdarainha\\\/\"},{\"@type\":\"ListItem\",\"position\":2,\"name\":\"Sobre N\u00f3s\"}]},{\"@type\":\"WebSite\",\"@id\":\"https:\\\/\\\/onevetgroup.pt\\\/cvcaldasdarainha\\\/#website\",\"url\":\"https:\\\/\\\/onevetgroup.pt\\\/cvcaldasdarainha\\\/\",\"name\":\"Caldas\",\"description\":\"Your Pets in Good Hands\",\"publisher\":{\"@id\":\"https:\\\/\\\/onevetgroup.pt\\\/cvcaldasdarainha\\\/#organization\"},\"potentialAction\":[{\"@type\":\"SearchAction\",\"target\":{\"@type\":\"EntryPoint\",\"urlTemplate\":\"https:\\\/\\\/onevetgroup.pt\\\/cvcaldasdarainha\\\/?s={search_term_string}\"},\"query-input\":{\"@type\":\"PropertyValueSpecification\",\"valueRequired\":true,\"valueName\":\"search_term_string\"}}],\"inLanguage\":\"pt-PT\"},{\"@type\":\"Organization\",\"@id\":\"https:\\\/\\\/onevetgroup.pt\\\/cvcaldasdarainha\\\/#organization\",\"name\":\"Caldas\",\"url\":\"https:\\\/\\\/onevetgroup.pt\\\/cvcaldasdarainha\\\/\",\"logo\":{\"@type\":\"ImageObject\",\"inLanguage\":\"pt-PT\",\"@id\":\"https:\\\/\\\/onevetgroup.pt\\\/cvcaldasdarainha\\\/#\\\/schema\\\/logo\\\/image\\\/\",\"url\":\"https:\\\/\\\/onevetgroup.pt\\\/cvcaldasdarainha\\\/wp-content\\\/uploads\\\/sites\\\/86\\\/2025\\\/12\\\/cropped-Logo-scaled-1.png\",\"contentUrl\":\"https:\\\/\\\/onevetgroup.pt\\\/cvcaldasdarainha\\\/wp-content\\\/uploads\\\/sites\\\/86\\\/2025\\\/12\\\/cropped-Logo-scaled-1.png\",\"width\":2559,\"height\":741,\"caption\":\"Caldas\"},\"image\":{\"@id\":\"https:\\\/\\\/onevetgroup.pt\\\/cvcaldasdarainha\\\/#\\\/schema\\\/logo\\\/image\\\/\"}}]}<\/script>\n<!-- \/ Yoast SEO plugin. -->","yoast_head_json":{"title":"Sobre N\u00f3s - Caldas","robots":{"index":"index","follow":"follow","max-snippet":"max-snippet:-1","max-image-preview":"max-image-preview:large","max-video-preview":"max-video-preview:-1"},"canonical":"https:\/\/onevetgroup.pt\/cvcaldasdarainha\/sobre-nos\/","og_locale":"pt_PT","og_type":"article","og_title":"Sobre N\u00f3s - Caldas","og_description":"Onevet Cl\u00ednica Veterin\u00e1ria das Caldas da Rainha com Urg\u00eancias 24h, assegurado pelo Onevet Hospital Veterin\u00e1rio Leiria (HVLR). Em funcionamento desde 2008, a OneVet Caldas da Rainha tem vindo a crescer de forma sustentada no setor dos animais de companhia. A nossa equipa multidisciplinar \u2014 composta por m\u00e9dicos veterin\u00e1rios, enfermeiros e auxiliares veterin\u00e1rios \u2014 trabalha diariamente &hellip;","og_url":"https:\/\/onevetgroup.pt\/cvcaldasdarainha\/sobre-nos\/","og_site_name":"Caldas","article_modified_time":"2025-12-17T15:20:55+00:00","og_image":[{"url":"https:\/\/onevetgroup.pt\/cvcaldasdarainha\/wp-content\/uploads\/sites\/86\/2022\/07\/Oftalmo-786x524.jpg","type":"","width":"","height":""}],"twitter_card":"summary_large_image","twitter_misc":{"Tempo estimado de leitura":"1 minuto"},"schema":{"@context":"https:\/\/schema.org","@graph":[{"@type":"WebPage","@id":"https:\/\/onevetgroup.pt\/cvcaldasdarainha\/sobre-nos\/","url":"https:\/\/onevetgroup.pt\/cvcaldasdarainha\/sobre-nos\/","name":"Sobre N\u00f3s - Caldas","isPartOf":{"@id":"https:\/\/onevetgroup.pt\/cvcaldasdarainha\/#website"},"primaryImageOfPage":{"@id":"https:\/\/onevetgroup.pt\/cvcaldasdarainha\/sobre-nos\/#primaryimage"},"image":{"@id":"https:\/\/onevetgroup.pt\/cvcaldasdarainha\/sobre-nos\/#primaryimage"},"thumbnailUrl":"https:\/\/onevetgroup.pt\/cvcaldasdarainha\/wp-content\/uploads\/sites\/86\/2022\/07\/Oftalmo-786x524.jpg","datePublished":"2021-02-08T15:28:59+00:00","dateModified":"2025-12-17T15:20:55+00:00","breadcrumb":{"@id":"https:\/\/onevetgroup.pt\/cvcaldasdarainha\/sobre-nos\/#breadcrumb"},"inLanguage":"pt-PT","potentialAction":[{"@type":"ReadAction","target":["https:\/\/onevetgroup.pt\/cvcaldasdarainha\/sobre-nos\/"]}]},{"@type":"ImageObject","inLanguage":"pt-PT","@id":"https:\/\/onevetgroup.pt\/cvcaldasdarainha\/sobre-nos\/#primaryimage","url":"https:\/\/onevetgroup.pt\/cvcaldasdarainha\/wp-content\/uploads\/sites\/86\/2022\/07\/Oftalmo.jpg","contentUrl":"https:\/\/onevetgroup.pt\/cvcaldasdarainha\/wp-content\/uploads\/sites\/86\/2022\/07\/Oftalmo.jpg","width":956,"height":637},{"@type":"BreadcrumbList","@id":"https:\/\/onevetgroup.pt\/cvcaldasdarainha\/sobre-nos\/#breadcrumb","itemListElement":[{"@type":"ListItem","position":1,"name":"Home","item":"https:\/\/onevetgroup.pt\/cvcaldasdarainha\/"},{"@type":"ListItem","position":2,"name":"Sobre N\u00f3s"}]},{"@type":"WebSite","@id":"https:\/\/onevetgroup.pt\/cvcaldasdarainha\/#website","url":"https:\/\/onevetgroup.pt\/cvcaldasdarainha\/","name":"Caldas","description":"Your Pets in Good Hands","publisher":{"@id":"https:\/\/onevetgroup.pt\/cvcaldasdarainha\/#organization"},"potentialAction":[{"@type":"SearchAction","target":{"@type":"EntryPoint","urlTemplate":"https:\/\/onevetgroup.pt\/cvcaldasdarainha\/?s={search_term_string}"},"query-input":{"@type":"PropertyValueSpecification","valueRequired":true,"valueName":"search_term_string"}}],"inLanguage":"pt-PT"},{"@type":"Organization","@id":"https:\/\/onevetgroup.pt\/cvcaldasdarainha\/#organization","name":"Caldas","url":"https:\/\/onevetgroup.pt\/cvcaldasdarainha\/","logo":{"@type":"ImageObject","inLanguage":"pt-PT","@id":"https:\/\/onevetgroup.pt\/cvcaldasdarainha\/#\/schema\/logo\/image\/","url":"https:\/\/onevetgroup.pt\/cvcaldasdarainha\/wp-content\/uploads\/sites\/86\/2025\/12\/cropped-Logo-scaled-1.png","contentUrl":"https:\/\/onevetgroup.pt\/cvcaldasdarainha\/wp-content\/uploads\/sites\/86\/2025\/12\/cropped-Logo-scaled-1.png","width":2559,"height":741,"caption":"Caldas"},"image":{"@id":"https:\/\/onevetgroup.pt\/cvcaldasdarainha\/#\/schema\/logo\/image\/"}}]}},"_links":{"self":[{"href":"https:\/\/onevetgroup.pt\/cvcaldasdarainha\/wp-json\/wp\/v2\/pages\/14008","targetHints":{"allow":["GET"]}}],"collection":[{"href":"https:\/\/onevetgroup.pt\/cvcaldasdarainha\/wp-json\/wp\/v2\/pages"}],"about":[{"href":"https:\/\/onevetgroup.pt\/cvcaldasdarainha\/wp-json\/wp\/v2\/types\/page"}],"author":[{"embeddable":true,"href":"https:\/\/onevetgroup.pt\/cvcaldasdarainha\/wp-json\/wp\/v2\/users\/1"}],"replies":[{"embeddable":true,"href":"https:\/\/onevetgroup.pt\/cvcaldasdarainha\/wp-json\/wp\/v2\/comments?post=14008"}],"version-history":[{"count":23,"href":"https:\/\/onevetgroup.pt\/cvcaldasdarainha\/wp-json\/wp\/v2\/pages\/14008\/revisions"}],"predecessor-version":[{"id":20825,"href":"https:\/\/onevetgroup.pt\/cvcaldasdarainha\/wp-json\/wp\/v2\/pages\/14008\/revisions\/20825"}],"wp:attachment":[{"href":"https:\/\/onevetgroup.pt\/cvcaldasdarainha\/wp-json\/wp\/v2\/media?parent=14008"}],"curies":[{"name":"wp","href":"https:\/\/api.w.org\/{rel}","templated":true}]}}