{"id":17840,"date":"2022-07-01T09:38:42","date_gmt":"2022-07-01T09:38:42","guid":{"rendered":"https:\/\/onevet.pt\/porto\/?page_id=17840"},"modified":"2026-03-30T14:33:47","modified_gmt":"2026-03-30T14:33:47","slug":"a-nossa-equipa","status":"publish","type":"page","link":"https:\/\/onevetgroup.pt\/cvcaldasdarainha\/a-nossa-equipa\/","title":{"rendered":"A Nossa Equipa"},"content":{"rendered":"\t\t<div data-elementor-type=\"wp-page\" data-elementor-id=\"17840\" class=\"elementor elementor-17840\" data-elementor-post-type=\"page\">\n\t\t\t\t\t\t<section class=\"elementor-section elementor-top-section elementor-element elementor-element-2315038 pad-bot-0 elementor-section-boxed elementor-section-height-default elementor-section-height-default\" data-id=\"2315038\" data-element_type=\"section\" data-e-type=\"section\" id=\"main-sec\" data-settings=\"{&quot;background_background&quot;:&quot;classic&quot;}\">\n\t\t\t\t\t\t<div class=\"elementor-container elementor-column-gap-default\">\n\t\t\t\t\t<div class=\"elementor-column elementor-col-100 elementor-top-column elementor-element elementor-element-35c75b2\" data-id=\"35c75b2\" data-element_type=\"column\" data-e-type=\"column\">\n\t\t\t<div class=\"elementor-widget-wrap elementor-element-populated\">\n\t\t\t\t\t\t<div class=\"elementor-element elementor-element-28b1762 elementor-widget elementor-widget-text-editor\" data-id=\"28b1762\" data-element_type=\"widget\" data-e-type=\"widget\" data-widget_type=\"text-editor.default\">\n\t\t\t\t<div class=\"elementor-widget-container\">\n\t\t\t\t\t\t\t\t\t<section id=\"main-sec\" class=\"elementor-section elementor-top-section elementor-element elementor-element-2315038 pad-bot-0 elementor-section-boxed elementor-section-height-default elementor-section-height-default\" data-id=\"2315038\" data-element_type=\"section\" data-settings=\"{&quot;background_background&quot;:&quot;classic&quot;}\"><div class=\"elementor-container elementor-column-gap-default\"><div class=\"elementor-column elementor-col-100 elementor-top-column elementor-element elementor-element-35c75b2\" data-id=\"35c75b2\" data-element_type=\"column\"><div class=\"elementor-widget-wrap elementor-element-populated\"><div class=\"elementor-element elementor-element-28b1762 elementor-widget elementor-widget-text-editor\" data-id=\"28b1762\" data-element_type=\"widget\" data-widget_type=\"text-editor.default\"><div class=\"elementor-widget-container\"><p>A nossa voca\u00e7\u00e3o s\u00e3o os animais. \u00c9 com eles que nos preocupamos em lhes proporcionar uma melhor qualidade de vida e que nos centramos tamb\u00e9m em aplicar sempre a melhor medicina preventiva.<\/p><\/div><\/div><\/div><\/div><\/div><\/section>\t\t\t\t\t\t\t\t<\/div>\n\t\t\t\t<\/div>\n\t\t\t\t\t<\/div>\n\t\t<\/div>\n\t\t\t\t\t<\/div>\n\t\t<\/section>\n\t\t\t\t<section class=\"elementor-section elementor-top-section elementor-element elementor-element-0dd6769 team-member elementor-section-boxed elementor-section-height-default elementor-section-height-default\" data-id=\"0dd6769\" data-element_type=\"section\" data-e-type=\"section\">\n\t\t\t\t\t\t<div class=\"elementor-container elementor-column-gap-default\">\n\t\t\t\t\t<div class=\"elementor-column elementor-col-100 elementor-top-column elementor-element elementor-element-c71e6ff\" data-id=\"c71e6ff\" data-element_type=\"column\" data-e-type=\"column\">\n\t\t\t<div class=\"elementor-widget-wrap elementor-element-populated\">\n\t\t\t\t\t\t<div class=\"elementor-element elementor-element-6d64474 elementor-hidden-tablet elementor-hidden-phone elementor-widget elementor-widget-section_titleleft\" data-id=\"6d64474\" data-element_type=\"widget\" data-e-type=\"widget\" data-widget_type=\"section_titleleft.default\">\n\t\t\t\t<div class=\"elementor-widget-container\">\n\t\t\t\t\t        <div class=\"ab_text-title fl-wrap\">\r\n            <h3>M\u00e9dicos Veterin\u00e1rios<\/h3><span class=\"section-separator fl-sec-sep\"><\/span>        <\/div>\r\n        \t\t\t\t<\/div>\n\t\t\t\t<\/div>\n\t\t\t\t<section class=\"elementor-section elementor-inner-section elementor-element elementor-element-a133ae1 elementor-section-boxed elementor-section-height-default elementor-section-height-default\" data-id=\"a133ae1\" data-element_type=\"section\" data-e-type=\"section\">\n\t\t\t\t\t\t<div class=\"elementor-container elementor-column-gap-default\">\n\t\t\t\t\t<div class=\"elementor-column elementor-col-25 elementor-inner-column elementor-element elementor-element-b682c4f\" data-id=\"b682c4f\" data-element_type=\"column\" data-e-type=\"column\">\n\t\t\t<div class=\"elementor-widget-wrap elementor-element-populated\">\n\t\t\t\t\t\t<div class=\"elementor-element elementor-element-065be42 elementor-widget elementor-widget-team_box\" data-id=\"065be42\" data-element_type=\"widget\" data-e-type=\"widget\" data-widget_type=\"team_box.default\">\n\t\t\t\t<div class=\"elementor-widget-container\">\n\t\t\t\t\t            <div class=\"team-holder section-team fl-wrap\">\r\n                <div class=\"team-box-image\">\r\n                    <div class=\"team-photo\">\r\n                        <img decoding=\"async\" src=\"\" class=\"respimg\">                                    \r\n                    <\/div>\r\n                    <div class=\"team-info\">\r\n                        <h3><a href=\"\">Ricardo Tavares<\/a><\/h3><h4>Diretor Cl\u00ednico \/ M\u00e9dico Veterin\u00e1rio<\/h4>O meu nome \u00e9 Ricardo Tavares, sou director cl\u00ednico na onevet das Caldas da rainha. Tenho especial interesse em ortopedia e cirurgia de tecidos moles. Neste momento, estou a desenvolver compet\u00eancias em t\u00e9cnicas de cirurgia minimamente invasivas como a laparoscopia. Nos tempos livres pratico surf e gosto\u00a0de\u00a0viajar.                    <\/div>\r\n                <\/div>\r\n            <\/div>\r\n        \t\t\t\t<\/div>\n\t\t\t\t<\/div>\n\t\t\t\t\t<\/div>\n\t\t<\/div>\n\t\t\t\t<div class=\"elementor-column elementor-col-25 elementor-inner-column elementor-element elementor-element-036c411\" data-id=\"036c411\" data-element_type=\"column\" data-e-type=\"column\">\n\t\t\t<div class=\"elementor-widget-wrap elementor-element-populated\">\n\t\t\t\t\t\t<div class=\"elementor-element elementor-element-3819996 elementor-widget elementor-widget-team_box\" data-id=\"3819996\" data-element_type=\"widget\" data-e-type=\"widget\" data-widget_type=\"team_box.default\">\n\t\t\t\t<div class=\"elementor-widget-container\">\n\t\t\t\t\t            <div class=\"team-holder section-team fl-wrap\">\r\n                <div class=\"team-box-image\">\r\n                    <div class=\"team-photo\">\r\n                        <img decoding=\"async\" src=\"\" class=\"respimg\">                                    \r\n                    <\/div>\r\n                    <div class=\"team-info\">\r\n                        <h3><a href=\"\">Joana Nobre<\/a><\/h3><h4>M\u00e9dica Veterin\u00e1ria<\/h4>Sou a Joana, m\u00e9dica veterin\u00e1ria com 18 anos de experi\u00eancia. Escolhi esta \u00e1rea por nutrir um profundo carinho pelos animais. Tenho especial interesse e forma\u00e7\u00e3o avan\u00e7ada cirurgia geral e oftalmologia, bem como gosto especial pela medicina preventiva. No meu trabalho, prezo por um atendimento humanizado, respons\u00e1vel e centrado no bem-estar de cada animal. Nos tempos livres, dedico-me \u00e0 literatura e \u00e0 descoberta de novos lugares e culturas atrav\u00e9s das viagens.                    <\/div>\r\n                <\/div>\r\n            <\/div>\r\n        \t\t\t\t<\/div>\n\t\t\t\t<\/div>\n\t\t\t\t\t<\/div>\n\t\t<\/div>\n\t\t\t\t<div class=\"elementor-column elementor-col-25 elementor-inner-column elementor-element elementor-element-f0e7d38\" data-id=\"f0e7d38\" data-element_type=\"column\" data-e-type=\"column\">\n\t\t\t<div class=\"elementor-widget-wrap elementor-element-populated\">\n\t\t\t\t\t\t<div class=\"elementor-element elementor-element-9613434 elementor-widget elementor-widget-team_box\" data-id=\"9613434\" data-element_type=\"widget\" data-e-type=\"widget\" data-widget_type=\"team_box.default\">\n\t\t\t\t<div class=\"elementor-widget-container\">\n\t\t\t\t\t            <div class=\"team-holder section-team fl-wrap\">\r\n                <div class=\"team-box-image\">\r\n                    <div class=\"team-photo\">\r\n                        <img decoding=\"async\" src=\"\" class=\"respimg\">                                    \r\n                    <\/div>\r\n                    <div class=\"team-info\">\r\n                        <h3><a href=\"\">Susie Marques<\/a><\/h3><h4>M\u00e9dica Veterin\u00e1ria<\/h4>O meu nome \u00e9 Susie Marques \nTrabalho na Onevet Clinica Veterin\u00e1ria das Caldas da Rainha, sou m\u00e9dica veterin\u00e1ria h\u00e1 4 anos.\nTenho especial interesse em medicina interna e ortopedia.\nNos tempos livres gosto de passar tempo a passear e passar tempo com\u00a0os\u00a0meus\u00a0amigos                    <\/div>\r\n                <\/div>\r\n            <\/div>\r\n        \t\t\t\t<\/div>\n\t\t\t\t<\/div>\n\t\t\t\t\t<\/div>\n\t\t<\/div>\n\t\t\t\t<div class=\"elementor-column elementor-col-25 elementor-inner-column elementor-element elementor-element-14f3329\" data-id=\"14f3329\" data-element_type=\"column\" data-e-type=\"column\">\n\t\t\t<div class=\"elementor-widget-wrap\">\n\t\t\t\t\t\t\t<\/div>\n\t\t<\/div>\n\t\t\t\t\t<\/div>\n\t\t<\/section>\n\t\t\t\t\t<\/div>\n\t\t<\/div>\n\t\t\t\t\t<\/div>\n\t\t<\/section>\n\t\t\t\t<section class=\"elementor-section elementor-top-section elementor-element elementor-element-1db1688 team-member elementor-section-boxed elementor-section-height-default elementor-section-height-default\" data-id=\"1db1688\" data-element_type=\"section\" data-e-type=\"section\">\n\t\t\t\t\t\t<div class=\"elementor-container elementor-column-gap-default\">\n\t\t\t\t\t<div class=\"elementor-column elementor-col-100 elementor-top-column elementor-element elementor-element-e3e55a5\" data-id=\"e3e55a5\" data-element_type=\"column\" data-e-type=\"column\">\n\t\t\t<div class=\"elementor-widget-wrap elementor-element-populated\">\n\t\t\t\t\t\t<div class=\"elementor-element elementor-element-1f6eb1c elementor-hidden-tablet elementor-hidden-phone elementor-widget elementor-widget-section_titleleft\" data-id=\"1f6eb1c\" data-element_type=\"widget\" data-e-type=\"widget\" data-widget_type=\"section_titleleft.default\">\n\t\t\t\t<div class=\"elementor-widget-container\">\n\t\t\t\t\t        <div class=\"ab_text-title fl-wrap\">\r\n            <h3>Enfermeiros e auxiliares veterin\u00e1rios<\/h3><span class=\"section-separator fl-sec-sep\"><\/span>        <\/div>\r\n        \t\t\t\t<\/div>\n\t\t\t\t<\/div>\n\t\t\t\t<section class=\"elementor-section elementor-inner-section elementor-element elementor-element-49efcb6 elementor-section-boxed elementor-section-height-default elementor-section-height-default\" data-id=\"49efcb6\" data-element_type=\"section\" data-e-type=\"section\">\n\t\t\t\t\t\t<div class=\"elementor-container elementor-column-gap-default\">\n\t\t\t\t\t<div class=\"elementor-column elementor-col-25 elementor-inner-column elementor-element elementor-element-0d6734b\" data-id=\"0d6734b\" data-element_type=\"column\" data-e-type=\"column\">\n\t\t\t<div class=\"elementor-widget-wrap elementor-element-populated\">\n\t\t\t\t\t\t<div class=\"elementor-element elementor-element-7d55a67 elementor-widget elementor-widget-team_box\" data-id=\"7d55a67\" data-element_type=\"widget\" data-e-type=\"widget\" data-widget_type=\"team_box.default\">\n\t\t\t\t<div class=\"elementor-widget-container\">\n\t\t\t\t\t            <div class=\"team-holder section-team fl-wrap\">\r\n                <div class=\"team-box-image\">\r\n                    <div class=\"team-photo\">\r\n                        <img decoding=\"async\" src=\"\" class=\"respimg\">                                    \r\n                    <\/div>\r\n                    <div class=\"team-info\">\r\n                        <h3><a href=\"\">Cristiana Dinis<\/a><\/h3><h4>Enfermeira veterin\u00e1ria<\/h4>O meu nome \u00e9 Cristiana Dinis, Terminei o curso de enfermagem veterin\u00e1ria em 2023 na escola superior agraria de Elvas,  trabalho na onevet Caldas da Rainha desde dezembro 2024. \u00c1rea de interesse urg\u00eancias e anestesia, na qual estou a investir em forma\u00e7\u00f5es. Nos tempos livres gosto de praticar exerc\u00edcio f\u00edsico, cuidar dos meus animais\u00a0e\u00a0viajar.                    <\/div>\r\n                <\/div>\r\n            <\/div>\r\n        \t\t\t\t<\/div>\n\t\t\t\t<\/div>\n\t\t\t\t\t<\/div>\n\t\t<\/div>\n\t\t\t\t<div class=\"elementor-column elementor-col-25 elementor-inner-column elementor-element elementor-element-85debb2\" data-id=\"85debb2\" data-element_type=\"column\" data-e-type=\"column\">\n\t\t\t<div class=\"elementor-widget-wrap elementor-element-populated\">\n\t\t\t\t\t\t<div class=\"elementor-element elementor-element-df28fc6 elementor-widget elementor-widget-team_box\" data-id=\"df28fc6\" data-element_type=\"widget\" data-e-type=\"widget\" data-widget_type=\"team_box.default\">\n\t\t\t\t<div class=\"elementor-widget-container\">\n\t\t\t\t\t            <div class=\"team-holder section-team fl-wrap\">\r\n                <div class=\"team-box-image\">\r\n                    <div class=\"team-photo\">\r\n                        <img decoding=\"async\" src=\"\" class=\"respimg\">                                    \r\n                    <\/div>\r\n                    <div class=\"team-info\">\r\n                        <h3><a href=\"\">Diana Pinheiro<\/a><\/h3><h4>Enfermeira veterin\u00e1ria<\/h4>O meu nome \u00e9 Diana Pinheiro e sou enfermeira veterin\u00e1ria. Licenciada pela Escola Superior Agr\u00e1ria de Castelo Branco em 2011, trabalhei v\u00e1rios anos em meio hospitalar tendo especial interesse em internamento e urg\u00eancias, apesar de no \u00faltimo ano ter come\u00e7ado a ter interesse tamb\u00e9m pela \u00e1rea da anestesia.\nTerminei em 2023 uma p\u00f3s gradua\u00e7\u00e3o da Improve Ib\u00e9rica em urg\u00eancias e cuidados\u00a0intensivos.                    <\/div>\r\n                <\/div>\r\n            <\/div>\r\n        \t\t\t\t<\/div>\n\t\t\t\t<\/div>\n\t\t\t\t\t<\/div>\n\t\t<\/div>\n\t\t\t\t<div class=\"elementor-column elementor-col-25 elementor-inner-column elementor-element elementor-element-578e770\" data-id=\"578e770\" data-element_type=\"column\" data-e-type=\"column\">\n\t\t\t<div class=\"elementor-widget-wrap elementor-element-populated\">\n\t\t\t\t\t\t<div class=\"elementor-element elementor-element-46ce60e elementor-widget elementor-widget-team_box\" data-id=\"46ce60e\" data-element_type=\"widget\" data-e-type=\"widget\" data-widget_type=\"team_box.default\">\n\t\t\t\t<div class=\"elementor-widget-container\">\n\t\t\t\t\t            <div class=\"team-holder section-team fl-wrap\">\r\n                <div class=\"team-box-image\">\r\n                    <div class=\"team-photo\">\r\n                        <img decoding=\"async\" src=\"\" class=\"respimg\">                                    \r\n                    <\/div>\r\n                    <div class=\"team-info\">\r\n                        <h3><a href=\"\">Bruna Figueiredo<\/a><\/h3><h4>Auxiliar veterin\u00e1ria<\/h4>O meu nome \u00e9 Bruna Figueiredo. Desde nova que sempre tive gosto pelos animais e levou interesse na \u00e1rea.\nNo secund\u00e1rio acabei por seguir outro rumo, conclui o curso de publicidade e marketing querendo dar continuidade na produ\u00e7\u00e3o de eventos. Em 2015 tive oportunidade de aprofundar os meus conhecimentos na \u00e1rea que sempre quis, a veterin\u00e1ria.\nTerminei o curso de auxiliar veterin\u00e1ria em 2016 e ingressei na \u00e1rea no hospital onde conclu\u00ed o est\u00e1gio.\nFa\u00e7o parte da equipa de auxiliares veterin\u00e1ria NobreVet\/Onevet h\u00e1 9 anos. Forma\u00e7\u00e3o em comportamento felino e grooming. Tempos livres ler,\u00a0cinema,\u00a0viajar\n                    <\/div>\r\n                <\/div>\r\n            <\/div>\r\n        \t\t\t\t<\/div>\n\t\t\t\t<\/div>\n\t\t\t\t\t<\/div>\n\t\t<\/div>\n\t\t\t\t<div class=\"elementor-column elementor-col-25 elementor-inner-column elementor-element elementor-element-44ab0aa\" data-id=\"44ab0aa\" data-element_type=\"column\" data-e-type=\"column\">\n\t\t\t<div class=\"elementor-widget-wrap elementor-element-populated\">\n\t\t\t\t\t\t<div class=\"elementor-element elementor-element-748ba61 elementor-widget elementor-widget-team_box\" data-id=\"748ba61\" data-element_type=\"widget\" data-e-type=\"widget\" data-widget_type=\"team_box.default\">\n\t\t\t\t<div class=\"elementor-widget-container\">\n\t\t\t\t\t            <div class=\"team-holder section-team fl-wrap\">\r\n                <div class=\"team-box-image\">\r\n                    <div class=\"team-photo\">\r\n                        <img decoding=\"async\" src=\"\" class=\"respimg\">                                    \r\n                    <\/div>\r\n                    <div class=\"team-info\">\r\n                        <h3><a href=\"\">Ana Poejo<\/a><\/h3><h4>Auxiliar veterin\u00e1ria<\/h4>O meu nome \u00e9 Ana Poejo\nTrabalho na Onevet Clinica Veterin\u00e1ria das Caldas da Rainha desde janeiro de 2019 como rececionista e administrativa.\nComo j\u00e1 s\u00e3o muitos anos aux\u00edlio os enfermeiros e quem precisar de ajuda.\n\u00c1reas de interesse em atendimento ao p\u00fablico, fun\u00e7\u00f5es administrativas e organiza\u00e7\u00e3o de agendamento.\nNos tempos livres gosto de estar com os amigos, passear\u00a0e\u00a0viajar.                    <\/div>\r\n                <\/div>\r\n            <\/div>\r\n        \t\t\t\t<\/div>\n\t\t\t\t<\/div>\n\t\t\t\t\t<\/div>\n\t\t<\/div>\n\t\t\t\t\t<\/div>\n\t\t<\/section>\n\t\t\t\t\t<\/div>\n\t\t<\/div>\n\t\t\t\t\t<\/div>\n\t\t<\/section>\n\t\t\t\t<section class=\"elementor-section elementor-top-section elementor-element elementor-element-a5babab elementor-section-boxed elementor-section-height-default elementor-section-height-default\" data-id=\"a5babab\" data-element_type=\"section\" data-e-type=\"section\">\n\t\t\t\t\t\t<div class=\"elementor-container elementor-column-gap-default\">\n\t\t\t\t\t<div class=\"elementor-column elementor-col-100 elementor-top-column elementor-element elementor-element-4d40fcb\" data-id=\"4d40fcb\" data-element_type=\"column\" data-e-type=\"column\">\n\t\t\t<div class=\"elementor-widget-wrap\">\n\t\t\t\t\t\t\t<\/div>\n\t\t<\/div>\n\t\t\t\t\t<\/div>\n\t\t<\/section>\n\t\t\t\t<\/div>\n\t\t","protected":false},"excerpt":{"rendered":"<p>A nossa voca\u00e7\u00e3o s\u00e3o os animais. \u00c9 com eles que nos preocupamos em lhes proporcionar uma melhor qualidade de vida e que nos centramos tamb\u00e9m em aplicar sempre a melhor medicina preventiva. M\u00e9dicos Veterin\u00e1rios Ricardo Tavares Diretor Cl\u00ednico \/ M\u00e9dico Veterin\u00e1rio O meu nome \u00e9 Ricardo Tavares, sou director cl\u00ednico na onevet das Caldas da &hellip; <\/p>\n","protected":false},"author":61,"featured_media":0,"parent":0,"menu_order":0,"comment_status":"closed","ping_status":"closed","template":"page-fullwidth.php","meta":{"_acf_changed":false,"content-type":"","footnotes":""},"class_list":["post-17840","page","type-page","status-publish","hentry"],"acf":[],"yoast_head":"<!-- This site is optimized with the Yoast SEO plugin v27.4 - https:\/\/yoast.com\/product\/yoast-seo-wordpress\/ -->\n<title>A Nossa Equipa - Caldas<\/title>\n<meta name=\"robots\" content=\"index, follow, max-snippet:-1, max-image-preview:large, max-video-preview:-1\" \/>\n<link rel=\"canonical\" href=\"https:\/\/onevetgroup.pt\/cvcaldasdarainha\/a-nossa-equipa\/\" \/>\n<meta property=\"og:locale\" content=\"pt_PT\" \/>\n<meta property=\"og:type\" content=\"article\" \/>\n<meta property=\"og:title\" content=\"A Nossa Equipa - Caldas\" \/>\n<meta property=\"og:description\" content=\"A nossa voca\u00e7\u00e3o s\u00e3o os animais. \u00c9 com eles que nos preocupamos em lhes proporcionar uma melhor qualidade de vida e que nos centramos tamb\u00e9m em aplicar sempre a melhor medicina preventiva. M\u00e9dicos Veterin\u00e1rios Ricardo Tavares Diretor Cl\u00ednico \/ M\u00e9dico Veterin\u00e1rio O meu nome \u00e9 Ricardo Tavares, sou director cl\u00ednico na onevet das Caldas da &hellip;\" \/>\n<meta property=\"og:url\" content=\"https:\/\/onevetgroup.pt\/cvcaldasdarainha\/a-nossa-equipa\/\" \/>\n<meta property=\"og:site_name\" content=\"Caldas\" \/>\n<meta property=\"article:modified_time\" content=\"2026-03-30T14:33:47+00:00\" \/>\n<meta name=\"twitter:card\" content=\"summary_large_image\" \/>\n<meta name=\"twitter:label1\" content=\"Tempo estimado de leitura\" \/>\n\t<meta name=\"twitter:data1\" content=\"5 minutos\" \/>\n<script type=\"application\/ld+json\" class=\"yoast-schema-graph\">{\"@context\":\"https:\\\/\\\/schema.org\",\"@graph\":[{\"@type\":\"WebPage\",\"@id\":\"https:\\\/\\\/onevetgroup.pt\\\/cvcaldasdarainha\\\/a-nossa-equipa\\\/\",\"url\":\"https:\\\/\\\/onevetgroup.pt\\\/cvcaldasdarainha\\\/a-nossa-equipa\\\/\",\"name\":\"A Nossa Equipa - Caldas\",\"isPartOf\":{\"@id\":\"https:\\\/\\\/onevetgroup.pt\\\/cvcaldasdarainha\\\/#website\"},\"datePublished\":\"2022-07-01T09:38:42+00:00\",\"dateModified\":\"2026-03-30T14:33:47+00:00\",\"breadcrumb\":{\"@id\":\"https:\\\/\\\/onevetgroup.pt\\\/cvcaldasdarainha\\\/a-nossa-equipa\\\/#breadcrumb\"},\"inLanguage\":\"pt-PT\",\"potentialAction\":[{\"@type\":\"ReadAction\",\"target\":[\"https:\\\/\\\/onevetgroup.pt\\\/cvcaldasdarainha\\\/a-nossa-equipa\\\/\"]}]},{\"@type\":\"BreadcrumbList\",\"@id\":\"https:\\\/\\\/onevetgroup.pt\\\/cvcaldasdarainha\\\/a-nossa-equipa\\\/#breadcrumb\",\"itemListElement\":[{\"@type\":\"ListItem\",\"position\":1,\"name\":\"Home\",\"item\":\"https:\\\/\\\/onevetgroup.pt\\\/cvcaldasdarainha\\\/\"},{\"@type\":\"ListItem\",\"position\":2,\"name\":\"A Nossa Equipa\"}]},{\"@type\":\"WebSite\",\"@id\":\"https:\\\/\\\/onevetgroup.pt\\\/cvcaldasdarainha\\\/#website\",\"url\":\"https:\\\/\\\/onevetgroup.pt\\\/cvcaldasdarainha\\\/\",\"name\":\"Caldas\",\"description\":\"Your Pets in Good Hands\",\"publisher\":{\"@id\":\"https:\\\/\\\/onevetgroup.pt\\\/cvcaldasdarainha\\\/#organization\"},\"potentialAction\":[{\"@type\":\"SearchAction\",\"target\":{\"@type\":\"EntryPoint\",\"urlTemplate\":\"https:\\\/\\\/onevetgroup.pt\\\/cvcaldasdarainha\\\/?s={search_term_string}\"},\"query-input\":{\"@type\":\"PropertyValueSpecification\",\"valueRequired\":true,\"valueName\":\"search_term_string\"}}],\"inLanguage\":\"pt-PT\"},{\"@type\":\"Organization\",\"@id\":\"https:\\\/\\\/onevetgroup.pt\\\/cvcaldasdarainha\\\/#organization\",\"name\":\"Caldas\",\"url\":\"https:\\\/\\\/onevetgroup.pt\\\/cvcaldasdarainha\\\/\",\"logo\":{\"@type\":\"ImageObject\",\"inLanguage\":\"pt-PT\",\"@id\":\"https:\\\/\\\/onevetgroup.pt\\\/cvcaldasdarainha\\\/#\\\/schema\\\/logo\\\/image\\\/\",\"url\":\"https:\\\/\\\/onevetgroup.pt\\\/cvcaldasdarainha\\\/wp-content\\\/uploads\\\/sites\\\/86\\\/2025\\\/12\\\/cropped-Logo-scaled-1.png\",\"contentUrl\":\"https:\\\/\\\/onevetgroup.pt\\\/cvcaldasdarainha\\\/wp-content\\\/uploads\\\/sites\\\/86\\\/2025\\\/12\\\/cropped-Logo-scaled-1.png\",\"width\":2559,\"height\":741,\"caption\":\"Caldas\"},\"image\":{\"@id\":\"https:\\\/\\\/onevetgroup.pt\\\/cvcaldasdarainha\\\/#\\\/schema\\\/logo\\\/image\\\/\"}}]}<\/script>\n<!-- \/ Yoast SEO plugin. -->","yoast_head_json":{"title":"A Nossa Equipa - Caldas","robots":{"index":"index","follow":"follow","max-snippet":"max-snippet:-1","max-image-preview":"max-image-preview:large","max-video-preview":"max-video-preview:-1"},"canonical":"https:\/\/onevetgroup.pt\/cvcaldasdarainha\/a-nossa-equipa\/","og_locale":"pt_PT","og_type":"article","og_title":"A Nossa Equipa - Caldas","og_description":"A nossa voca\u00e7\u00e3o s\u00e3o os animais. \u00c9 com eles que nos preocupamos em lhes proporcionar uma melhor qualidade de vida e que nos centramos tamb\u00e9m em aplicar sempre a melhor medicina preventiva. M\u00e9dicos Veterin\u00e1rios Ricardo Tavares Diretor Cl\u00ednico \/ M\u00e9dico Veterin\u00e1rio O meu nome \u00e9 Ricardo Tavares, sou director cl\u00ednico na onevet das Caldas da &hellip;","og_url":"https:\/\/onevetgroup.pt\/cvcaldasdarainha\/a-nossa-equipa\/","og_site_name":"Caldas","article_modified_time":"2026-03-30T14:33:47+00:00","twitter_card":"summary_large_image","twitter_misc":{"Tempo estimado de leitura":"5 minutos"},"schema":{"@context":"https:\/\/schema.org","@graph":[{"@type":"WebPage","@id":"https:\/\/onevetgroup.pt\/cvcaldasdarainha\/a-nossa-equipa\/","url":"https:\/\/onevetgroup.pt\/cvcaldasdarainha\/a-nossa-equipa\/","name":"A Nossa Equipa - Caldas","isPartOf":{"@id":"https:\/\/onevetgroup.pt\/cvcaldasdarainha\/#website"},"datePublished":"2022-07-01T09:38:42+00:00","dateModified":"2026-03-30T14:33:47+00:00","breadcrumb":{"@id":"https:\/\/onevetgroup.pt\/cvcaldasdarainha\/a-nossa-equipa\/#breadcrumb"},"inLanguage":"pt-PT","potentialAction":[{"@type":"ReadAction","target":["https:\/\/onevetgroup.pt\/cvcaldasdarainha\/a-nossa-equipa\/"]}]},{"@type":"BreadcrumbList","@id":"https:\/\/onevetgroup.pt\/cvcaldasdarainha\/a-nossa-equipa\/#breadcrumb","itemListElement":[{"@type":"ListItem","position":1,"name":"Home","item":"https:\/\/onevetgroup.pt\/cvcaldasdarainha\/"},{"@type":"ListItem","position":2,"name":"A Nossa Equipa"}]},{"@type":"WebSite","@id":"https:\/\/onevetgroup.pt\/cvcaldasdarainha\/#website","url":"https:\/\/onevetgroup.pt\/cvcaldasdarainha\/","name":"Caldas","description":"Your Pets in Good Hands","publisher":{"@id":"https:\/\/onevetgroup.pt\/cvcaldasdarainha\/#organization"},"potentialAction":[{"@type":"SearchAction","target":{"@type":"EntryPoint","urlTemplate":"https:\/\/onevetgroup.pt\/cvcaldasdarainha\/?s={search_term_string}"},"query-input":{"@type":"PropertyValueSpecification","valueRequired":true,"valueName":"search_term_string"}}],"inLanguage":"pt-PT"},{"@type":"Organization","@id":"https:\/\/onevetgroup.pt\/cvcaldasdarainha\/#organization","name":"Caldas","url":"https:\/\/onevetgroup.pt\/cvcaldasdarainha\/","logo":{"@type":"ImageObject","inLanguage":"pt-PT","@id":"https:\/\/onevetgroup.pt\/cvcaldasdarainha\/#\/schema\/logo\/image\/","url":"https:\/\/onevetgroup.pt\/cvcaldasdarainha\/wp-content\/uploads\/sites\/86\/2025\/12\/cropped-Logo-scaled-1.png","contentUrl":"https:\/\/onevetgroup.pt\/cvcaldasdarainha\/wp-content\/uploads\/sites\/86\/2025\/12\/cropped-Logo-scaled-1.png","width":2559,"height":741,"caption":"Caldas"},"image":{"@id":"https:\/\/onevetgroup.pt\/cvcaldasdarainha\/#\/schema\/logo\/image\/"}}]}},"_links":{"self":[{"href":"https:\/\/onevetgroup.pt\/cvcaldasdarainha\/wp-json\/wp\/v2\/pages\/17840","targetHints":{"allow":["GET"]}}],"collection":[{"href":"https:\/\/onevetgroup.pt\/cvcaldasdarainha\/wp-json\/wp\/v2\/pages"}],"about":[{"href":"https:\/\/onevetgroup.pt\/cvcaldasdarainha\/wp-json\/wp\/v2\/types\/page"}],"author":[{"embeddable":true,"href":"https:\/\/onevetgroup.pt\/cvcaldasdarainha\/wp-json\/wp\/v2\/users\/61"}],"replies":[{"embeddable":true,"href":"https:\/\/onevetgroup.pt\/cvcaldasdarainha\/wp-json\/wp\/v2\/comments?post=17840"}],"version-history":[{"count":100,"href":"https:\/\/onevetgroup.pt\/cvcaldasdarainha\/wp-json\/wp\/v2\/pages\/17840\/revisions"}],"predecessor-version":[{"id":20895,"href":"https:\/\/onevetgroup.pt\/cvcaldasdarainha\/wp-json\/wp\/v2\/pages\/17840\/revisions\/20895"}],"wp:attachment":[{"href":"https:\/\/onevetgroup.pt\/cvcaldasdarainha\/wp-json\/wp\/v2\/media?parent=17840"}],"curies":[{"name":"wp","href":"https:\/\/api.w.org\/{rel}","templated":true}]}}