{"id":18475,"date":"2022-07-06T13:13:18","date_gmt":"2022-07-06T13:13:18","guid":{"rendered":"https:\/\/onevet.pt\/porto\/?page_id=18475"},"modified":"2025-09-10T13:26:34","modified_gmt":"2025-09-10T13:26:34","slug":"facilities","status":"publish","type":"page","link":"https:\/\/onevetgroup.pt\/cvlecavet\/en\/facilities\/","title":{"rendered":"Our Facilities"},"content":{"rendered":"\t\t<div data-elementor-type=\"wp-page\" data-elementor-id=\"18475\" class=\"elementor elementor-18475 elementor-17846\" data-elementor-post-type=\"page\">\n\t\t\t\t\t\t<section class=\"elementor-section elementor-top-section elementor-element elementor-element-54cf215 pad-top-0 elementor-section-boxed elementor-section-height-default elementor-section-height-default\" data-id=\"54cf215\" data-element_type=\"section\" data-e-type=\"section\" id=\"main-sec\" data-settings=\"{&quot;background_background&quot;:&quot;classic&quot;}\">\n\t\t\t\t\t\t<div class=\"elementor-container elementor-column-gap-wide\">\n\t\t\t\t\t<div class=\"elementor-column elementor-col-100 elementor-top-column elementor-element elementor-element-d926441\" data-id=\"d926441\" data-element_type=\"column\" data-e-type=\"column\">\n\t\t\t<div class=\"elementor-widget-wrap elementor-element-populated\">\n\t\t\t\t\t\t<section class=\"elementor-section elementor-inner-section elementor-element elementor-element-98275a1 elementor-section-boxed elementor-section-height-default elementor-section-height-default\" data-id=\"98275a1\" data-element_type=\"section\" data-e-type=\"section\">\n\t\t\t\t\t\t<div class=\"elementor-container elementor-column-gap-default\">\n\t\t\t\t\t<div class=\"elementor-column elementor-col-50 elementor-inner-column elementor-element elementor-element-07b222c\" data-id=\"07b222c\" data-element_type=\"column\" data-e-type=\"column\">\n\t\t\t<div class=\"elementor-widget-wrap elementor-element-populated\">\n\t\t\t\t\t\t<div class=\"elementor-element elementor-element-44b52f4 elementor-widget elementor-widget-image\" data-id=\"44b52f4\" data-element_type=\"widget\" data-e-type=\"widget\" data-widget_type=\"image.default\">\n\t\t\t\t<div class=\"elementor-widget-container\">\n\t\t\t\t\t\t\t\t\t\t\t\t\t\t\t<img fetchpriority=\"high\" width=\"1536\" height=\"1024\" class=\"attachment-2048x2048 size-2048x2048 wp-image-20599 lazy\" alt=\"\" data-src=\"https:\/\/onevetgroup.pt\/cvlecavet\/wp-content\/uploads\/sites\/79\/2025\/09\/close-up-veterinary-doctor-taking-care-pet-1.jpg\" data-lazy=\"https:\/\/onevetgroup.pt\/cvlecavet\/wp-content\/uploads\/sites\/79\/2025\/09\/close-up-veterinary-doctor-taking-care-pet-1.jpg\" \/>\t\t\t\t\t\t\t\t\t\t\t\t\t\t\t<\/div>\n\t\t\t\t<\/div>\n\t\t\t\t\t<\/div>\n\t\t<\/div>\n\t\t\t\t<div class=\"elementor-column elementor-col-50 elementor-inner-column elementor-element elementor-element-e32254f\" data-id=\"e32254f\" data-element_type=\"column\" data-e-type=\"column\">\n\t\t\t<div class=\"elementor-widget-wrap elementor-element-populated\">\n\t\t\t\t\t\t<div class=\"elementor-element elementor-element-6494dd8 elementor-widget elementor-widget-text-editor\" data-id=\"6494dd8\" data-element_type=\"widget\" data-e-type=\"widget\" data-widget_type=\"text-editor.default\">\n\t\t\t\t<div class=\"elementor-widget-container\">\n\t\t\t\t\t\t\t\t\t<div class=\"ewa-rteLine\"><p>Based on respect for animal welfare, honesty in the treatment of animals and their guardians, responsibility and dedication, modernisation and constant concern with updating knowledge through postgraduate studies and participation in specialist conferences, at Onevet Cl\u00ednica Veterin\u00e1ria Le\u00e7avet we work as a team and all members work towards the same goals, in order to provide the best for their patients. We have a waiting room and consultation room for both dogs and cats. In terms of imaging exams, we have a room with digital X-ray equipment and an ultrasound machine for routine ultrasounds. We offer a comprehensive surgical service for soft tissue surgery, as well as canine and feline hospitalisation. In addition to all our medical and surgical services, we also offer grooming and spa services for animals.<\/p><\/div>\t\t\t\t\t\t\t\t<\/div>\n\t\t\t\t<\/div>\n\t\t\t\t\t<\/div>\n\t\t<\/div>\n\t\t\t\t\t<\/div>\n\t\t<\/section>\n\t\t\t\t<section class=\"elementor-section elementor-inner-section elementor-element elementor-element-dde928b elementor-section-boxed elementor-section-height-default elementor-section-height-default\" data-id=\"dde928b\" data-element_type=\"section\" data-e-type=\"section\">\n\t\t\t\t\t\t<div class=\"elementor-container elementor-column-gap-default\">\n\t\t\t\t\t<div class=\"elementor-column elementor-col-50 elementor-inner-column elementor-element elementor-element-cc2bfd3\" data-id=\"cc2bfd3\" data-element_type=\"column\" data-e-type=\"column\">\n\t\t\t<div class=\"elementor-widget-wrap elementor-element-populated\">\n\t\t\t\t\t\t<div class=\"elementor-element elementor-element-ad87997 elementor-align-center elementor-widget elementor-widget-button\" data-id=\"ad87997\" data-element_type=\"widget\" data-e-type=\"widget\" data-widget_type=\"button.default\">\n\t\t\t\t<div class=\"elementor-widget-container\">\n\t\t\t\t\t\t\t\t\t<div class=\"elementor-button-wrapper\">\n\t\t\t\t\t<a class=\"elementor-button elementor-button-link elementor-size-sm\" href=\"\/cvlecavet\/en\/our-team\/\">\n\t\t\t\t\t\t<span class=\"elementor-button-content-wrapper\">\n\t\t\t\t\t\t\t\t\t<span class=\"elementor-button-text\">Our Team<\/span>\n\t\t\t\t\t<\/span>\n\t\t\t\t\t<\/a>\n\t\t\t\t<\/div>\n\t\t\t\t\t\t\t\t<\/div>\n\t\t\t\t<\/div>\n\t\t\t\t\t<\/div>\n\t\t<\/div>\n\t\t\t\t<div class=\"elementor-column elementor-col-50 elementor-inner-column elementor-element elementor-element-5abf707\" data-id=\"5abf707\" data-element_type=\"column\" data-e-type=\"column\">\n\t\t\t<div class=\"elementor-widget-wrap elementor-element-populated\">\n\t\t\t\t\t\t<div class=\"elementor-element elementor-element-48e57d7 elementor-align-center elementor-widget elementor-widget-button\" data-id=\"48e57d7\" data-element_type=\"widget\" data-e-type=\"widget\" data-widget_type=\"button.default\">\n\t\t\t\t<div class=\"elementor-widget-container\">\n\t\t\t\t\t\t\t\t\t<div class=\"elementor-button-wrapper\">\n\t\t\t\t\t<a class=\"elementor-button elementor-button-link elementor-size-sm\" href=\"\/cvlecavet\/en\/services\/\">\n\t\t\t\t\t\t<span class=\"elementor-button-content-wrapper\">\n\t\t\t\t\t\t\t\t\t<span class=\"elementor-button-text\">Services<\/span>\n\t\t\t\t\t<\/span>\n\t\t\t\t\t<\/a>\n\t\t\t\t<\/div>\n\t\t\t\t\t\t\t\t<\/div>\n\t\t\t\t<\/div>\n\t\t\t\t\t<\/div>\n\t\t<\/div>\n\t\t\t\t\t<\/div>\n\t\t<\/section>\n\t\t\t\t\t<\/div>\n\t\t<\/div>\n\t\t\t\t\t<\/div>\n\t\t<\/section>\n\t\t\t\t<\/div>\n\t\t","protected":false},"excerpt":{"rendered":"<p>Based on respect for animal welfare, honesty in the treatment of animals and their guardians, responsibility and dedication, modernisation and constant concern with updating knowledge through postgraduate studies and participation in specialist conferences, at Onevet Cl\u00ednica Veterin\u00e1ria Le\u00e7avet we work as a team and all members work towards the same goals, in order to provide &hellip; <\/p>\n","protected":false},"author":59,"featured_media":0,"parent":0,"menu_order":0,"comment_status":"closed","ping_status":"closed","template":"page-fullwidth.php","meta":{"_acf_changed":false,"content-type":"","footnotes":""},"class_list":["post-18475","page","type-page","status-publish","hentry"],"acf":[],"yoast_head":"<!-- This site is optimized with the Yoast SEO plugin v27.4 - https:\/\/yoast.com\/product\/yoast-seo-wordpress\/ -->\n<title>Our Facilities - Le\u00e7avet<\/title>\n<meta name=\"robots\" content=\"index, follow, max-snippet:-1, max-image-preview:large, max-video-preview:-1\" \/>\n<link rel=\"canonical\" href=\"https:\/\/onevetgroup.pt\/cvlecavet\/en\/facilities\/\" \/>\n<meta property=\"og:locale\" content=\"en_US\" \/>\n<meta property=\"og:type\" content=\"article\" \/>\n<meta property=\"og:title\" content=\"Our Facilities - Le\u00e7avet\" \/>\n<meta property=\"og:description\" content=\"Based on respect for animal welfare, honesty in the treatment of animals and their guardians, responsibility and dedication, modernisation and constant concern with updating knowledge through postgraduate studies and participation in specialist conferences, at Onevet Cl\u00ednica Veterin\u00e1ria Le\u00e7avet we work as a team and all members work towards the same goals, in order to provide &hellip;\" \/>\n<meta property=\"og:url\" content=\"https:\/\/onevetgroup.pt\/cvlecavet\/en\/facilities\/\" \/>\n<meta property=\"og:site_name\" content=\"Le\u00e7avet\" \/>\n<meta property=\"article:modified_time\" content=\"2025-09-10T13:26:34+00:00\" \/>\n<meta property=\"og:image\" content=\"https:\/\/onevetgroup.pt\/cvlecavet\/wp-content\/uploads\/sites\/79\/2025\/09\/close-up-veterinary-doctor-taking-care-pet-1.jpg\" \/>\n<meta name=\"twitter:card\" content=\"summary_large_image\" \/>\n<meta name=\"twitter:label1\" content=\"Est. reading time\" \/>\n\t<meta name=\"twitter:data1\" content=\"1 minute\" \/>\n<script type=\"application\/ld+json\" class=\"yoast-schema-graph\">{\"@context\":\"https:\\\/\\\/schema.org\",\"@graph\":[{\"@type\":\"WebPage\",\"@id\":\"https:\\\/\\\/onevetgroup.pt\\\/cvlecavet\\\/en\\\/facilities\\\/\",\"url\":\"https:\\\/\\\/onevetgroup.pt\\\/cvlecavet\\\/en\\\/facilities\\\/\",\"name\":\"Our Facilities - Le\u00e7avet\",\"isPartOf\":{\"@id\":\"https:\\\/\\\/onevetgroup.pt\\\/cvlecavet\\\/en\\\/#website\"},\"primaryImageOfPage\":{\"@id\":\"https:\\\/\\\/onevetgroup.pt\\\/cvlecavet\\\/en\\\/facilities\\\/#primaryimage\"},\"image\":{\"@id\":\"https:\\\/\\\/onevetgroup.pt\\\/cvlecavet\\\/en\\\/facilities\\\/#primaryimage\"},\"thumbnailUrl\":\"https:\\\/\\\/onevetgroup.pt\\\/cvlecavet\\\/wp-content\\\/uploads\\\/sites\\\/79\\\/2025\\\/09\\\/close-up-veterinary-doctor-taking-care-pet-1.jpg\",\"datePublished\":\"2022-07-06T13:13:18+00:00\",\"dateModified\":\"2025-09-10T13:26:34+00:00\",\"breadcrumb\":{\"@id\":\"https:\\\/\\\/onevetgroup.pt\\\/cvlecavet\\\/en\\\/facilities\\\/#breadcrumb\"},\"inLanguage\":\"en-US\",\"potentialAction\":[{\"@type\":\"ReadAction\",\"target\":[\"https:\\\/\\\/onevetgroup.pt\\\/cvlecavet\\\/en\\\/facilities\\\/\"]}]},{\"@type\":\"ImageObject\",\"inLanguage\":\"en-US\",\"@id\":\"https:\\\/\\\/onevetgroup.pt\\\/cvlecavet\\\/en\\\/facilities\\\/#primaryimage\",\"url\":\"https:\\\/\\\/onevetgroup.pt\\\/cvlecavet\\\/wp-content\\\/uploads\\\/sites\\\/79\\\/2025\\\/09\\\/close-up-veterinary-doctor-taking-care-pet-1.jpg\",\"contentUrl\":\"https:\\\/\\\/onevetgroup.pt\\\/cvlecavet\\\/wp-content\\\/uploads\\\/sites\\\/79\\\/2025\\\/09\\\/close-up-veterinary-doctor-taking-care-pet-1.jpg\"},{\"@type\":\"BreadcrumbList\",\"@id\":\"https:\\\/\\\/onevetgroup.pt\\\/cvlecavet\\\/en\\\/facilities\\\/#breadcrumb\",\"itemListElement\":[{\"@type\":\"ListItem\",\"position\":1,\"name\":\"Home\",\"item\":\"https:\\\/\\\/onevetgroup.pt\\\/cvlecavet\\\/en\\\/\"},{\"@type\":\"ListItem\",\"position\":2,\"name\":\"Our Facilities\"}]},{\"@type\":\"WebSite\",\"@id\":\"https:\\\/\\\/onevetgroup.pt\\\/cvlecavet\\\/en\\\/#website\",\"url\":\"https:\\\/\\\/onevetgroup.pt\\\/cvlecavet\\\/en\\\/\",\"name\":\"Le\u00e7avet\",\"description\":\"Your Pets in Good Hands\",\"publisher\":{\"@id\":\"https:\\\/\\\/onevetgroup.pt\\\/cvlecavet\\\/en\\\/#organization\"},\"potentialAction\":[{\"@type\":\"SearchAction\",\"target\":{\"@type\":\"EntryPoint\",\"urlTemplate\":\"https:\\\/\\\/onevetgroup.pt\\\/cvlecavet\\\/en\\\/?s={search_term_string}\"},\"query-input\":{\"@type\":\"PropertyValueSpecification\",\"valueRequired\":true,\"valueName\":\"search_term_string\"}}],\"inLanguage\":\"en-US\"},{\"@type\":\"Organization\",\"@id\":\"https:\\\/\\\/onevetgroup.pt\\\/cvlecavet\\\/en\\\/#organization\",\"name\":\"Le\u00e7avet\",\"url\":\"https:\\\/\\\/onevetgroup.pt\\\/cvlecavet\\\/en\\\/\",\"logo\":{\"@type\":\"ImageObject\",\"inLanguage\":\"en-US\",\"@id\":\"https:\\\/\\\/onevetgroup.pt\\\/cvlecavet\\\/en\\\/#\\\/schema\\\/logo\\\/image\\\/\",\"url\":\"https:\\\/\\\/onevetgroup.pt\\\/cvlecavet\\\/wp-content\\\/uploads\\\/sites\\\/79\\\/2025\\\/09\\\/cropped-4_logo_horizontal_cores-Leca.png\",\"contentUrl\":\"https:\\\/\\\/onevetgroup.pt\\\/cvlecavet\\\/wp-content\\\/uploads\\\/sites\\\/79\\\/2025\\\/09\\\/cropped-4_logo_horizontal_cores-Leca.png\",\"width\":1173,\"height\":361,\"caption\":\"Le\u00e7avet\"},\"image\":{\"@id\":\"https:\\\/\\\/onevetgroup.pt\\\/cvlecavet\\\/en\\\/#\\\/schema\\\/logo\\\/image\\\/\"}}]}<\/script>\n<!-- \/ Yoast SEO plugin. -->","yoast_head_json":{"title":"Our Facilities - Le\u00e7avet","robots":{"index":"index","follow":"follow","max-snippet":"max-snippet:-1","max-image-preview":"max-image-preview:large","max-video-preview":"max-video-preview:-1"},"canonical":"https:\/\/onevetgroup.pt\/cvlecavet\/en\/facilities\/","og_locale":"en_US","og_type":"article","og_title":"Our Facilities - Le\u00e7avet","og_description":"Based on respect for animal welfare, honesty in the treatment of animals and their guardians, responsibility and dedication, modernisation and constant concern with updating knowledge through postgraduate studies and participation in specialist conferences, at Onevet Cl\u00ednica Veterin\u00e1ria Le\u00e7avet we work as a team and all members work towards the same goals, in order to provide &hellip;","og_url":"https:\/\/onevetgroup.pt\/cvlecavet\/en\/facilities\/","og_site_name":"Le\u00e7avet","article_modified_time":"2025-09-10T13:26:34+00:00","og_image":[{"url":"https:\/\/onevetgroup.pt\/cvlecavet\/wp-content\/uploads\/sites\/79\/2025\/09\/close-up-veterinary-doctor-taking-care-pet-1.jpg","type":"","width":"","height":""}],"twitter_card":"summary_large_image","twitter_misc":{"Est. reading time":"1 minute"},"schema":{"@context":"https:\/\/schema.org","@graph":[{"@type":"WebPage","@id":"https:\/\/onevetgroup.pt\/cvlecavet\/en\/facilities\/","url":"https:\/\/onevetgroup.pt\/cvlecavet\/en\/facilities\/","name":"Our Facilities - Le\u00e7avet","isPartOf":{"@id":"https:\/\/onevetgroup.pt\/cvlecavet\/en\/#website"},"primaryImageOfPage":{"@id":"https:\/\/onevetgroup.pt\/cvlecavet\/en\/facilities\/#primaryimage"},"image":{"@id":"https:\/\/onevetgroup.pt\/cvlecavet\/en\/facilities\/#primaryimage"},"thumbnailUrl":"https:\/\/onevetgroup.pt\/cvlecavet\/wp-content\/uploads\/sites\/79\/2025\/09\/close-up-veterinary-doctor-taking-care-pet-1.jpg","datePublished":"2022-07-06T13:13:18+00:00","dateModified":"2025-09-10T13:26:34+00:00","breadcrumb":{"@id":"https:\/\/onevetgroup.pt\/cvlecavet\/en\/facilities\/#breadcrumb"},"inLanguage":"en-US","potentialAction":[{"@type":"ReadAction","target":["https:\/\/onevetgroup.pt\/cvlecavet\/en\/facilities\/"]}]},{"@type":"ImageObject","inLanguage":"en-US","@id":"https:\/\/onevetgroup.pt\/cvlecavet\/en\/facilities\/#primaryimage","url":"https:\/\/onevetgroup.pt\/cvlecavet\/wp-content\/uploads\/sites\/79\/2025\/09\/close-up-veterinary-doctor-taking-care-pet-1.jpg","contentUrl":"https:\/\/onevetgroup.pt\/cvlecavet\/wp-content\/uploads\/sites\/79\/2025\/09\/close-up-veterinary-doctor-taking-care-pet-1.jpg"},{"@type":"BreadcrumbList","@id":"https:\/\/onevetgroup.pt\/cvlecavet\/en\/facilities\/#breadcrumb","itemListElement":[{"@type":"ListItem","position":1,"name":"Home","item":"https:\/\/onevetgroup.pt\/cvlecavet\/en\/"},{"@type":"ListItem","position":2,"name":"Our Facilities"}]},{"@type":"WebSite","@id":"https:\/\/onevetgroup.pt\/cvlecavet\/en\/#website","url":"https:\/\/onevetgroup.pt\/cvlecavet\/en\/","name":"Le\u00e7avet","description":"Your Pets in Good Hands","publisher":{"@id":"https:\/\/onevetgroup.pt\/cvlecavet\/en\/#organization"},"potentialAction":[{"@type":"SearchAction","target":{"@type":"EntryPoint","urlTemplate":"https:\/\/onevetgroup.pt\/cvlecavet\/en\/?s={search_term_string}"},"query-input":{"@type":"PropertyValueSpecification","valueRequired":true,"valueName":"search_term_string"}}],"inLanguage":"en-US"},{"@type":"Organization","@id":"https:\/\/onevetgroup.pt\/cvlecavet\/en\/#organization","name":"Le\u00e7avet","url":"https:\/\/onevetgroup.pt\/cvlecavet\/en\/","logo":{"@type":"ImageObject","inLanguage":"en-US","@id":"https:\/\/onevetgroup.pt\/cvlecavet\/en\/#\/schema\/logo\/image\/","url":"https:\/\/onevetgroup.pt\/cvlecavet\/wp-content\/uploads\/sites\/79\/2025\/09\/cropped-4_logo_horizontal_cores-Leca.png","contentUrl":"https:\/\/onevetgroup.pt\/cvlecavet\/wp-content\/uploads\/sites\/79\/2025\/09\/cropped-4_logo_horizontal_cores-Leca.png","width":1173,"height":361,"caption":"Le\u00e7avet"},"image":{"@id":"https:\/\/onevetgroup.pt\/cvlecavet\/en\/#\/schema\/logo\/image\/"}}]}},"_links":{"self":[{"href":"https:\/\/onevetgroup.pt\/cvlecavet\/en\/wp-json\/wp\/v2\/pages\/18475","targetHints":{"allow":["GET"]}}],"collection":[{"href":"https:\/\/onevetgroup.pt\/cvlecavet\/en\/wp-json\/wp\/v2\/pages"}],"about":[{"href":"https:\/\/onevetgroup.pt\/cvlecavet\/en\/wp-json\/wp\/v2\/types\/page"}],"author":[{"embeddable":true,"href":"https:\/\/onevetgroup.pt\/cvlecavet\/en\/wp-json\/wp\/v2\/users\/59"}],"replies":[{"embeddable":true,"href":"https:\/\/onevetgroup.pt\/cvlecavet\/en\/wp-json\/wp\/v2\/comments?post=18475"}],"version-history":[{"count":25,"href":"https:\/\/onevetgroup.pt\/cvlecavet\/en\/wp-json\/wp\/v2\/pages\/18475\/revisions"}],"predecessor-version":[{"id":20606,"href":"https:\/\/onevetgroup.pt\/cvlecavet\/en\/wp-json\/wp\/v2\/pages\/18475\/revisions\/20606"}],"wp:attachment":[{"href":"https:\/\/onevetgroup.pt\/cvlecavet\/en\/wp-json\/wp\/v2\/media?parent=18475"}],"curies":[{"name":"wp","href":"https:\/\/api.w.org\/{rel}","templated":true}]}}