{"id":268,"date":"2020-10-03T06:32:57","date_gmt":"2020-10-03T06:32:57","guid":{"rendered":"http:\/\/onevet.pt\/cabrils\/?page_id=268"},"modified":"2025-09-10T13:24:04","modified_gmt":"2025-09-10T13:24:04","slug":"about-us","status":"publish","type":"page","link":"https:\/\/onevetgroup.pt\/cvlecavet\/en\/about-us\/","title":{"rendered":"About Us"},"content":{"rendered":"\t\t<div data-elementor-type=\"wp-page\" data-elementor-id=\"268\" class=\"elementor elementor-268\" data-elementor-post-type=\"page\">\n\t\t\t\t\t\t<section class=\"elementor-section elementor-top-section elementor-element elementor-element-54cf215 pad-top-0 elementor-section-boxed elementor-section-height-default elementor-section-height-default\" data-id=\"54cf215\" data-element_type=\"section\" data-e-type=\"section\" id=\"main-sec\" data-settings=\"{&quot;background_background&quot;:&quot;classic&quot;}\">\n\t\t\t\t\t\t<div class=\"elementor-container elementor-column-gap-default\">\n\t\t\t\t\t<div class=\"elementor-column elementor-col-100 elementor-top-column elementor-element elementor-element-d926441\" data-id=\"d926441\" data-element_type=\"column\" data-e-type=\"column\">\n\t\t\t<div class=\"elementor-widget-wrap elementor-element-populated\">\n\t\t\t\t\t\t<div class=\"elementor-element elementor-element-9725bcd elementor-widget elementor-widget-section_titleleft\" data-id=\"9725bcd\" data-element_type=\"widget\" data-e-type=\"widget\" data-widget_type=\"section_titleleft.default\">\n\t\t\t\t<div class=\"elementor-widget-container\">\n\t\t\t\t\t        <div class=\"ab_text-title fl-wrap\">\r\n            <h3>Onevet Le\u00e7avet Veterinary Clinic with 24-hour emergency services, provided by Onevet Porto Veterinary Hospital (HVPO)<\/h3><h4>Founded in 2008, Le\u00e7avet Veterinary Clinic is committed to pursuing excellence in total quality and complete customer satisfaction. <\/h4><span class=\"section-separator fl-sec-sep\"><\/span>        <\/div>\r\n        \t\t\t\t<\/div>\n\t\t\t\t<\/div>\n\t\t\t\t<section class=\"elementor-section elementor-inner-section elementor-element elementor-element-35814f4 elementor-section-full_width elementor-section-height-default elementor-section-height-default\" data-id=\"35814f4\" data-element_type=\"section\" data-e-type=\"section\">\n\t\t\t\t\t\t<div class=\"elementor-container elementor-column-gap-wide\">\n\t\t\t\t\t<div class=\"elementor-column elementor-col-50 elementor-inner-column elementor-element elementor-element-7fa3f34\" data-id=\"7fa3f34\" data-element_type=\"column\" data-e-type=\"column\">\n\t\t\t<div class=\"elementor-widget-wrap elementor-element-populated\">\n\t\t\t\t\t\t<div class=\"elementor-element elementor-element-9e79898 elementor-widget elementor-widget-image\" data-id=\"9e79898\" data-element_type=\"widget\" data-e-type=\"widget\" data-widget_type=\"image.default\">\n\t\t\t\t<div class=\"elementor-widget-container\">\n\t\t\t\t\t\t\t\t\t\t\t\t\t\t\t<img fetchpriority=\"high\" width=\"786\" height=\"524\" class=\"attachment-townhub-single-image size-townhub-single-image wp-image-20594 lazy\" alt=\"\" data-src=\"https:\/\/onevetgroup.pt\/cvlecavet\/wp-content\/uploads\/sites\/79\/2025\/09\/close-up-doctor-checking-cute-dog-s-eye-1-786x524.jpg\" data-lazy=\"https:\/\/onevetgroup.pt\/cvlecavet\/wp-content\/uploads\/sites\/79\/2025\/09\/close-up-doctor-checking-cute-dog-s-eye-1-786x524.jpg\" \/>\t\t\t\t\t\t\t\t\t\t\t\t\t\t\t<\/div>\n\t\t\t\t<\/div>\n\t\t\t\t\t<\/div>\n\t\t<\/div>\n\t\t\t\t<div class=\"elementor-column elementor-col-50 elementor-inner-column elementor-element elementor-element-202374d\" data-id=\"202374d\" data-element_type=\"column\" data-e-type=\"column\">\n\t\t\t<div class=\"elementor-widget-wrap elementor-element-populated\">\n\t\t\t\t\t\t<div class=\"elementor-element elementor-element-3b393ce about-wrap elementor-widget elementor-widget-text-editor\" data-id=\"3b393ce\" data-element_type=\"widget\" data-e-type=\"widget\" data-widget_type=\"text-editor.default\">\n\t\t\t\t<div class=\"elementor-widget-container\">\n\t\t\t\t\t\t\t\t\t<p>Onevet Cl\u00ednica Veterin\u00e1ria Le\u00e7avet, located in Le\u00e7a da Palmeira \u2013 Matosinhos, was founded in 2008 by Dr Rachel Rollo Marques. In 2022, it joined the Onevet Group, becoming part of a network of veterinary clinics and hospitals throughout the country. It offers a range of services, both in the medical and surgical fields and in the area of animal welfare (grooming and animal spa), providing general medical and vaccination consultations, general surgery, microchip implantation, deworming, home visits, clinical analyses, digital X-rays, general ultrasound scans, as well as bathing and clipping services.<\/p>\t\t\t\t\t\t\t\t<\/div>\n\t\t\t\t<\/div>\n\t\t\t\t\t<\/div>\n\t\t<\/div>\n\t\t\t\t\t<\/div>\n\t\t<\/section>\n\t\t\t\t<section class=\"elementor-section elementor-inner-section elementor-element elementor-element-b095b00 elementor-section-boxed elementor-section-height-default elementor-section-height-default\" data-id=\"b095b00\" data-element_type=\"section\" data-e-type=\"section\">\n\t\t\t\t\t\t<div class=\"elementor-container elementor-column-gap-default\">\n\t\t\t\t\t<div class=\"elementor-column elementor-col-50 elementor-inner-column elementor-element elementor-element-a93ff44\" data-id=\"a93ff44\" data-element_type=\"column\" data-e-type=\"column\">\n\t\t\t<div class=\"elementor-widget-wrap elementor-element-populated\">\n\t\t\t\t\t\t<div class=\"elementor-element elementor-element-389e224 elementor-align-center elementor-widget elementor-widget-button\" data-id=\"389e224\" data-element_type=\"widget\" data-e-type=\"widget\" data-widget_type=\"button.default\">\n\t\t\t\t<div class=\"elementor-widget-container\">\n\t\t\t\t\t\t\t\t\t<div class=\"elementor-button-wrapper\">\n\t\t\t\t\t<a class=\"elementor-button elementor-button-link elementor-size-sm\" href=\"\/cvlecavet\/en\/facilities\/\">\n\t\t\t\t\t\t<span class=\"elementor-button-content-wrapper\">\n\t\t\t\t\t\t\t\t\t<span class=\"elementor-button-text\">Facilities<\/span>\n\t\t\t\t\t<\/span>\n\t\t\t\t\t<\/a>\n\t\t\t\t<\/div>\n\t\t\t\t\t\t\t\t<\/div>\n\t\t\t\t<\/div>\n\t\t\t\t\t<\/div>\n\t\t<\/div>\n\t\t\t\t<div class=\"elementor-column elementor-col-50 elementor-inner-column elementor-element elementor-element-90cbc20\" data-id=\"90cbc20\" data-element_type=\"column\" data-e-type=\"column\">\n\t\t\t<div class=\"elementor-widget-wrap elementor-element-populated\">\n\t\t\t\t\t\t<div class=\"elementor-element elementor-element-754629b elementor-align-center elementor-widget elementor-widget-button\" data-id=\"754629b\" data-element_type=\"widget\" data-e-type=\"widget\" data-widget_type=\"button.default\">\n\t\t\t\t<div class=\"elementor-widget-container\">\n\t\t\t\t\t\t\t\t\t<div class=\"elementor-button-wrapper\">\n\t\t\t\t\t<a class=\"elementor-button elementor-button-link elementor-size-sm\" href=\"\/cvlecavet\/en\/our-team\/\">\n\t\t\t\t\t\t<span class=\"elementor-button-content-wrapper\">\n\t\t\t\t\t\t\t\t\t<span class=\"elementor-button-text\">Meet Our Team<\/span>\n\t\t\t\t\t<\/span>\n\t\t\t\t\t<\/a>\n\t\t\t\t<\/div>\n\t\t\t\t\t\t\t\t<\/div>\n\t\t\t\t<\/div>\n\t\t\t\t\t<\/div>\n\t\t<\/div>\n\t\t\t\t\t<\/div>\n\t\t<\/section>\n\t\t\t\t\t<\/div>\n\t\t<\/div>\n\t\t\t\t\t<\/div>\n\t\t<\/section>\n\t\t\t\t<\/div>\n\t\t","protected":false},"excerpt":{"rendered":"<p>Onevet Le\u00e7avet Veterinary Clinic with 24-hour emergency services, provided by Onevet Porto Veterinary Hospital (HVPO) Founded in 2008, Le\u00e7avet Veterinary Clinic is committed to pursuing excellence in total quality and complete customer satisfaction. Onevet Cl\u00ednica Veterin\u00e1ria Le\u00e7avet, located in Le\u00e7a da Palmeira \u2013 Matosinhos, was founded in 2008 by Dr Rachel Rollo Marques. In 2022, &hellip; <\/p>\n","protected":false},"author":1,"featured_media":0,"parent":0,"menu_order":0,"comment_status":"closed","ping_status":"closed","template":"page-fullwidth.php","meta":{"_acf_changed":false,"content-type":"","footnotes":""},"class_list":["post-268","page","type-page","status-publish","hentry"],"acf":[],"yoast_head":"<!-- This site is optimized with the Yoast SEO plugin v27.4 - https:\/\/yoast.com\/product\/yoast-seo-wordpress\/ -->\n<title>About Us - Le\u00e7avet<\/title>\n<meta name=\"robots\" content=\"index, follow, max-snippet:-1, max-image-preview:large, max-video-preview:-1\" \/>\n<link rel=\"canonical\" href=\"https:\/\/onevetgroup.pt\/cvlecavet\/en\/about-us\/\" \/>\n<meta property=\"og:locale\" content=\"en_US\" \/>\n<meta property=\"og:type\" content=\"article\" \/>\n<meta property=\"og:title\" content=\"About Us - Le\u00e7avet\" \/>\n<meta property=\"og:description\" content=\"Onevet Le\u00e7avet Veterinary Clinic with 24-hour emergency services, provided by Onevet Porto Veterinary Hospital (HVPO) Founded in 2008, Le\u00e7avet Veterinary Clinic is committed to pursuing excellence in total quality and complete customer satisfaction. Onevet Cl\u00ednica Veterin\u00e1ria Le\u00e7avet, located in Le\u00e7a da Palmeira \u2013 Matosinhos, was founded in 2008 by Dr Rachel Rollo Marques. In 2022, &hellip;\" \/>\n<meta property=\"og:url\" content=\"https:\/\/onevetgroup.pt\/cvlecavet\/en\/about-us\/\" \/>\n<meta property=\"og:site_name\" content=\"Le\u00e7avet\" \/>\n<meta property=\"article:modified_time\" content=\"2025-09-10T13:24:04+00:00\" \/>\n<meta property=\"og:image\" content=\"https:\/\/onevetgroup.pt\/cvlecavet\/wp-content\/uploads\/sites\/79\/2025\/09\/close-up-doctor-checking-cute-dog-s-eye-1-786x524.jpg\" \/>\n<meta name=\"twitter:card\" content=\"summary_large_image\" \/>\n<meta name=\"twitter:label1\" content=\"Est. reading time\" \/>\n\t<meta name=\"twitter:data1\" content=\"1 minute\" \/>\n<script type=\"application\/ld+json\" class=\"yoast-schema-graph\">{\"@context\":\"https:\\\/\\\/schema.org\",\"@graph\":[{\"@type\":\"WebPage\",\"@id\":\"https:\\\/\\\/onevetgroup.pt\\\/cvlecavet\\\/en\\\/about-us\\\/\",\"url\":\"https:\\\/\\\/onevetgroup.pt\\\/cvlecavet\\\/en\\\/about-us\\\/\",\"name\":\"About Us - Le\u00e7avet\",\"isPartOf\":{\"@id\":\"https:\\\/\\\/onevetgroup.pt\\\/cvlecavet\\\/en\\\/#website\"},\"primaryImageOfPage\":{\"@id\":\"https:\\\/\\\/onevetgroup.pt\\\/cvlecavet\\\/en\\\/about-us\\\/#primaryimage\"},\"image\":{\"@id\":\"https:\\\/\\\/onevetgroup.pt\\\/cvlecavet\\\/en\\\/about-us\\\/#primaryimage\"},\"thumbnailUrl\":\"https:\\\/\\\/onevetgroup.pt\\\/cvlecavet\\\/wp-content\\\/uploads\\\/sites\\\/79\\\/2025\\\/09\\\/close-up-doctor-checking-cute-dog-s-eye-1-786x524.jpg\",\"datePublished\":\"2020-10-03T06:32:57+00:00\",\"dateModified\":\"2025-09-10T13:24:04+00:00\",\"breadcrumb\":{\"@id\":\"https:\\\/\\\/onevetgroup.pt\\\/cvlecavet\\\/en\\\/about-us\\\/#breadcrumb\"},\"inLanguage\":\"en-US\",\"potentialAction\":[{\"@type\":\"ReadAction\",\"target\":[\"https:\\\/\\\/onevetgroup.pt\\\/cvlecavet\\\/en\\\/about-us\\\/\"]}]},{\"@type\":\"ImageObject\",\"inLanguage\":\"en-US\",\"@id\":\"https:\\\/\\\/onevetgroup.pt\\\/cvlecavet\\\/en\\\/about-us\\\/#primaryimage\",\"url\":\"https:\\\/\\\/onevetgroup.pt\\\/cvlecavet\\\/wp-content\\\/uploads\\\/sites\\\/79\\\/2025\\\/09\\\/close-up-doctor-checking-cute-dog-s-eye-1-786x524.jpg\",\"contentUrl\":\"https:\\\/\\\/onevetgroup.pt\\\/cvlecavet\\\/wp-content\\\/uploads\\\/sites\\\/79\\\/2025\\\/09\\\/close-up-doctor-checking-cute-dog-s-eye-1-786x524.jpg\"},{\"@type\":\"BreadcrumbList\",\"@id\":\"https:\\\/\\\/onevetgroup.pt\\\/cvlecavet\\\/en\\\/about-us\\\/#breadcrumb\",\"itemListElement\":[{\"@type\":\"ListItem\",\"position\":1,\"name\":\"Home\",\"item\":\"https:\\\/\\\/onevetgroup.pt\\\/cvlecavet\\\/en\\\/\"},{\"@type\":\"ListItem\",\"position\":2,\"name\":\"About Us\"}]},{\"@type\":\"WebSite\",\"@id\":\"https:\\\/\\\/onevetgroup.pt\\\/cvlecavet\\\/en\\\/#website\",\"url\":\"https:\\\/\\\/onevetgroup.pt\\\/cvlecavet\\\/en\\\/\",\"name\":\"Le\u00e7avet\",\"description\":\"Your Pets in Good Hands\",\"publisher\":{\"@id\":\"https:\\\/\\\/onevetgroup.pt\\\/cvlecavet\\\/en\\\/#organization\"},\"potentialAction\":[{\"@type\":\"SearchAction\",\"target\":{\"@type\":\"EntryPoint\",\"urlTemplate\":\"https:\\\/\\\/onevetgroup.pt\\\/cvlecavet\\\/en\\\/?s={search_term_string}\"},\"query-input\":{\"@type\":\"PropertyValueSpecification\",\"valueRequired\":true,\"valueName\":\"search_term_string\"}}],\"inLanguage\":\"en-US\"},{\"@type\":\"Organization\",\"@id\":\"https:\\\/\\\/onevetgroup.pt\\\/cvlecavet\\\/en\\\/#organization\",\"name\":\"Le\u00e7avet\",\"url\":\"https:\\\/\\\/onevetgroup.pt\\\/cvlecavet\\\/en\\\/\",\"logo\":{\"@type\":\"ImageObject\",\"inLanguage\":\"en-US\",\"@id\":\"https:\\\/\\\/onevetgroup.pt\\\/cvlecavet\\\/en\\\/#\\\/schema\\\/logo\\\/image\\\/\",\"url\":\"https:\\\/\\\/onevetgroup.pt\\\/cvlecavet\\\/wp-content\\\/uploads\\\/sites\\\/79\\\/2025\\\/09\\\/cropped-4_logo_horizontal_cores-Leca.png\",\"contentUrl\":\"https:\\\/\\\/onevetgroup.pt\\\/cvlecavet\\\/wp-content\\\/uploads\\\/sites\\\/79\\\/2025\\\/09\\\/cropped-4_logo_horizontal_cores-Leca.png\",\"width\":1173,\"height\":361,\"caption\":\"Le\u00e7avet\"},\"image\":{\"@id\":\"https:\\\/\\\/onevetgroup.pt\\\/cvlecavet\\\/en\\\/#\\\/schema\\\/logo\\\/image\\\/\"}}]}<\/script>\n<!-- \/ Yoast SEO plugin. -->","yoast_head_json":{"title":"About Us - Le\u00e7avet","robots":{"index":"index","follow":"follow","max-snippet":"max-snippet:-1","max-image-preview":"max-image-preview:large","max-video-preview":"max-video-preview:-1"},"canonical":"https:\/\/onevetgroup.pt\/cvlecavet\/en\/about-us\/","og_locale":"en_US","og_type":"article","og_title":"About Us - Le\u00e7avet","og_description":"Onevet Le\u00e7avet Veterinary Clinic with 24-hour emergency services, provided by Onevet Porto Veterinary Hospital (HVPO) Founded in 2008, Le\u00e7avet Veterinary Clinic is committed to pursuing excellence in total quality and complete customer satisfaction. Onevet Cl\u00ednica Veterin\u00e1ria Le\u00e7avet, located in Le\u00e7a da Palmeira \u2013 Matosinhos, was founded in 2008 by Dr Rachel Rollo Marques. In 2022, &hellip;","og_url":"https:\/\/onevetgroup.pt\/cvlecavet\/en\/about-us\/","og_site_name":"Le\u00e7avet","article_modified_time":"2025-09-10T13:24:04+00:00","og_image":[{"url":"https:\/\/onevetgroup.pt\/cvlecavet\/wp-content\/uploads\/sites\/79\/2025\/09\/close-up-doctor-checking-cute-dog-s-eye-1-786x524.jpg","type":"","width":"","height":""}],"twitter_card":"summary_large_image","twitter_misc":{"Est. reading time":"1 minute"},"schema":{"@context":"https:\/\/schema.org","@graph":[{"@type":"WebPage","@id":"https:\/\/onevetgroup.pt\/cvlecavet\/en\/about-us\/","url":"https:\/\/onevetgroup.pt\/cvlecavet\/en\/about-us\/","name":"About Us - Le\u00e7avet","isPartOf":{"@id":"https:\/\/onevetgroup.pt\/cvlecavet\/en\/#website"},"primaryImageOfPage":{"@id":"https:\/\/onevetgroup.pt\/cvlecavet\/en\/about-us\/#primaryimage"},"image":{"@id":"https:\/\/onevetgroup.pt\/cvlecavet\/en\/about-us\/#primaryimage"},"thumbnailUrl":"https:\/\/onevetgroup.pt\/cvlecavet\/wp-content\/uploads\/sites\/79\/2025\/09\/close-up-doctor-checking-cute-dog-s-eye-1-786x524.jpg","datePublished":"2020-10-03T06:32:57+00:00","dateModified":"2025-09-10T13:24:04+00:00","breadcrumb":{"@id":"https:\/\/onevetgroup.pt\/cvlecavet\/en\/about-us\/#breadcrumb"},"inLanguage":"en-US","potentialAction":[{"@type":"ReadAction","target":["https:\/\/onevetgroup.pt\/cvlecavet\/en\/about-us\/"]}]},{"@type":"ImageObject","inLanguage":"en-US","@id":"https:\/\/onevetgroup.pt\/cvlecavet\/en\/about-us\/#primaryimage","url":"https:\/\/onevetgroup.pt\/cvlecavet\/wp-content\/uploads\/sites\/79\/2025\/09\/close-up-doctor-checking-cute-dog-s-eye-1-786x524.jpg","contentUrl":"https:\/\/onevetgroup.pt\/cvlecavet\/wp-content\/uploads\/sites\/79\/2025\/09\/close-up-doctor-checking-cute-dog-s-eye-1-786x524.jpg"},{"@type":"BreadcrumbList","@id":"https:\/\/onevetgroup.pt\/cvlecavet\/en\/about-us\/#breadcrumb","itemListElement":[{"@type":"ListItem","position":1,"name":"Home","item":"https:\/\/onevetgroup.pt\/cvlecavet\/en\/"},{"@type":"ListItem","position":2,"name":"About Us"}]},{"@type":"WebSite","@id":"https:\/\/onevetgroup.pt\/cvlecavet\/en\/#website","url":"https:\/\/onevetgroup.pt\/cvlecavet\/en\/","name":"Le\u00e7avet","description":"Your Pets in Good Hands","publisher":{"@id":"https:\/\/onevetgroup.pt\/cvlecavet\/en\/#organization"},"potentialAction":[{"@type":"SearchAction","target":{"@type":"EntryPoint","urlTemplate":"https:\/\/onevetgroup.pt\/cvlecavet\/en\/?s={search_term_string}"},"query-input":{"@type":"PropertyValueSpecification","valueRequired":true,"valueName":"search_term_string"}}],"inLanguage":"en-US"},{"@type":"Organization","@id":"https:\/\/onevetgroup.pt\/cvlecavet\/en\/#organization","name":"Le\u00e7avet","url":"https:\/\/onevetgroup.pt\/cvlecavet\/en\/","logo":{"@type":"ImageObject","inLanguage":"en-US","@id":"https:\/\/onevetgroup.pt\/cvlecavet\/en\/#\/schema\/logo\/image\/","url":"https:\/\/onevetgroup.pt\/cvlecavet\/wp-content\/uploads\/sites\/79\/2025\/09\/cropped-4_logo_horizontal_cores-Leca.png","contentUrl":"https:\/\/onevetgroup.pt\/cvlecavet\/wp-content\/uploads\/sites\/79\/2025\/09\/cropped-4_logo_horizontal_cores-Leca.png","width":1173,"height":361,"caption":"Le\u00e7avet"},"image":{"@id":"https:\/\/onevetgroup.pt\/cvlecavet\/en\/#\/schema\/logo\/image\/"}}]}},"_links":{"self":[{"href":"https:\/\/onevetgroup.pt\/cvlecavet\/en\/wp-json\/wp\/v2\/pages\/268","targetHints":{"allow":["GET"]}}],"collection":[{"href":"https:\/\/onevetgroup.pt\/cvlecavet\/en\/wp-json\/wp\/v2\/pages"}],"about":[{"href":"https:\/\/onevetgroup.pt\/cvlecavet\/en\/wp-json\/wp\/v2\/types\/page"}],"author":[{"embeddable":true,"href":"https:\/\/onevetgroup.pt\/cvlecavet\/en\/wp-json\/wp\/v2\/users\/1"}],"replies":[{"embeddable":true,"href":"https:\/\/onevetgroup.pt\/cvlecavet\/en\/wp-json\/wp\/v2\/comments?post=268"}],"version-history":[{"count":15,"href":"https:\/\/onevetgroup.pt\/cvlecavet\/en\/wp-json\/wp\/v2\/pages\/268\/revisions"}],"predecessor-version":[{"id":20598,"href":"https:\/\/onevetgroup.pt\/cvlecavet\/en\/wp-json\/wp\/v2\/pages\/268\/revisions\/20598"}],"wp:attachment":[{"href":"https:\/\/onevetgroup.pt\/cvlecavet\/en\/wp-json\/wp\/v2\/media?parent=268"}],"curies":[{"name":"wp","href":"https:\/\/api.w.org\/{rel}","templated":true}]}}