{"id":13076,"date":"2021-01-08T14:39:52","date_gmt":"2021-01-08T14:39:52","guid":{"rendered":"http:\/\/onevet.pt\/porto\/?page_id=13076"},"modified":"2022-07-07T13:14:52","modified_gmt":"2022-07-07T13:14:52","slug":"medicina-interna","status":"publish","type":"page","link":"https:\/\/onevetgroup.pt\/cvlecavet\/especialidades\/medicina-interna\/","title":{"rendered":"Medicina interna"},"content":{"rendered":"\t\t<div data-elementor-type=\"wp-page\" data-elementor-id=\"13076\" class=\"elementor elementor-13076 elementor-1131\" data-elementor-post-type=\"page\">\n\t\t\t\t\t\t<section class=\"elementor-section elementor-top-section elementor-element elementor-element-3b7f1f2 elementor-section-boxed elementor-section-height-default elementor-section-height-default\" data-id=\"3b7f1f2\" data-element_type=\"section\" data-e-type=\"section\" id=\"main-sec\">\n\t\t\t\t\t\t<div class=\"elementor-container elementor-column-gap-default\">\n\t\t\t\t\t<div class=\"elementor-column elementor-col-100 elementor-top-column elementor-element elementor-element-138c88c\" data-id=\"138c88c\" data-element_type=\"column\" data-e-type=\"column\">\n\t\t\t<div class=\"elementor-widget-wrap elementor-element-populated\">\n\t\t\t\t\t\t<div class=\"elementor-element elementor-element-ec83cf0 elementor-widget elementor-widget-section_titleleft\" data-id=\"ec83cf0\" data-element_type=\"widget\" data-e-type=\"widget\" data-widget_type=\"section_titleleft.default\">\n\t\t\t\t<div class=\"elementor-widget-container\">\n\t\t\t\t\t        <div class=\"ab_text-title fl-wrap\">\r\n            Os nossos especialistas em medicina interna cuidam dos \u00f3rg\u00e3os internos do seu animal de estima\u00e7\u00e3o atrav\u00e9s de tratamentos n\u00e3o-cir\u00fargicos.<span class=\"section-separator fl-sec-sep\"><\/span>        <\/div>\r\n        \t\t\t\t<\/div>\n\t\t\t\t<\/div>\n\t\t\t\t\t<\/div>\n\t\t<\/div>\n\t\t\t\t\t<\/div>\n\t\t<\/section>\n\t\t\t\t<section class=\"elementor-section elementor-top-section elementor-element elementor-element-d993722 elementor-section-boxed elementor-section-height-default elementor-section-height-default\" data-id=\"d993722\" data-element_type=\"section\" data-e-type=\"section\">\n\t\t\t\t\t\t<div class=\"elementor-container elementor-column-gap-default\">\n\t\t\t\t\t<div class=\"elementor-column elementor-col-50 elementor-top-column elementor-element elementor-element-065811d\" data-id=\"065811d\" data-element_type=\"column\" data-e-type=\"column\">\n\t\t\t<div class=\"elementor-widget-wrap elementor-element-populated\">\n\t\t\t\t\t\t<div class=\"elementor-element elementor-element-63d99ac elementor-widget elementor-widget-text-editor\" data-id=\"63d99ac\" data-element_type=\"widget\" data-e-type=\"widget\" data-widget_type=\"text-editor.default\">\n\t\t\t\t<div class=\"elementor-widget-container\">\n\t\t\t\t\t\t\t\t\t<p><span data-preserver-spaces=\"true\">Os m\u00e9dicos veterin\u00e1rios da Onevet Cl\u00ednica Veterin\u00e1ria Le\u00e7avet <\/span><span data-preserver-spaces=\"true\">dedicam-se a animais de estima\u00e7\u00e3o cujo diagn\u00f3stico \u00e9 mais complexo por apresentarem sintomas em v\u00e1rios \u00f3rg\u00e3os ou padecerem de v\u00e1rias doen\u00e7as.\u00a0<\/span><\/p><p><span data-preserver-spaces=\"true\">A Medicina Interna constitui o ramo principal de que decorrem v\u00e1rias subespecialidades:\u00a0<\/span><\/p><ul><li><span data-preserver-spaces=\"true\"><strong>Endocrinologia:<\/strong> o estudo do sistema end\u00f3crino, composto pela gl\u00e2ndula tiroide, pelas gl\u00e2ndulas suprarrenais, pelo p\u00e2ncreas, pelo hipot\u00e1lamo e pelo hip\u00f3fise.\u00a0<\/span><\/li><li><span data-preserver-spaces=\"true\"><strong>Gastroenterologia:<\/strong> o estudo do sistema digestivo, composto por es\u00f3fago, est\u00f4mago, intestino delgado e grosso, f\u00edgado, vias biliares e p\u00e2ncreas.\u00a0<\/span><\/li><li><span data-preserver-spaces=\"true\"><strong>Nefrologia:<\/strong> o estudo da estrutura e da fun\u00e7\u00e3o dos rins, incluindo a preven\u00e7\u00e3o e o tratamento das doen\u00e7as renais.\u00a0<\/span><\/li><li><span data-preserver-spaces=\"true\"><strong>Urologia:<\/strong> o estudo do trato urin\u00e1rio inferior, que consiste na bexiga e na uretra.\u00a0<\/span><\/li><li><span data-preserver-spaces=\"true\"><strong>Pneumologia:<\/strong> o estudo do trato respirat\u00f3rio superior (incluindo nariz, nasofaringe, laringe e traqueia) e do trato respirat\u00f3rio inferior (incluindo br\u00f4nquios e pulm\u00f5es).\u00a0<\/span><\/li><\/ul>\t\t\t\t\t\t\t\t<\/div>\n\t\t\t\t<\/div>\n\t\t\t\t\t<\/div>\n\t\t<\/div>\n\t\t\t\t<div class=\"elementor-column elementor-col-50 elementor-top-column elementor-element elementor-element-2048e61\" data-id=\"2048e61\" data-element_type=\"column\" data-e-type=\"column\">\n\t\t\t<div class=\"elementor-widget-wrap elementor-element-populated\">\n\t\t\t\t\t\t<div class=\"elementor-element elementor-element-dc7c821 elementor-widget elementor-widget-image\" data-id=\"dc7c821\" data-element_type=\"widget\" data-e-type=\"widget\" data-widget_type=\"image.default\">\n\t\t\t\t<div class=\"elementor-widget-container\">\n\t\t\t\t\t\t\t\t\t\t\t\t\t\t\t<img fetchpriority=\"high\" width=\"695\" height=\"547\" class=\"attachment-large size-large wp-image-18606 lazy\" alt=\"\" data-src=\"https:\/\/onevetgroup.pt\/cvlecavet\/wp-content\/uploads\/sites\/79\/2022\/07\/Inter.jpg\" data-lazy=\"https:\/\/onevetgroup.pt\/cvlecavet\/wp-content\/uploads\/sites\/79\/2022\/07\/Inter.jpg\" \/>\t\t\t\t\t\t\t\t\t\t\t\t\t\t\t<\/div>\n\t\t\t\t<\/div>\n\t\t\t\t<div class=\"elementor-element elementor-element-a6ec403 elementor-align-center elementor-widget elementor-widget-button\" data-id=\"a6ec403\" data-element_type=\"widget\" data-e-type=\"widget\" data-widget_type=\"button.default\">\n\t\t\t\t<div class=\"elementor-widget-container\">\n\t\t\t\t\t\t\t\t\t<div class=\"elementor-button-wrapper\">\n\t\t\t\t\t<a class=\"elementor-button elementor-button-link elementor-size-md\" href=\"tel:%5Bacf%20field=clinicPhone1%20post_id=options%5D\">\n\t\t\t\t\t\t<span class=\"elementor-button-content-wrapper\">\n\t\t\t\t\t\t<span class=\"elementor-button-icon\">\n\t\t\t\t<i aria-hidden=\"true\" class=\"far fa-calendar-alt\"><\/i>\t\t\t<\/span>\n\t\t\t\t\t\t\t\t\t<span class=\"elementor-button-text\">Pronto para fazer a sua marca\u00e7\u00e3o?<\/span>\n\t\t\t\t\t<\/span>\n\t\t\t\t\t<\/a>\n\t\t\t\t<\/div>\n\t\t\t\t\t\t\t\t<\/div>\n\t\t\t\t<\/div>\n\t\t\t\t\t<\/div>\n\t\t<\/div>\n\t\t\t\t\t<\/div>\n\t\t<\/section>\n\t\t\t\t<\/div>\n\t\t","protected":false},"excerpt":{"rendered":"<p>Os nossos especialistas em medicina interna cuidam dos \u00f3rg\u00e3os internos do seu animal de estima\u00e7\u00e3o atrav\u00e9s de tratamentos n\u00e3o-cir\u00fargicos. Os m\u00e9dicos veterin\u00e1rios da dedicam-se a animais de estima\u00e7\u00e3o cujo diagn\u00f3stico \u00e9 mais complexo por apresentarem sintomas em v\u00e1rios \u00f3rg\u00e3os ou padecerem de v\u00e1rias doen\u00e7as.\u00a0 A Medicina Interna constitui o ramo principal de que decorrem v\u00e1rias &hellip; <\/p>\n","protected":false},"author":1,"featured_media":0,"parent":19849,"menu_order":0,"comment_status":"closed","ping_status":"closed","template":"page-fullwidth.php","meta":{"_acf_changed":false,"content-type":"","footnotes":""},"class_list":["post-13076","page","type-page","status-publish","hentry"],"acf":[],"yoast_head":"<!-- This site is optimized with the Yoast SEO plugin v27.4 - https:\/\/yoast.com\/product\/yoast-seo-wordpress\/ -->\n<title>Medicina interna - Le\u00e7avet<\/title>\n<meta name=\"robots\" content=\"index, follow, max-snippet:-1, max-image-preview:large, max-video-preview:-1\" \/>\n<link rel=\"canonical\" href=\"https:\/\/onevetgroup.pt\/cvlecavet\/especialidades\/medicina-interna\/\" \/>\n<meta property=\"og:locale\" content=\"pt_PT\" \/>\n<meta property=\"og:type\" content=\"article\" \/>\n<meta property=\"og:title\" content=\"Medicina interna - Le\u00e7avet\" \/>\n<meta property=\"og:description\" content=\"Os nossos especialistas em medicina interna cuidam dos \u00f3rg\u00e3os internos do seu animal de estima\u00e7\u00e3o atrav\u00e9s de tratamentos n\u00e3o-cir\u00fargicos. Os m\u00e9dicos veterin\u00e1rios da dedicam-se a animais de estima\u00e7\u00e3o cujo diagn\u00f3stico \u00e9 mais complexo por apresentarem sintomas em v\u00e1rios \u00f3rg\u00e3os ou padecerem de v\u00e1rias doen\u00e7as.\u00a0 A Medicina Interna constitui o ramo principal de que decorrem v\u00e1rias &hellip;\" \/>\n<meta property=\"og:url\" content=\"https:\/\/onevetgroup.pt\/cvlecavet\/especialidades\/medicina-interna\/\" \/>\n<meta property=\"og:site_name\" content=\"Le\u00e7avet\" \/>\n<meta property=\"article:modified_time\" content=\"2022-07-07T13:14:52+00:00\" \/>\n<meta property=\"og:image\" content=\"https:\/\/onevet.pt\/porto\/wp-content\/uploads\/sites\/79\/2022\/07\/Inter.jpg\" \/>\n<meta name=\"twitter:card\" content=\"summary_large_image\" \/>\n<meta name=\"twitter:label1\" content=\"Tempo estimado de leitura\" \/>\n\t<meta name=\"twitter:data1\" content=\"1 minuto\" \/>\n<script type=\"application\/ld+json\" class=\"yoast-schema-graph\">{\"@context\":\"https:\\\/\\\/schema.org\",\"@graph\":[{\"@type\":\"WebPage\",\"@id\":\"https:\\\/\\\/onevetgroup.pt\\\/cvlecavet\\\/especialidades\\\/medicina-interna\\\/\",\"url\":\"https:\\\/\\\/onevetgroup.pt\\\/cvlecavet\\\/especialidades\\\/medicina-interna\\\/\",\"name\":\"Medicina interna - Le\u00e7avet\",\"isPartOf\":{\"@id\":\"https:\\\/\\\/onevetgroup.pt\\\/cvlecavet\\\/#website\"},\"primaryImageOfPage\":{\"@id\":\"https:\\\/\\\/onevetgroup.pt\\\/cvlecavet\\\/especialidades\\\/medicina-interna\\\/#primaryimage\"},\"image\":{\"@id\":\"https:\\\/\\\/onevetgroup.pt\\\/cvlecavet\\\/especialidades\\\/medicina-interna\\\/#primaryimage\"},\"thumbnailUrl\":\"https:\\\/\\\/onevet.pt\\\/porto\\\/wp-content\\\/uploads\\\/sites\\\/79\\\/2022\\\/07\\\/Inter.jpg\",\"datePublished\":\"2021-01-08T14:39:52+00:00\",\"dateModified\":\"2022-07-07T13:14:52+00:00\",\"breadcrumb\":{\"@id\":\"https:\\\/\\\/onevetgroup.pt\\\/cvlecavet\\\/especialidades\\\/medicina-interna\\\/#breadcrumb\"},\"inLanguage\":\"pt-PT\",\"potentialAction\":[{\"@type\":\"ReadAction\",\"target\":[\"https:\\\/\\\/onevetgroup.pt\\\/cvlecavet\\\/especialidades\\\/medicina-interna\\\/\"]}]},{\"@type\":\"ImageObject\",\"inLanguage\":\"pt-PT\",\"@id\":\"https:\\\/\\\/onevetgroup.pt\\\/cvlecavet\\\/especialidades\\\/medicina-interna\\\/#primaryimage\",\"url\":\"https:\\\/\\\/onevet.pt\\\/porto\\\/wp-content\\\/uploads\\\/sites\\\/79\\\/2022\\\/07\\\/Inter.jpg\",\"contentUrl\":\"https:\\\/\\\/onevet.pt\\\/porto\\\/wp-content\\\/uploads\\\/sites\\\/79\\\/2022\\\/07\\\/Inter.jpg\"},{\"@type\":\"BreadcrumbList\",\"@id\":\"https:\\\/\\\/onevetgroup.pt\\\/cvlecavet\\\/especialidades\\\/medicina-interna\\\/#breadcrumb\",\"itemListElement\":[{\"@type\":\"ListItem\",\"position\":1,\"name\":\"Home\",\"item\":\"https:\\\/\\\/onevetgroup.pt\\\/cvlecavet\\\/\"},{\"@type\":\"ListItem\",\"position\":2,\"name\":\"Especialidades\",\"item\":\"https:\\\/\\\/onevetgroup.pt\\\/cvlecavet\\\/especialidades\\\/\"},{\"@type\":\"ListItem\",\"position\":3,\"name\":\"Medicina interna\"}]},{\"@type\":\"WebSite\",\"@id\":\"https:\\\/\\\/onevetgroup.pt\\\/cvlecavet\\\/#website\",\"url\":\"https:\\\/\\\/onevetgroup.pt\\\/cvlecavet\\\/\",\"name\":\"Le\u00e7avet\",\"description\":\"Your Pets in Good Hands\",\"publisher\":{\"@id\":\"https:\\\/\\\/onevetgroup.pt\\\/cvlecavet\\\/#organization\"},\"potentialAction\":[{\"@type\":\"SearchAction\",\"target\":{\"@type\":\"EntryPoint\",\"urlTemplate\":\"https:\\\/\\\/onevetgroup.pt\\\/cvlecavet\\\/?s={search_term_string}\"},\"query-input\":{\"@type\":\"PropertyValueSpecification\",\"valueRequired\":true,\"valueName\":\"search_term_string\"}}],\"inLanguage\":\"pt-PT\"},{\"@type\":\"Organization\",\"@id\":\"https:\\\/\\\/onevetgroup.pt\\\/cvlecavet\\\/#organization\",\"name\":\"Le\u00e7avet\",\"url\":\"https:\\\/\\\/onevetgroup.pt\\\/cvlecavet\\\/\",\"logo\":{\"@type\":\"ImageObject\",\"inLanguage\":\"pt-PT\",\"@id\":\"https:\\\/\\\/onevetgroup.pt\\\/cvlecavet\\\/#\\\/schema\\\/logo\\\/image\\\/\",\"url\":\"https:\\\/\\\/onevetgroup.pt\\\/cvlecavet\\\/wp-content\\\/uploads\\\/sites\\\/79\\\/2025\\\/09\\\/cropped-4_logo_horizontal_cores-Leca.png\",\"contentUrl\":\"https:\\\/\\\/onevetgroup.pt\\\/cvlecavet\\\/wp-content\\\/uploads\\\/sites\\\/79\\\/2025\\\/09\\\/cropped-4_logo_horizontal_cores-Leca.png\",\"width\":1173,\"height\":361,\"caption\":\"Le\u00e7avet\"},\"image\":{\"@id\":\"https:\\\/\\\/onevetgroup.pt\\\/cvlecavet\\\/#\\\/schema\\\/logo\\\/image\\\/\"}}]}<\/script>\n<!-- \/ Yoast SEO plugin. -->","yoast_head_json":{"title":"Medicina interna - Le\u00e7avet","robots":{"index":"index","follow":"follow","max-snippet":"max-snippet:-1","max-image-preview":"max-image-preview:large","max-video-preview":"max-video-preview:-1"},"canonical":"https:\/\/onevetgroup.pt\/cvlecavet\/especialidades\/medicina-interna\/","og_locale":"pt_PT","og_type":"article","og_title":"Medicina interna - Le\u00e7avet","og_description":"Os nossos especialistas em medicina interna cuidam dos \u00f3rg\u00e3os internos do seu animal de estima\u00e7\u00e3o atrav\u00e9s de tratamentos n\u00e3o-cir\u00fargicos. Os m\u00e9dicos veterin\u00e1rios da dedicam-se a animais de estima\u00e7\u00e3o cujo diagn\u00f3stico \u00e9 mais complexo por apresentarem sintomas em v\u00e1rios \u00f3rg\u00e3os ou padecerem de v\u00e1rias doen\u00e7as.\u00a0 A Medicina Interna constitui o ramo principal de que decorrem v\u00e1rias &hellip;","og_url":"https:\/\/onevetgroup.pt\/cvlecavet\/especialidades\/medicina-interna\/","og_site_name":"Le\u00e7avet","article_modified_time":"2022-07-07T13:14:52+00:00","og_image":[{"url":"https:\/\/onevet.pt\/porto\/wp-content\/uploads\/sites\/79\/2022\/07\/Inter.jpg","type":"","width":"","height":""}],"twitter_card":"summary_large_image","twitter_misc":{"Tempo estimado de leitura":"1 minuto"},"schema":{"@context":"https:\/\/schema.org","@graph":[{"@type":"WebPage","@id":"https:\/\/onevetgroup.pt\/cvlecavet\/especialidades\/medicina-interna\/","url":"https:\/\/onevetgroup.pt\/cvlecavet\/especialidades\/medicina-interna\/","name":"Medicina interna - Le\u00e7avet","isPartOf":{"@id":"https:\/\/onevetgroup.pt\/cvlecavet\/#website"},"primaryImageOfPage":{"@id":"https:\/\/onevetgroup.pt\/cvlecavet\/especialidades\/medicina-interna\/#primaryimage"},"image":{"@id":"https:\/\/onevetgroup.pt\/cvlecavet\/especialidades\/medicina-interna\/#primaryimage"},"thumbnailUrl":"https:\/\/onevet.pt\/porto\/wp-content\/uploads\/sites\/79\/2022\/07\/Inter.jpg","datePublished":"2021-01-08T14:39:52+00:00","dateModified":"2022-07-07T13:14:52+00:00","breadcrumb":{"@id":"https:\/\/onevetgroup.pt\/cvlecavet\/especialidades\/medicina-interna\/#breadcrumb"},"inLanguage":"pt-PT","potentialAction":[{"@type":"ReadAction","target":["https:\/\/onevetgroup.pt\/cvlecavet\/especialidades\/medicina-interna\/"]}]},{"@type":"ImageObject","inLanguage":"pt-PT","@id":"https:\/\/onevetgroup.pt\/cvlecavet\/especialidades\/medicina-interna\/#primaryimage","url":"https:\/\/onevet.pt\/porto\/wp-content\/uploads\/sites\/79\/2022\/07\/Inter.jpg","contentUrl":"https:\/\/onevet.pt\/porto\/wp-content\/uploads\/sites\/79\/2022\/07\/Inter.jpg"},{"@type":"BreadcrumbList","@id":"https:\/\/onevetgroup.pt\/cvlecavet\/especialidades\/medicina-interna\/#breadcrumb","itemListElement":[{"@type":"ListItem","position":1,"name":"Home","item":"https:\/\/onevetgroup.pt\/cvlecavet\/"},{"@type":"ListItem","position":2,"name":"Especialidades","item":"https:\/\/onevetgroup.pt\/cvlecavet\/especialidades\/"},{"@type":"ListItem","position":3,"name":"Medicina interna"}]},{"@type":"WebSite","@id":"https:\/\/onevetgroup.pt\/cvlecavet\/#website","url":"https:\/\/onevetgroup.pt\/cvlecavet\/","name":"Le\u00e7avet","description":"Your Pets in Good Hands","publisher":{"@id":"https:\/\/onevetgroup.pt\/cvlecavet\/#organization"},"potentialAction":[{"@type":"SearchAction","target":{"@type":"EntryPoint","urlTemplate":"https:\/\/onevetgroup.pt\/cvlecavet\/?s={search_term_string}"},"query-input":{"@type":"PropertyValueSpecification","valueRequired":true,"valueName":"search_term_string"}}],"inLanguage":"pt-PT"},{"@type":"Organization","@id":"https:\/\/onevetgroup.pt\/cvlecavet\/#organization","name":"Le\u00e7avet","url":"https:\/\/onevetgroup.pt\/cvlecavet\/","logo":{"@type":"ImageObject","inLanguage":"pt-PT","@id":"https:\/\/onevetgroup.pt\/cvlecavet\/#\/schema\/logo\/image\/","url":"https:\/\/onevetgroup.pt\/cvlecavet\/wp-content\/uploads\/sites\/79\/2025\/09\/cropped-4_logo_horizontal_cores-Leca.png","contentUrl":"https:\/\/onevetgroup.pt\/cvlecavet\/wp-content\/uploads\/sites\/79\/2025\/09\/cropped-4_logo_horizontal_cores-Leca.png","width":1173,"height":361,"caption":"Le\u00e7avet"},"image":{"@id":"https:\/\/onevetgroup.pt\/cvlecavet\/#\/schema\/logo\/image\/"}}]}},"_links":{"self":[{"href":"https:\/\/onevetgroup.pt\/cvlecavet\/wp-json\/wp\/v2\/pages\/13076","targetHints":{"allow":["GET"]}}],"collection":[{"href":"https:\/\/onevetgroup.pt\/cvlecavet\/wp-json\/wp\/v2\/pages"}],"about":[{"href":"https:\/\/onevetgroup.pt\/cvlecavet\/wp-json\/wp\/v2\/types\/page"}],"author":[{"embeddable":true,"href":"https:\/\/onevetgroup.pt\/cvlecavet\/wp-json\/wp\/v2\/users\/1"}],"replies":[{"embeddable":true,"href":"https:\/\/onevetgroup.pt\/cvlecavet\/wp-json\/wp\/v2\/comments?post=13076"}],"version-history":[{"count":0,"href":"https:\/\/onevetgroup.pt\/cvlecavet\/wp-json\/wp\/v2\/pages\/13076\/revisions"}],"up":[{"embeddable":true,"href":"https:\/\/onevetgroup.pt\/cvlecavet\/wp-json\/wp\/v2\/pages\/19849"}],"wp:attachment":[{"href":"https:\/\/onevetgroup.pt\/cvlecavet\/wp-json\/wp\/v2\/media?parent=13076"}],"curies":[{"name":"wp","href":"https:\/\/api.w.org\/{rel}","templated":true}]}}