{"id":14008,"date":"2021-02-08T15:28:59","date_gmt":"2021-02-08T15:28:59","guid":{"rendered":"http:\/\/onevet.pt\/porto\/sobre-nos\/"},"modified":"2026-01-05T12:44:44","modified_gmt":"2026-01-05T12:44:44","slug":"sobre-nos","status":"publish","type":"page","link":"https:\/\/onevetgroup.pt\/cvmarco\/sobre-nos\/","title":{"rendered":"Sobre N\u00f3s"},"content":{"rendered":"\t\t<div data-elementor-type=\"wp-page\" data-elementor-id=\"14008\" class=\"elementor elementor-14008 elementor-268\" data-elementor-post-type=\"page\">\n\t\t\t\t\t\t<section class=\"elementor-section elementor-top-section elementor-element elementor-element-54cf215 pad-top-0 elementor-section-boxed elementor-section-height-default elementor-section-height-default\" data-id=\"54cf215\" data-element_type=\"section\" data-settings=\"{&quot;background_background&quot;:&quot;classic&quot;}\">\n\t\t\t\t\t\t<div class=\"elementor-container elementor-column-gap-default\">\n\t\t\t\t\t<div class=\"elementor-column elementor-col-100 elementor-top-column elementor-element elementor-element-d926441\" data-id=\"d926441\" data-element_type=\"column\">\n\t\t\t<div class=\"elementor-widget-wrap elementor-element-populated\">\n\t\t\t\t\t\t<div class=\"elementor-element elementor-element-9725bcd elementor-widget elementor-widget-section_titleleft\" data-id=\"9725bcd\" data-element_type=\"widget\" data-widget_type=\"section_titleleft.default\">\n\t\t\t\t<div class=\"elementor-widget-container\">\n\t\t\t\t\t        <div class=\"ab_text-title fl-wrap\">\r\n            <h3>OneVet Cl\u00ednica Veterin\u00e1ria do Marco com urg\u00eancias 24h, assegurado pelo OneVet Hospital Veterin\u00e1rio de Amarante<\/h3><h4>H\u00e1 23 anos que temos vindo a crescer profissionalmente no setor dos animais de companhia, cuidando da sa\u00fade do seu melhor amigo de 4 patas.<\/h4><span class=\"section-separator fl-sec-sep\"><\/span>        <\/div>\r\n        \t\t\t\t<\/div>\n\t\t\t\t<\/div>\n\t\t\t\t<section class=\"elementor-section elementor-inner-section elementor-element elementor-element-35814f4 elementor-section-full_width elementor-section-height-default elementor-section-height-default\" data-id=\"35814f4\" data-element_type=\"section\">\n\t\t\t\t\t\t<div class=\"elementor-container elementor-column-gap-wide\">\n\t\t\t\t\t<div class=\"elementor-column elementor-col-50 elementor-inner-column elementor-element elementor-element-7fa3f34\" data-id=\"7fa3f34\" data-element_type=\"column\">\n\t\t\t<div class=\"elementor-widget-wrap elementor-element-populated\">\n\t\t\t\t\t\t<div class=\"elementor-element elementor-element-9e79898 elementor-widget elementor-widget-image\" data-id=\"9e79898\" data-element_type=\"widget\" data-widget_type=\"image.default\">\n\t\t\t\t<div class=\"elementor-widget-container\">\n\t\t\t\t\t\t\t\t\t\t\t\t\t\t\t<img fetchpriority=\"high\" width=\"786\" height=\"524\" class=\"attachment-townhub-single-image size-townhub-single-image wp-image-19740 lazy\" alt=\"\" data-src=\"https:\/\/onevetgroup.pt\/cvmarco\/wp-content\/uploads\/sites\/87\/2023\/07\/DSC_3864-1-786x524.jpg\" data-lazy=\"https:\/\/onevetgroup.pt\/cvmarco\/wp-content\/uploads\/sites\/87\/2023\/07\/DSC_3864-1-786x524.jpg\" \/>\t\t\t\t\t\t\t\t\t\t\t\t\t\t\t<\/div>\n\t\t\t\t<\/div>\n\t\t\t\t\t<\/div>\n\t\t<\/div>\n\t\t\t\t<div class=\"elementor-column elementor-col-50 elementor-inner-column elementor-element elementor-element-202374d\" data-id=\"202374d\" data-element_type=\"column\">\n\t\t\t<div class=\"elementor-widget-wrap elementor-element-populated\">\n\t\t\t\t\t\t<div class=\"elementor-element elementor-element-3b393ce about-wrap elementor-widget elementor-widget-text-editor\" data-id=\"3b393ce\" data-element_type=\"widget\" data-widget_type=\"text-editor.default\">\n\t\t\t\t<div class=\"elementor-widget-container\">\n\t\t\t\t\t\t\t\t\t<div class=\"ewa-rteLine\"><div class=\"ewa-rteLine\"><p data-start=\"117\" data-end=\"325\">A nossa cl\u00ednica foi fundada na cidade de Marco de Canaveses, em abril de 2002, e desde ent\u00e3o dedicamo-nos a prestar cuidados veterin\u00e1rios de excel\u00eancia, sempre com uma forte preocupa\u00e7\u00e3o pelo bem-estar animal.<\/p><p data-start=\"327\" data-end=\"626\">Somos uma equipa jovem, din\u00e2mica e multidisciplinar, que atua em diversas \u00e1reas da medicina de animais de companhia. Trabalhamos com motiva\u00e7\u00e3o e dedica\u00e7\u00e3o para oferecer servi\u00e7os veterin\u00e1rios personalizados e de elevada qualidade, valorizando, acima de tudo, a vida dos animais que nos s\u00e3o confiados.<\/p><p data-start=\"628\" data-end=\"894\">Disponibilizamos um conjunto alargado de servi\u00e7os, que inclui consultas gerais e de especialidade, consultas ao domic\u00edlio, imagiologia com radiografia digital, ecografia abdominal e ecocardiografia, cirurgia de tecidos moles, an\u00e1lises cl\u00ednicas e servi\u00e7o de grooming.<\/p><\/div><\/div>\t\t\t\t\t\t\t\t<\/div>\n\t\t\t\t<\/div>\n\t\t\t\t\t<\/div>\n\t\t<\/div>\n\t\t\t\t\t<\/div>\n\t\t<\/section>\n\t\t\t\t<section class=\"elementor-section elementor-inner-section elementor-element elementor-element-31d68ae elementor-section-boxed elementor-section-height-default elementor-section-height-default\" data-id=\"31d68ae\" data-element_type=\"section\">\n\t\t\t\t\t\t<div class=\"elementor-container elementor-column-gap-default\">\n\t\t\t\t\t<div class=\"elementor-column elementor-col-50 elementor-inner-column elementor-element elementor-element-8ddd41b\" data-id=\"8ddd41b\" data-element_type=\"column\">\n\t\t\t<div class=\"elementor-widget-wrap elementor-element-populated\">\n\t\t\t\t\t\t<div class=\"elementor-element elementor-element-c87b63e elementor-align-center elementor-widget elementor-widget-button\" data-id=\"c87b63e\" data-element_type=\"widget\" data-widget_type=\"button.default\">\n\t\t\t\t<div class=\"elementor-widget-container\">\n\t\t\t\t\t\t\t\t\t<div class=\"elementor-button-wrapper\">\n\t\t\t\t\t<a class=\"elementor-button elementor-button-link elementor-size-sm\" href=\"\/cvmarco\/instalacoes\/\">\n\t\t\t\t\t\t<span class=\"elementor-button-content-wrapper\">\n\t\t\t\t\t\t\t\t\t<span class=\"elementor-button-text\">As Nossas Instala\u00e7\u00f5es<\/span>\n\t\t\t\t\t<\/span>\n\t\t\t\t\t<\/a>\n\t\t\t\t<\/div>\n\t\t\t\t\t\t\t\t<\/div>\n\t\t\t\t<\/div>\n\t\t\t\t\t<\/div>\n\t\t<\/div>\n\t\t\t\t<div class=\"elementor-column elementor-col-50 elementor-inner-column elementor-element elementor-element-d044a7e\" data-id=\"d044a7e\" data-element_type=\"column\">\n\t\t\t<div class=\"elementor-widget-wrap elementor-element-populated\">\n\t\t\t\t\t\t<div class=\"elementor-element elementor-element-75ee515 elementor-align-center elementor-widget elementor-widget-button\" data-id=\"75ee515\" data-element_type=\"widget\" data-widget_type=\"button.default\">\n\t\t\t\t<div class=\"elementor-widget-container\">\n\t\t\t\t\t\t\t\t\t<div class=\"elementor-button-wrapper\">\n\t\t\t\t\t<a class=\"elementor-button elementor-button-link elementor-size-sm\" href=\"\/cvmarco\/a-nossa-equipa\/\">\n\t\t\t\t\t\t<span class=\"elementor-button-content-wrapper\">\n\t\t\t\t\t\t\t\t\t<span class=\"elementor-button-text\">A Nossa Equipa<\/span>\n\t\t\t\t\t<\/span>\n\t\t\t\t\t<\/a>\n\t\t\t\t<\/div>\n\t\t\t\t\t\t\t\t<\/div>\n\t\t\t\t<\/div>\n\t\t\t\t\t<\/div>\n\t\t<\/div>\n\t\t\t\t\t<\/div>\n\t\t<\/section>\n\t\t\t\t\t<\/div>\n\t\t<\/div>\n\t\t\t\t\t<\/div>\n\t\t<\/section>\n\t\t\t\t<\/div>\n\t\t","protected":false},"excerpt":{"rendered":"<p>OneVet Cl\u00ednica Veterin\u00e1ria do Marco com urg\u00eancias 24h, assegurado pelo OneVet Hospital Veterin\u00e1rio de Amarante H\u00e1 23 anos que temos vindo a crescer profissionalmente no setor dos animais de companhia, cuidando da sa\u00fade do seu melhor amigo de 4 patas. A nossa cl\u00ednica foi fundada na cidade de Marco de Canaveses, em abril de 2002, &hellip; <\/p>\n","protected":false},"author":1,"featured_media":0,"parent":0,"menu_order":0,"comment_status":"closed","ping_status":"closed","template":"page-fullwidth.php","meta":{"_acf_changed":false,"content-type":"","footnotes":""},"class_list":["post-14008","page","type-page","status-publish","hentry"],"acf":[],"yoast_head":"<!-- This site is optimized with the Yoast SEO plugin v26.2 - https:\/\/yoast.com\/wordpress\/plugins\/seo\/ -->\n<title>Sobre N\u00f3s - marco<\/title>\n<meta name=\"robots\" content=\"index, follow, max-snippet:-1, max-image-preview:large, max-video-preview:-1\" \/>\n<link rel=\"canonical\" href=\"https:\/\/onevetgroup.pt\/cvmarco\/sobre-nos\/\" \/>\n<meta property=\"og:locale\" content=\"pt_PT\" \/>\n<meta property=\"og:type\" content=\"article\" \/>\n<meta property=\"og:title\" content=\"Sobre N\u00f3s - marco\" \/>\n<meta property=\"og:description\" content=\"OneVet Cl\u00ednica Veterin\u00e1ria do Marco com urg\u00eancias 24h, assegurado pelo OneVet Hospital Veterin\u00e1rio de Amarante H\u00e1 23 anos que temos vindo a crescer profissionalmente no setor dos animais de companhia, cuidando da sa\u00fade do seu melhor amigo de 4 patas. A nossa cl\u00ednica foi fundada na cidade de Marco de Canaveses, em abril de 2002, &hellip;\" \/>\n<meta property=\"og:url\" content=\"https:\/\/onevetgroup.pt\/cvmarco\/sobre-nos\/\" \/>\n<meta property=\"og:site_name\" content=\"marco\" \/>\n<meta property=\"article:modified_time\" content=\"2026-01-05T12:44:44+00:00\" \/>\n<meta property=\"og:image\" content=\"https:\/\/onevetgroup.pt\/cvmarco\/wp-content\/uploads\/sites\/87\/2023\/07\/DSC_3864-1-786x524.jpg\" \/>\n<meta name=\"twitter:card\" content=\"summary_large_image\" \/>\n<meta name=\"twitter:label1\" content=\"Tempo estimado de leitura\" \/>\n\t<meta name=\"twitter:data1\" content=\"2 minutos\" \/>\n<script type=\"application\/ld+json\" class=\"yoast-schema-graph\">{\"@context\":\"https:\/\/schema.org\",\"@graph\":[{\"@type\":\"WebPage\",\"@id\":\"https:\/\/onevetgroup.pt\/cvmarco\/sobre-nos\/\",\"url\":\"https:\/\/onevetgroup.pt\/cvmarco\/sobre-nos\/\",\"name\":\"Sobre N\u00f3s - marco\",\"isPartOf\":{\"@id\":\"https:\/\/onevetgroup.pt\/cvmarco\/#website\"},\"primaryImageOfPage\":{\"@id\":\"https:\/\/onevetgroup.pt\/cvmarco\/sobre-nos\/#primaryimage\"},\"image\":{\"@id\":\"https:\/\/onevetgroup.pt\/cvmarco\/sobre-nos\/#primaryimage\"},\"thumbnailUrl\":\"https:\/\/onevetgroup.pt\/cvmarco\/wp-content\/uploads\/sites\/87\/2023\/07\/DSC_3864-1-786x524.jpg\",\"datePublished\":\"2021-02-08T15:28:59+00:00\",\"dateModified\":\"2026-01-05T12:44:44+00:00\",\"breadcrumb\":{\"@id\":\"https:\/\/onevetgroup.pt\/cvmarco\/sobre-nos\/#breadcrumb\"},\"inLanguage\":\"pt-PT\",\"potentialAction\":[{\"@type\":\"ReadAction\",\"target\":[\"https:\/\/onevetgroup.pt\/cvmarco\/sobre-nos\/\"]}]},{\"@type\":\"ImageObject\",\"inLanguage\":\"pt-PT\",\"@id\":\"https:\/\/onevetgroup.pt\/cvmarco\/sobre-nos\/#primaryimage\",\"url\":\"https:\/\/onevetgroup.pt\/cvmarco\/wp-content\/uploads\/sites\/87\/2023\/07\/DSC_3864-1-scaled.jpg\",\"contentUrl\":\"https:\/\/onevetgroup.pt\/cvmarco\/wp-content\/uploads\/sites\/87\/2023\/07\/DSC_3864-1-scaled.jpg\",\"width\":2560,\"height\":1706},{\"@type\":\"BreadcrumbList\",\"@id\":\"https:\/\/onevetgroup.pt\/cvmarco\/sobre-nos\/#breadcrumb\",\"itemListElement\":[{\"@type\":\"ListItem\",\"position\":1,\"name\":\"Home\",\"item\":\"https:\/\/onevetgroup.pt\/cvmarco\/\"},{\"@type\":\"ListItem\",\"position\":2,\"name\":\"Sobre N\u00f3s\"}]},{\"@type\":\"WebSite\",\"@id\":\"https:\/\/onevetgroup.pt\/cvmarco\/#website\",\"url\":\"https:\/\/onevetgroup.pt\/cvmarco\/\",\"name\":\"marco\",\"description\":\"Your Pets in Good Hands\",\"publisher\":{\"@id\":\"https:\/\/onevetgroup.pt\/cvmarco\/#organization\"},\"potentialAction\":[{\"@type\":\"SearchAction\",\"target\":{\"@type\":\"EntryPoint\",\"urlTemplate\":\"https:\/\/onevetgroup.pt\/cvmarco\/?s={search_term_string}\"},\"query-input\":{\"@type\":\"PropertyValueSpecification\",\"valueRequired\":true,\"valueName\":\"search_term_string\"}}],\"inLanguage\":\"pt-PT\"},{\"@type\":\"Organization\",\"@id\":\"https:\/\/onevetgroup.pt\/cvmarco\/#organization\",\"name\":\"marco\",\"url\":\"https:\/\/onevetgroup.pt\/cvmarco\/\",\"logo\":{\"@type\":\"ImageObject\",\"inLanguage\":\"pt-PT\",\"@id\":\"https:\/\/onevetgroup.pt\/cvmarco\/#\/schema\/logo\/image\/\",\"url\":\"https:\/\/onevetgroup.pt\/cvmarco\/wp-content\/uploads\/sites\/87\/2026\/01\/cropped-Logo_marco.png\",\"contentUrl\":\"https:\/\/onevetgroup.pt\/cvmarco\/wp-content\/uploads\/sites\/87\/2026\/01\/cropped-Logo_marco.png\",\"width\":1839,\"height\":598,\"caption\":\"marco\"},\"image\":{\"@id\":\"https:\/\/onevetgroup.pt\/cvmarco\/#\/schema\/logo\/image\/\"}}]}<\/script>\n<!-- \/ Yoast SEO plugin. -->","yoast_head_json":{"title":"Sobre N\u00f3s - marco","robots":{"index":"index","follow":"follow","max-snippet":"max-snippet:-1","max-image-preview":"max-image-preview:large","max-video-preview":"max-video-preview:-1"},"canonical":"https:\/\/onevetgroup.pt\/cvmarco\/sobre-nos\/","og_locale":"pt_PT","og_type":"article","og_title":"Sobre N\u00f3s - marco","og_description":"OneVet Cl\u00ednica Veterin\u00e1ria do Marco com urg\u00eancias 24h, assegurado pelo OneVet Hospital Veterin\u00e1rio de Amarante H\u00e1 23 anos que temos vindo a crescer profissionalmente no setor dos animais de companhia, cuidando da sa\u00fade do seu melhor amigo de 4 patas. A nossa cl\u00ednica foi fundada na cidade de Marco de Canaveses, em abril de 2002, &hellip;","og_url":"https:\/\/onevetgroup.pt\/cvmarco\/sobre-nos\/","og_site_name":"marco","article_modified_time":"2026-01-05T12:44:44+00:00","og_image":[{"url":"https:\/\/onevetgroup.pt\/cvmarco\/wp-content\/uploads\/sites\/87\/2023\/07\/DSC_3864-1-786x524.jpg","type":"","width":"","height":""}],"twitter_card":"summary_large_image","twitter_misc":{"Tempo estimado de leitura":"2 minutos"},"schema":{"@context":"https:\/\/schema.org","@graph":[{"@type":"WebPage","@id":"https:\/\/onevetgroup.pt\/cvmarco\/sobre-nos\/","url":"https:\/\/onevetgroup.pt\/cvmarco\/sobre-nos\/","name":"Sobre N\u00f3s - marco","isPartOf":{"@id":"https:\/\/onevetgroup.pt\/cvmarco\/#website"},"primaryImageOfPage":{"@id":"https:\/\/onevetgroup.pt\/cvmarco\/sobre-nos\/#primaryimage"},"image":{"@id":"https:\/\/onevetgroup.pt\/cvmarco\/sobre-nos\/#primaryimage"},"thumbnailUrl":"https:\/\/onevetgroup.pt\/cvmarco\/wp-content\/uploads\/sites\/87\/2023\/07\/DSC_3864-1-786x524.jpg","datePublished":"2021-02-08T15:28:59+00:00","dateModified":"2026-01-05T12:44:44+00:00","breadcrumb":{"@id":"https:\/\/onevetgroup.pt\/cvmarco\/sobre-nos\/#breadcrumb"},"inLanguage":"pt-PT","potentialAction":[{"@type":"ReadAction","target":["https:\/\/onevetgroup.pt\/cvmarco\/sobre-nos\/"]}]},{"@type":"ImageObject","inLanguage":"pt-PT","@id":"https:\/\/onevetgroup.pt\/cvmarco\/sobre-nos\/#primaryimage","url":"https:\/\/onevetgroup.pt\/cvmarco\/wp-content\/uploads\/sites\/87\/2023\/07\/DSC_3864-1-scaled.jpg","contentUrl":"https:\/\/onevetgroup.pt\/cvmarco\/wp-content\/uploads\/sites\/87\/2023\/07\/DSC_3864-1-scaled.jpg","width":2560,"height":1706},{"@type":"BreadcrumbList","@id":"https:\/\/onevetgroup.pt\/cvmarco\/sobre-nos\/#breadcrumb","itemListElement":[{"@type":"ListItem","position":1,"name":"Home","item":"https:\/\/onevetgroup.pt\/cvmarco\/"},{"@type":"ListItem","position":2,"name":"Sobre N\u00f3s"}]},{"@type":"WebSite","@id":"https:\/\/onevetgroup.pt\/cvmarco\/#website","url":"https:\/\/onevetgroup.pt\/cvmarco\/","name":"marco","description":"Your Pets in Good Hands","publisher":{"@id":"https:\/\/onevetgroup.pt\/cvmarco\/#organization"},"potentialAction":[{"@type":"SearchAction","target":{"@type":"EntryPoint","urlTemplate":"https:\/\/onevetgroup.pt\/cvmarco\/?s={search_term_string}"},"query-input":{"@type":"PropertyValueSpecification","valueRequired":true,"valueName":"search_term_string"}}],"inLanguage":"pt-PT"},{"@type":"Organization","@id":"https:\/\/onevetgroup.pt\/cvmarco\/#organization","name":"marco","url":"https:\/\/onevetgroup.pt\/cvmarco\/","logo":{"@type":"ImageObject","inLanguage":"pt-PT","@id":"https:\/\/onevetgroup.pt\/cvmarco\/#\/schema\/logo\/image\/","url":"https:\/\/onevetgroup.pt\/cvmarco\/wp-content\/uploads\/sites\/87\/2026\/01\/cropped-Logo_marco.png","contentUrl":"https:\/\/onevetgroup.pt\/cvmarco\/wp-content\/uploads\/sites\/87\/2026\/01\/cropped-Logo_marco.png","width":1839,"height":598,"caption":"marco"},"image":{"@id":"https:\/\/onevetgroup.pt\/cvmarco\/#\/schema\/logo\/image\/"}}]}},"_links":{"self":[{"href":"https:\/\/onevetgroup.pt\/cvmarco\/wp-json\/wp\/v2\/pages\/14008","targetHints":{"allow":["GET"]}}],"collection":[{"href":"https:\/\/onevetgroup.pt\/cvmarco\/wp-json\/wp\/v2\/pages"}],"about":[{"href":"https:\/\/onevetgroup.pt\/cvmarco\/wp-json\/wp\/v2\/types\/page"}],"author":[{"embeddable":true,"href":"https:\/\/onevetgroup.pt\/cvmarco\/wp-json\/wp\/v2\/users\/1"}],"replies":[{"embeddable":true,"href":"https:\/\/onevetgroup.pt\/cvmarco\/wp-json\/wp\/v2\/comments?post=14008"}],"version-history":[{"count":25,"href":"https:\/\/onevetgroup.pt\/cvmarco\/wp-json\/wp\/v2\/pages\/14008\/revisions"}],"predecessor-version":[{"id":20796,"href":"https:\/\/onevetgroup.pt\/cvmarco\/wp-json\/wp\/v2\/pages\/14008\/revisions\/20796"}],"wp:attachment":[{"href":"https:\/\/onevetgroup.pt\/cvmarco\/wp-json\/wp\/v2\/media?parent=14008"}],"curies":[{"name":"wp","href":"https:\/\/api.w.org\/{rel}","templated":true}]}}