{"id":14014,"date":"2021-02-08T15:29:00","date_gmt":"2021-02-08T15:29:00","guid":{"rendered":"http:\/\/onevet.pt\/porto\/odontologia-veterinaria\/"},"modified":"2025-11-17T17:40:08","modified_gmt":"2025-11-17T17:40:08","slug":"profilaxia-dentaria","status":"publish","type":"page","link":"https:\/\/onevetgroup.pt\/cvmarco\/servicos-veterinarios\/profilaxia-dentaria\/","title":{"rendered":"Profil\u00e1xia dent\u00e1ria"},"content":{"rendered":"\t\t<div data-elementor-type=\"wp-page\" data-elementor-id=\"14014\" class=\"elementor elementor-14014 elementor-656\" data-elementor-post-type=\"page\">\n\t\t\t\t\t\t<section class=\"elementor-section elementor-top-section elementor-element elementor-element-d993722 elementor-section-boxed elementor-section-height-default elementor-section-height-default\" data-id=\"d993722\" data-element_type=\"section\" id=\"main-sec\">\n\t\t\t\t\t\t<div class=\"elementor-container elementor-column-gap-wide\">\n\t\t\t\t\t<div class=\"elementor-column elementor-col-50 elementor-top-column elementor-element elementor-element-065811d\" data-id=\"065811d\" data-element_type=\"column\">\n\t\t\t<div class=\"elementor-widget-wrap elementor-element-populated\">\n\t\t\t\t\t\t<div class=\"elementor-element elementor-element-63d99ac elementor-widget elementor-widget-text-editor\" data-id=\"63d99ac\" data-element_type=\"widget\" data-widget_type=\"text-editor.default\">\n\t\t\t\t<div class=\"elementor-widget-container\">\n\t\t\t\t\t\t\t\t\t<p>A sa\u00fade oral \u00e9 uma parte muito importante da sa\u00fade geral do seu animal de estima\u00e7\u00e3o, sendo que os problemas dent\u00e1rios podem ser respons\u00e1veis ou ser provocados por outros problemas de sa\u00fade. Deve verificar os dentes e as gengivas do seu animal de estima\u00e7\u00e3o pelo menos uma vez por ano, na sua visita anual ao veterin\u00e1rio, a fim de procurar sinais precoces de eventuais problemas e para manter a sa\u00fade da boca do seu animal de estima\u00e7\u00e3o.<\/p><p>Os nossos servi\u00e7os dent\u00e1rios da <span data-sheets-value=\"{\" data-sheets-userformat=\"{\">Onevet Cl\u00ednica Veterin\u00e1ria do Marco<\/span> abrangentes incluem:<\/p><ul><li>Destartariza\u00e7\u00e3o ultrass\u00f3nica (elimina o t\u00e1rtaro acumulado)<\/li><li>Polimento (alisa pequenas imperfei\u00e7\u00f5es na superf\u00edcie do dente)<\/li><li>Aplica\u00e7\u00e3o de fl\u00faor<\/li><li>Raios-X dent\u00e1rios digitais (para avaliar melhor a sa\u00fade oral)<\/li><li>Extra\u00e7\u00f5es dent\u00e1rias (se necess\u00e1rio)<\/li><\/ul><p>O processo tem in\u00edcio com a avalia\u00e7\u00e3o oral da boca do seu animal de estima\u00e7\u00e3o por parte do m\u00e9dico veterin\u00e1rio. Os raios-X podem ser necess\u00e1rios para avaliar a sa\u00fade da mand\u00edbula e das ra\u00edzes abaixo da linha das gengivas.\u00a0 As limpezas dent\u00e1rias s\u00e3o realizadas sob anestesia geral para garantir um tratamento completo.<\/p>\t\t\t\t\t\t\t\t<\/div>\n\t\t\t\t<\/div>\n\t\t\t\t\t<\/div>\n\t\t<\/div>\n\t\t\t\t<div class=\"elementor-column elementor-col-50 elementor-top-column elementor-element elementor-element-2048e61\" data-id=\"2048e61\" data-element_type=\"column\">\n\t\t\t<div class=\"elementor-widget-wrap elementor-element-populated\">\n\t\t\t\t\t\t<div class=\"elementor-element elementor-element-dc7c821 elementor-widget elementor-widget-image\" data-id=\"dc7c821\" data-element_type=\"widget\" data-widget_type=\"image.default\">\n\t\t\t\t<div class=\"elementor-widget-container\">\n\t\t\t\t\t\t\t\t\t\t\t\t\t\t\t<img fetchpriority=\"high\" width=\"469\" height=\"574\" class=\"attachment-large size-large wp-image-18202 lazy\" alt=\"\" data-src=\"https:\/\/onevetgroup.pt\/cvmarco\/wp-content\/uploads\/sites\/87\/2022\/07\/dental1.jpg\" data-lazy=\"https:\/\/onevetgroup.pt\/cvmarco\/wp-content\/uploads\/sites\/87\/2022\/07\/dental1.jpg\" \/>\t\t\t\t\t\t\t\t\t\t\t\t\t\t\t<\/div>\n\t\t\t\t<\/div>\n\t\t\t\t\t<\/div>\n\t\t<\/div>\n\t\t\t\t\t<\/div>\n\t\t<\/section>\n\t\t\t\t<section class=\"elementor-section elementor-top-section elementor-element elementor-element-c6e8d26 elementor-section-boxed elementor-section-height-default elementor-section-height-default\" data-id=\"c6e8d26\" data-element_type=\"section\">\n\t\t\t\t\t\t<div class=\"elementor-container elementor-column-gap-default\">\n\t\t\t\t\t<div class=\"elementor-column elementor-col-100 elementor-top-column elementor-element elementor-element-d92d362\" data-id=\"d92d362\" data-element_type=\"column\">\n\t\t\t<div class=\"elementor-widget-wrap elementor-element-populated\">\n\t\t\t\t\t\t<div class=\"elementor-element elementor-element-70fb1ad elementor-widget elementor-widget-section_titleleft\" data-id=\"70fb1ad\" data-element_type=\"widget\" data-widget_type=\"section_titleleft.default\">\n\t\t\t\t<div class=\"elementor-widget-container\">\n\t\t\t\t\t        <div class=\"ab_text-title fl-wrap\">\r\n            <h3>O que procurar<\/h3><span class=\"section-separator fl-sec-sep\"><\/span>        <\/div>\r\n        \t\t\t\t<\/div>\n\t\t\t\t<\/div>\n\t\t\t\t\t<\/div>\n\t\t<\/div>\n\t\t\t\t\t<\/div>\n\t\t<\/section>\n\t\t\t\t<section class=\"elementor-section elementor-top-section elementor-element elementor-element-149f379 elementor-section-boxed elementor-section-height-default elementor-section-height-default\" data-id=\"149f379\" data-element_type=\"section\">\n\t\t\t\t\t\t<div class=\"elementor-container elementor-column-gap-wide\">\n\t\t\t\t\t<div class=\"elementor-column elementor-col-50 elementor-top-column elementor-element elementor-element-2a8ea5b\" data-id=\"2a8ea5b\" data-element_type=\"column\">\n\t\t\t<div class=\"elementor-widget-wrap elementor-element-populated\">\n\t\t\t\t\t\t<div class=\"elementor-element elementor-element-01118fc elementor-widget elementor-widget-image\" data-id=\"01118fc\" data-element_type=\"widget\" data-widget_type=\"image.default\">\n\t\t\t\t<div class=\"elementor-widget-container\">\n\t\t\t\t\t\t\t\t\t\t\t\t\t\t\t<img width=\"687\" height=\"609\" class=\"attachment-full size-full wp-image-18210 lazy\" alt=\"\" data-src=\"https:\/\/onevetgroup.pt\/cvmarco\/wp-content\/uploads\/sites\/87\/2022\/07\/dental2.jpg\" data-lazy=\"https:\/\/onevetgroup.pt\/cvmarco\/wp-content\/uploads\/sites\/87\/2022\/07\/dental2.jpg\" \/>\t\t\t\t\t\t\t\t\t\t\t\t\t\t\t<\/div>\n\t\t\t\t<\/div>\n\t\t\t\t\t<\/div>\n\t\t<\/div>\n\t\t\t\t<div class=\"elementor-column elementor-col-50 elementor-top-column elementor-element elementor-element-08b8459\" data-id=\"08b8459\" data-element_type=\"column\">\n\t\t\t<div class=\"elementor-widget-wrap elementor-element-populated\">\n\t\t\t\t\t\t<div class=\"elementor-element elementor-element-e1b240e elementor-widget elementor-widget-text-editor\" data-id=\"e1b240e\" data-element_type=\"widget\" data-widget_type=\"text-editor.default\">\n\t\t\t\t<div class=\"elementor-widget-container\">\n\t\t\t\t\t\t\t\t\t<p>Procure uma avalia\u00e7\u00e3o dos dentes do seu animal de estima\u00e7\u00e3o se verificar algum dos seguintes problemas:<\/p>\n<ul>\n<li>Dentes partidos ou soltos<\/li>\n<li>Dentes adicionais ou dentes de leite retidos<\/li>\n<li>Dentes descoloridos ou cobertos de t\u00e1rtaro<\/li>\n<li>Mau h\u00e1lito<\/li>\n<li>Mastiga\u00e7\u00e3o anormal, excessiva produ\u00e7\u00e3o de saliva ou deixar cair alimentos da boca<\/li>\n<li>Perda de apetite ou recusa de alimentos<\/li>\n<li>Dor na boca ou na regi\u00e3o adjacente<\/li>\n<li>Hemorragia na boca<\/li>\n<li>Incha\u00e7o nas \u00e1reas adjacentes<\/li>\n<li>Alguns animais tornam-se irrit\u00e1veis quando t\u00eam problemas dent\u00e1rios, pelo que quaisquer mudan\u00e7as de comportamento do seu animal de estima\u00e7\u00e3o justificam uma consulta ao seu veterin\u00e1rio. Tenha sempre cuidado ao avaliar a boca do seu animal de estima\u00e7\u00e3o porque um animal em sofrimento pode morder.<\/li>\n<\/ul>\n\t\t\t\t\t\t\t\t<\/div>\n\t\t\t\t<\/div>\n\t\t\t\t\t<\/div>\n\t\t<\/div>\n\t\t\t\t\t<\/div>\n\t\t<\/section>\n\t\t\t\t<section class=\"elementor-section elementor-top-section elementor-element elementor-element-49ff81c elementor-section-boxed elementor-section-height-default elementor-section-height-default\" data-id=\"49ff81c\" data-element_type=\"section\">\n\t\t\t\t\t\t<div class=\"elementor-container elementor-column-gap-default\">\n\t\t\t\t\t<div class=\"elementor-column elementor-col-100 elementor-top-column elementor-element elementor-element-1dff2ba\" data-id=\"1dff2ba\" data-element_type=\"column\">\n\t\t\t<div class=\"elementor-widget-wrap elementor-element-populated\">\n\t\t\t\t\t\t<div class=\"elementor-element elementor-element-9ea1c2e elementor-widget elementor-widget-section_titleleft\" data-id=\"9ea1c2e\" data-element_type=\"widget\" data-widget_type=\"section_titleleft.default\">\n\t\t\t\t<div class=\"elementor-widget-container\">\n\t\t\t\t\t        <div class=\"ab_text-title fl-wrap\">\r\n            <h3>Porque \u00e9 que a medicina dent\u00e1ria requer anestesia?<\/h3><span class=\"section-separator fl-sec-sep\"><\/span>        <\/div>\r\n        \t\t\t\t<\/div>\n\t\t\t\t<\/div>\n\t\t\t\t<div class=\"elementor-element elementor-element-ac2f888 elementor-widget elementor-widget-text-editor\" data-id=\"ac2f888\" data-element_type=\"widget\" data-widget_type=\"text-editor.default\">\n\t\t\t\t<div class=\"elementor-widget-container\">\n\t\t\t\t\t\t\t\t\t<p>Os procedimentos realizados quando traz o seu animal de estima\u00e7\u00e3o para consulta dent\u00e1ria t\u00eam sempre como finalidade ajudar o animal e manter a sua boca saud\u00e1vel. Usamos t\u00e9cnicas para minimizar a dor e o desconforto, moderando de forma constante a forma como o nosso paciente se sente ao longo do processo. O seu animal de estima\u00e7\u00e3o n\u00e3o compreende os benef\u00edcios dos procedimentos dent\u00e1rios e as suas rea\u00e7\u00f5es ser\u00e3o sempre no sentido de se mover, de tentar fugir ou mesmo de morder.<\/p>\n<p>A <a href=\"https:\/\/www.avma.org\/public\/PetCare\/Pages\/Whenyourpetneedsanesthesia.aspx\">anestesia<\/a> torna poss\u00edvel a realiza\u00e7\u00e3o de procedimentos dent\u00e1rios com menos stress e dor para o seu animal de estima\u00e7\u00e3o. Por outro lado, a anestesia permite uma limpeza mais completa porque o seu animal de estima\u00e7\u00e3o n\u00e3o se est\u00e1 a movimentar e a arriscar les\u00f5es provocadas pelo equipamento dent\u00e1rio. Se forem necess\u00e1rias radiografias (raios-X), o seu animal de estima\u00e7\u00e3o ter\u00e1 de estar im\u00f3vel para ser poss\u00edvel obter imagens boas, o que \u00e9 improv\u00e1vel sem seda\u00e7\u00e3o profunda ou anestesia.<\/p>\n<p>Apesar de a anestesia n\u00e3o ser um procedimento isento de riscos, nunca foi t\u00e3o seguro como agora, continuando a demonstrar melhorias. Os seus riscos s\u00e3o muito reduzidos e amplamente superados pelos benef\u00edcios. A maioria dos animais vai para casa no mesmo dia do procedimento, apesar de alguns poderem parecer um pouco atordoados durante o resto do dia.<\/p>\n\t\t\t\t\t\t\t\t<\/div>\n\t\t\t\t<\/div>\n\t\t\t\t\t<\/div>\n\t\t<\/div>\n\t\t\t\t\t<\/div>\n\t\t<\/section>\n\t\t\t\t<section class=\"elementor-section elementor-top-section elementor-element elementor-element-9a84a67 elementor-section-boxed elementor-section-height-default elementor-section-height-default\" data-id=\"9a84a67\" data-element_type=\"section\">\n\t\t\t\t\t\t<div class=\"elementor-container elementor-column-gap-default\">\n\t\t\t\t\t<div class=\"elementor-column elementor-col-100 elementor-top-column elementor-element elementor-element-0118b94\" data-id=\"0118b94\" data-element_type=\"column\">\n\t\t\t<div class=\"elementor-widget-wrap elementor-element-populated\">\n\t\t\t\t\t\t<div class=\"elementor-element elementor-element-bc0aa84 elementor-widget elementor-widget-section_titleleft\" data-id=\"bc0aa84\" data-element_type=\"widget\" data-widget_type=\"section_titleleft.default\">\n\t\t\t\t<div class=\"elementor-widget-container\">\n\t\t\t\t\t        <div class=\"ab_text-title fl-wrap\">\r\n            <h3>Causas dos problemas dent\u00e1rios dos animais de estima\u00e7\u00e3o<\/h3><span class=\"section-separator fl-sec-sep\"><\/span>        <\/div>\r\n        \t\t\t\t<\/div>\n\t\t\t\t<\/div>\n\t\t\t\t<div class=\"elementor-element elementor-element-6622e99 elementor-widget elementor-widget-text-editor\" data-id=\"6622e99\" data-element_type=\"widget\" data-widget_type=\"text-editor.default\">\n\t\t\t\t<div class=\"elementor-widget-container\">\n\t\t\t\t\t\t\t\t\t<p>Apesar de c\u00e1ries serem menos habituais em animais de estima\u00e7\u00e3o do que em pessoas, aqueles podem desenvolver os mesmos problemas dent\u00e1rios:<\/p>\n<ul>\n<li>Ra\u00edzes e dentes partidos<\/li>\n<li>Doen\u00e7a periodontal<\/li>\n<li>Abcessos ou dentes infetados<\/li>\n<li>Quistos ou tumores na boca<\/li>\n<li>Maloclus\u00e3o ou desalinhamento dos dentes e da mordida<\/li>\n<li>Fratura da mand\u00edbula<\/li>\n<li>Defeitos do palato (como a fenda palatina)<\/li>\n<\/ul>\n\t\t\t\t\t\t\t\t<\/div>\n\t\t\t\t<\/div>\n\t\t\t\t<div class=\"elementor-element elementor-element-479fa5f elementor-widget elementor-widget-toggle\" data-id=\"479fa5f\" data-element_type=\"widget\" data-widget_type=\"toggle.default\">\n\t\t\t\t<div class=\"elementor-widget-container\">\n\t\t\t\t\t\t\t<div class=\"elementor-toggle\">\n\t\t\t\t\t\t\t<div class=\"elementor-toggle-item\">\n\t\t\t\t\t<div id=\"elementor-tab-title-7511\" class=\"elementor-tab-title\" data-tab=\"1\" role=\"button\" aria-controls=\"elementor-tab-content-7511\" aria-expanded=\"false\">\n\t\t\t\t\t\t\t\t\t\t\t\t<span class=\"elementor-toggle-icon elementor-toggle-icon-left\" aria-hidden=\"true\">\n\t\t\t\t\t\t\t\t\t\t\t\t\t\t\t<span class=\"elementor-toggle-icon-closed\"><i class=\"fas fa-chevron-down\"><\/i><\/span>\n\t\t\t\t\t\t\t\t<span class=\"elementor-toggle-icon-opened\"><i class=\"elementor-toggle-icon-opened fas fa-chevron-up\"><\/i><\/span>\n\t\t\t\t\t\t\t\t\t\t\t\t\t<\/span>\n\t\t\t\t\t\t\t\t\t\t\t\t<a class=\"elementor-toggle-title\" tabindex=\"0\">Explore mais causas de problemas dent\u00e1rios em animais de estima\u00e7\u00e3o<\/a>\n\t\t\t\t\t<\/div>\n\n\t\t\t\t\t<div id=\"elementor-tab-content-7511\" class=\"elementor-tab-content elementor-clearfix\" data-tab=\"1\" role=\"region\" aria-labelledby=\"elementor-tab-title-7511\"><p>A doen\u00e7a periodontal constitui o problema odontol\u00f3gico mais comum em c\u00e3es e gatos. Os primeiros sinais da doen\u00e7a periodontal surgem, normalmente, aos 3 ou 4 anos de idade, piorando \u00e0 medida que o seu animal envelhece, caso n\u00e3o sejam tomadas medidas preventivas eficazes. A dete\u00e7\u00e3o precoce e o seu tratamento atempado s\u00e3o cruciais para prevenir doen\u00e7a periodontal avan\u00e7ada, e os problemas e dor que lhe est\u00e3o associados. Outros problemas de sa\u00fade associados \u00e0 doen\u00e7a periodontal incluem mudan\u00e7as ao n\u00edvel renal, hep\u00e1tico e do m\u00fasculo card\u00edaco.<\/p>\n<p>Come\u00e7a com a placa dent\u00e1ria, que endurece e se transforma em t\u00e1rtaro. O t\u00e1rtaro acima da linha das gengivas v\u00ea-se e retira-se facilmente, mas a placa e o t\u00e1rtaro que por baixo s\u00e3o nocivos, criando condi\u00e7\u00f5es para a infe\u00e7\u00e3o e danos na mand\u00edbula, bem como nos tecidos que ligam o dente ao maxilar. A doen\u00e7a periodontal \u00e9 classificada numa escala de 0 (normal) a 4 (severa).<\/p>\n<p>O tratamento da doen\u00e7a periodontal envolve uma limpeza dent\u00e1ria profunda, podendo haver necessidade de recorrer aos raios-X para determinar a gravidade da doen\u00e7a. Os nossos veterin\u00e1rios far\u00e3o recomenda\u00e7\u00f5es com base no estado geral de sa\u00fade dos dentes do seu animal de estima\u00e7\u00e3o, oferecendo-lhe op\u00e7\u00f5es para ter em considera\u00e7\u00e3o.<\/p>\n<p>&nbsp;<\/p>\n<\/div>\n\t\t\t\t<\/div>\n\t\t\t\t\t\t\t\t<\/div>\n\t\t\t\t\t\t<\/div>\n\t\t\t\t<\/div>\n\t\t\t\t\t<\/div>\n\t\t<\/div>\n\t\t\t\t\t<\/div>\n\t\t<\/section>\n\t\t\t\t<\/div>\n\t\t","protected":false},"excerpt":{"rendered":"<p>A sa\u00fade oral \u00e9 uma parte muito importante da sa\u00fade geral do seu animal de estima\u00e7\u00e3o, sendo que os problemas dent\u00e1rios podem ser respons\u00e1veis ou ser provocados por outros problemas de sa\u00fade. Deve verificar os dentes e as gengivas do seu animal de estima\u00e7\u00e3o pelo menos uma vez por ano, na sua visita anual ao &hellip; <\/p>\n","protected":false},"author":4,"featured_media":0,"parent":14053,"menu_order":0,"comment_status":"closed","ping_status":"closed","template":"page-fullwidth.php","meta":{"_acf_changed":false,"content-type":"","footnotes":""},"class_list":["post-14014","page","type-page","status-publish","hentry"],"acf":[],"yoast_head":"<!-- This site is optimized with the Yoast SEO plugin v26.2 - https:\/\/yoast.com\/wordpress\/plugins\/seo\/ -->\n<title>Profil\u00e1xia dent\u00e1ria - marco<\/title>\n<meta name=\"robots\" content=\"index, follow, max-snippet:-1, max-image-preview:large, max-video-preview:-1\" \/>\n<link rel=\"canonical\" href=\"https:\/\/onevetgroup.pt\/cvmarco\/servicos-veterinarios\/profilaxia-dentaria\/\" \/>\n<meta property=\"og:locale\" content=\"pt_PT\" \/>\n<meta property=\"og:type\" content=\"article\" \/>\n<meta property=\"og:title\" content=\"Profil\u00e1xia dent\u00e1ria - marco\" \/>\n<meta property=\"og:description\" content=\"A sa\u00fade oral \u00e9 uma parte muito importante da sa\u00fade geral do seu animal de estima\u00e7\u00e3o, sendo que os problemas dent\u00e1rios podem ser respons\u00e1veis ou ser provocados por outros problemas de sa\u00fade. Deve verificar os dentes e as gengivas do seu animal de estima\u00e7\u00e3o pelo menos uma vez por ano, na sua visita anual ao &hellip;\" \/>\n<meta property=\"og:url\" content=\"https:\/\/onevetgroup.pt\/cvmarco\/servicos-veterinarios\/profilaxia-dentaria\/\" \/>\n<meta property=\"og:site_name\" content=\"marco\" \/>\n<meta property=\"article:modified_time\" content=\"2025-11-17T17:40:08+00:00\" \/>\n<meta property=\"og:image\" content=\"https:\/\/onevetgroup.pt\/cvmarco\/wp-content\/uploads\/sites\/87\/2022\/07\/dental1.jpg\" \/>\n<meta name=\"twitter:card\" content=\"summary_large_image\" \/>\n<meta name=\"twitter:label1\" content=\"Tempo estimado de leitura\" \/>\n\t<meta name=\"twitter:data1\" content=\"5 minutos\" \/>\n<script type=\"application\/ld+json\" class=\"yoast-schema-graph\">{\"@context\":\"https:\/\/schema.org\",\"@graph\":[{\"@type\":\"WebPage\",\"@id\":\"https:\/\/onevetgroup.pt\/cvmarco\/servicos-veterinarios\/profilaxia-dentaria\/\",\"url\":\"https:\/\/onevetgroup.pt\/cvmarco\/servicos-veterinarios\/profilaxia-dentaria\/\",\"name\":\"Profil\u00e1xia dent\u00e1ria - marco\",\"isPartOf\":{\"@id\":\"https:\/\/onevetgroup.pt\/cvmarco\/#website\"},\"primaryImageOfPage\":{\"@id\":\"https:\/\/onevetgroup.pt\/cvmarco\/servicos-veterinarios\/profilaxia-dentaria\/#primaryimage\"},\"image\":{\"@id\":\"https:\/\/onevetgroup.pt\/cvmarco\/servicos-veterinarios\/profilaxia-dentaria\/#primaryimage\"},\"thumbnailUrl\":\"https:\/\/onevetgroup.pt\/cvmarco\/wp-content\/uploads\/sites\/87\/2022\/07\/dental1.jpg\",\"datePublished\":\"2021-02-08T15:29:00+00:00\",\"dateModified\":\"2025-11-17T17:40:08+00:00\",\"breadcrumb\":{\"@id\":\"https:\/\/onevetgroup.pt\/cvmarco\/servicos-veterinarios\/profilaxia-dentaria\/#breadcrumb\"},\"inLanguage\":\"pt-PT\",\"potentialAction\":[{\"@type\":\"ReadAction\",\"target\":[\"https:\/\/onevetgroup.pt\/cvmarco\/servicos-veterinarios\/profilaxia-dentaria\/\"]}]},{\"@type\":\"ImageObject\",\"inLanguage\":\"pt-PT\",\"@id\":\"https:\/\/onevetgroup.pt\/cvmarco\/servicos-veterinarios\/profilaxia-dentaria\/#primaryimage\",\"url\":\"https:\/\/onevetgroup.pt\/cvmarco\/wp-content\/uploads\/sites\/87\/2022\/07\/dental1.jpg\",\"contentUrl\":\"https:\/\/onevetgroup.pt\/cvmarco\/wp-content\/uploads\/sites\/87\/2022\/07\/dental1.jpg\",\"width\":469,\"height\":574},{\"@type\":\"BreadcrumbList\",\"@id\":\"https:\/\/onevetgroup.pt\/cvmarco\/servicos-veterinarios\/profilaxia-dentaria\/#breadcrumb\",\"itemListElement\":[{\"@type\":\"ListItem\",\"position\":1,\"name\":\"Home\",\"item\":\"https:\/\/onevetgroup.pt\/cvmarco\/\"},{\"@type\":\"ListItem\",\"position\":2,\"name\":\"Servi\u00e7os de Cuidados para Animais de Estima\u00e7\u00e3o\",\"item\":\"https:\/\/onevetgroup.pt\/cvmarco\/servicos-veterinarios\/\"},{\"@type\":\"ListItem\",\"position\":3,\"name\":\"Profil\u00e1xia dent\u00e1ria\"}]},{\"@type\":\"WebSite\",\"@id\":\"https:\/\/onevetgroup.pt\/cvmarco\/#website\",\"url\":\"https:\/\/onevetgroup.pt\/cvmarco\/\",\"name\":\"marco\",\"description\":\"Your Pets in Good Hands\",\"publisher\":{\"@id\":\"https:\/\/onevetgroup.pt\/cvmarco\/#organization\"},\"potentialAction\":[{\"@type\":\"SearchAction\",\"target\":{\"@type\":\"EntryPoint\",\"urlTemplate\":\"https:\/\/onevetgroup.pt\/cvmarco\/?s={search_term_string}\"},\"query-input\":{\"@type\":\"PropertyValueSpecification\",\"valueRequired\":true,\"valueName\":\"search_term_string\"}}],\"inLanguage\":\"pt-PT\"},{\"@type\":\"Organization\",\"@id\":\"https:\/\/onevetgroup.pt\/cvmarco\/#organization\",\"name\":\"marco\",\"url\":\"https:\/\/onevetgroup.pt\/cvmarco\/\",\"logo\":{\"@type\":\"ImageObject\",\"inLanguage\":\"pt-PT\",\"@id\":\"https:\/\/onevetgroup.pt\/cvmarco\/#\/schema\/logo\/image\/\",\"url\":\"https:\/\/onevetgroup.pt\/cvmarco\/wp-content\/uploads\/sites\/87\/2026\/01\/cropped-Logo_marco.png\",\"contentUrl\":\"https:\/\/onevetgroup.pt\/cvmarco\/wp-content\/uploads\/sites\/87\/2026\/01\/cropped-Logo_marco.png\",\"width\":1839,\"height\":598,\"caption\":\"marco\"},\"image\":{\"@id\":\"https:\/\/onevetgroup.pt\/cvmarco\/#\/schema\/logo\/image\/\"}}]}<\/script>\n<!-- \/ Yoast SEO plugin. -->","yoast_head_json":{"title":"Profil\u00e1xia dent\u00e1ria - marco","robots":{"index":"index","follow":"follow","max-snippet":"max-snippet:-1","max-image-preview":"max-image-preview:large","max-video-preview":"max-video-preview:-1"},"canonical":"https:\/\/onevetgroup.pt\/cvmarco\/servicos-veterinarios\/profilaxia-dentaria\/","og_locale":"pt_PT","og_type":"article","og_title":"Profil\u00e1xia dent\u00e1ria - marco","og_description":"A sa\u00fade oral \u00e9 uma parte muito importante da sa\u00fade geral do seu animal de estima\u00e7\u00e3o, sendo que os problemas dent\u00e1rios podem ser respons\u00e1veis ou ser provocados por outros problemas de sa\u00fade. Deve verificar os dentes e as gengivas do seu animal de estima\u00e7\u00e3o pelo menos uma vez por ano, na sua visita anual ao &hellip;","og_url":"https:\/\/onevetgroup.pt\/cvmarco\/servicos-veterinarios\/profilaxia-dentaria\/","og_site_name":"marco","article_modified_time":"2025-11-17T17:40:08+00:00","og_image":[{"url":"https:\/\/onevetgroup.pt\/cvmarco\/wp-content\/uploads\/sites\/87\/2022\/07\/dental1.jpg","type":"","width":"","height":""}],"twitter_card":"summary_large_image","twitter_misc":{"Tempo estimado de leitura":"5 minutos"},"schema":{"@context":"https:\/\/schema.org","@graph":[{"@type":"WebPage","@id":"https:\/\/onevetgroup.pt\/cvmarco\/servicos-veterinarios\/profilaxia-dentaria\/","url":"https:\/\/onevetgroup.pt\/cvmarco\/servicos-veterinarios\/profilaxia-dentaria\/","name":"Profil\u00e1xia dent\u00e1ria - marco","isPartOf":{"@id":"https:\/\/onevetgroup.pt\/cvmarco\/#website"},"primaryImageOfPage":{"@id":"https:\/\/onevetgroup.pt\/cvmarco\/servicos-veterinarios\/profilaxia-dentaria\/#primaryimage"},"image":{"@id":"https:\/\/onevetgroup.pt\/cvmarco\/servicos-veterinarios\/profilaxia-dentaria\/#primaryimage"},"thumbnailUrl":"https:\/\/onevetgroup.pt\/cvmarco\/wp-content\/uploads\/sites\/87\/2022\/07\/dental1.jpg","datePublished":"2021-02-08T15:29:00+00:00","dateModified":"2025-11-17T17:40:08+00:00","breadcrumb":{"@id":"https:\/\/onevetgroup.pt\/cvmarco\/servicos-veterinarios\/profilaxia-dentaria\/#breadcrumb"},"inLanguage":"pt-PT","potentialAction":[{"@type":"ReadAction","target":["https:\/\/onevetgroup.pt\/cvmarco\/servicos-veterinarios\/profilaxia-dentaria\/"]}]},{"@type":"ImageObject","inLanguage":"pt-PT","@id":"https:\/\/onevetgroup.pt\/cvmarco\/servicos-veterinarios\/profilaxia-dentaria\/#primaryimage","url":"https:\/\/onevetgroup.pt\/cvmarco\/wp-content\/uploads\/sites\/87\/2022\/07\/dental1.jpg","contentUrl":"https:\/\/onevetgroup.pt\/cvmarco\/wp-content\/uploads\/sites\/87\/2022\/07\/dental1.jpg","width":469,"height":574},{"@type":"BreadcrumbList","@id":"https:\/\/onevetgroup.pt\/cvmarco\/servicos-veterinarios\/profilaxia-dentaria\/#breadcrumb","itemListElement":[{"@type":"ListItem","position":1,"name":"Home","item":"https:\/\/onevetgroup.pt\/cvmarco\/"},{"@type":"ListItem","position":2,"name":"Servi\u00e7os de Cuidados para Animais de Estima\u00e7\u00e3o","item":"https:\/\/onevetgroup.pt\/cvmarco\/servicos-veterinarios\/"},{"@type":"ListItem","position":3,"name":"Profil\u00e1xia dent\u00e1ria"}]},{"@type":"WebSite","@id":"https:\/\/onevetgroup.pt\/cvmarco\/#website","url":"https:\/\/onevetgroup.pt\/cvmarco\/","name":"marco","description":"Your Pets in Good Hands","publisher":{"@id":"https:\/\/onevetgroup.pt\/cvmarco\/#organization"},"potentialAction":[{"@type":"SearchAction","target":{"@type":"EntryPoint","urlTemplate":"https:\/\/onevetgroup.pt\/cvmarco\/?s={search_term_string}"},"query-input":{"@type":"PropertyValueSpecification","valueRequired":true,"valueName":"search_term_string"}}],"inLanguage":"pt-PT"},{"@type":"Organization","@id":"https:\/\/onevetgroup.pt\/cvmarco\/#organization","name":"marco","url":"https:\/\/onevetgroup.pt\/cvmarco\/","logo":{"@type":"ImageObject","inLanguage":"pt-PT","@id":"https:\/\/onevetgroup.pt\/cvmarco\/#\/schema\/logo\/image\/","url":"https:\/\/onevetgroup.pt\/cvmarco\/wp-content\/uploads\/sites\/87\/2026\/01\/cropped-Logo_marco.png","contentUrl":"https:\/\/onevetgroup.pt\/cvmarco\/wp-content\/uploads\/sites\/87\/2026\/01\/cropped-Logo_marco.png","width":1839,"height":598,"caption":"marco"},"image":{"@id":"https:\/\/onevetgroup.pt\/cvmarco\/#\/schema\/logo\/image\/"}}]}},"_links":{"self":[{"href":"https:\/\/onevetgroup.pt\/cvmarco\/wp-json\/wp\/v2\/pages\/14014","targetHints":{"allow":["GET"]}}],"collection":[{"href":"https:\/\/onevetgroup.pt\/cvmarco\/wp-json\/wp\/v2\/pages"}],"about":[{"href":"https:\/\/onevetgroup.pt\/cvmarco\/wp-json\/wp\/v2\/types\/page"}],"author":[{"embeddable":true,"href":"https:\/\/onevetgroup.pt\/cvmarco\/wp-json\/wp\/v2\/users\/4"}],"replies":[{"embeddable":true,"href":"https:\/\/onevetgroup.pt\/cvmarco\/wp-json\/wp\/v2\/comments?post=14014"}],"version-history":[{"count":3,"href":"https:\/\/onevetgroup.pt\/cvmarco\/wp-json\/wp\/v2\/pages\/14014\/revisions"}],"predecessor-version":[{"id":20604,"href":"https:\/\/onevetgroup.pt\/cvmarco\/wp-json\/wp\/v2\/pages\/14014\/revisions\/20604"}],"up":[{"embeddable":true,"href":"https:\/\/onevetgroup.pt\/cvmarco\/wp-json\/wp\/v2\/pages\/14053"}],"wp:attachment":[{"href":"https:\/\/onevetgroup.pt\/cvmarco\/wp-json\/wp\/v2\/media?parent=14014"}],"curies":[{"name":"wp","href":"https:\/\/api.w.org\/{rel}","templated":true}]}}