{"id":14037,"date":"2021-02-08T15:29:03","date_gmt":"2021-02-08T15:29:03","guid":{"rendered":"http:\/\/onevet.pt\/porto\/laboratorio\/"},"modified":"2025-11-17T17:37:14","modified_gmt":"2025-11-17T17:37:14","slug":"laboratorio","status":"publish","type":"page","link":"https:\/\/onevetgroup.pt\/cvmarco\/servicos-veterinarios\/laboratorio\/","title":{"rendered":"Laborat\u00f3rio"},"content":{"rendered":"\t\t<div data-elementor-type=\"wp-page\" data-elementor-id=\"14037\" class=\"elementor elementor-14037 elementor-679\" data-elementor-post-type=\"page\">\n\t\t\t\t\t\t<section class=\"elementor-section elementor-top-section elementor-element elementor-element-3b7f1f2 elementor-section-boxed elementor-section-height-default elementor-section-height-default\" data-id=\"3b7f1f2\" data-element_type=\"section\" id=\"main-sec\">\n\t\t\t\t\t\t<div class=\"elementor-container elementor-column-gap-default\">\n\t\t\t\t\t<div class=\"elementor-column elementor-col-100 elementor-top-column elementor-element elementor-element-138c88c\" data-id=\"138c88c\" data-element_type=\"column\">\n\t\t\t<div class=\"elementor-widget-wrap elementor-element-populated\">\n\t\t\t\t\t\t<div class=\"elementor-element elementor-element-ec83cf0 elementor-widget elementor-widget-section_titleleft\" data-id=\"ec83cf0\" data-element_type=\"widget\" data-widget_type=\"section_titleleft.default\">\n\t\t\t\t<div class=\"elementor-widget-container\">\n\t\t\t\t\t        <div class=\"ab_text-title fl-wrap\">\r\n            <h3>Os nossos testes de laborat\u00f3rio<\/h3>Realizamos testes laboratoriais b\u00e1sicos no consult\u00f3rio. As amostras para os testes podem ser recolhidas por um dos nossos veterin\u00e1rios, ou pode recolher amostras em casa (fezes, urina) e traz\u00ea-las para o consult\u00f3rio.<span class=\"section-separator fl-sec-sep\"><\/span>        <\/div>\r\n        \t\t\t\t<\/div>\n\t\t\t\t<\/div>\n\t\t\t\t<section class=\"elementor-section elementor-inner-section elementor-element elementor-element-7cb30d6 elementor-section-boxed elementor-section-height-default elementor-section-height-default\" data-id=\"7cb30d6\" data-element_type=\"section\">\n\t\t\t\t\t\t<div class=\"elementor-container elementor-column-gap-default\">\n\t\t\t\t\t<div class=\"elementor-column elementor-col-50 elementor-inner-column elementor-element elementor-element-68a2194\" data-id=\"68a2194\" data-element_type=\"column\">\n\t\t\t<div class=\"elementor-widget-wrap elementor-element-populated\">\n\t\t\t\t\t\t<div class=\"elementor-element elementor-element-63d99ac elementor-widget elementor-widget-text-editor\" data-id=\"63d99ac\" data-element_type=\"widget\" data-widget_type=\"text-editor.default\">\n\t\t\t\t<div class=\"elementor-widget-container\">\n\t\t\t\t\t\t\t\t\t<p><strong>An\u00e1lises ao Sangue<\/strong><\/p><p>Uma das an\u00e1lises ao sangue mais comuns que realizamos \u00e9 o hemograma completo que analisa os valores e a apar\u00eancia das c\u00e9lulas<br \/>do sangue. O hemograma \u00e9 importante no diagn\u00f3stico e na monitoriza\u00e7\u00e3o de doen\u00e7as e infe\u00e7\u00f5es, e pode indicar se o seu animal de estima\u00e7\u00e3o tem desidrata\u00e7\u00e3o, diarreia ou arritmia, por exemplo. Os resultados das an\u00e1lises podem dizer-nos muito sobre o funcionamento do corpo do seu animal de estima\u00e7\u00e3o e sugere poss\u00edveis problemas de sa\u00fade.<\/p><p><strong>An\u00e1lise de Amostras Fecais<\/strong><\/p><p>As amostras fecais podem ser recolhidas antes da consulta, ou podem<br \/>ser recolhidas pelo veterin\u00e1rio. O material \u00e9, em seguida,<br \/>examinado sob um microsc\u00f3pio. Podemos detetar a presen\u00e7a dos<br \/>cistos de parasitas como as Giardia e os Criptosporidium ou ovos de<br \/>outros parasitas, como lombrigas, ancil\u00f3stomos, e<br \/>t\u00e9nias. Larvas, lombrigas adultas ou t\u00e9nias podem tamb\u00e9m<br \/>ser observadas.<\/p>\t\t\t\t\t\t\t\t<\/div>\n\t\t\t\t<\/div>\n\t\t\t\t\t<\/div>\n\t\t<\/div>\n\t\t\t\t<div class=\"elementor-column elementor-col-50 elementor-inner-column elementor-element elementor-element-3ba58a5\" data-id=\"3ba58a5\" data-element_type=\"column\">\n\t\t\t<div class=\"elementor-widget-wrap elementor-element-populated\">\n\t\t\t\t\t\t<div class=\"elementor-element elementor-element-dc7c821 elementor-widget elementor-widget-image\" data-id=\"dc7c821\" data-element_type=\"widget\" data-widget_type=\"image.default\">\n\t\t\t\t<div class=\"elementor-widget-container\">\n\t\t\t\t\t\t\t\t\t\t\t\t\t\t\t<img fetchpriority=\"high\" width=\"724\" height=\"414\" class=\"attachment-large size-large wp-image-18184 lazy\" alt=\"\" data-src=\"https:\/\/onevetgroup.pt\/cvmarco\/wp-content\/uploads\/sites\/87\/2022\/07\/Labo.jpg\" data-lazy=\"https:\/\/onevetgroup.pt\/cvmarco\/wp-content\/uploads\/sites\/87\/2022\/07\/Labo.jpg\" \/>\t\t\t\t\t\t\t\t\t\t\t\t\t\t\t<\/div>\n\t\t\t\t<\/div>\n\t\t\t\t\t<\/div>\n\t\t<\/div>\n\t\t\t\t\t<\/div>\n\t\t<\/section>\n\t\t\t\t\t<\/div>\n\t\t<\/div>\n\t\t\t\t\t<\/div>\n\t\t<\/section>\n\t\t\t\t<section class=\"elementor-section elementor-top-section elementor-element elementor-element-c6e8d26 elementor-section-boxed elementor-section-height-default elementor-section-height-default\" data-id=\"c6e8d26\" data-element_type=\"section\">\n\t\t\t\t\t\t<div class=\"elementor-container elementor-column-gap-default\">\n\t\t\t\t\t<div class=\"elementor-column elementor-col-100 elementor-top-column elementor-element elementor-element-d92d362\" data-id=\"d92d362\" data-element_type=\"column\">\n\t\t\t<div class=\"elementor-widget-wrap elementor-element-populated\">\n\t\t\t\t\t\t<div class=\"elementor-element elementor-element-70fb1ad elementor-widget elementor-widget-section_titleleft\" data-id=\"70fb1ad\" data-element_type=\"widget\" data-widget_type=\"section_titleleft.default\">\n\t\t\t\t<div class=\"elementor-widget-container\">\n\t\t\t\t\t        <div class=\"ab_text-title fl-wrap\">\r\n            <h3>Urine Tests<\/h3><span class=\"section-separator fl-sec-sep\"><\/span>        <\/div>\r\n        \t\t\t\t<\/div>\n\t\t\t\t<\/div>\n\t\t\t\t\t<\/div>\n\t\t<\/div>\n\t\t\t\t\t<\/div>\n\t\t<\/section>\n\t\t\t\t<section class=\"elementor-section elementor-top-section elementor-element elementor-element-149f379 elementor-section-boxed elementor-section-height-default elementor-section-height-default\" data-id=\"149f379\" data-element_type=\"section\">\n\t\t\t\t\t\t<div class=\"elementor-container elementor-column-gap-default\">\n\t\t\t\t\t<div class=\"elementor-column elementor-col-50 elementor-top-column elementor-element elementor-element-2a8ea5b\" data-id=\"2a8ea5b\" data-element_type=\"column\">\n\t\t\t<div class=\"elementor-widget-wrap elementor-element-populated\">\n\t\t\t\t\t\t<div class=\"elementor-element elementor-element-01118fc elementor-widget elementor-widget-image\" data-id=\"01118fc\" data-element_type=\"widget\" data-widget_type=\"image.default\">\n\t\t\t\t<div class=\"elementor-widget-container\">\n\t\t\t\t\t\t\t\t\t\t\t\t\t\t\t<img width=\"724\" height=\"484\" class=\"attachment-large size-large wp-image-14044 lazy\" alt=\"\" data-src=\"https:\/\/onevetgroup.pt\/cvmarco\/wp-content\/uploads\/sites\/87\/2020\/10\/shutterstock_487940758-1.jpg\" data-lazy=\"https:\/\/onevetgroup.pt\/cvmarco\/wp-content\/uploads\/sites\/87\/2020\/10\/shutterstock_487940758-1.jpg\" \/>\t\t\t\t\t\t\t\t\t\t\t\t\t\t\t<\/div>\n\t\t\t\t<\/div>\n\t\t\t\t\t<\/div>\n\t\t<\/div>\n\t\t\t\t<div class=\"elementor-column elementor-col-50 elementor-top-column elementor-element elementor-element-08b8459\" data-id=\"08b8459\" data-element_type=\"column\">\n\t\t\t<div class=\"elementor-widget-wrap elementor-element-populated\">\n\t\t\t\t\t\t<div class=\"elementor-element elementor-element-e1b240e elementor-widget elementor-widget-text-editor\" data-id=\"e1b240e\" data-element_type=\"widget\" data-widget_type=\"text-editor.default\">\n\t\t\t\t<div class=\"elementor-widget-container\">\n\t\t\t\t\t\t\t\t\t<p><strong>An\u00e1lises \u00e0 Urina<\/strong><\/p>\n<p>A an\u00e1lise de amostras de urina (urin\u00e1lise) \u00e9 importante na dete\u00e7\u00e3o<br \/>de diversos tipos de infe\u00e7\u00e3o do trato urin\u00e1rio, doen\u00e7a renal, ou hemorragia<br \/>interna. A amostra deve ser analisada imediatamente depois<br \/>da recolha, dado que a urina deixada \u00e0 temperatura ambiente ou mais elevada se ir\u00e1<br \/>degradar, e os resultados da an\u00e1lise n\u00e3o ser\u00e3o exatos. Os testes normalmente<br \/>levados a cabo nas amostra de urina incluem a avalia\u00e7\u00e3o do aspeto,<br \/>da qu\u00edmica e da sedimenta\u00e7\u00e3o. A urina normal \u00e9 de cor amarela ou \u00e2mbar<br \/>e deve ser transparente ou l\u00edmpida. A presen\u00e7a de<br \/>doen\u00e7as ou infe\u00e7\u00f5es podem alterar a cor ou a clareza.<\/p>\n\t\t\t\t\t\t\t\t<\/div>\n\t\t\t\t<\/div>\n\t\t\t\t\t<\/div>\n\t\t<\/div>\n\t\t\t\t\t<\/div>\n\t\t<\/section>\n\t\t\t\t<section class=\"elementor-section elementor-top-section elementor-element elementor-element-c209a7a elementor-section-boxed elementor-section-height-default elementor-section-height-default\" data-id=\"c209a7a\" data-element_type=\"section\">\n\t\t\t\t\t\t<div class=\"elementor-container elementor-column-gap-default\">\n\t\t\t\t\t<div class=\"elementor-column elementor-col-50 elementor-top-column elementor-element elementor-element-89393e2\" data-id=\"89393e2\" data-element_type=\"column\">\n\t\t\t<div class=\"elementor-widget-wrap elementor-element-populated\">\n\t\t\t\t\t\t<div class=\"elementor-element elementor-element-739b052 elementor-widget elementor-widget-text-editor\" data-id=\"739b052\" data-element_type=\"widget\" data-widget_type=\"text-editor.default\">\n\t\t\t\t<div class=\"elementor-widget-container\">\n\t\t\t\t\t\t\t\t\t<p><strong>An\u00e1lises Hormonais<\/strong><\/p><p>O excesso ou a falta de determinadas hormonas nos animais pode desencadear doen\u00e7as diferentes como a diabetes, o s\u00edndrome de Cushing, a doen\u00e7a de Addison, o hipertiroidismo, etc. Por esta raz\u00e3o, podemos usar uma amostra de sangue processada no nosso laborat\u00f3rio para identificar o n\u00edvel destas hormonas no corpo dos nossos pacientes.<\/p><p><strong>Citologia<\/strong><\/p><p>A citologia \u00e9 um teste de diagn\u00f3stico utilizado pelos veterin\u00e1rios da <span data-sheets-value=\"{\" data-sheets-userformat=\"{\">Onevet Cl\u00ednica Veterin\u00e1ria do Marco<\/span> para detetar anomalias ou les\u00f5es nas c\u00e9lulas. Para o fazer, precisamos de colher uma amostra da les\u00e3o, por aspira\u00e7\u00e3o com uma agulha ou impress\u00e3o da les\u00e3o, aplicando t\u00e9cnicas de colora\u00e7\u00e3o \u00e0 amostra e analisando-a sob um microsc\u00f3pio.<\/p><p>A citologia permite-nos:<\/p><ul><li>Detetar se uma les\u00e3o \u00e9 tumoral ou n\u00e3o.<\/li><li>Avaliar se os neoplasmos ou tumores s\u00e3o benignos ou malignos.<\/li><li>Determinar se deve ser usado um tratamento m\u00e9dico ou cir\u00fargico.<\/li><\/ul>\t\t\t\t\t\t\t\t<\/div>\n\t\t\t\t<\/div>\n\t\t\t\t\t<\/div>\n\t\t<\/div>\n\t\t\t\t<div class=\"elementor-column elementor-col-50 elementor-top-column elementor-element elementor-element-4c84e40\" data-id=\"4c84e40\" data-element_type=\"column\">\n\t\t\t<div class=\"elementor-widget-wrap elementor-element-populated\">\n\t\t\t\t\t\t<div class=\"elementor-element elementor-element-8473555 elementor-widget elementor-widget-image\" data-id=\"8473555\" data-element_type=\"widget\" data-widget_type=\"image.default\">\n\t\t\t\t<div class=\"elementor-widget-container\">\n\t\t\t\t\t\t\t\t\t\t\t\t\t\t\t<img width=\"710\" height=\"553\" class=\"attachment-large size-large wp-image-18186 lazy\" alt=\"\" data-src=\"https:\/\/onevetgroup.pt\/cvmarco\/wp-content\/uploads\/sites\/87\/2022\/07\/Labo2.jpg\" data-lazy=\"https:\/\/onevetgroup.pt\/cvmarco\/wp-content\/uploads\/sites\/87\/2022\/07\/Labo2.jpg\" \/>\t\t\t\t\t\t\t\t\t\t\t\t\t\t\t<\/div>\n\t\t\t\t<\/div>\n\t\t\t\t\t<\/div>\n\t\t<\/div>\n\t\t\t\t\t<\/div>\n\t\t<\/section>\n\t\t\t\t<\/div>\n\t\t","protected":false},"excerpt":{"rendered":"<p>Os nossos testes de laborat\u00f3rio Realizamos testes laboratoriais b\u00e1sicos no consult\u00f3rio. As amostras para os testes podem ser recolhidas por um dos nossos veterin\u00e1rios, ou pode recolher amostras em casa (fezes, urina) e traz\u00ea-las para o consult\u00f3rio. An\u00e1lises ao Sangue Uma das an\u00e1lises ao sangue mais comuns que realizamos \u00e9 o hemograma completo que analisa &hellip; <\/p>\n","protected":false},"author":4,"featured_media":0,"parent":14053,"menu_order":0,"comment_status":"closed","ping_status":"closed","template":"page-fullwidth.php","meta":{"_acf_changed":false,"content-type":"","footnotes":""},"class_list":["post-14037","page","type-page","status-publish","hentry"],"acf":[],"yoast_head":"<!-- This site is optimized with the Yoast SEO plugin v26.2 - https:\/\/yoast.com\/wordpress\/plugins\/seo\/ -->\n<title>Laborat\u00f3rio - marco<\/title>\n<meta name=\"robots\" content=\"index, follow, max-snippet:-1, max-image-preview:large, max-video-preview:-1\" \/>\n<link rel=\"canonical\" href=\"https:\/\/onevetgroup.pt\/cvmarco\/servicos-veterinarios\/laboratorio\/\" \/>\n<meta property=\"og:locale\" content=\"pt_PT\" \/>\n<meta property=\"og:type\" content=\"article\" \/>\n<meta property=\"og:title\" content=\"Laborat\u00f3rio - marco\" \/>\n<meta property=\"og:description\" content=\"Os nossos testes de laborat\u00f3rio Realizamos testes laboratoriais b\u00e1sicos no consult\u00f3rio. As amostras para os testes podem ser recolhidas por um dos nossos veterin\u00e1rios, ou pode recolher amostras em casa (fezes, urina) e traz\u00ea-las para o consult\u00f3rio. An\u00e1lises ao Sangue Uma das an\u00e1lises ao sangue mais comuns que realizamos \u00e9 o hemograma completo que analisa &hellip;\" \/>\n<meta property=\"og:url\" content=\"https:\/\/onevetgroup.pt\/cvmarco\/servicos-veterinarios\/laboratorio\/\" \/>\n<meta property=\"og:site_name\" content=\"marco\" \/>\n<meta property=\"article:modified_time\" content=\"2025-11-17T17:37:14+00:00\" \/>\n<meta property=\"og:image\" content=\"https:\/\/onevetgroup.pt\/cvmarco\/wp-content\/uploads\/sites\/87\/2022\/07\/Labo.jpg\" \/>\n<meta name=\"twitter:card\" content=\"summary_large_image\" \/>\n<meta name=\"twitter:label1\" content=\"Tempo estimado de leitura\" \/>\n\t<meta name=\"twitter:data1\" content=\"3 minutos\" \/>\n<script type=\"application\/ld+json\" class=\"yoast-schema-graph\">{\"@context\":\"https:\/\/schema.org\",\"@graph\":[{\"@type\":\"WebPage\",\"@id\":\"https:\/\/onevetgroup.pt\/cvmarco\/servicos-veterinarios\/laboratorio\/\",\"url\":\"https:\/\/onevetgroup.pt\/cvmarco\/servicos-veterinarios\/laboratorio\/\",\"name\":\"Laborat\u00f3rio - marco\",\"isPartOf\":{\"@id\":\"https:\/\/onevetgroup.pt\/cvmarco\/#website\"},\"primaryImageOfPage\":{\"@id\":\"https:\/\/onevetgroup.pt\/cvmarco\/servicos-veterinarios\/laboratorio\/#primaryimage\"},\"image\":{\"@id\":\"https:\/\/onevetgroup.pt\/cvmarco\/servicos-veterinarios\/laboratorio\/#primaryimage\"},\"thumbnailUrl\":\"https:\/\/onevetgroup.pt\/cvmarco\/wp-content\/uploads\/sites\/87\/2022\/07\/Labo.jpg\",\"datePublished\":\"2021-02-08T15:29:03+00:00\",\"dateModified\":\"2025-11-17T17:37:14+00:00\",\"breadcrumb\":{\"@id\":\"https:\/\/onevetgroup.pt\/cvmarco\/servicos-veterinarios\/laboratorio\/#breadcrumb\"},\"inLanguage\":\"pt-PT\",\"potentialAction\":[{\"@type\":\"ReadAction\",\"target\":[\"https:\/\/onevetgroup.pt\/cvmarco\/servicos-veterinarios\/laboratorio\/\"]}]},{\"@type\":\"ImageObject\",\"inLanguage\":\"pt-PT\",\"@id\":\"https:\/\/onevetgroup.pt\/cvmarco\/servicos-veterinarios\/laboratorio\/#primaryimage\",\"url\":\"https:\/\/onevetgroup.pt\/cvmarco\/wp-content\/uploads\/sites\/87\/2022\/07\/Labo.jpg\",\"contentUrl\":\"https:\/\/onevetgroup.pt\/cvmarco\/wp-content\/uploads\/sites\/87\/2022\/07\/Labo.jpg\",\"width\":979,\"height\":560},{\"@type\":\"BreadcrumbList\",\"@id\":\"https:\/\/onevetgroup.pt\/cvmarco\/servicos-veterinarios\/laboratorio\/#breadcrumb\",\"itemListElement\":[{\"@type\":\"ListItem\",\"position\":1,\"name\":\"Home\",\"item\":\"https:\/\/onevetgroup.pt\/cvmarco\/\"},{\"@type\":\"ListItem\",\"position\":2,\"name\":\"Servi\u00e7os de Cuidados para Animais de Estima\u00e7\u00e3o\",\"item\":\"https:\/\/onevetgroup.pt\/cvmarco\/servicos-veterinarios\/\"},{\"@type\":\"ListItem\",\"position\":3,\"name\":\"Laborat\u00f3rio\"}]},{\"@type\":\"WebSite\",\"@id\":\"https:\/\/onevetgroup.pt\/cvmarco\/#website\",\"url\":\"https:\/\/onevetgroup.pt\/cvmarco\/\",\"name\":\"marco\",\"description\":\"Your Pets in Good Hands\",\"publisher\":{\"@id\":\"https:\/\/onevetgroup.pt\/cvmarco\/#organization\"},\"potentialAction\":[{\"@type\":\"SearchAction\",\"target\":{\"@type\":\"EntryPoint\",\"urlTemplate\":\"https:\/\/onevetgroup.pt\/cvmarco\/?s={search_term_string}\"},\"query-input\":{\"@type\":\"PropertyValueSpecification\",\"valueRequired\":true,\"valueName\":\"search_term_string\"}}],\"inLanguage\":\"pt-PT\"},{\"@type\":\"Organization\",\"@id\":\"https:\/\/onevetgroup.pt\/cvmarco\/#organization\",\"name\":\"marco\",\"url\":\"https:\/\/onevetgroup.pt\/cvmarco\/\",\"logo\":{\"@type\":\"ImageObject\",\"inLanguage\":\"pt-PT\",\"@id\":\"https:\/\/onevetgroup.pt\/cvmarco\/#\/schema\/logo\/image\/\",\"url\":\"https:\/\/onevetgroup.pt\/cvmarco\/wp-content\/uploads\/sites\/87\/2026\/01\/cropped-Logo_marco.png\",\"contentUrl\":\"https:\/\/onevetgroup.pt\/cvmarco\/wp-content\/uploads\/sites\/87\/2026\/01\/cropped-Logo_marco.png\",\"width\":1839,\"height\":598,\"caption\":\"marco\"},\"image\":{\"@id\":\"https:\/\/onevetgroup.pt\/cvmarco\/#\/schema\/logo\/image\/\"}}]}<\/script>\n<!-- \/ Yoast SEO plugin. -->","yoast_head_json":{"title":"Laborat\u00f3rio - marco","robots":{"index":"index","follow":"follow","max-snippet":"max-snippet:-1","max-image-preview":"max-image-preview:large","max-video-preview":"max-video-preview:-1"},"canonical":"https:\/\/onevetgroup.pt\/cvmarco\/servicos-veterinarios\/laboratorio\/","og_locale":"pt_PT","og_type":"article","og_title":"Laborat\u00f3rio - marco","og_description":"Os nossos testes de laborat\u00f3rio Realizamos testes laboratoriais b\u00e1sicos no consult\u00f3rio. As amostras para os testes podem ser recolhidas por um dos nossos veterin\u00e1rios, ou pode recolher amostras em casa (fezes, urina) e traz\u00ea-las para o consult\u00f3rio. An\u00e1lises ao Sangue Uma das an\u00e1lises ao sangue mais comuns que realizamos \u00e9 o hemograma completo que analisa &hellip;","og_url":"https:\/\/onevetgroup.pt\/cvmarco\/servicos-veterinarios\/laboratorio\/","og_site_name":"marco","article_modified_time":"2025-11-17T17:37:14+00:00","og_image":[{"url":"https:\/\/onevetgroup.pt\/cvmarco\/wp-content\/uploads\/sites\/87\/2022\/07\/Labo.jpg","type":"","width":"","height":""}],"twitter_card":"summary_large_image","twitter_misc":{"Tempo estimado de leitura":"3 minutos"},"schema":{"@context":"https:\/\/schema.org","@graph":[{"@type":"WebPage","@id":"https:\/\/onevetgroup.pt\/cvmarco\/servicos-veterinarios\/laboratorio\/","url":"https:\/\/onevetgroup.pt\/cvmarco\/servicos-veterinarios\/laboratorio\/","name":"Laborat\u00f3rio - marco","isPartOf":{"@id":"https:\/\/onevetgroup.pt\/cvmarco\/#website"},"primaryImageOfPage":{"@id":"https:\/\/onevetgroup.pt\/cvmarco\/servicos-veterinarios\/laboratorio\/#primaryimage"},"image":{"@id":"https:\/\/onevetgroup.pt\/cvmarco\/servicos-veterinarios\/laboratorio\/#primaryimage"},"thumbnailUrl":"https:\/\/onevetgroup.pt\/cvmarco\/wp-content\/uploads\/sites\/87\/2022\/07\/Labo.jpg","datePublished":"2021-02-08T15:29:03+00:00","dateModified":"2025-11-17T17:37:14+00:00","breadcrumb":{"@id":"https:\/\/onevetgroup.pt\/cvmarco\/servicos-veterinarios\/laboratorio\/#breadcrumb"},"inLanguage":"pt-PT","potentialAction":[{"@type":"ReadAction","target":["https:\/\/onevetgroup.pt\/cvmarco\/servicos-veterinarios\/laboratorio\/"]}]},{"@type":"ImageObject","inLanguage":"pt-PT","@id":"https:\/\/onevetgroup.pt\/cvmarco\/servicos-veterinarios\/laboratorio\/#primaryimage","url":"https:\/\/onevetgroup.pt\/cvmarco\/wp-content\/uploads\/sites\/87\/2022\/07\/Labo.jpg","contentUrl":"https:\/\/onevetgroup.pt\/cvmarco\/wp-content\/uploads\/sites\/87\/2022\/07\/Labo.jpg","width":979,"height":560},{"@type":"BreadcrumbList","@id":"https:\/\/onevetgroup.pt\/cvmarco\/servicos-veterinarios\/laboratorio\/#breadcrumb","itemListElement":[{"@type":"ListItem","position":1,"name":"Home","item":"https:\/\/onevetgroup.pt\/cvmarco\/"},{"@type":"ListItem","position":2,"name":"Servi\u00e7os de Cuidados para Animais de Estima\u00e7\u00e3o","item":"https:\/\/onevetgroup.pt\/cvmarco\/servicos-veterinarios\/"},{"@type":"ListItem","position":3,"name":"Laborat\u00f3rio"}]},{"@type":"WebSite","@id":"https:\/\/onevetgroup.pt\/cvmarco\/#website","url":"https:\/\/onevetgroup.pt\/cvmarco\/","name":"marco","description":"Your Pets in Good Hands","publisher":{"@id":"https:\/\/onevetgroup.pt\/cvmarco\/#organization"},"potentialAction":[{"@type":"SearchAction","target":{"@type":"EntryPoint","urlTemplate":"https:\/\/onevetgroup.pt\/cvmarco\/?s={search_term_string}"},"query-input":{"@type":"PropertyValueSpecification","valueRequired":true,"valueName":"search_term_string"}}],"inLanguage":"pt-PT"},{"@type":"Organization","@id":"https:\/\/onevetgroup.pt\/cvmarco\/#organization","name":"marco","url":"https:\/\/onevetgroup.pt\/cvmarco\/","logo":{"@type":"ImageObject","inLanguage":"pt-PT","@id":"https:\/\/onevetgroup.pt\/cvmarco\/#\/schema\/logo\/image\/","url":"https:\/\/onevetgroup.pt\/cvmarco\/wp-content\/uploads\/sites\/87\/2026\/01\/cropped-Logo_marco.png","contentUrl":"https:\/\/onevetgroup.pt\/cvmarco\/wp-content\/uploads\/sites\/87\/2026\/01\/cropped-Logo_marco.png","width":1839,"height":598,"caption":"marco"},"image":{"@id":"https:\/\/onevetgroup.pt\/cvmarco\/#\/schema\/logo\/image\/"}}]}},"_links":{"self":[{"href":"https:\/\/onevetgroup.pt\/cvmarco\/wp-json\/wp\/v2\/pages\/14037","targetHints":{"allow":["GET"]}}],"collection":[{"href":"https:\/\/onevetgroup.pt\/cvmarco\/wp-json\/wp\/v2\/pages"}],"about":[{"href":"https:\/\/onevetgroup.pt\/cvmarco\/wp-json\/wp\/v2\/types\/page"}],"author":[{"embeddable":true,"href":"https:\/\/onevetgroup.pt\/cvmarco\/wp-json\/wp\/v2\/users\/4"}],"replies":[{"embeddable":true,"href":"https:\/\/onevetgroup.pt\/cvmarco\/wp-json\/wp\/v2\/comments?post=14037"}],"version-history":[{"count":3,"href":"https:\/\/onevetgroup.pt\/cvmarco\/wp-json\/wp\/v2\/pages\/14037\/revisions"}],"predecessor-version":[{"id":20589,"href":"https:\/\/onevetgroup.pt\/cvmarco\/wp-json\/wp\/v2\/pages\/14037\/revisions\/20589"}],"up":[{"embeddable":true,"href":"https:\/\/onevetgroup.pt\/cvmarco\/wp-json\/wp\/v2\/pages\/14053"}],"wp:attachment":[{"href":"https:\/\/onevetgroup.pt\/cvmarco\/wp-json\/wp\/v2\/media?parent=14037"}],"curies":[{"name":"wp","href":"https:\/\/api.w.org\/{rel}","templated":true}]}}