{"id":14047,"date":"2021-02-08T15:29:03","date_gmt":"2021-02-08T15:29:03","guid":{"rendered":"http:\/\/onevet.pt\/porto\/grooming\/"},"modified":"2025-11-17T17:41:31","modified_gmt":"2025-11-17T17:41:31","slug":"grooming","status":"publish","type":"page","link":"https:\/\/onevetgroup.pt\/cvmarco\/servicos-veterinarios\/grooming\/","title":{"rendered":"Grooming"},"content":{"rendered":"\t\t<div data-elementor-type=\"wp-page\" data-elementor-id=\"14047\" class=\"elementor elementor-14047 elementor-465\" data-elementor-post-type=\"page\">\n\t\t\t\t\t\t<section class=\"elementor-section elementor-top-section elementor-element elementor-element-3b7f1f2 elementor-section-boxed elementor-section-height-default elementor-section-height-default\" data-id=\"3b7f1f2\" data-element_type=\"section\" id=\"main-sec\">\n\t\t\t\t\t\t<div class=\"elementor-container elementor-column-gap-default\">\n\t\t\t\t\t<div class=\"elementor-column elementor-col-100 elementor-top-column elementor-element elementor-element-138c88c\" data-id=\"138c88c\" data-element_type=\"column\">\n\t\t\t<div class=\"elementor-widget-wrap elementor-element-populated\">\n\t\t\t\t\t\t<div class=\"elementor-element elementor-element-ec83cf0 elementor-widget elementor-widget-section_titleleft\" data-id=\"ec83cf0\" data-element_type=\"widget\" data-widget_type=\"section_titleleft.default\">\n\t\t\t\t<div class=\"elementor-widget-container\">\n\t\t\t\t\t        <div class=\"ab_text-title fl-wrap\">\r\n            <h3>Porque \u00e9 o Grooming Importante?<\/h3><span class=\"section-separator fl-sec-sep\"><\/span>        <\/div>\r\n        \t\t\t\t<\/div>\n\t\t\t\t<\/div>\n\t\t\t\t\t<\/div>\n\t\t<\/div>\n\t\t\t\t\t<\/div>\n\t\t<\/section>\n\t\t\t\t<section class=\"elementor-section elementor-top-section elementor-element elementor-element-d993722 elementor-section-boxed elementor-section-height-default elementor-section-height-default\" data-id=\"d993722\" data-element_type=\"section\">\n\t\t\t\t\t\t<div class=\"elementor-container elementor-column-gap-default\">\n\t\t\t\t\t<div class=\"elementor-column elementor-col-50 elementor-top-column elementor-element elementor-element-065811d\" data-id=\"065811d\" data-element_type=\"column\">\n\t\t\t<div class=\"elementor-widget-wrap elementor-element-populated\">\n\t\t\t\t\t\t<div class=\"elementor-element elementor-element-63d99ac elementor-widget elementor-widget-text-editor\" data-id=\"63d99ac\" data-element_type=\"widget\" data-widget_type=\"text-editor.default\">\n\t\t\t\t<div class=\"elementor-widget-container\">\n\t\t\t\t\t\t\t\t\t<p>N\u00e3o \u00e9\u00a0s\u00f3 uma quest\u00e3o visual! O grooming \u00e9 essencial para a sa\u00fade e o bem-estar do seu animal de estima\u00e7\u00e3o. Negligenciar o grooming do seu animal de estima\u00e7\u00e3o pode conduzir a pelos compridos e emaranhados, que se podem tornar muito desconfort\u00e1veis, provocar determinadas doen\u00e7as de pele e aumentar a probabilidade de o seu animal de estima\u00e7\u00e3o apanhar pulgas ou piolhos.<\/p><p>Os nossos servi\u00e7os de grooming s\u00e3o pensados \u00e0 medida das necessidades do seu animal de estima\u00e7\u00e3o. Na <span data-sheets-value=\"{\" data-sheets-userformat=\"{\">Onevet Cl\u00ednica Veterin\u00e1ria do Marco <\/span>oferecemos servi\u00e7os para c\u00e3es e gatos, que ajudam a remover o pelo ca\u00eddo e a pele morta, para al\u00e9m de espalhar \u00f3leos naturais pela sua pelagem.<\/p><p>Os nossos especialistas acumulam experi\u00eancia no corte e estiliza\u00e7\u00e3o de, pelo menos, 200 c\u00e3es e gatos de todas as ra\u00e7as e tamanhos. Enquanto o seu animal de estima\u00e7\u00e3o goza dos nossos servi\u00e7os, o nosso especialista em grooming tamb\u00e9m ir\u00e1 verificar a presen\u00e7a de quaisquer irregularidades dermatol\u00f3gicas. Telefone-nos para conversarmos sobre qual dos servi\u00e7os que se seguem ser\u00e1 melhor para o seu animal de estima\u00e7\u00e3o.<\/p>\t\t\t\t\t\t\t\t<\/div>\n\t\t\t\t<\/div>\n\t\t\t\t\t<\/div>\n\t\t<\/div>\n\t\t\t\t<div class=\"elementor-column elementor-col-50 elementor-top-column elementor-element elementor-element-2048e61\" data-id=\"2048e61\" data-element_type=\"column\">\n\t\t\t<div class=\"elementor-widget-wrap elementor-element-populated\">\n\t\t\t\t\t\t<div class=\"elementor-element elementor-element-dc7c821 elementor-widget elementor-widget-image\" data-id=\"dc7c821\" data-element_type=\"widget\" data-widget_type=\"image.default\">\n\t\t\t\t<div class=\"elementor-widget-container\">\n\t\t\t\t\t\t\t\t\t\t\t\t\t\t\t<img fetchpriority=\"high\" width=\"724\" height=\"485\" class=\"attachment-large size-large wp-image-18230 lazy\" alt=\"\" data-src=\"https:\/\/onevetgroup.pt\/cvmarco\/wp-content\/uploads\/sites\/87\/2022\/07\/Pelu1.jpg\" data-lazy=\"https:\/\/onevetgroup.pt\/cvmarco\/wp-content\/uploads\/sites\/87\/2022\/07\/Pelu1.jpg\" \/>\t\t\t\t\t\t\t\t\t\t\t\t\t\t\t<\/div>\n\t\t\t\t<\/div>\n\t\t\t\t\t<\/div>\n\t\t<\/div>\n\t\t\t\t\t<\/div>\n\t\t<\/section>\n\t\t\t\t<section class=\"elementor-section elementor-top-section elementor-element elementor-element-c6e8d26 elementor-section-boxed elementor-section-height-default elementor-section-height-default\" data-id=\"c6e8d26\" data-element_type=\"section\">\n\t\t\t\t\t\t<div class=\"elementor-container elementor-column-gap-default\">\n\t\t\t\t\t<div class=\"elementor-column elementor-col-100 elementor-top-column elementor-element elementor-element-d92d362\" data-id=\"d92d362\" data-element_type=\"column\">\n\t\t\t<div class=\"elementor-widget-wrap elementor-element-populated\">\n\t\t\t\t\t\t<div class=\"elementor-element elementor-element-70fb1ad elementor-widget elementor-widget-section_titleleft\" data-id=\"70fb1ad\" data-element_type=\"widget\" data-widget_type=\"section_titleleft.default\">\n\t\t\t\t<div class=\"elementor-widget-container\">\n\t\t\t\t\t        <div class=\"ab_text-title fl-wrap\">\r\n            <h3>Os nossos Servi\u00e7os de Grooming<\/h3><span class=\"section-separator fl-sec-sep\"><\/span>        <\/div>\r\n        \t\t\t\t<\/div>\n\t\t\t\t<\/div>\n\t\t\t\t\t<\/div>\n\t\t<\/div>\n\t\t\t\t\t<\/div>\n\t\t<\/section>\n\t\t\t\t<section class=\"elementor-section elementor-top-section elementor-element elementor-element-149f379 elementor-section-boxed elementor-section-height-default elementor-section-height-default\" data-id=\"149f379\" data-element_type=\"section\">\n\t\t\t\t\t\t<div class=\"elementor-container elementor-column-gap-default\">\n\t\t\t\t\t<div class=\"elementor-column elementor-col-50 elementor-top-column elementor-element elementor-element-2a8ea5b\" data-id=\"2a8ea5b\" data-element_type=\"column\">\n\t\t\t<div class=\"elementor-widget-wrap elementor-element-populated\">\n\t\t\t\t\t\t<div class=\"elementor-element elementor-element-01118fc elementor-widget elementor-widget-image\" data-id=\"01118fc\" data-element_type=\"widget\" data-widget_type=\"image.default\">\n\t\t\t\t<div class=\"elementor-widget-container\">\n\t\t\t\t\t\t\t\t\t\t\t\t\t\t\t<img width=\"724\" height=\"486\" class=\"attachment-large size-large wp-image-18232 lazy\" alt=\"\" data-src=\"https:\/\/onevetgroup.pt\/cvmarco\/wp-content\/uploads\/sites\/87\/2022\/07\/Pelu2.jpg\" data-lazy=\"https:\/\/onevetgroup.pt\/cvmarco\/wp-content\/uploads\/sites\/87\/2022\/07\/Pelu2.jpg\" \/>\t\t\t\t\t\t\t\t\t\t\t\t\t\t\t<\/div>\n\t\t\t\t<\/div>\n\t\t\t\t\t<\/div>\n\t\t<\/div>\n\t\t\t\t<div class=\"elementor-column elementor-col-50 elementor-top-column elementor-element elementor-element-08b8459\" data-id=\"08b8459\" data-element_type=\"column\">\n\t\t\t<div class=\"elementor-widget-wrap elementor-element-populated\">\n\t\t\t\t\t\t<div class=\"elementor-element elementor-element-e1b240e elementor-widget elementor-widget-text-editor\" data-id=\"e1b240e\" data-element_type=\"widget\" data-widget_type=\"text-editor.default\">\n\t\t\t\t<div class=\"elementor-widget-container\">\n\t\t\t\t\t\t\t\t\t<ul>\n<li>Banho com infus\u00e3o de oxig\u00e9nio, utilizando um champ\u00f4 especial e amigo dos animais.<\/li>\n<li>Secagem suave<\/li>\n<li>Escovagem de 15 minutos<\/li>\n<li>Corte do pelo e remo\u00e7\u00e3o de n\u00f3s leve<\/li>\n<li>Leve aparadela do focinho<\/li>\n<li>Limpeza das orelhas, remo\u00e7\u00e3o de pelos e lavagem<\/li>\n<li>Corte de unhas e aparar dos pelos das patas<\/li>\n<li>Tosquia higi\u00e9nica<\/li>\n<li>Limpeza das gl\u00e2ndulas anais<\/li>\n<\/ul>\n\t\t\t\t\t\t\t\t<\/div>\n\t\t\t\t<\/div>\n\t\t\t\t\t<\/div>\n\t\t<\/div>\n\t\t\t\t\t<\/div>\n\t\t<\/section>\n\t\t\t\t<section class=\"elementor-section elementor-top-section elementor-element elementor-element-d95b36a elementor-section-boxed elementor-section-height-default elementor-section-height-default\" data-id=\"d95b36a\" data-element_type=\"section\">\n\t\t\t\t\t\t<div class=\"elementor-container elementor-column-gap-default\">\n\t\t\t\t\t<div class=\"elementor-column elementor-col-100 elementor-top-column elementor-element elementor-element-9820b30\" data-id=\"9820b30\" data-element_type=\"column\">\n\t\t\t<div class=\"elementor-widget-wrap elementor-element-populated\">\n\t\t\t\t\t\t<div class=\"elementor-element elementor-element-967a61a elementor-widget elementor-widget-text-editor\" data-id=\"967a61a\" data-element_type=\"widget\" data-widget_type=\"text-editor.default\">\n\t\t\t\t<div class=\"elementor-widget-container\">\n\t\t\t\t\t\t\t\t\t<blockquote><p>Sou uma dona superprotetora e fico muito ansiosa quando a minha cadela Alma &#8211; uma linda fox terrier de 2 anos &#8211; faz o grooming. Depois da minha primeira visita e com alguma prepara\u00e7\u00e3o pr\u00e9via (obrigada pelas dicas) a minha ansiedade em lev\u00e1-la ao servi\u00e7o de grooming foi resolvida. Ador\u00e1mos o vosso servi\u00e7o e a paix\u00e3o que demonstram e mal podemos esperar por vos voltar a ver.<\/p><p><i>Maria, L. (Tres Cantos)<\/i><\/p><\/blockquote>\t\t\t\t\t\t\t\t<\/div>\n\t\t\t\t<\/div>\n\t\t\t\t\t<\/div>\n\t\t<\/div>\n\t\t\t\t\t<\/div>\n\t\t<\/section>\n\t\t\t\t<section class=\"elementor-section elementor-top-section elementor-element elementor-element-49ff81c elementor-section-boxed elementor-section-height-default elementor-section-height-default\" data-id=\"49ff81c\" data-element_type=\"section\">\n\t\t\t\t\t\t<div class=\"elementor-container elementor-column-gap-default\">\n\t\t\t\t\t<div class=\"elementor-column elementor-col-100 elementor-top-column elementor-element elementor-element-1dff2ba\" data-id=\"1dff2ba\" data-element_type=\"column\">\n\t\t\t<div class=\"elementor-widget-wrap elementor-element-populated\">\n\t\t\t\t\t\t<div class=\"elementor-element elementor-element-9ea1c2e elementor-widget elementor-widget-section_titleleft\" data-id=\"9ea1c2e\" data-element_type=\"widget\" data-widget_type=\"section_titleleft.default\">\n\t\t\t\t<div class=\"elementor-widget-container\">\n\t\t\t\t\t        <div class=\"ab_text-title fl-wrap\">\r\n            <h3>Como Preparar o seu Animal de Estima\u00e7\u00e3o para o Grooming<\/h3><span class=\"section-separator fl-sec-sep\"><\/span>        <\/div>\r\n        \t\t\t\t<\/div>\n\t\t\t\t<\/div>\n\t\t\t\t<div class=\"elementor-element elementor-element-ac2f888 elementor-widget elementor-widget-text-editor\" data-id=\"ac2f888\" data-element_type=\"widget\" data-widget_type=\"text-editor.default\">\n\t\t\t\t<div class=\"elementor-widget-container\">\n\t\t\t\t\t\t\t\t\t<p>Primeiro recomendamos que se assegure de que o seu animal de estima\u00e7\u00e3o tem todas as vacinas necess\u00e1rias, pelo menos 48 horas antes da sua visita. Tamb\u00e9m recomendamos que fa\u00e7a uma lista de quaisquer preocupa\u00e7\u00f5es espec\u00edficas que possa ter como problemas de pele, irrita\u00e7\u00f5es cut\u00e2neas ou incha\u00e7os que possa ter detetado. Nada \u00e9 mais importante do que a sa\u00fade do seu animal de estima\u00e7\u00e3o, e \u00e9 fundamental que os donos de animais de estima\u00e7\u00e3o nos comuniquem de antem\u00e3o quaisquer problemas subjacentes ou necessidades espec\u00edficas.<\/p>\n<p>Depois, comece a habituar o seu animal de estima\u00e7\u00e3o \u00e0 experi\u00eancia do grooming fazendo algumas coisas espec\u00edficas: Em primeiro lugar, tocar nas patas do seu animal de estima\u00e7\u00e3o enquanto brincam e tocar noutras \u00e1reas com as quais n\u00e3o costuma estabelecer contacto diariamente, como o interior das orelhas ou mesmo entre os dedos. Tamb\u00e9m \u00e9 \u00fatil usar artigos dom\u00e9sticos comuns, como um secador para habituar o seu animal de estima\u00e7\u00e3o ao ru\u00eddo e \u00e0s vibra\u00e7\u00f5es de uma m\u00e1quina de tosquiar e lima de unhas. Ao faz\u00ea-lo, assegure-se de que o secador est\u00e1 regulado para velocidade e temperatura baixas e nunca aponte o secador diretamente para o focinho. Quanto mais confort\u00e1vel o seu animal se sentir previamente, melhor ser\u00e1 a experi\u00eancia &#8211; em especial se for a sua primeira visita.<\/p>\n<p>Tamb\u00e9m recomendamos que d\u00ea banho ao seu animal de estima\u00e7\u00e3o antes da visita e que escove o seu c\u00e3o em casa com regularidade. Isto n\u00e3o s\u00f3 o prepara para o sal\u00e3o como tamb\u00e9m lhe garante algum tempo dedicado a ele. Os banhos e escovagens regulares em casa tamb\u00e9m ajudam a manter o seu animal de estima\u00e7\u00e3o saud\u00e1vel e cuidado entre as visitas ao groomer.<\/p>\n<p>Para os estreantes &#8211; em especial os animais de estima\u00e7\u00e3o nervosos &#8211; sugerimos que, se poss\u00edvel, nos visitem para conhecer primeiro o groomer. Isso ajudar\u00e1 o seu animal de estima\u00e7\u00e3o a come\u00e7ar a desenvolver uma rela\u00e7\u00e3o e a habituar-se aos cheiros e aos sons.<\/p>\n<p>No dia do grooming, temos algumas sugest\u00f5es para ajudar a gerir os nervos do seu c\u00e3o. Primeiro pode levar o seu animal de estima\u00e7\u00e3o para um passeio no parque para c\u00e3es, para o ajudar a acalmar com algum exerc\u00edcio. E mesmo antes do grooming, pode ajudar o seu c\u00e3o a relaxar passando alguns minutos com ele, massajando-lhe as costas, as patas, a barriga e a cauda. Estas atividades podem ajudar a gerir a ansiedade e a preparar o seu animal de estima\u00e7\u00e3o para uma melhor experi\u00eancia de grooming.<\/p>\n\t\t\t\t\t\t\t\t<\/div>\n\t\t\t\t<\/div>\n\t\t\t\t\t<\/div>\n\t\t<\/div>\n\t\t\t\t\t<\/div>\n\t\t<\/section>\n\t\t\t\t<\/div>\n\t\t","protected":false},"excerpt":{"rendered":"<p>Porque \u00e9 o Grooming Importante? N\u00e3o \u00e9\u00a0s\u00f3 uma quest\u00e3o visual! O grooming \u00e9 essencial para a sa\u00fade e o bem-estar do seu animal de estima\u00e7\u00e3o. Negligenciar o grooming do seu animal de estima\u00e7\u00e3o pode conduzir a pelos compridos e emaranhados, que se podem tornar muito desconfort\u00e1veis, provocar determinadas doen\u00e7as de pele e aumentar a probabilidade &hellip; <\/p>\n","protected":false},"author":4,"featured_media":0,"parent":14053,"menu_order":0,"comment_status":"closed","ping_status":"closed","template":"page-fullwidth.php","meta":{"_acf_changed":false,"content-type":"","footnotes":""},"class_list":["post-14047","page","type-page","status-publish","hentry"],"acf":[],"yoast_head":"<!-- This site is optimized with the Yoast SEO plugin v26.2 - https:\/\/yoast.com\/wordpress\/plugins\/seo\/ -->\n<title>Grooming - marco<\/title>\n<meta name=\"robots\" content=\"index, follow, max-snippet:-1, max-image-preview:large, max-video-preview:-1\" \/>\n<link rel=\"canonical\" href=\"https:\/\/onevetgroup.pt\/cvmarco\/servicos-veterinarios\/grooming\/\" \/>\n<meta property=\"og:locale\" content=\"pt_PT\" \/>\n<meta property=\"og:type\" content=\"article\" \/>\n<meta property=\"og:title\" content=\"Grooming - marco\" \/>\n<meta property=\"og:description\" content=\"Porque \u00e9 o Grooming Importante? N\u00e3o \u00e9\u00a0s\u00f3 uma quest\u00e3o visual! O grooming \u00e9 essencial para a sa\u00fade e o bem-estar do seu animal de estima\u00e7\u00e3o. Negligenciar o grooming do seu animal de estima\u00e7\u00e3o pode conduzir a pelos compridos e emaranhados, que se podem tornar muito desconfort\u00e1veis, provocar determinadas doen\u00e7as de pele e aumentar a probabilidade &hellip;\" \/>\n<meta property=\"og:url\" content=\"https:\/\/onevetgroup.pt\/cvmarco\/servicos-veterinarios\/grooming\/\" \/>\n<meta property=\"og:site_name\" content=\"marco\" \/>\n<meta property=\"article:modified_time\" content=\"2025-11-17T17:41:31+00:00\" \/>\n<meta property=\"og:image\" content=\"https:\/\/onevetgroup.pt\/cvmarco\/wp-content\/uploads\/sites\/87\/2022\/07\/Pelu1.jpg\" \/>\n<meta name=\"twitter:card\" content=\"summary_large_image\" \/>\n<meta name=\"twitter:label1\" content=\"Tempo estimado de leitura\" \/>\n\t<meta name=\"twitter:data1\" content=\"4 minutos\" \/>\n<script type=\"application\/ld+json\" class=\"yoast-schema-graph\">{\"@context\":\"https:\/\/schema.org\",\"@graph\":[{\"@type\":\"WebPage\",\"@id\":\"https:\/\/onevetgroup.pt\/cvmarco\/servicos-veterinarios\/grooming\/\",\"url\":\"https:\/\/onevetgroup.pt\/cvmarco\/servicos-veterinarios\/grooming\/\",\"name\":\"Grooming - marco\",\"isPartOf\":{\"@id\":\"https:\/\/onevetgroup.pt\/cvmarco\/#website\"},\"primaryImageOfPage\":{\"@id\":\"https:\/\/onevetgroup.pt\/cvmarco\/servicos-veterinarios\/grooming\/#primaryimage\"},\"image\":{\"@id\":\"https:\/\/onevetgroup.pt\/cvmarco\/servicos-veterinarios\/grooming\/#primaryimage\"},\"thumbnailUrl\":\"https:\/\/onevetgroup.pt\/cvmarco\/wp-content\/uploads\/sites\/87\/2022\/07\/Pelu1.jpg\",\"datePublished\":\"2021-02-08T15:29:03+00:00\",\"dateModified\":\"2025-11-17T17:41:31+00:00\",\"breadcrumb\":{\"@id\":\"https:\/\/onevetgroup.pt\/cvmarco\/servicos-veterinarios\/grooming\/#breadcrumb\"},\"inLanguage\":\"pt-PT\",\"potentialAction\":[{\"@type\":\"ReadAction\",\"target\":[\"https:\/\/onevetgroup.pt\/cvmarco\/servicos-veterinarios\/grooming\/\"]}]},{\"@type\":\"ImageObject\",\"inLanguage\":\"pt-PT\",\"@id\":\"https:\/\/onevetgroup.pt\/cvmarco\/servicos-veterinarios\/grooming\/#primaryimage\",\"url\":\"https:\/\/onevetgroup.pt\/cvmarco\/wp-content\/uploads\/sites\/87\/2022\/07\/Pelu1.jpg\",\"contentUrl\":\"https:\/\/onevetgroup.pt\/cvmarco\/wp-content\/uploads\/sites\/87\/2022\/07\/Pelu1.jpg\",\"width\":974,\"height\":652},{\"@type\":\"BreadcrumbList\",\"@id\":\"https:\/\/onevetgroup.pt\/cvmarco\/servicos-veterinarios\/grooming\/#breadcrumb\",\"itemListElement\":[{\"@type\":\"ListItem\",\"position\":1,\"name\":\"Home\",\"item\":\"https:\/\/onevetgroup.pt\/cvmarco\/\"},{\"@type\":\"ListItem\",\"position\":2,\"name\":\"Servi\u00e7os de Cuidados para Animais de Estima\u00e7\u00e3o\",\"item\":\"https:\/\/onevetgroup.pt\/cvmarco\/servicos-veterinarios\/\"},{\"@type\":\"ListItem\",\"position\":3,\"name\":\"Grooming\"}]},{\"@type\":\"WebSite\",\"@id\":\"https:\/\/onevetgroup.pt\/cvmarco\/#website\",\"url\":\"https:\/\/onevetgroup.pt\/cvmarco\/\",\"name\":\"marco\",\"description\":\"Your Pets in Good Hands\",\"publisher\":{\"@id\":\"https:\/\/onevetgroup.pt\/cvmarco\/#organization\"},\"potentialAction\":[{\"@type\":\"SearchAction\",\"target\":{\"@type\":\"EntryPoint\",\"urlTemplate\":\"https:\/\/onevetgroup.pt\/cvmarco\/?s={search_term_string}\"},\"query-input\":{\"@type\":\"PropertyValueSpecification\",\"valueRequired\":true,\"valueName\":\"search_term_string\"}}],\"inLanguage\":\"pt-PT\"},{\"@type\":\"Organization\",\"@id\":\"https:\/\/onevetgroup.pt\/cvmarco\/#organization\",\"name\":\"marco\",\"url\":\"https:\/\/onevetgroup.pt\/cvmarco\/\",\"logo\":{\"@type\":\"ImageObject\",\"inLanguage\":\"pt-PT\",\"@id\":\"https:\/\/onevetgroup.pt\/cvmarco\/#\/schema\/logo\/image\/\",\"url\":\"https:\/\/onevetgroup.pt\/cvmarco\/wp-content\/uploads\/sites\/87\/2026\/01\/cropped-Logo_marco.png\",\"contentUrl\":\"https:\/\/onevetgroup.pt\/cvmarco\/wp-content\/uploads\/sites\/87\/2026\/01\/cropped-Logo_marco.png\",\"width\":1839,\"height\":598,\"caption\":\"marco\"},\"image\":{\"@id\":\"https:\/\/onevetgroup.pt\/cvmarco\/#\/schema\/logo\/image\/\"}}]}<\/script>\n<!-- \/ Yoast SEO plugin. -->","yoast_head_json":{"title":"Grooming - marco","robots":{"index":"index","follow":"follow","max-snippet":"max-snippet:-1","max-image-preview":"max-image-preview:large","max-video-preview":"max-video-preview:-1"},"canonical":"https:\/\/onevetgroup.pt\/cvmarco\/servicos-veterinarios\/grooming\/","og_locale":"pt_PT","og_type":"article","og_title":"Grooming - marco","og_description":"Porque \u00e9 o Grooming Importante? N\u00e3o \u00e9\u00a0s\u00f3 uma quest\u00e3o visual! O grooming \u00e9 essencial para a sa\u00fade e o bem-estar do seu animal de estima\u00e7\u00e3o. Negligenciar o grooming do seu animal de estima\u00e7\u00e3o pode conduzir a pelos compridos e emaranhados, que se podem tornar muito desconfort\u00e1veis, provocar determinadas doen\u00e7as de pele e aumentar a probabilidade &hellip;","og_url":"https:\/\/onevetgroup.pt\/cvmarco\/servicos-veterinarios\/grooming\/","og_site_name":"marco","article_modified_time":"2025-11-17T17:41:31+00:00","og_image":[{"url":"https:\/\/onevetgroup.pt\/cvmarco\/wp-content\/uploads\/sites\/87\/2022\/07\/Pelu1.jpg","type":"","width":"","height":""}],"twitter_card":"summary_large_image","twitter_misc":{"Tempo estimado de leitura":"4 minutos"},"schema":{"@context":"https:\/\/schema.org","@graph":[{"@type":"WebPage","@id":"https:\/\/onevetgroup.pt\/cvmarco\/servicos-veterinarios\/grooming\/","url":"https:\/\/onevetgroup.pt\/cvmarco\/servicos-veterinarios\/grooming\/","name":"Grooming - marco","isPartOf":{"@id":"https:\/\/onevetgroup.pt\/cvmarco\/#website"},"primaryImageOfPage":{"@id":"https:\/\/onevetgroup.pt\/cvmarco\/servicos-veterinarios\/grooming\/#primaryimage"},"image":{"@id":"https:\/\/onevetgroup.pt\/cvmarco\/servicos-veterinarios\/grooming\/#primaryimage"},"thumbnailUrl":"https:\/\/onevetgroup.pt\/cvmarco\/wp-content\/uploads\/sites\/87\/2022\/07\/Pelu1.jpg","datePublished":"2021-02-08T15:29:03+00:00","dateModified":"2025-11-17T17:41:31+00:00","breadcrumb":{"@id":"https:\/\/onevetgroup.pt\/cvmarco\/servicos-veterinarios\/grooming\/#breadcrumb"},"inLanguage":"pt-PT","potentialAction":[{"@type":"ReadAction","target":["https:\/\/onevetgroup.pt\/cvmarco\/servicos-veterinarios\/grooming\/"]}]},{"@type":"ImageObject","inLanguage":"pt-PT","@id":"https:\/\/onevetgroup.pt\/cvmarco\/servicos-veterinarios\/grooming\/#primaryimage","url":"https:\/\/onevetgroup.pt\/cvmarco\/wp-content\/uploads\/sites\/87\/2022\/07\/Pelu1.jpg","contentUrl":"https:\/\/onevetgroup.pt\/cvmarco\/wp-content\/uploads\/sites\/87\/2022\/07\/Pelu1.jpg","width":974,"height":652},{"@type":"BreadcrumbList","@id":"https:\/\/onevetgroup.pt\/cvmarco\/servicos-veterinarios\/grooming\/#breadcrumb","itemListElement":[{"@type":"ListItem","position":1,"name":"Home","item":"https:\/\/onevetgroup.pt\/cvmarco\/"},{"@type":"ListItem","position":2,"name":"Servi\u00e7os de Cuidados para Animais de Estima\u00e7\u00e3o","item":"https:\/\/onevetgroup.pt\/cvmarco\/servicos-veterinarios\/"},{"@type":"ListItem","position":3,"name":"Grooming"}]},{"@type":"WebSite","@id":"https:\/\/onevetgroup.pt\/cvmarco\/#website","url":"https:\/\/onevetgroup.pt\/cvmarco\/","name":"marco","description":"Your Pets in Good Hands","publisher":{"@id":"https:\/\/onevetgroup.pt\/cvmarco\/#organization"},"potentialAction":[{"@type":"SearchAction","target":{"@type":"EntryPoint","urlTemplate":"https:\/\/onevetgroup.pt\/cvmarco\/?s={search_term_string}"},"query-input":{"@type":"PropertyValueSpecification","valueRequired":true,"valueName":"search_term_string"}}],"inLanguage":"pt-PT"},{"@type":"Organization","@id":"https:\/\/onevetgroup.pt\/cvmarco\/#organization","name":"marco","url":"https:\/\/onevetgroup.pt\/cvmarco\/","logo":{"@type":"ImageObject","inLanguage":"pt-PT","@id":"https:\/\/onevetgroup.pt\/cvmarco\/#\/schema\/logo\/image\/","url":"https:\/\/onevetgroup.pt\/cvmarco\/wp-content\/uploads\/sites\/87\/2026\/01\/cropped-Logo_marco.png","contentUrl":"https:\/\/onevetgroup.pt\/cvmarco\/wp-content\/uploads\/sites\/87\/2026\/01\/cropped-Logo_marco.png","width":1839,"height":598,"caption":"marco"},"image":{"@id":"https:\/\/onevetgroup.pt\/cvmarco\/#\/schema\/logo\/image\/"}}]}},"_links":{"self":[{"href":"https:\/\/onevetgroup.pt\/cvmarco\/wp-json\/wp\/v2\/pages\/14047","targetHints":{"allow":["GET"]}}],"collection":[{"href":"https:\/\/onevetgroup.pt\/cvmarco\/wp-json\/wp\/v2\/pages"}],"about":[{"href":"https:\/\/onevetgroup.pt\/cvmarco\/wp-json\/wp\/v2\/types\/page"}],"author":[{"embeddable":true,"href":"https:\/\/onevetgroup.pt\/cvmarco\/wp-json\/wp\/v2\/users\/4"}],"replies":[{"embeddable":true,"href":"https:\/\/onevetgroup.pt\/cvmarco\/wp-json\/wp\/v2\/comments?post=14047"}],"version-history":[{"count":3,"href":"https:\/\/onevetgroup.pt\/cvmarco\/wp-json\/wp\/v2\/pages\/14047\/revisions"}],"predecessor-version":[{"id":20613,"href":"https:\/\/onevetgroup.pt\/cvmarco\/wp-json\/wp\/v2\/pages\/14047\/revisions\/20613"}],"up":[{"embeddable":true,"href":"https:\/\/onevetgroup.pt\/cvmarco\/wp-json\/wp\/v2\/pages\/14053"}],"wp:attachment":[{"href":"https:\/\/onevetgroup.pt\/cvmarco\/wp-json\/wp\/v2\/media?parent=14047"}],"curies":[{"name":"wp","href":"https:\/\/api.w.org\/{rel}","templated":true}]}}