{"id":14055,"date":"2021-02-08T15:29:05","date_gmt":"2021-02-08T15:29:05","guid":{"rendered":"http:\/\/onevet.pt\/porto\/cirurgia\/"},"modified":"2022-07-12T08:00:45","modified_gmt":"2022-07-12T08:00:45","slug":"cirurgia","status":"publish","type":"page","link":"https:\/\/onevetgroup.pt\/cvmarco\/servicos-veterinarios\/cirurgia\/","title":{"rendered":"Cirurgia"},"content":{"rendered":"\t\t<div data-elementor-type=\"wp-page\" data-elementor-id=\"14055\" class=\"elementor elementor-14055 elementor-819\" data-elementor-post-type=\"page\">\n\t\t\t\t\t\t<section class=\"elementor-section elementor-top-section elementor-element elementor-element-3b7f1f2 elementor-section-boxed elementor-section-height-default elementor-section-height-default\" data-id=\"3b7f1f2\" data-element_type=\"section\" id=\"main-sec\">\n\t\t\t\t\t\t<div class=\"elementor-container elementor-column-gap-default\">\n\t\t\t\t\t<div class=\"elementor-column elementor-col-100 elementor-top-column elementor-element elementor-element-138c88c\" data-id=\"138c88c\" data-element_type=\"column\">\n\t\t\t<div class=\"elementor-widget-wrap elementor-element-populated\">\n\t\t\t\t\t\t<div class=\"elementor-element elementor-element-ec83cf0 elementor-widget elementor-widget-section_titleleft\" data-id=\"ec83cf0\" data-element_type=\"widget\" data-widget_type=\"section_titleleft.default\">\n\t\t\t\t<div class=\"elementor-widget-container\">\n\t\t\t\t\t        <div class=\"ab_text-title fl-wrap\">\r\n            <h3>Servi\u00e7o de cirurgia e salas de opera\u00e7\u00f5es<\/h3>Na Onevet Cl\u00ednica Veterin\u00e1ria do Marco estamos equipados com salas pr\u00e9-operat\u00f3rias e cir\u00fargicas com equipamento anest\u00e9sico, monitoriza\u00e7\u00e3o, material avan\u00e7ado e pessoal qualificado para supervisionar com seguran\u00e7a todos os nossos doentes.<span class=\"section-separator fl-sec-sep\"><\/span>        <\/div>\r\n        \t\t\t\t<\/div>\n\t\t\t\t<\/div>\n\t\t\t\t\t<\/div>\n\t\t<\/div>\n\t\t\t\t\t<\/div>\n\t\t<\/section>\n\t\t\t\t<section class=\"elementor-section elementor-top-section elementor-element elementor-element-d993722 elementor-section-boxed elementor-section-height-default elementor-section-height-default\" data-id=\"d993722\" data-element_type=\"section\">\n\t\t\t\t\t\t<div class=\"elementor-container elementor-column-gap-wide\">\n\t\t\t\t\t<div class=\"elementor-column elementor-col-50 elementor-top-column elementor-element elementor-element-065811d\" data-id=\"065811d\" data-element_type=\"column\">\n\t\t\t<div class=\"elementor-widget-wrap elementor-element-populated\">\n\t\t\t\t\t\t<div class=\"elementor-element elementor-element-63d99ac elementor-widget elementor-widget-text-editor\" data-id=\"63d99ac\" data-element_type=\"widget\" data-widget_type=\"text-editor.default\">\n\t\t\t\t<div class=\"elementor-widget-container\">\n\t\t\t\t\t\t\t\t\t<p>Para garantir a sa\u00fade e o bem-estar do seu animal de estima\u00e7\u00e3o, est\u00e3o dispon\u00edveis na nossa cl\u00ednica algumas cirurgias de rotina e n\u00e3o t\u00e3o rotineiras. Procedimentos de cirurgia geral e alguns procedimentos de cirurgia mais avan\u00e7ada podem incluir cirurgias aos ouvidos, cirurgias dermatol\u00f3gicas, cirurgias aos membros, cirurgias orais e a maior parte das cirurgias dos tecidos moles. Estamos orgulhosos dos nossos profissionais dos cuidados dos animais de estima\u00e7\u00e3o e veterin\u00e1rios experientes e cuidadosos&nbsp;que est\u00e3o aqui para o ajudar e aos seus animais de estima\u00e7\u00e3o.<\/p>\n<p><b>Servi\u00e7os cir\u00fargicos<\/b><\/p>\n<ul>\n<li>Consulta com cirurgi\u00f5es certificados<\/li>\n<li>Tratamento cir\u00fargico de afe\u00e7\u00f5es ortop\u00e9dicas eletivas<\/li>\n<li>Repara\u00e7\u00e3o de fraturas e gest\u00e3o cir\u00fargica de les\u00f5es traum\u00e1ticas complexas<\/li>\n<li>Cirurgia de rotina dos tecidos moles &#8211; cistotomia, procedimentos abdominais e tor\u00e1cicos<\/li>\n<li>Cirurgia oncol\u00f3gica incluindo procedimentos dermatol\u00f3gicos e reconstrutivos<\/li>\n<li>Procedimentos laparosc\u00f3picos de rotina incluindo bi\u00f3psias ao f\u00edgado, ovariectomias, criptorquidias e gastropexias profil\u00e1ticas.<\/li>\n<li>Procedimentos laparosc\u00f3picos avan\u00e7ados<\/li>\n<li>Procedimentos toracosc\u00f3picos<\/li>\n<li>Procedimentos interventivos &#8211; coloca\u00e7\u00e3o de stent traqueal, coloca\u00e7\u00e3o de cateteres de stent uretrais e ureterais<\/li>\n<li>Substitui\u00e7\u00e3o de ancas<\/li>\n<\/ul>\n\t\t\t\t\t\t\t\t<\/div>\n\t\t\t\t<\/div>\n\t\t\t\t\t<\/div>\n\t\t<\/div>\n\t\t\t\t<div class=\"elementor-column elementor-col-50 elementor-top-column elementor-element elementor-element-2048e61\" data-id=\"2048e61\" data-element_type=\"column\">\n\t\t\t<div class=\"elementor-widget-wrap elementor-element-populated\">\n\t\t\t\t\t\t<div class=\"elementor-element elementor-element-dc7c821 elementor-widget elementor-widget-image\" data-id=\"dc7c821\" data-element_type=\"widget\" data-widget_type=\"image.default\">\n\t\t\t\t<div class=\"elementor-widget-container\">\n\t\t\t\t\t\t\t\t\t\t\t\t\t\t\t<img fetchpriority=\"high\" width=\"443\" height=\"671\" class=\"attachment-large size-large wp-image-18170 lazy\" alt=\"\" data-src=\"https:\/\/onevetgroup.pt\/cvmarco\/wp-content\/uploads\/sites\/87\/2022\/07\/Cirurgia.jpg\" data-lazy=\"https:\/\/onevetgroup.pt\/cvmarco\/wp-content\/uploads\/sites\/87\/2022\/07\/Cirurgia.jpg\" \/>\t\t\t\t\t\t\t\t\t\t\t\t\t\t\t<\/div>\n\t\t\t\t<\/div>\n\t\t\t\t\t<\/div>\n\t\t<\/div>\n\t\t\t\t\t<\/div>\n\t\t<\/section>\n\t\t\t\t<section class=\"elementor-section elementor-top-section elementor-element elementor-element-c6e8d26 elementor-section-boxed elementor-section-height-default elementor-section-height-default\" data-id=\"c6e8d26\" data-element_type=\"section\">\n\t\t\t\t\t\t<div class=\"elementor-container elementor-column-gap-default\">\n\t\t\t\t\t<div class=\"elementor-column elementor-col-100 elementor-top-column elementor-element elementor-element-d92d362\" data-id=\"d92d362\" data-element_type=\"column\">\n\t\t\t<div class=\"elementor-widget-wrap elementor-element-populated\">\n\t\t\t\t\t\t<div class=\"elementor-element elementor-element-70fb1ad elementor-widget elementor-widget-section_titleleft\" data-id=\"70fb1ad\" data-element_type=\"widget\" data-widget_type=\"section_titleleft.default\">\n\t\t\t\t<div class=\"elementor-widget-container\">\n\t\t\t\t\t        <div class=\"ab_text-title fl-wrap\">\r\n            <h3>Quando considerar a cirurgia?<\/h3><span class=\"section-separator fl-sec-sep\"><\/span>        <\/div>\r\n        \t\t\t\t<\/div>\n\t\t\t\t<\/div>\n\t\t\t\t\t<\/div>\n\t\t<\/div>\n\t\t\t\t\t<\/div>\n\t\t<\/section>\n\t\t\t\t<section class=\"elementor-section elementor-top-section elementor-element elementor-element-149f379 elementor-section-boxed elementor-section-height-default elementor-section-height-default\" data-id=\"149f379\" data-element_type=\"section\">\n\t\t\t\t\t\t<div class=\"elementor-container elementor-column-gap-wide\">\n\t\t\t\t\t<div class=\"elementor-column elementor-col-50 elementor-top-column elementor-element elementor-element-2a8ea5b\" data-id=\"2a8ea5b\" data-element_type=\"column\">\n\t\t\t<div class=\"elementor-widget-wrap elementor-element-populated\">\n\t\t\t\t\t\t<div class=\"elementor-element elementor-element-01118fc elementor-widget elementor-widget-image\" data-id=\"01118fc\" data-element_type=\"widget\" data-widget_type=\"image.default\">\n\t\t\t\t<div class=\"elementor-widget-container\">\n\t\t\t\t\t\t\t\t\t\t\t\t\t\t\t<img width=\"752\" height=\"524\" class=\"attachment-townhub-featured-image size-townhub-featured-image wp-image-18004 lazy\" alt=\"\" data-src=\"https:\/\/onevetgroup.pt\/cvmarco\/wp-content\/uploads\/sites\/87\/2022\/07\/Nos3-752x524.jpg\" data-lazy=\"https:\/\/onevetgroup.pt\/cvmarco\/wp-content\/uploads\/sites\/87\/2022\/07\/Nos3-752x524.jpg\" \/>\t\t\t\t\t\t\t\t\t\t\t\t\t\t\t<\/div>\n\t\t\t\t<\/div>\n\t\t\t\t\t<\/div>\n\t\t<\/div>\n\t\t\t\t<div class=\"elementor-column elementor-col-50 elementor-top-column elementor-element elementor-element-08b8459\" data-id=\"08b8459\" data-element_type=\"column\">\n\t\t\t<div class=\"elementor-widget-wrap elementor-element-populated\">\n\t\t\t\t\t\t<div class=\"elementor-element elementor-element-e1b240e elementor-widget elementor-widget-text-editor\" data-id=\"e1b240e\" data-element_type=\"widget\" data-widget_type=\"text-editor.default\">\n\t\t\t\t<div class=\"elementor-widget-container\">\n\t\t\t\t\t\t\t\t\t<ul><li><span data-sheets-value=\"{\" data-sheets-userformat=\"{\">Por les\u00f5es traumatol\u00f3gicas<br \/><\/span><\/li><li><span data-sheets-value=\"{\" data-sheets-userformat=\"{\">Diagn\u00f3stico e tratamento cir\u00fargico da claudica\u00e7\u00e3o<br \/><\/span><\/li><li><span data-sheets-value=\"{\" data-sheets-userformat=\"{\">Diagn\u00f3stico e tratamento das doen\u00e7as de desenvolvimento: displasia da anca e do cotovelo<\/span><\/li><li>Presen\u00e7a de tumores<\/li><li><span data-sheets-value=\"{\" data-sheets-userformat=\"{\">Abd\u00f3men agudo<br \/><\/span><\/li><li><span data-sheets-value=\"{\" data-sheets-userformat=\"{\">Doen\u00e7a do trato urin\u00e1rio<br \/><\/span><\/li><li><span data-sheets-value=\"{\" data-sheets-userformat=\"{\">Doen\u00e7a intrator\u00e1cica<\/span><\/li><li><span data-sheets-value=\"{\" data-sheets-userformat=\"{\">Doen\u00e7a das vias respirat\u00f3rias<br \/><\/span><\/li><li><span data-sheets-value=\"{\" data-sheets-userformat=\"{\">Tratamento de ferimentos complexos<br \/><\/span><\/li><li><span data-sheets-value=\"{\" data-sheets-userformat=\"{\">Tratamento preventivo minimamente invasivo<\/span><\/li><\/ul>\t\t\t\t\t\t\t\t<\/div>\n\t\t\t\t<\/div>\n\t\t\t\t\t<\/div>\n\t\t<\/div>\n\t\t\t\t\t<\/div>\n\t\t<\/section>\n\t\t\t\t<\/div>\n\t\t","protected":false},"excerpt":{"rendered":"<p>Servi\u00e7o de cirurgia e salas de opera\u00e7\u00f5es Na estamos equipados com salas pr\u00e9-operat\u00f3rias e cir\u00fargicas com equipamento anest\u00e9sico, monitoriza\u00e7\u00e3o, material avan\u00e7ado e pessoal qualificado para supervisionar com seguran\u00e7a todos os nossos doentes. Para garantir a sa\u00fade e o bem-estar do seu animal de estima\u00e7\u00e3o, est\u00e3o dispon\u00edveis na nossa cl\u00ednica algumas cirurgias de rotina e n\u00e3o &hellip; <\/p>\n","protected":false},"author":4,"featured_media":0,"parent":14053,"menu_order":0,"comment_status":"closed","ping_status":"closed","template":"page-fullwidth.php","meta":{"_acf_changed":false,"content-type":"","footnotes":""},"class_list":["post-14055","page","type-page","status-publish","hentry"],"acf":[],"yoast_head":"<!-- This site is optimized with the Yoast SEO plugin v26.2 - https:\/\/yoast.com\/wordpress\/plugins\/seo\/ -->\n<title>Cirurgia - marco<\/title>\n<meta name=\"robots\" content=\"index, follow, max-snippet:-1, max-image-preview:large, max-video-preview:-1\" \/>\n<link rel=\"canonical\" href=\"https:\/\/onevetgroup.pt\/cvmarco\/servicos-veterinarios\/cirurgia\/\" \/>\n<meta property=\"og:locale\" content=\"pt_PT\" \/>\n<meta property=\"og:type\" content=\"article\" \/>\n<meta property=\"og:title\" content=\"Cirurgia - marco\" \/>\n<meta property=\"og:description\" content=\"Servi\u00e7o de cirurgia e salas de opera\u00e7\u00f5es Na estamos equipados com salas pr\u00e9-operat\u00f3rias e cir\u00fargicas com equipamento anest\u00e9sico, monitoriza\u00e7\u00e3o, material avan\u00e7ado e pessoal qualificado para supervisionar com seguran\u00e7a todos os nossos doentes. Para garantir a sa\u00fade e o bem-estar do seu animal de estima\u00e7\u00e3o, est\u00e3o dispon\u00edveis na nossa cl\u00ednica algumas cirurgias de rotina e n\u00e3o &hellip;\" \/>\n<meta property=\"og:url\" content=\"https:\/\/onevetgroup.pt\/cvmarco\/servicos-veterinarios\/cirurgia\/\" \/>\n<meta property=\"og:site_name\" content=\"marco\" \/>\n<meta property=\"article:modified_time\" content=\"2022-07-12T08:00:45+00:00\" \/>\n<meta property=\"og:image\" content=\"https:\/\/onevet.pt\/porto\/wp-content\/uploads\/sites\/87\/2022\/07\/Cirurgia.jpg\" \/>\n<meta name=\"twitter:card\" content=\"summary_large_image\" \/>\n<meta name=\"twitter:label1\" content=\"Tempo estimado de leitura\" \/>\n\t<meta name=\"twitter:data1\" content=\"2 minutos\" \/>\n<script type=\"application\/ld+json\" class=\"yoast-schema-graph\">{\"@context\":\"https:\/\/schema.org\",\"@graph\":[{\"@type\":\"WebPage\",\"@id\":\"https:\/\/onevetgroup.pt\/cvmarco\/servicos-veterinarios\/cirurgia\/\",\"url\":\"https:\/\/onevetgroup.pt\/cvmarco\/servicos-veterinarios\/cirurgia\/\",\"name\":\"Cirurgia - marco\",\"isPartOf\":{\"@id\":\"https:\/\/onevetgroup.pt\/cvmarco\/#website\"},\"primaryImageOfPage\":{\"@id\":\"https:\/\/onevetgroup.pt\/cvmarco\/servicos-veterinarios\/cirurgia\/#primaryimage\"},\"image\":{\"@id\":\"https:\/\/onevetgroup.pt\/cvmarco\/servicos-veterinarios\/cirurgia\/#primaryimage\"},\"thumbnailUrl\":\"https:\/\/onevet.pt\/porto\/wp-content\/uploads\/sites\/87\/2022\/07\/Cirurgia.jpg\",\"datePublished\":\"2021-02-08T15:29:05+00:00\",\"dateModified\":\"2022-07-12T08:00:45+00:00\",\"breadcrumb\":{\"@id\":\"https:\/\/onevetgroup.pt\/cvmarco\/servicos-veterinarios\/cirurgia\/#breadcrumb\"},\"inLanguage\":\"pt-PT\",\"potentialAction\":[{\"@type\":\"ReadAction\",\"target\":[\"https:\/\/onevetgroup.pt\/cvmarco\/servicos-veterinarios\/cirurgia\/\"]}]},{\"@type\":\"ImageObject\",\"inLanguage\":\"pt-PT\",\"@id\":\"https:\/\/onevetgroup.pt\/cvmarco\/servicos-veterinarios\/cirurgia\/#primaryimage\",\"url\":\"https:\/\/onevet.pt\/porto\/wp-content\/uploads\/sites\/87\/2022\/07\/Cirurgia.jpg\",\"contentUrl\":\"https:\/\/onevet.pt\/porto\/wp-content\/uploads\/sites\/87\/2022\/07\/Cirurgia.jpg\"},{\"@type\":\"BreadcrumbList\",\"@id\":\"https:\/\/onevetgroup.pt\/cvmarco\/servicos-veterinarios\/cirurgia\/#breadcrumb\",\"itemListElement\":[{\"@type\":\"ListItem\",\"position\":1,\"name\":\"Home\",\"item\":\"https:\/\/onevetgroup.pt\/cvmarco\/\"},{\"@type\":\"ListItem\",\"position\":2,\"name\":\"Servi\u00e7os de Cuidados para Animais de Estima\u00e7\u00e3o\",\"item\":\"https:\/\/onevetgroup.pt\/cvmarco\/servicos-veterinarios\/\"},{\"@type\":\"ListItem\",\"position\":3,\"name\":\"Cirurgia\"}]},{\"@type\":\"WebSite\",\"@id\":\"https:\/\/onevetgroup.pt\/cvmarco\/#website\",\"url\":\"https:\/\/onevetgroup.pt\/cvmarco\/\",\"name\":\"marco\",\"description\":\"Your Pets in Good Hands\",\"publisher\":{\"@id\":\"https:\/\/onevetgroup.pt\/cvmarco\/#organization\"},\"potentialAction\":[{\"@type\":\"SearchAction\",\"target\":{\"@type\":\"EntryPoint\",\"urlTemplate\":\"https:\/\/onevetgroup.pt\/cvmarco\/?s={search_term_string}\"},\"query-input\":{\"@type\":\"PropertyValueSpecification\",\"valueRequired\":true,\"valueName\":\"search_term_string\"}}],\"inLanguage\":\"pt-PT\"},{\"@type\":\"Organization\",\"@id\":\"https:\/\/onevetgroup.pt\/cvmarco\/#organization\",\"name\":\"marco\",\"url\":\"https:\/\/onevetgroup.pt\/cvmarco\/\",\"logo\":{\"@type\":\"ImageObject\",\"inLanguage\":\"pt-PT\",\"@id\":\"https:\/\/onevetgroup.pt\/cvmarco\/#\/schema\/logo\/image\/\",\"url\":\"https:\/\/onevetgroup.pt\/cvmarco\/wp-content\/uploads\/sites\/87\/2026\/01\/cropped-Logo_marco.png\",\"contentUrl\":\"https:\/\/onevetgroup.pt\/cvmarco\/wp-content\/uploads\/sites\/87\/2026\/01\/cropped-Logo_marco.png\",\"width\":1839,\"height\":598,\"caption\":\"marco\"},\"image\":{\"@id\":\"https:\/\/onevetgroup.pt\/cvmarco\/#\/schema\/logo\/image\/\"}}]}<\/script>\n<!-- \/ Yoast SEO plugin. -->","yoast_head_json":{"title":"Cirurgia - marco","robots":{"index":"index","follow":"follow","max-snippet":"max-snippet:-1","max-image-preview":"max-image-preview:large","max-video-preview":"max-video-preview:-1"},"canonical":"https:\/\/onevetgroup.pt\/cvmarco\/servicos-veterinarios\/cirurgia\/","og_locale":"pt_PT","og_type":"article","og_title":"Cirurgia - marco","og_description":"Servi\u00e7o de cirurgia e salas de opera\u00e7\u00f5es Na estamos equipados com salas pr\u00e9-operat\u00f3rias e cir\u00fargicas com equipamento anest\u00e9sico, monitoriza\u00e7\u00e3o, material avan\u00e7ado e pessoal qualificado para supervisionar com seguran\u00e7a todos os nossos doentes. Para garantir a sa\u00fade e o bem-estar do seu animal de estima\u00e7\u00e3o, est\u00e3o dispon\u00edveis na nossa cl\u00ednica algumas cirurgias de rotina e n\u00e3o &hellip;","og_url":"https:\/\/onevetgroup.pt\/cvmarco\/servicos-veterinarios\/cirurgia\/","og_site_name":"marco","article_modified_time":"2022-07-12T08:00:45+00:00","og_image":[{"url":"https:\/\/onevet.pt\/porto\/wp-content\/uploads\/sites\/87\/2022\/07\/Cirurgia.jpg","type":"","width":"","height":""}],"twitter_card":"summary_large_image","twitter_misc":{"Tempo estimado de leitura":"2 minutos"},"schema":{"@context":"https:\/\/schema.org","@graph":[{"@type":"WebPage","@id":"https:\/\/onevetgroup.pt\/cvmarco\/servicos-veterinarios\/cirurgia\/","url":"https:\/\/onevetgroup.pt\/cvmarco\/servicos-veterinarios\/cirurgia\/","name":"Cirurgia - marco","isPartOf":{"@id":"https:\/\/onevetgroup.pt\/cvmarco\/#website"},"primaryImageOfPage":{"@id":"https:\/\/onevetgroup.pt\/cvmarco\/servicos-veterinarios\/cirurgia\/#primaryimage"},"image":{"@id":"https:\/\/onevetgroup.pt\/cvmarco\/servicos-veterinarios\/cirurgia\/#primaryimage"},"thumbnailUrl":"https:\/\/onevet.pt\/porto\/wp-content\/uploads\/sites\/87\/2022\/07\/Cirurgia.jpg","datePublished":"2021-02-08T15:29:05+00:00","dateModified":"2022-07-12T08:00:45+00:00","breadcrumb":{"@id":"https:\/\/onevetgroup.pt\/cvmarco\/servicos-veterinarios\/cirurgia\/#breadcrumb"},"inLanguage":"pt-PT","potentialAction":[{"@type":"ReadAction","target":["https:\/\/onevetgroup.pt\/cvmarco\/servicos-veterinarios\/cirurgia\/"]}]},{"@type":"ImageObject","inLanguage":"pt-PT","@id":"https:\/\/onevetgroup.pt\/cvmarco\/servicos-veterinarios\/cirurgia\/#primaryimage","url":"https:\/\/onevet.pt\/porto\/wp-content\/uploads\/sites\/87\/2022\/07\/Cirurgia.jpg","contentUrl":"https:\/\/onevet.pt\/porto\/wp-content\/uploads\/sites\/87\/2022\/07\/Cirurgia.jpg"},{"@type":"BreadcrumbList","@id":"https:\/\/onevetgroup.pt\/cvmarco\/servicos-veterinarios\/cirurgia\/#breadcrumb","itemListElement":[{"@type":"ListItem","position":1,"name":"Home","item":"https:\/\/onevetgroup.pt\/cvmarco\/"},{"@type":"ListItem","position":2,"name":"Servi\u00e7os de Cuidados para Animais de Estima\u00e7\u00e3o","item":"https:\/\/onevetgroup.pt\/cvmarco\/servicos-veterinarios\/"},{"@type":"ListItem","position":3,"name":"Cirurgia"}]},{"@type":"WebSite","@id":"https:\/\/onevetgroup.pt\/cvmarco\/#website","url":"https:\/\/onevetgroup.pt\/cvmarco\/","name":"marco","description":"Your Pets in Good Hands","publisher":{"@id":"https:\/\/onevetgroup.pt\/cvmarco\/#organization"},"potentialAction":[{"@type":"SearchAction","target":{"@type":"EntryPoint","urlTemplate":"https:\/\/onevetgroup.pt\/cvmarco\/?s={search_term_string}"},"query-input":{"@type":"PropertyValueSpecification","valueRequired":true,"valueName":"search_term_string"}}],"inLanguage":"pt-PT"},{"@type":"Organization","@id":"https:\/\/onevetgroup.pt\/cvmarco\/#organization","name":"marco","url":"https:\/\/onevetgroup.pt\/cvmarco\/","logo":{"@type":"ImageObject","inLanguage":"pt-PT","@id":"https:\/\/onevetgroup.pt\/cvmarco\/#\/schema\/logo\/image\/","url":"https:\/\/onevetgroup.pt\/cvmarco\/wp-content\/uploads\/sites\/87\/2026\/01\/cropped-Logo_marco.png","contentUrl":"https:\/\/onevetgroup.pt\/cvmarco\/wp-content\/uploads\/sites\/87\/2026\/01\/cropped-Logo_marco.png","width":1839,"height":598,"caption":"marco"},"image":{"@id":"https:\/\/onevetgroup.pt\/cvmarco\/#\/schema\/logo\/image\/"}}]}},"_links":{"self":[{"href":"https:\/\/onevetgroup.pt\/cvmarco\/wp-json\/wp\/v2\/pages\/14055","targetHints":{"allow":["GET"]}}],"collection":[{"href":"https:\/\/onevetgroup.pt\/cvmarco\/wp-json\/wp\/v2\/pages"}],"about":[{"href":"https:\/\/onevetgroup.pt\/cvmarco\/wp-json\/wp\/v2\/types\/page"}],"author":[{"embeddable":true,"href":"https:\/\/onevetgroup.pt\/cvmarco\/wp-json\/wp\/v2\/users\/4"}],"replies":[{"embeddable":true,"href":"https:\/\/onevetgroup.pt\/cvmarco\/wp-json\/wp\/v2\/comments?post=14055"}],"version-history":[{"count":0,"href":"https:\/\/onevetgroup.pt\/cvmarco\/wp-json\/wp\/v2\/pages\/14055\/revisions"}],"up":[{"embeddable":true,"href":"https:\/\/onevetgroup.pt\/cvmarco\/wp-json\/wp\/v2\/pages\/14053"}],"wp:attachment":[{"href":"https:\/\/onevetgroup.pt\/cvmarco\/wp-json\/wp\/v2\/media?parent=14055"}],"curies":[{"name":"wp","href":"https:\/\/api.w.org\/{rel}","templated":true}]}}