{"id":17840,"date":"2022-07-01T09:38:42","date_gmt":"2022-07-01T09:38:42","guid":{"rendered":"https:\/\/onevet.pt\/porto\/?page_id=17840"},"modified":"2026-01-05T14:24:41","modified_gmt":"2026-01-05T14:24:41","slug":"a-nossa-equipa","status":"publish","type":"page","link":"https:\/\/onevetgroup.pt\/cvmarco\/a-nossa-equipa\/","title":{"rendered":"A Nossa Equipa"},"content":{"rendered":"\t\t<div data-elementor-type=\"wp-page\" data-elementor-id=\"17840\" class=\"elementor elementor-17840\" data-elementor-post-type=\"page\">\n\t\t\t\t\t\t<section class=\"elementor-section elementor-top-section elementor-element elementor-element-2315038 pad-bot-0 elementor-section-boxed elementor-section-height-default elementor-section-height-default\" data-id=\"2315038\" data-element_type=\"section\" id=\"main-sec\" data-settings=\"{&quot;background_background&quot;:&quot;classic&quot;}\">\n\t\t\t\t\t\t<div class=\"elementor-container elementor-column-gap-default\">\n\t\t\t\t\t<div class=\"elementor-column elementor-col-100 elementor-top-column elementor-element elementor-element-35c75b2\" data-id=\"35c75b2\" data-element_type=\"column\">\n\t\t\t<div class=\"elementor-widget-wrap elementor-element-populated\">\n\t\t\t\t\t\t<div class=\"elementor-element elementor-element-28b1762 elementor-widget elementor-widget-text-editor\" data-id=\"28b1762\" data-element_type=\"widget\" data-widget_type=\"text-editor.default\">\n\t\t\t\t<div class=\"elementor-widget-container\">\n\t\t\t\t\t\t\t\t\t<section id=\"main-sec\" class=\"elementor-section elementor-top-section elementor-element elementor-element-2315038 pad-bot-0 elementor-section-boxed elementor-section-height-default elementor-section-height-default\" data-id=\"2315038\" data-element_type=\"section\" data-settings=\"{&quot;background_background&quot;:&quot;classic&quot;}\"><div class=\"elementor-container elementor-column-gap-default\"><div class=\"elementor-column elementor-col-100 elementor-top-column elementor-element elementor-element-35c75b2\" data-id=\"35c75b2\" data-element_type=\"column\"><div class=\"elementor-widget-wrap elementor-element-populated\"><div class=\"elementor-element elementor-element-28b1762 elementor-widget elementor-widget-text-editor\" data-id=\"28b1762\" data-element_type=\"widget\" data-widget_type=\"text-editor.default\"><div class=\"elementor-widget-container\"><p>A nossa voca\u00e7\u00e3o s\u00e3o os animais. \u00c9 com eles que nos preocupamos em lhes proporcionar uma melhor qualidade de vida e que nos centramos tamb\u00e9m em aplicar sempre a melhor medicina preventiva.<\/p><\/div><\/div><\/div><\/div><\/div><\/section>\t\t\t\t\t\t\t\t<\/div>\n\t\t\t\t<\/div>\n\t\t\t\t\t<\/div>\n\t\t<\/div>\n\t\t\t\t\t<\/div>\n\t\t<\/section>\n\t\t\t\t<section class=\"elementor-section elementor-top-section elementor-element elementor-element-0dd6769 team-member elementor-section-boxed elementor-section-height-default elementor-section-height-default\" data-id=\"0dd6769\" data-element_type=\"section\">\n\t\t\t\t\t\t<div class=\"elementor-container elementor-column-gap-default\">\n\t\t\t\t\t<div class=\"elementor-column elementor-col-100 elementor-top-column elementor-element elementor-element-c71e6ff\" data-id=\"c71e6ff\" data-element_type=\"column\">\n\t\t\t<div class=\"elementor-widget-wrap elementor-element-populated\">\n\t\t\t\t\t\t<div class=\"elementor-element elementor-element-6d64474 elementor-hidden-tablet elementor-hidden-phone elementor-widget elementor-widget-section_titleleft\" data-id=\"6d64474\" data-element_type=\"widget\" data-widget_type=\"section_titleleft.default\">\n\t\t\t\t<div class=\"elementor-widget-container\">\n\t\t\t\t\t        <div class=\"ab_text-title fl-wrap\">\r\n            <h3>M\u00e9dicos Veterin\u00e1rios<\/h3><span class=\"section-separator fl-sec-sep\"><\/span>        <\/div>\r\n        \t\t\t\t<\/div>\n\t\t\t\t<\/div>\n\t\t\t\t<section class=\"elementor-section elementor-inner-section elementor-element elementor-element-a133ae1 elementor-section-boxed elementor-section-height-default elementor-section-height-default\" data-id=\"a133ae1\" data-element_type=\"section\">\n\t\t\t\t\t\t<div class=\"elementor-container elementor-column-gap-default\">\n\t\t\t\t\t<div class=\"elementor-column elementor-col-25 elementor-inner-column elementor-element elementor-element-b682c4f\" data-id=\"b682c4f\" data-element_type=\"column\">\n\t\t\t<div class=\"elementor-widget-wrap elementor-element-populated\">\n\t\t\t\t\t\t<div class=\"elementor-element elementor-element-065be42 elementor-widget elementor-widget-team_box\" data-id=\"065be42\" data-element_type=\"widget\" data-widget_type=\"team_box.default\">\n\t\t\t\t<div class=\"elementor-widget-container\">\n\t\t\t\t\t            <div class=\"team-holder section-team fl-wrap\">\r\n                <div class=\"team-box-image\">\r\n                    <div class=\"team-photo\">\r\n                        <img decoding=\"async\" src=\"\" class=\"respimg\">                                    \r\n                    <\/div>\r\n                    <div class=\"team-info\">\r\n                        <h3><a href=\"\">Andreia Ribeiro<\/a><\/h3><h4>Diretora Cl\u00ednica \/ M\u00e9dica Veterin\u00e1ria<\/h4>                    <\/div>\r\n                <\/div>\r\n            <\/div>\r\n        \t\t\t\t<\/div>\n\t\t\t\t<\/div>\n\t\t\t\t\t<\/div>\n\t\t<\/div>\n\t\t\t\t<div class=\"elementor-column elementor-col-25 elementor-inner-column elementor-element elementor-element-036c411\" data-id=\"036c411\" data-element_type=\"column\">\n\t\t\t<div class=\"elementor-widget-wrap elementor-element-populated\">\n\t\t\t\t\t\t<div class=\"elementor-element elementor-element-3819996 elementor-widget elementor-widget-team_box\" data-id=\"3819996\" data-element_type=\"widget\" data-widget_type=\"team_box.default\">\n\t\t\t\t<div class=\"elementor-widget-container\">\n\t\t\t\t\t            <div class=\"team-holder section-team fl-wrap\">\r\n                <div class=\"team-box-image\">\r\n                    <div class=\"team-photo\">\r\n                        <img decoding=\"async\" src=\"\" class=\"respimg\">                                    \r\n                    <\/div>\r\n                    <div class=\"team-info\">\r\n                        <h3><a href=\"\">Sofia Soares<\/a><\/h3><h4>M\u00e9dica Veterin\u00e1ria<\/h4>                    <\/div>\r\n                <\/div>\r\n            <\/div>\r\n        \t\t\t\t<\/div>\n\t\t\t\t<\/div>\n\t\t\t\t\t<\/div>\n\t\t<\/div>\n\t\t\t\t<div class=\"elementor-column elementor-col-25 elementor-inner-column elementor-element elementor-element-f0e7d38\" data-id=\"f0e7d38\" data-element_type=\"column\">\n\t\t\t<div class=\"elementor-widget-wrap\">\n\t\t\t\t\t\t\t<\/div>\n\t\t<\/div>\n\t\t\t\t<div class=\"elementor-column elementor-col-25 elementor-inner-column elementor-element elementor-element-14f3329\" data-id=\"14f3329\" data-element_type=\"column\">\n\t\t\t<div class=\"elementor-widget-wrap\">\n\t\t\t\t\t\t\t<\/div>\n\t\t<\/div>\n\t\t\t\t\t<\/div>\n\t\t<\/section>\n\t\t\t\t\t<\/div>\n\t\t<\/div>\n\t\t\t\t\t<\/div>\n\t\t<\/section>\n\t\t\t\t<section class=\"elementor-section elementor-top-section elementor-element elementor-element-1db1688 team-member elementor-section-boxed elementor-section-height-default elementor-section-height-default\" data-id=\"1db1688\" data-element_type=\"section\">\n\t\t\t\t\t\t<div class=\"elementor-container elementor-column-gap-default\">\n\t\t\t\t\t<div class=\"elementor-column elementor-col-100 elementor-top-column elementor-element elementor-element-e3e55a5\" data-id=\"e3e55a5\" data-element_type=\"column\">\n\t\t\t<div class=\"elementor-widget-wrap elementor-element-populated\">\n\t\t\t\t\t\t<div class=\"elementor-element elementor-element-1f6eb1c elementor-hidden-tablet elementor-hidden-phone elementor-widget elementor-widget-section_titleleft\" data-id=\"1f6eb1c\" data-element_type=\"widget\" data-widget_type=\"section_titleleft.default\">\n\t\t\t\t<div class=\"elementor-widget-container\">\n\t\t\t\t\t        <div class=\"ab_text-title fl-wrap\">\r\n            <h3>Enfermeiros e auxiliares veterin\u00e1rios<\/h3><span class=\"section-separator fl-sec-sep\"><\/span>        <\/div>\r\n        \t\t\t\t<\/div>\n\t\t\t\t<\/div>\n\t\t\t\t<section class=\"elementor-section elementor-inner-section elementor-element elementor-element-49efcb6 elementor-section-boxed elementor-section-height-default elementor-section-height-default\" data-id=\"49efcb6\" data-element_type=\"section\">\n\t\t\t\t\t\t<div class=\"elementor-container elementor-column-gap-default\">\n\t\t\t\t\t<div class=\"elementor-column elementor-col-25 elementor-inner-column elementor-element elementor-element-0d6734b\" data-id=\"0d6734b\" data-element_type=\"column\">\n\t\t\t<div class=\"elementor-widget-wrap elementor-element-populated\">\n\t\t\t\t\t\t<div class=\"elementor-element elementor-element-7d55a67 elementor-widget elementor-widget-team_box\" data-id=\"7d55a67\" data-element_type=\"widget\" data-widget_type=\"team_box.default\">\n\t\t\t\t<div class=\"elementor-widget-container\">\n\t\t\t\t\t            <div class=\"team-holder section-team fl-wrap\">\r\n                <div class=\"team-box-image\">\r\n                    <div class=\"team-photo\">\r\n                        <img decoding=\"async\" src=\"\" class=\"respimg\">                                    \r\n                    <\/div>\r\n                    <div class=\"team-info\">\r\n                        <h3><a href=\"\">Liliana Moura<\/a><\/h3><h4>Enfermeira veterin\u00e1ria<\/h4>                    <\/div>\r\n                <\/div>\r\n            <\/div>\r\n        \t\t\t\t<\/div>\n\t\t\t\t<\/div>\n\t\t\t\t\t<\/div>\n\t\t<\/div>\n\t\t\t\t<div class=\"elementor-column elementor-col-25 elementor-inner-column elementor-element elementor-element-85debb2\" data-id=\"85debb2\" data-element_type=\"column\">\n\t\t\t<div class=\"elementor-widget-wrap elementor-element-populated\">\n\t\t\t\t\t\t<div class=\"elementor-element elementor-element-df28fc6 elementor-widget elementor-widget-team_box\" data-id=\"df28fc6\" data-element_type=\"widget\" data-widget_type=\"team_box.default\">\n\t\t\t\t<div class=\"elementor-widget-container\">\n\t\t\t\t\t            <div class=\"team-holder section-team fl-wrap\">\r\n                <div class=\"team-box-image\">\r\n                    <div class=\"team-photo\">\r\n                        <img decoding=\"async\" src=\"\" class=\"respimg\">                                    \r\n                    <\/div>\r\n                    <div class=\"team-info\">\r\n                        <h3><a href=\"\">In\u00eas Marante<\/a><\/h3><h4>Auxiliar veterin\u00e1ria<\/h4>                    <\/div>\r\n                <\/div>\r\n            <\/div>\r\n        \t\t\t\t<\/div>\n\t\t\t\t<\/div>\n\t\t\t\t\t<\/div>\n\t\t<\/div>\n\t\t\t\t<div class=\"elementor-column elementor-col-25 elementor-inner-column elementor-element elementor-element-578e770\" data-id=\"578e770\" data-element_type=\"column\">\n\t\t\t<div class=\"elementor-widget-wrap\">\n\t\t\t\t\t\t\t<\/div>\n\t\t<\/div>\n\t\t\t\t<div class=\"elementor-column elementor-col-25 elementor-inner-column elementor-element elementor-element-44ab0aa\" data-id=\"44ab0aa\" data-element_type=\"column\">\n\t\t\t<div class=\"elementor-widget-wrap\">\n\t\t\t\t\t\t\t<\/div>\n\t\t<\/div>\n\t\t\t\t\t<\/div>\n\t\t<\/section>\n\t\t\t\t\t<\/div>\n\t\t<\/div>\n\t\t\t\t\t<\/div>\n\t\t<\/section>\n\t\t\t\t<section class=\"elementor-section elementor-top-section elementor-element elementor-element-33121cf elementor-section-boxed elementor-section-height-default elementor-section-height-default\" data-id=\"33121cf\" data-element_type=\"section\">\n\t\t\t\t\t\t<div class=\"elementor-container elementor-column-gap-default\">\n\t\t\t\t\t<div class=\"elementor-column elementor-col-100 elementor-top-column elementor-element elementor-element-4c75a33\" data-id=\"4c75a33\" data-element_type=\"column\">\n\t\t\t<div class=\"elementor-widget-wrap\">\n\t\t\t\t\t\t\t<\/div>\n\t\t<\/div>\n\t\t\t\t\t<\/div>\n\t\t<\/section>\n\t\t\t\t<\/div>\n\t\t","protected":false},"excerpt":{"rendered":"<p>A nossa voca\u00e7\u00e3o s\u00e3o os animais. \u00c9 com eles que nos preocupamos em lhes proporcionar uma melhor qualidade de vida e que nos centramos tamb\u00e9m em aplicar sempre a melhor medicina preventiva. M\u00e9dicos Veterin\u00e1rios Andreia Ribeiro Diretora Cl\u00ednica \/ M\u00e9dica Veterin\u00e1ria Sofia Soares M\u00e9dica Veterin\u00e1ria Enfermeiros e auxiliares veterin\u00e1rios Liliana Moura Enfermeira veterin\u00e1ria In\u00eas Marante &hellip; <\/p>\n","protected":false},"author":61,"featured_media":0,"parent":0,"menu_order":0,"comment_status":"closed","ping_status":"closed","template":"page-fullwidth.php","meta":{"_acf_changed":false,"content-type":"","footnotes":""},"class_list":["post-17840","page","type-page","status-publish","hentry"],"acf":[],"yoast_head":"<!-- This site is optimized with the Yoast SEO plugin v26.2 - https:\/\/yoast.com\/wordpress\/plugins\/seo\/ -->\n<title>A Nossa Equipa - marco<\/title>\n<meta name=\"robots\" content=\"index, follow, max-snippet:-1, max-image-preview:large, max-video-preview:-1\" \/>\n<link rel=\"canonical\" href=\"https:\/\/onevetgroup.pt\/cvmarco\/a-nossa-equipa\/\" \/>\n<meta property=\"og:locale\" content=\"pt_PT\" \/>\n<meta property=\"og:type\" content=\"article\" \/>\n<meta property=\"og:title\" content=\"A Nossa Equipa - marco\" \/>\n<meta property=\"og:description\" content=\"A nossa voca\u00e7\u00e3o s\u00e3o os animais. \u00c9 com eles que nos preocupamos em lhes proporcionar uma melhor qualidade de vida e que nos centramos tamb\u00e9m em aplicar sempre a melhor medicina preventiva. M\u00e9dicos Veterin\u00e1rios Andreia Ribeiro Diretora Cl\u00ednica \/ M\u00e9dica Veterin\u00e1ria Sofia Soares M\u00e9dica Veterin\u00e1ria Enfermeiros e auxiliares veterin\u00e1rios Liliana Moura Enfermeira veterin\u00e1ria In\u00eas Marante &hellip;\" \/>\n<meta property=\"og:url\" content=\"https:\/\/onevetgroup.pt\/cvmarco\/a-nossa-equipa\/\" \/>\n<meta property=\"og:site_name\" content=\"marco\" \/>\n<meta property=\"article:modified_time\" content=\"2026-01-05T14:24:41+00:00\" \/>\n<meta name=\"twitter:card\" content=\"summary_large_image\" \/>\n<meta name=\"twitter:label1\" content=\"Tempo estimado de leitura\" \/>\n\t<meta name=\"twitter:data1\" content=\"2 minutos\" \/>\n<script type=\"application\/ld+json\" class=\"yoast-schema-graph\">{\"@context\":\"https:\/\/schema.org\",\"@graph\":[{\"@type\":\"WebPage\",\"@id\":\"https:\/\/onevetgroup.pt\/cvmarco\/a-nossa-equipa\/\",\"url\":\"https:\/\/onevetgroup.pt\/cvmarco\/a-nossa-equipa\/\",\"name\":\"A Nossa Equipa - marco\",\"isPartOf\":{\"@id\":\"https:\/\/onevetgroup.pt\/cvmarco\/#website\"},\"datePublished\":\"2022-07-01T09:38:42+00:00\",\"dateModified\":\"2026-01-05T14:24:41+00:00\",\"breadcrumb\":{\"@id\":\"https:\/\/onevetgroup.pt\/cvmarco\/a-nossa-equipa\/#breadcrumb\"},\"inLanguage\":\"pt-PT\",\"potentialAction\":[{\"@type\":\"ReadAction\",\"target\":[\"https:\/\/onevetgroup.pt\/cvmarco\/a-nossa-equipa\/\"]}]},{\"@type\":\"BreadcrumbList\",\"@id\":\"https:\/\/onevetgroup.pt\/cvmarco\/a-nossa-equipa\/#breadcrumb\",\"itemListElement\":[{\"@type\":\"ListItem\",\"position\":1,\"name\":\"Home\",\"item\":\"https:\/\/onevetgroup.pt\/cvmarco\/\"},{\"@type\":\"ListItem\",\"position\":2,\"name\":\"A Nossa Equipa\"}]},{\"@type\":\"WebSite\",\"@id\":\"https:\/\/onevetgroup.pt\/cvmarco\/#website\",\"url\":\"https:\/\/onevetgroup.pt\/cvmarco\/\",\"name\":\"marco\",\"description\":\"Your Pets in Good Hands\",\"publisher\":{\"@id\":\"https:\/\/onevetgroup.pt\/cvmarco\/#organization\"},\"potentialAction\":[{\"@type\":\"SearchAction\",\"target\":{\"@type\":\"EntryPoint\",\"urlTemplate\":\"https:\/\/onevetgroup.pt\/cvmarco\/?s={search_term_string}\"},\"query-input\":{\"@type\":\"PropertyValueSpecification\",\"valueRequired\":true,\"valueName\":\"search_term_string\"}}],\"inLanguage\":\"pt-PT\"},{\"@type\":\"Organization\",\"@id\":\"https:\/\/onevetgroup.pt\/cvmarco\/#organization\",\"name\":\"marco\",\"url\":\"https:\/\/onevetgroup.pt\/cvmarco\/\",\"logo\":{\"@type\":\"ImageObject\",\"inLanguage\":\"pt-PT\",\"@id\":\"https:\/\/onevetgroup.pt\/cvmarco\/#\/schema\/logo\/image\/\",\"url\":\"https:\/\/onevetgroup.pt\/cvmarco\/wp-content\/uploads\/sites\/87\/2026\/01\/cropped-Logo_marco.png\",\"contentUrl\":\"https:\/\/onevetgroup.pt\/cvmarco\/wp-content\/uploads\/sites\/87\/2026\/01\/cropped-Logo_marco.png\",\"width\":1839,\"height\":598,\"caption\":\"marco\"},\"image\":{\"@id\":\"https:\/\/onevetgroup.pt\/cvmarco\/#\/schema\/logo\/image\/\"}}]}<\/script>\n<!-- \/ Yoast SEO plugin. -->","yoast_head_json":{"title":"A Nossa Equipa - marco","robots":{"index":"index","follow":"follow","max-snippet":"max-snippet:-1","max-image-preview":"max-image-preview:large","max-video-preview":"max-video-preview:-1"},"canonical":"https:\/\/onevetgroup.pt\/cvmarco\/a-nossa-equipa\/","og_locale":"pt_PT","og_type":"article","og_title":"A Nossa Equipa - marco","og_description":"A nossa voca\u00e7\u00e3o s\u00e3o os animais. \u00c9 com eles que nos preocupamos em lhes proporcionar uma melhor qualidade de vida e que nos centramos tamb\u00e9m em aplicar sempre a melhor medicina preventiva. M\u00e9dicos Veterin\u00e1rios Andreia Ribeiro Diretora Cl\u00ednica \/ M\u00e9dica Veterin\u00e1ria Sofia Soares M\u00e9dica Veterin\u00e1ria Enfermeiros e auxiliares veterin\u00e1rios Liliana Moura Enfermeira veterin\u00e1ria In\u00eas Marante &hellip;","og_url":"https:\/\/onevetgroup.pt\/cvmarco\/a-nossa-equipa\/","og_site_name":"marco","article_modified_time":"2026-01-05T14:24:41+00:00","twitter_card":"summary_large_image","twitter_misc":{"Tempo estimado de leitura":"2 minutos"},"schema":{"@context":"https:\/\/schema.org","@graph":[{"@type":"WebPage","@id":"https:\/\/onevetgroup.pt\/cvmarco\/a-nossa-equipa\/","url":"https:\/\/onevetgroup.pt\/cvmarco\/a-nossa-equipa\/","name":"A Nossa Equipa - marco","isPartOf":{"@id":"https:\/\/onevetgroup.pt\/cvmarco\/#website"},"datePublished":"2022-07-01T09:38:42+00:00","dateModified":"2026-01-05T14:24:41+00:00","breadcrumb":{"@id":"https:\/\/onevetgroup.pt\/cvmarco\/a-nossa-equipa\/#breadcrumb"},"inLanguage":"pt-PT","potentialAction":[{"@type":"ReadAction","target":["https:\/\/onevetgroup.pt\/cvmarco\/a-nossa-equipa\/"]}]},{"@type":"BreadcrumbList","@id":"https:\/\/onevetgroup.pt\/cvmarco\/a-nossa-equipa\/#breadcrumb","itemListElement":[{"@type":"ListItem","position":1,"name":"Home","item":"https:\/\/onevetgroup.pt\/cvmarco\/"},{"@type":"ListItem","position":2,"name":"A Nossa Equipa"}]},{"@type":"WebSite","@id":"https:\/\/onevetgroup.pt\/cvmarco\/#website","url":"https:\/\/onevetgroup.pt\/cvmarco\/","name":"marco","description":"Your Pets in Good Hands","publisher":{"@id":"https:\/\/onevetgroup.pt\/cvmarco\/#organization"},"potentialAction":[{"@type":"SearchAction","target":{"@type":"EntryPoint","urlTemplate":"https:\/\/onevetgroup.pt\/cvmarco\/?s={search_term_string}"},"query-input":{"@type":"PropertyValueSpecification","valueRequired":true,"valueName":"search_term_string"}}],"inLanguage":"pt-PT"},{"@type":"Organization","@id":"https:\/\/onevetgroup.pt\/cvmarco\/#organization","name":"marco","url":"https:\/\/onevetgroup.pt\/cvmarco\/","logo":{"@type":"ImageObject","inLanguage":"pt-PT","@id":"https:\/\/onevetgroup.pt\/cvmarco\/#\/schema\/logo\/image\/","url":"https:\/\/onevetgroup.pt\/cvmarco\/wp-content\/uploads\/sites\/87\/2026\/01\/cropped-Logo_marco.png","contentUrl":"https:\/\/onevetgroup.pt\/cvmarco\/wp-content\/uploads\/sites\/87\/2026\/01\/cropped-Logo_marco.png","width":1839,"height":598,"caption":"marco"},"image":{"@id":"https:\/\/onevetgroup.pt\/cvmarco\/#\/schema\/logo\/image\/"}}]}},"_links":{"self":[{"href":"https:\/\/onevetgroup.pt\/cvmarco\/wp-json\/wp\/v2\/pages\/17840","targetHints":{"allow":["GET"]}}],"collection":[{"href":"https:\/\/onevetgroup.pt\/cvmarco\/wp-json\/wp\/v2\/pages"}],"about":[{"href":"https:\/\/onevetgroup.pt\/cvmarco\/wp-json\/wp\/v2\/types\/page"}],"author":[{"embeddable":true,"href":"https:\/\/onevetgroup.pt\/cvmarco\/wp-json\/wp\/v2\/users\/61"}],"replies":[{"embeddable":true,"href":"https:\/\/onevetgroup.pt\/cvmarco\/wp-json\/wp\/v2\/comments?post=17840"}],"version-history":[{"count":85,"href":"https:\/\/onevetgroup.pt\/cvmarco\/wp-json\/wp\/v2\/pages\/17840\/revisions"}],"predecessor-version":[{"id":20814,"href":"https:\/\/onevetgroup.pt\/cvmarco\/wp-json\/wp\/v2\/pages\/17840\/revisions\/20814"}],"wp:attachment":[{"href":"https:\/\/onevetgroup.pt\/cvmarco\/wp-json\/wp\/v2\/media?parent=17840"}],"curies":[{"name":"wp","href":"https:\/\/api.w.org\/{rel}","templated":true}]}}