{"id":17858,"date":"2022-07-01T10:23:44","date_gmt":"2022-07-01T10:23:44","guid":{"rendered":"https:\/\/onevet.pt\/porto\/?page_id=17858"},"modified":"2025-11-17T17:34:48","modified_gmt":"2025-11-17T17:34:48","slug":"medicina-geral","status":"publish","type":"page","link":"https:\/\/onevetgroup.pt\/cvmarco\/servicos-veterinarios\/medicina-geral\/","title":{"rendered":"Medicina Geral"},"content":{"rendered":"\t\t<div data-elementor-type=\"wp-page\" data-elementor-id=\"17858\" class=\"elementor elementor-17858 elementor-14595\" data-elementor-post-type=\"page\">\n\t\t\t\t\t\t<section class=\"elementor-section elementor-top-section elementor-element elementor-element-d993722 elementor-section-boxed elementor-section-height-default elementor-section-height-default\" data-id=\"d993722\" data-element_type=\"section\" id=\"main-sec\">\n\t\t\t\t\t\t<div class=\"elementor-container elementor-column-gap-default\">\n\t\t\t\t\t<div class=\"elementor-column elementor-col-100 elementor-top-column elementor-element elementor-element-065811d\" data-id=\"065811d\" data-element_type=\"column\">\n\t\t\t<div class=\"elementor-widget-wrap elementor-element-populated\">\n\t\t\t\t\t\t<div class=\"elementor-element elementor-element-63d99ac elementor-widget elementor-widget-text-editor\" data-id=\"63d99ac\" data-element_type=\"widget\" data-widget_type=\"text-editor.default\">\n\t\t\t\t<div class=\"elementor-widget-container\">\n\t\t\t\t\t\t\t\t\t<div class=\"ewa-rteLine\"><div class=\"ewa-rteLine\"><div class=\"ewa-rteLine\">A medicina geral constitui o primeiro n\u00edvel de aten\u00e7\u00e3o m\u00e9dica veterin\u00e1ria para os animais de estima\u00e7\u00e3o e \u00e9 fundamental para a preven\u00e7\u00e3o, dete\u00e7\u00e3o, tratamento e seguimento das doen\u00e7as. Na <span data-sheets-value=\"{\" data-sheets-userformat=\"{\">Onevet Cl\u00ednica Veterin\u00e1ria do Marco mediante a realiza\u00e7\u00e3o dos ensaios cl\u00ednicos necess\u00e1rios podemos diagnosticar as patologias de animal e iniciar um tratamento ou optar pelo seu encaminhamento para um especialista.<\/span><\/div><\/div><\/div>\t\t\t\t\t\t\t\t<\/div>\n\t\t\t\t<\/div>\n\t\t\t\t\t<\/div>\n\t\t<\/div>\n\t\t\t\t\t<\/div>\n\t\t<\/section>\n\t\t\t\t<section class=\"elementor-section elementor-top-section elementor-element elementor-element-0ac1dc6 elementor-section-boxed elementor-section-height-default elementor-section-height-default\" data-id=\"0ac1dc6\" data-element_type=\"section\">\n\t\t\t\t\t\t<div class=\"elementor-container elementor-column-gap-default\">\n\t\t\t\t\t<div class=\"elementor-column elementor-col-100 elementor-top-column elementor-element elementor-element-3652622\" data-id=\"3652622\" data-element_type=\"column\">\n\t\t\t<div class=\"elementor-widget-wrap elementor-element-populated\">\n\t\t\t\t\t\t<div class=\"elementor-element elementor-element-dc7c821 elementor-widget elementor-widget-image\" data-id=\"dc7c821\" data-element_type=\"widget\" data-widget_type=\"image.default\">\n\t\t\t\t<div class=\"elementor-widget-container\">\n\t\t\t\t\t\t\t\t\t\t\t\t\t\t\t<img fetchpriority=\"high\" width=\"724\" height=\"530\" class=\"attachment-medium_large size-medium_large wp-image-14619 lazy\" alt=\"\" data-src=\"https:\/\/onevetgroup.pt\/cvmarco\/wp-content\/uploads\/sites\/87\/2021\/06\/general-medicine-768x562.jpeg\" data-lazy=\"https:\/\/onevetgroup.pt\/cvmarco\/wp-content\/uploads\/sites\/87\/2021\/06\/general-medicine-768x562.jpeg\" \/>\t\t\t\t\t\t\t\t\t\t\t\t\t\t\t<\/div>\n\t\t\t\t<\/div>\n\t\t\t\t\t<\/div>\n\t\t<\/div>\n\t\t\t\t\t<\/div>\n\t\t<\/section>\n\t\t\t\t<\/div>\n\t\t","protected":false},"excerpt":{"rendered":"<p>A medicina geral constitui o primeiro n\u00edvel de aten\u00e7\u00e3o m\u00e9dica veterin\u00e1ria para os animais de estima\u00e7\u00e3o e \u00e9 fundamental para a preven\u00e7\u00e3o, dete\u00e7\u00e3o, tratamento e seguimento das doen\u00e7as. Na mediante a realiza\u00e7\u00e3o dos ensaios cl\u00ednicos necess\u00e1rios podemos diagnosticar as patologias de animal e iniciar um tratamento ou optar pelo seu encaminhamento para um especialista.<\/p>\n","protected":false},"author":61,"featured_media":0,"parent":14053,"menu_order":0,"comment_status":"closed","ping_status":"closed","template":"page-fullwidth.php","meta":{"_acf_changed":false,"content-type":"","footnotes":""},"class_list":["post-17858","page","type-page","status-publish","hentry"],"acf":[],"yoast_head":"<!-- This site is optimized with the Yoast SEO plugin v26.2 - https:\/\/yoast.com\/wordpress\/plugins\/seo\/ -->\n<title>Medicina Geral - marco<\/title>\n<meta name=\"robots\" content=\"index, follow, max-snippet:-1, max-image-preview:large, max-video-preview:-1\" \/>\n<link rel=\"canonical\" href=\"https:\/\/onevetgroup.pt\/cvmarco\/servicos-veterinarios\/medicina-geral\/\" \/>\n<meta property=\"og:locale\" content=\"pt_PT\" \/>\n<meta property=\"og:type\" content=\"article\" \/>\n<meta property=\"og:title\" content=\"Medicina Geral - marco\" \/>\n<meta property=\"og:description\" content=\"A medicina geral constitui o primeiro n\u00edvel de aten\u00e7\u00e3o m\u00e9dica veterin\u00e1ria para os animais de estima\u00e7\u00e3o e \u00e9 fundamental para a preven\u00e7\u00e3o, dete\u00e7\u00e3o, tratamento e seguimento das doen\u00e7as. Na mediante a realiza\u00e7\u00e3o dos ensaios cl\u00ednicos necess\u00e1rios podemos diagnosticar as patologias de animal e iniciar um tratamento ou optar pelo seu encaminhamento para um especialista.\" \/>\n<meta property=\"og:url\" content=\"https:\/\/onevetgroup.pt\/cvmarco\/servicos-veterinarios\/medicina-geral\/\" \/>\n<meta property=\"og:site_name\" content=\"marco\" \/>\n<meta property=\"article:modified_time\" content=\"2025-11-17T17:34:48+00:00\" \/>\n<meta property=\"og:image\" content=\"https:\/\/onevetgroup.pt\/cvmarco\/wp-content\/uploads\/sites\/87\/2021\/06\/general-medicine-768x562.jpeg\" \/>\n<meta name=\"twitter:card\" content=\"summary_large_image\" \/>\n<meta name=\"twitter:label1\" content=\"Tempo estimado de leitura\" \/>\n\t<meta name=\"twitter:data1\" content=\"1 minuto\" \/>\n<script type=\"application\/ld+json\" class=\"yoast-schema-graph\">{\"@context\":\"https:\/\/schema.org\",\"@graph\":[{\"@type\":\"WebPage\",\"@id\":\"https:\/\/onevetgroup.pt\/cvmarco\/servicos-veterinarios\/medicina-geral\/\",\"url\":\"https:\/\/onevetgroup.pt\/cvmarco\/servicos-veterinarios\/medicina-geral\/\",\"name\":\"Medicina Geral - marco\",\"isPartOf\":{\"@id\":\"https:\/\/onevetgroup.pt\/cvmarco\/#website\"},\"primaryImageOfPage\":{\"@id\":\"https:\/\/onevetgroup.pt\/cvmarco\/servicos-veterinarios\/medicina-geral\/#primaryimage\"},\"image\":{\"@id\":\"https:\/\/onevetgroup.pt\/cvmarco\/servicos-veterinarios\/medicina-geral\/#primaryimage\"},\"thumbnailUrl\":\"https:\/\/onevetgroup.pt\/cvmarco\/wp-content\/uploads\/sites\/87\/2021\/06\/general-medicine-768x562.jpeg\",\"datePublished\":\"2022-07-01T10:23:44+00:00\",\"dateModified\":\"2025-11-17T17:34:48+00:00\",\"breadcrumb\":{\"@id\":\"https:\/\/onevetgroup.pt\/cvmarco\/servicos-veterinarios\/medicina-geral\/#breadcrumb\"},\"inLanguage\":\"pt-PT\",\"potentialAction\":[{\"@type\":\"ReadAction\",\"target\":[\"https:\/\/onevetgroup.pt\/cvmarco\/servicos-veterinarios\/medicina-geral\/\"]}]},{\"@type\":\"ImageObject\",\"inLanguage\":\"pt-PT\",\"@id\":\"https:\/\/onevetgroup.pt\/cvmarco\/servicos-veterinarios\/medicina-geral\/#primaryimage\",\"url\":\"https:\/\/onevetgroup.pt\/cvmarco\/wp-content\/uploads\/sites\/87\/2021\/06\/general-medicine-768x562.jpeg\",\"contentUrl\":\"https:\/\/onevetgroup.pt\/cvmarco\/wp-content\/uploads\/sites\/87\/2021\/06\/general-medicine-768x562.jpeg\"},{\"@type\":\"BreadcrumbList\",\"@id\":\"https:\/\/onevetgroup.pt\/cvmarco\/servicos-veterinarios\/medicina-geral\/#breadcrumb\",\"itemListElement\":[{\"@type\":\"ListItem\",\"position\":1,\"name\":\"Home\",\"item\":\"https:\/\/onevetgroup.pt\/cvmarco\/\"},{\"@type\":\"ListItem\",\"position\":2,\"name\":\"Servi\u00e7os de Cuidados para Animais de Estima\u00e7\u00e3o\",\"item\":\"https:\/\/onevetgroup.pt\/cvmarco\/servicos-veterinarios\/\"},{\"@type\":\"ListItem\",\"position\":3,\"name\":\"Medicina Geral\"}]},{\"@type\":\"WebSite\",\"@id\":\"https:\/\/onevetgroup.pt\/cvmarco\/#website\",\"url\":\"https:\/\/onevetgroup.pt\/cvmarco\/\",\"name\":\"marco\",\"description\":\"Your Pets in Good Hands\",\"publisher\":{\"@id\":\"https:\/\/onevetgroup.pt\/cvmarco\/#organization\"},\"potentialAction\":[{\"@type\":\"SearchAction\",\"target\":{\"@type\":\"EntryPoint\",\"urlTemplate\":\"https:\/\/onevetgroup.pt\/cvmarco\/?s={search_term_string}\"},\"query-input\":{\"@type\":\"PropertyValueSpecification\",\"valueRequired\":true,\"valueName\":\"search_term_string\"}}],\"inLanguage\":\"pt-PT\"},{\"@type\":\"Organization\",\"@id\":\"https:\/\/onevetgroup.pt\/cvmarco\/#organization\",\"name\":\"marco\",\"url\":\"https:\/\/onevetgroup.pt\/cvmarco\/\",\"logo\":{\"@type\":\"ImageObject\",\"inLanguage\":\"pt-PT\",\"@id\":\"https:\/\/onevetgroup.pt\/cvmarco\/#\/schema\/logo\/image\/\",\"url\":\"https:\/\/onevetgroup.pt\/cvmarco\/wp-content\/uploads\/sites\/87\/2026\/01\/cropped-Logo_marco.png\",\"contentUrl\":\"https:\/\/onevetgroup.pt\/cvmarco\/wp-content\/uploads\/sites\/87\/2026\/01\/cropped-Logo_marco.png\",\"width\":1839,\"height\":598,\"caption\":\"marco\"},\"image\":{\"@id\":\"https:\/\/onevetgroup.pt\/cvmarco\/#\/schema\/logo\/image\/\"}}]}<\/script>\n<!-- \/ Yoast SEO plugin. -->","yoast_head_json":{"title":"Medicina Geral - marco","robots":{"index":"index","follow":"follow","max-snippet":"max-snippet:-1","max-image-preview":"max-image-preview:large","max-video-preview":"max-video-preview:-1"},"canonical":"https:\/\/onevetgroup.pt\/cvmarco\/servicos-veterinarios\/medicina-geral\/","og_locale":"pt_PT","og_type":"article","og_title":"Medicina Geral - marco","og_description":"A medicina geral constitui o primeiro n\u00edvel de aten\u00e7\u00e3o m\u00e9dica veterin\u00e1ria para os animais de estima\u00e7\u00e3o e \u00e9 fundamental para a preven\u00e7\u00e3o, dete\u00e7\u00e3o, tratamento e seguimento das doen\u00e7as. Na mediante a realiza\u00e7\u00e3o dos ensaios cl\u00ednicos necess\u00e1rios podemos diagnosticar as patologias de animal e iniciar um tratamento ou optar pelo seu encaminhamento para um especialista.","og_url":"https:\/\/onevetgroup.pt\/cvmarco\/servicos-veterinarios\/medicina-geral\/","og_site_name":"marco","article_modified_time":"2025-11-17T17:34:48+00:00","og_image":[{"url":"https:\/\/onevetgroup.pt\/cvmarco\/wp-content\/uploads\/sites\/87\/2021\/06\/general-medicine-768x562.jpeg","type":"","width":"","height":""}],"twitter_card":"summary_large_image","twitter_misc":{"Tempo estimado de leitura":"1 minuto"},"schema":{"@context":"https:\/\/schema.org","@graph":[{"@type":"WebPage","@id":"https:\/\/onevetgroup.pt\/cvmarco\/servicos-veterinarios\/medicina-geral\/","url":"https:\/\/onevetgroup.pt\/cvmarco\/servicos-veterinarios\/medicina-geral\/","name":"Medicina Geral - marco","isPartOf":{"@id":"https:\/\/onevetgroup.pt\/cvmarco\/#website"},"primaryImageOfPage":{"@id":"https:\/\/onevetgroup.pt\/cvmarco\/servicos-veterinarios\/medicina-geral\/#primaryimage"},"image":{"@id":"https:\/\/onevetgroup.pt\/cvmarco\/servicos-veterinarios\/medicina-geral\/#primaryimage"},"thumbnailUrl":"https:\/\/onevetgroup.pt\/cvmarco\/wp-content\/uploads\/sites\/87\/2021\/06\/general-medicine-768x562.jpeg","datePublished":"2022-07-01T10:23:44+00:00","dateModified":"2025-11-17T17:34:48+00:00","breadcrumb":{"@id":"https:\/\/onevetgroup.pt\/cvmarco\/servicos-veterinarios\/medicina-geral\/#breadcrumb"},"inLanguage":"pt-PT","potentialAction":[{"@type":"ReadAction","target":["https:\/\/onevetgroup.pt\/cvmarco\/servicos-veterinarios\/medicina-geral\/"]}]},{"@type":"ImageObject","inLanguage":"pt-PT","@id":"https:\/\/onevetgroup.pt\/cvmarco\/servicos-veterinarios\/medicina-geral\/#primaryimage","url":"https:\/\/onevetgroup.pt\/cvmarco\/wp-content\/uploads\/sites\/87\/2021\/06\/general-medicine-768x562.jpeg","contentUrl":"https:\/\/onevetgroup.pt\/cvmarco\/wp-content\/uploads\/sites\/87\/2021\/06\/general-medicine-768x562.jpeg"},{"@type":"BreadcrumbList","@id":"https:\/\/onevetgroup.pt\/cvmarco\/servicos-veterinarios\/medicina-geral\/#breadcrumb","itemListElement":[{"@type":"ListItem","position":1,"name":"Home","item":"https:\/\/onevetgroup.pt\/cvmarco\/"},{"@type":"ListItem","position":2,"name":"Servi\u00e7os de Cuidados para Animais de Estima\u00e7\u00e3o","item":"https:\/\/onevetgroup.pt\/cvmarco\/servicos-veterinarios\/"},{"@type":"ListItem","position":3,"name":"Medicina Geral"}]},{"@type":"WebSite","@id":"https:\/\/onevetgroup.pt\/cvmarco\/#website","url":"https:\/\/onevetgroup.pt\/cvmarco\/","name":"marco","description":"Your Pets in Good Hands","publisher":{"@id":"https:\/\/onevetgroup.pt\/cvmarco\/#organization"},"potentialAction":[{"@type":"SearchAction","target":{"@type":"EntryPoint","urlTemplate":"https:\/\/onevetgroup.pt\/cvmarco\/?s={search_term_string}"},"query-input":{"@type":"PropertyValueSpecification","valueRequired":true,"valueName":"search_term_string"}}],"inLanguage":"pt-PT"},{"@type":"Organization","@id":"https:\/\/onevetgroup.pt\/cvmarco\/#organization","name":"marco","url":"https:\/\/onevetgroup.pt\/cvmarco\/","logo":{"@type":"ImageObject","inLanguage":"pt-PT","@id":"https:\/\/onevetgroup.pt\/cvmarco\/#\/schema\/logo\/image\/","url":"https:\/\/onevetgroup.pt\/cvmarco\/wp-content\/uploads\/sites\/87\/2026\/01\/cropped-Logo_marco.png","contentUrl":"https:\/\/onevetgroup.pt\/cvmarco\/wp-content\/uploads\/sites\/87\/2026\/01\/cropped-Logo_marco.png","width":1839,"height":598,"caption":"marco"},"image":{"@id":"https:\/\/onevetgroup.pt\/cvmarco\/#\/schema\/logo\/image\/"}}]}},"_links":{"self":[{"href":"https:\/\/onevetgroup.pt\/cvmarco\/wp-json\/wp\/v2\/pages\/17858","targetHints":{"allow":["GET"]}}],"collection":[{"href":"https:\/\/onevetgroup.pt\/cvmarco\/wp-json\/wp\/v2\/pages"}],"about":[{"href":"https:\/\/onevetgroup.pt\/cvmarco\/wp-json\/wp\/v2\/types\/page"}],"author":[{"embeddable":true,"href":"https:\/\/onevetgroup.pt\/cvmarco\/wp-json\/wp\/v2\/users\/61"}],"replies":[{"embeddable":true,"href":"https:\/\/onevetgroup.pt\/cvmarco\/wp-json\/wp\/v2\/comments?post=17858"}],"version-history":[{"count":3,"href":"https:\/\/onevetgroup.pt\/cvmarco\/wp-json\/wp\/v2\/pages\/17858\/revisions"}],"predecessor-version":[{"id":20580,"href":"https:\/\/onevetgroup.pt\/cvmarco\/wp-json\/wp\/v2\/pages\/17858\/revisions\/20580"}],"up":[{"embeddable":true,"href":"https:\/\/onevetgroup.pt\/cvmarco\/wp-json\/wp\/v2\/pages\/14053"}],"wp:attachment":[{"href":"https:\/\/onevetgroup.pt\/cvmarco\/wp-json\/wp\/v2\/media?parent=17858"}],"curies":[{"name":"wp","href":"https:\/\/api.w.org\/{rel}","templated":true}]}}