{"id":17846,"date":"2022-07-01T09:40:57","date_gmt":"2022-07-01T09:40:57","guid":{"rendered":"https:\/\/onevet.pt\/porto\/?page_id=17846"},"modified":"2026-02-16T16:35:07","modified_gmt":"2026-02-16T16:35:07","slug":"instalacoes","status":"publish","type":"page","link":"https:\/\/onevetgroup.pt\/cvmontesburgos\/instalacoes\/","title":{"rendered":"Instala\u00e7\u00f5es"},"content":{"rendered":"\t\t<div data-elementor-type=\"wp-page\" data-elementor-id=\"17846\" class=\"elementor elementor-17846\" data-elementor-post-type=\"page\">\n\t\t\t\t\t\t<section class=\"elementor-section elementor-top-section elementor-element elementor-element-54cf215 pad-top-0 elementor-section-boxed elementor-section-height-default elementor-section-height-default\" data-id=\"54cf215\" data-element_type=\"section\" data-e-type=\"section\" id=\"main-sec\" data-settings=\"{&quot;background_background&quot;:&quot;classic&quot;}\">\n\t\t\t\t\t\t<div class=\"elementor-container elementor-column-gap-wide\">\n\t\t\t\t\t<div class=\"elementor-column elementor-col-100 elementor-top-column elementor-element elementor-element-d926441\" data-id=\"d926441\" data-element_type=\"column\" data-e-type=\"column\">\n\t\t\t<div class=\"elementor-widget-wrap elementor-element-populated\">\n\t\t\t\t\t\t<section class=\"elementor-section elementor-inner-section elementor-element elementor-element-98275a1 elementor-section-boxed elementor-section-height-default elementor-section-height-default\" data-id=\"98275a1\" data-element_type=\"section\" data-e-type=\"section\">\n\t\t\t\t\t\t<div class=\"elementor-container elementor-column-gap-default\">\n\t\t\t\t\t<div class=\"elementor-column elementor-col-50 elementor-inner-column elementor-element elementor-element-07b222c\" data-id=\"07b222c\" data-element_type=\"column\" data-e-type=\"column\">\n\t\t\t<div class=\"elementor-widget-wrap elementor-element-populated\">\n\t\t\t\t\t\t<div class=\"elementor-element elementor-element-44b52f4 elementor-widget elementor-widget-image\" data-id=\"44b52f4\" data-element_type=\"widget\" data-e-type=\"widget\" data-widget_type=\"image.default\">\n\t\t\t\t<div class=\"elementor-widget-container\">\n\t\t\t\t\t\t\t\t\t\t\t\t\t\t\t<img fetchpriority=\"high\" width=\"600\" height=\"400\" class=\"attachment-2048x2048 size-2048x2048 wp-image-20827 lazy\" alt=\"\" data-src=\"https:\/\/onevetgroup.pt\/cvmontesburgos\/wp-content\/uploads\/sites\/78\/2026\/02\/723.jpg\" data-lazy=\"https:\/\/onevetgroup.pt\/cvmontesburgos\/wp-content\/uploads\/sites\/78\/2026\/02\/723.jpg\" \/>\t\t\t\t\t\t\t\t\t\t\t\t\t\t\t<\/div>\n\t\t\t\t<\/div>\n\t\t\t\t\t<\/div>\n\t\t<\/div>\n\t\t\t\t<div class=\"elementor-column elementor-col-50 elementor-inner-column elementor-element elementor-element-e32254f\" data-id=\"e32254f\" data-element_type=\"column\" data-e-type=\"column\">\n\t\t\t<div class=\"elementor-widget-wrap elementor-element-populated\">\n\t\t\t\t\t\t<div class=\"elementor-element elementor-element-6494dd8 elementor-widget elementor-widget-text-editor\" data-id=\"6494dd8\" data-element_type=\"widget\" data-e-type=\"widget\" data-widget_type=\"text-editor.default\">\n\t\t\t\t<div class=\"elementor-widget-container\">\n\t\t\t\t\t\t\t\t\t<div class=\"ewa-rteLine\"><p>Clinica Veterin\u00e1ria Monte dos Burgos, privilegia um atendimento profissional, cuidado e personalizado, assim como o conforto e o bem estar dos seus pacientes. Apresenta um conjunto de caracter\u00edsticas que a destacam da maioria dos centros veterin\u00e1rios existente na \u00e1rea metropolitana do Porto, nomeadamente:<br \/>Equipamento de \u00faltima gera\u00e7\u00e3o em diversas \u00e1reas tais como, endoscopia, radiologia, ecografia, hematologia, anal\u00edtica de sangue e oftalmologia. Local de atendimento m\u00e9dico-veterin\u00e1rio dotado de amplos espa\u00e7os ao ar livre e divis\u00f5es amplas e com luz natural, com o objetivo de poder oferecer cuidados de sa\u00fade num ambiente o mais agrad\u00e1vel poss\u00edvel para pacientes e propriet\u00e1rios. Unidade Felina que consiste numa sec\u00e7\u00e3o da Cl\u00ednica exclusiva e espec\u00edfica s\u00f3 para gatos de modo a garantir o m\u00e1ximo de tranquilidade a estes pacientes. Atendimento de elevada qualidade associado ao registo inform\u00e1tico atualizado da informa\u00e7\u00e3o cl\u00ednica dos pacientes, em v\u00e1rios pontos de acesso. Servi\u00e7o inovador de hospedagem de c\u00e3es e de gatos, num ambiente acolhedor e confort\u00e1vel inserido numa cl\u00ednica veterin\u00e1ria e com supervis\u00e3o m\u00e9dico-veterin\u00e1ria permanente.<\/p><\/div>\t\t\t\t\t\t\t\t<\/div>\n\t\t\t\t<\/div>\n\t\t\t\t\t<\/div>\n\t\t<\/div>\n\t\t\t\t\t<\/div>\n\t\t<\/section>\n\t\t\t\t<section class=\"elementor-section elementor-inner-section elementor-element elementor-element-dde928b elementor-section-boxed elementor-section-height-default elementor-section-height-default\" data-id=\"dde928b\" data-element_type=\"section\" data-e-type=\"section\">\n\t\t\t\t\t\t<div class=\"elementor-container elementor-column-gap-default\">\n\t\t\t\t\t<div class=\"elementor-column elementor-col-50 elementor-inner-column elementor-element elementor-element-cc2bfd3\" data-id=\"cc2bfd3\" data-element_type=\"column\" data-e-type=\"column\">\n\t\t\t<div class=\"elementor-widget-wrap elementor-element-populated\">\n\t\t\t\t\t\t<div class=\"elementor-element elementor-element-ad87997 elementor-align-center elementor-widget elementor-widget-button\" data-id=\"ad87997\" data-element_type=\"widget\" data-e-type=\"widget\" data-widget_type=\"button.default\">\n\t\t\t\t<div class=\"elementor-widget-container\">\n\t\t\t\t\t\t\t\t\t<div class=\"elementor-button-wrapper\">\n\t\t\t\t\t<a class=\"elementor-button elementor-button-link elementor-size-sm\" href=\"\/cvmontesburgos\/a-nossa-equipa\/\">\n\t\t\t\t\t\t<span class=\"elementor-button-content-wrapper\">\n\t\t\t\t\t\t\t\t\t<span class=\"elementor-button-text\">A Nossa Equipa<\/span>\n\t\t\t\t\t<\/span>\n\t\t\t\t\t<\/a>\n\t\t\t\t<\/div>\n\t\t\t\t\t\t\t\t<\/div>\n\t\t\t\t<\/div>\n\t\t\t\t\t<\/div>\n\t\t<\/div>\n\t\t\t\t<div class=\"elementor-column elementor-col-50 elementor-inner-column elementor-element elementor-element-5abf707\" data-id=\"5abf707\" data-element_type=\"column\" data-e-type=\"column\">\n\t\t\t<div class=\"elementor-widget-wrap elementor-element-populated\">\n\t\t\t\t\t\t<div class=\"elementor-element elementor-element-48e57d7 elementor-align-center elementor-widget elementor-widget-button\" data-id=\"48e57d7\" data-element_type=\"widget\" data-e-type=\"widget\" data-widget_type=\"button.default\">\n\t\t\t\t<div class=\"elementor-widget-container\">\n\t\t\t\t\t\t\t\t\t<div class=\"elementor-button-wrapper\">\n\t\t\t\t\t<a class=\"elementor-button elementor-button-link elementor-size-sm\" href=\"\/cvmontesburgos\/servicos-veterinarios\/\">\n\t\t\t\t\t\t<span class=\"elementor-button-content-wrapper\">\n\t\t\t\t\t\t\t\t\t<span class=\"elementor-button-text\">Servi\u00e7os Veterin\u00e1rios<\/span>\n\t\t\t\t\t<\/span>\n\t\t\t\t\t<\/a>\n\t\t\t\t<\/div>\n\t\t\t\t\t\t\t\t<\/div>\n\t\t\t\t<\/div>\n\t\t\t\t\t<\/div>\n\t\t<\/div>\n\t\t\t\t\t<\/div>\n\t\t<\/section>\n\t\t\t\t\t<\/div>\n\t\t<\/div>\n\t\t\t\t\t<\/div>\n\t\t<\/section>\n\t\t\t\t<\/div>\n\t\t","protected":false},"excerpt":{"rendered":"<p>Clinica Veterin\u00e1ria Monte dos Burgos, privilegia um atendimento profissional, cuidado e personalizado, assim como o conforto e o bem estar dos seus pacientes. Apresenta um conjunto de caracter\u00edsticas que a destacam da maioria dos centros veterin\u00e1rios existente na \u00e1rea metropolitana do Porto, nomeadamente:Equipamento de \u00faltima gera\u00e7\u00e3o em diversas \u00e1reas tais como, endoscopia, radiologia, ecografia, hematologia, &hellip; <\/p>\n","protected":false},"author":61,"featured_media":0,"parent":0,"menu_order":0,"comment_status":"closed","ping_status":"closed","template":"page-fullwidth.php","meta":{"_acf_changed":false,"content-type":"","footnotes":""},"class_list":["post-17846","page","type-page","status-publish","hentry"],"acf":[],"yoast_head":"<!-- This site is optimized with the Yoast SEO plugin v27.4 - https:\/\/yoast.com\/product\/yoast-seo-wordpress\/ -->\n<title>Instala\u00e7\u00f5es - Monte dos Burgos<\/title>\n<meta name=\"robots\" content=\"index, follow, max-snippet:-1, max-image-preview:large, max-video-preview:-1\" \/>\n<link rel=\"canonical\" href=\"https:\/\/onevetgroup.pt\/cvmontesburgos\/instalacoes\/\" \/>\n<meta property=\"og:locale\" content=\"pt_PT\" \/>\n<meta property=\"og:type\" content=\"article\" \/>\n<meta property=\"og:title\" content=\"Instala\u00e7\u00f5es - Monte dos Burgos\" \/>\n<meta property=\"og:description\" content=\"Clinica Veterin\u00e1ria Monte dos Burgos, privilegia um atendimento profissional, cuidado e personalizado, assim como o conforto e o bem estar dos seus pacientes. Apresenta um conjunto de caracter\u00edsticas que a destacam da maioria dos centros veterin\u00e1rios existente na \u00e1rea metropolitana do Porto, nomeadamente:Equipamento de \u00faltima gera\u00e7\u00e3o em diversas \u00e1reas tais como, endoscopia, radiologia, ecografia, hematologia, &hellip;\" \/>\n<meta property=\"og:url\" content=\"https:\/\/onevetgroup.pt\/cvmontesburgos\/instalacoes\/\" \/>\n<meta property=\"og:site_name\" content=\"Monte dos Burgos\" \/>\n<meta property=\"article:modified_time\" content=\"2026-02-16T16:35:07+00:00\" \/>\n<meta property=\"og:image\" content=\"https:\/\/onevetgroup.pt\/cvmontesburgos\/wp-content\/uploads\/sites\/78\/2026\/02\/723.jpg\" \/>\n<meta name=\"twitter:card\" content=\"summary_large_image\" \/>\n<meta name=\"twitter:label1\" content=\"Tempo estimado de leitura\" \/>\n\t<meta name=\"twitter:data1\" content=\"2 minutos\" \/>\n<script type=\"application\/ld+json\" class=\"yoast-schema-graph\">{\"@context\":\"https:\\\/\\\/schema.org\",\"@graph\":[{\"@type\":\"WebPage\",\"@id\":\"https:\\\/\\\/onevetgroup.pt\\\/cvmontesburgos\\\/instalacoes\\\/\",\"url\":\"https:\\\/\\\/onevetgroup.pt\\\/cvmontesburgos\\\/instalacoes\\\/\",\"name\":\"Instala\u00e7\u00f5es - Monte dos Burgos\",\"isPartOf\":{\"@id\":\"https:\\\/\\\/onevetgroup.pt\\\/cvmontesburgos\\\/#website\"},\"primaryImageOfPage\":{\"@id\":\"https:\\\/\\\/onevetgroup.pt\\\/cvmontesburgos\\\/instalacoes\\\/#primaryimage\"},\"image\":{\"@id\":\"https:\\\/\\\/onevetgroup.pt\\\/cvmontesburgos\\\/instalacoes\\\/#primaryimage\"},\"thumbnailUrl\":\"https:\\\/\\\/onevetgroup.pt\\\/cvmontesburgos\\\/wp-content\\\/uploads\\\/sites\\\/78\\\/2026\\\/02\\\/723.jpg\",\"datePublished\":\"2022-07-01T09:40:57+00:00\",\"dateModified\":\"2026-02-16T16:35:07+00:00\",\"breadcrumb\":{\"@id\":\"https:\\\/\\\/onevetgroup.pt\\\/cvmontesburgos\\\/instalacoes\\\/#breadcrumb\"},\"inLanguage\":\"pt-PT\",\"potentialAction\":[{\"@type\":\"ReadAction\",\"target\":[\"https:\\\/\\\/onevetgroup.pt\\\/cvmontesburgos\\\/instalacoes\\\/\"]}]},{\"@type\":\"ImageObject\",\"inLanguage\":\"pt-PT\",\"@id\":\"https:\\\/\\\/onevetgroup.pt\\\/cvmontesburgos\\\/instalacoes\\\/#primaryimage\",\"url\":\"https:\\\/\\\/onevetgroup.pt\\\/cvmontesburgos\\\/wp-content\\\/uploads\\\/sites\\\/78\\\/2026\\\/02\\\/723.jpg\",\"contentUrl\":\"https:\\\/\\\/onevetgroup.pt\\\/cvmontesburgos\\\/wp-content\\\/uploads\\\/sites\\\/78\\\/2026\\\/02\\\/723.jpg\",\"width\":600,\"height\":400},{\"@type\":\"BreadcrumbList\",\"@id\":\"https:\\\/\\\/onevetgroup.pt\\\/cvmontesburgos\\\/instalacoes\\\/#breadcrumb\",\"itemListElement\":[{\"@type\":\"ListItem\",\"position\":1,\"name\":\"Home\",\"item\":\"https:\\\/\\\/onevetgroup.pt\\\/cvmontesburgos\\\/\"},{\"@type\":\"ListItem\",\"position\":2,\"name\":\"Instala\u00e7\u00f5es\"}]},{\"@type\":\"WebSite\",\"@id\":\"https:\\\/\\\/onevetgroup.pt\\\/cvmontesburgos\\\/#website\",\"url\":\"https:\\\/\\\/onevetgroup.pt\\\/cvmontesburgos\\\/\",\"name\":\"Monte dos Burgos\",\"description\":\"Your Pets in Good Hands\",\"publisher\":{\"@id\":\"https:\\\/\\\/onevetgroup.pt\\\/cvmontesburgos\\\/#organization\"},\"potentialAction\":[{\"@type\":\"SearchAction\",\"target\":{\"@type\":\"EntryPoint\",\"urlTemplate\":\"https:\\\/\\\/onevetgroup.pt\\\/cvmontesburgos\\\/?s={search_term_string}\"},\"query-input\":{\"@type\":\"PropertyValueSpecification\",\"valueRequired\":true,\"valueName\":\"search_term_string\"}}],\"inLanguage\":\"pt-PT\"},{\"@type\":\"Organization\",\"@id\":\"https:\\\/\\\/onevetgroup.pt\\\/cvmontesburgos\\\/#organization\",\"name\":\"Monte dos Burgos\",\"url\":\"https:\\\/\\\/onevetgroup.pt\\\/cvmontesburgos\\\/\",\"logo\":{\"@type\":\"ImageObject\",\"inLanguage\":\"pt-PT\",\"@id\":\"https:\\\/\\\/onevetgroup.pt\\\/cvmontesburgos\\\/#\\\/schema\\\/logo\\\/image\\\/\",\"url\":\"https:\\\/\\\/onevetgroup.pt\\\/cvmontesburgos\\\/wp-content\\\/uploads\\\/sites\\\/78\\\/2025\\\/10\\\/cropped-Logo_Montes_burgos.png\",\"contentUrl\":\"https:\\\/\\\/onevetgroup.pt\\\/cvmontesburgos\\\/wp-content\\\/uploads\\\/sites\\\/78\\\/2025\\\/10\\\/cropped-Logo_Montes_burgos.png\",\"width\":1292,\"height\":393,\"caption\":\"Monte dos Burgos\"},\"image\":{\"@id\":\"https:\\\/\\\/onevetgroup.pt\\\/cvmontesburgos\\\/#\\\/schema\\\/logo\\\/image\\\/\"}}]}<\/script>\n<!-- \/ Yoast SEO plugin. -->","yoast_head_json":{"title":"Instala\u00e7\u00f5es - Monte dos Burgos","robots":{"index":"index","follow":"follow","max-snippet":"max-snippet:-1","max-image-preview":"max-image-preview:large","max-video-preview":"max-video-preview:-1"},"canonical":"https:\/\/onevetgroup.pt\/cvmontesburgos\/instalacoes\/","og_locale":"pt_PT","og_type":"article","og_title":"Instala\u00e7\u00f5es - Monte dos Burgos","og_description":"Clinica Veterin\u00e1ria Monte dos Burgos, privilegia um atendimento profissional, cuidado e personalizado, assim como o conforto e o bem estar dos seus pacientes. Apresenta um conjunto de caracter\u00edsticas que a destacam da maioria dos centros veterin\u00e1rios existente na \u00e1rea metropolitana do Porto, nomeadamente:Equipamento de \u00faltima gera\u00e7\u00e3o em diversas \u00e1reas tais como, endoscopia, radiologia, ecografia, hematologia, &hellip;","og_url":"https:\/\/onevetgroup.pt\/cvmontesburgos\/instalacoes\/","og_site_name":"Monte dos Burgos","article_modified_time":"2026-02-16T16:35:07+00:00","og_image":[{"url":"https:\/\/onevetgroup.pt\/cvmontesburgos\/wp-content\/uploads\/sites\/78\/2026\/02\/723.jpg","type":"","width":"","height":""}],"twitter_card":"summary_large_image","twitter_misc":{"Tempo estimado de leitura":"2 minutos"},"schema":{"@context":"https:\/\/schema.org","@graph":[{"@type":"WebPage","@id":"https:\/\/onevetgroup.pt\/cvmontesburgos\/instalacoes\/","url":"https:\/\/onevetgroup.pt\/cvmontesburgos\/instalacoes\/","name":"Instala\u00e7\u00f5es - Monte dos Burgos","isPartOf":{"@id":"https:\/\/onevetgroup.pt\/cvmontesburgos\/#website"},"primaryImageOfPage":{"@id":"https:\/\/onevetgroup.pt\/cvmontesburgos\/instalacoes\/#primaryimage"},"image":{"@id":"https:\/\/onevetgroup.pt\/cvmontesburgos\/instalacoes\/#primaryimage"},"thumbnailUrl":"https:\/\/onevetgroup.pt\/cvmontesburgos\/wp-content\/uploads\/sites\/78\/2026\/02\/723.jpg","datePublished":"2022-07-01T09:40:57+00:00","dateModified":"2026-02-16T16:35:07+00:00","breadcrumb":{"@id":"https:\/\/onevetgroup.pt\/cvmontesburgos\/instalacoes\/#breadcrumb"},"inLanguage":"pt-PT","potentialAction":[{"@type":"ReadAction","target":["https:\/\/onevetgroup.pt\/cvmontesburgos\/instalacoes\/"]}]},{"@type":"ImageObject","inLanguage":"pt-PT","@id":"https:\/\/onevetgroup.pt\/cvmontesburgos\/instalacoes\/#primaryimage","url":"https:\/\/onevetgroup.pt\/cvmontesburgos\/wp-content\/uploads\/sites\/78\/2026\/02\/723.jpg","contentUrl":"https:\/\/onevetgroup.pt\/cvmontesburgos\/wp-content\/uploads\/sites\/78\/2026\/02\/723.jpg","width":600,"height":400},{"@type":"BreadcrumbList","@id":"https:\/\/onevetgroup.pt\/cvmontesburgos\/instalacoes\/#breadcrumb","itemListElement":[{"@type":"ListItem","position":1,"name":"Home","item":"https:\/\/onevetgroup.pt\/cvmontesburgos\/"},{"@type":"ListItem","position":2,"name":"Instala\u00e7\u00f5es"}]},{"@type":"WebSite","@id":"https:\/\/onevetgroup.pt\/cvmontesburgos\/#website","url":"https:\/\/onevetgroup.pt\/cvmontesburgos\/","name":"Monte dos Burgos","description":"Your Pets in Good Hands","publisher":{"@id":"https:\/\/onevetgroup.pt\/cvmontesburgos\/#organization"},"potentialAction":[{"@type":"SearchAction","target":{"@type":"EntryPoint","urlTemplate":"https:\/\/onevetgroup.pt\/cvmontesburgos\/?s={search_term_string}"},"query-input":{"@type":"PropertyValueSpecification","valueRequired":true,"valueName":"search_term_string"}}],"inLanguage":"pt-PT"},{"@type":"Organization","@id":"https:\/\/onevetgroup.pt\/cvmontesburgos\/#organization","name":"Monte dos Burgos","url":"https:\/\/onevetgroup.pt\/cvmontesburgos\/","logo":{"@type":"ImageObject","inLanguage":"pt-PT","@id":"https:\/\/onevetgroup.pt\/cvmontesburgos\/#\/schema\/logo\/image\/","url":"https:\/\/onevetgroup.pt\/cvmontesburgos\/wp-content\/uploads\/sites\/78\/2025\/10\/cropped-Logo_Montes_burgos.png","contentUrl":"https:\/\/onevetgroup.pt\/cvmontesburgos\/wp-content\/uploads\/sites\/78\/2025\/10\/cropped-Logo_Montes_burgos.png","width":1292,"height":393,"caption":"Monte dos Burgos"},"image":{"@id":"https:\/\/onevetgroup.pt\/cvmontesburgos\/#\/schema\/logo\/image\/"}}]}},"_links":{"self":[{"href":"https:\/\/onevetgroup.pt\/cvmontesburgos\/wp-json\/wp\/v2\/pages\/17846","targetHints":{"allow":["GET"]}}],"collection":[{"href":"https:\/\/onevetgroup.pt\/cvmontesburgos\/wp-json\/wp\/v2\/pages"}],"about":[{"href":"https:\/\/onevetgroup.pt\/cvmontesburgos\/wp-json\/wp\/v2\/types\/page"}],"author":[{"embeddable":true,"href":"https:\/\/onevetgroup.pt\/cvmontesburgos\/wp-json\/wp\/v2\/users\/61"}],"replies":[{"embeddable":true,"href":"https:\/\/onevetgroup.pt\/cvmontesburgos\/wp-json\/wp\/v2\/comments?post=17846"}],"version-history":[{"count":19,"href":"https:\/\/onevetgroup.pt\/cvmontesburgos\/wp-json\/wp\/v2\/pages\/17846\/revisions"}],"predecessor-version":[{"id":20831,"href":"https:\/\/onevetgroup.pt\/cvmontesburgos\/wp-json\/wp\/v2\/pages\/17846\/revisions\/20831"}],"wp:attachment":[{"href":"https:\/\/onevetgroup.pt\/cvmontesburgos\/wp-json\/wp\/v2\/media?parent=17846"}],"curies":[{"name":"wp","href":"https:\/\/api.w.org\/{rel}","templated":true}]}}