{"id":14008,"date":"2021-02-08T15:28:59","date_gmt":"2021-02-08T15:28:59","guid":{"rendered":"http:\/\/onevet.pt\/porto\/sobre-nos\/"},"modified":"2026-01-20T17:33:38","modified_gmt":"2026-01-20T17:33:38","slug":"sobre-nos","status":"publish","type":"page","link":"https:\/\/onevetgroup.pt\/cvsantaapolonia\/sobre-nos\/","title":{"rendered":"Sobre N\u00f3s"},"content":{"rendered":"\t\t<div data-elementor-type=\"wp-page\" data-elementor-id=\"14008\" class=\"elementor elementor-14008 elementor-268\" data-elementor-post-type=\"page\">\n\t\t\t\t\t\t<section class=\"elementor-section elementor-top-section elementor-element elementor-element-54cf215 pad-top-0 elementor-section-boxed elementor-section-height-default elementor-section-height-default\" data-id=\"54cf215\" data-element_type=\"section\" data-settings=\"{&quot;background_background&quot;:&quot;classic&quot;}\">\n\t\t\t\t\t\t<div class=\"elementor-container elementor-column-gap-default\">\n\t\t\t\t\t<div class=\"elementor-column elementor-col-100 elementor-top-column elementor-element elementor-element-d926441\" data-id=\"d926441\" data-element_type=\"column\">\n\t\t\t<div class=\"elementor-widget-wrap elementor-element-populated\">\n\t\t\t\t\t\t<div class=\"elementor-element elementor-element-9725bcd elementor-widget elementor-widget-section_titleleft\" data-id=\"9725bcd\" data-element_type=\"widget\" data-widget_type=\"section_titleleft.default\">\n\t\t\t\t<div class=\"elementor-widget-container\">\n\t\t\t\t\t        <div class=\"ab_text-title fl-wrap\">\r\n            <h3>Onevet Cl\u00ednica Veterin\u00e1ria de Santa Apol\u00f3nia com Urg\u00eancias 24h, assegurado pelo Onevet Hospital Veterin\u00e1rio Universit\u00e1rio Coimbra<\/h3><h4>A Onevet Cl\u00ednica Veterin\u00e1ria de Santa Apol\u00f3nia abriu pela primeira vez as portas a 14 de Julho de 2008.<\/h4><span class=\"section-separator fl-sec-sep\"><\/span>        <\/div>\r\n        \t\t\t\t<\/div>\n\t\t\t\t<\/div>\n\t\t\t\t<section class=\"elementor-section elementor-inner-section elementor-element elementor-element-35814f4 elementor-section-full_width elementor-section-height-default elementor-section-height-default\" data-id=\"35814f4\" data-element_type=\"section\">\n\t\t\t\t\t\t<div class=\"elementor-container elementor-column-gap-wide\">\n\t\t\t\t\t<div class=\"elementor-column elementor-col-50 elementor-inner-column elementor-element elementor-element-7fa3f34\" data-id=\"7fa3f34\" data-element_type=\"column\">\n\t\t\t<div class=\"elementor-widget-wrap elementor-element-populated\">\n\t\t\t\t\t\t<div class=\"elementor-element elementor-element-9e79898 elementor-widget elementor-widget-image\" data-id=\"9e79898\" data-element_type=\"widget\" data-widget_type=\"image.default\">\n\t\t\t\t<div class=\"elementor-widget-container\">\n\t\t\t\t\t\t\t\t\t\t\t\t\t\t\t<img fetchpriority=\"high\" width=\"786\" height=\"524\" class=\"attachment-townhub-featured-image size-townhub-featured-image wp-image-20765 lazy\" alt=\"\" data-src=\"https:\/\/onevetgroup.pt\/cvsantaapolonia\/wp-content\/uploads\/sites\/90\/2026\/01\/veterinarian-taking-care-pet-dog-1-786x524.jpg\" data-lazy=\"https:\/\/onevetgroup.pt\/cvsantaapolonia\/wp-content\/uploads\/sites\/90\/2026\/01\/veterinarian-taking-care-pet-dog-1-786x524.jpg\" \/>\t\t\t\t\t\t\t\t\t\t\t\t\t\t\t<\/div>\n\t\t\t\t<\/div>\n\t\t\t\t\t<\/div>\n\t\t<\/div>\n\t\t\t\t<div class=\"elementor-column elementor-col-50 elementor-inner-column elementor-element elementor-element-202374d\" data-id=\"202374d\" data-element_type=\"column\">\n\t\t\t<div class=\"elementor-widget-wrap elementor-element-populated\">\n\t\t\t\t\t\t<div class=\"elementor-element elementor-element-3b393ce about-wrap elementor-widget elementor-widget-text-editor\" data-id=\"3b393ce\" data-element_type=\"widget\" data-widget_type=\"text-editor.default\">\n\t\t\t\t<div class=\"elementor-widget-container\">\n\t\t\t\t\t\t\t\t\t<div class=\"ewa-rteLine\"><div class=\"ewa-rteLine\"><p data-start=\"0\" data-end=\"322\">Inaugurou as suas instala\u00e7\u00f5es a 14 de julho de 2008 e a escolha da localiza\u00e7\u00e3o no Bairro de Santa Apol\u00f3nia teve como objetivo, numa fase inicial, colmatar a aus\u00eancia de qualquer unidade que, na zona norte da cidade de Coimbra, desse uma resposta cred\u00edvel \u00e0 necessidade de presta\u00e7\u00e3o de cuidados de sa\u00fade a pequenos animais. Sob a dire\u00e7\u00e3o cl\u00ednica da Dra. Ana Madeira, a Cl\u00ednica Veterin\u00e1ria de Santa Apol\u00f3nia disp\u00f5e de um corpo cl\u00ednico com s\u00f3lida forma\u00e7\u00e3o e vasta experi\u00eancia, recorrendo, sempre que necess\u00e1rio, \u00e0 colabora\u00e7\u00e3o de cl\u00ednicos de reconhecido m\u00e9rito em \u00e1reas altamente especializadas.<\/p><p data-start=\"594\" data-end=\"903\">Do ponto de vista tecnol\u00f3gico, a Cl\u00ednica Veterin\u00e1ria de Santa Apol\u00f3nia disp\u00f5e internamente dos meios adequados \u00e0 preven\u00e7\u00e3o, diagn\u00f3stico e tratamento de todo o tipo de patologias dos seus pacientes. Uma sala de cirurgia totalmente equipada permite a realiza\u00e7\u00e3o de qualquer tipo de cirurgia em pequenos animais.<\/p><p data-start=\"905\" data-end=\"1246\" data-is-last-node=\"\" data-is-only-node=\"\">Assumimos como compromisso prestar toda a informa\u00e7\u00e3o que permita aos tutores colaborar ativamente na preven\u00e7\u00e3o da doen\u00e7a dos seus animais de estima\u00e7\u00e3o, bem como participar em todas as decis\u00f5es que impliquem o recurso a qualquer meio de diagn\u00f3stico e\/ou tratamento. Afinal, o mais importante \u00e9 garantir o bem-estar do seu animal de estima\u00e7\u00e3o.<\/p><\/div><\/div>\t\t\t\t\t\t\t\t<\/div>\n\t\t\t\t<\/div>\n\t\t\t\t\t<\/div>\n\t\t<\/div>\n\t\t\t\t\t<\/div>\n\t\t<\/section>\n\t\t\t\t<section class=\"elementor-section elementor-inner-section elementor-element elementor-element-31d68ae elementor-section-boxed elementor-section-height-default elementor-section-height-default\" data-id=\"31d68ae\" data-element_type=\"section\">\n\t\t\t\t\t\t<div class=\"elementor-container elementor-column-gap-default\">\n\t\t\t\t\t<div class=\"elementor-column elementor-col-50 elementor-inner-column elementor-element elementor-element-8ddd41b\" data-id=\"8ddd41b\" data-element_type=\"column\">\n\t\t\t<div class=\"elementor-widget-wrap elementor-element-populated\">\n\t\t\t\t\t\t<div class=\"elementor-element elementor-element-c87b63e elementor-align-center elementor-widget elementor-widget-button\" data-id=\"c87b63e\" data-element_type=\"widget\" data-widget_type=\"button.default\">\n\t\t\t\t<div class=\"elementor-widget-container\">\n\t\t\t\t\t\t\t\t\t<div class=\"elementor-button-wrapper\">\n\t\t\t\t\t<a class=\"elementor-button elementor-button-link elementor-size-sm\" href=\"\/cvsantaapolonia\/instalacoes\/\">\n\t\t\t\t\t\t<span class=\"elementor-button-content-wrapper\">\n\t\t\t\t\t\t\t\t\t<span class=\"elementor-button-text\">As Nossas Instala\u00e7\u00f5es<\/span>\n\t\t\t\t\t<\/span>\n\t\t\t\t\t<\/a>\n\t\t\t\t<\/div>\n\t\t\t\t\t\t\t\t<\/div>\n\t\t\t\t<\/div>\n\t\t\t\t\t<\/div>\n\t\t<\/div>\n\t\t\t\t<div class=\"elementor-column elementor-col-50 elementor-inner-column elementor-element elementor-element-d044a7e\" data-id=\"d044a7e\" data-element_type=\"column\">\n\t\t\t<div class=\"elementor-widget-wrap elementor-element-populated\">\n\t\t\t\t\t\t<div class=\"elementor-element elementor-element-75ee515 elementor-align-center elementor-widget elementor-widget-button\" data-id=\"75ee515\" data-element_type=\"widget\" data-widget_type=\"button.default\">\n\t\t\t\t<div class=\"elementor-widget-container\">\n\t\t\t\t\t\t\t\t\t<div class=\"elementor-button-wrapper\">\n\t\t\t\t\t<a class=\"elementor-button elementor-button-link elementor-size-sm\" href=\"\/cvsantaapolonia\/a-nossa-equipa\/\">\n\t\t\t\t\t\t<span class=\"elementor-button-content-wrapper\">\n\t\t\t\t\t\t\t\t\t<span class=\"elementor-button-text\">A Nossa Equipa<\/span>\n\t\t\t\t\t<\/span>\n\t\t\t\t\t<\/a>\n\t\t\t\t<\/div>\n\t\t\t\t\t\t\t\t<\/div>\n\t\t\t\t<\/div>\n\t\t\t\t\t<\/div>\n\t\t<\/div>\n\t\t\t\t\t<\/div>\n\t\t<\/section>\n\t\t\t\t\t<\/div>\n\t\t<\/div>\n\t\t\t\t\t<\/div>\n\t\t<\/section>\n\t\t\t\t<\/div>\n\t\t","protected":false},"excerpt":{"rendered":"<p>Onevet Cl\u00ednica Veterin\u00e1ria de Santa Apol\u00f3nia com Urg\u00eancias 24h, assegurado pelo Onevet Hospital Veterin\u00e1rio Universit\u00e1rio Coimbra A Onevet Cl\u00ednica Veterin\u00e1ria de Santa Apol\u00f3nia abriu pela primeira vez as portas a 14 de Julho de 2008. Inaugurou as suas instala\u00e7\u00f5es a 14 de julho de 2008 e a escolha da localiza\u00e7\u00e3o no Bairro de Santa Apol\u00f3nia &hellip; <\/p>\n","protected":false},"author":1,"featured_media":0,"parent":0,"menu_order":0,"comment_status":"closed","ping_status":"closed","template":"page-fullwidth.php","meta":{"_acf_changed":false,"content-type":"","footnotes":""},"class_list":["post-14008","page","type-page","status-publish","hentry"],"acf":[],"yoast_head":"<!-- This site is optimized with the Yoast SEO plugin v26.2 - https:\/\/yoast.com\/wordpress\/plugins\/seo\/ -->\n<title>Sobre N\u00f3s - santa apol\u00f3nia<\/title>\n<meta name=\"robots\" content=\"index, follow, max-snippet:-1, max-image-preview:large, max-video-preview:-1\" \/>\n<link rel=\"canonical\" href=\"https:\/\/onevetgroup.pt\/cvsantaapolonia\/sobre-nos\/\" \/>\n<meta property=\"og:locale\" content=\"pt_PT\" \/>\n<meta property=\"og:type\" content=\"article\" \/>\n<meta property=\"og:title\" content=\"Sobre N\u00f3s - santa apol\u00f3nia\" \/>\n<meta property=\"og:description\" content=\"Onevet Cl\u00ednica Veterin\u00e1ria de Santa Apol\u00f3nia com Urg\u00eancias 24h, assegurado pelo Onevet Hospital Veterin\u00e1rio Universit\u00e1rio Coimbra A Onevet Cl\u00ednica Veterin\u00e1ria de Santa Apol\u00f3nia abriu pela primeira vez as portas a 14 de Julho de 2008. Inaugurou as suas instala\u00e7\u00f5es a 14 de julho de 2008 e a escolha da localiza\u00e7\u00e3o no Bairro de Santa Apol\u00f3nia &hellip;\" \/>\n<meta property=\"og:url\" content=\"https:\/\/onevetgroup.pt\/cvsantaapolonia\/sobre-nos\/\" \/>\n<meta property=\"og:site_name\" content=\"santa apol\u00f3nia\" \/>\n<meta property=\"article:modified_time\" content=\"2026-01-20T17:33:38+00:00\" \/>\n<meta property=\"og:image\" content=\"https:\/\/onevetgroup.pt\/cvsantaapolonia\/wp-content\/uploads\/sites\/90\/2026\/01\/veterinarian-taking-care-pet-dog-1-786x524.jpg\" \/>\n<meta name=\"twitter:card\" content=\"summary_large_image\" \/>\n<meta name=\"twitter:label1\" content=\"Tempo estimado de leitura\" \/>\n\t<meta name=\"twitter:data1\" content=\"2 minutos\" \/>\n<script type=\"application\/ld+json\" class=\"yoast-schema-graph\">{\"@context\":\"https:\/\/schema.org\",\"@graph\":[{\"@type\":\"WebPage\",\"@id\":\"https:\/\/onevetgroup.pt\/cvsantaapolonia\/sobre-nos\/\",\"url\":\"https:\/\/onevetgroup.pt\/cvsantaapolonia\/sobre-nos\/\",\"name\":\"Sobre N\u00f3s - santa apol\u00f3nia\",\"isPartOf\":{\"@id\":\"https:\/\/onevetgroup.pt\/cvsantaapolonia\/#website\"},\"primaryImageOfPage\":{\"@id\":\"https:\/\/onevetgroup.pt\/cvsantaapolonia\/sobre-nos\/#primaryimage\"},\"image\":{\"@id\":\"https:\/\/onevetgroup.pt\/cvsantaapolonia\/sobre-nos\/#primaryimage\"},\"thumbnailUrl\":\"https:\/\/onevetgroup.pt\/cvsantaapolonia\/wp-content\/uploads\/sites\/90\/2026\/01\/veterinarian-taking-care-pet-dog-1-786x524.jpg\",\"datePublished\":\"2021-02-08T15:28:59+00:00\",\"dateModified\":\"2026-01-20T17:33:38+00:00\",\"breadcrumb\":{\"@id\":\"https:\/\/onevetgroup.pt\/cvsantaapolonia\/sobre-nos\/#breadcrumb\"},\"inLanguage\":\"pt-PT\",\"potentialAction\":[{\"@type\":\"ReadAction\",\"target\":[\"https:\/\/onevetgroup.pt\/cvsantaapolonia\/sobre-nos\/\"]}]},{\"@type\":\"ImageObject\",\"inLanguage\":\"pt-PT\",\"@id\":\"https:\/\/onevetgroup.pt\/cvsantaapolonia\/sobre-nos\/#primaryimage\",\"url\":\"https:\/\/onevetgroup.pt\/cvsantaapolonia\/wp-content\/uploads\/sites\/90\/2026\/01\/veterinarian-taking-care-pet-dog-1.jpg\",\"contentUrl\":\"https:\/\/onevetgroup.pt\/cvsantaapolonia\/wp-content\/uploads\/sites\/90\/2026\/01\/veterinarian-taking-care-pet-dog-1.jpg\",\"width\":1024,\"height\":1536},{\"@type\":\"BreadcrumbList\",\"@id\":\"https:\/\/onevetgroup.pt\/cvsantaapolonia\/sobre-nos\/#breadcrumb\",\"itemListElement\":[{\"@type\":\"ListItem\",\"position\":1,\"name\":\"Home\",\"item\":\"https:\/\/onevetgroup.pt\/cvsantaapolonia\/\"},{\"@type\":\"ListItem\",\"position\":2,\"name\":\"Sobre N\u00f3s\"}]},{\"@type\":\"WebSite\",\"@id\":\"https:\/\/onevetgroup.pt\/cvsantaapolonia\/#website\",\"url\":\"https:\/\/onevetgroup.pt\/cvsantaapolonia\/\",\"name\":\"santa apol\u00f3nia\",\"description\":\"Your Pets in Good Hands\",\"publisher\":{\"@id\":\"https:\/\/onevetgroup.pt\/cvsantaapolonia\/#organization\"},\"potentialAction\":[{\"@type\":\"SearchAction\",\"target\":{\"@type\":\"EntryPoint\",\"urlTemplate\":\"https:\/\/onevetgroup.pt\/cvsantaapolonia\/?s={search_term_string}\"},\"query-input\":{\"@type\":\"PropertyValueSpecification\",\"valueRequired\":true,\"valueName\":\"search_term_string\"}}],\"inLanguage\":\"pt-PT\"},{\"@type\":\"Organization\",\"@id\":\"https:\/\/onevetgroup.pt\/cvsantaapolonia\/#organization\",\"name\":\"santa apol\u00f3nia\",\"url\":\"https:\/\/onevetgroup.pt\/cvsantaapolonia\/\",\"logo\":{\"@type\":\"ImageObject\",\"inLanguage\":\"pt-PT\",\"@id\":\"https:\/\/onevetgroup.pt\/cvsantaapolonia\/#\/schema\/logo\/image\/\",\"url\":\"https:\/\/onevetgroup.pt\/cvsantaapolonia\/wp-content\/uploads\/sites\/90\/2026\/02\/cropped-Logo_santa.png\",\"contentUrl\":\"https:\/\/onevetgroup.pt\/cvsantaapolonia\/wp-content\/uploads\/sites\/90\/2026\/02\/cropped-Logo_santa.png\",\"width\":1839,\"height\":511,\"caption\":\"santa apol\u00f3nia\"},\"image\":{\"@id\":\"https:\/\/onevetgroup.pt\/cvsantaapolonia\/#\/schema\/logo\/image\/\"}}]}<\/script>\n<!-- \/ Yoast SEO plugin. -->","yoast_head_json":{"title":"Sobre N\u00f3s - santa apol\u00f3nia","robots":{"index":"index","follow":"follow","max-snippet":"max-snippet:-1","max-image-preview":"max-image-preview:large","max-video-preview":"max-video-preview:-1"},"canonical":"https:\/\/onevetgroup.pt\/cvsantaapolonia\/sobre-nos\/","og_locale":"pt_PT","og_type":"article","og_title":"Sobre N\u00f3s - santa apol\u00f3nia","og_description":"Onevet Cl\u00ednica Veterin\u00e1ria de Santa Apol\u00f3nia com Urg\u00eancias 24h, assegurado pelo Onevet Hospital Veterin\u00e1rio Universit\u00e1rio Coimbra A Onevet Cl\u00ednica Veterin\u00e1ria de Santa Apol\u00f3nia abriu pela primeira vez as portas a 14 de Julho de 2008. Inaugurou as suas instala\u00e7\u00f5es a 14 de julho de 2008 e a escolha da localiza\u00e7\u00e3o no Bairro de Santa Apol\u00f3nia &hellip;","og_url":"https:\/\/onevetgroup.pt\/cvsantaapolonia\/sobre-nos\/","og_site_name":"santa apol\u00f3nia","article_modified_time":"2026-01-20T17:33:38+00:00","og_image":[{"url":"https:\/\/onevetgroup.pt\/cvsantaapolonia\/wp-content\/uploads\/sites\/90\/2026\/01\/veterinarian-taking-care-pet-dog-1-786x524.jpg","type":"","width":"","height":""}],"twitter_card":"summary_large_image","twitter_misc":{"Tempo estimado de leitura":"2 minutos"},"schema":{"@context":"https:\/\/schema.org","@graph":[{"@type":"WebPage","@id":"https:\/\/onevetgroup.pt\/cvsantaapolonia\/sobre-nos\/","url":"https:\/\/onevetgroup.pt\/cvsantaapolonia\/sobre-nos\/","name":"Sobre N\u00f3s - santa apol\u00f3nia","isPartOf":{"@id":"https:\/\/onevetgroup.pt\/cvsantaapolonia\/#website"},"primaryImageOfPage":{"@id":"https:\/\/onevetgroup.pt\/cvsantaapolonia\/sobre-nos\/#primaryimage"},"image":{"@id":"https:\/\/onevetgroup.pt\/cvsantaapolonia\/sobre-nos\/#primaryimage"},"thumbnailUrl":"https:\/\/onevetgroup.pt\/cvsantaapolonia\/wp-content\/uploads\/sites\/90\/2026\/01\/veterinarian-taking-care-pet-dog-1-786x524.jpg","datePublished":"2021-02-08T15:28:59+00:00","dateModified":"2026-01-20T17:33:38+00:00","breadcrumb":{"@id":"https:\/\/onevetgroup.pt\/cvsantaapolonia\/sobre-nos\/#breadcrumb"},"inLanguage":"pt-PT","potentialAction":[{"@type":"ReadAction","target":["https:\/\/onevetgroup.pt\/cvsantaapolonia\/sobre-nos\/"]}]},{"@type":"ImageObject","inLanguage":"pt-PT","@id":"https:\/\/onevetgroup.pt\/cvsantaapolonia\/sobre-nos\/#primaryimage","url":"https:\/\/onevetgroup.pt\/cvsantaapolonia\/wp-content\/uploads\/sites\/90\/2026\/01\/veterinarian-taking-care-pet-dog-1.jpg","contentUrl":"https:\/\/onevetgroup.pt\/cvsantaapolonia\/wp-content\/uploads\/sites\/90\/2026\/01\/veterinarian-taking-care-pet-dog-1.jpg","width":1024,"height":1536},{"@type":"BreadcrumbList","@id":"https:\/\/onevetgroup.pt\/cvsantaapolonia\/sobre-nos\/#breadcrumb","itemListElement":[{"@type":"ListItem","position":1,"name":"Home","item":"https:\/\/onevetgroup.pt\/cvsantaapolonia\/"},{"@type":"ListItem","position":2,"name":"Sobre N\u00f3s"}]},{"@type":"WebSite","@id":"https:\/\/onevetgroup.pt\/cvsantaapolonia\/#website","url":"https:\/\/onevetgroup.pt\/cvsantaapolonia\/","name":"santa apol\u00f3nia","description":"Your Pets in Good Hands","publisher":{"@id":"https:\/\/onevetgroup.pt\/cvsantaapolonia\/#organization"},"potentialAction":[{"@type":"SearchAction","target":{"@type":"EntryPoint","urlTemplate":"https:\/\/onevetgroup.pt\/cvsantaapolonia\/?s={search_term_string}"},"query-input":{"@type":"PropertyValueSpecification","valueRequired":true,"valueName":"search_term_string"}}],"inLanguage":"pt-PT"},{"@type":"Organization","@id":"https:\/\/onevetgroup.pt\/cvsantaapolonia\/#organization","name":"santa apol\u00f3nia","url":"https:\/\/onevetgroup.pt\/cvsantaapolonia\/","logo":{"@type":"ImageObject","inLanguage":"pt-PT","@id":"https:\/\/onevetgroup.pt\/cvsantaapolonia\/#\/schema\/logo\/image\/","url":"https:\/\/onevetgroup.pt\/cvsantaapolonia\/wp-content\/uploads\/sites\/90\/2026\/02\/cropped-Logo_santa.png","contentUrl":"https:\/\/onevetgroup.pt\/cvsantaapolonia\/wp-content\/uploads\/sites\/90\/2026\/02\/cropped-Logo_santa.png","width":1839,"height":511,"caption":"santa apol\u00f3nia"},"image":{"@id":"https:\/\/onevetgroup.pt\/cvsantaapolonia\/#\/schema\/logo\/image\/"}}]}},"_links":{"self":[{"href":"https:\/\/onevetgroup.pt\/cvsantaapolonia\/wp-json\/wp\/v2\/pages\/14008","targetHints":{"allow":["GET"]}}],"collection":[{"href":"https:\/\/onevetgroup.pt\/cvsantaapolonia\/wp-json\/wp\/v2\/pages"}],"about":[{"href":"https:\/\/onevetgroup.pt\/cvsantaapolonia\/wp-json\/wp\/v2\/types\/page"}],"author":[{"embeddable":true,"href":"https:\/\/onevetgroup.pt\/cvsantaapolonia\/wp-json\/wp\/v2\/users\/1"}],"replies":[{"embeddable":true,"href":"https:\/\/onevetgroup.pt\/cvsantaapolonia\/wp-json\/wp\/v2\/comments?post=14008"}],"version-history":[{"count":23,"href":"https:\/\/onevetgroup.pt\/cvsantaapolonia\/wp-json\/wp\/v2\/pages\/14008\/revisions"}],"predecessor-version":[{"id":20861,"href":"https:\/\/onevetgroup.pt\/cvsantaapolonia\/wp-json\/wp\/v2\/pages\/14008\/revisions\/20861"}],"wp:attachment":[{"href":"https:\/\/onevetgroup.pt\/cvsantaapolonia\/wp-json\/wp\/v2\/media?parent=14008"}],"curies":[{"name":"wp","href":"https:\/\/api.w.org\/{rel}","templated":true}]}}