{"id":17846,"date":"2022-07-01T09:40:57","date_gmt":"2022-07-01T09:40:57","guid":{"rendered":"https:\/\/onevet.pt\/porto\/?page_id=17846"},"modified":"2026-01-16T17:47:02","modified_gmt":"2026-01-16T17:47:02","slug":"instalacoes","status":"publish","type":"page","link":"https:\/\/onevetgroup.pt\/cvsantaapolonia\/instalacoes\/","title":{"rendered":"Instala\u00e7\u00f5es"},"content":{"rendered":"\t\t<div data-elementor-type=\"wp-page\" data-elementor-id=\"17846\" class=\"elementor elementor-17846\" data-elementor-post-type=\"page\">\n\t\t\t\t\t\t<section class=\"elementor-section elementor-top-section elementor-element elementor-element-54cf215 pad-top-0 elementor-section-boxed elementor-section-height-default elementor-section-height-default\" data-id=\"54cf215\" data-element_type=\"section\" id=\"main-sec\" data-settings=\"{&quot;background_background&quot;:&quot;classic&quot;}\">\n\t\t\t\t\t\t<div class=\"elementor-container elementor-column-gap-wide\">\n\t\t\t\t\t<div class=\"elementor-column elementor-col-100 elementor-top-column elementor-element elementor-element-d926441\" data-id=\"d926441\" data-element_type=\"column\">\n\t\t\t<div class=\"elementor-widget-wrap elementor-element-populated\">\n\t\t\t\t\t\t<div class=\"elementor-element elementor-element-ac5c964 elementor-widget elementor-widget-text-editor\" data-id=\"ac5c964\" data-element_type=\"widget\" data-widget_type=\"text-editor.default\">\n\t\t\t\t<div class=\"elementor-widget-container\">\n\t\t\t\t\t\t\t\t\t<div class=\"elementor-element elementor-element-ac5c964 elementor-widget elementor-widget-text-editor\" data-id=\"ac5c964\" data-element_type=\"widget\" data-widget_type=\"text-editor.default\"><div class=\"elementor-widget-container\"><div class=\"flex flex-col text-sm pb-25\"><article class=\"text-token-text-primary w-full focus:outline-none [--shadow-height:45px] has-data-writing-block:pointer-events-none has-data-writing-block:-mt-(--shadow-height) has-data-writing-block:pt-(--shadow-height) [&amp;:has([data-writing-block])&gt;*]:pointer-events-auto scroll-mt-[calc(var(--header-height)+min(200px,max(70px,20svh)))]\" dir=\"auto\" tabindex=\"-1\" data-turn-id=\"request-WEB:7cf644d4-0f46-4e48-9c50-623b0b4b41ba-11\" data-testid=\"conversation-turn-24\" data-scroll-anchor=\"true\" data-turn=\"assistant\"><div class=\"text-base my-auto mx-auto pb-10 [--thread-content-margin:--spacing(4)] @w-sm\/main:[--thread-content-margin:--spacing(6)] @w-lg\/main:[--thread-content-margin:--spacing(16)] px-(--thread-content-margin)\"><div class=\"[--thread-content-max-width:40rem] @w-lg\/main:[--thread-content-max-width:48rem] mx-auto max-w-(--thread-content-max-width) flex-1 group\/turn-messages focus-visible:outline-hidden relative flex w-full min-w-0 flex-col agent-turn\" tabindex=\"-1\"><div class=\"flex max-w-full flex-col grow\"><div class=\"min-h-8 text-message relative flex w-full flex-col items-end gap-2 text-start break-words whitespace-normal [.text-message+&amp;]:mt-1\" dir=\"auto\" data-message-author-role=\"assistant\" data-message-id=\"e0e12302-f845-453a-8409-24d4268508ac\" data-message-model-slug=\"gpt-5-2\"><div class=\"flex w-full flex-col gap-1 empty:hidden first:pt-[1px]\"><div class=\"markdown prose dark:prose-invert w-full break-words light markdown-new-styling\"><p data-start=\"0\" data-end=\"268\" data-is-last-node=\"\" data-is-only-node=\"\">A escolha da localiza\u00e7\u00e3o no Bairro de Santa Apol\u00f3nia teve como objetivo, numa fase inicial, colmatar a aus\u00eancia de qualquer unidade que, na zona norte da cidade de Coimbra, desse uma resposta cred\u00edvel \u00e0 necessidade de presta\u00e7\u00e3o de cuidados de sa\u00fade a pequenos animais.<\/p><\/div><\/div><\/div><\/div><\/div><\/div><\/article><\/div><\/div><\/div>\t\t\t\t\t\t\t\t<\/div>\n\t\t\t\t<\/div>\n\t\t\t\t<section class=\"elementor-section elementor-inner-section elementor-element elementor-element-98275a1 elementor-section-boxed elementor-section-height-default elementor-section-height-default\" data-id=\"98275a1\" data-element_type=\"section\">\n\t\t\t\t\t\t<div class=\"elementor-container elementor-column-gap-default\">\n\t\t\t\t\t<div class=\"elementor-column elementor-col-50 elementor-inner-column elementor-element elementor-element-07b222c\" data-id=\"07b222c\" data-element_type=\"column\">\n\t\t\t<div class=\"elementor-widget-wrap elementor-element-populated\">\n\t\t\t\t\t\t<div class=\"elementor-element elementor-element-44b52f4 elementor-widget elementor-widget-image\" data-id=\"44b52f4\" data-element_type=\"widget\" data-widget_type=\"image.default\">\n\t\t\t\t<div class=\"elementor-widget-container\">\n\t\t\t\t\t\t\t\t\t\t\t\t\t\t\t<img fetchpriority=\"high\" width=\"1023\" height=\"681\" class=\"attachment-2048x2048 size-2048x2048 wp-image-20770 lazy\" alt=\"\" data-src=\"https:\/\/onevetgroup.pt\/cvsantaapolonia\/wp-content\/uploads\/sites\/90\/2026\/01\/close-up-veterinarian-taking-care-dog-1.jpg\" data-lazy=\"https:\/\/onevetgroup.pt\/cvsantaapolonia\/wp-content\/uploads\/sites\/90\/2026\/01\/close-up-veterinarian-taking-care-dog-1.jpg\" \/>\t\t\t\t\t\t\t\t\t\t\t\t\t\t\t<\/div>\n\t\t\t\t<\/div>\n\t\t\t\t\t<\/div>\n\t\t<\/div>\n\t\t\t\t<div class=\"elementor-column elementor-col-50 elementor-inner-column elementor-element elementor-element-e32254f\" data-id=\"e32254f\" data-element_type=\"column\">\n\t\t\t<div class=\"elementor-widget-wrap elementor-element-populated\">\n\t\t\t\t\t\t<div class=\"elementor-element elementor-element-6494dd8 elementor-widget elementor-widget-text-editor\" data-id=\"6494dd8\" data-element_type=\"widget\" data-widget_type=\"text-editor.default\">\n\t\t\t\t<div class=\"elementor-widget-container\">\n\t\t\t\t\t\t\t\t\t<p data-start=\"0\" data-end=\"241\">As nossas instala\u00e7\u00f5es foram concebidas para garantir conforto, tanto aos clientes como aos seus animais de companhia. Disponibilizamos uma sele\u00e7\u00e3o de alimenta\u00e7\u00e3o de marcas reconhecidas, bem como diversos acess\u00f3rios para animais de estima\u00e7\u00e3o.<\/p><p data-start=\"243\" data-end=\"575\">A cl\u00ednica encontra-se equipada com dois consult\u00f3rios distintos (um para c\u00e3es e outro para gatos), sala de cirurgia e v\u00e1rios meios de apoio ao diagn\u00f3stico, incluindo ecografia, raio X, raio X dent\u00e1rio, an\u00e1lises cl\u00ednicas, testes r\u00e1pidos, microsc\u00f3pio e medi\u00e7\u00e3o da press\u00e3o arterial, assegurando diagn\u00f3sticos e tratamentos mais precisos.<\/p><p data-start=\"577\" data-end=\"674\" data-is-last-node=\"\" data-is-only-node=\"\">Este conjunto de recursos permite-nos prestar um servi\u00e7o completo, eficaz e de elevada qualidade.<\/p>\t\t\t\t\t\t\t\t<\/div>\n\t\t\t\t<\/div>\n\t\t\t\t\t<\/div>\n\t\t<\/div>\n\t\t\t\t\t<\/div>\n\t\t<\/section>\n\t\t\t\t<section class=\"elementor-section elementor-inner-section elementor-element elementor-element-dde928b elementor-section-boxed elementor-section-height-default elementor-section-height-default\" data-id=\"dde928b\" data-element_type=\"section\">\n\t\t\t\t\t\t<div class=\"elementor-container elementor-column-gap-default\">\n\t\t\t\t\t<div class=\"elementor-column elementor-col-50 elementor-inner-column elementor-element elementor-element-cc2bfd3\" data-id=\"cc2bfd3\" data-element_type=\"column\">\n\t\t\t<div class=\"elementor-widget-wrap elementor-element-populated\">\n\t\t\t\t\t\t<div class=\"elementor-element elementor-element-ad87997 elementor-align-center elementor-widget elementor-widget-button\" data-id=\"ad87997\" data-element_type=\"widget\" data-widget_type=\"button.default\">\n\t\t\t\t<div class=\"elementor-widget-container\">\n\t\t\t\t\t\t\t\t\t<div class=\"elementor-button-wrapper\">\n\t\t\t\t\t<a class=\"elementor-button elementor-button-link elementor-size-sm\" href=\"\/cvsantaapolonia\/a-nossa-equipa\/\">\n\t\t\t\t\t\t<span class=\"elementor-button-content-wrapper\">\n\t\t\t\t\t\t\t\t\t<span class=\"elementor-button-text\">A Nossa Equipa<\/span>\n\t\t\t\t\t<\/span>\n\t\t\t\t\t<\/a>\n\t\t\t\t<\/div>\n\t\t\t\t\t\t\t\t<\/div>\n\t\t\t\t<\/div>\n\t\t\t\t\t<\/div>\n\t\t<\/div>\n\t\t\t\t<div class=\"elementor-column elementor-col-50 elementor-inner-column elementor-element elementor-element-5abf707\" data-id=\"5abf707\" data-element_type=\"column\">\n\t\t\t<div class=\"elementor-widget-wrap elementor-element-populated\">\n\t\t\t\t\t\t<div class=\"elementor-element elementor-element-48e57d7 elementor-align-center elementor-widget elementor-widget-button\" data-id=\"48e57d7\" data-element_type=\"widget\" data-widget_type=\"button.default\">\n\t\t\t\t<div class=\"elementor-widget-container\">\n\t\t\t\t\t\t\t\t\t<div class=\"elementor-button-wrapper\">\n\t\t\t\t\t<a class=\"elementor-button elementor-button-link elementor-size-sm\" href=\"\/cvsantaapolonia\/servicos-veterinarios\/\">\n\t\t\t\t\t\t<span class=\"elementor-button-content-wrapper\">\n\t\t\t\t\t\t\t\t\t<span class=\"elementor-button-text\">Servi\u00e7os Veterin\u00e1rios<\/span>\n\t\t\t\t\t<\/span>\n\t\t\t\t\t<\/a>\n\t\t\t\t<\/div>\n\t\t\t\t\t\t\t\t<\/div>\n\t\t\t\t<\/div>\n\t\t\t\t\t<\/div>\n\t\t<\/div>\n\t\t\t\t\t<\/div>\n\t\t<\/section>\n\t\t\t\t\t<\/div>\n\t\t<\/div>\n\t\t\t\t\t<\/div>\n\t\t<\/section>\n\t\t\t\t<\/div>\n\t\t","protected":false},"excerpt":{"rendered":"<p>A escolha da localiza\u00e7\u00e3o no Bairro de Santa Apol\u00f3nia teve como objetivo, numa fase inicial, colmatar a aus\u00eancia de qualquer unidade que, na zona norte da cidade de Coimbra, desse uma resposta cred\u00edvel \u00e0 necessidade de presta\u00e7\u00e3o de cuidados de sa\u00fade a pequenos animais. As nossas instala\u00e7\u00f5es foram concebidas para garantir conforto, tanto aos clientes &hellip; <\/p>\n","protected":false},"author":61,"featured_media":0,"parent":0,"menu_order":0,"comment_status":"closed","ping_status":"closed","template":"page-fullwidth.php","meta":{"_acf_changed":false,"content-type":"","footnotes":""},"class_list":["post-17846","page","type-page","status-publish","hentry"],"acf":[],"yoast_head":"<!-- This site is optimized with the Yoast SEO plugin v26.2 - https:\/\/yoast.com\/wordpress\/plugins\/seo\/ -->\n<title>Instala\u00e7\u00f5es - santa apol\u00f3nia<\/title>\n<meta name=\"robots\" content=\"index, follow, max-snippet:-1, max-image-preview:large, max-video-preview:-1\" \/>\n<link rel=\"canonical\" href=\"https:\/\/onevetgroup.pt\/cvsantaapolonia\/instalacoes\/\" \/>\n<meta property=\"og:locale\" content=\"pt_PT\" \/>\n<meta property=\"og:type\" content=\"article\" \/>\n<meta property=\"og:title\" content=\"Instala\u00e7\u00f5es - santa apol\u00f3nia\" \/>\n<meta property=\"og:description\" content=\"A escolha da localiza\u00e7\u00e3o no Bairro de Santa Apol\u00f3nia teve como objetivo, numa fase inicial, colmatar a aus\u00eancia de qualquer unidade que, na zona norte da cidade de Coimbra, desse uma resposta cred\u00edvel \u00e0 necessidade de presta\u00e7\u00e3o de cuidados de sa\u00fade a pequenos animais. As nossas instala\u00e7\u00f5es foram concebidas para garantir conforto, tanto aos clientes &hellip;\" \/>\n<meta property=\"og:url\" content=\"https:\/\/onevetgroup.pt\/cvsantaapolonia\/instalacoes\/\" \/>\n<meta property=\"og:site_name\" content=\"santa apol\u00f3nia\" \/>\n<meta property=\"article:modified_time\" content=\"2026-01-16T17:47:02+00:00\" \/>\n<meta property=\"og:image\" content=\"https:\/\/onevetgroup.pt\/cvsantaapolonia\/wp-content\/uploads\/sites\/90\/2026\/01\/close-up-veterinarian-taking-care-dog-1.jpg\" \/>\n<meta name=\"twitter:card\" content=\"summary_large_image\" \/>\n<meta name=\"twitter:label1\" content=\"Tempo estimado de leitura\" \/>\n\t<meta name=\"twitter:data1\" content=\"2 minutos\" \/>\n<script type=\"application\/ld+json\" class=\"yoast-schema-graph\">{\"@context\":\"https:\/\/schema.org\",\"@graph\":[{\"@type\":\"WebPage\",\"@id\":\"https:\/\/onevetgroup.pt\/cvsantaapolonia\/instalacoes\/\",\"url\":\"https:\/\/onevetgroup.pt\/cvsantaapolonia\/instalacoes\/\",\"name\":\"Instala\u00e7\u00f5es - santa apol\u00f3nia\",\"isPartOf\":{\"@id\":\"https:\/\/onevetgroup.pt\/cvsantaapolonia\/#website\"},\"primaryImageOfPage\":{\"@id\":\"https:\/\/onevetgroup.pt\/cvsantaapolonia\/instalacoes\/#primaryimage\"},\"image\":{\"@id\":\"https:\/\/onevetgroup.pt\/cvsantaapolonia\/instalacoes\/#primaryimage\"},\"thumbnailUrl\":\"https:\/\/onevetgroup.pt\/cvsantaapolonia\/wp-content\/uploads\/sites\/90\/2026\/01\/close-up-veterinarian-taking-care-dog-1.jpg\",\"datePublished\":\"2022-07-01T09:40:57+00:00\",\"dateModified\":\"2026-01-16T17:47:02+00:00\",\"breadcrumb\":{\"@id\":\"https:\/\/onevetgroup.pt\/cvsantaapolonia\/instalacoes\/#breadcrumb\"},\"inLanguage\":\"pt-PT\",\"potentialAction\":[{\"@type\":\"ReadAction\",\"target\":[\"https:\/\/onevetgroup.pt\/cvsantaapolonia\/instalacoes\/\"]}]},{\"@type\":\"ImageObject\",\"inLanguage\":\"pt-PT\",\"@id\":\"https:\/\/onevetgroup.pt\/cvsantaapolonia\/instalacoes\/#primaryimage\",\"url\":\"https:\/\/onevetgroup.pt\/cvsantaapolonia\/wp-content\/uploads\/sites\/90\/2026\/01\/close-up-veterinarian-taking-care-dog-1.jpg\",\"contentUrl\":\"https:\/\/onevetgroup.pt\/cvsantaapolonia\/wp-content\/uploads\/sites\/90\/2026\/01\/close-up-veterinarian-taking-care-dog-1.jpg\",\"width\":1023,\"height\":681},{\"@type\":\"BreadcrumbList\",\"@id\":\"https:\/\/onevetgroup.pt\/cvsantaapolonia\/instalacoes\/#breadcrumb\",\"itemListElement\":[{\"@type\":\"ListItem\",\"position\":1,\"name\":\"Home\",\"item\":\"https:\/\/onevetgroup.pt\/cvsantaapolonia\/\"},{\"@type\":\"ListItem\",\"position\":2,\"name\":\"Instala\u00e7\u00f5es\"}]},{\"@type\":\"WebSite\",\"@id\":\"https:\/\/onevetgroup.pt\/cvsantaapolonia\/#website\",\"url\":\"https:\/\/onevetgroup.pt\/cvsantaapolonia\/\",\"name\":\"santa apol\u00f3nia\",\"description\":\"Your Pets in Good Hands\",\"publisher\":{\"@id\":\"https:\/\/onevetgroup.pt\/cvsantaapolonia\/#organization\"},\"potentialAction\":[{\"@type\":\"SearchAction\",\"target\":{\"@type\":\"EntryPoint\",\"urlTemplate\":\"https:\/\/onevetgroup.pt\/cvsantaapolonia\/?s={search_term_string}\"},\"query-input\":{\"@type\":\"PropertyValueSpecification\",\"valueRequired\":true,\"valueName\":\"search_term_string\"}}],\"inLanguage\":\"pt-PT\"},{\"@type\":\"Organization\",\"@id\":\"https:\/\/onevetgroup.pt\/cvsantaapolonia\/#organization\",\"name\":\"santa apol\u00f3nia\",\"url\":\"https:\/\/onevetgroup.pt\/cvsantaapolonia\/\",\"logo\":{\"@type\":\"ImageObject\",\"inLanguage\":\"pt-PT\",\"@id\":\"https:\/\/onevetgroup.pt\/cvsantaapolonia\/#\/schema\/logo\/image\/\",\"url\":\"https:\/\/onevetgroup.pt\/cvsantaapolonia\/wp-content\/uploads\/sites\/90\/2026\/02\/cropped-Logo_santa.png\",\"contentUrl\":\"https:\/\/onevetgroup.pt\/cvsantaapolonia\/wp-content\/uploads\/sites\/90\/2026\/02\/cropped-Logo_santa.png\",\"width\":1839,\"height\":511,\"caption\":\"santa apol\u00f3nia\"},\"image\":{\"@id\":\"https:\/\/onevetgroup.pt\/cvsantaapolonia\/#\/schema\/logo\/image\/\"}}]}<\/script>\n<!-- \/ Yoast SEO plugin. -->","yoast_head_json":{"title":"Instala\u00e7\u00f5es - santa apol\u00f3nia","robots":{"index":"index","follow":"follow","max-snippet":"max-snippet:-1","max-image-preview":"max-image-preview:large","max-video-preview":"max-video-preview:-1"},"canonical":"https:\/\/onevetgroup.pt\/cvsantaapolonia\/instalacoes\/","og_locale":"pt_PT","og_type":"article","og_title":"Instala\u00e7\u00f5es - santa apol\u00f3nia","og_description":"A escolha da localiza\u00e7\u00e3o no Bairro de Santa Apol\u00f3nia teve como objetivo, numa fase inicial, colmatar a aus\u00eancia de qualquer unidade que, na zona norte da cidade de Coimbra, desse uma resposta cred\u00edvel \u00e0 necessidade de presta\u00e7\u00e3o de cuidados de sa\u00fade a pequenos animais. As nossas instala\u00e7\u00f5es foram concebidas para garantir conforto, tanto aos clientes &hellip;","og_url":"https:\/\/onevetgroup.pt\/cvsantaapolonia\/instalacoes\/","og_site_name":"santa apol\u00f3nia","article_modified_time":"2026-01-16T17:47:02+00:00","og_image":[{"url":"https:\/\/onevetgroup.pt\/cvsantaapolonia\/wp-content\/uploads\/sites\/90\/2026\/01\/close-up-veterinarian-taking-care-dog-1.jpg","type":"","width":"","height":""}],"twitter_card":"summary_large_image","twitter_misc":{"Tempo estimado de leitura":"2 minutos"},"schema":{"@context":"https:\/\/schema.org","@graph":[{"@type":"WebPage","@id":"https:\/\/onevetgroup.pt\/cvsantaapolonia\/instalacoes\/","url":"https:\/\/onevetgroup.pt\/cvsantaapolonia\/instalacoes\/","name":"Instala\u00e7\u00f5es - santa apol\u00f3nia","isPartOf":{"@id":"https:\/\/onevetgroup.pt\/cvsantaapolonia\/#website"},"primaryImageOfPage":{"@id":"https:\/\/onevetgroup.pt\/cvsantaapolonia\/instalacoes\/#primaryimage"},"image":{"@id":"https:\/\/onevetgroup.pt\/cvsantaapolonia\/instalacoes\/#primaryimage"},"thumbnailUrl":"https:\/\/onevetgroup.pt\/cvsantaapolonia\/wp-content\/uploads\/sites\/90\/2026\/01\/close-up-veterinarian-taking-care-dog-1.jpg","datePublished":"2022-07-01T09:40:57+00:00","dateModified":"2026-01-16T17:47:02+00:00","breadcrumb":{"@id":"https:\/\/onevetgroup.pt\/cvsantaapolonia\/instalacoes\/#breadcrumb"},"inLanguage":"pt-PT","potentialAction":[{"@type":"ReadAction","target":["https:\/\/onevetgroup.pt\/cvsantaapolonia\/instalacoes\/"]}]},{"@type":"ImageObject","inLanguage":"pt-PT","@id":"https:\/\/onevetgroup.pt\/cvsantaapolonia\/instalacoes\/#primaryimage","url":"https:\/\/onevetgroup.pt\/cvsantaapolonia\/wp-content\/uploads\/sites\/90\/2026\/01\/close-up-veterinarian-taking-care-dog-1.jpg","contentUrl":"https:\/\/onevetgroup.pt\/cvsantaapolonia\/wp-content\/uploads\/sites\/90\/2026\/01\/close-up-veterinarian-taking-care-dog-1.jpg","width":1023,"height":681},{"@type":"BreadcrumbList","@id":"https:\/\/onevetgroup.pt\/cvsantaapolonia\/instalacoes\/#breadcrumb","itemListElement":[{"@type":"ListItem","position":1,"name":"Home","item":"https:\/\/onevetgroup.pt\/cvsantaapolonia\/"},{"@type":"ListItem","position":2,"name":"Instala\u00e7\u00f5es"}]},{"@type":"WebSite","@id":"https:\/\/onevetgroup.pt\/cvsantaapolonia\/#website","url":"https:\/\/onevetgroup.pt\/cvsantaapolonia\/","name":"santa apol\u00f3nia","description":"Your Pets in Good Hands","publisher":{"@id":"https:\/\/onevetgroup.pt\/cvsantaapolonia\/#organization"},"potentialAction":[{"@type":"SearchAction","target":{"@type":"EntryPoint","urlTemplate":"https:\/\/onevetgroup.pt\/cvsantaapolonia\/?s={search_term_string}"},"query-input":{"@type":"PropertyValueSpecification","valueRequired":true,"valueName":"search_term_string"}}],"inLanguage":"pt-PT"},{"@type":"Organization","@id":"https:\/\/onevetgroup.pt\/cvsantaapolonia\/#organization","name":"santa apol\u00f3nia","url":"https:\/\/onevetgroup.pt\/cvsantaapolonia\/","logo":{"@type":"ImageObject","inLanguage":"pt-PT","@id":"https:\/\/onevetgroup.pt\/cvsantaapolonia\/#\/schema\/logo\/image\/","url":"https:\/\/onevetgroup.pt\/cvsantaapolonia\/wp-content\/uploads\/sites\/90\/2026\/02\/cropped-Logo_santa.png","contentUrl":"https:\/\/onevetgroup.pt\/cvsantaapolonia\/wp-content\/uploads\/sites\/90\/2026\/02\/cropped-Logo_santa.png","width":1839,"height":511,"caption":"santa apol\u00f3nia"},"image":{"@id":"https:\/\/onevetgroup.pt\/cvsantaapolonia\/#\/schema\/logo\/image\/"}}]}},"_links":{"self":[{"href":"https:\/\/onevetgroup.pt\/cvsantaapolonia\/wp-json\/wp\/v2\/pages\/17846","targetHints":{"allow":["GET"]}}],"collection":[{"href":"https:\/\/onevetgroup.pt\/cvsantaapolonia\/wp-json\/wp\/v2\/pages"}],"about":[{"href":"https:\/\/onevetgroup.pt\/cvsantaapolonia\/wp-json\/wp\/v2\/types\/page"}],"author":[{"embeddable":true,"href":"https:\/\/onevetgroup.pt\/cvsantaapolonia\/wp-json\/wp\/v2\/users\/61"}],"replies":[{"embeddable":true,"href":"https:\/\/onevetgroup.pt\/cvsantaapolonia\/wp-json\/wp\/v2\/comments?post=17846"}],"version-history":[{"count":16,"href":"https:\/\/onevetgroup.pt\/cvsantaapolonia\/wp-json\/wp\/v2\/pages\/17846\/revisions"}],"predecessor-version":[{"id":20821,"href":"https:\/\/onevetgroup.pt\/cvsantaapolonia\/wp-json\/wp\/v2\/pages\/17846\/revisions\/20821"}],"wp:attachment":[{"href":"https:\/\/onevetgroup.pt\/cvsantaapolonia\/wp-json\/wp\/v2\/media?parent=17846"}],"curies":[{"name":"wp","href":"https:\/\/api.w.org\/{rel}","templated":true}]}}