{"id":268,"date":"2020-10-03T06:32:57","date_gmt":"2020-10-03T06:32:57","guid":{"rendered":"http:\/\/onevet.pt\/cabrils\/?page_id=268"},"modified":"2025-11-25T15:52:34","modified_gmt":"2025-11-25T15:52:34","slug":"about-us","status":"publish","type":"page","link":"https:\/\/onevetgroup.pt\/cvsaotome\/en\/about-us\/","title":{"rendered":"About Us"},"content":{"rendered":"\t\t<div data-elementor-type=\"wp-page\" data-elementor-id=\"268\" class=\"elementor elementor-268\" data-elementor-post-type=\"page\">\n\t\t\t\t\t\t<section class=\"elementor-section elementor-top-section elementor-element elementor-element-54cf215 pad-top-0 elementor-section-boxed elementor-section-height-default elementor-section-height-default\" data-id=\"54cf215\" data-element_type=\"section\" data-e-type=\"section\" id=\"main-sec\" data-settings=\"{&quot;background_background&quot;:&quot;classic&quot;}\">\n\t\t\t\t\t\t<div class=\"elementor-container elementor-column-gap-default\">\n\t\t\t\t\t<div class=\"elementor-column elementor-col-100 elementor-top-column elementor-element elementor-element-d926441\" data-id=\"d926441\" data-element_type=\"column\" data-e-type=\"column\">\n\t\t\t<div class=\"elementor-widget-wrap elementor-element-populated\">\n\t\t\t\t\t\t<div class=\"elementor-element elementor-element-9725bcd elementor-widget elementor-widget-section_titleleft\" data-id=\"9725bcd\" data-element_type=\"widget\" data-e-type=\"widget\" data-widget_type=\"section_titleleft.default\">\n\t\t\t\t<div class=\"elementor-widget-container\">\n\t\t\t\t\t        <div class=\"ab_text-title fl-wrap\">\r\n            <h3>Onevet Veterinary Clinic in S\u00e3o Tom\u00e9, backed by Onevet Veterinary Hospital in Santo Tirso.<\/h3><h4>We are a local veterinary clinic! Our daily goal is to do our best for pets.<\/h4><span class=\"section-separator fl-sec-sep\"><\/span>        <\/div>\r\n        \t\t\t\t<\/div>\n\t\t\t\t<\/div>\n\t\t\t\t<section class=\"elementor-section elementor-inner-section elementor-element elementor-element-35814f4 elementor-section-full_width elementor-section-height-default elementor-section-height-default\" data-id=\"35814f4\" data-element_type=\"section\" data-e-type=\"section\">\n\t\t\t\t\t\t<div class=\"elementor-container elementor-column-gap-wide\">\n\t\t\t\t\t<div class=\"elementor-column elementor-col-50 elementor-inner-column elementor-element elementor-element-7fa3f34\" data-id=\"7fa3f34\" data-element_type=\"column\" data-e-type=\"column\">\n\t\t\t<div class=\"elementor-widget-wrap elementor-element-populated\">\n\t\t\t\t\t\t<div class=\"elementor-element elementor-element-9e79898 elementor-widget elementor-widget-image\" data-id=\"9e79898\" data-element_type=\"widget\" data-e-type=\"widget\" data-widget_type=\"image.default\">\n\t\t\t\t<div class=\"elementor-widget-container\">\n\t\t\t\t\t\t\t\t\t\t\t\t\t\t\t<img fetchpriority=\"high\" width=\"786\" height=\"523\" class=\"attachment-townhub-single-image size-townhub-single-image wp-image-20759 lazy\" alt=\"\" data-src=\"https:\/\/onevetgroup.pt\/cvsaotome\/wp-content\/uploads\/sites\/84\/2025\/11\/001-174_resized.png\" data-lazy=\"https:\/\/onevetgroup.pt\/cvsaotome\/wp-content\/uploads\/sites\/84\/2025\/11\/001-174_resized.png\" \/>\t\t\t\t\t\t\t\t\t\t\t\t\t\t\t<\/div>\n\t\t\t\t<\/div>\n\t\t\t\t\t<\/div>\n\t\t<\/div>\n\t\t\t\t<div class=\"elementor-column elementor-col-50 elementor-inner-column elementor-element elementor-element-202374d\" data-id=\"202374d\" data-element_type=\"column\" data-e-type=\"column\">\n\t\t\t<div class=\"elementor-widget-wrap elementor-element-populated\">\n\t\t\t\t\t\t<div class=\"elementor-element elementor-element-3b393ce about-wrap elementor-widget elementor-widget-text-editor\" data-id=\"3b393ce\" data-element_type=\"widget\" data-e-type=\"widget\" data-widget_type=\"text-editor.default\">\n\t\t\t\t<div class=\"elementor-widget-container\">\n\t\t\t\t\t\t\t\t\t<p>In operation since 2011, we are already a well-established veterinary clinic in that group of parishes. Our goal is to provide attentive care to our patients with great involvement.<\/p><p>The support of the Santo Tirso Veterinary Hospital complements us and also makes us better in terms of all the services we provide.<\/p>\t\t\t\t\t\t\t\t<\/div>\n\t\t\t\t<\/div>\n\t\t\t\t\t<\/div>\n\t\t<\/div>\n\t\t\t\t\t<\/div>\n\t\t<\/section>\n\t\t\t\t<section class=\"elementor-section elementor-inner-section elementor-element elementor-element-b095b00 elementor-section-boxed elementor-section-height-default elementor-section-height-default\" data-id=\"b095b00\" data-element_type=\"section\" data-e-type=\"section\">\n\t\t\t\t\t\t<div class=\"elementor-container elementor-column-gap-default\">\n\t\t\t\t\t<div class=\"elementor-column elementor-col-50 elementor-inner-column elementor-element elementor-element-a93ff44\" data-id=\"a93ff44\" data-element_type=\"column\" data-e-type=\"column\">\n\t\t\t<div class=\"elementor-widget-wrap elementor-element-populated\">\n\t\t\t\t\t\t<div class=\"elementor-element elementor-element-389e224 elementor-align-center elementor-widget elementor-widget-button\" data-id=\"389e224\" data-element_type=\"widget\" data-e-type=\"widget\" data-widget_type=\"button.default\">\n\t\t\t\t<div class=\"elementor-widget-container\">\n\t\t\t\t\t\t\t\t\t<div class=\"elementor-button-wrapper\">\n\t\t\t\t\t<a class=\"elementor-button elementor-button-link elementor-size-sm\" href=\"\/cvsaotome\/en\/facilities\/\">\n\t\t\t\t\t\t<span class=\"elementor-button-content-wrapper\">\n\t\t\t\t\t\t\t\t\t<span class=\"elementor-button-text\">Facilities<\/span>\n\t\t\t\t\t<\/span>\n\t\t\t\t\t<\/a>\n\t\t\t\t<\/div>\n\t\t\t\t\t\t\t\t<\/div>\n\t\t\t\t<\/div>\n\t\t\t\t\t<\/div>\n\t\t<\/div>\n\t\t\t\t<div class=\"elementor-column elementor-col-50 elementor-inner-column elementor-element elementor-element-90cbc20\" data-id=\"90cbc20\" data-element_type=\"column\" data-e-type=\"column\">\n\t\t\t<div class=\"elementor-widget-wrap elementor-element-populated\">\n\t\t\t\t\t\t<div class=\"elementor-element elementor-element-754629b elementor-align-center elementor-widget elementor-widget-button\" data-id=\"754629b\" data-element_type=\"widget\" data-e-type=\"widget\" data-widget_type=\"button.default\">\n\t\t\t\t<div class=\"elementor-widget-container\">\n\t\t\t\t\t\t\t\t\t<div class=\"elementor-button-wrapper\">\n\t\t\t\t\t<a class=\"elementor-button elementor-button-link elementor-size-sm\" href=\"\/cvsaotome\/en\/our-team\/\">\n\t\t\t\t\t\t<span class=\"elementor-button-content-wrapper\">\n\t\t\t\t\t\t\t\t\t<span class=\"elementor-button-text\">Meet Our Team<\/span>\n\t\t\t\t\t<\/span>\n\t\t\t\t\t<\/a>\n\t\t\t\t<\/div>\n\t\t\t\t\t\t\t\t<\/div>\n\t\t\t\t<\/div>\n\t\t\t\t\t<\/div>\n\t\t<\/div>\n\t\t\t\t\t<\/div>\n\t\t<\/section>\n\t\t\t\t\t<\/div>\n\t\t<\/div>\n\t\t\t\t\t<\/div>\n\t\t<\/section>\n\t\t\t\t<\/div>\n\t\t","protected":false},"excerpt":{"rendered":"<p>Onevet Veterinary Clinic in S\u00e3o Tom\u00e9, backed by Onevet Veterinary Hospital in Santo Tirso. We are a local veterinary clinic! Our daily goal is to do our best for pets. In operation since 2011, we are already a well-established veterinary clinic in that group of parishes. Our goal is to provide attentive care to our &hellip; <\/p>\n","protected":false},"author":1,"featured_media":0,"parent":0,"menu_order":0,"comment_status":"closed","ping_status":"closed","template":"page-fullwidth.php","meta":{"_acf_changed":false,"content-type":"","footnotes":""},"class_list":["post-268","page","type-page","status-publish","hentry"],"acf":[],"yoast_head":"<!-- This site is optimized with the Yoast SEO plugin v27.4 - https:\/\/yoast.com\/product\/yoast-seo-wordpress\/ -->\n<title>About Us - Tom\u00e9<\/title>\n<meta name=\"robots\" content=\"index, follow, max-snippet:-1, max-image-preview:large, max-video-preview:-1\" \/>\n<link rel=\"canonical\" href=\"https:\/\/onevetgroup.pt\/cvsaotome\/en\/about-us\/\" \/>\n<meta property=\"og:locale\" content=\"en_US\" \/>\n<meta property=\"og:type\" content=\"article\" \/>\n<meta property=\"og:title\" content=\"About Us - Tom\u00e9\" \/>\n<meta property=\"og:description\" content=\"Onevet Veterinary Clinic in S\u00e3o Tom\u00e9, backed by Onevet Veterinary Hospital in Santo Tirso. We are a local veterinary clinic! Our daily goal is to do our best for pets. In operation since 2011, we are already a well-established veterinary clinic in that group of parishes. Our goal is to provide attentive care to our &hellip;\" \/>\n<meta property=\"og:url\" content=\"https:\/\/onevetgroup.pt\/cvsaotome\/en\/about-us\/\" \/>\n<meta property=\"og:site_name\" content=\"Tom\u00e9\" \/>\n<meta property=\"article:modified_time\" content=\"2025-11-25T15:52:34+00:00\" \/>\n<meta property=\"og:image\" content=\"https:\/\/onevetgroup.pt\/cvsaotome\/wp-content\/uploads\/sites\/84\/2025\/11\/001-174_resized.png\" \/>\n<meta name=\"twitter:card\" content=\"summary_large_image\" \/>\n<meta name=\"twitter:label1\" content=\"Est. reading time\" \/>\n\t<meta name=\"twitter:data1\" content=\"1 minute\" \/>\n<script type=\"application\/ld+json\" class=\"yoast-schema-graph\">{\"@context\":\"https:\\\/\\\/schema.org\",\"@graph\":[{\"@type\":\"WebPage\",\"@id\":\"https:\\\/\\\/onevetgroup.pt\\\/cvsaotome\\\/en\\\/about-us\\\/\",\"url\":\"https:\\\/\\\/onevetgroup.pt\\\/cvsaotome\\\/en\\\/about-us\\\/\",\"name\":\"About Us - Tom\u00e9\",\"isPartOf\":{\"@id\":\"https:\\\/\\\/onevetgroup.pt\\\/cvsaotome\\\/en\\\/#website\"},\"primaryImageOfPage\":{\"@id\":\"https:\\\/\\\/onevetgroup.pt\\\/cvsaotome\\\/en\\\/about-us\\\/#primaryimage\"},\"image\":{\"@id\":\"https:\\\/\\\/onevetgroup.pt\\\/cvsaotome\\\/en\\\/about-us\\\/#primaryimage\"},\"thumbnailUrl\":\"https:\\\/\\\/onevetgroup.pt\\\/cvsaotome\\\/wp-content\\\/uploads\\\/sites\\\/84\\\/2025\\\/11\\\/001-174_resized.png\",\"datePublished\":\"2020-10-03T06:32:57+00:00\",\"dateModified\":\"2025-11-25T15:52:34+00:00\",\"breadcrumb\":{\"@id\":\"https:\\\/\\\/onevetgroup.pt\\\/cvsaotome\\\/en\\\/about-us\\\/#breadcrumb\"},\"inLanguage\":\"en-US\",\"potentialAction\":[{\"@type\":\"ReadAction\",\"target\":[\"https:\\\/\\\/onevetgroup.pt\\\/cvsaotome\\\/en\\\/about-us\\\/\"]}]},{\"@type\":\"ImageObject\",\"inLanguage\":\"en-US\",\"@id\":\"https:\\\/\\\/onevetgroup.pt\\\/cvsaotome\\\/en\\\/about-us\\\/#primaryimage\",\"url\":\"https:\\\/\\\/onevetgroup.pt\\\/cvsaotome\\\/wp-content\\\/uploads\\\/sites\\\/84\\\/2025\\\/11\\\/001-174_resized.png\",\"contentUrl\":\"https:\\\/\\\/onevetgroup.pt\\\/cvsaotome\\\/wp-content\\\/uploads\\\/sites\\\/84\\\/2025\\\/11\\\/001-174_resized.png\"},{\"@type\":\"BreadcrumbList\",\"@id\":\"https:\\\/\\\/onevetgroup.pt\\\/cvsaotome\\\/en\\\/about-us\\\/#breadcrumb\",\"itemListElement\":[{\"@type\":\"ListItem\",\"position\":1,\"name\":\"Home\",\"item\":\"https:\\\/\\\/onevetgroup.pt\\\/cvsaotome\\\/en\\\/\"},{\"@type\":\"ListItem\",\"position\":2,\"name\":\"About Us\"}]},{\"@type\":\"WebSite\",\"@id\":\"https:\\\/\\\/onevetgroup.pt\\\/cvsaotome\\\/en\\\/#website\",\"url\":\"https:\\\/\\\/onevetgroup.pt\\\/cvsaotome\\\/en\\\/\",\"name\":\"Tom\u00e9\",\"description\":\"Your Pets in Good Hands\",\"publisher\":{\"@id\":\"https:\\\/\\\/onevetgroup.pt\\\/cvsaotome\\\/en\\\/#organization\"},\"potentialAction\":[{\"@type\":\"SearchAction\",\"target\":{\"@type\":\"EntryPoint\",\"urlTemplate\":\"https:\\\/\\\/onevetgroup.pt\\\/cvsaotome\\\/en\\\/?s={search_term_string}\"},\"query-input\":{\"@type\":\"PropertyValueSpecification\",\"valueRequired\":true,\"valueName\":\"search_term_string\"}}],\"inLanguage\":\"en-US\"},{\"@type\":\"Organization\",\"@id\":\"https:\\\/\\\/onevetgroup.pt\\\/cvsaotome\\\/en\\\/#organization\",\"name\":\"Tom\u00e9\",\"url\":\"https:\\\/\\\/onevetgroup.pt\\\/cvsaotome\\\/en\\\/\",\"logo\":{\"@type\":\"ImageObject\",\"inLanguage\":\"en-US\",\"@id\":\"https:\\\/\\\/onevetgroup.pt\\\/cvsaotome\\\/en\\\/#\\\/schema\\\/logo\\\/image\\\/\",\"url\":\"https:\\\/\\\/onevetgroup.pt\\\/cvsaotome\\\/wp-content\\\/uploads\\\/sites\\\/84\\\/2025\\\/11\\\/cropped-Logo_Prancheta_1-scaled-1.png\",\"contentUrl\":\"https:\\\/\\\/onevetgroup.pt\\\/cvsaotome\\\/wp-content\\\/uploads\\\/sites\\\/84\\\/2025\\\/11\\\/cropped-Logo_Prancheta_1-scaled-1.png\",\"width\":2559,\"height\":607,\"caption\":\"Tom\u00e9\"},\"image\":{\"@id\":\"https:\\\/\\\/onevetgroup.pt\\\/cvsaotome\\\/en\\\/#\\\/schema\\\/logo\\\/image\\\/\"}}]}<\/script>\n<!-- \/ Yoast SEO plugin. -->","yoast_head_json":{"title":"About Us - Tom\u00e9","robots":{"index":"index","follow":"follow","max-snippet":"max-snippet:-1","max-image-preview":"max-image-preview:large","max-video-preview":"max-video-preview:-1"},"canonical":"https:\/\/onevetgroup.pt\/cvsaotome\/en\/about-us\/","og_locale":"en_US","og_type":"article","og_title":"About Us - Tom\u00e9","og_description":"Onevet Veterinary Clinic in S\u00e3o Tom\u00e9, backed by Onevet Veterinary Hospital in Santo Tirso. We are a local veterinary clinic! Our daily goal is to do our best for pets. In operation since 2011, we are already a well-established veterinary clinic in that group of parishes. Our goal is to provide attentive care to our &hellip;","og_url":"https:\/\/onevetgroup.pt\/cvsaotome\/en\/about-us\/","og_site_name":"Tom\u00e9","article_modified_time":"2025-11-25T15:52:34+00:00","og_image":[{"url":"https:\/\/onevetgroup.pt\/cvsaotome\/wp-content\/uploads\/sites\/84\/2025\/11\/001-174_resized.png","type":"","width":"","height":""}],"twitter_card":"summary_large_image","twitter_misc":{"Est. reading time":"1 minute"},"schema":{"@context":"https:\/\/schema.org","@graph":[{"@type":"WebPage","@id":"https:\/\/onevetgroup.pt\/cvsaotome\/en\/about-us\/","url":"https:\/\/onevetgroup.pt\/cvsaotome\/en\/about-us\/","name":"About Us - Tom\u00e9","isPartOf":{"@id":"https:\/\/onevetgroup.pt\/cvsaotome\/en\/#website"},"primaryImageOfPage":{"@id":"https:\/\/onevetgroup.pt\/cvsaotome\/en\/about-us\/#primaryimage"},"image":{"@id":"https:\/\/onevetgroup.pt\/cvsaotome\/en\/about-us\/#primaryimage"},"thumbnailUrl":"https:\/\/onevetgroup.pt\/cvsaotome\/wp-content\/uploads\/sites\/84\/2025\/11\/001-174_resized.png","datePublished":"2020-10-03T06:32:57+00:00","dateModified":"2025-11-25T15:52:34+00:00","breadcrumb":{"@id":"https:\/\/onevetgroup.pt\/cvsaotome\/en\/about-us\/#breadcrumb"},"inLanguage":"en-US","potentialAction":[{"@type":"ReadAction","target":["https:\/\/onevetgroup.pt\/cvsaotome\/en\/about-us\/"]}]},{"@type":"ImageObject","inLanguage":"en-US","@id":"https:\/\/onevetgroup.pt\/cvsaotome\/en\/about-us\/#primaryimage","url":"https:\/\/onevetgroup.pt\/cvsaotome\/wp-content\/uploads\/sites\/84\/2025\/11\/001-174_resized.png","contentUrl":"https:\/\/onevetgroup.pt\/cvsaotome\/wp-content\/uploads\/sites\/84\/2025\/11\/001-174_resized.png"},{"@type":"BreadcrumbList","@id":"https:\/\/onevetgroup.pt\/cvsaotome\/en\/about-us\/#breadcrumb","itemListElement":[{"@type":"ListItem","position":1,"name":"Home","item":"https:\/\/onevetgroup.pt\/cvsaotome\/en\/"},{"@type":"ListItem","position":2,"name":"About Us"}]},{"@type":"WebSite","@id":"https:\/\/onevetgroup.pt\/cvsaotome\/en\/#website","url":"https:\/\/onevetgroup.pt\/cvsaotome\/en\/","name":"Tom\u00e9","description":"Your Pets in Good Hands","publisher":{"@id":"https:\/\/onevetgroup.pt\/cvsaotome\/en\/#organization"},"potentialAction":[{"@type":"SearchAction","target":{"@type":"EntryPoint","urlTemplate":"https:\/\/onevetgroup.pt\/cvsaotome\/en\/?s={search_term_string}"},"query-input":{"@type":"PropertyValueSpecification","valueRequired":true,"valueName":"search_term_string"}}],"inLanguage":"en-US"},{"@type":"Organization","@id":"https:\/\/onevetgroup.pt\/cvsaotome\/en\/#organization","name":"Tom\u00e9","url":"https:\/\/onevetgroup.pt\/cvsaotome\/en\/","logo":{"@type":"ImageObject","inLanguage":"en-US","@id":"https:\/\/onevetgroup.pt\/cvsaotome\/en\/#\/schema\/logo\/image\/","url":"https:\/\/onevetgroup.pt\/cvsaotome\/wp-content\/uploads\/sites\/84\/2025\/11\/cropped-Logo_Prancheta_1-scaled-1.png","contentUrl":"https:\/\/onevetgroup.pt\/cvsaotome\/wp-content\/uploads\/sites\/84\/2025\/11\/cropped-Logo_Prancheta_1-scaled-1.png","width":2559,"height":607,"caption":"Tom\u00e9"},"image":{"@id":"https:\/\/onevetgroup.pt\/cvsaotome\/en\/#\/schema\/logo\/image\/"}}]}},"_links":{"self":[{"href":"https:\/\/onevetgroup.pt\/cvsaotome\/en\/wp-json\/wp\/v2\/pages\/268","targetHints":{"allow":["GET"]}}],"collection":[{"href":"https:\/\/onevetgroup.pt\/cvsaotome\/en\/wp-json\/wp\/v2\/pages"}],"about":[{"href":"https:\/\/onevetgroup.pt\/cvsaotome\/en\/wp-json\/wp\/v2\/types\/page"}],"author":[{"embeddable":true,"href":"https:\/\/onevetgroup.pt\/cvsaotome\/en\/wp-json\/wp\/v2\/users\/1"}],"replies":[{"embeddable":true,"href":"https:\/\/onevetgroup.pt\/cvsaotome\/en\/wp-json\/wp\/v2\/comments?post=268"}],"version-history":[{"count":21,"href":"https:\/\/onevetgroup.pt\/cvsaotome\/en\/wp-json\/wp\/v2\/pages\/268\/revisions"}],"predecessor-version":[{"id":20790,"href":"https:\/\/onevetgroup.pt\/cvsaotome\/en\/wp-json\/wp\/v2\/pages\/268\/revisions\/20790"}],"wp:attachment":[{"href":"https:\/\/onevetgroup.pt\/cvsaotome\/en\/wp-json\/wp\/v2\/media?parent=268"}],"curies":[{"name":"wp","href":"https:\/\/api.w.org\/{rel}","templated":true}]}}