{"id":17846,"date":"2022-07-01T09:40:57","date_gmt":"2022-07-01T09:40:57","guid":{"rendered":"https:\/\/onevet.pt\/porto\/?page_id=17846"},"modified":"2026-03-23T10:06:24","modified_gmt":"2026-03-23T10:06:24","slug":"instalacoes","status":"publish","type":"page","link":"https:\/\/onevetgroup.pt\/cvsaotome\/instalacoes\/","title":{"rendered":"Instala\u00e7\u00f5es"},"content":{"rendered":"\t\t<div data-elementor-type=\"wp-page\" data-elementor-id=\"17846\" class=\"elementor elementor-17846\" data-elementor-post-type=\"page\">\n\t\t\t\t\t\t<section class=\"elementor-section elementor-top-section elementor-element elementor-element-54cf215 pad-top-0 elementor-section-boxed elementor-section-height-default elementor-section-height-default\" data-id=\"54cf215\" data-element_type=\"section\" data-e-type=\"section\" id=\"main-sec\" data-settings=\"{&quot;background_background&quot;:&quot;classic&quot;}\">\n\t\t\t\t\t\t<div class=\"elementor-container elementor-column-gap-wide\">\n\t\t\t\t\t<div class=\"elementor-column elementor-col-100 elementor-top-column elementor-element elementor-element-d926441\" data-id=\"d926441\" data-element_type=\"column\" data-e-type=\"column\">\n\t\t\t<div class=\"elementor-widget-wrap elementor-element-populated\">\n\t\t\t\t\t\t<section class=\"elementor-section elementor-inner-section elementor-element elementor-element-98275a1 elementor-section-boxed elementor-section-height-default elementor-section-height-default\" data-id=\"98275a1\" data-element_type=\"section\" data-e-type=\"section\">\n\t\t\t\t\t\t<div class=\"elementor-container elementor-column-gap-default\">\n\t\t\t\t\t<div class=\"elementor-column elementor-col-50 elementor-inner-column elementor-element elementor-element-07b222c\" data-id=\"07b222c\" data-element_type=\"column\" data-e-type=\"column\">\n\t\t\t<div class=\"elementor-widget-wrap elementor-element-populated\">\n\t\t\t\t\t\t<div class=\"elementor-element elementor-element-44b52f4 elementor-widget elementor-widget-image\" data-id=\"44b52f4\" data-element_type=\"widget\" data-e-type=\"widget\" data-widget_type=\"image.default\">\n\t\t\t\t<div class=\"elementor-widget-container\">\n\t\t\t\t\t\t\t\t\t\t\t\t\t\t\t<img fetchpriority=\"high\" width=\"786\" height=\"524\" class=\"attachment-townhub-single-image size-townhub-single-image wp-image-20851 lazy\" alt=\"\" data-src=\"https:\/\/onevetgroup.pt\/cvsaotome\/wp-content\/uploads\/sites\/84\/2026\/03\/IMG_4236-786x524.jpeg\" data-lazy=\"https:\/\/onevetgroup.pt\/cvsaotome\/wp-content\/uploads\/sites\/84\/2026\/03\/IMG_4236-786x524.jpeg\" \/>\t\t\t\t\t\t\t\t\t\t\t\t\t\t\t<\/div>\n\t\t\t\t<\/div>\n\t\t\t\t\t<\/div>\n\t\t<\/div>\n\t\t\t\t<div class=\"elementor-column elementor-col-50 elementor-inner-column elementor-element elementor-element-e32254f\" data-id=\"e32254f\" data-element_type=\"column\" data-e-type=\"column\">\n\t\t\t<div class=\"elementor-widget-wrap elementor-element-populated\">\n\t\t\t\t\t\t<div class=\"elementor-element elementor-element-6494dd8 elementor-widget elementor-widget-text-editor\" data-id=\"6494dd8\" data-element_type=\"widget\" data-e-type=\"widget\" data-widget_type=\"text-editor.default\">\n\t\t\t\t<div class=\"elementor-widget-container\">\n\t\t\t\t\t\t\t\t\t<div class=\"ewa-rteLine\"><p>As nossas instala\u00e7\u00f5es constam de uma ampla sala de espera e de um consult\u00f3rio devidamente equipado. Conta tamb\u00e9m com uma segunda sala de apoio ao consult\u00f3rio, laborat\u00f3rio com an\u00e1lises e microscopia. Banhos e tosquias s\u00e3o feitos numa terceira sala para o efeito.<\/p><\/div>\t\t\t\t\t\t\t\t<\/div>\n\t\t\t\t<\/div>\n\t\t\t\t\t<\/div>\n\t\t<\/div>\n\t\t\t\t\t<\/div>\n\t\t<\/section>\n\t\t\t\t<section class=\"elementor-section elementor-inner-section elementor-element elementor-element-dde928b elementor-section-boxed elementor-section-height-default elementor-section-height-default\" data-id=\"dde928b\" data-element_type=\"section\" data-e-type=\"section\">\n\t\t\t\t\t\t<div class=\"elementor-container elementor-column-gap-default\">\n\t\t\t\t\t<div class=\"elementor-column elementor-col-50 elementor-inner-column elementor-element elementor-element-cc2bfd3\" data-id=\"cc2bfd3\" data-element_type=\"column\" data-e-type=\"column\">\n\t\t\t<div class=\"elementor-widget-wrap elementor-element-populated\">\n\t\t\t\t\t\t<div class=\"elementor-element elementor-element-ad87997 elementor-align-center elementor-widget elementor-widget-button\" data-id=\"ad87997\" data-element_type=\"widget\" data-e-type=\"widget\" data-widget_type=\"button.default\">\n\t\t\t\t<div class=\"elementor-widget-container\">\n\t\t\t\t\t\t\t\t\t<div class=\"elementor-button-wrapper\">\n\t\t\t\t\t<a class=\"elementor-button elementor-button-link elementor-size-sm\" href=\"\/cvsaotome\/a-nossa-equipa\/\">\n\t\t\t\t\t\t<span class=\"elementor-button-content-wrapper\">\n\t\t\t\t\t\t\t\t\t<span class=\"elementor-button-text\">A Nossa Equipa<\/span>\n\t\t\t\t\t<\/span>\n\t\t\t\t\t<\/a>\n\t\t\t\t<\/div>\n\t\t\t\t\t\t\t\t<\/div>\n\t\t\t\t<\/div>\n\t\t\t\t\t<\/div>\n\t\t<\/div>\n\t\t\t\t<div class=\"elementor-column elementor-col-50 elementor-inner-column elementor-element elementor-element-5abf707\" data-id=\"5abf707\" data-element_type=\"column\" data-e-type=\"column\">\n\t\t\t<div class=\"elementor-widget-wrap elementor-element-populated\">\n\t\t\t\t\t\t<div class=\"elementor-element elementor-element-48e57d7 elementor-align-center elementor-widget elementor-widget-button\" data-id=\"48e57d7\" data-element_type=\"widget\" data-e-type=\"widget\" data-widget_type=\"button.default\">\n\t\t\t\t<div class=\"elementor-widget-container\">\n\t\t\t\t\t\t\t\t\t<div class=\"elementor-button-wrapper\">\n\t\t\t\t\t<a class=\"elementor-button elementor-button-link elementor-size-sm\" href=\"\/cvsaotome\/servicos-veterinarios\/\">\n\t\t\t\t\t\t<span class=\"elementor-button-content-wrapper\">\n\t\t\t\t\t\t\t\t\t<span class=\"elementor-button-text\">Servi\u00e7os Veterin\u00e1rios<\/span>\n\t\t\t\t\t<\/span>\n\t\t\t\t\t<\/a>\n\t\t\t\t<\/div>\n\t\t\t\t\t\t\t\t<\/div>\n\t\t\t\t<\/div>\n\t\t\t\t\t<\/div>\n\t\t<\/div>\n\t\t\t\t\t<\/div>\n\t\t<\/section>\n\t\t\t\t\t<\/div>\n\t\t<\/div>\n\t\t\t\t\t<\/div>\n\t\t<\/section>\n\t\t\t\t<section class=\"elementor-section elementor-top-section elementor-element elementor-element-e7e3a0d elementor-section-boxed elementor-section-height-default elementor-section-height-default\" data-id=\"e7e3a0d\" data-element_type=\"section\" data-e-type=\"section\">\n\t\t\t\t\t\t<div class=\"elementor-container elementor-column-gap-default\">\n\t\t\t\t\t<div class=\"elementor-column elementor-col-100 elementor-top-column elementor-element elementor-element-3555a68\" data-id=\"3555a68\" data-element_type=\"column\" data-e-type=\"column\">\n\t\t\t<div class=\"elementor-widget-wrap elementor-element-populated\">\n\t\t\t\t\t\t<div class=\"elementor-element elementor-element-d0a8904 elementor-widget elementor-widget-gallery\" data-id=\"d0a8904\" data-element_type=\"widget\" data-e-type=\"widget\" data-settings=\"{&quot;columns&quot;:&quot;3&quot;,&quot;aspect_ratio&quot;:&quot;1:1&quot;,&quot;lazyload&quot;:&quot;yes&quot;,&quot;gallery_layout&quot;:&quot;grid&quot;,&quot;columns_tablet&quot;:2,&quot;columns_mobile&quot;:1,&quot;gap&quot;:{&quot;unit&quot;:&quot;px&quot;,&quot;size&quot;:10,&quot;sizes&quot;:[]},&quot;gap_tablet&quot;:{&quot;unit&quot;:&quot;px&quot;,&quot;size&quot;:10,&quot;sizes&quot;:[]},&quot;gap_mobile&quot;:{&quot;unit&quot;:&quot;px&quot;,&quot;size&quot;:10,&quot;sizes&quot;:[]},&quot;link_to&quot;:&quot;file&quot;,&quot;overlay_background&quot;:&quot;yes&quot;,&quot;content_hover_animation&quot;:&quot;fade-in&quot;}\" data-widget_type=\"gallery.default\">\n\t\t\t\t<div class=\"elementor-widget-container\">\n\t\t\t\t\t\t\t<div class=\"elementor-gallery__container\">\n\t\t\t\t\t\t\t<a class=\"e-gallery-item elementor-gallery-item elementor-animated-content\" href=\"https:\/\/onevetgroup.pt\/cvsaotome\/wp-content\/uploads\/sites\/84\/2026\/03\/IMG_4234-1.jpeg\" data-elementor-open-lightbox=\"yes\" data-elementor-lightbox-slideshow=\"d0a8904\" data-elementor-lightbox-title=\"IMG_4234\" data-e-action-hash=\"#elementor-action%3Aaction%3Dlightbox%26settings%3DeyJpZCI6MjA4OTQsInVybCI6Imh0dHBzOlwvXC9vbmV2ZXRncm91cC5wdFwvY3ZzYW90b21lXC93cC1jb250ZW50XC91cGxvYWRzXC9zaXRlc1wvODRcLzIwMjZcLzAzXC9JTUdfNDIzNC0xLmpwZWciLCJzbGlkZXNob3ciOiJkMGE4OTA0In0%3D\">\n\t\t\t\t\t<div class=\"e-gallery-image elementor-gallery-item__image\" data-thumbnail=\"https:\/\/onevetgroup.pt\/cvsaotome\/wp-content\/uploads\/sites\/84\/2026\/03\/IMG_4234-1-1024x576.jpeg\" data-width=\"724\" data-height=\"407\" aria-label=\"\" role=\"img\" ><\/div>\n\t\t\t\t\t\t\t\t\t\t\t<div class=\"elementor-gallery-item__overlay\"><\/div>\n\t\t\t\t\t\t\t\t\t\t\t\t\t\t<\/a>\n\t\t\t\t\t\t\t<a class=\"e-gallery-item elementor-gallery-item elementor-animated-content\" href=\"https:\/\/onevetgroup.pt\/cvsaotome\/wp-content\/uploads\/sites\/84\/2026\/03\/IMG_4227-1.jpeg\" data-elementor-open-lightbox=\"yes\" data-elementor-lightbox-slideshow=\"d0a8904\" data-elementor-lightbox-title=\"IMG_4227\" data-e-action-hash=\"#elementor-action%3Aaction%3Dlightbox%26settings%3DeyJpZCI6MjA5MDAsInVybCI6Imh0dHBzOlwvXC9vbmV2ZXRncm91cC5wdFwvY3ZzYW90b21lXC93cC1jb250ZW50XC91cGxvYWRzXC9zaXRlc1wvODRcLzIwMjZcLzAzXC9JTUdfNDIyNy0xLmpwZWciLCJzbGlkZXNob3ciOiJkMGE4OTA0In0%3D\">\n\t\t\t\t\t<div class=\"e-gallery-image elementor-gallery-item__image\" data-thumbnail=\"https:\/\/onevetgroup.pt\/cvsaotome\/wp-content\/uploads\/sites\/84\/2026\/03\/IMG_4227-1-1024x576.jpeg\" data-width=\"724\" data-height=\"407\" aria-label=\"\" role=\"img\" ><\/div>\n\t\t\t\t\t\t\t\t\t\t\t<div class=\"elementor-gallery-item__overlay\"><\/div>\n\t\t\t\t\t\t\t\t\t\t\t\t\t\t<\/a>\n\t\t\t\t\t\t\t<a class=\"e-gallery-item elementor-gallery-item elementor-animated-content\" href=\"https:\/\/onevetgroup.pt\/cvsaotome\/wp-content\/uploads\/sites\/84\/2026\/03\/IMG_4228.jpeg\" data-elementor-open-lightbox=\"yes\" data-elementor-lightbox-slideshow=\"d0a8904\" data-elementor-lightbox-title=\"IMG_4228\" data-e-action-hash=\"#elementor-action%3Aaction%3Dlightbox%26settings%3DeyJpZCI6MjA5MDIsInVybCI6Imh0dHBzOlwvXC9vbmV2ZXRncm91cC5wdFwvY3ZzYW90b21lXC93cC1jb250ZW50XC91cGxvYWRzXC9zaXRlc1wvODRcLzIwMjZcLzAzXC9JTUdfNDIyOC5qcGVnIiwic2xpZGVzaG93IjoiZDBhODkwNCJ9\">\n\t\t\t\t\t<div class=\"e-gallery-image elementor-gallery-item__image\" data-thumbnail=\"https:\/\/onevetgroup.pt\/cvsaotome\/wp-content\/uploads\/sites\/84\/2026\/03\/IMG_4228-1024x576.jpeg\" data-width=\"724\" data-height=\"407\" aria-label=\"\" role=\"img\" ><\/div>\n\t\t\t\t\t\t\t\t\t\t\t<div class=\"elementor-gallery-item__overlay\"><\/div>\n\t\t\t\t\t\t\t\t\t\t\t\t\t\t<\/a>\n\t\t\t\t\t\t\t<a class=\"e-gallery-item elementor-gallery-item elementor-animated-content\" href=\"https:\/\/onevetgroup.pt\/cvsaotome\/wp-content\/uploads\/sites\/84\/2026\/03\/IMG_4232.jpeg\" data-elementor-open-lightbox=\"yes\" data-elementor-lightbox-slideshow=\"d0a8904\" data-elementor-lightbox-title=\"IMG_4232\" data-e-action-hash=\"#elementor-action%3Aaction%3Dlightbox%26settings%3DeyJpZCI6MjA5MTAsInVybCI6Imh0dHBzOlwvXC9vbmV2ZXRncm91cC5wdFwvY3ZzYW90b21lXC93cC1jb250ZW50XC91cGxvYWRzXC9zaXRlc1wvODRcLzIwMjZcLzAzXC9JTUdfNDIzMi5qcGVnIiwic2xpZGVzaG93IjoiZDBhODkwNCJ9\">\n\t\t\t\t\t<div class=\"e-gallery-image elementor-gallery-item__image\" data-thumbnail=\"https:\/\/onevetgroup.pt\/cvsaotome\/wp-content\/uploads\/sites\/84\/2026\/03\/IMG_4232-1024x576.jpeg\" data-width=\"724\" data-height=\"407\" aria-label=\"\" role=\"img\" ><\/div>\n\t\t\t\t\t\t\t\t\t\t\t<div class=\"elementor-gallery-item__overlay\"><\/div>\n\t\t\t\t\t\t\t\t\t\t\t\t\t\t<\/a>\n\t\t\t\t\t\t\t<a class=\"e-gallery-item elementor-gallery-item elementor-animated-content\" href=\"https:\/\/onevetgroup.pt\/cvsaotome\/wp-content\/uploads\/sites\/84\/2026\/03\/IMG_4233.jpeg\" data-elementor-open-lightbox=\"yes\" data-elementor-lightbox-slideshow=\"d0a8904\" data-elementor-lightbox-title=\"IMG_4233\" data-e-action-hash=\"#elementor-action%3Aaction%3Dlightbox%26settings%3DeyJpZCI6MjA5MTIsInVybCI6Imh0dHBzOlwvXC9vbmV2ZXRncm91cC5wdFwvY3ZzYW90b21lXC93cC1jb250ZW50XC91cGxvYWRzXC9zaXRlc1wvODRcLzIwMjZcLzAzXC9JTUdfNDIzMy5qcGVnIiwic2xpZGVzaG93IjoiZDBhODkwNCJ9\">\n\t\t\t\t\t<div class=\"e-gallery-image elementor-gallery-item__image\" data-thumbnail=\"https:\/\/onevetgroup.pt\/cvsaotome\/wp-content\/uploads\/sites\/84\/2026\/03\/IMG_4233-1024x576.jpeg\" data-width=\"724\" data-height=\"407\" aria-label=\"\" role=\"img\" ><\/div>\n\t\t\t\t\t\t\t\t\t\t\t<div class=\"elementor-gallery-item__overlay\"><\/div>\n\t\t\t\t\t\t\t\t\t\t\t\t\t\t<\/a>\n\t\t\t\t\t\t\t<a class=\"e-gallery-item elementor-gallery-item elementor-animated-content\" href=\"https:\/\/onevetgroup.pt\/cvsaotome\/wp-content\/uploads\/sites\/84\/2026\/03\/IMG_4235.jpeg\" data-elementor-open-lightbox=\"yes\" data-elementor-lightbox-slideshow=\"d0a8904\" data-elementor-lightbox-title=\"IMG_4235\" data-e-action-hash=\"#elementor-action%3Aaction%3Dlightbox%26settings%3DeyJpZCI6MjA5MTQsInVybCI6Imh0dHBzOlwvXC9vbmV2ZXRncm91cC5wdFwvY3ZzYW90b21lXC93cC1jb250ZW50XC91cGxvYWRzXC9zaXRlc1wvODRcLzIwMjZcLzAzXC9JTUdfNDIzNS5qcGVnIiwic2xpZGVzaG93IjoiZDBhODkwNCJ9\">\n\t\t\t\t\t<div class=\"e-gallery-image elementor-gallery-item__image\" data-thumbnail=\"https:\/\/onevetgroup.pt\/cvsaotome\/wp-content\/uploads\/sites\/84\/2026\/03\/IMG_4235-1024x576.jpeg\" data-width=\"724\" data-height=\"407\" aria-label=\"\" role=\"img\" ><\/div>\n\t\t\t\t\t\t\t\t\t\t\t<div class=\"elementor-gallery-item__overlay\"><\/div>\n\t\t\t\t\t\t\t\t\t\t\t\t\t\t<\/a>\n\t\t\t\t\t\t\t<a class=\"e-gallery-item elementor-gallery-item elementor-animated-content\" href=\"https:\/\/onevetgroup.pt\/cvsaotome\/wp-content\/uploads\/sites\/84\/2026\/03\/IMG_4237.jpeg\" data-elementor-open-lightbox=\"yes\" data-elementor-lightbox-slideshow=\"d0a8904\" data-elementor-lightbox-title=\"IMG_4237\" data-e-action-hash=\"#elementor-action%3Aaction%3Dlightbox%26settings%3DeyJpZCI6MjA5MTYsInVybCI6Imh0dHBzOlwvXC9vbmV2ZXRncm91cC5wdFwvY3ZzYW90b21lXC93cC1jb250ZW50XC91cGxvYWRzXC9zaXRlc1wvODRcLzIwMjZcLzAzXC9JTUdfNDIzNy5qcGVnIiwic2xpZGVzaG93IjoiZDBhODkwNCJ9\">\n\t\t\t\t\t<div class=\"e-gallery-image elementor-gallery-item__image\" data-thumbnail=\"https:\/\/onevetgroup.pt\/cvsaotome\/wp-content\/uploads\/sites\/84\/2026\/03\/IMG_4237-1024x576.jpeg\" data-width=\"724\" data-height=\"407\" aria-label=\"\" role=\"img\" ><\/div>\n\t\t\t\t\t\t\t\t\t\t\t<div class=\"elementor-gallery-item__overlay\"><\/div>\n\t\t\t\t\t\t\t\t\t\t\t\t\t\t<\/a>\n\t\t\t\t\t<\/div>\n\t\t\t\t\t<\/div>\n\t\t\t\t<\/div>\n\t\t\t\t\t<\/div>\n\t\t<\/div>\n\t\t\t\t\t<\/div>\n\t\t<\/section>\n\t\t\t\t<\/div>\n\t\t","protected":false},"excerpt":{"rendered":"<p>As nossas instala\u00e7\u00f5es constam de uma ampla sala de espera e de um consult\u00f3rio devidamente equipado. Conta tamb\u00e9m com uma segunda sala de apoio ao consult\u00f3rio, laborat\u00f3rio com an\u00e1lises e microscopia. Banhos e tosquias s\u00e3o feitos numa terceira sala para o efeito. A Nossa Equipa Servi\u00e7os Veterin\u00e1rios<\/p>\n","protected":false},"author":61,"featured_media":0,"parent":0,"menu_order":0,"comment_status":"closed","ping_status":"closed","template":"page-fullwidth.php","meta":{"_acf_changed":false,"content-type":"","footnotes":""},"class_list":["post-17846","page","type-page","status-publish","hentry"],"acf":[],"yoast_head":"<!-- This site is optimized with the Yoast SEO plugin v27.4 - https:\/\/yoast.com\/product\/yoast-seo-wordpress\/ -->\n<title>Instala\u00e7\u00f5es - Tom\u00e9<\/title>\n<meta name=\"robots\" content=\"index, follow, max-snippet:-1, max-image-preview:large, max-video-preview:-1\" \/>\n<link rel=\"canonical\" href=\"https:\/\/onevetgroup.pt\/cvsaotome\/instalacoes\/\" \/>\n<meta property=\"og:locale\" content=\"pt_PT\" \/>\n<meta property=\"og:type\" content=\"article\" \/>\n<meta property=\"og:title\" content=\"Instala\u00e7\u00f5es - Tom\u00e9\" \/>\n<meta property=\"og:description\" content=\"As nossas instala\u00e7\u00f5es constam de uma ampla sala de espera e de um consult\u00f3rio devidamente equipado. Conta tamb\u00e9m com uma segunda sala de apoio ao consult\u00f3rio, laborat\u00f3rio com an\u00e1lises e microscopia. Banhos e tosquias s\u00e3o feitos numa terceira sala para o efeito. A Nossa Equipa Servi\u00e7os Veterin\u00e1rios\" \/>\n<meta property=\"og:url\" content=\"https:\/\/onevetgroup.pt\/cvsaotome\/instalacoes\/\" \/>\n<meta property=\"og:site_name\" content=\"Tom\u00e9\" \/>\n<meta property=\"article:modified_time\" content=\"2026-03-23T10:06:24+00:00\" \/>\n<meta property=\"og:image\" content=\"https:\/\/onevetgroup.pt\/cvsaotome\/wp-content\/uploads\/sites\/84\/2026\/03\/IMG_4236-786x524.jpeg\" \/>\n<meta name=\"twitter:card\" content=\"summary_large_image\" \/>\n<meta name=\"twitter:label1\" content=\"Tempo estimado de leitura\" \/>\n\t<meta name=\"twitter:data1\" content=\"1 minuto\" \/>\n<script type=\"application\/ld+json\" class=\"yoast-schema-graph\">{\"@context\":\"https:\\\/\\\/schema.org\",\"@graph\":[{\"@type\":\"WebPage\",\"@id\":\"https:\\\/\\\/onevetgroup.pt\\\/cvsaotome\\\/instalacoes\\\/\",\"url\":\"https:\\\/\\\/onevetgroup.pt\\\/cvsaotome\\\/instalacoes\\\/\",\"name\":\"Instala\u00e7\u00f5es - Tom\u00e9\",\"isPartOf\":{\"@id\":\"https:\\\/\\\/onevetgroup.pt\\\/cvsaotome\\\/#website\"},\"primaryImageOfPage\":{\"@id\":\"https:\\\/\\\/onevetgroup.pt\\\/cvsaotome\\\/instalacoes\\\/#primaryimage\"},\"image\":{\"@id\":\"https:\\\/\\\/onevetgroup.pt\\\/cvsaotome\\\/instalacoes\\\/#primaryimage\"},\"thumbnailUrl\":\"https:\\\/\\\/onevetgroup.pt\\\/cvsaotome\\\/wp-content\\\/uploads\\\/sites\\\/84\\\/2026\\\/03\\\/IMG_4236-786x524.jpeg\",\"datePublished\":\"2022-07-01T09:40:57+00:00\",\"dateModified\":\"2026-03-23T10:06:24+00:00\",\"breadcrumb\":{\"@id\":\"https:\\\/\\\/onevetgroup.pt\\\/cvsaotome\\\/instalacoes\\\/#breadcrumb\"},\"inLanguage\":\"pt-PT\",\"potentialAction\":[{\"@type\":\"ReadAction\",\"target\":[\"https:\\\/\\\/onevetgroup.pt\\\/cvsaotome\\\/instalacoes\\\/\"]}]},{\"@type\":\"ImageObject\",\"inLanguage\":\"pt-PT\",\"@id\":\"https:\\\/\\\/onevetgroup.pt\\\/cvsaotome\\\/instalacoes\\\/#primaryimage\",\"url\":\"https:\\\/\\\/onevetgroup.pt\\\/cvsaotome\\\/wp-content\\\/uploads\\\/sites\\\/84\\\/2026\\\/03\\\/IMG_4236-786x524.jpeg\",\"contentUrl\":\"https:\\\/\\\/onevetgroup.pt\\\/cvsaotome\\\/wp-content\\\/uploads\\\/sites\\\/84\\\/2026\\\/03\\\/IMG_4236-786x524.jpeg\"},{\"@type\":\"BreadcrumbList\",\"@id\":\"https:\\\/\\\/onevetgroup.pt\\\/cvsaotome\\\/instalacoes\\\/#breadcrumb\",\"itemListElement\":[{\"@type\":\"ListItem\",\"position\":1,\"name\":\"Home\",\"item\":\"https:\\\/\\\/onevetgroup.pt\\\/cvsaotome\\\/\"},{\"@type\":\"ListItem\",\"position\":2,\"name\":\"Instala\u00e7\u00f5es\"}]},{\"@type\":\"WebSite\",\"@id\":\"https:\\\/\\\/onevetgroup.pt\\\/cvsaotome\\\/#website\",\"url\":\"https:\\\/\\\/onevetgroup.pt\\\/cvsaotome\\\/\",\"name\":\"Tom\u00e9\",\"description\":\"Your Pets in Good Hands\",\"publisher\":{\"@id\":\"https:\\\/\\\/onevetgroup.pt\\\/cvsaotome\\\/#organization\"},\"potentialAction\":[{\"@type\":\"SearchAction\",\"target\":{\"@type\":\"EntryPoint\",\"urlTemplate\":\"https:\\\/\\\/onevetgroup.pt\\\/cvsaotome\\\/?s={search_term_string}\"},\"query-input\":{\"@type\":\"PropertyValueSpecification\",\"valueRequired\":true,\"valueName\":\"search_term_string\"}}],\"inLanguage\":\"pt-PT\"},{\"@type\":\"Organization\",\"@id\":\"https:\\\/\\\/onevetgroup.pt\\\/cvsaotome\\\/#organization\",\"name\":\"Tom\u00e9\",\"url\":\"https:\\\/\\\/onevetgroup.pt\\\/cvsaotome\\\/\",\"logo\":{\"@type\":\"ImageObject\",\"inLanguage\":\"pt-PT\",\"@id\":\"https:\\\/\\\/onevetgroup.pt\\\/cvsaotome\\\/#\\\/schema\\\/logo\\\/image\\\/\",\"url\":\"https:\\\/\\\/onevetgroup.pt\\\/cvsaotome\\\/wp-content\\\/uploads\\\/sites\\\/84\\\/2025\\\/11\\\/cropped-Logo_Prancheta_1-scaled-1.png\",\"contentUrl\":\"https:\\\/\\\/onevetgroup.pt\\\/cvsaotome\\\/wp-content\\\/uploads\\\/sites\\\/84\\\/2025\\\/11\\\/cropped-Logo_Prancheta_1-scaled-1.png\",\"width\":2559,\"height\":607,\"caption\":\"Tom\u00e9\"},\"image\":{\"@id\":\"https:\\\/\\\/onevetgroup.pt\\\/cvsaotome\\\/#\\\/schema\\\/logo\\\/image\\\/\"}}]}<\/script>\n<!-- \/ Yoast SEO plugin. -->","yoast_head_json":{"title":"Instala\u00e7\u00f5es - Tom\u00e9","robots":{"index":"index","follow":"follow","max-snippet":"max-snippet:-1","max-image-preview":"max-image-preview:large","max-video-preview":"max-video-preview:-1"},"canonical":"https:\/\/onevetgroup.pt\/cvsaotome\/instalacoes\/","og_locale":"pt_PT","og_type":"article","og_title":"Instala\u00e7\u00f5es - Tom\u00e9","og_description":"As nossas instala\u00e7\u00f5es constam de uma ampla sala de espera e de um consult\u00f3rio devidamente equipado. Conta tamb\u00e9m com uma segunda sala de apoio ao consult\u00f3rio, laborat\u00f3rio com an\u00e1lises e microscopia. Banhos e tosquias s\u00e3o feitos numa terceira sala para o efeito. A Nossa Equipa Servi\u00e7os Veterin\u00e1rios","og_url":"https:\/\/onevetgroup.pt\/cvsaotome\/instalacoes\/","og_site_name":"Tom\u00e9","article_modified_time":"2026-03-23T10:06:24+00:00","og_image":[{"url":"https:\/\/onevetgroup.pt\/cvsaotome\/wp-content\/uploads\/sites\/84\/2026\/03\/IMG_4236-786x524.jpeg","type":"","width":"","height":""}],"twitter_card":"summary_large_image","twitter_misc":{"Tempo estimado de leitura":"1 minuto"},"schema":{"@context":"https:\/\/schema.org","@graph":[{"@type":"WebPage","@id":"https:\/\/onevetgroup.pt\/cvsaotome\/instalacoes\/","url":"https:\/\/onevetgroup.pt\/cvsaotome\/instalacoes\/","name":"Instala\u00e7\u00f5es - Tom\u00e9","isPartOf":{"@id":"https:\/\/onevetgroup.pt\/cvsaotome\/#website"},"primaryImageOfPage":{"@id":"https:\/\/onevetgroup.pt\/cvsaotome\/instalacoes\/#primaryimage"},"image":{"@id":"https:\/\/onevetgroup.pt\/cvsaotome\/instalacoes\/#primaryimage"},"thumbnailUrl":"https:\/\/onevetgroup.pt\/cvsaotome\/wp-content\/uploads\/sites\/84\/2026\/03\/IMG_4236-786x524.jpeg","datePublished":"2022-07-01T09:40:57+00:00","dateModified":"2026-03-23T10:06:24+00:00","breadcrumb":{"@id":"https:\/\/onevetgroup.pt\/cvsaotome\/instalacoes\/#breadcrumb"},"inLanguage":"pt-PT","potentialAction":[{"@type":"ReadAction","target":["https:\/\/onevetgroup.pt\/cvsaotome\/instalacoes\/"]}]},{"@type":"ImageObject","inLanguage":"pt-PT","@id":"https:\/\/onevetgroup.pt\/cvsaotome\/instalacoes\/#primaryimage","url":"https:\/\/onevetgroup.pt\/cvsaotome\/wp-content\/uploads\/sites\/84\/2026\/03\/IMG_4236-786x524.jpeg","contentUrl":"https:\/\/onevetgroup.pt\/cvsaotome\/wp-content\/uploads\/sites\/84\/2026\/03\/IMG_4236-786x524.jpeg"},{"@type":"BreadcrumbList","@id":"https:\/\/onevetgroup.pt\/cvsaotome\/instalacoes\/#breadcrumb","itemListElement":[{"@type":"ListItem","position":1,"name":"Home","item":"https:\/\/onevetgroup.pt\/cvsaotome\/"},{"@type":"ListItem","position":2,"name":"Instala\u00e7\u00f5es"}]},{"@type":"WebSite","@id":"https:\/\/onevetgroup.pt\/cvsaotome\/#website","url":"https:\/\/onevetgroup.pt\/cvsaotome\/","name":"Tom\u00e9","description":"Your Pets in Good Hands","publisher":{"@id":"https:\/\/onevetgroup.pt\/cvsaotome\/#organization"},"potentialAction":[{"@type":"SearchAction","target":{"@type":"EntryPoint","urlTemplate":"https:\/\/onevetgroup.pt\/cvsaotome\/?s={search_term_string}"},"query-input":{"@type":"PropertyValueSpecification","valueRequired":true,"valueName":"search_term_string"}}],"inLanguage":"pt-PT"},{"@type":"Organization","@id":"https:\/\/onevetgroup.pt\/cvsaotome\/#organization","name":"Tom\u00e9","url":"https:\/\/onevetgroup.pt\/cvsaotome\/","logo":{"@type":"ImageObject","inLanguage":"pt-PT","@id":"https:\/\/onevetgroup.pt\/cvsaotome\/#\/schema\/logo\/image\/","url":"https:\/\/onevetgroup.pt\/cvsaotome\/wp-content\/uploads\/sites\/84\/2025\/11\/cropped-Logo_Prancheta_1-scaled-1.png","contentUrl":"https:\/\/onevetgroup.pt\/cvsaotome\/wp-content\/uploads\/sites\/84\/2025\/11\/cropped-Logo_Prancheta_1-scaled-1.png","width":2559,"height":607,"caption":"Tom\u00e9"},"image":{"@id":"https:\/\/onevetgroup.pt\/cvsaotome\/#\/schema\/logo\/image\/"}}]}},"_links":{"self":[{"href":"https:\/\/onevetgroup.pt\/cvsaotome\/wp-json\/wp\/v2\/pages\/17846","targetHints":{"allow":["GET"]}}],"collection":[{"href":"https:\/\/onevetgroup.pt\/cvsaotome\/wp-json\/wp\/v2\/pages"}],"about":[{"href":"https:\/\/onevetgroup.pt\/cvsaotome\/wp-json\/wp\/v2\/types\/page"}],"author":[{"embeddable":true,"href":"https:\/\/onevetgroup.pt\/cvsaotome\/wp-json\/wp\/v2\/users\/61"}],"replies":[{"embeddable":true,"href":"https:\/\/onevetgroup.pt\/cvsaotome\/wp-json\/wp\/v2\/comments?post=17846"}],"version-history":[{"count":19,"href":"https:\/\/onevetgroup.pt\/cvsaotome\/wp-json\/wp\/v2\/pages\/17846\/revisions"}],"predecessor-version":[{"id":20920,"href":"https:\/\/onevetgroup.pt\/cvsaotome\/wp-json\/wp\/v2\/pages\/17846\/revisions\/20920"}],"wp:attachment":[{"href":"https:\/\/onevetgroup.pt\/cvsaotome\/wp-json\/wp\/v2\/media?parent=17846"}],"curies":[{"name":"wp","href":"https:\/\/api.w.org\/{rel}","templated":true}]}}