{"id":17846,"date":"2022-07-01T09:40:57","date_gmt":"2022-07-01T09:40:57","guid":{"rendered":"https:\/\/onevet.pt\/porto\/?page_id=17846"},"modified":"2025-09-05T16:15:38","modified_gmt":"2025-09-05T16:15:38","slug":"instalacoes","status":"publish","type":"page","link":"https:\/\/onevetgroup.pt\/cvsetubal\/instalacoes\/","title":{"rendered":"Instala\u00e7\u00f5es"},"content":{"rendered":"\t\t<div data-elementor-type=\"wp-page\" data-elementor-id=\"17846\" class=\"elementor elementor-17846\" data-elementor-post-type=\"page\">\n\t\t\t\t\t\t<section class=\"elementor-section elementor-top-section elementor-element elementor-element-54cf215 pad-top-0 elementor-section-boxed elementor-section-height-default elementor-section-height-default\" data-id=\"54cf215\" data-element_type=\"section\" data-e-type=\"section\" id=\"main-sec\" data-settings=\"{&quot;background_background&quot;:&quot;classic&quot;}\">\n\t\t\t\t\t\t<div class=\"elementor-container elementor-column-gap-wide\">\n\t\t\t\t\t<div class=\"elementor-column elementor-col-100 elementor-top-column elementor-element elementor-element-d926441\" data-id=\"d926441\" data-element_type=\"column\" data-e-type=\"column\">\n\t\t\t<div class=\"elementor-widget-wrap elementor-element-populated\">\n\t\t\t\t\t\t<div class=\"elementor-element elementor-element-ac5c964 elementor-widget elementor-widget-text-editor\" data-id=\"ac5c964\" data-element_type=\"widget\" data-e-type=\"widget\" data-widget_type=\"text-editor.default\">\n\t\t\t\t<div class=\"elementor-widget-container\">\n\t\t\t\t\t\t\t\t\t<div class=\"elementor-element elementor-element-ac5c964 elementor-widget elementor-widget-text-editor\" data-id=\"ac5c964\" data-element_type=\"widget\" data-widget_type=\"text-editor.default\"><div class=\"elementor-widget-container\"><p>A Onevet Cl\u00ednica Veterin\u00e1ria de Set\u00fabal conta com a melhor equipa e instala\u00e7\u00f5es para poder oferecer o melhor tratamento e servi\u00e7o.<\/p><\/div><\/div>\t\t\t\t\t\t\t\t<\/div>\n\t\t\t\t<\/div>\n\t\t\t\t<section class=\"elementor-section elementor-inner-section elementor-element elementor-element-98275a1 elementor-section-boxed elementor-section-height-default elementor-section-height-default\" data-id=\"98275a1\" data-element_type=\"section\" data-e-type=\"section\">\n\t\t\t\t\t\t<div class=\"elementor-container elementor-column-gap-default\">\n\t\t\t\t\t<div class=\"elementor-column elementor-col-50 elementor-inner-column elementor-element elementor-element-07b222c\" data-id=\"07b222c\" data-element_type=\"column\" data-e-type=\"column\">\n\t\t\t<div class=\"elementor-widget-wrap elementor-element-populated\">\n\t\t\t\t\t\t<div class=\"elementor-element elementor-element-44b52f4 elementor-widget elementor-widget-image\" data-id=\"44b52f4\" data-element_type=\"widget\" data-e-type=\"widget\" data-widget_type=\"image.default\">\n\t\t\t\t<div class=\"elementor-widget-container\">\n\t\t\t\t\t\t\t\t\t\t\t\t\t\t\t<img fetchpriority=\"high\" width=\"1023\" height=\"681\" class=\"attachment-2048x2048 size-2048x2048 wp-image-20608 lazy\" alt=\"\" data-src=\"https:\/\/onevetgroup.pt\/cvsetubal\/wp-content\/uploads\/sites\/75\/2025\/09\/close-up-veterinarian-taking-care-dog-2-1.jpg\" data-lazy=\"https:\/\/onevetgroup.pt\/cvsetubal\/wp-content\/uploads\/sites\/75\/2025\/09\/close-up-veterinarian-taking-care-dog-2-1.jpg\" \/>\t\t\t\t\t\t\t\t\t\t\t\t\t\t\t<\/div>\n\t\t\t\t<\/div>\n\t\t\t\t\t<\/div>\n\t\t<\/div>\n\t\t\t\t<div class=\"elementor-column elementor-col-50 elementor-inner-column elementor-element elementor-element-e32254f\" data-id=\"e32254f\" data-element_type=\"column\" data-e-type=\"column\">\n\t\t\t<div class=\"elementor-widget-wrap elementor-element-populated\">\n\t\t\t\t\t\t<div class=\"elementor-element elementor-element-6494dd8 elementor-widget elementor-widget-text-editor\" data-id=\"6494dd8\" data-element_type=\"widget\" data-e-type=\"widget\" data-widget_type=\"text-editor.default\">\n\t\t\t\t<div class=\"elementor-widget-container\">\n\t\t\t\t\t\t\t\t\t<div class=\"ewa-rteLine\"><p>As nossas instala\u00e7\u00f5es foram pensadas para melhor acolher os animais de companhia. O amplo espa\u00e7o da cl\u00ednica permite oferecer uma boa zona de rece\u00e7\u00e3o, consult\u00f3rios com luz natural e zonas de tratamento e recobro desafogadas, para que o seu patudo se sinta em casa e o mais tranquilo poss\u00edvel.<br \/>Dispomos de duas salas de cirurgia com servi\u00e7o de anestesiologia, laborat\u00f3rio cl\u00ednico pr\u00f3prio, zona de tratamento de doen\u00e7as infecto-contagiosas separada, uma zona de recobro exclusiva para gatos e uma sala dedicada ao servi\u00e7o de enfermagem. <br \/>No servi\u00e7o de Imagiologia dispomos de Raio-X digital, ecografo e endoscopio. <br \/>Temos facilidade de estacionamento nas proximidades do local.<\/p><\/div>\t\t\t\t\t\t\t\t<\/div>\n\t\t\t\t<\/div>\n\t\t\t\t\t<\/div>\n\t\t<\/div>\n\t\t\t\t\t<\/div>\n\t\t<\/section>\n\t\t\t\t<section class=\"elementor-section elementor-inner-section elementor-element elementor-element-dde928b elementor-section-boxed elementor-section-height-default elementor-section-height-default\" data-id=\"dde928b\" data-element_type=\"section\" data-e-type=\"section\">\n\t\t\t\t\t\t<div class=\"elementor-container elementor-column-gap-default\">\n\t\t\t\t\t<div class=\"elementor-column elementor-col-50 elementor-inner-column elementor-element elementor-element-cc2bfd3\" data-id=\"cc2bfd3\" data-element_type=\"column\" data-e-type=\"column\">\n\t\t\t<div class=\"elementor-widget-wrap elementor-element-populated\">\n\t\t\t\t\t\t<div class=\"elementor-element elementor-element-ad87997 elementor-align-center elementor-widget elementor-widget-button\" data-id=\"ad87997\" data-element_type=\"widget\" data-e-type=\"widget\" data-widget_type=\"button.default\">\n\t\t\t\t<div class=\"elementor-widget-container\">\n\t\t\t\t\t\t\t\t\t<div class=\"elementor-button-wrapper\">\n\t\t\t\t\t<a class=\"elementor-button elementor-button-link elementor-size-sm\" href=\"\/cvsetubal\/a-nossa-equipa\/\">\n\t\t\t\t\t\t<span class=\"elementor-button-content-wrapper\">\n\t\t\t\t\t\t\t\t\t<span class=\"elementor-button-text\">A Nossa Equipa<\/span>\n\t\t\t\t\t<\/span>\n\t\t\t\t\t<\/a>\n\t\t\t\t<\/div>\n\t\t\t\t\t\t\t\t<\/div>\n\t\t\t\t<\/div>\n\t\t\t\t\t<\/div>\n\t\t<\/div>\n\t\t\t\t<div class=\"elementor-column elementor-col-50 elementor-inner-column elementor-element elementor-element-5abf707\" data-id=\"5abf707\" data-element_type=\"column\" data-e-type=\"column\">\n\t\t\t<div class=\"elementor-widget-wrap elementor-element-populated\">\n\t\t\t\t\t\t<div class=\"elementor-element elementor-element-48e57d7 elementor-align-center elementor-widget elementor-widget-button\" data-id=\"48e57d7\" data-element_type=\"widget\" data-e-type=\"widget\" data-widget_type=\"button.default\">\n\t\t\t\t<div class=\"elementor-widget-container\">\n\t\t\t\t\t\t\t\t\t<div class=\"elementor-button-wrapper\">\n\t\t\t\t\t<a class=\"elementor-button elementor-button-link elementor-size-sm\" href=\"\/cvsetubal\/servicos-veterinarios\/\">\n\t\t\t\t\t\t<span class=\"elementor-button-content-wrapper\">\n\t\t\t\t\t\t\t\t\t<span class=\"elementor-button-text\">Servi\u00e7os Veterin\u00e1rios<\/span>\n\t\t\t\t\t<\/span>\n\t\t\t\t\t<\/a>\n\t\t\t\t<\/div>\n\t\t\t\t\t\t\t\t<\/div>\n\t\t\t\t<\/div>\n\t\t\t\t\t<\/div>\n\t\t<\/div>\n\t\t\t\t\t<\/div>\n\t\t<\/section>\n\t\t\t\t\t<\/div>\n\t\t<\/div>\n\t\t\t\t\t<\/div>\n\t\t<\/section>\n\t\t\t\t<\/div>\n\t\t","protected":false},"excerpt":{"rendered":"<p>A Onevet Cl\u00ednica Veterin\u00e1ria de Set\u00fabal conta com a melhor equipa e instala\u00e7\u00f5es para poder oferecer o melhor tratamento e servi\u00e7o. As nossas instala\u00e7\u00f5es foram pensadas para melhor acolher os animais de companhia. O amplo espa\u00e7o da cl\u00ednica permite oferecer uma boa zona de rece\u00e7\u00e3o, consult\u00f3rios com luz natural e zonas de tratamento e recobro &hellip; <\/p>\n","protected":false},"author":61,"featured_media":0,"parent":0,"menu_order":0,"comment_status":"closed","ping_status":"closed","template":"page-fullwidth.php","meta":{"_acf_changed":false,"content-type":"","footnotes":""},"class_list":["post-17846","page","type-page","status-publish","hentry"],"acf":[],"yoast_head":"<!-- This site is optimized with the Yoast SEO plugin v27.4 - https:\/\/yoast.com\/product\/yoast-seo-wordpress\/ -->\n<title>Instala\u00e7\u00f5es - Setubal<\/title>\n<meta name=\"robots\" content=\"index, follow, max-snippet:-1, max-image-preview:large, max-video-preview:-1\" \/>\n<link rel=\"canonical\" href=\"https:\/\/onevetgroup.pt\/cvsetubal\/instalacoes\/\" \/>\n<meta property=\"og:locale\" content=\"pt_PT\" \/>\n<meta property=\"og:type\" content=\"article\" \/>\n<meta property=\"og:title\" content=\"Instala\u00e7\u00f5es - Setubal\" \/>\n<meta property=\"og:description\" content=\"A Onevet Cl\u00ednica Veterin\u00e1ria de Set\u00fabal conta com a melhor equipa e instala\u00e7\u00f5es para poder oferecer o melhor tratamento e servi\u00e7o. As nossas instala\u00e7\u00f5es foram pensadas para melhor acolher os animais de companhia. O amplo espa\u00e7o da cl\u00ednica permite oferecer uma boa zona de rece\u00e7\u00e3o, consult\u00f3rios com luz natural e zonas de tratamento e recobro &hellip;\" \/>\n<meta property=\"og:url\" content=\"https:\/\/onevetgroup.pt\/cvsetubal\/instalacoes\/\" \/>\n<meta property=\"og:site_name\" content=\"Setubal\" \/>\n<meta property=\"article:modified_time\" content=\"2025-09-05T16:15:38+00:00\" \/>\n<meta property=\"og:image\" content=\"https:\/\/onevetgroup.pt\/cvsetubal\/wp-content\/uploads\/sites\/75\/2025\/09\/close-up-veterinarian-taking-care-dog-2-1.jpg\" \/>\n<meta name=\"twitter:card\" content=\"summary_large_image\" \/>\n<meta name=\"twitter:label1\" content=\"Tempo estimado de leitura\" \/>\n\t<meta name=\"twitter:data1\" content=\"2 minutos\" \/>\n<script type=\"application\/ld+json\" class=\"yoast-schema-graph\">{\"@context\":\"https:\\\/\\\/schema.org\",\"@graph\":[{\"@type\":\"WebPage\",\"@id\":\"https:\\\/\\\/onevetgroup.pt\\\/cvsetubal\\\/instalacoes\\\/\",\"url\":\"https:\\\/\\\/onevetgroup.pt\\\/cvsetubal\\\/instalacoes\\\/\",\"name\":\"Instala\u00e7\u00f5es - Setubal\",\"isPartOf\":{\"@id\":\"https:\\\/\\\/onevetgroup.pt\\\/cvsetubal\\\/#website\"},\"primaryImageOfPage\":{\"@id\":\"https:\\\/\\\/onevetgroup.pt\\\/cvsetubal\\\/instalacoes\\\/#primaryimage\"},\"image\":{\"@id\":\"https:\\\/\\\/onevetgroup.pt\\\/cvsetubal\\\/instalacoes\\\/#primaryimage\"},\"thumbnailUrl\":\"https:\\\/\\\/onevetgroup.pt\\\/cvsetubal\\\/wp-content\\\/uploads\\\/sites\\\/75\\\/2025\\\/09\\\/close-up-veterinarian-taking-care-dog-2-1.jpg\",\"datePublished\":\"2022-07-01T09:40:57+00:00\",\"dateModified\":\"2025-09-05T16:15:38+00:00\",\"breadcrumb\":{\"@id\":\"https:\\\/\\\/onevetgroup.pt\\\/cvsetubal\\\/instalacoes\\\/#breadcrumb\"},\"inLanguage\":\"pt-PT\",\"potentialAction\":[{\"@type\":\"ReadAction\",\"target\":[\"https:\\\/\\\/onevetgroup.pt\\\/cvsetubal\\\/instalacoes\\\/\"]}]},{\"@type\":\"ImageObject\",\"inLanguage\":\"pt-PT\",\"@id\":\"https:\\\/\\\/onevetgroup.pt\\\/cvsetubal\\\/instalacoes\\\/#primaryimage\",\"url\":\"https:\\\/\\\/onevetgroup.pt\\\/cvsetubal\\\/wp-content\\\/uploads\\\/sites\\\/75\\\/2025\\\/09\\\/close-up-veterinarian-taking-care-dog-2-1.jpg\",\"contentUrl\":\"https:\\\/\\\/onevetgroup.pt\\\/cvsetubal\\\/wp-content\\\/uploads\\\/sites\\\/75\\\/2025\\\/09\\\/close-up-veterinarian-taking-care-dog-2-1.jpg\",\"width\":1023,\"height\":681},{\"@type\":\"BreadcrumbList\",\"@id\":\"https:\\\/\\\/onevetgroup.pt\\\/cvsetubal\\\/instalacoes\\\/#breadcrumb\",\"itemListElement\":[{\"@type\":\"ListItem\",\"position\":1,\"name\":\"Home\",\"item\":\"https:\\\/\\\/onevetgroup.pt\\\/cvsetubal\\\/\"},{\"@type\":\"ListItem\",\"position\":2,\"name\":\"Instala\u00e7\u00f5es\"}]},{\"@type\":\"WebSite\",\"@id\":\"https:\\\/\\\/onevetgroup.pt\\\/cvsetubal\\\/#website\",\"url\":\"https:\\\/\\\/onevetgroup.pt\\\/cvsetubal\\\/\",\"name\":\"Setubal\",\"description\":\"Your Pets in Good Hands\",\"publisher\":{\"@id\":\"https:\\\/\\\/onevetgroup.pt\\\/cvsetubal\\\/#organization\"},\"potentialAction\":[{\"@type\":\"SearchAction\",\"target\":{\"@type\":\"EntryPoint\",\"urlTemplate\":\"https:\\\/\\\/onevetgroup.pt\\\/cvsetubal\\\/?s={search_term_string}\"},\"query-input\":{\"@type\":\"PropertyValueSpecification\",\"valueRequired\":true,\"valueName\":\"search_term_string\"}}],\"inLanguage\":\"pt-PT\"},{\"@type\":\"Organization\",\"@id\":\"https:\\\/\\\/onevetgroup.pt\\\/cvsetubal\\\/#organization\",\"name\":\"Setubal\",\"url\":\"https:\\\/\\\/onevetgroup.pt\\\/cvsetubal\\\/\",\"logo\":{\"@type\":\"ImageObject\",\"inLanguage\":\"pt-PT\",\"@id\":\"https:\\\/\\\/onevetgroup.pt\\\/cvsetubal\\\/#\\\/schema\\\/logo\\\/image\\\/\",\"url\":\"https:\\\/\\\/onevetgroup.pt\\\/cvsetubal\\\/wp-content\\\/uploads\\\/sites\\\/75\\\/2025\\\/09\\\/cropped-4_logo_h_cores.png\",\"contentUrl\":\"https:\\\/\\\/onevetgroup.pt\\\/cvsetubal\\\/wp-content\\\/uploads\\\/sites\\\/75\\\/2025\\\/09\\\/cropped-4_logo_h_cores.png\",\"width\":1173,\"height\":361,\"caption\":\"Setubal\"},\"image\":{\"@id\":\"https:\\\/\\\/onevetgroup.pt\\\/cvsetubal\\\/#\\\/schema\\\/logo\\\/image\\\/\"}}]}<\/script>\n<!-- \/ Yoast SEO plugin. -->","yoast_head_json":{"title":"Instala\u00e7\u00f5es - Setubal","robots":{"index":"index","follow":"follow","max-snippet":"max-snippet:-1","max-image-preview":"max-image-preview:large","max-video-preview":"max-video-preview:-1"},"canonical":"https:\/\/onevetgroup.pt\/cvsetubal\/instalacoes\/","og_locale":"pt_PT","og_type":"article","og_title":"Instala\u00e7\u00f5es - Setubal","og_description":"A Onevet Cl\u00ednica Veterin\u00e1ria de Set\u00fabal conta com a melhor equipa e instala\u00e7\u00f5es para poder oferecer o melhor tratamento e servi\u00e7o. As nossas instala\u00e7\u00f5es foram pensadas para melhor acolher os animais de companhia. O amplo espa\u00e7o da cl\u00ednica permite oferecer uma boa zona de rece\u00e7\u00e3o, consult\u00f3rios com luz natural e zonas de tratamento e recobro &hellip;","og_url":"https:\/\/onevetgroup.pt\/cvsetubal\/instalacoes\/","og_site_name":"Setubal","article_modified_time":"2025-09-05T16:15:38+00:00","og_image":[{"url":"https:\/\/onevetgroup.pt\/cvsetubal\/wp-content\/uploads\/sites\/75\/2025\/09\/close-up-veterinarian-taking-care-dog-2-1.jpg","type":"","width":"","height":""}],"twitter_card":"summary_large_image","twitter_misc":{"Tempo estimado de leitura":"2 minutos"},"schema":{"@context":"https:\/\/schema.org","@graph":[{"@type":"WebPage","@id":"https:\/\/onevetgroup.pt\/cvsetubal\/instalacoes\/","url":"https:\/\/onevetgroup.pt\/cvsetubal\/instalacoes\/","name":"Instala\u00e7\u00f5es - Setubal","isPartOf":{"@id":"https:\/\/onevetgroup.pt\/cvsetubal\/#website"},"primaryImageOfPage":{"@id":"https:\/\/onevetgroup.pt\/cvsetubal\/instalacoes\/#primaryimage"},"image":{"@id":"https:\/\/onevetgroup.pt\/cvsetubal\/instalacoes\/#primaryimage"},"thumbnailUrl":"https:\/\/onevetgroup.pt\/cvsetubal\/wp-content\/uploads\/sites\/75\/2025\/09\/close-up-veterinarian-taking-care-dog-2-1.jpg","datePublished":"2022-07-01T09:40:57+00:00","dateModified":"2025-09-05T16:15:38+00:00","breadcrumb":{"@id":"https:\/\/onevetgroup.pt\/cvsetubal\/instalacoes\/#breadcrumb"},"inLanguage":"pt-PT","potentialAction":[{"@type":"ReadAction","target":["https:\/\/onevetgroup.pt\/cvsetubal\/instalacoes\/"]}]},{"@type":"ImageObject","inLanguage":"pt-PT","@id":"https:\/\/onevetgroup.pt\/cvsetubal\/instalacoes\/#primaryimage","url":"https:\/\/onevetgroup.pt\/cvsetubal\/wp-content\/uploads\/sites\/75\/2025\/09\/close-up-veterinarian-taking-care-dog-2-1.jpg","contentUrl":"https:\/\/onevetgroup.pt\/cvsetubal\/wp-content\/uploads\/sites\/75\/2025\/09\/close-up-veterinarian-taking-care-dog-2-1.jpg","width":1023,"height":681},{"@type":"BreadcrumbList","@id":"https:\/\/onevetgroup.pt\/cvsetubal\/instalacoes\/#breadcrumb","itemListElement":[{"@type":"ListItem","position":1,"name":"Home","item":"https:\/\/onevetgroup.pt\/cvsetubal\/"},{"@type":"ListItem","position":2,"name":"Instala\u00e7\u00f5es"}]},{"@type":"WebSite","@id":"https:\/\/onevetgroup.pt\/cvsetubal\/#website","url":"https:\/\/onevetgroup.pt\/cvsetubal\/","name":"Setubal","description":"Your Pets in Good Hands","publisher":{"@id":"https:\/\/onevetgroup.pt\/cvsetubal\/#organization"},"potentialAction":[{"@type":"SearchAction","target":{"@type":"EntryPoint","urlTemplate":"https:\/\/onevetgroup.pt\/cvsetubal\/?s={search_term_string}"},"query-input":{"@type":"PropertyValueSpecification","valueRequired":true,"valueName":"search_term_string"}}],"inLanguage":"pt-PT"},{"@type":"Organization","@id":"https:\/\/onevetgroup.pt\/cvsetubal\/#organization","name":"Setubal","url":"https:\/\/onevetgroup.pt\/cvsetubal\/","logo":{"@type":"ImageObject","inLanguage":"pt-PT","@id":"https:\/\/onevetgroup.pt\/cvsetubal\/#\/schema\/logo\/image\/","url":"https:\/\/onevetgroup.pt\/cvsetubal\/wp-content\/uploads\/sites\/75\/2025\/09\/cropped-4_logo_h_cores.png","contentUrl":"https:\/\/onevetgroup.pt\/cvsetubal\/wp-content\/uploads\/sites\/75\/2025\/09\/cropped-4_logo_h_cores.png","width":1173,"height":361,"caption":"Setubal"},"image":{"@id":"https:\/\/onevetgroup.pt\/cvsetubal\/#\/schema\/logo\/image\/"}}]}},"_links":{"self":[{"href":"https:\/\/onevetgroup.pt\/cvsetubal\/wp-json\/wp\/v2\/pages\/17846","targetHints":{"allow":["GET"]}}],"collection":[{"href":"https:\/\/onevetgroup.pt\/cvsetubal\/wp-json\/wp\/v2\/pages"}],"about":[{"href":"https:\/\/onevetgroup.pt\/cvsetubal\/wp-json\/wp\/v2\/types\/page"}],"author":[{"embeddable":true,"href":"https:\/\/onevetgroup.pt\/cvsetubal\/wp-json\/wp\/v2\/users\/61"}],"replies":[{"embeddable":true,"href":"https:\/\/onevetgroup.pt\/cvsetubal\/wp-json\/wp\/v2\/comments?post=17846"}],"version-history":[{"count":19,"href":"https:\/\/onevetgroup.pt\/cvsetubal\/wp-json\/wp\/v2\/pages\/17846\/revisions"}],"predecessor-version":[{"id":20649,"href":"https:\/\/onevetgroup.pt\/cvsetubal\/wp-json\/wp\/v2\/pages\/17846\/revisions\/20649"}],"wp:attachment":[{"href":"https:\/\/onevetgroup.pt\/cvsetubal\/wp-json\/wp\/v2\/media?parent=17846"}],"curies":[{"name":"wp","href":"https:\/\/api.w.org\/{rel}","templated":true}]}}