{"id":14008,"date":"2021-02-08T15:28:59","date_gmt":"2021-02-08T15:28:59","guid":{"rendered":"http:\/\/onevet.pt\/ermesinde\/sobre-nos\/"},"modified":"2023-07-13T13:04:47","modified_gmt":"2023-07-13T13:04:47","slug":"sobre-nos","status":"publish","type":"page","link":"https:\/\/onevetgroup.pt\/ermesinde\/sobre-nos\/","title":{"rendered":"Sobre N\u00f3s"},"content":{"rendered":"\t\t<div data-elementor-type=\"wp-page\" data-elementor-id=\"14008\" class=\"elementor elementor-14008 elementor-268\" data-elementor-post-type=\"page\">\n\t\t\t\t\t\t<section class=\"elementor-section elementor-top-section elementor-element elementor-element-54cf215 pad-top-0 elementor-section-boxed elementor-section-height-default elementor-section-height-default\" data-id=\"54cf215\" data-element_type=\"section\" data-e-type=\"section\" data-settings=\"{&quot;background_background&quot;:&quot;classic&quot;}\">\n\t\t\t\t\t\t<div class=\"elementor-container elementor-column-gap-default\">\n\t\t\t\t\t<div class=\"elementor-column elementor-col-100 elementor-top-column elementor-element elementor-element-d926441\" data-id=\"d926441\" data-element_type=\"column\" data-e-type=\"column\">\n\t\t\t<div class=\"elementor-widget-wrap elementor-element-populated\">\n\t\t\t\t\t\t<div class=\"elementor-element elementor-element-9725bcd elementor-widget elementor-widget-section_titleleft\" data-id=\"9725bcd\" data-element_type=\"widget\" data-e-type=\"widget\" data-widget_type=\"section_titleleft.default\">\n\t\t\t\t<div class=\"elementor-widget-container\">\n\t\t\t\t\t        <div class=\"ab_text-title fl-wrap\">\r\n            <h3>Onevet Cl\u00ednica Veterin\u00e1ria de Ermesinde com Urg\u00eancias 24h, assegurado pelo Onevet Hospital Veterin\u00e1rio Porto (HVPO)<\/h3><h4>Durante 27 anos crescemos profissionalmente no setor dos animais de companhia, cuidando da sa\u00fade do seu  amigo de 4 patas.<\/h4><span class=\"section-separator fl-sec-sep\"><\/span>        <\/div>\r\n        \t\t\t\t<\/div>\n\t\t\t\t<\/div>\n\t\t\t\t<section class=\"elementor-section elementor-inner-section elementor-element elementor-element-35814f4 elementor-section-full_width elementor-section-height-default elementor-section-height-default\" data-id=\"35814f4\" data-element_type=\"section\" data-e-type=\"section\">\n\t\t\t\t\t\t<div class=\"elementor-container elementor-column-gap-wide\">\n\t\t\t\t\t<div class=\"elementor-column elementor-col-50 elementor-inner-column elementor-element elementor-element-7fa3f34\" data-id=\"7fa3f34\" data-element_type=\"column\" data-e-type=\"column\">\n\t\t\t<div class=\"elementor-widget-wrap elementor-element-populated\">\n\t\t\t\t\t\t<div class=\"elementor-element elementor-element-9e79898 elementor-widget elementor-widget-image\" data-id=\"9e79898\" data-element_type=\"widget\" data-e-type=\"widget\" data-widget_type=\"image.default\">\n\t\t\t\t<div class=\"elementor-widget-container\">\n\t\t\t\t\t\t\t\t\t\t\t\t\t\t\t<img fetchpriority=\"high\" width=\"786\" height=\"524\" class=\"attachment-townhub-single-image size-townhub-single-image wp-image-19302 lazy\" alt=\"\" data-src=\"https:\/\/onevetgroup.pt\/ermesinde\/wp-content\/uploads\/sites\/25\/2023\/07\/1105-786x524.jpg\" data-lazy=\"https:\/\/onevetgroup.pt\/ermesinde\/wp-content\/uploads\/sites\/25\/2023\/07\/1105-786x524.jpg\" \/>\t\t\t\t\t\t\t\t\t\t\t\t\t\t\t<\/div>\n\t\t\t\t<\/div>\n\t\t\t\t\t<\/div>\n\t\t<\/div>\n\t\t\t\t<div class=\"elementor-column elementor-col-50 elementor-inner-column elementor-element elementor-element-202374d\" data-id=\"202374d\" data-element_type=\"column\" data-e-type=\"column\">\n\t\t\t<div class=\"elementor-widget-wrap elementor-element-populated\">\n\t\t\t\t\t\t<div class=\"elementor-element elementor-element-3b393ce about-wrap elementor-widget elementor-widget-text-editor\" data-id=\"3b393ce\" data-element_type=\"widget\" data-e-type=\"widget\" data-widget_type=\"text-editor.default\">\n\t\t\t\t<div class=\"elementor-widget-container\">\n\t\t\t\t\t\t\t\t\t<p>Em funcionamento desde 1994, a Onevet Cl\u00ednica Veterin\u00e1ria de Ermesinde tem vindo a crescer no setor dos animais de companhia.<\/p><p>\u00c9 const\u00edtuida por uma equipa de 2 M\u00e9dicas Veterin\u00e1rias, 1 Enfermeira Veterin\u00e1ria e 1 Auxiliar de Veterin\u00e1ria, com experi\u00eancia em todas as \u00e1reas e sempre prontas a oferecer o melhor servi\u00e7o e cuidado aos nossos amigos de 4 patas.<\/p><p>Apostamos na medicina preventiva, de forma a proporcionar uma vida melhor e mais longa aos nossos pacientes.<\/p>\t\t\t\t\t\t\t\t<\/div>\n\t\t\t\t<\/div>\n\t\t\t\t\t<\/div>\n\t\t<\/div>\n\t\t\t\t\t<\/div>\n\t\t<\/section>\n\t\t\t\t<section class=\"elementor-section elementor-inner-section elementor-element elementor-element-31d68ae elementor-section-boxed elementor-section-height-default elementor-section-height-default\" data-id=\"31d68ae\" data-element_type=\"section\" data-e-type=\"section\">\n\t\t\t\t\t\t<div class=\"elementor-container elementor-column-gap-default\">\n\t\t\t\t\t<div class=\"elementor-column elementor-col-50 elementor-inner-column elementor-element elementor-element-8ddd41b\" data-id=\"8ddd41b\" data-element_type=\"column\" data-e-type=\"column\">\n\t\t\t<div class=\"elementor-widget-wrap elementor-element-populated\">\n\t\t\t\t\t\t<div class=\"elementor-element elementor-element-c87b63e elementor-align-center elementor-widget elementor-widget-button\" data-id=\"c87b63e\" data-element_type=\"widget\" data-e-type=\"widget\" data-widget_type=\"button.default\">\n\t\t\t\t<div class=\"elementor-widget-container\">\n\t\t\t\t\t\t\t\t\t<div class=\"elementor-button-wrapper\">\n\t\t\t\t\t<a class=\"elementor-button elementor-button-link elementor-size-sm\" href=\"\/ermesinde\/instalacoes\/\">\n\t\t\t\t\t\t<span class=\"elementor-button-content-wrapper\">\n\t\t\t\t\t\t\t\t\t<span class=\"elementor-button-text\">As Nossas Instala\u00e7\u00f5es<\/span>\n\t\t\t\t\t<\/span>\n\t\t\t\t\t<\/a>\n\t\t\t\t<\/div>\n\t\t\t\t\t\t\t\t<\/div>\n\t\t\t\t<\/div>\n\t\t\t\t\t<\/div>\n\t\t<\/div>\n\t\t\t\t<div class=\"elementor-column elementor-col-50 elementor-inner-column elementor-element elementor-element-d044a7e\" data-id=\"d044a7e\" data-element_type=\"column\" data-e-type=\"column\">\n\t\t\t<div class=\"elementor-widget-wrap elementor-element-populated\">\n\t\t\t\t\t\t<div class=\"elementor-element elementor-element-75ee515 elementor-align-center elementor-widget elementor-widget-button\" data-id=\"75ee515\" data-element_type=\"widget\" data-e-type=\"widget\" data-widget_type=\"button.default\">\n\t\t\t\t<div class=\"elementor-widget-container\">\n\t\t\t\t\t\t\t\t\t<div class=\"elementor-button-wrapper\">\n\t\t\t\t\t<a class=\"elementor-button elementor-button-link elementor-size-sm\" href=\"\/ermesinde\/a-nossa-equipa\/\">\n\t\t\t\t\t\t<span class=\"elementor-button-content-wrapper\">\n\t\t\t\t\t\t\t\t\t<span class=\"elementor-button-text\">A Nossa Equipa<\/span>\n\t\t\t\t\t<\/span>\n\t\t\t\t\t<\/a>\n\t\t\t\t<\/div>\n\t\t\t\t\t\t\t\t<\/div>\n\t\t\t\t<\/div>\n\t\t\t\t\t<\/div>\n\t\t<\/div>\n\t\t\t\t\t<\/div>\n\t\t<\/section>\n\t\t\t\t\t<\/div>\n\t\t<\/div>\n\t\t\t\t\t<\/div>\n\t\t<\/section>\n\t\t\t\t<section class=\"elementor-section elementor-top-section elementor-element elementor-element-1f78772 elementor-section-boxed elementor-section-height-default elementor-section-height-default\" data-id=\"1f78772\" data-element_type=\"section\" data-e-type=\"section\">\n\t\t\t\t\t\t<div class=\"elementor-container elementor-column-gap-default\">\n\t\t\t\t\t<div class=\"elementor-column elementor-col-100 elementor-top-column elementor-element elementor-element-ade0b49\" data-id=\"ade0b49\" data-element_type=\"column\" data-e-type=\"column\">\n\t\t\t<div class=\"elementor-widget-wrap elementor-element-populated\">\n\t\t\t\t\t\t<div class=\"elementor-element elementor-element-ef6a20a elementor-widget elementor-widget-gallery\" data-id=\"ef6a20a\" data-element_type=\"widget\" data-e-type=\"widget\" data-settings=\"{&quot;columns&quot;:&quot;3&quot;,&quot;aspect_ratio&quot;:&quot;1:1&quot;,&quot;lazyload&quot;:&quot;yes&quot;,&quot;gallery_layout&quot;:&quot;grid&quot;,&quot;columns_tablet&quot;:2,&quot;columns_mobile&quot;:1,&quot;gap&quot;:{&quot;unit&quot;:&quot;px&quot;,&quot;size&quot;:10,&quot;sizes&quot;:[]},&quot;gap_tablet&quot;:{&quot;unit&quot;:&quot;px&quot;,&quot;size&quot;:10,&quot;sizes&quot;:[]},&quot;gap_mobile&quot;:{&quot;unit&quot;:&quot;px&quot;,&quot;size&quot;:10,&quot;sizes&quot;:[]},&quot;link_to&quot;:&quot;file&quot;,&quot;overlay_background&quot;:&quot;yes&quot;,&quot;content_hover_animation&quot;:&quot;fade-in&quot;}\" data-widget_type=\"gallery.default\">\n\t\t\t\t<div class=\"elementor-widget-container\">\n\t\t\t\t\t\t\t<div class=\"elementor-gallery__container\">\n\t\t\t\t\t\t\t<a class=\"e-gallery-item elementor-gallery-item elementor-animated-content\" href=\"https:\/\/onevetgroup.pt\/ermesinde\/wp-content\/uploads\/sites\/25\/2023\/07\/1-scaled-e1689085099944.jpg\" data-elementor-open-lightbox=\"yes\" data-elementor-lightbox-slideshow=\"ef6a20a\" data-elementor-lightbox-title=\"1\" data-e-action-hash=\"#elementor-action%3Aaction%3Dlightbox%26settings%3DeyJpZCI6MTkyNDYsInVybCI6Imh0dHBzOlwvXC9vbmV2ZXRncm91cC5wdFwvZXJtZXNpbmRlXC93cC1jb250ZW50XC91cGxvYWRzXC9zaXRlc1wvMjVcLzIwMjNcLzA3XC8xLXNjYWxlZC1lMTY4OTA4NTA5OTk0NC5qcGciLCJzbGlkZXNob3ciOiJlZjZhMjBhIn0%3D\">\n\t\t\t\t\t<div class=\"e-gallery-image elementor-gallery-item__image\" data-thumbnail=\"https:\/\/onevetgroup.pt\/ermesinde\/wp-content\/uploads\/sites\/25\/2023\/07\/1-scaled-e1689085099944-883x1024.jpg\" data-width=\"724\" data-height=\"840\" aria-label=\"\" role=\"img\" ><\/div>\n\t\t\t\t\t\t\t\t\t\t\t<div class=\"elementor-gallery-item__overlay\"><\/div>\n\t\t\t\t\t\t\t\t\t\t\t\t\t\t<\/a>\n\t\t\t\t\t\t\t<a class=\"e-gallery-item elementor-gallery-item elementor-animated-content\" href=\"https:\/\/onevetgroup.pt\/ermesinde\/wp-content\/uploads\/sites\/25\/2023\/07\/1074.jpg\" data-elementor-open-lightbox=\"yes\" data-elementor-lightbox-slideshow=\"ef6a20a\" data-elementor-lightbox-title=\"1074\" data-e-action-hash=\"#elementor-action%3Aaction%3Dlightbox%26settings%3DeyJpZCI6MTkzMDksInVybCI6Imh0dHBzOlwvXC9vbmV2ZXRncm91cC5wdFwvZXJtZXNpbmRlXC93cC1jb250ZW50XC91cGxvYWRzXC9zaXRlc1wvMjVcLzIwMjNcLzA3XC8xMDc0LmpwZyIsInNsaWRlc2hvdyI6ImVmNmEyMGEifQ%3D%3D\">\n\t\t\t\t\t<div class=\"e-gallery-image elementor-gallery-item__image\" data-thumbnail=\"https:\/\/onevetgroup.pt\/ermesinde\/wp-content\/uploads\/sites\/25\/2023\/07\/1074-1024x683.jpg\" data-width=\"724\" data-height=\"483\" aria-label=\"\" role=\"img\" ><\/div>\n\t\t\t\t\t\t\t\t\t\t\t<div class=\"elementor-gallery-item__overlay\"><\/div>\n\t\t\t\t\t\t\t\t\t\t\t\t\t\t<\/a>\n\t\t\t\t\t\t\t<a class=\"e-gallery-item elementor-gallery-item elementor-animated-content\" href=\"https:\/\/onevetgroup.pt\/ermesinde\/wp-content\/uploads\/sites\/25\/2023\/07\/2-scaled-e1689085115111.jpg\" data-elementor-open-lightbox=\"yes\" data-elementor-lightbox-slideshow=\"ef6a20a\" data-elementor-lightbox-title=\"2\" data-e-action-hash=\"#elementor-action%3Aaction%3Dlightbox%26settings%3DeyJpZCI6MTkyNDgsInVybCI6Imh0dHBzOlwvXC9vbmV2ZXRncm91cC5wdFwvZXJtZXNpbmRlXC93cC1jb250ZW50XC91cGxvYWRzXC9zaXRlc1wvMjVcLzIwMjNcLzA3XC8yLXNjYWxlZC1lMTY4OTA4NTExNTExMS5qcGciLCJzbGlkZXNob3ciOiJlZjZhMjBhIn0%3D\">\n\t\t\t\t\t<div class=\"e-gallery-image elementor-gallery-item__image\" data-thumbnail=\"https:\/\/onevetgroup.pt\/ermesinde\/wp-content\/uploads\/sites\/25\/2023\/07\/2-scaled-e1689085115111-931x1024.jpg\" data-width=\"724\" data-height=\"796\" aria-label=\"\" role=\"img\" ><\/div>\n\t\t\t\t\t\t\t\t\t\t\t<div class=\"elementor-gallery-item__overlay\"><\/div>\n\t\t\t\t\t\t\t\t\t\t\t\t\t\t<\/a>\n\t\t\t\t\t\t\t<a class=\"e-gallery-item elementor-gallery-item elementor-animated-content\" href=\"https:\/\/onevetgroup.pt\/ermesinde\/wp-content\/uploads\/sites\/25\/2023\/07\/1109-e1689085000523.jpg\" data-elementor-open-lightbox=\"yes\" data-elementor-lightbox-slideshow=\"ef6a20a\" data-elementor-lightbox-title=\"1109\" data-e-action-hash=\"#elementor-action%3Aaction%3Dlightbox%26settings%3DeyJpZCI6MTkyNjIsInVybCI6Imh0dHBzOlwvXC9vbmV2ZXRncm91cC5wdFwvZXJtZXNpbmRlXC93cC1jb250ZW50XC91cGxvYWRzXC9zaXRlc1wvMjVcLzIwMjNcLzA3XC8xMTA5LWUxNjg5MDg1MDAwNTIzLmpwZyIsInNsaWRlc2hvdyI6ImVmNmEyMGEifQ%3D%3D\">\n\t\t\t\t\t<div class=\"e-gallery-image elementor-gallery-item__image\" data-thumbnail=\"https:\/\/onevetgroup.pt\/ermesinde\/wp-content\/uploads\/sites\/25\/2023\/07\/1109-e1689085000523-1024x953.jpg\" data-width=\"724\" data-height=\"674\" aria-label=\"\" role=\"img\" ><\/div>\n\t\t\t\t\t\t\t\t\t\t\t<div class=\"elementor-gallery-item__overlay\"><\/div>\n\t\t\t\t\t\t\t\t\t\t\t\t\t\t<\/a>\n\t\t\t\t\t\t\t<a class=\"e-gallery-item elementor-gallery-item elementor-animated-content\" href=\"https:\/\/onevetgroup.pt\/ermesinde\/wp-content\/uploads\/sites\/25\/2023\/07\/3-scaled-e1689085139961.jpg\" data-elementor-open-lightbox=\"yes\" data-elementor-lightbox-slideshow=\"ef6a20a\" data-elementor-lightbox-title=\"3\" data-e-action-hash=\"#elementor-action%3Aaction%3Dlightbox%26settings%3DeyJpZCI6MTkyNTAsInVybCI6Imh0dHBzOlwvXC9vbmV2ZXRncm91cC5wdFwvZXJtZXNpbmRlXC93cC1jb250ZW50XC91cGxvYWRzXC9zaXRlc1wvMjVcLzIwMjNcLzA3XC8zLXNjYWxlZC1lMTY4OTA4NTEzOTk2MS5qcGciLCJzbGlkZXNob3ciOiJlZjZhMjBhIn0%3D\">\n\t\t\t\t\t<div class=\"e-gallery-image elementor-gallery-item__image\" data-thumbnail=\"https:\/\/onevetgroup.pt\/ermesinde\/wp-content\/uploads\/sites\/25\/2023\/07\/3-scaled-e1689085139961-924x1024.jpg\" data-width=\"724\" data-height=\"802\" aria-label=\"\" role=\"img\" ><\/div>\n\t\t\t\t\t\t\t\t\t\t\t<div class=\"elementor-gallery-item__overlay\"><\/div>\n\t\t\t\t\t\t\t\t\t\t\t\t\t\t<\/a>\n\t\t\t\t\t\t\t<a class=\"e-gallery-item elementor-gallery-item elementor-animated-content\" href=\"https:\/\/onevetgroup.pt\/ermesinde\/wp-content\/uploads\/sites\/25\/2023\/07\/1086.jpg\" data-elementor-open-lightbox=\"yes\" data-elementor-lightbox-slideshow=\"ef6a20a\" data-elementor-lightbox-title=\"1086\" data-e-action-hash=\"#elementor-action%3Aaction%3Dlightbox%26settings%3DeyJpZCI6MTkzMDUsInVybCI6Imh0dHBzOlwvXC9vbmV2ZXRncm91cC5wdFwvZXJtZXNpbmRlXC93cC1jb250ZW50XC91cGxvYWRzXC9zaXRlc1wvMjVcLzIwMjNcLzA3XC8xMDg2LmpwZyIsInNsaWRlc2hvdyI6ImVmNmEyMGEifQ%3D%3D\">\n\t\t\t\t\t<div class=\"e-gallery-image elementor-gallery-item__image\" data-thumbnail=\"https:\/\/onevetgroup.pt\/ermesinde\/wp-content\/uploads\/sites\/25\/2023\/07\/1086-1024x683.jpg\" data-width=\"724\" data-height=\"483\" aria-label=\"\" role=\"img\" ><\/div>\n\t\t\t\t\t\t\t\t\t\t\t<div class=\"elementor-gallery-item__overlay\"><\/div>\n\t\t\t\t\t\t\t\t\t\t\t\t\t\t<\/a>\n\t\t\t\t\t<\/div>\n\t\t\t\t\t<\/div>\n\t\t\t\t<\/div>\n\t\t\t\t\t<\/div>\n\t\t<\/div>\n\t\t\t\t\t<\/div>\n\t\t<\/section>\n\t\t\t\t<\/div>\n\t\t","protected":false},"excerpt":{"rendered":"<p>Onevet Cl\u00ednica Veterin\u00e1ria de Ermesinde com Urg\u00eancias 24h, assegurado pelo Onevet Hospital Veterin\u00e1rio Porto (HVPO) Durante 27 anos crescemos profissionalmente no setor dos animais de companhia, cuidando da sa\u00fade do seu amigo de 4 patas. Em funcionamento desde 1994, a Onevet Cl\u00ednica Veterin\u00e1ria de Ermesinde tem vindo a crescer no setor dos animais de companhia. &hellip; <\/p>\n","protected":false},"author":1,"featured_media":0,"parent":0,"menu_order":0,"comment_status":"closed","ping_status":"closed","template":"page-fullwidth.php","meta":{"_acf_changed":false,"content-type":"","footnotes":""},"class_list":["post-14008","page","type-page","status-publish","hentry"],"acf":[],"yoast_head":"<!-- This site is optimized with the Yoast SEO plugin v27.4 - https:\/\/yoast.com\/product\/yoast-seo-wordpress\/ -->\n<title>Sobre N\u00f3s - Ermesinde<\/title>\n<meta name=\"robots\" content=\"index, follow, max-snippet:-1, max-image-preview:large, max-video-preview:-1\" \/>\n<link rel=\"canonical\" href=\"https:\/\/onevetgroup.pt\/ermesinde\/sobre-nos\/\" \/>\n<meta property=\"og:locale\" content=\"pt_PT\" \/>\n<meta property=\"og:type\" content=\"article\" \/>\n<meta property=\"og:title\" content=\"Sobre N\u00f3s - Ermesinde\" \/>\n<meta property=\"og:description\" content=\"Onevet Cl\u00ednica Veterin\u00e1ria de Ermesinde com Urg\u00eancias 24h, assegurado pelo Onevet Hospital Veterin\u00e1rio Porto (HVPO) Durante 27 anos crescemos profissionalmente no setor dos animais de companhia, cuidando da sa\u00fade do seu amigo de 4 patas. Em funcionamento desde 1994, a Onevet Cl\u00ednica Veterin\u00e1ria de Ermesinde tem vindo a crescer no setor dos animais de companhia. &hellip;\" \/>\n<meta property=\"og:url\" content=\"https:\/\/onevetgroup.pt\/ermesinde\/sobre-nos\/\" \/>\n<meta property=\"og:site_name\" content=\"Ermesinde\" \/>\n<meta property=\"article:modified_time\" content=\"2023-07-13T13:04:47+00:00\" \/>\n<meta property=\"og:image\" content=\"https:\/\/onevet.pt\/ermesinde\/wp-content\/uploads\/sites\/25\/2023\/07\/1105-786x524.jpg\" \/>\n<meta name=\"twitter:card\" content=\"summary_large_image\" \/>\n<meta name=\"twitter:label1\" content=\"Tempo estimado de leitura\" \/>\n\t<meta name=\"twitter:data1\" content=\"1 minuto\" \/>\n<script type=\"application\/ld+json\" class=\"yoast-schema-graph\">{\"@context\":\"https:\\\/\\\/schema.org\",\"@graph\":[{\"@type\":\"WebPage\",\"@id\":\"https:\\\/\\\/onevetgroup.pt\\\/ermesinde\\\/sobre-nos\\\/\",\"url\":\"https:\\\/\\\/onevetgroup.pt\\\/ermesinde\\\/sobre-nos\\\/\",\"name\":\"Sobre N\u00f3s - Ermesinde\",\"isPartOf\":{\"@id\":\"https:\\\/\\\/onevetgroup.pt\\\/ermesinde\\\/#website\"},\"primaryImageOfPage\":{\"@id\":\"https:\\\/\\\/onevetgroup.pt\\\/ermesinde\\\/sobre-nos\\\/#primaryimage\"},\"image\":{\"@id\":\"https:\\\/\\\/onevetgroup.pt\\\/ermesinde\\\/sobre-nos\\\/#primaryimage\"},\"thumbnailUrl\":\"https:\\\/\\\/onevet.pt\\\/ermesinde\\\/wp-content\\\/uploads\\\/sites\\\/25\\\/2023\\\/07\\\/1105-786x524.jpg\",\"datePublished\":\"2021-02-08T15:28:59+00:00\",\"dateModified\":\"2023-07-13T13:04:47+00:00\",\"breadcrumb\":{\"@id\":\"https:\\\/\\\/onevetgroup.pt\\\/ermesinde\\\/sobre-nos\\\/#breadcrumb\"},\"inLanguage\":\"pt-PT\",\"potentialAction\":[{\"@type\":\"ReadAction\",\"target\":[\"https:\\\/\\\/onevetgroup.pt\\\/ermesinde\\\/sobre-nos\\\/\"]}]},{\"@type\":\"ImageObject\",\"inLanguage\":\"pt-PT\",\"@id\":\"https:\\\/\\\/onevetgroup.pt\\\/ermesinde\\\/sobre-nos\\\/#primaryimage\",\"url\":\"https:\\\/\\\/onevet.pt\\\/ermesinde\\\/wp-content\\\/uploads\\\/sites\\\/25\\\/2023\\\/07\\\/1105-786x524.jpg\",\"contentUrl\":\"https:\\\/\\\/onevet.pt\\\/ermesinde\\\/wp-content\\\/uploads\\\/sites\\\/25\\\/2023\\\/07\\\/1105-786x524.jpg\"},{\"@type\":\"BreadcrumbList\",\"@id\":\"https:\\\/\\\/onevetgroup.pt\\\/ermesinde\\\/sobre-nos\\\/#breadcrumb\",\"itemListElement\":[{\"@type\":\"ListItem\",\"position\":1,\"name\":\"Home\",\"item\":\"https:\\\/\\\/onevetgroup.pt\\\/ermesinde\\\/\"},{\"@type\":\"ListItem\",\"position\":2,\"name\":\"Sobre N\u00f3s\"}]},{\"@type\":\"WebSite\",\"@id\":\"https:\\\/\\\/onevetgroup.pt\\\/ermesinde\\\/#website\",\"url\":\"https:\\\/\\\/onevetgroup.pt\\\/ermesinde\\\/\",\"name\":\"Ermesinde\",\"description\":\"Your Pets in Good Hands\",\"publisher\":{\"@id\":\"https:\\\/\\\/onevetgroup.pt\\\/ermesinde\\\/#organization\"},\"potentialAction\":[{\"@type\":\"SearchAction\",\"target\":{\"@type\":\"EntryPoint\",\"urlTemplate\":\"https:\\\/\\\/onevetgroup.pt\\\/ermesinde\\\/?s={search_term_string}\"},\"query-input\":{\"@type\":\"PropertyValueSpecification\",\"valueRequired\":true,\"valueName\":\"search_term_string\"}}],\"inLanguage\":\"pt-PT\"},{\"@type\":\"Organization\",\"@id\":\"https:\\\/\\\/onevetgroup.pt\\\/ermesinde\\\/#organization\",\"name\":\"Ermesinde\",\"url\":\"https:\\\/\\\/onevetgroup.pt\\\/ermesinde\\\/\",\"logo\":{\"@type\":\"ImageObject\",\"inLanguage\":\"pt-PT\",\"@id\":\"https:\\\/\\\/onevetgroup.pt\\\/ermesinde\\\/#\\\/schema\\\/logo\\\/image\\\/\",\"url\":\"https:\\\/\\\/onevetgroup.pt\\\/ermesinde\\\/wp-content\\\/uploads\\\/sites\\\/25\\\/2023\\\/07\\\/cropped-onevet_cvermesinde_horizontal-1-e1689067299846-1.png\",\"contentUrl\":\"https:\\\/\\\/onevetgroup.pt\\\/ermesinde\\\/wp-content\\\/uploads\\\/sites\\\/25\\\/2023\\\/07\\\/cropped-onevet_cvermesinde_horizontal-1-e1689067299846-1.png\",\"width\":225,\"height\":70,\"caption\":\"Ermesinde\"},\"image\":{\"@id\":\"https:\\\/\\\/onevetgroup.pt\\\/ermesinde\\\/#\\\/schema\\\/logo\\\/image\\\/\"}}]}<\/script>\n<!-- \/ Yoast SEO plugin. -->","yoast_head_json":{"title":"Sobre N\u00f3s - Ermesinde","robots":{"index":"index","follow":"follow","max-snippet":"max-snippet:-1","max-image-preview":"max-image-preview:large","max-video-preview":"max-video-preview:-1"},"canonical":"https:\/\/onevetgroup.pt\/ermesinde\/sobre-nos\/","og_locale":"pt_PT","og_type":"article","og_title":"Sobre N\u00f3s - Ermesinde","og_description":"Onevet Cl\u00ednica Veterin\u00e1ria de Ermesinde com Urg\u00eancias 24h, assegurado pelo Onevet Hospital Veterin\u00e1rio Porto (HVPO) Durante 27 anos crescemos profissionalmente no setor dos animais de companhia, cuidando da sa\u00fade do seu amigo de 4 patas. Em funcionamento desde 1994, a Onevet Cl\u00ednica Veterin\u00e1ria de Ermesinde tem vindo a crescer no setor dos animais de companhia. &hellip;","og_url":"https:\/\/onevetgroup.pt\/ermesinde\/sobre-nos\/","og_site_name":"Ermesinde","article_modified_time":"2023-07-13T13:04:47+00:00","og_image":[{"url":"https:\/\/onevet.pt\/ermesinde\/wp-content\/uploads\/sites\/25\/2023\/07\/1105-786x524.jpg","type":"","width":"","height":""}],"twitter_card":"summary_large_image","twitter_misc":{"Tempo estimado de leitura":"1 minuto"},"schema":{"@context":"https:\/\/schema.org","@graph":[{"@type":"WebPage","@id":"https:\/\/onevetgroup.pt\/ermesinde\/sobre-nos\/","url":"https:\/\/onevetgroup.pt\/ermesinde\/sobre-nos\/","name":"Sobre N\u00f3s - Ermesinde","isPartOf":{"@id":"https:\/\/onevetgroup.pt\/ermesinde\/#website"},"primaryImageOfPage":{"@id":"https:\/\/onevetgroup.pt\/ermesinde\/sobre-nos\/#primaryimage"},"image":{"@id":"https:\/\/onevetgroup.pt\/ermesinde\/sobre-nos\/#primaryimage"},"thumbnailUrl":"https:\/\/onevet.pt\/ermesinde\/wp-content\/uploads\/sites\/25\/2023\/07\/1105-786x524.jpg","datePublished":"2021-02-08T15:28:59+00:00","dateModified":"2023-07-13T13:04:47+00:00","breadcrumb":{"@id":"https:\/\/onevetgroup.pt\/ermesinde\/sobre-nos\/#breadcrumb"},"inLanguage":"pt-PT","potentialAction":[{"@type":"ReadAction","target":["https:\/\/onevetgroup.pt\/ermesinde\/sobre-nos\/"]}]},{"@type":"ImageObject","inLanguage":"pt-PT","@id":"https:\/\/onevetgroup.pt\/ermesinde\/sobre-nos\/#primaryimage","url":"https:\/\/onevet.pt\/ermesinde\/wp-content\/uploads\/sites\/25\/2023\/07\/1105-786x524.jpg","contentUrl":"https:\/\/onevet.pt\/ermesinde\/wp-content\/uploads\/sites\/25\/2023\/07\/1105-786x524.jpg"},{"@type":"BreadcrumbList","@id":"https:\/\/onevetgroup.pt\/ermesinde\/sobre-nos\/#breadcrumb","itemListElement":[{"@type":"ListItem","position":1,"name":"Home","item":"https:\/\/onevetgroup.pt\/ermesinde\/"},{"@type":"ListItem","position":2,"name":"Sobre N\u00f3s"}]},{"@type":"WebSite","@id":"https:\/\/onevetgroup.pt\/ermesinde\/#website","url":"https:\/\/onevetgroup.pt\/ermesinde\/","name":"Ermesinde","description":"Your Pets in Good Hands","publisher":{"@id":"https:\/\/onevetgroup.pt\/ermesinde\/#organization"},"potentialAction":[{"@type":"SearchAction","target":{"@type":"EntryPoint","urlTemplate":"https:\/\/onevetgroup.pt\/ermesinde\/?s={search_term_string}"},"query-input":{"@type":"PropertyValueSpecification","valueRequired":true,"valueName":"search_term_string"}}],"inLanguage":"pt-PT"},{"@type":"Organization","@id":"https:\/\/onevetgroup.pt\/ermesinde\/#organization","name":"Ermesinde","url":"https:\/\/onevetgroup.pt\/ermesinde\/","logo":{"@type":"ImageObject","inLanguage":"pt-PT","@id":"https:\/\/onevetgroup.pt\/ermesinde\/#\/schema\/logo\/image\/","url":"https:\/\/onevetgroup.pt\/ermesinde\/wp-content\/uploads\/sites\/25\/2023\/07\/cropped-onevet_cvermesinde_horizontal-1-e1689067299846-1.png","contentUrl":"https:\/\/onevetgroup.pt\/ermesinde\/wp-content\/uploads\/sites\/25\/2023\/07\/cropped-onevet_cvermesinde_horizontal-1-e1689067299846-1.png","width":225,"height":70,"caption":"Ermesinde"},"image":{"@id":"https:\/\/onevetgroup.pt\/ermesinde\/#\/schema\/logo\/image\/"}}]}},"_links":{"self":[{"href":"https:\/\/onevetgroup.pt\/ermesinde\/wp-json\/wp\/v2\/pages\/14008","targetHints":{"allow":["GET"]}}],"collection":[{"href":"https:\/\/onevetgroup.pt\/ermesinde\/wp-json\/wp\/v2\/pages"}],"about":[{"href":"https:\/\/onevetgroup.pt\/ermesinde\/wp-json\/wp\/v2\/types\/page"}],"author":[{"embeddable":true,"href":"https:\/\/onevetgroup.pt\/ermesinde\/wp-json\/wp\/v2\/users\/1"}],"replies":[{"embeddable":true,"href":"https:\/\/onevetgroup.pt\/ermesinde\/wp-json\/wp\/v2\/comments?post=14008"}],"version-history":[{"count":0,"href":"https:\/\/onevetgroup.pt\/ermesinde\/wp-json\/wp\/v2\/pages\/14008\/revisions"}],"wp:attachment":[{"href":"https:\/\/onevetgroup.pt\/ermesinde\/wp-json\/wp\/v2\/media?parent=14008"}],"curies":[{"name":"wp","href":"https:\/\/api.w.org\/{rel}","templated":true}]}}