{"id":17846,"date":"2022-07-01T09:40:57","date_gmt":"2022-07-01T09:40:57","guid":{"rendered":"https:\/\/onevet.pt\/ermesinde\/?page_id=17846"},"modified":"2023-07-13T13:06:50","modified_gmt":"2023-07-13T13:06:50","slug":"instalacoes","status":"publish","type":"page","link":"https:\/\/onevetgroup.pt\/ermesinde\/instalacoes\/","title":{"rendered":"Instala\u00e7\u00f5es"},"content":{"rendered":"\t\t<div data-elementor-type=\"wp-page\" data-elementor-id=\"17846\" class=\"elementor elementor-17846\" data-elementor-post-type=\"page\">\n\t\t\t\t\t\t<section class=\"elementor-section elementor-top-section elementor-element elementor-element-54cf215 pad-top-0 elementor-section-boxed elementor-section-height-default elementor-section-height-default\" data-id=\"54cf215\" data-element_type=\"section\" id=\"main-sec\" data-settings=\"{&quot;background_background&quot;:&quot;classic&quot;}\">\n\t\t\t\t\t\t<div class=\"elementor-container elementor-column-gap-wide\">\n\t\t\t\t\t<div class=\"elementor-column elementor-col-100 elementor-top-column elementor-element elementor-element-d926441\" data-id=\"d926441\" data-element_type=\"column\">\n\t\t\t<div class=\"elementor-widget-wrap elementor-element-populated\">\n\t\t\t\t\t\t<div class=\"elementor-element elementor-element-ac5c964 elementor-widget elementor-widget-text-editor\" data-id=\"ac5c964\" data-element_type=\"widget\" data-widget_type=\"text-editor.default\">\n\t\t\t\t<div class=\"elementor-widget-container\">\n\t\t\t\t\t\t\t\t\t<p>A Onevet Cl\u00ednica Veterin\u00e1ria de Ermesinde disp\u00f5e de uma equipa fant\u00e1stica e de novas instala\u00e7\u00f5es que lhe proporcionar\u00e1 um elevado n\u00edvel atendimento.<\/p>\t\t\t\t\t\t\t\t<\/div>\n\t\t\t\t<\/div>\n\t\t\t\t<section class=\"elementor-section elementor-inner-section elementor-element elementor-element-98275a1 elementor-section-boxed elementor-section-height-default elementor-section-height-default\" data-id=\"98275a1\" data-element_type=\"section\">\n\t\t\t\t\t\t<div class=\"elementor-container elementor-column-gap-default\">\n\t\t\t\t\t<div class=\"elementor-column elementor-col-50 elementor-inner-column elementor-element elementor-element-07b222c\" data-id=\"07b222c\" data-element_type=\"column\">\n\t\t\t<div class=\"elementor-widget-wrap elementor-element-populated\">\n\t\t\t\t\t\t<div class=\"elementor-element elementor-element-44b52f4 elementor-widget elementor-widget-image\" data-id=\"44b52f4\" data-element_type=\"widget\" data-widget_type=\"image.default\">\n\t\t\t\t<div class=\"elementor-widget-container\">\n\t\t\t\t\t\t\t\t\t\t\t\t\t\t\t<img fetchpriority=\"high\" width=\"2048\" height=\"1366\" class=\"attachment-2048x2048 size-2048x2048 wp-image-19375 lazy\" alt=\"\" data-src=\"https:\/\/onevetgroup.pt\/ermesinde\/wp-content\/uploads\/sites\/25\/2023\/07\/1030-2048x1366.jpg\" data-lazy=\"https:\/\/onevetgroup.pt\/ermesinde\/wp-content\/uploads\/sites\/25\/2023\/07\/1030-2048x1366.jpg\" \/>\t\t\t\t\t\t\t\t\t\t\t\t\t\t\t<\/div>\n\t\t\t\t<\/div>\n\t\t\t\t\t<\/div>\n\t\t<\/div>\n\t\t\t\t<div class=\"elementor-column elementor-col-50 elementor-inner-column elementor-element elementor-element-e32254f\" data-id=\"e32254f\" data-element_type=\"column\">\n\t\t\t<div class=\"elementor-widget-wrap elementor-element-populated\">\n\t\t\t\t\t\t<div class=\"elementor-element elementor-element-6494dd8 elementor-widget elementor-widget-text-editor\" data-id=\"6494dd8\" data-element_type=\"widget\" data-widget_type=\"text-editor.default\">\n\t\t\t\t<div class=\"elementor-widget-container\">\n\t\t\t\t\t\t\t\t\t<div class=\"ewa-rteLine\">Possuimos instala\u00e7\u00f5es confort\u00e1veis \u200b\u200btanto para clientes como para os seus amigos de 4 patas.<\/div><div>\u00a0<\/div><div class=\"ewa-rteLine\">Na nossa clinica, temos as melhores marcas de alimenta\u00e7\u00e3o, bem como uma variedade de acess\u00f3rios para os seus animais de estima\u00e7\u00e3o.<\/div><div>\u00a0<\/div><div class=\"ewa-rteLine\">As novas instala\u00e7\u00f5es contam com 3 consult\u00f3rios (um de gato e dois de c\u00e3o), sala de cirurgia, ec\u00f3grafo, raio-x, an\u00e1lises cl\u00ednicas, testes r\u00e1pidos, microsc\u00f3pio e medidor da press\u00e3o sangu\u00ednea, auxilia os diagn\u00f3sticos e tratamentos mais precisos.<\/div><div>\u00a0<\/div><div class=\"ewa-rteLine\">Dispomos de acessos facilitados ao consult\u00f3rio e ao estacionamento.<\/div><div>\u00a0<\/div><div class=\"ewa-rteLine\">Tudo isto permite-nos oferecer aos nossos clientes os meios e t\u00e9cnicas necess\u00e1rios para um bom servi\u00e7o.<\/div>\t\t\t\t\t\t\t\t<\/div>\n\t\t\t\t<\/div>\n\t\t\t\t\t<\/div>\n\t\t<\/div>\n\t\t\t\t\t<\/div>\n\t\t<\/section>\n\t\t\t\t<section class=\"elementor-section elementor-inner-section elementor-element elementor-element-dde928b elementor-section-boxed elementor-section-height-default elementor-section-height-default\" data-id=\"dde928b\" data-element_type=\"section\">\n\t\t\t\t\t\t<div class=\"elementor-container elementor-column-gap-default\">\n\t\t\t\t\t<div class=\"elementor-column elementor-col-50 elementor-inner-column elementor-element elementor-element-cc2bfd3\" data-id=\"cc2bfd3\" data-element_type=\"column\">\n\t\t\t<div class=\"elementor-widget-wrap elementor-element-populated\">\n\t\t\t\t\t\t<div class=\"elementor-element elementor-element-ad87997 elementor-align-center elementor-widget elementor-widget-button\" data-id=\"ad87997\" data-element_type=\"widget\" data-widget_type=\"button.default\">\n\t\t\t\t<div class=\"elementor-widget-container\">\n\t\t\t\t\t\t\t\t\t<div class=\"elementor-button-wrapper\">\n\t\t\t\t\t<a class=\"elementor-button elementor-button-link elementor-size-sm\" href=\"\/ermesinde\/a-nossa-equipa\/\">\n\t\t\t\t\t\t<span class=\"elementor-button-content-wrapper\">\n\t\t\t\t\t\t\t\t\t<span class=\"elementor-button-text\">A Nossa Equipa<\/span>\n\t\t\t\t\t<\/span>\n\t\t\t\t\t<\/a>\n\t\t\t\t<\/div>\n\t\t\t\t\t\t\t\t<\/div>\n\t\t\t\t<\/div>\n\t\t\t\t\t<\/div>\n\t\t<\/div>\n\t\t\t\t<div class=\"elementor-column elementor-col-50 elementor-inner-column elementor-element elementor-element-5abf707\" data-id=\"5abf707\" data-element_type=\"column\">\n\t\t\t<div class=\"elementor-widget-wrap elementor-element-populated\">\n\t\t\t\t\t\t<div class=\"elementor-element elementor-element-48e57d7 elementor-align-center elementor-widget elementor-widget-button\" data-id=\"48e57d7\" data-element_type=\"widget\" data-widget_type=\"button.default\">\n\t\t\t\t<div class=\"elementor-widget-container\">\n\t\t\t\t\t\t\t\t\t<div class=\"elementor-button-wrapper\">\n\t\t\t\t\t<a class=\"elementor-button elementor-button-link elementor-size-sm\" href=\"\/ermesinde\/servicos-veterinarios\/\">\n\t\t\t\t\t\t<span class=\"elementor-button-content-wrapper\">\n\t\t\t\t\t\t\t\t\t<span class=\"elementor-button-text\">Servi\u00e7os Veterin\u00e1rios<\/span>\n\t\t\t\t\t<\/span>\n\t\t\t\t\t<\/a>\n\t\t\t\t<\/div>\n\t\t\t\t\t\t\t\t<\/div>\n\t\t\t\t<\/div>\n\t\t\t\t\t<\/div>\n\t\t<\/div>\n\t\t\t\t\t<\/div>\n\t\t<\/section>\n\t\t\t\t\t<\/div>\n\t\t<\/div>\n\t\t\t\t\t<\/div>\n\t\t<\/section>\n\t\t\t\t<section class=\"elementor-section elementor-top-section elementor-element elementor-element-461daec elementor-section-boxed elementor-section-height-default elementor-section-height-default\" data-id=\"461daec\" data-element_type=\"section\">\n\t\t\t\t\t\t<div class=\"elementor-container elementor-column-gap-default\">\n\t\t\t\t\t<div class=\"elementor-column elementor-col-100 elementor-top-column elementor-element elementor-element-5f2bdae\" data-id=\"5f2bdae\" data-element_type=\"column\">\n\t\t\t<div class=\"elementor-widget-wrap elementor-element-populated\">\n\t\t\t\t\t\t<div class=\"elementor-element elementor-element-0f54842 elementor-widget elementor-widget-gallery\" data-id=\"0f54842\" data-element_type=\"widget\" data-settings=\"{&quot;columns&quot;:&quot;3&quot;,&quot;aspect_ratio&quot;:&quot;1:1&quot;,&quot;lazyload&quot;:&quot;yes&quot;,&quot;gallery_layout&quot;:&quot;grid&quot;,&quot;columns_tablet&quot;:2,&quot;columns_mobile&quot;:1,&quot;gap&quot;:{&quot;unit&quot;:&quot;px&quot;,&quot;size&quot;:10,&quot;sizes&quot;:[]},&quot;gap_tablet&quot;:{&quot;unit&quot;:&quot;px&quot;,&quot;size&quot;:10,&quot;sizes&quot;:[]},&quot;gap_mobile&quot;:{&quot;unit&quot;:&quot;px&quot;,&quot;size&quot;:10,&quot;sizes&quot;:[]},&quot;link_to&quot;:&quot;file&quot;,&quot;overlay_background&quot;:&quot;yes&quot;,&quot;content_hover_animation&quot;:&quot;fade-in&quot;}\" data-widget_type=\"gallery.default\">\n\t\t\t\t<div class=\"elementor-widget-container\">\n\t\t\t\t\t\t\t<div class=\"elementor-gallery__container\">\n\t\t\t\t\t\t\t<a class=\"e-gallery-item elementor-gallery-item elementor-animated-content\" href=\"https:\/\/onevetgroup.pt\/ermesinde\/wp-content\/uploads\/sites\/25\/2023\/07\/1015-e1689094220226.jpg\" data-elementor-open-lightbox=\"yes\" data-elementor-lightbox-slideshow=\"0f54842\" data-elementor-lightbox-title=\"1015\" data-e-action-hash=\"#elementor-action%3Aaction%3Dlightbox%26settings%3DeyJpZCI6MTk0MjQsInVybCI6Imh0dHBzOlwvXC9vbmV2ZXRncm91cC5wdFwvZXJtZXNpbmRlXC93cC1jb250ZW50XC91cGxvYWRzXC9zaXRlc1wvMjVcLzIwMjNcLzA3XC8xMDE1LWUxNjg5MDk0MjIwMjI2LmpwZyIsInNsaWRlc2hvdyI6IjBmNTQ4NDIifQ%3D%3D\">\n\t\t\t\t\t<div class=\"e-gallery-image elementor-gallery-item__image\" data-thumbnail=\"https:\/\/onevetgroup.pt\/ermesinde\/wp-content\/uploads\/sites\/25\/2023\/07\/1015-e1689094220226-1024x1001.jpg\" data-width=\"724\" data-height=\"708\" aria-label=\"\" role=\"img\" ><\/div>\n\t\t\t\t\t\t\t\t\t\t\t<div class=\"elementor-gallery-item__overlay\"><\/div>\n\t\t\t\t\t\t\t\t\t\t\t\t\t\t<\/a>\n\t\t\t\t\t\t\t<a class=\"e-gallery-item elementor-gallery-item elementor-animated-content\" href=\"https:\/\/onevetgroup.pt\/ermesinde\/wp-content\/uploads\/sites\/25\/2023\/07\/1104.jpg\" data-elementor-open-lightbox=\"yes\" data-elementor-lightbox-slideshow=\"0f54842\" data-elementor-lightbox-title=\"1104\" data-e-action-hash=\"#elementor-action%3Aaction%3Dlightbox%26settings%3DeyJpZCI6MTkzODUsInVybCI6Imh0dHBzOlwvXC9vbmV2ZXRncm91cC5wdFwvZXJtZXNpbmRlXC93cC1jb250ZW50XC91cGxvYWRzXC9zaXRlc1wvMjVcLzIwMjNcLzA3XC8xMTA0LmpwZyIsInNsaWRlc2hvdyI6IjBmNTQ4NDIifQ%3D%3D\">\n\t\t\t\t\t<div class=\"e-gallery-image elementor-gallery-item__image\" data-thumbnail=\"https:\/\/onevetgroup.pt\/ermesinde\/wp-content\/uploads\/sites\/25\/2023\/07\/1104-1024x683.jpg\" data-width=\"724\" data-height=\"483\" aria-label=\"\" role=\"img\" ><\/div>\n\t\t\t\t\t\t\t\t\t\t\t<div class=\"elementor-gallery-item__overlay\"><\/div>\n\t\t\t\t\t\t\t\t\t\t\t\t\t\t<\/a>\n\t\t\t\t\t\t\t<a class=\"e-gallery-item elementor-gallery-item elementor-animated-content\" href=\"https:\/\/onevetgroup.pt\/ermesinde\/wp-content\/uploads\/sites\/25\/2023\/07\/1022-1.jpg\" data-elementor-open-lightbox=\"yes\" data-elementor-lightbox-slideshow=\"0f54842\" data-elementor-lightbox-title=\"1022\" data-e-action-hash=\"#elementor-action%3Aaction%3Dlightbox%26settings%3DeyJpZCI6MTk0MDcsInVybCI6Imh0dHBzOlwvXC9vbmV2ZXRncm91cC5wdFwvZXJtZXNpbmRlXC93cC1jb250ZW50XC91cGxvYWRzXC9zaXRlc1wvMjVcLzIwMjNcLzA3XC8xMDIyLTEuanBnIiwic2xpZGVzaG93IjoiMGY1NDg0MiJ9\">\n\t\t\t\t\t<div class=\"e-gallery-image elementor-gallery-item__image\" data-thumbnail=\"https:\/\/onevetgroup.pt\/ermesinde\/wp-content\/uploads\/sites\/25\/2023\/07\/1022-1-1024x683.jpg\" data-width=\"724\" data-height=\"483\" aria-label=\"\" role=\"img\" ><\/div>\n\t\t\t\t\t\t\t\t\t\t\t<div class=\"elementor-gallery-item__overlay\"><\/div>\n\t\t\t\t\t\t\t\t\t\t\t\t\t\t<\/a>\n\t\t\t\t\t\t\t<a class=\"e-gallery-item elementor-gallery-item elementor-animated-content\" href=\"https:\/\/onevetgroup.pt\/ermesinde\/wp-content\/uploads\/sites\/25\/2023\/07\/1054.jpg\" data-elementor-open-lightbox=\"yes\" data-elementor-lightbox-slideshow=\"0f54842\" data-elementor-lightbox-title=\"1054\" data-e-action-hash=\"#elementor-action%3Aaction%3Dlightbox%26settings%3DeyJpZCI6MTk0MjIsInVybCI6Imh0dHBzOlwvXC9vbmV2ZXRncm91cC5wdFwvZXJtZXNpbmRlXC93cC1jb250ZW50XC91cGxvYWRzXC9zaXRlc1wvMjVcLzIwMjNcLzA3XC8xMDU0LmpwZyIsInNsaWRlc2hvdyI6IjBmNTQ4NDIifQ%3D%3D\">\n\t\t\t\t\t<div class=\"e-gallery-image elementor-gallery-item__image\" data-thumbnail=\"https:\/\/onevetgroup.pt\/ermesinde\/wp-content\/uploads\/sites\/25\/2023\/07\/1054-1024x683.jpg\" data-width=\"724\" data-height=\"483\" aria-label=\"\" role=\"img\" ><\/div>\n\t\t\t\t\t\t\t\t\t\t\t<div class=\"elementor-gallery-item__overlay\"><\/div>\n\t\t\t\t\t\t\t\t\t\t\t\t\t\t<\/a>\n\t\t\t\t\t\t\t<a class=\"e-gallery-item elementor-gallery-item elementor-animated-content\" href=\"https:\/\/onevetgroup.pt\/ermesinde\/wp-content\/uploads\/sites\/25\/2023\/07\/1092.jpg\" data-elementor-open-lightbox=\"yes\" data-elementor-lightbox-slideshow=\"0f54842\" data-elementor-lightbox-title=\"1092\" data-e-action-hash=\"#elementor-action%3Aaction%3Dlightbox%26settings%3DeyJpZCI6MTk0MDEsInVybCI6Imh0dHBzOlwvXC9vbmV2ZXRncm91cC5wdFwvZXJtZXNpbmRlXC93cC1jb250ZW50XC91cGxvYWRzXC9zaXRlc1wvMjVcLzIwMjNcLzA3XC8xMDkyLmpwZyIsInNsaWRlc2hvdyI6IjBmNTQ4NDIifQ%3D%3D\">\n\t\t\t\t\t<div class=\"e-gallery-image elementor-gallery-item__image\" data-thumbnail=\"https:\/\/onevetgroup.pt\/ermesinde\/wp-content\/uploads\/sites\/25\/2023\/07\/1092-1024x683.jpg\" data-width=\"724\" data-height=\"483\" aria-label=\"\" role=\"img\" ><\/div>\n\t\t\t\t\t\t\t\t\t\t\t<div class=\"elementor-gallery-item__overlay\"><\/div>\n\t\t\t\t\t\t\t\t\t\t\t\t\t\t<\/a>\n\t\t\t\t\t\t\t<a class=\"e-gallery-item elementor-gallery-item elementor-animated-content\" href=\"https:\/\/onevetgroup.pt\/ermesinde\/wp-content\/uploads\/sites\/25\/2023\/07\/1067.jpg\" data-elementor-open-lightbox=\"yes\" data-elementor-lightbox-slideshow=\"0f54842\" data-elementor-lightbox-title=\"1067\" data-e-action-hash=\"#elementor-action%3Aaction%3Dlightbox%26settings%3DeyJpZCI6MTkzOTMsInVybCI6Imh0dHBzOlwvXC9vbmV2ZXRncm91cC5wdFwvZXJtZXNpbmRlXC93cC1jb250ZW50XC91cGxvYWRzXC9zaXRlc1wvMjVcLzIwMjNcLzA3XC8xMDY3LmpwZyIsInNsaWRlc2hvdyI6IjBmNTQ4NDIifQ%3D%3D\">\n\t\t\t\t\t<div class=\"e-gallery-image elementor-gallery-item__image\" data-thumbnail=\"https:\/\/onevetgroup.pt\/ermesinde\/wp-content\/uploads\/sites\/25\/2023\/07\/1067-1024x683.jpg\" data-width=\"724\" data-height=\"483\" aria-label=\"\" role=\"img\" ><\/div>\n\t\t\t\t\t\t\t\t\t\t\t<div class=\"elementor-gallery-item__overlay\"><\/div>\n\t\t\t\t\t\t\t\t\t\t\t\t\t\t<\/a>\n\t\t\t\t\t\t\t<a class=\"e-gallery-item elementor-gallery-item elementor-animated-content\" href=\"https:\/\/onevetgroup.pt\/ermesinde\/wp-content\/uploads\/sites\/25\/2023\/07\/1063.jpg\" data-elementor-open-lightbox=\"yes\" data-elementor-lightbox-slideshow=\"0f54842\" data-elementor-lightbox-title=\"1063\" data-e-action-hash=\"#elementor-action%3Aaction%3Dlightbox%26settings%3DeyJpZCI6MTk0MTgsInVybCI6Imh0dHBzOlwvXC9vbmV2ZXRncm91cC5wdFwvZXJtZXNpbmRlXC93cC1jb250ZW50XC91cGxvYWRzXC9zaXRlc1wvMjVcLzIwMjNcLzA3XC8xMDYzLmpwZyIsInNsaWRlc2hvdyI6IjBmNTQ4NDIifQ%3D%3D\">\n\t\t\t\t\t<div class=\"e-gallery-image elementor-gallery-item__image\" data-thumbnail=\"https:\/\/onevetgroup.pt\/ermesinde\/wp-content\/uploads\/sites\/25\/2023\/07\/1063-1024x683.jpg\" data-width=\"724\" data-height=\"483\" aria-label=\"\" role=\"img\" ><\/div>\n\t\t\t\t\t\t\t\t\t\t\t<div class=\"elementor-gallery-item__overlay\"><\/div>\n\t\t\t\t\t\t\t\t\t\t\t\t\t\t<\/a>\n\t\t\t\t\t\t\t<a class=\"e-gallery-item elementor-gallery-item elementor-animated-content\" href=\"https:\/\/onevetgroup.pt\/ermesinde\/wp-content\/uploads\/sites\/25\/2023\/07\/1077.jpg\" data-elementor-open-lightbox=\"yes\" data-elementor-lightbox-slideshow=\"0f54842\" data-elementor-lightbox-title=\"1077\" data-e-action-hash=\"#elementor-action%3Aaction%3Dlightbox%26settings%3DeyJpZCI6MTkzODksInVybCI6Imh0dHBzOlwvXC9vbmV2ZXRncm91cC5wdFwvZXJtZXNpbmRlXC93cC1jb250ZW50XC91cGxvYWRzXC9zaXRlc1wvMjVcLzIwMjNcLzA3XC8xMDc3LmpwZyIsInNsaWRlc2hvdyI6IjBmNTQ4NDIifQ%3D%3D\">\n\t\t\t\t\t<div class=\"e-gallery-image elementor-gallery-item__image\" data-thumbnail=\"https:\/\/onevetgroup.pt\/ermesinde\/wp-content\/uploads\/sites\/25\/2023\/07\/1077-1024x683.jpg\" data-width=\"724\" data-height=\"483\" aria-label=\"\" role=\"img\" ><\/div>\n\t\t\t\t\t\t\t\t\t\t\t<div class=\"elementor-gallery-item__overlay\"><\/div>\n\t\t\t\t\t\t\t\t\t\t\t\t\t\t<\/a>\n\t\t\t\t\t\t\t<a class=\"e-gallery-item elementor-gallery-item elementor-animated-content\" href=\"https:\/\/onevetgroup.pt\/ermesinde\/wp-content\/uploads\/sites\/25\/2023\/07\/1052-1.jpg\" data-elementor-open-lightbox=\"yes\" data-elementor-lightbox-slideshow=\"0f54842\" data-elementor-lightbox-title=\"1052\" data-e-action-hash=\"#elementor-action%3Aaction%3Dlightbox%26settings%3DeyJpZCI6MTk0MjAsInVybCI6Imh0dHBzOlwvXC9vbmV2ZXRncm91cC5wdFwvZXJtZXNpbmRlXC93cC1jb250ZW50XC91cGxvYWRzXC9zaXRlc1wvMjVcLzIwMjNcLzA3XC8xMDUyLTEuanBnIiwic2xpZGVzaG93IjoiMGY1NDg0MiJ9\">\n\t\t\t\t\t<div class=\"e-gallery-image elementor-gallery-item__image\" data-thumbnail=\"https:\/\/onevetgroup.pt\/ermesinde\/wp-content\/uploads\/sites\/25\/2023\/07\/1052-1-1024x683.jpg\" data-width=\"724\" data-height=\"483\" aria-label=\"\" role=\"img\" ><\/div>\n\t\t\t\t\t\t\t\t\t\t\t<div class=\"elementor-gallery-item__overlay\"><\/div>\n\t\t\t\t\t\t\t\t\t\t\t\t\t\t<\/a>\n\t\t\t\t\t<\/div>\n\t\t\t\t\t<\/div>\n\t\t\t\t<\/div>\n\t\t\t\t\t<\/div>\n\t\t<\/div>\n\t\t\t\t\t<\/div>\n\t\t<\/section>\n\t\t\t\t<\/div>\n\t\t","protected":false},"excerpt":{"rendered":"<p>A Onevet Cl\u00ednica Veterin\u00e1ria de Ermesinde disp\u00f5e de uma equipa fant\u00e1stica e de novas instala\u00e7\u00f5es que lhe proporcionar\u00e1 um elevado n\u00edvel atendimento. Possuimos instala\u00e7\u00f5es confort\u00e1veis \u200b\u200btanto para clientes como para os seus amigos de 4 patas.\u00a0Na nossa clinica, temos as melhores marcas de alimenta\u00e7\u00e3o, bem como uma variedade de acess\u00f3rios para os seus animais de &hellip; <\/p>\n","protected":false},"author":61,"featured_media":0,"parent":0,"menu_order":0,"comment_status":"closed","ping_status":"closed","template":"page-fullwidth.php","meta":{"_acf_changed":false,"content-type":"","footnotes":""},"class_list":["post-17846","page","type-page","status-publish","hentry"],"acf":[],"yoast_head":"<!-- This site is optimized with the Yoast SEO plugin v26.2 - https:\/\/yoast.com\/wordpress\/plugins\/seo\/ -->\n<title>Instala\u00e7\u00f5es - Ermesinde<\/title>\n<meta name=\"robots\" content=\"index, follow, max-snippet:-1, max-image-preview:large, max-video-preview:-1\" \/>\n<link rel=\"canonical\" href=\"https:\/\/onevetgroup.pt\/ermesinde\/instalacoes\/\" \/>\n<meta property=\"og:locale\" content=\"pt_PT\" \/>\n<meta property=\"og:type\" content=\"article\" \/>\n<meta property=\"og:title\" content=\"Instala\u00e7\u00f5es - Ermesinde\" \/>\n<meta property=\"og:description\" content=\"A Onevet Cl\u00ednica Veterin\u00e1ria de Ermesinde disp\u00f5e de uma equipa fant\u00e1stica e de novas instala\u00e7\u00f5es que lhe proporcionar\u00e1 um elevado n\u00edvel atendimento. Possuimos instala\u00e7\u00f5es confort\u00e1veis \u200b\u200btanto para clientes como para os seus amigos de 4 patas.\u00a0Na nossa clinica, temos as melhores marcas de alimenta\u00e7\u00e3o, bem como uma variedade de acess\u00f3rios para os seus animais de &hellip;\" \/>\n<meta property=\"og:url\" content=\"https:\/\/onevetgroup.pt\/ermesinde\/instalacoes\/\" \/>\n<meta property=\"og:site_name\" content=\"Ermesinde\" \/>\n<meta property=\"article:modified_time\" content=\"2023-07-13T13:06:50+00:00\" \/>\n<meta property=\"og:image\" content=\"https:\/\/onevet.pt\/ermesinde\/wp-content\/uploads\/sites\/25\/2023\/07\/1030-2048x1366.jpg\" \/>\n<meta name=\"twitter:card\" content=\"summary_large_image\" \/>\n<meta name=\"twitter:label1\" content=\"Tempo estimado de leitura\" \/>\n\t<meta name=\"twitter:data1\" content=\"1 minuto\" \/>\n<script type=\"application\/ld+json\" class=\"yoast-schema-graph\">{\"@context\":\"https:\/\/schema.org\",\"@graph\":[{\"@type\":\"WebPage\",\"@id\":\"https:\/\/onevetgroup.pt\/ermesinde\/instalacoes\/\",\"url\":\"https:\/\/onevetgroup.pt\/ermesinde\/instalacoes\/\",\"name\":\"Instala\u00e7\u00f5es - Ermesinde\",\"isPartOf\":{\"@id\":\"https:\/\/onevetgroup.pt\/ermesinde\/#website\"},\"primaryImageOfPage\":{\"@id\":\"https:\/\/onevetgroup.pt\/ermesinde\/instalacoes\/#primaryimage\"},\"image\":{\"@id\":\"https:\/\/onevetgroup.pt\/ermesinde\/instalacoes\/#primaryimage\"},\"thumbnailUrl\":\"https:\/\/onevet.pt\/ermesinde\/wp-content\/uploads\/sites\/25\/2023\/07\/1030-2048x1366.jpg\",\"datePublished\":\"2022-07-01T09:40:57+00:00\",\"dateModified\":\"2023-07-13T13:06:50+00:00\",\"breadcrumb\":{\"@id\":\"https:\/\/onevetgroup.pt\/ermesinde\/instalacoes\/#breadcrumb\"},\"inLanguage\":\"pt-PT\",\"potentialAction\":[{\"@type\":\"ReadAction\",\"target\":[\"https:\/\/onevetgroup.pt\/ermesinde\/instalacoes\/\"]}]},{\"@type\":\"ImageObject\",\"inLanguage\":\"pt-PT\",\"@id\":\"https:\/\/onevetgroup.pt\/ermesinde\/instalacoes\/#primaryimage\",\"url\":\"https:\/\/onevet.pt\/ermesinde\/wp-content\/uploads\/sites\/25\/2023\/07\/1030-2048x1366.jpg\",\"contentUrl\":\"https:\/\/onevet.pt\/ermesinde\/wp-content\/uploads\/sites\/25\/2023\/07\/1030-2048x1366.jpg\"},{\"@type\":\"BreadcrumbList\",\"@id\":\"https:\/\/onevetgroup.pt\/ermesinde\/instalacoes\/#breadcrumb\",\"itemListElement\":[{\"@type\":\"ListItem\",\"position\":1,\"name\":\"Home\",\"item\":\"https:\/\/onevetgroup.pt\/ermesinde\/\"},{\"@type\":\"ListItem\",\"position\":2,\"name\":\"Instala\u00e7\u00f5es\"}]},{\"@type\":\"WebSite\",\"@id\":\"https:\/\/onevetgroup.pt\/ermesinde\/#website\",\"url\":\"https:\/\/onevetgroup.pt\/ermesinde\/\",\"name\":\"Ermesinde\",\"description\":\"Your Pets in Good Hands\",\"publisher\":{\"@id\":\"https:\/\/onevetgroup.pt\/ermesinde\/#organization\"},\"potentialAction\":[{\"@type\":\"SearchAction\",\"target\":{\"@type\":\"EntryPoint\",\"urlTemplate\":\"https:\/\/onevetgroup.pt\/ermesinde\/?s={search_term_string}\"},\"query-input\":{\"@type\":\"PropertyValueSpecification\",\"valueRequired\":true,\"valueName\":\"search_term_string\"}}],\"inLanguage\":\"pt-PT\"},{\"@type\":\"Organization\",\"@id\":\"https:\/\/onevetgroup.pt\/ermesinde\/#organization\",\"name\":\"Ermesinde\",\"url\":\"https:\/\/onevetgroup.pt\/ermesinde\/\",\"logo\":{\"@type\":\"ImageObject\",\"inLanguage\":\"pt-PT\",\"@id\":\"https:\/\/onevetgroup.pt\/ermesinde\/#\/schema\/logo\/image\/\",\"url\":\"https:\/\/onevetgroup.pt\/ermesinde\/wp-content\/uploads\/sites\/25\/2023\/07\/cropped-onevet_cvermesinde_horizontal-1-e1689067299846-1.png\",\"contentUrl\":\"https:\/\/onevetgroup.pt\/ermesinde\/wp-content\/uploads\/sites\/25\/2023\/07\/cropped-onevet_cvermesinde_horizontal-1-e1689067299846-1.png\",\"width\":225,\"height\":70,\"caption\":\"Ermesinde\"},\"image\":{\"@id\":\"https:\/\/onevetgroup.pt\/ermesinde\/#\/schema\/logo\/image\/\"}}]}<\/script>\n<!-- \/ Yoast SEO plugin. -->","yoast_head_json":{"title":"Instala\u00e7\u00f5es - Ermesinde","robots":{"index":"index","follow":"follow","max-snippet":"max-snippet:-1","max-image-preview":"max-image-preview:large","max-video-preview":"max-video-preview:-1"},"canonical":"https:\/\/onevetgroup.pt\/ermesinde\/instalacoes\/","og_locale":"pt_PT","og_type":"article","og_title":"Instala\u00e7\u00f5es - Ermesinde","og_description":"A Onevet Cl\u00ednica Veterin\u00e1ria de Ermesinde disp\u00f5e de uma equipa fant\u00e1stica e de novas instala\u00e7\u00f5es que lhe proporcionar\u00e1 um elevado n\u00edvel atendimento. Possuimos instala\u00e7\u00f5es confort\u00e1veis \u200b\u200btanto para clientes como para os seus amigos de 4 patas.\u00a0Na nossa clinica, temos as melhores marcas de alimenta\u00e7\u00e3o, bem como uma variedade de acess\u00f3rios para os seus animais de &hellip;","og_url":"https:\/\/onevetgroup.pt\/ermesinde\/instalacoes\/","og_site_name":"Ermesinde","article_modified_time":"2023-07-13T13:06:50+00:00","og_image":[{"url":"https:\/\/onevet.pt\/ermesinde\/wp-content\/uploads\/sites\/25\/2023\/07\/1030-2048x1366.jpg","type":"","width":"","height":""}],"twitter_card":"summary_large_image","twitter_misc":{"Tempo estimado de leitura":"1 minuto"},"schema":{"@context":"https:\/\/schema.org","@graph":[{"@type":"WebPage","@id":"https:\/\/onevetgroup.pt\/ermesinde\/instalacoes\/","url":"https:\/\/onevetgroup.pt\/ermesinde\/instalacoes\/","name":"Instala\u00e7\u00f5es - Ermesinde","isPartOf":{"@id":"https:\/\/onevetgroup.pt\/ermesinde\/#website"},"primaryImageOfPage":{"@id":"https:\/\/onevetgroup.pt\/ermesinde\/instalacoes\/#primaryimage"},"image":{"@id":"https:\/\/onevetgroup.pt\/ermesinde\/instalacoes\/#primaryimage"},"thumbnailUrl":"https:\/\/onevet.pt\/ermesinde\/wp-content\/uploads\/sites\/25\/2023\/07\/1030-2048x1366.jpg","datePublished":"2022-07-01T09:40:57+00:00","dateModified":"2023-07-13T13:06:50+00:00","breadcrumb":{"@id":"https:\/\/onevetgroup.pt\/ermesinde\/instalacoes\/#breadcrumb"},"inLanguage":"pt-PT","potentialAction":[{"@type":"ReadAction","target":["https:\/\/onevetgroup.pt\/ermesinde\/instalacoes\/"]}]},{"@type":"ImageObject","inLanguage":"pt-PT","@id":"https:\/\/onevetgroup.pt\/ermesinde\/instalacoes\/#primaryimage","url":"https:\/\/onevet.pt\/ermesinde\/wp-content\/uploads\/sites\/25\/2023\/07\/1030-2048x1366.jpg","contentUrl":"https:\/\/onevet.pt\/ermesinde\/wp-content\/uploads\/sites\/25\/2023\/07\/1030-2048x1366.jpg"},{"@type":"BreadcrumbList","@id":"https:\/\/onevetgroup.pt\/ermesinde\/instalacoes\/#breadcrumb","itemListElement":[{"@type":"ListItem","position":1,"name":"Home","item":"https:\/\/onevetgroup.pt\/ermesinde\/"},{"@type":"ListItem","position":2,"name":"Instala\u00e7\u00f5es"}]},{"@type":"WebSite","@id":"https:\/\/onevetgroup.pt\/ermesinde\/#website","url":"https:\/\/onevetgroup.pt\/ermesinde\/","name":"Ermesinde","description":"Your Pets in Good Hands","publisher":{"@id":"https:\/\/onevetgroup.pt\/ermesinde\/#organization"},"potentialAction":[{"@type":"SearchAction","target":{"@type":"EntryPoint","urlTemplate":"https:\/\/onevetgroup.pt\/ermesinde\/?s={search_term_string}"},"query-input":{"@type":"PropertyValueSpecification","valueRequired":true,"valueName":"search_term_string"}}],"inLanguage":"pt-PT"},{"@type":"Organization","@id":"https:\/\/onevetgroup.pt\/ermesinde\/#organization","name":"Ermesinde","url":"https:\/\/onevetgroup.pt\/ermesinde\/","logo":{"@type":"ImageObject","inLanguage":"pt-PT","@id":"https:\/\/onevetgroup.pt\/ermesinde\/#\/schema\/logo\/image\/","url":"https:\/\/onevetgroup.pt\/ermesinde\/wp-content\/uploads\/sites\/25\/2023\/07\/cropped-onevet_cvermesinde_horizontal-1-e1689067299846-1.png","contentUrl":"https:\/\/onevetgroup.pt\/ermesinde\/wp-content\/uploads\/sites\/25\/2023\/07\/cropped-onevet_cvermesinde_horizontal-1-e1689067299846-1.png","width":225,"height":70,"caption":"Ermesinde"},"image":{"@id":"https:\/\/onevetgroup.pt\/ermesinde\/#\/schema\/logo\/image\/"}}]}},"_links":{"self":[{"href":"https:\/\/onevetgroup.pt\/ermesinde\/wp-json\/wp\/v2\/pages\/17846","targetHints":{"allow":["GET"]}}],"collection":[{"href":"https:\/\/onevetgroup.pt\/ermesinde\/wp-json\/wp\/v2\/pages"}],"about":[{"href":"https:\/\/onevetgroup.pt\/ermesinde\/wp-json\/wp\/v2\/types\/page"}],"author":[{"embeddable":true,"href":"https:\/\/onevetgroup.pt\/ermesinde\/wp-json\/wp\/v2\/users\/61"}],"replies":[{"embeddable":true,"href":"https:\/\/onevetgroup.pt\/ermesinde\/wp-json\/wp\/v2\/comments?post=17846"}],"version-history":[{"count":0,"href":"https:\/\/onevetgroup.pt\/ermesinde\/wp-json\/wp\/v2\/pages\/17846\/revisions"}],"wp:attachment":[{"href":"https:\/\/onevetgroup.pt\/ermesinde\/wp-json\/wp\/v2\/media?parent=17846"}],"curies":[{"name":"wp","href":"https:\/\/api.w.org\/{rel}","templated":true}]}}