{"id":19112,"date":"2022-07-11T09:42:40","date_gmt":"2022-07-11T09:42:40","guid":{"rendered":"https:\/\/onevet.pt\/ermesinde\/?page_id=19112"},"modified":"2025-11-12T17:53:14","modified_gmt":"2025-11-12T17:53:14","slug":"etologia","status":"publish","type":"page","link":"https:\/\/onevetgroup.pt\/ermesinde\/especialidades\/etologia\/","title":{"rendered":"Etologia"},"content":{"rendered":"\t\t<div data-elementor-type=\"wp-page\" data-elementor-id=\"19112\" class=\"elementor elementor-19112 elementor-14470\" data-elementor-post-type=\"page\">\n\t\t\t\t\t\t<section class=\"elementor-section elementor-top-section elementor-element elementor-element-3b7f1f2 elementor-section-boxed elementor-section-height-default elementor-section-height-default\" data-id=\"3b7f1f2\" data-element_type=\"section\" id=\"main-sec\">\n\t\t\t\t\t\t<div class=\"elementor-container elementor-column-gap-default\">\n\t\t\t\t\t<div class=\"elementor-column elementor-col-100 elementor-top-column elementor-element elementor-element-138c88c\" data-id=\"138c88c\" data-element_type=\"column\">\n\t\t\t<div class=\"elementor-widget-wrap elementor-element-populated\">\n\t\t\t\t\t\t<div class=\"elementor-element elementor-element-ec83cf0 elementor-widget elementor-widget-section_titleleft\" data-id=\"ec83cf0\" data-element_type=\"widget\" data-widget_type=\"section_titleleft.default\">\n\t\t\t\t<div class=\"elementor-widget-container\">\n\t\t\t\t\t        <div class=\"ab_text-title fl-wrap\">\r\n            \u00c9 a especialidade veterin\u00e1ria relacionada com a preven\u00e7\u00e3o e tratamento de doen\u00e7as associadas a movimenta\u00e7\u00e3o, comportamento, nutri\u00e7\u00e3o, sele\u00e7\u00e3o gen\u00e9tica, de c\u00e3es, gatos e outros animais de companhia.<span class=\"section-separator fl-sec-sep\"><\/span>        <\/div>\r\n        \t\t\t\t<\/div>\n\t\t\t\t<\/div>\n\t\t\t\t\t<\/div>\n\t\t<\/div>\n\t\t\t\t\t<\/div>\n\t\t<\/section>\n\t\t\t\t<section class=\"elementor-section elementor-top-section elementor-element elementor-element-d993722 elementor-section-boxed elementor-section-height-default elementor-section-height-default\" data-id=\"d993722\" data-element_type=\"section\">\n\t\t\t\t\t\t<div class=\"elementor-container elementor-column-gap-default\">\n\t\t\t\t\t<div class=\"elementor-column elementor-col-50 elementor-top-column elementor-element elementor-element-065811d\" data-id=\"065811d\" data-element_type=\"column\">\n\t\t\t<div class=\"elementor-widget-wrap elementor-element-populated\">\n\t\t\t\t\t\t<div class=\"elementor-element elementor-element-63d99ac elementor-widget elementor-widget-text-editor\" data-id=\"63d99ac\" data-element_type=\"widget\" data-widget_type=\"text-editor.default\">\n\t\t\t\t<div class=\"elementor-widget-container\">\n\t\t\t\t\t\t\t\t\t<p>A teologia \u00e9 o estudo objetivo e cient\u00edfico do comportamento do animal, que destaca o comportamento em condi\u00e7\u00f5es naturais, encarando o comportamento como um tra\u00e7o evolutivo. A etologia \u00e9 um campo em r\u00e1pido crescimento. Entender a etologia ou o comportamento animal pode ser importante no treino do animal. Considerar o comportamento natural das diferentes esp\u00e9cies ou ra\u00e7as permite aos treinadores escolher os animais melhor preparados para a realiza\u00e7\u00e3o de uma determinada tarefa. Permite-lhes, al\u00e9m disso, incentivar a pr\u00e1tica de comportamentos que ocorrem naturalmente e interromper os que n\u00e3o s\u00e3o desejados.<\/p><p>Os veterin\u00e1rios da Onevet Cl\u00ednica Veterin\u00e1ria de Ermesinde est\u00e3o\u00a0 concentrados na preven\u00e7\u00e3o e no tratamento de doen\u00e7as associadas \u00e0 gest\u00e3o, comportamento, nutri\u00e7\u00e3o e sele\u00e7\u00e3o gen\u00e9tica de c\u00e3es, gatos e outros animais de companhia.<span class=\"Apple-converted-space\">\u00a0\u00a0<\/span>Muitos dos comportamentos an\u00f3malos apresentados por animais de companhia est\u00e3o associados \u00e0s patologias de que padecem, como quando os c\u00e3es s\u00e3o agressivos para membros da sua fam\u00edlia porque sentem dor articular ou t\u00eam epilepsia, porque sofrem de uma doen\u00e7a end\u00f3crina como o hipotiroidismo, ou os gatos que urinam fora das caixas de areia ou apresentam alop\u00e9cia no abd\u00f3men devido a c\u00e1lculos renais, etc.<\/p><p>Problemas de trato, nos quais \u00e9 importante respeitar um adequado per\u00edodo de socializa\u00e7\u00e3o, o desmame, como apresentar um novo animal de estima\u00e7\u00e3o em locais onde j\u00e1 vivem outros gatos, problemas de aprendizagem de h\u00e1bitos de higiene em cachorros, transtornos por separa\u00e7\u00e3o, stress nos gatos, enriquecimento ambiental em c\u00e3es e gatos, adequa\u00e7\u00e3o aos ru\u00eddos, fobias\u2026 todas essas altera\u00e7\u00f5es ou patologias s\u00e3o objeto desta especialidade e requerem a consultam de um veterin\u00e1rio et\u00f3logo.<\/p>\t\t\t\t\t\t\t\t<\/div>\n\t\t\t\t<\/div>\n\t\t\t\t\t<\/div>\n\t\t<\/div>\n\t\t\t\t<div class=\"elementor-column elementor-col-50 elementor-top-column elementor-element elementor-element-2048e61\" data-id=\"2048e61\" data-element_type=\"column\">\n\t\t\t<div class=\"elementor-widget-wrap elementor-element-populated\">\n\t\t\t\t\t\t<div class=\"elementor-element elementor-element-dc7c821 elementor-widget elementor-widget-image\" data-id=\"dc7c821\" data-element_type=\"widget\" data-widget_type=\"image.default\">\n\t\t\t\t<div class=\"elementor-widget-container\">\n\t\t\t\t\t\t\t\t\t\t\t\t\t\t\t<img fetchpriority=\"high\" width=\"385\" height=\"522\" class=\"attachment-large size-large wp-image-19107 lazy\" alt=\"\" data-src=\"https:\/\/onevetgroup.pt\/ermesinde\/wp-content\/uploads\/sites\/25\/2022\/07\/Etology.jpg\" data-lazy=\"https:\/\/onevetgroup.pt\/ermesinde\/wp-content\/uploads\/sites\/25\/2022\/07\/Etology.jpg\" \/>\t\t\t\t\t\t\t\t\t\t\t\t\t\t\t<\/div>\n\t\t\t\t<\/div>\n\t\t\t\t\t<\/div>\n\t\t<\/div>\n\t\t\t\t\t<\/div>\n\t\t<\/section>\n\t\t\t\t<\/div>\n\t\t","protected":false},"excerpt":{"rendered":"<p>\u00c9 a especialidade veterin\u00e1ria relacionada com a preven\u00e7\u00e3o e tratamento de doen\u00e7as associadas a movimenta\u00e7\u00e3o, comportamento, nutri\u00e7\u00e3o, sele\u00e7\u00e3o gen\u00e9tica, de c\u00e3es, gatos e outros animais de companhia. A teologia \u00e9 o estudo objetivo e cient\u00edfico do comportamento do animal, que destaca o comportamento em condi\u00e7\u00f5es naturais, encarando o comportamento como um tra\u00e7o evolutivo. A etologia &hellip; <\/p>\n","protected":false},"author":61,"featured_media":0,"parent":19458,"menu_order":0,"comment_status":"closed","ping_status":"closed","template":"page-fullwidth.php","meta":{"_acf_changed":false,"content-type":"","footnotes":""},"class_list":["post-19112","page","type-page","status-publish","hentry"],"acf":[],"yoast_head":"<!-- This site is optimized with the Yoast SEO plugin v26.2 - https:\/\/yoast.com\/wordpress\/plugins\/seo\/ -->\n<title>Etologia - Ermesinde<\/title>\n<meta name=\"robots\" content=\"index, follow, max-snippet:-1, max-image-preview:large, max-video-preview:-1\" \/>\n<link rel=\"canonical\" href=\"https:\/\/onevetgroup.pt\/ermesinde\/especialidades\/etologia\/\" \/>\n<meta property=\"og:locale\" content=\"pt_PT\" \/>\n<meta property=\"og:type\" content=\"article\" \/>\n<meta property=\"og:title\" content=\"Etologia - Ermesinde\" \/>\n<meta property=\"og:description\" content=\"\u00c9 a especialidade veterin\u00e1ria relacionada com a preven\u00e7\u00e3o e tratamento de doen\u00e7as associadas a movimenta\u00e7\u00e3o, comportamento, nutri\u00e7\u00e3o, sele\u00e7\u00e3o gen\u00e9tica, de c\u00e3es, gatos e outros animais de companhia. A teologia \u00e9 o estudo objetivo e cient\u00edfico do comportamento do animal, que destaca o comportamento em condi\u00e7\u00f5es naturais, encarando o comportamento como um tra\u00e7o evolutivo. A etologia &hellip;\" \/>\n<meta property=\"og:url\" content=\"https:\/\/onevetgroup.pt\/ermesinde\/especialidades\/etologia\/\" \/>\n<meta property=\"og:site_name\" content=\"Ermesinde\" \/>\n<meta property=\"article:modified_time\" content=\"2025-11-12T17:53:14+00:00\" \/>\n<meta property=\"og:image\" content=\"https:\/\/onevetgroup.pt\/ermesinde\/wp-content\/uploads\/sites\/25\/2022\/07\/Etology.jpg\" \/>\n<meta name=\"twitter:card\" content=\"summary_large_image\" \/>\n<meta name=\"twitter:label1\" content=\"Tempo estimado de leitura\" \/>\n\t<meta name=\"twitter:data1\" content=\"2 minutos\" \/>\n<script type=\"application\/ld+json\" class=\"yoast-schema-graph\">{\"@context\":\"https:\/\/schema.org\",\"@graph\":[{\"@type\":\"WebPage\",\"@id\":\"https:\/\/onevetgroup.pt\/ermesinde\/especialidades\/etologia\/\",\"url\":\"https:\/\/onevetgroup.pt\/ermesinde\/especialidades\/etologia\/\",\"name\":\"Etologia - Ermesinde\",\"isPartOf\":{\"@id\":\"https:\/\/onevetgroup.pt\/ermesinde\/#website\"},\"primaryImageOfPage\":{\"@id\":\"https:\/\/onevetgroup.pt\/ermesinde\/especialidades\/etologia\/#primaryimage\"},\"image\":{\"@id\":\"https:\/\/onevetgroup.pt\/ermesinde\/especialidades\/etologia\/#primaryimage\"},\"thumbnailUrl\":\"https:\/\/onevetgroup.pt\/ermesinde\/wp-content\/uploads\/sites\/25\/2022\/07\/Etology.jpg\",\"datePublished\":\"2022-07-11T09:42:40+00:00\",\"dateModified\":\"2025-11-12T17:53:14+00:00\",\"breadcrumb\":{\"@id\":\"https:\/\/onevetgroup.pt\/ermesinde\/especialidades\/etologia\/#breadcrumb\"},\"inLanguage\":\"pt-PT\",\"potentialAction\":[{\"@type\":\"ReadAction\",\"target\":[\"https:\/\/onevetgroup.pt\/ermesinde\/especialidades\/etologia\/\"]}]},{\"@type\":\"ImageObject\",\"inLanguage\":\"pt-PT\",\"@id\":\"https:\/\/onevetgroup.pt\/ermesinde\/especialidades\/etologia\/#primaryimage\",\"url\":\"https:\/\/onevetgroup.pt\/ermesinde\/wp-content\/uploads\/sites\/25\/2022\/07\/Etology.jpg\",\"contentUrl\":\"https:\/\/onevetgroup.pt\/ermesinde\/wp-content\/uploads\/sites\/25\/2022\/07\/Etology.jpg\",\"width\":385,\"height\":522},{\"@type\":\"BreadcrumbList\",\"@id\":\"https:\/\/onevetgroup.pt\/ermesinde\/especialidades\/etologia\/#breadcrumb\",\"itemListElement\":[{\"@type\":\"ListItem\",\"position\":1,\"name\":\"Home\",\"item\":\"https:\/\/onevetgroup.pt\/ermesinde\/\"},{\"@type\":\"ListItem\",\"position\":2,\"name\":\"Especialidades\",\"item\":\"https:\/\/onevetgroup.pt\/ermesinde\/especialidades\/\"},{\"@type\":\"ListItem\",\"position\":3,\"name\":\"Etologia\"}]},{\"@type\":\"WebSite\",\"@id\":\"https:\/\/onevetgroup.pt\/ermesinde\/#website\",\"url\":\"https:\/\/onevetgroup.pt\/ermesinde\/\",\"name\":\"Ermesinde\",\"description\":\"Your Pets in Good Hands\",\"publisher\":{\"@id\":\"https:\/\/onevetgroup.pt\/ermesinde\/#organization\"},\"potentialAction\":[{\"@type\":\"SearchAction\",\"target\":{\"@type\":\"EntryPoint\",\"urlTemplate\":\"https:\/\/onevetgroup.pt\/ermesinde\/?s={search_term_string}\"},\"query-input\":{\"@type\":\"PropertyValueSpecification\",\"valueRequired\":true,\"valueName\":\"search_term_string\"}}],\"inLanguage\":\"pt-PT\"},{\"@type\":\"Organization\",\"@id\":\"https:\/\/onevetgroup.pt\/ermesinde\/#organization\",\"name\":\"Ermesinde\",\"url\":\"https:\/\/onevetgroup.pt\/ermesinde\/\",\"logo\":{\"@type\":\"ImageObject\",\"inLanguage\":\"pt-PT\",\"@id\":\"https:\/\/onevetgroup.pt\/ermesinde\/#\/schema\/logo\/image\/\",\"url\":\"https:\/\/onevetgroup.pt\/ermesinde\/wp-content\/uploads\/sites\/25\/2023\/07\/cropped-onevet_cvermesinde_horizontal-1-e1689067299846-1.png\",\"contentUrl\":\"https:\/\/onevetgroup.pt\/ermesinde\/wp-content\/uploads\/sites\/25\/2023\/07\/cropped-onevet_cvermesinde_horizontal-1-e1689067299846-1.png\",\"width\":225,\"height\":70,\"caption\":\"Ermesinde\"},\"image\":{\"@id\":\"https:\/\/onevetgroup.pt\/ermesinde\/#\/schema\/logo\/image\/\"}}]}<\/script>\n<!-- \/ Yoast SEO plugin. -->","yoast_head_json":{"title":"Etologia - Ermesinde","robots":{"index":"index","follow":"follow","max-snippet":"max-snippet:-1","max-image-preview":"max-image-preview:large","max-video-preview":"max-video-preview:-1"},"canonical":"https:\/\/onevetgroup.pt\/ermesinde\/especialidades\/etologia\/","og_locale":"pt_PT","og_type":"article","og_title":"Etologia - Ermesinde","og_description":"\u00c9 a especialidade veterin\u00e1ria relacionada com a preven\u00e7\u00e3o e tratamento de doen\u00e7as associadas a movimenta\u00e7\u00e3o, comportamento, nutri\u00e7\u00e3o, sele\u00e7\u00e3o gen\u00e9tica, de c\u00e3es, gatos e outros animais de companhia. A teologia \u00e9 o estudo objetivo e cient\u00edfico do comportamento do animal, que destaca o comportamento em condi\u00e7\u00f5es naturais, encarando o comportamento como um tra\u00e7o evolutivo. A etologia &hellip;","og_url":"https:\/\/onevetgroup.pt\/ermesinde\/especialidades\/etologia\/","og_site_name":"Ermesinde","article_modified_time":"2025-11-12T17:53:14+00:00","og_image":[{"url":"https:\/\/onevetgroup.pt\/ermesinde\/wp-content\/uploads\/sites\/25\/2022\/07\/Etology.jpg","type":"","width":"","height":""}],"twitter_card":"summary_large_image","twitter_misc":{"Tempo estimado de leitura":"2 minutos"},"schema":{"@context":"https:\/\/schema.org","@graph":[{"@type":"WebPage","@id":"https:\/\/onevetgroup.pt\/ermesinde\/especialidades\/etologia\/","url":"https:\/\/onevetgroup.pt\/ermesinde\/especialidades\/etologia\/","name":"Etologia - Ermesinde","isPartOf":{"@id":"https:\/\/onevetgroup.pt\/ermesinde\/#website"},"primaryImageOfPage":{"@id":"https:\/\/onevetgroup.pt\/ermesinde\/especialidades\/etologia\/#primaryimage"},"image":{"@id":"https:\/\/onevetgroup.pt\/ermesinde\/especialidades\/etologia\/#primaryimage"},"thumbnailUrl":"https:\/\/onevetgroup.pt\/ermesinde\/wp-content\/uploads\/sites\/25\/2022\/07\/Etology.jpg","datePublished":"2022-07-11T09:42:40+00:00","dateModified":"2025-11-12T17:53:14+00:00","breadcrumb":{"@id":"https:\/\/onevetgroup.pt\/ermesinde\/especialidades\/etologia\/#breadcrumb"},"inLanguage":"pt-PT","potentialAction":[{"@type":"ReadAction","target":["https:\/\/onevetgroup.pt\/ermesinde\/especialidades\/etologia\/"]}]},{"@type":"ImageObject","inLanguage":"pt-PT","@id":"https:\/\/onevetgroup.pt\/ermesinde\/especialidades\/etologia\/#primaryimage","url":"https:\/\/onevetgroup.pt\/ermesinde\/wp-content\/uploads\/sites\/25\/2022\/07\/Etology.jpg","contentUrl":"https:\/\/onevetgroup.pt\/ermesinde\/wp-content\/uploads\/sites\/25\/2022\/07\/Etology.jpg","width":385,"height":522},{"@type":"BreadcrumbList","@id":"https:\/\/onevetgroup.pt\/ermesinde\/especialidades\/etologia\/#breadcrumb","itemListElement":[{"@type":"ListItem","position":1,"name":"Home","item":"https:\/\/onevetgroup.pt\/ermesinde\/"},{"@type":"ListItem","position":2,"name":"Especialidades","item":"https:\/\/onevetgroup.pt\/ermesinde\/especialidades\/"},{"@type":"ListItem","position":3,"name":"Etologia"}]},{"@type":"WebSite","@id":"https:\/\/onevetgroup.pt\/ermesinde\/#website","url":"https:\/\/onevetgroup.pt\/ermesinde\/","name":"Ermesinde","description":"Your Pets in Good Hands","publisher":{"@id":"https:\/\/onevetgroup.pt\/ermesinde\/#organization"},"potentialAction":[{"@type":"SearchAction","target":{"@type":"EntryPoint","urlTemplate":"https:\/\/onevetgroup.pt\/ermesinde\/?s={search_term_string}"},"query-input":{"@type":"PropertyValueSpecification","valueRequired":true,"valueName":"search_term_string"}}],"inLanguage":"pt-PT"},{"@type":"Organization","@id":"https:\/\/onevetgroup.pt\/ermesinde\/#organization","name":"Ermesinde","url":"https:\/\/onevetgroup.pt\/ermesinde\/","logo":{"@type":"ImageObject","inLanguage":"pt-PT","@id":"https:\/\/onevetgroup.pt\/ermesinde\/#\/schema\/logo\/image\/","url":"https:\/\/onevetgroup.pt\/ermesinde\/wp-content\/uploads\/sites\/25\/2023\/07\/cropped-onevet_cvermesinde_horizontal-1-e1689067299846-1.png","contentUrl":"https:\/\/onevetgroup.pt\/ermesinde\/wp-content\/uploads\/sites\/25\/2023\/07\/cropped-onevet_cvermesinde_horizontal-1-e1689067299846-1.png","width":225,"height":70,"caption":"Ermesinde"},"image":{"@id":"https:\/\/onevetgroup.pt\/ermesinde\/#\/schema\/logo\/image\/"}}]}},"_links":{"self":[{"href":"https:\/\/onevetgroup.pt\/ermesinde\/wp-json\/wp\/v2\/pages\/19112","targetHints":{"allow":["GET"]}}],"collection":[{"href":"https:\/\/onevetgroup.pt\/ermesinde\/wp-json\/wp\/v2\/pages"}],"about":[{"href":"https:\/\/onevetgroup.pt\/ermesinde\/wp-json\/wp\/v2\/types\/page"}],"author":[{"embeddable":true,"href":"https:\/\/onevetgroup.pt\/ermesinde\/wp-json\/wp\/v2\/users\/61"}],"replies":[{"embeddable":true,"href":"https:\/\/onevetgroup.pt\/ermesinde\/wp-json\/wp\/v2\/comments?post=19112"}],"version-history":[{"count":3,"href":"https:\/\/onevetgroup.pt\/ermesinde\/wp-json\/wp\/v2\/pages\/19112\/revisions"}],"predecessor-version":[{"id":19744,"href":"https:\/\/onevetgroup.pt\/ermesinde\/wp-json\/wp\/v2\/pages\/19112\/revisions\/19744"}],"up":[{"embeddable":true,"href":"https:\/\/onevetgroup.pt\/ermesinde\/wp-json\/wp\/v2\/pages\/19458"}],"wp:attachment":[{"href":"https:\/\/onevetgroup.pt\/ermesinde\/wp-json\/wp\/v2\/media?parent=19112"}],"curies":[{"name":"wp","href":"https:\/\/api.w.org\/{rel}","templated":true}]}}