{"id":17846,"date":"2022-07-01T09:40:57","date_gmt":"2022-07-01T09:40:57","guid":{"rendered":"https:\/\/onevet.pt\/gondomar\/?page_id=17846"},"modified":"2024-08-30T03:03:33","modified_gmt":"2024-08-30T03:03:33","slug":"instalacoes","status":"publish","type":"page","link":"https:\/\/onevetgroup.pt\/gondomar\/instalacoes\/","title":{"rendered":"Instala\u00e7\u00f5es"},"content":{"rendered":"\t\t<div data-elementor-type=\"wp-page\" data-elementor-id=\"17846\" class=\"elementor elementor-17846\" data-elementor-post-type=\"page\">\n\t\t\t\t\t\t<section class=\"elementor-section elementor-top-section elementor-element elementor-element-54cf215 pad-top-0 elementor-section-boxed elementor-section-height-default elementor-section-height-default\" data-id=\"54cf215\" data-element_type=\"section\" id=\"main-sec\" data-settings=\"{&quot;background_background&quot;:&quot;classic&quot;}\">\n\t\t\t\t\t\t<div class=\"elementor-container elementor-column-gap-wide\">\n\t\t\t\t\t<div class=\"elementor-column elementor-col-100 elementor-top-column elementor-element elementor-element-d926441\" data-id=\"d926441\" data-element_type=\"column\">\n\t\t\t<div class=\"elementor-widget-wrap elementor-element-populated\">\n\t\t\t\t\t\t<div class=\"elementor-element elementor-element-ac5c964 elementor-widget elementor-widget-text-editor\" data-id=\"ac5c964\" data-element_type=\"widget\" data-widget_type=\"text-editor.default\">\n\t\t\t\t<div class=\"elementor-widget-container\">\n\t\t\t\t\t\t\t\t\t<p>H\u00e1 22 anos que brindamos os nossos clientes com um diagn\u00f3stico atento, completo e com o melhor tratamento para os animais de companhia.<\/p>\t\t\t\t\t\t\t\t<\/div>\n\t\t\t\t<\/div>\n\t\t\t\t<section class=\"elementor-section elementor-inner-section elementor-element elementor-element-98275a1 elementor-section-boxed elementor-section-height-default elementor-section-height-default\" data-id=\"98275a1\" data-element_type=\"section\">\n\t\t\t\t\t\t<div class=\"elementor-container elementor-column-gap-default\">\n\t\t\t\t\t<div class=\"elementor-column elementor-col-50 elementor-inner-column elementor-element elementor-element-07b222c\" data-id=\"07b222c\" data-element_type=\"column\">\n\t\t\t<div class=\"elementor-widget-wrap elementor-element-populated\">\n\t\t\t\t\t\t<div class=\"elementor-element elementor-element-44b52f4 elementor-widget elementor-widget-image\" data-id=\"44b52f4\" data-element_type=\"widget\" data-widget_type=\"image.default\">\n\t\t\t\t<div class=\"elementor-widget-container\">\n\t\t\t\t\t\t\t\t\t\t\t\t\t\t\t<img fetchpriority=\"high\" width=\"2048\" height=\"1366\" class=\"attachment-2048x2048 size-2048x2048 wp-image-19354 lazy\" alt=\"\" data-src=\"https:\/\/onevetgroup.pt\/gondomar\/wp-content\/uploads\/sites\/22\/2023\/07\/TAN_7826-2048x1366.jpg\" data-lazy=\"https:\/\/onevetgroup.pt\/gondomar\/wp-content\/uploads\/sites\/22\/2023\/07\/TAN_7826-2048x1366.jpg\" \/>\t\t\t\t\t\t\t\t\t\t\t\t\t\t\t<\/div>\n\t\t\t\t<\/div>\n\t\t\t\t\t<\/div>\n\t\t<\/div>\n\t\t\t\t<div class=\"elementor-column elementor-col-50 elementor-inner-column elementor-element elementor-element-e32254f\" data-id=\"e32254f\" data-element_type=\"column\">\n\t\t\t<div class=\"elementor-widget-wrap elementor-element-populated\">\n\t\t\t\t\t\t<div class=\"elementor-element elementor-element-6494dd8 elementor-widget elementor-widget-text-editor\" data-id=\"6494dd8\" data-element_type=\"widget\" data-widget_type=\"text-editor.default\">\n\t\t\t\t<div class=\"elementor-widget-container\">\n\t\t\t\t\t\t\t\t\t<p>Consideramos que os gatos e os c\u00e3es t\u00eam um temperamento diferente e por essa raz\u00e3o \u00e9 que na Onevet Cl\u00ednica Veterin\u00e1ria de Gondomar disponibiliziamos de um consult\u00f3rio para c\u00e3es e um consult\u00f3rio para gatos, para que todos os nossos pacientes estejam controlados e confort\u00e1veis.<\/p><p>Contamos com sala de Raio-X, Ecografia, an\u00e1lises clinicas, sala de cirurgia bem como internamento diferenciado para c\u00e3es e gatos.<\/p><p>Temos excelentes refer\u00eancias de localiza\u00e7\u00e3o.<\/p>\t\t\t\t\t\t\t\t<\/div>\n\t\t\t\t<\/div>\n\t\t\t\t\t<\/div>\n\t\t<\/div>\n\t\t\t\t\t<\/div>\n\t\t<\/section>\n\t\t\t\t<section class=\"elementor-section elementor-inner-section elementor-element elementor-element-dde928b elementor-section-boxed elementor-section-height-default elementor-section-height-default\" data-id=\"dde928b\" data-element_type=\"section\">\n\t\t\t\t\t\t<div class=\"elementor-container elementor-column-gap-default\">\n\t\t\t\t\t<div class=\"elementor-column elementor-col-50 elementor-inner-column elementor-element elementor-element-cc2bfd3\" data-id=\"cc2bfd3\" data-element_type=\"column\">\n\t\t\t<div class=\"elementor-widget-wrap elementor-element-populated\">\n\t\t\t\t\t\t<div class=\"elementor-element elementor-element-ad87997 elementor-align-center elementor-widget elementor-widget-button\" data-id=\"ad87997\" data-element_type=\"widget\" data-widget_type=\"button.default\">\n\t\t\t\t<div class=\"elementor-widget-container\">\n\t\t\t\t\t\t\t\t\t<div class=\"elementor-button-wrapper\">\n\t\t\t\t\t<a class=\"elementor-button elementor-button-link elementor-size-sm\" href=\"\/gondomar\/a-nossa-equipa\/\">\n\t\t\t\t\t\t<span class=\"elementor-button-content-wrapper\">\n\t\t\t\t\t\t\t\t\t<span class=\"elementor-button-text\">A Nossa Equipa<\/span>\n\t\t\t\t\t<\/span>\n\t\t\t\t\t<\/a>\n\t\t\t\t<\/div>\n\t\t\t\t\t\t\t\t<\/div>\n\t\t\t\t<\/div>\n\t\t\t\t\t<\/div>\n\t\t<\/div>\n\t\t\t\t<div class=\"elementor-column elementor-col-50 elementor-inner-column elementor-element elementor-element-5abf707\" data-id=\"5abf707\" data-element_type=\"column\">\n\t\t\t<div class=\"elementor-widget-wrap elementor-element-populated\">\n\t\t\t\t\t\t<div class=\"elementor-element elementor-element-48e57d7 elementor-align-center elementor-widget elementor-widget-button\" data-id=\"48e57d7\" data-element_type=\"widget\" data-widget_type=\"button.default\">\n\t\t\t\t<div class=\"elementor-widget-container\">\n\t\t\t\t\t\t\t\t\t<div class=\"elementor-button-wrapper\">\n\t\t\t\t\t<a class=\"elementor-button elementor-button-link elementor-size-sm\" href=\"\/gondomar\/servicos-veterinarios\/\">\n\t\t\t\t\t\t<span class=\"elementor-button-content-wrapper\">\n\t\t\t\t\t\t\t\t\t<span class=\"elementor-button-text\">Servi\u00e7os Veterin\u00e1rios<\/span>\n\t\t\t\t\t<\/span>\n\t\t\t\t\t<\/a>\n\t\t\t\t<\/div>\n\t\t\t\t\t\t\t\t<\/div>\n\t\t\t\t<\/div>\n\t\t\t\t\t<\/div>\n\t\t<\/div>\n\t\t\t\t\t<\/div>\n\t\t<\/section>\n\t\t\t\t\t<\/div>\n\t\t<\/div>\n\t\t\t\t\t<\/div>\n\t\t<\/section>\n\t\t\t\t<section class=\"elementor-section elementor-top-section elementor-element elementor-element-461daec elementor-section-boxed elementor-section-height-default elementor-section-height-default\" data-id=\"461daec\" data-element_type=\"section\">\n\t\t\t\t\t\t<div class=\"elementor-container elementor-column-gap-default\">\n\t\t\t\t\t<div class=\"elementor-column elementor-col-100 elementor-top-column elementor-element elementor-element-5f2bdae\" data-id=\"5f2bdae\" data-element_type=\"column\">\n\t\t\t<div class=\"elementor-widget-wrap elementor-element-populated\">\n\t\t\t\t\t\t<div class=\"elementor-element elementor-element-0f54842 elementor-widget elementor-widget-gallery\" data-id=\"0f54842\" data-element_type=\"widget\" data-settings=\"{&quot;columns&quot;:&quot;3&quot;,&quot;aspect_ratio&quot;:&quot;1:1&quot;,&quot;lazyload&quot;:&quot;yes&quot;,&quot;gallery_layout&quot;:&quot;grid&quot;,&quot;columns_tablet&quot;:2,&quot;columns_mobile&quot;:1,&quot;gap&quot;:{&quot;unit&quot;:&quot;px&quot;,&quot;size&quot;:10,&quot;sizes&quot;:[]},&quot;gap_tablet&quot;:{&quot;unit&quot;:&quot;px&quot;,&quot;size&quot;:10,&quot;sizes&quot;:[]},&quot;gap_mobile&quot;:{&quot;unit&quot;:&quot;px&quot;,&quot;size&quot;:10,&quot;sizes&quot;:[]},&quot;link_to&quot;:&quot;file&quot;,&quot;overlay_background&quot;:&quot;yes&quot;,&quot;content_hover_animation&quot;:&quot;fade-in&quot;}\" data-widget_type=\"gallery.default\">\n\t\t\t\t<div class=\"elementor-widget-container\">\n\t\t\t\t\t\t\t<div class=\"elementor-gallery__container\">\n\t\t\t\t\t\t\t<a class=\"e-gallery-item elementor-gallery-item elementor-animated-content\" href=\"https:\/\/onevetgroup.pt\/gondomar\/wp-content\/uploads\/sites\/22\/2023\/07\/TAN_7841-1.jpg\" data-elementor-open-lightbox=\"yes\" data-elementor-lightbox-slideshow=\"0f54842\" data-elementor-lightbox-title=\"TAN_7841 (1)\" data-e-action-hash=\"#elementor-action%3Aaction%3Dlightbox%26settings%3DeyJpZCI6MTk0MjUsInVybCI6Imh0dHBzOlwvXC9vbmV2ZXRncm91cC5wdFwvZ29uZG9tYXJcL3dwLWNvbnRlbnRcL3VwbG9hZHNcL3NpdGVzXC8yMlwvMjAyM1wvMDdcL1RBTl83ODQxLTEuanBnIiwic2xpZGVzaG93IjoiMGY1NDg0MiJ9\">\n\t\t\t\t\t<div class=\"e-gallery-image elementor-gallery-item__image\" data-thumbnail=\"https:\/\/onevetgroup.pt\/gondomar\/wp-content\/uploads\/sites\/22\/2023\/07\/TAN_7841-1-1024x683.jpg\" data-width=\"724\" data-height=\"483\" aria-label=\"\" role=\"img\" ><\/div>\n\t\t\t\t\t\t\t\t\t\t\t<div class=\"elementor-gallery-item__overlay\"><\/div>\n\t\t\t\t\t\t\t\t\t\t\t\t\t\t<\/a>\n\t\t\t\t\t\t\t<a class=\"e-gallery-item elementor-gallery-item elementor-animated-content\" href=\"https:\/\/onevetgroup.pt\/gondomar\/wp-content\/uploads\/sites\/22\/2023\/07\/TAN_7957.jpg\" data-elementor-open-lightbox=\"yes\" data-elementor-lightbox-slideshow=\"0f54842\" data-elementor-lightbox-title=\"TAN_7957\" data-e-action-hash=\"#elementor-action%3Aaction%3Dlightbox%26settings%3DeyJpZCI6MTk0MzEsInVybCI6Imh0dHBzOlwvXC9vbmV2ZXRncm91cC5wdFwvZ29uZG9tYXJcL3dwLWNvbnRlbnRcL3VwbG9hZHNcL3NpdGVzXC8yMlwvMjAyM1wvMDdcL1RBTl83OTU3LmpwZyIsInNsaWRlc2hvdyI6IjBmNTQ4NDIifQ%3D%3D\">\n\t\t\t\t\t<div class=\"e-gallery-image elementor-gallery-item__image\" data-thumbnail=\"https:\/\/onevetgroup.pt\/gondomar\/wp-content\/uploads\/sites\/22\/2023\/07\/TAN_7957-1024x683.jpg\" data-width=\"724\" data-height=\"483\" aria-label=\"\" role=\"img\" ><\/div>\n\t\t\t\t\t\t\t\t\t\t\t<div class=\"elementor-gallery-item__overlay\"><\/div>\n\t\t\t\t\t\t\t\t\t\t\t\t\t\t<\/a>\n\t\t\t\t\t\t\t<a class=\"e-gallery-item elementor-gallery-item elementor-animated-content\" href=\"https:\/\/onevetgroup.pt\/gondomar\/wp-content\/uploads\/sites\/22\/2023\/07\/TAN_7824.jpg\" data-elementor-open-lightbox=\"yes\" data-elementor-lightbox-slideshow=\"0f54842\" data-elementor-lightbox-title=\"TAN_7824\" data-e-action-hash=\"#elementor-action%3Aaction%3Dlightbox%26settings%3DeyJpZCI6MTk0NDEsInVybCI6Imh0dHBzOlwvXC9vbmV2ZXRncm91cC5wdFwvZ29uZG9tYXJcL3dwLWNvbnRlbnRcL3VwbG9hZHNcL3NpdGVzXC8yMlwvMjAyM1wvMDdcL1RBTl83ODI0LmpwZyIsInNsaWRlc2hvdyI6IjBmNTQ4NDIifQ%3D%3D\">\n\t\t\t\t\t<div class=\"e-gallery-image elementor-gallery-item__image\" data-thumbnail=\"https:\/\/onevetgroup.pt\/gondomar\/wp-content\/uploads\/sites\/22\/2023\/07\/TAN_7824-1024x683.jpg\" data-width=\"724\" data-height=\"483\" aria-label=\"\" role=\"img\" ><\/div>\n\t\t\t\t\t\t\t\t\t\t\t<div class=\"elementor-gallery-item__overlay\"><\/div>\n\t\t\t\t\t\t\t\t\t\t\t\t\t\t<\/a>\n\t\t\t\t\t\t\t<a class=\"e-gallery-item elementor-gallery-item elementor-animated-content\" href=\"https:\/\/onevetgroup.pt\/gondomar\/wp-content\/uploads\/sites\/22\/2023\/07\/TAN_7821.jpg\" data-elementor-open-lightbox=\"yes\" data-elementor-lightbox-slideshow=\"0f54842\" data-elementor-lightbox-title=\"TAN_7821\" data-e-action-hash=\"#elementor-action%3Aaction%3Dlightbox%26settings%3DeyJpZCI6MTk0MjksInVybCI6Imh0dHBzOlwvXC9vbmV2ZXRncm91cC5wdFwvZ29uZG9tYXJcL3dwLWNvbnRlbnRcL3VwbG9hZHNcL3NpdGVzXC8yMlwvMjAyM1wvMDdcL1RBTl83ODIxLmpwZyIsInNsaWRlc2hvdyI6IjBmNTQ4NDIifQ%3D%3D\">\n\t\t\t\t\t<div class=\"e-gallery-image elementor-gallery-item__image\" data-thumbnail=\"https:\/\/onevetgroup.pt\/gondomar\/wp-content\/uploads\/sites\/22\/2023\/07\/TAN_7821-1024x683.jpg\" data-width=\"724\" data-height=\"483\" aria-label=\"\" role=\"img\" ><\/div>\n\t\t\t\t\t\t\t\t\t\t\t<div class=\"elementor-gallery-item__overlay\"><\/div>\n\t\t\t\t\t\t\t\t\t\t\t\t\t\t<\/a>\n\t\t\t\t\t\t\t<a class=\"e-gallery-item elementor-gallery-item elementor-animated-content\" href=\"https:\/\/onevetgroup.pt\/gondomar\/wp-content\/uploads\/sites\/22\/2023\/07\/TAN_7921-scaled.jpg\" data-elementor-open-lightbox=\"yes\" data-elementor-lightbox-slideshow=\"0f54842\" data-elementor-lightbox-title=\"TAN_7921\" data-e-action-hash=\"#elementor-action%3Aaction%3Dlightbox%26settings%3DeyJpZCI6MTk0MzksInVybCI6Imh0dHBzOlwvXC9vbmV2ZXRncm91cC5wdFwvZ29uZG9tYXJcL3dwLWNvbnRlbnRcL3VwbG9hZHNcL3NpdGVzXC8yMlwvMjAyM1wvMDdcL1RBTl83OTIxLXNjYWxlZC5qcGciLCJzbGlkZXNob3ciOiIwZjU0ODQyIn0%3D\">\n\t\t\t\t\t<div class=\"e-gallery-image elementor-gallery-item__image\" data-thumbnail=\"https:\/\/onevetgroup.pt\/gondomar\/wp-content\/uploads\/sites\/22\/2023\/07\/TAN_7921-683x1024.jpg\" data-width=\"683\" data-height=\"1024\" aria-label=\"\" role=\"img\" ><\/div>\n\t\t\t\t\t\t\t\t\t\t\t<div class=\"elementor-gallery-item__overlay\"><\/div>\n\t\t\t\t\t\t\t\t\t\t\t\t\t\t<\/a>\n\t\t\t\t\t\t\t<a class=\"e-gallery-item elementor-gallery-item elementor-animated-content\" href=\"https:\/\/onevetgroup.pt\/gondomar\/wp-content\/uploads\/sites\/22\/2023\/07\/TAN_7965-2.jpg\" data-elementor-open-lightbox=\"yes\" data-elementor-lightbox-slideshow=\"0f54842\" data-elementor-lightbox-title=\"TAN_7965\" data-e-action-hash=\"#elementor-action%3Aaction%3Dlightbox%26settings%3DeyJpZCI6MTk0MTUsInVybCI6Imh0dHBzOlwvXC9vbmV2ZXRncm91cC5wdFwvZ29uZG9tYXJcL3dwLWNvbnRlbnRcL3VwbG9hZHNcL3NpdGVzXC8yMlwvMjAyM1wvMDdcL1RBTl83OTY1LTIuanBnIiwic2xpZGVzaG93IjoiMGY1NDg0MiJ9\">\n\t\t\t\t\t<div class=\"e-gallery-image elementor-gallery-item__image\" data-thumbnail=\"https:\/\/onevetgroup.pt\/gondomar\/wp-content\/uploads\/sites\/22\/2023\/07\/TAN_7965-2-1024x683.jpg\" data-width=\"724\" data-height=\"483\" aria-label=\"\" role=\"img\" ><\/div>\n\t\t\t\t\t\t\t\t\t\t\t<div class=\"elementor-gallery-item__overlay\"><\/div>\n\t\t\t\t\t\t\t\t\t\t\t\t\t\t<\/a>\n\t\t\t\t\t\t\t<a class=\"e-gallery-item elementor-gallery-item elementor-animated-content\" href=\"https:\/\/onevetgroup.pt\/gondomar\/wp-content\/uploads\/sites\/22\/2023\/07\/TAN_7851.jpg\" data-elementor-open-lightbox=\"yes\" data-elementor-lightbox-slideshow=\"0f54842\" data-elementor-lightbox-title=\"TAN_7851\" data-e-action-hash=\"#elementor-action%3Aaction%3Dlightbox%26settings%3DeyJpZCI6MTk0MzUsInVybCI6Imh0dHBzOlwvXC9vbmV2ZXRncm91cC5wdFwvZ29uZG9tYXJcL3dwLWNvbnRlbnRcL3VwbG9hZHNcL3NpdGVzXC8yMlwvMjAyM1wvMDdcL1RBTl83ODUxLmpwZyIsInNsaWRlc2hvdyI6IjBmNTQ4NDIifQ%3D%3D\">\n\t\t\t\t\t<div class=\"e-gallery-image elementor-gallery-item__image\" data-thumbnail=\"https:\/\/onevetgroup.pt\/gondomar\/wp-content\/uploads\/sites\/22\/2023\/07\/TAN_7851-1024x683.jpg\" data-width=\"724\" data-height=\"483\" aria-label=\"\" role=\"img\" ><\/div>\n\t\t\t\t\t\t\t\t\t\t\t<div class=\"elementor-gallery-item__overlay\"><\/div>\n\t\t\t\t\t\t\t\t\t\t\t\t\t\t<\/a>\n\t\t\t\t\t\t\t<a class=\"e-gallery-item elementor-gallery-item elementor-animated-content\" href=\"https:\/\/onevetgroup.pt\/gondomar\/wp-content\/uploads\/sites\/22\/2024\/08\/TAN_7937-1.jpg\" data-elementor-open-lightbox=\"yes\" data-elementor-lightbox-slideshow=\"0f54842\" data-elementor-lightbox-title=\"TAN_7937 (1)\" data-e-action-hash=\"#elementor-action%3Aaction%3Dlightbox%26settings%3DeyJpZCI6MTk2ODEsInVybCI6Imh0dHBzOlwvXC9vbmV2ZXRncm91cC5wdFwvZ29uZG9tYXJcL3dwLWNvbnRlbnRcL3VwbG9hZHNcL3NpdGVzXC8yMlwvMjAyNFwvMDhcL1RBTl83OTM3LTEuanBnIiwic2xpZGVzaG93IjoiMGY1NDg0MiJ9\">\n\t\t\t\t\t<div class=\"e-gallery-image elementor-gallery-item__image\" data-thumbnail=\"https:\/\/onevetgroup.pt\/gondomar\/wp-content\/uploads\/sites\/22\/2024\/08\/TAN_7937-1-1024x683.jpg\" data-width=\"724\" data-height=\"483\" aria-label=\"\" role=\"img\" ><\/div>\n\t\t\t\t\t\t\t\t\t\t\t<div class=\"elementor-gallery-item__overlay\"><\/div>\n\t\t\t\t\t\t\t\t\t\t\t\t\t\t<\/a>\n\t\t\t\t\t\t\t<a class=\"e-gallery-item elementor-gallery-item elementor-animated-content\" href=\"https:\/\/onevetgroup.pt\/gondomar\/wp-content\/uploads\/sites\/22\/2023\/07\/TAN_7831.jpg\" data-elementor-open-lightbox=\"yes\" data-elementor-lightbox-slideshow=\"0f54842\" data-elementor-lightbox-title=\"TAN_7831\" data-e-action-hash=\"#elementor-action%3Aaction%3Dlightbox%26settings%3DeyJpZCI6MTk0MzMsInVybCI6Imh0dHBzOlwvXC9vbmV2ZXRncm91cC5wdFwvZ29uZG9tYXJcL3dwLWNvbnRlbnRcL3VwbG9hZHNcL3NpdGVzXC8yMlwvMjAyM1wvMDdcL1RBTl83ODMxLmpwZyIsInNsaWRlc2hvdyI6IjBmNTQ4NDIifQ%3D%3D\">\n\t\t\t\t\t<div class=\"e-gallery-image elementor-gallery-item__image\" data-thumbnail=\"https:\/\/onevetgroup.pt\/gondomar\/wp-content\/uploads\/sites\/22\/2023\/07\/TAN_7831-1024x683.jpg\" data-width=\"724\" data-height=\"483\" aria-label=\"\" role=\"img\" ><\/div>\n\t\t\t\t\t\t\t\t\t\t\t<div class=\"elementor-gallery-item__overlay\"><\/div>\n\t\t\t\t\t\t\t\t\t\t\t\t\t\t<\/a>\n\t\t\t\t\t<\/div>\n\t\t\t\t\t<\/div>\n\t\t\t\t<\/div>\n\t\t\t\t\t<\/div>\n\t\t<\/div>\n\t\t\t\t\t<\/div>\n\t\t<\/section>\n\t\t\t\t<\/div>\n\t\t","protected":false},"excerpt":{"rendered":"<p>H\u00e1 22 anos que brindamos os nossos clientes com um diagn\u00f3stico atento, completo e com o melhor tratamento para os animais de companhia. Consideramos que os gatos e os c\u00e3es t\u00eam um temperamento diferente e por essa raz\u00e3o \u00e9 que na Onevet Cl\u00ednica Veterin\u00e1ria de Gondomar disponibiliziamos de um consult\u00f3rio para c\u00e3es e um consult\u00f3rio &hellip; <\/p>\n","protected":false},"author":61,"featured_media":0,"parent":0,"menu_order":0,"comment_status":"closed","ping_status":"closed","template":"page-fullwidth.php","meta":{"_acf_changed":false,"content-type":"","footnotes":""},"class_list":["post-17846","page","type-page","status-publish","hentry"],"acf":[],"yoast_head":"<!-- This site is optimized with the Yoast SEO plugin v26.2 - https:\/\/yoast.com\/wordpress\/plugins\/seo\/ -->\n<title>Instala\u00e7\u00f5es - Gondomar<\/title>\n<meta name=\"robots\" content=\"index, follow, max-snippet:-1, max-image-preview:large, max-video-preview:-1\" \/>\n<link rel=\"canonical\" href=\"https:\/\/onevetgroup.pt\/gondomar\/instalacoes\/\" \/>\n<meta property=\"og:locale\" content=\"pt_PT\" \/>\n<meta property=\"og:type\" content=\"article\" \/>\n<meta property=\"og:title\" content=\"Instala\u00e7\u00f5es - Gondomar\" \/>\n<meta property=\"og:description\" content=\"H\u00e1 22 anos que brindamos os nossos clientes com um diagn\u00f3stico atento, completo e com o melhor tratamento para os animais de companhia. Consideramos que os gatos e os c\u00e3es t\u00eam um temperamento diferente e por essa raz\u00e3o \u00e9 que na Onevet Cl\u00ednica Veterin\u00e1ria de Gondomar disponibiliziamos de um consult\u00f3rio para c\u00e3es e um consult\u00f3rio &hellip;\" \/>\n<meta property=\"og:url\" content=\"https:\/\/onevetgroup.pt\/gondomar\/instalacoes\/\" \/>\n<meta property=\"og:site_name\" content=\"Gondomar\" \/>\n<meta property=\"article:modified_time\" content=\"2024-08-30T03:03:33+00:00\" \/>\n<meta property=\"og:image\" content=\"https:\/\/onevetgroup.pt\/gondomar\/wp-content\/uploads\/sites\/22\/2023\/07\/TAN_7826-2048x1366.jpg\" \/>\n<meta name=\"twitter:card\" content=\"summary_large_image\" \/>\n<meta name=\"twitter:label1\" content=\"Tempo estimado de leitura\" \/>\n\t<meta name=\"twitter:data1\" content=\"1 minuto\" \/>\n<script type=\"application\/ld+json\" class=\"yoast-schema-graph\">{\"@context\":\"https:\/\/schema.org\",\"@graph\":[{\"@type\":\"WebPage\",\"@id\":\"https:\/\/onevetgroup.pt\/gondomar\/instalacoes\/\",\"url\":\"https:\/\/onevetgroup.pt\/gondomar\/instalacoes\/\",\"name\":\"Instala\u00e7\u00f5es - Gondomar\",\"isPartOf\":{\"@id\":\"https:\/\/onevetgroup.pt\/gondomar\/#website\"},\"primaryImageOfPage\":{\"@id\":\"https:\/\/onevetgroup.pt\/gondomar\/instalacoes\/#primaryimage\"},\"image\":{\"@id\":\"https:\/\/onevetgroup.pt\/gondomar\/instalacoes\/#primaryimage\"},\"thumbnailUrl\":\"https:\/\/onevetgroup.pt\/gondomar\/wp-content\/uploads\/sites\/22\/2023\/07\/TAN_7826-2048x1366.jpg\",\"datePublished\":\"2022-07-01T09:40:57+00:00\",\"dateModified\":\"2024-08-30T03:03:33+00:00\",\"breadcrumb\":{\"@id\":\"https:\/\/onevetgroup.pt\/gondomar\/instalacoes\/#breadcrumb\"},\"inLanguage\":\"pt-PT\",\"potentialAction\":[{\"@type\":\"ReadAction\",\"target\":[\"https:\/\/onevetgroup.pt\/gondomar\/instalacoes\/\"]}]},{\"@type\":\"ImageObject\",\"inLanguage\":\"pt-PT\",\"@id\":\"https:\/\/onevetgroup.pt\/gondomar\/instalacoes\/#primaryimage\",\"url\":\"https:\/\/onevetgroup.pt\/gondomar\/wp-content\/uploads\/sites\/22\/2023\/07\/TAN_7826.jpg\",\"contentUrl\":\"https:\/\/onevetgroup.pt\/gondomar\/wp-content\/uploads\/sites\/22\/2023\/07\/TAN_7826.jpg\",\"width\":2500,\"height\":1667},{\"@type\":\"BreadcrumbList\",\"@id\":\"https:\/\/onevetgroup.pt\/gondomar\/instalacoes\/#breadcrumb\",\"itemListElement\":[{\"@type\":\"ListItem\",\"position\":1,\"name\":\"Home\",\"item\":\"https:\/\/onevetgroup.pt\/gondomar\/\"},{\"@type\":\"ListItem\",\"position\":2,\"name\":\"Instala\u00e7\u00f5es\"}]},{\"@type\":\"WebSite\",\"@id\":\"https:\/\/onevetgroup.pt\/gondomar\/#website\",\"url\":\"https:\/\/onevetgroup.pt\/gondomar\/\",\"name\":\"Gondomar\",\"description\":\"Your Pets in Good Hands\",\"publisher\":{\"@id\":\"https:\/\/onevetgroup.pt\/gondomar\/#organization\"},\"potentialAction\":[{\"@type\":\"SearchAction\",\"target\":{\"@type\":\"EntryPoint\",\"urlTemplate\":\"https:\/\/onevetgroup.pt\/gondomar\/?s={search_term_string}\"},\"query-input\":{\"@type\":\"PropertyValueSpecification\",\"valueRequired\":true,\"valueName\":\"search_term_string\"}}],\"inLanguage\":\"pt-PT\"},{\"@type\":\"Organization\",\"@id\":\"https:\/\/onevetgroup.pt\/gondomar\/#organization\",\"name\":\"Gondomar\",\"url\":\"https:\/\/onevetgroup.pt\/gondomar\/\",\"logo\":{\"@type\":\"ImageObject\",\"inLanguage\":\"pt-PT\",\"@id\":\"https:\/\/onevetgroup.pt\/gondomar\/#\/schema\/logo\/image\/\",\"url\":\"https:\/\/onevetgroup.pt\/gondomar\/wp-content\/uploads\/sites\/22\/2023\/07\/cropped-onevet_cvgondomar_horizontal-e1689067071255.png\",\"contentUrl\":\"https:\/\/onevetgroup.pt\/gondomar\/wp-content\/uploads\/sites\/22\/2023\/07\/cropped-onevet_cvgondomar_horizontal-e1689067071255.png\",\"width\":225,\"height\":70,\"caption\":\"Gondomar\"},\"image\":{\"@id\":\"https:\/\/onevetgroup.pt\/gondomar\/#\/schema\/logo\/image\/\"}}]}<\/script>\n<!-- \/ Yoast SEO plugin. -->","yoast_head_json":{"title":"Instala\u00e7\u00f5es - Gondomar","robots":{"index":"index","follow":"follow","max-snippet":"max-snippet:-1","max-image-preview":"max-image-preview:large","max-video-preview":"max-video-preview:-1"},"canonical":"https:\/\/onevetgroup.pt\/gondomar\/instalacoes\/","og_locale":"pt_PT","og_type":"article","og_title":"Instala\u00e7\u00f5es - Gondomar","og_description":"H\u00e1 22 anos que brindamos os nossos clientes com um diagn\u00f3stico atento, completo e com o melhor tratamento para os animais de companhia. Consideramos que os gatos e os c\u00e3es t\u00eam um temperamento diferente e por essa raz\u00e3o \u00e9 que na Onevet Cl\u00ednica Veterin\u00e1ria de Gondomar disponibiliziamos de um consult\u00f3rio para c\u00e3es e um consult\u00f3rio &hellip;","og_url":"https:\/\/onevetgroup.pt\/gondomar\/instalacoes\/","og_site_name":"Gondomar","article_modified_time":"2024-08-30T03:03:33+00:00","og_image":[{"url":"https:\/\/onevetgroup.pt\/gondomar\/wp-content\/uploads\/sites\/22\/2023\/07\/TAN_7826-2048x1366.jpg","type":"","width":"","height":""}],"twitter_card":"summary_large_image","twitter_misc":{"Tempo estimado de leitura":"1 minuto"},"schema":{"@context":"https:\/\/schema.org","@graph":[{"@type":"WebPage","@id":"https:\/\/onevetgroup.pt\/gondomar\/instalacoes\/","url":"https:\/\/onevetgroup.pt\/gondomar\/instalacoes\/","name":"Instala\u00e7\u00f5es - Gondomar","isPartOf":{"@id":"https:\/\/onevetgroup.pt\/gondomar\/#website"},"primaryImageOfPage":{"@id":"https:\/\/onevetgroup.pt\/gondomar\/instalacoes\/#primaryimage"},"image":{"@id":"https:\/\/onevetgroup.pt\/gondomar\/instalacoes\/#primaryimage"},"thumbnailUrl":"https:\/\/onevetgroup.pt\/gondomar\/wp-content\/uploads\/sites\/22\/2023\/07\/TAN_7826-2048x1366.jpg","datePublished":"2022-07-01T09:40:57+00:00","dateModified":"2024-08-30T03:03:33+00:00","breadcrumb":{"@id":"https:\/\/onevetgroup.pt\/gondomar\/instalacoes\/#breadcrumb"},"inLanguage":"pt-PT","potentialAction":[{"@type":"ReadAction","target":["https:\/\/onevetgroup.pt\/gondomar\/instalacoes\/"]}]},{"@type":"ImageObject","inLanguage":"pt-PT","@id":"https:\/\/onevetgroup.pt\/gondomar\/instalacoes\/#primaryimage","url":"https:\/\/onevetgroup.pt\/gondomar\/wp-content\/uploads\/sites\/22\/2023\/07\/TAN_7826.jpg","contentUrl":"https:\/\/onevetgroup.pt\/gondomar\/wp-content\/uploads\/sites\/22\/2023\/07\/TAN_7826.jpg","width":2500,"height":1667},{"@type":"BreadcrumbList","@id":"https:\/\/onevetgroup.pt\/gondomar\/instalacoes\/#breadcrumb","itemListElement":[{"@type":"ListItem","position":1,"name":"Home","item":"https:\/\/onevetgroup.pt\/gondomar\/"},{"@type":"ListItem","position":2,"name":"Instala\u00e7\u00f5es"}]},{"@type":"WebSite","@id":"https:\/\/onevetgroup.pt\/gondomar\/#website","url":"https:\/\/onevetgroup.pt\/gondomar\/","name":"Gondomar","description":"Your Pets in Good Hands","publisher":{"@id":"https:\/\/onevetgroup.pt\/gondomar\/#organization"},"potentialAction":[{"@type":"SearchAction","target":{"@type":"EntryPoint","urlTemplate":"https:\/\/onevetgroup.pt\/gondomar\/?s={search_term_string}"},"query-input":{"@type":"PropertyValueSpecification","valueRequired":true,"valueName":"search_term_string"}}],"inLanguage":"pt-PT"},{"@type":"Organization","@id":"https:\/\/onevetgroup.pt\/gondomar\/#organization","name":"Gondomar","url":"https:\/\/onevetgroup.pt\/gondomar\/","logo":{"@type":"ImageObject","inLanguage":"pt-PT","@id":"https:\/\/onevetgroup.pt\/gondomar\/#\/schema\/logo\/image\/","url":"https:\/\/onevetgroup.pt\/gondomar\/wp-content\/uploads\/sites\/22\/2023\/07\/cropped-onevet_cvgondomar_horizontal-e1689067071255.png","contentUrl":"https:\/\/onevetgroup.pt\/gondomar\/wp-content\/uploads\/sites\/22\/2023\/07\/cropped-onevet_cvgondomar_horizontal-e1689067071255.png","width":225,"height":70,"caption":"Gondomar"},"image":{"@id":"https:\/\/onevetgroup.pt\/gondomar\/#\/schema\/logo\/image\/"}}]}},"_links":{"self":[{"href":"https:\/\/onevetgroup.pt\/gondomar\/wp-json\/wp\/v2\/pages\/17846","targetHints":{"allow":["GET"]}}],"collection":[{"href":"https:\/\/onevetgroup.pt\/gondomar\/wp-json\/wp\/v2\/pages"}],"about":[{"href":"https:\/\/onevetgroup.pt\/gondomar\/wp-json\/wp\/v2\/types\/page"}],"author":[{"embeddable":true,"href":"https:\/\/onevetgroup.pt\/gondomar\/wp-json\/wp\/v2\/users\/61"}],"replies":[{"embeddable":true,"href":"https:\/\/onevetgroup.pt\/gondomar\/wp-json\/wp\/v2\/comments?post=17846"}],"version-history":[{"count":3,"href":"https:\/\/onevetgroup.pt\/gondomar\/wp-json\/wp\/v2\/pages\/17846\/revisions"}],"predecessor-version":[{"id":19690,"href":"https:\/\/onevetgroup.pt\/gondomar\/wp-json\/wp\/v2\/pages\/17846\/revisions\/19690"}],"wp:attachment":[{"href":"https:\/\/onevetgroup.pt\/gondomar\/wp-json\/wp\/v2\/media?parent=17846"}],"curies":[{"name":"wp","href":"https:\/\/api.w.org\/{rel}","templated":true}]}}