{"id":13980,"date":"2021-02-08T15:28:56","date_gmt":"2021-02-08T15:28:56","guid":{"rendered":"http:\/\/onevet.pt\/porto\/prevencao-de-parasitas\/"},"modified":"2022-07-08T08:15:12","modified_gmt":"2022-07-08T08:15:12","slug":"prevencao-de-parasitas","status":"publish","type":"page","link":"https:\/\/onevetgroup.pt\/hvanimar\/servicos-veterinarios\/prevencao-de-parasitas\/","title":{"rendered":"Preven\u00e7\u00e3o de parasitas"},"content":{"rendered":"\t\t<div data-elementor-type=\"wp-page\" data-elementor-id=\"13980\" class=\"elementor elementor-13980 elementor-1129\" data-elementor-post-type=\"page\">\n\t\t\t\t\t\t<section class=\"elementor-section elementor-top-section elementor-element elementor-element-3b7f1f2 elementor-section-boxed elementor-section-height-default elementor-section-height-default\" data-id=\"3b7f1f2\" data-element_type=\"section\">\n\t\t\t\t\t\t<div class=\"elementor-container elementor-column-gap-default\">\n\t\t\t\t\t<div class=\"elementor-column elementor-col-100 elementor-top-column elementor-element elementor-element-138c88c\" data-id=\"138c88c\" data-element_type=\"column\">\n\t\t\t<div class=\"elementor-widget-wrap elementor-element-populated\">\n\t\t\t\t\t\t<div class=\"elementor-element elementor-element-ec83cf0 elementor-widget elementor-widget-section_titleleft\" data-id=\"ec83cf0\" data-element_type=\"widget\" data-widget_type=\"section_titleleft.default\">\n\t\t\t\t<div class=\"elementor-widget-container\">\n\t\t\t\t\t        <div class=\"ab_text-title fl-wrap\">\r\n            <h3>Tratamento de Parasitas<\/h3>Os parasitas podem afetar o seu animal de estima\u00e7\u00e3o de v\u00e1rias maneiras, da simples irrita\u00e7\u00e3o a doen\u00e7as que poder\u00e3o colocar a sua vida em risco, se n\u00e3o forem tratadas.<span class=\"section-separator fl-sec-sep\"><\/span>        <\/div>\r\n        \t\t\t\t<\/div>\n\t\t\t\t<\/div>\n\t\t\t\t\t<\/div>\n\t\t<\/div>\n\t\t\t\t\t<\/div>\n\t\t<\/section>\n\t\t\t\t<section class=\"elementor-section elementor-top-section elementor-element elementor-element-d993722 elementor-section-boxed elementor-section-height-default elementor-section-height-default\" data-id=\"d993722\" data-element_type=\"section\">\n\t\t\t\t\t\t<div class=\"elementor-container elementor-column-gap-wide\">\n\t\t\t\t\t<div class=\"elementor-column elementor-col-50 elementor-top-column elementor-element elementor-element-065811d\" data-id=\"065811d\" data-element_type=\"column\">\n\t\t\t<div class=\"elementor-widget-wrap elementor-element-populated\">\n\t\t\t\t\t\t<div class=\"elementor-element elementor-element-63d99ac elementor-widget elementor-widget-text-editor\" data-id=\"63d99ac\" data-element_type=\"widget\" data-widget_type=\"text-editor.default\">\n\t\t\t\t<div class=\"elementor-widget-container\">\n\t\t\t\t\t\t\t\t\t<p>\u00c9 bastante comum que um c\u00e3o ou gato seja infetado por um parasita interno ou externo em determinado ponto da sua vida. O seu m\u00e9dico veterin\u00e1rio pode ajudar a prevenir, diagnosticar com precis\u00e3o e tratar com seguran\u00e7a os parasitas e outros problemas de sa\u00fade que, n\u00e3o s\u00f3 afetam o seu c\u00e3o ou gato, mas tamb\u00e9m amea\u00e7am a seguran\u00e7a da sua fam\u00edlia.<\/p><p><strong>Parasitas que tratamos<\/strong><\/p><ul><li>Dirofil\u00e1rias (&#8220;verme do cora\u00e7\u00e3o&#8221;)<\/li><li>Pulgas<\/li><li>Carra\u00e7as<\/li><li>\u00c1caros auriculares<\/li><\/ul>\t\t\t\t\t\t\t\t<\/div>\n\t\t\t\t<\/div>\n\t\t\t\t<div class=\"elementor-element elementor-element-479fa5f elementor-widget elementor-widget-toggle\" data-id=\"479fa5f\" data-element_type=\"widget\" data-widget_type=\"toggle.default\">\n\t\t\t\t<div class=\"elementor-widget-container\">\n\t\t\t\t\t\t\t<div class=\"elementor-toggle\">\n\t\t\t\t\t\t\t<div class=\"elementor-toggle-item\">\n\t\t\t\t\t<div id=\"elementor-tab-title-7511\" class=\"elementor-tab-title\" data-tab=\"1\" role=\"button\" aria-controls=\"elementor-tab-content-7511\" aria-expanded=\"false\">\n\t\t\t\t\t\t\t\t\t\t\t\t<span class=\"elementor-toggle-icon elementor-toggle-icon-left\" aria-hidden=\"true\">\n\t\t\t\t\t\t\t\t\t\t\t\t\t\t\t<span class=\"elementor-toggle-icon-closed\"><i class=\"fas fa-chevron-down\"><\/i><\/span>\n\t\t\t\t\t\t\t\t<span class=\"elementor-toggle-icon-opened\"><i class=\"elementor-toggle-icon-opened fas fa-chevron-up\"><\/i><\/span>\n\t\t\t\t\t\t\t\t\t\t\t\t\t<\/span>\n\t\t\t\t\t\t\t\t\t\t\t\t<a class=\"elementor-toggle-title\" tabindex=\"0\">Outros parasitas que tratamos<\/a>\n\t\t\t\t\t<\/div>\n\n\t\t\t\t\t<div id=\"elementor-tab-content-7511\" class=\"elementor-tab-content elementor-clearfix\" data-tab=\"1\" role=\"region\" aria-labelledby=\"elementor-tab-title-7511\"><ul>\n<li>Cocc\u00eddias<\/li>\n<li>Giardia<\/li>\n<li>\u00c1caros da sarna<\/li>\n<li>Toxoplasmose<\/li>\n<li>Ancil\u00f3stomos<\/li>\n<li>Lombrigas<\/li>\n<li>T\u00e9nias<\/li>\n<li>Tricur\u00eddeos<\/li>\n<\/ul>\n<\/div>\n\t\t\t\t<\/div>\n\t\t\t\t\t\t\t\t<\/div>\n\t\t\t\t\t\t<\/div>\n\t\t\t\t<\/div>\n\t\t\t\t\t<\/div>\n\t\t<\/div>\n\t\t\t\t<div class=\"elementor-column elementor-col-50 elementor-top-column elementor-element elementor-element-2048e61\" data-id=\"2048e61\" data-element_type=\"column\">\n\t\t\t<div class=\"elementor-widget-wrap elementor-element-populated\">\n\t\t\t\t\t\t<div class=\"elementor-element elementor-element-dc7c821 elementor-widget elementor-widget-image\" data-id=\"dc7c821\" data-element_type=\"widget\" data-widget_type=\"image.default\">\n\t\t\t\t<div class=\"elementor-widget-container\">\n\t\t\t\t\t\t\t\t\t\t\t\t\t\t\t<img fetchpriority=\"high\" width=\"724\" height=\"481\" class=\"attachment-large size-large wp-image-13816 lazy\" alt=\"\" data-src=\"https:\/\/onevetgroup.pt\/hvanimar\/wp-content\/uploads\/sites\/88\/2021\/02\/shutterstock_654316900-1.jpg\" data-lazy=\"https:\/\/onevetgroup.pt\/hvanimar\/wp-content\/uploads\/sites\/88\/2021\/02\/shutterstock_654316900-1.jpg\" \/>\t\t\t\t\t\t\t\t\t\t\t\t\t\t\t<\/div>\n\t\t\t\t<\/div>\n\t\t\t\t\t<\/div>\n\t\t<\/div>\n\t\t\t\t\t<\/div>\n\t\t<\/section>\n\t\t\t\t<section class=\"elementor-section elementor-top-section elementor-element elementor-element-c6e8d26 elementor-section-boxed elementor-section-height-default elementor-section-height-default\" data-id=\"c6e8d26\" data-element_type=\"section\">\n\t\t\t\t\t\t<div class=\"elementor-container elementor-column-gap-default\">\n\t\t\t\t\t<div class=\"elementor-column elementor-col-100 elementor-top-column elementor-element elementor-element-d92d362\" data-id=\"d92d362\" data-element_type=\"column\">\n\t\t\t<div class=\"elementor-widget-wrap elementor-element-populated\">\n\t\t\t\t\t\t<div class=\"elementor-element elementor-element-70fb1ad elementor-widget elementor-widget-section_titleleft\" data-id=\"70fb1ad\" data-element_type=\"widget\" data-widget_type=\"section_titleleft.default\">\n\t\t\t\t<div class=\"elementor-widget-container\">\n\t\t\t\t\t        <div class=\"ab_text-title fl-wrap\">\r\n            <h3>Preven\u00e7\u00e3o durante todo o ano<\/h3><span class=\"section-separator fl-sec-sep\"><\/span>        <\/div>\r\n        \t\t\t\t<\/div>\n\t\t\t\t<\/div>\n\t\t\t\t\t<\/div>\n\t\t<\/div>\n\t\t\t\t\t<\/div>\n\t\t<\/section>\n\t\t\t\t<section class=\"elementor-section elementor-top-section elementor-element elementor-element-149f379 elementor-section-boxed elementor-section-height-default elementor-section-height-default\" data-id=\"149f379\" data-element_type=\"section\">\n\t\t\t\t\t\t<div class=\"elementor-container elementor-column-gap-wide\">\n\t\t\t\t\t<div class=\"elementor-column elementor-col-50 elementor-top-column elementor-element elementor-element-2a8ea5b\" data-id=\"2a8ea5b\" data-element_type=\"column\">\n\t\t\t<div class=\"elementor-widget-wrap elementor-element-populated\">\n\t\t\t\t\t\t<div class=\"elementor-element elementor-element-01118fc elementor-widget elementor-widget-image\" data-id=\"01118fc\" data-element_type=\"widget\" data-widget_type=\"image.default\">\n\t\t\t\t<div class=\"elementor-widget-container\">\n\t\t\t\t\t\t\t\t\t\t\t\t\t\t\t<img width=\"483\" height=\"524\" class=\"attachment-townhub-featured-image size-townhub-featured-image wp-image-18161 lazy\" alt=\"\" data-src=\"https:\/\/onevetgroup.pt\/hvanimar\/wp-content\/uploads\/sites\/88\/2022\/07\/Parasit-483x524.jpg\" data-lazy=\"https:\/\/onevetgroup.pt\/hvanimar\/wp-content\/uploads\/sites\/88\/2022\/07\/Parasit-483x524.jpg\" \/>\t\t\t\t\t\t\t\t\t\t\t\t\t\t\t<\/div>\n\t\t\t\t<\/div>\n\t\t\t\t\t<\/div>\n\t\t<\/div>\n\t\t\t\t<div class=\"elementor-column elementor-col-50 elementor-top-column elementor-element elementor-element-08b8459\" data-id=\"08b8459\" data-element_type=\"column\">\n\t\t\t<div class=\"elementor-widget-wrap elementor-element-populated\">\n\t\t\t\t\t\t<div class=\"elementor-element elementor-element-e1b240e elementor-widget elementor-widget-text-editor\" data-id=\"e1b240e\" data-element_type=\"widget\" data-widget_type=\"text-editor.default\">\n\t\t\t\t<div class=\"elementor-widget-container\">\n\t\t\t\t\t\t\t\t\t<p>O seu animal de estima\u00e7\u00e3o pode ser infetado em qualquer altura do ano. Os parasitas externos, como pulgas e carra\u00e7as, podem ser menos prevalentes ao ar livre durante certas alturas do ano. No entanto, frequentemente sobrevivem dentro de casa durante os meses de inverno, criando um ciclo de vida ininterrupto. Outros parasitas internos, como vermes, podem afetar o seu animal de estima\u00e7\u00e3o durante todo o ano. Em seguida, apresentamos algumas das medidas que pode tomar para o prevenir:<\/p>\n<ul>\n<li>Use um tratamento preventivo contra pulgas e\/ou carra\u00e7as durante todo o ano.<\/li>\n<li>D\u00ea aos seus animais apenas alimentos cozinhados ou preparados (nunca carne crua).<\/li>\n<li>Minimize a exposi\u00e7\u00e3o a \u00e1reas onde passem muitos animais.<\/li>\n<li>Limpe as fezes do animal de estima\u00e7\u00e3o regularmente.<\/li>\n<li>Consulte o m\u00e9dico veterin\u00e1rio para realiza\u00e7\u00e3o de exame f\u00edsico e testes anuais.<\/li>\n<li>Administre medica\u00e7\u00e3o de desparasita\u00e7\u00e3o da forma recomendada pelo veterin\u00e1rio.<\/li>\n<li>Informe-se com o m\u00e9dico veterin\u00e1rio sobre os riscos relacionados com infe\u00e7\u00f5es parasit\u00e1rias e sobre medidas de controlo preventivo durante todo o ano, administradas mensalmente.<\/li>\n<\/ul>\n\t\t\t\t\t\t\t\t<\/div>\n\t\t\t\t<\/div>\n\t\t\t\t\t<\/div>\n\t\t<\/div>\n\t\t\t\t\t<\/div>\n\t\t<\/section>\n\t\t\t\t<section class=\"elementor-section elementor-top-section elementor-element elementor-element-49ff81c elementor-section-boxed elementor-section-height-default elementor-section-height-default\" data-id=\"49ff81c\" data-element_type=\"section\">\n\t\t\t\t\t\t<div class=\"elementor-container elementor-column-gap-default\">\n\t\t\t\t\t<div class=\"elementor-column elementor-col-100 elementor-top-column elementor-element elementor-element-1dff2ba\" data-id=\"1dff2ba\" data-element_type=\"column\">\n\t\t\t<div class=\"elementor-widget-wrap elementor-element-populated\">\n\t\t\t\t\t\t<div class=\"elementor-element elementor-element-9ea1c2e elementor-widget elementor-widget-section_titleleft\" data-id=\"9ea1c2e\" data-element_type=\"widget\" data-widget_type=\"section_titleleft.default\">\n\t\t\t\t<div class=\"elementor-widget-container\">\n\t\t\t\t\t        <div class=\"ab_text-title fl-wrap\">\r\n            <h3>Perguntas comuns sobre animais de estima\u00e7\u00e3o e parasitas<\/h3><span class=\"section-separator fl-sec-sep\"><\/span>        <\/div>\r\n        \t\t\t\t<\/div>\n\t\t\t\t<\/div>\n\t\t\t\t<div class=\"elementor-element elementor-element-ac2f888 elementor-widget elementor-widget-text-editor\" data-id=\"ac2f888\" data-element_type=\"widget\" data-widget_type=\"text-editor.default\">\n\t\t\t\t<div class=\"elementor-widget-container\">\n\t\t\t\t\t\t\t\t\t<p><em>As pulgas e carra\u00e7as do meu animal de estima\u00e7\u00e3o representam um risco para a sa\u00fade da minha fam\u00edlia?<\/em><\/p>\n<p>Sim. As pulgas e carra\u00e7as podem ser portadoras e transmissoras, direta ou indiretamente, de v\u00e1rias potenciais doen\u00e7as em seres humanos. Por exemplo, a riquetsiose (doen\u00e7a infeciosa causada pela riqu\u00e9tsia) pode ser diretamente transmitida por carra\u00e7as. A bartonelose (doen\u00e7a infeciosa causada pela Bartonella) \u00e9 transmitida entre gatos por pulgas e pode afetar seres humanos. Por outro lado, as pulgas servem de hospedeiros intermedi\u00e1rios de t\u00e9nias, o que pode infetar tanto os animais como os humanos.<\/p>\n<p><em>&nbsp;<\/em><\/p>\n<p><em>Que tipos de parasitas internos ou vermes podem infetar o meu c\u00e3o ou gato?<\/em><\/p>\n<p>H\u00e1 uma s\u00e9rie de vermes intestinais que podem infetar c\u00e3es e gatos, e variam consoante as esp\u00e9cies. Em geral, contam-se entre eles lombrigas, ancil\u00f3stomos, tricur\u00eddeos e t\u00e9nias, e s\u00e3o muito prol\u00edficos. De facto, um verme pode produzir mais de 100 000 ovos por dia, que passam nas fezes do animal de estima\u00e7\u00e3o e se espalham pela \u00e1rea em que circula<\/p>\n<p>&nbsp;<\/p>\n<p><em>As dirofil\u00e1rias s\u00e3o um parasita a temer pelo meu animal de estima\u00e7\u00e3o?<\/em><\/p>\n<p>&nbsp;<\/p>\n<p>Sim. As dirofil\u00e1rias podem ser um problema muito grave tanto para c\u00e3es como para gatos, especialmente os que se encontrarem em \u00e1reas infestadas de mosquitos, dado que estes s\u00e3o vetor e hospedeiro intermedi\u00e1rio da praga. Trata-se de parasitas que podem matar ou debilitar com gravidade os animais infetados. O motivo para tal prende-se com o facto de viverem na corrente sangu\u00ednea, nos pulm\u00f5es e no cora\u00e7\u00e3o dos animais infetados. O m\u00e9dico veterin\u00e1rio pode fazer an\u00e1lises sangu\u00edneas para determinar se o seu animal de estima\u00e7\u00e3o tem dirofilariose. A forma mais eficaz de profilaxia \u00e9 um programa preventivo durante todo o ano.<\/p>\n\t\t\t\t\t\t\t\t<\/div>\n\t\t\t\t<\/div>\n\t\t\t\t\t<\/div>\n\t\t<\/div>\n\t\t\t\t\t<\/div>\n\t\t<\/section>\n\t\t\t\t<\/div>\n\t\t","protected":false},"excerpt":{"rendered":"<p>Tratamento de Parasitas Os parasitas podem afetar o seu animal de estima\u00e7\u00e3o de v\u00e1rias maneiras, da simples irrita\u00e7\u00e3o a doen\u00e7as que poder\u00e3o colocar a sua vida em risco, se n\u00e3o forem tratadas. \u00c9 bastante comum que um c\u00e3o ou gato seja infetado por um parasita interno ou externo em determinado ponto da sua vida. O &hellip; <\/p>\n","protected":false},"author":61,"featured_media":0,"parent":14053,"menu_order":0,"comment_status":"closed","ping_status":"closed","template":"page-fullwidth.php","meta":{"_acf_changed":false,"content-type":"","footnotes":""},"class_list":["post-13980","page","type-page","status-publish","hentry"],"acf":[],"yoast_head":"<!-- This site is optimized with the Yoast SEO plugin v26.2 - https:\/\/yoast.com\/wordpress\/plugins\/seo\/ -->\n<title>Preven\u00e7\u00e3o de parasitas - Animar<\/title>\n<meta name=\"robots\" content=\"index, follow, max-snippet:-1, max-image-preview:large, max-video-preview:-1\" \/>\n<link rel=\"canonical\" href=\"https:\/\/onevetgroup.pt\/hvanimar\/servicos-veterinarios\/prevencao-de-parasitas\/\" \/>\n<meta property=\"og:locale\" content=\"pt_PT\" \/>\n<meta property=\"og:type\" content=\"article\" \/>\n<meta property=\"og:title\" content=\"Preven\u00e7\u00e3o de parasitas - Animar\" \/>\n<meta property=\"og:description\" content=\"Tratamento de Parasitas Os parasitas podem afetar o seu animal de estima\u00e7\u00e3o de v\u00e1rias maneiras, da simples irrita\u00e7\u00e3o a doen\u00e7as que poder\u00e3o colocar a sua vida em risco, se n\u00e3o forem tratadas. \u00c9 bastante comum que um c\u00e3o ou gato seja infetado por um parasita interno ou externo em determinado ponto da sua vida. O &hellip;\" \/>\n<meta property=\"og:url\" content=\"https:\/\/onevetgroup.pt\/hvanimar\/servicos-veterinarios\/prevencao-de-parasitas\/\" \/>\n<meta property=\"og:site_name\" content=\"Animar\" \/>\n<meta property=\"article:modified_time\" content=\"2022-07-08T08:15:12+00:00\" \/>\n<meta property=\"og:image\" content=\"https:\/\/onevet.pt\/porto\/wp-content\/uploads\/sites\/88\/2021\/02\/shutterstock_654316900-1.jpg\" \/>\n<meta name=\"twitter:card\" content=\"summary_large_image\" \/>\n<meta name=\"twitter:label1\" content=\"Tempo estimado de leitura\" \/>\n\t<meta name=\"twitter:data1\" content=\"3 minutos\" \/>\n<script type=\"application\/ld+json\" class=\"yoast-schema-graph\">{\"@context\":\"https:\/\/schema.org\",\"@graph\":[{\"@type\":\"WebPage\",\"@id\":\"https:\/\/onevetgroup.pt\/hvanimar\/servicos-veterinarios\/prevencao-de-parasitas\/\",\"url\":\"https:\/\/onevetgroup.pt\/hvanimar\/servicos-veterinarios\/prevencao-de-parasitas\/\",\"name\":\"Preven\u00e7\u00e3o de parasitas - Animar\",\"isPartOf\":{\"@id\":\"https:\/\/onevetgroup.pt\/hvanimar\/#website\"},\"primaryImageOfPage\":{\"@id\":\"https:\/\/onevetgroup.pt\/hvanimar\/servicos-veterinarios\/prevencao-de-parasitas\/#primaryimage\"},\"image\":{\"@id\":\"https:\/\/onevetgroup.pt\/hvanimar\/servicos-veterinarios\/prevencao-de-parasitas\/#primaryimage\"},\"thumbnailUrl\":\"https:\/\/onevet.pt\/porto\/wp-content\/uploads\/sites\/88\/2021\/02\/shutterstock_654316900-1.jpg\",\"datePublished\":\"2021-02-08T15:28:56+00:00\",\"dateModified\":\"2022-07-08T08:15:12+00:00\",\"breadcrumb\":{\"@id\":\"https:\/\/onevetgroup.pt\/hvanimar\/servicos-veterinarios\/prevencao-de-parasitas\/#breadcrumb\"},\"inLanguage\":\"pt-PT\",\"potentialAction\":[{\"@type\":\"ReadAction\",\"target\":[\"https:\/\/onevetgroup.pt\/hvanimar\/servicos-veterinarios\/prevencao-de-parasitas\/\"]}]},{\"@type\":\"ImageObject\",\"inLanguage\":\"pt-PT\",\"@id\":\"https:\/\/onevetgroup.pt\/hvanimar\/servicos-veterinarios\/prevencao-de-parasitas\/#primaryimage\",\"url\":\"https:\/\/onevet.pt\/porto\/wp-content\/uploads\/sites\/88\/2021\/02\/shutterstock_654316900-1.jpg\",\"contentUrl\":\"https:\/\/onevet.pt\/porto\/wp-content\/uploads\/sites\/88\/2021\/02\/shutterstock_654316900-1.jpg\"},{\"@type\":\"BreadcrumbList\",\"@id\":\"https:\/\/onevetgroup.pt\/hvanimar\/servicos-veterinarios\/prevencao-de-parasitas\/#breadcrumb\",\"itemListElement\":[{\"@type\":\"ListItem\",\"position\":1,\"name\":\"Home\",\"item\":\"https:\/\/onevetgroup.pt\/hvanimar\/\"},{\"@type\":\"ListItem\",\"position\":2,\"name\":\"Servi\u00e7os de Cuidados para Animais de Estima\u00e7\u00e3o\",\"item\":\"https:\/\/onevetgroup.pt\/hvanimar\/servicos-veterinarios\/\"},{\"@type\":\"ListItem\",\"position\":3,\"name\":\"Preven\u00e7\u00e3o de parasitas\"}]},{\"@type\":\"WebSite\",\"@id\":\"https:\/\/onevetgroup.pt\/hvanimar\/#website\",\"url\":\"https:\/\/onevetgroup.pt\/hvanimar\/\",\"name\":\"Animar\",\"description\":\"Your Pets in Good Hands\",\"publisher\":{\"@id\":\"https:\/\/onevetgroup.pt\/hvanimar\/#organization\"},\"potentialAction\":[{\"@type\":\"SearchAction\",\"target\":{\"@type\":\"EntryPoint\",\"urlTemplate\":\"https:\/\/onevetgroup.pt\/hvanimar\/?s={search_term_string}\"},\"query-input\":{\"@type\":\"PropertyValueSpecification\",\"valueRequired\":true,\"valueName\":\"search_term_string\"}}],\"inLanguage\":\"pt-PT\"},{\"@type\":\"Organization\",\"@id\":\"https:\/\/onevetgroup.pt\/hvanimar\/#organization\",\"name\":\"Animar\",\"url\":\"https:\/\/onevetgroup.pt\/hvanimar\/\",\"logo\":{\"@type\":\"ImageObject\",\"inLanguage\":\"pt-PT\",\"@id\":\"https:\/\/onevetgroup.pt\/hvanimar\/#\/schema\/logo\/image\/\",\"url\":\"https:\/\/onevetgroup.pt\/hvanimar\/wp-content\/uploads\/sites\/88\/2026\/01\/cropped-Logo_ani_mar.png\",\"contentUrl\":\"https:\/\/onevetgroup.pt\/hvanimar\/wp-content\/uploads\/sites\/88\/2026\/01\/cropped-Logo_ani_mar.png\",\"width\":1903,\"height\":515,\"caption\":\"Animar\"},\"image\":{\"@id\":\"https:\/\/onevetgroup.pt\/hvanimar\/#\/schema\/logo\/image\/\"}}]}<\/script>\n<!-- \/ Yoast SEO plugin. -->","yoast_head_json":{"title":"Preven\u00e7\u00e3o de parasitas - Animar","robots":{"index":"index","follow":"follow","max-snippet":"max-snippet:-1","max-image-preview":"max-image-preview:large","max-video-preview":"max-video-preview:-1"},"canonical":"https:\/\/onevetgroup.pt\/hvanimar\/servicos-veterinarios\/prevencao-de-parasitas\/","og_locale":"pt_PT","og_type":"article","og_title":"Preven\u00e7\u00e3o de parasitas - Animar","og_description":"Tratamento de Parasitas Os parasitas podem afetar o seu animal de estima\u00e7\u00e3o de v\u00e1rias maneiras, da simples irrita\u00e7\u00e3o a doen\u00e7as que poder\u00e3o colocar a sua vida em risco, se n\u00e3o forem tratadas. \u00c9 bastante comum que um c\u00e3o ou gato seja infetado por um parasita interno ou externo em determinado ponto da sua vida. O &hellip;","og_url":"https:\/\/onevetgroup.pt\/hvanimar\/servicos-veterinarios\/prevencao-de-parasitas\/","og_site_name":"Animar","article_modified_time":"2022-07-08T08:15:12+00:00","og_image":[{"url":"https:\/\/onevet.pt\/porto\/wp-content\/uploads\/sites\/88\/2021\/02\/shutterstock_654316900-1.jpg","type":"","width":"","height":""}],"twitter_card":"summary_large_image","twitter_misc":{"Tempo estimado de leitura":"3 minutos"},"schema":{"@context":"https:\/\/schema.org","@graph":[{"@type":"WebPage","@id":"https:\/\/onevetgroup.pt\/hvanimar\/servicos-veterinarios\/prevencao-de-parasitas\/","url":"https:\/\/onevetgroup.pt\/hvanimar\/servicos-veterinarios\/prevencao-de-parasitas\/","name":"Preven\u00e7\u00e3o de parasitas - Animar","isPartOf":{"@id":"https:\/\/onevetgroup.pt\/hvanimar\/#website"},"primaryImageOfPage":{"@id":"https:\/\/onevetgroup.pt\/hvanimar\/servicos-veterinarios\/prevencao-de-parasitas\/#primaryimage"},"image":{"@id":"https:\/\/onevetgroup.pt\/hvanimar\/servicos-veterinarios\/prevencao-de-parasitas\/#primaryimage"},"thumbnailUrl":"https:\/\/onevet.pt\/porto\/wp-content\/uploads\/sites\/88\/2021\/02\/shutterstock_654316900-1.jpg","datePublished":"2021-02-08T15:28:56+00:00","dateModified":"2022-07-08T08:15:12+00:00","breadcrumb":{"@id":"https:\/\/onevetgroup.pt\/hvanimar\/servicos-veterinarios\/prevencao-de-parasitas\/#breadcrumb"},"inLanguage":"pt-PT","potentialAction":[{"@type":"ReadAction","target":["https:\/\/onevetgroup.pt\/hvanimar\/servicos-veterinarios\/prevencao-de-parasitas\/"]}]},{"@type":"ImageObject","inLanguage":"pt-PT","@id":"https:\/\/onevetgroup.pt\/hvanimar\/servicos-veterinarios\/prevencao-de-parasitas\/#primaryimage","url":"https:\/\/onevet.pt\/porto\/wp-content\/uploads\/sites\/88\/2021\/02\/shutterstock_654316900-1.jpg","contentUrl":"https:\/\/onevet.pt\/porto\/wp-content\/uploads\/sites\/88\/2021\/02\/shutterstock_654316900-1.jpg"},{"@type":"BreadcrumbList","@id":"https:\/\/onevetgroup.pt\/hvanimar\/servicos-veterinarios\/prevencao-de-parasitas\/#breadcrumb","itemListElement":[{"@type":"ListItem","position":1,"name":"Home","item":"https:\/\/onevetgroup.pt\/hvanimar\/"},{"@type":"ListItem","position":2,"name":"Servi\u00e7os de Cuidados para Animais de Estima\u00e7\u00e3o","item":"https:\/\/onevetgroup.pt\/hvanimar\/servicos-veterinarios\/"},{"@type":"ListItem","position":3,"name":"Preven\u00e7\u00e3o de parasitas"}]},{"@type":"WebSite","@id":"https:\/\/onevetgroup.pt\/hvanimar\/#website","url":"https:\/\/onevetgroup.pt\/hvanimar\/","name":"Animar","description":"Your Pets in Good Hands","publisher":{"@id":"https:\/\/onevetgroup.pt\/hvanimar\/#organization"},"potentialAction":[{"@type":"SearchAction","target":{"@type":"EntryPoint","urlTemplate":"https:\/\/onevetgroup.pt\/hvanimar\/?s={search_term_string}"},"query-input":{"@type":"PropertyValueSpecification","valueRequired":true,"valueName":"search_term_string"}}],"inLanguage":"pt-PT"},{"@type":"Organization","@id":"https:\/\/onevetgroup.pt\/hvanimar\/#organization","name":"Animar","url":"https:\/\/onevetgroup.pt\/hvanimar\/","logo":{"@type":"ImageObject","inLanguage":"pt-PT","@id":"https:\/\/onevetgroup.pt\/hvanimar\/#\/schema\/logo\/image\/","url":"https:\/\/onevetgroup.pt\/hvanimar\/wp-content\/uploads\/sites\/88\/2026\/01\/cropped-Logo_ani_mar.png","contentUrl":"https:\/\/onevetgroup.pt\/hvanimar\/wp-content\/uploads\/sites\/88\/2026\/01\/cropped-Logo_ani_mar.png","width":1903,"height":515,"caption":"Animar"},"image":{"@id":"https:\/\/onevetgroup.pt\/hvanimar\/#\/schema\/logo\/image\/"}}]}},"_links":{"self":[{"href":"https:\/\/onevetgroup.pt\/hvanimar\/wp-json\/wp\/v2\/pages\/13980","targetHints":{"allow":["GET"]}}],"collection":[{"href":"https:\/\/onevetgroup.pt\/hvanimar\/wp-json\/wp\/v2\/pages"}],"about":[{"href":"https:\/\/onevetgroup.pt\/hvanimar\/wp-json\/wp\/v2\/types\/page"}],"author":[{"embeddable":true,"href":"https:\/\/onevetgroup.pt\/hvanimar\/wp-json\/wp\/v2\/users\/61"}],"replies":[{"embeddable":true,"href":"https:\/\/onevetgroup.pt\/hvanimar\/wp-json\/wp\/v2\/comments?post=13980"}],"version-history":[{"count":0,"href":"https:\/\/onevetgroup.pt\/hvanimar\/wp-json\/wp\/v2\/pages\/13980\/revisions"}],"up":[{"embeddable":true,"href":"https:\/\/onevetgroup.pt\/hvanimar\/wp-json\/wp\/v2\/pages\/14053"}],"wp:attachment":[{"href":"https:\/\/onevetgroup.pt\/hvanimar\/wp-json\/wp\/v2\/media?parent=13980"}],"curies":[{"name":"wp","href":"https:\/\/api.w.org\/{rel}","templated":true}]}}