{"id":17846,"date":"2022-07-01T09:40:57","date_gmt":"2022-07-01T09:40:57","guid":{"rendered":"https:\/\/onevet.pt\/porto\/?page_id=17846"},"modified":"2026-01-06T16:47:26","modified_gmt":"2026-01-06T16:47:26","slug":"instalacoes","status":"publish","type":"page","link":"https:\/\/onevetgroup.pt\/hvanimar\/instalacoes\/","title":{"rendered":"Instala\u00e7\u00f5es"},"content":{"rendered":"\t\t<div data-elementor-type=\"wp-page\" data-elementor-id=\"17846\" class=\"elementor elementor-17846\" data-elementor-post-type=\"page\">\n\t\t\t\t\t\t<section class=\"elementor-section elementor-top-section elementor-element elementor-element-54cf215 pad-top-0 elementor-section-boxed elementor-section-height-default elementor-section-height-default\" data-id=\"54cf215\" data-element_type=\"section\" data-e-type=\"section\" id=\"main-sec\" data-settings=\"{&quot;background_background&quot;:&quot;classic&quot;}\">\n\t\t\t\t\t\t<div class=\"elementor-container elementor-column-gap-wide\">\n\t\t\t\t\t<div class=\"elementor-column elementor-col-100 elementor-top-column elementor-element elementor-element-d926441\" data-id=\"d926441\" data-element_type=\"column\" data-e-type=\"column\">\n\t\t\t<div class=\"elementor-widget-wrap elementor-element-populated\">\n\t\t\t\t\t\t<div class=\"elementor-element elementor-element-ac5c964 elementor-widget elementor-widget-text-editor\" data-id=\"ac5c964\" data-element_type=\"widget\" data-e-type=\"widget\" data-widget_type=\"text-editor.default\">\n\t\t\t\t<div class=\"elementor-widget-container\">\n\t\t\t\t\t\t\t\t\t<div class=\"elementor-element elementor-element-ac5c964 elementor-widget elementor-widget-text-editor\" data-id=\"ac5c964\" data-element_type=\"widget\" data-widget_type=\"text-editor.default\"><div class=\"elementor-widget-container\"><p>O Onevet Hospital Veterin\u00e1rio Ani Mar conta com a melhor equipa e instala\u00e7\u00f5es para poder oferecer o melhor tratamento e servi\u00e7o.<\/p><\/div><\/div>\t\t\t\t\t\t\t\t<\/div>\n\t\t\t\t<\/div>\n\t\t\t\t<section class=\"elementor-section elementor-inner-section elementor-element elementor-element-98275a1 elementor-section-boxed elementor-section-height-default elementor-section-height-default\" data-id=\"98275a1\" data-element_type=\"section\" data-e-type=\"section\">\n\t\t\t\t\t\t<div class=\"elementor-container elementor-column-gap-default\">\n\t\t\t\t\t<div class=\"elementor-column elementor-col-50 elementor-inner-column elementor-element elementor-element-07b222c\" data-id=\"07b222c\" data-element_type=\"column\" data-e-type=\"column\">\n\t\t\t<div class=\"elementor-widget-wrap elementor-element-populated\">\n\t\t\t\t\t\t<div class=\"elementor-element elementor-element-44b52f4 elementor-widget elementor-widget-image\" data-id=\"44b52f4\" data-element_type=\"widget\" data-e-type=\"widget\" data-widget_type=\"image.default\">\n\t\t\t\t<div class=\"elementor-widget-container\">\n\t\t\t\t\t\t\t\t\t\t\t\t\t\t\t<img fetchpriority=\"high\" width=\"786\" height=\"524\" class=\"attachment-townhub-single-image size-townhub-single-image wp-image-18242 lazy\" alt=\"\" data-src=\"https:\/\/onevetgroup.pt\/hvanimar\/wp-content\/uploads\/sites\/88\/2022\/07\/Urgencia1-786x524.jpg\" data-lazy=\"https:\/\/onevetgroup.pt\/hvanimar\/wp-content\/uploads\/sites\/88\/2022\/07\/Urgencia1-786x524.jpg\" \/>\t\t\t\t\t\t\t\t\t\t\t\t\t\t\t<\/div>\n\t\t\t\t<\/div>\n\t\t\t\t\t<\/div>\n\t\t<\/div>\n\t\t\t\t<div class=\"elementor-column elementor-col-50 elementor-inner-column elementor-element elementor-element-e32254f\" data-id=\"e32254f\" data-element_type=\"column\" data-e-type=\"column\">\n\t\t\t<div class=\"elementor-widget-wrap elementor-element-populated\">\n\t\t\t\t\t\t<div class=\"elementor-element elementor-element-6494dd8 elementor-widget elementor-widget-text-editor\" data-id=\"6494dd8\" data-element_type=\"widget\" data-e-type=\"widget\" data-widget_type=\"text-editor.default\">\n\t\t\t\t<div class=\"elementor-widget-container\">\n\t\t\t\t\t\t\t\t\t<div class=\"ewa-rteLine\"><p data-start=\"133\" data-end=\"378\">O nosso Hospital disp\u00f5e de instala\u00e7\u00f5es diferenciadas, com separa\u00e7\u00e3o f\u00edsica entre as salas de espera, consult\u00f3rios e \u00e1reas de hospitaliza\u00e7\u00e3o de c\u00e3es e de gatos\/ex\u00f3ticos, garantindo maior conforto e bem-estar para todos os animais. Contamos com quatro consult\u00f3rios dedicados ao atendimento de c\u00e3es e dois consult\u00f3rios exclusivos para gatos\/ex\u00f3ticos. Destacamos ainda os nossos internamentos diferenciados para animais com doen\u00e7as infectocontagiosas. As nossas instala\u00e7\u00f5es incluem tamb\u00e9m sala de cirurgia, sala de ecografia, sala de radiologia, sala de forma\u00e7\u00e3o\/conv\u00edvio e laborat\u00f3rio cl\u00ednico pr\u00f3prio, o que permite uma resposta r\u00e1pida nas an\u00e1lises cl\u00ednicas de urg\u00eancia. Disponibilizamos igualmente facilidade de estacionamento. Tudo isto permite-nos oferecer aos nossos clientes os meios, tecnologia e t\u00e9cnicas necess\u00e1rias para a presta\u00e7\u00e3o de um servi\u00e7o de excel\u00eancia.<\/p><\/div>\t\t\t\t\t\t\t\t<\/div>\n\t\t\t\t<\/div>\n\t\t\t\t\t<\/div>\n\t\t<\/div>\n\t\t\t\t\t<\/div>\n\t\t<\/section>\n\t\t\t\t<section class=\"elementor-section elementor-inner-section elementor-element elementor-element-dde928b elementor-section-boxed elementor-section-height-default elementor-section-height-default\" data-id=\"dde928b\" data-element_type=\"section\" data-e-type=\"section\">\n\t\t\t\t\t\t<div class=\"elementor-container elementor-column-gap-default\">\n\t\t\t\t\t<div class=\"elementor-column elementor-col-50 elementor-inner-column elementor-element elementor-element-cc2bfd3\" data-id=\"cc2bfd3\" data-element_type=\"column\" data-e-type=\"column\">\n\t\t\t<div class=\"elementor-widget-wrap elementor-element-populated\">\n\t\t\t\t\t\t<div class=\"elementor-element elementor-element-ad87997 elementor-align-center elementor-widget elementor-widget-button\" data-id=\"ad87997\" data-element_type=\"widget\" data-e-type=\"widget\" data-widget_type=\"button.default\">\n\t\t\t\t<div class=\"elementor-widget-container\">\n\t\t\t\t\t\t\t\t\t<div class=\"elementor-button-wrapper\">\n\t\t\t\t\t<a class=\"elementor-button elementor-button-link elementor-size-sm\" href=\"\/hvanimar\/a-nossa-equipa\/\">\n\t\t\t\t\t\t<span class=\"elementor-button-content-wrapper\">\n\t\t\t\t\t\t\t\t\t<span class=\"elementor-button-text\">A Nossa Equipa<\/span>\n\t\t\t\t\t<\/span>\n\t\t\t\t\t<\/a>\n\t\t\t\t<\/div>\n\t\t\t\t\t\t\t\t<\/div>\n\t\t\t\t<\/div>\n\t\t\t\t\t<\/div>\n\t\t<\/div>\n\t\t\t\t<div class=\"elementor-column elementor-col-50 elementor-inner-column elementor-element elementor-element-5abf707\" data-id=\"5abf707\" data-element_type=\"column\" data-e-type=\"column\">\n\t\t\t<div class=\"elementor-widget-wrap elementor-element-populated\">\n\t\t\t\t\t\t<div class=\"elementor-element elementor-element-48e57d7 elementor-align-center elementor-widget elementor-widget-button\" data-id=\"48e57d7\" data-element_type=\"widget\" data-e-type=\"widget\" data-widget_type=\"button.default\">\n\t\t\t\t<div class=\"elementor-widget-container\">\n\t\t\t\t\t\t\t\t\t<div class=\"elementor-button-wrapper\">\n\t\t\t\t\t<a class=\"elementor-button elementor-button-link elementor-size-sm\" href=\"\/hvanimar\/servicos-veterinarios\/\">\n\t\t\t\t\t\t<span class=\"elementor-button-content-wrapper\">\n\t\t\t\t\t\t\t\t\t<span class=\"elementor-button-text\">Servi\u00e7os Veterin\u00e1rios<\/span>\n\t\t\t\t\t<\/span>\n\t\t\t\t\t<\/a>\n\t\t\t\t<\/div>\n\t\t\t\t\t\t\t\t<\/div>\n\t\t\t\t<\/div>\n\t\t\t\t\t<\/div>\n\t\t<\/div>\n\t\t\t\t\t<\/div>\n\t\t<\/section>\n\t\t\t\t\t<\/div>\n\t\t<\/div>\n\t\t\t\t\t<\/div>\n\t\t<\/section>\n\t\t\t\t<\/div>\n\t\t","protected":false},"excerpt":{"rendered":"<p>O Onevet Hospital Veterin\u00e1rio Ani Mar conta com a melhor equipa e instala\u00e7\u00f5es para poder oferecer o melhor tratamento e servi\u00e7o. O nosso Hospital disp\u00f5e de instala\u00e7\u00f5es diferenciadas, com separa\u00e7\u00e3o f\u00edsica entre as salas de espera, consult\u00f3rios e \u00e1reas de hospitaliza\u00e7\u00e3o de c\u00e3es e de gatos\/ex\u00f3ticos, garantindo maior conforto e bem-estar para todos os animais. &hellip; <\/p>\n","protected":false},"author":61,"featured_media":0,"parent":0,"menu_order":0,"comment_status":"closed","ping_status":"closed","template":"page-fullwidth.php","meta":{"_acf_changed":false,"content-type":"","footnotes":""},"class_list":["post-17846","page","type-page","status-publish","hentry"],"acf":[],"yoast_head":"<!-- This site is optimized with the Yoast SEO plugin v27.4 - https:\/\/yoast.com\/product\/yoast-seo-wordpress\/ -->\n<title>Instala\u00e7\u00f5es - Animar<\/title>\n<meta name=\"robots\" content=\"index, follow, max-snippet:-1, max-image-preview:large, max-video-preview:-1\" \/>\n<link rel=\"canonical\" href=\"https:\/\/onevetgroup.pt\/hvanimar\/instalacoes\/\" \/>\n<meta property=\"og:locale\" content=\"pt_PT\" \/>\n<meta property=\"og:type\" content=\"article\" \/>\n<meta property=\"og:title\" content=\"Instala\u00e7\u00f5es - Animar\" \/>\n<meta property=\"og:description\" content=\"O Onevet Hospital Veterin\u00e1rio Ani Mar conta com a melhor equipa e instala\u00e7\u00f5es para poder oferecer o melhor tratamento e servi\u00e7o. O nosso Hospital disp\u00f5e de instala\u00e7\u00f5es diferenciadas, com separa\u00e7\u00e3o f\u00edsica entre as salas de espera, consult\u00f3rios e \u00e1reas de hospitaliza\u00e7\u00e3o de c\u00e3es e de gatos\/ex\u00f3ticos, garantindo maior conforto e bem-estar para todos os animais. &hellip;\" \/>\n<meta property=\"og:url\" content=\"https:\/\/onevetgroup.pt\/hvanimar\/instalacoes\/\" \/>\n<meta property=\"og:site_name\" content=\"Animar\" \/>\n<meta property=\"article:modified_time\" content=\"2026-01-06T16:47:26+00:00\" \/>\n<meta property=\"og:image\" content=\"https:\/\/onevetgroup.pt\/hvanimar\/wp-content\/uploads\/sites\/88\/2022\/07\/Urgencia1-786x524.jpg\" \/>\n<meta name=\"twitter:card\" content=\"summary_large_image\" \/>\n<meta name=\"twitter:label1\" content=\"Tempo estimado de leitura\" \/>\n\t<meta name=\"twitter:data1\" content=\"2 minutos\" \/>\n<script type=\"application\/ld+json\" class=\"yoast-schema-graph\">{\"@context\":\"https:\\\/\\\/schema.org\",\"@graph\":[{\"@type\":\"WebPage\",\"@id\":\"https:\\\/\\\/onevetgroup.pt\\\/hvanimar\\\/instalacoes\\\/\",\"url\":\"https:\\\/\\\/onevetgroup.pt\\\/hvanimar\\\/instalacoes\\\/\",\"name\":\"Instala\u00e7\u00f5es - Animar\",\"isPartOf\":{\"@id\":\"https:\\\/\\\/onevetgroup.pt\\\/hvanimar\\\/#website\"},\"primaryImageOfPage\":{\"@id\":\"https:\\\/\\\/onevetgroup.pt\\\/hvanimar\\\/instalacoes\\\/#primaryimage\"},\"image\":{\"@id\":\"https:\\\/\\\/onevetgroup.pt\\\/hvanimar\\\/instalacoes\\\/#primaryimage\"},\"thumbnailUrl\":\"https:\\\/\\\/onevetgroup.pt\\\/hvanimar\\\/wp-content\\\/uploads\\\/sites\\\/88\\\/2022\\\/07\\\/Urgencia1-786x524.jpg\",\"datePublished\":\"2022-07-01T09:40:57+00:00\",\"dateModified\":\"2026-01-06T16:47:26+00:00\",\"breadcrumb\":{\"@id\":\"https:\\\/\\\/onevetgroup.pt\\\/hvanimar\\\/instalacoes\\\/#breadcrumb\"},\"inLanguage\":\"pt-PT\",\"potentialAction\":[{\"@type\":\"ReadAction\",\"target\":[\"https:\\\/\\\/onevetgroup.pt\\\/hvanimar\\\/instalacoes\\\/\"]}]},{\"@type\":\"ImageObject\",\"inLanguage\":\"pt-PT\",\"@id\":\"https:\\\/\\\/onevetgroup.pt\\\/hvanimar\\\/instalacoes\\\/#primaryimage\",\"url\":\"https:\\\/\\\/onevetgroup.pt\\\/hvanimar\\\/wp-content\\\/uploads\\\/sites\\\/88\\\/2022\\\/07\\\/Urgencia1.jpg\",\"contentUrl\":\"https:\\\/\\\/onevetgroup.pt\\\/hvanimar\\\/wp-content\\\/uploads\\\/sites\\\/88\\\/2022\\\/07\\\/Urgencia1.jpg\",\"width\":1005,\"height\":662},{\"@type\":\"BreadcrumbList\",\"@id\":\"https:\\\/\\\/onevetgroup.pt\\\/hvanimar\\\/instalacoes\\\/#breadcrumb\",\"itemListElement\":[{\"@type\":\"ListItem\",\"position\":1,\"name\":\"Home\",\"item\":\"https:\\\/\\\/onevetgroup.pt\\\/hvanimar\\\/\"},{\"@type\":\"ListItem\",\"position\":2,\"name\":\"Instala\u00e7\u00f5es\"}]},{\"@type\":\"WebSite\",\"@id\":\"https:\\\/\\\/onevetgroup.pt\\\/hvanimar\\\/#website\",\"url\":\"https:\\\/\\\/onevetgroup.pt\\\/hvanimar\\\/\",\"name\":\"Animar\",\"description\":\"Your Pets in Good Hands\",\"publisher\":{\"@id\":\"https:\\\/\\\/onevetgroup.pt\\\/hvanimar\\\/#organization\"},\"potentialAction\":[{\"@type\":\"SearchAction\",\"target\":{\"@type\":\"EntryPoint\",\"urlTemplate\":\"https:\\\/\\\/onevetgroup.pt\\\/hvanimar\\\/?s={search_term_string}\"},\"query-input\":{\"@type\":\"PropertyValueSpecification\",\"valueRequired\":true,\"valueName\":\"search_term_string\"}}],\"inLanguage\":\"pt-PT\"},{\"@type\":\"Organization\",\"@id\":\"https:\\\/\\\/onevetgroup.pt\\\/hvanimar\\\/#organization\",\"name\":\"Animar\",\"url\":\"https:\\\/\\\/onevetgroup.pt\\\/hvanimar\\\/\",\"logo\":{\"@type\":\"ImageObject\",\"inLanguage\":\"pt-PT\",\"@id\":\"https:\\\/\\\/onevetgroup.pt\\\/hvanimar\\\/#\\\/schema\\\/logo\\\/image\\\/\",\"url\":\"https:\\\/\\\/onevetgroup.pt\\\/hvanimar\\\/wp-content\\\/uploads\\\/sites\\\/88\\\/2026\\\/01\\\/cropped-Logo_ani_mar.png\",\"contentUrl\":\"https:\\\/\\\/onevetgroup.pt\\\/hvanimar\\\/wp-content\\\/uploads\\\/sites\\\/88\\\/2026\\\/01\\\/cropped-Logo_ani_mar.png\",\"width\":1903,\"height\":515,\"caption\":\"Animar\"},\"image\":{\"@id\":\"https:\\\/\\\/onevetgroup.pt\\\/hvanimar\\\/#\\\/schema\\\/logo\\\/image\\\/\"}}]}<\/script>\n<!-- \/ Yoast SEO plugin. -->","yoast_head_json":{"title":"Instala\u00e7\u00f5es - Animar","robots":{"index":"index","follow":"follow","max-snippet":"max-snippet:-1","max-image-preview":"max-image-preview:large","max-video-preview":"max-video-preview:-1"},"canonical":"https:\/\/onevetgroup.pt\/hvanimar\/instalacoes\/","og_locale":"pt_PT","og_type":"article","og_title":"Instala\u00e7\u00f5es - Animar","og_description":"O Onevet Hospital Veterin\u00e1rio Ani Mar conta com a melhor equipa e instala\u00e7\u00f5es para poder oferecer o melhor tratamento e servi\u00e7o. O nosso Hospital disp\u00f5e de instala\u00e7\u00f5es diferenciadas, com separa\u00e7\u00e3o f\u00edsica entre as salas de espera, consult\u00f3rios e \u00e1reas de hospitaliza\u00e7\u00e3o de c\u00e3es e de gatos\/ex\u00f3ticos, garantindo maior conforto e bem-estar para todos os animais. &hellip;","og_url":"https:\/\/onevetgroup.pt\/hvanimar\/instalacoes\/","og_site_name":"Animar","article_modified_time":"2026-01-06T16:47:26+00:00","og_image":[{"url":"https:\/\/onevetgroup.pt\/hvanimar\/wp-content\/uploads\/sites\/88\/2022\/07\/Urgencia1-786x524.jpg","type":"","width":"","height":""}],"twitter_card":"summary_large_image","twitter_misc":{"Tempo estimado de leitura":"2 minutos"},"schema":{"@context":"https:\/\/schema.org","@graph":[{"@type":"WebPage","@id":"https:\/\/onevetgroup.pt\/hvanimar\/instalacoes\/","url":"https:\/\/onevetgroup.pt\/hvanimar\/instalacoes\/","name":"Instala\u00e7\u00f5es - Animar","isPartOf":{"@id":"https:\/\/onevetgroup.pt\/hvanimar\/#website"},"primaryImageOfPage":{"@id":"https:\/\/onevetgroup.pt\/hvanimar\/instalacoes\/#primaryimage"},"image":{"@id":"https:\/\/onevetgroup.pt\/hvanimar\/instalacoes\/#primaryimage"},"thumbnailUrl":"https:\/\/onevetgroup.pt\/hvanimar\/wp-content\/uploads\/sites\/88\/2022\/07\/Urgencia1-786x524.jpg","datePublished":"2022-07-01T09:40:57+00:00","dateModified":"2026-01-06T16:47:26+00:00","breadcrumb":{"@id":"https:\/\/onevetgroup.pt\/hvanimar\/instalacoes\/#breadcrumb"},"inLanguage":"pt-PT","potentialAction":[{"@type":"ReadAction","target":["https:\/\/onevetgroup.pt\/hvanimar\/instalacoes\/"]}]},{"@type":"ImageObject","inLanguage":"pt-PT","@id":"https:\/\/onevetgroup.pt\/hvanimar\/instalacoes\/#primaryimage","url":"https:\/\/onevetgroup.pt\/hvanimar\/wp-content\/uploads\/sites\/88\/2022\/07\/Urgencia1.jpg","contentUrl":"https:\/\/onevetgroup.pt\/hvanimar\/wp-content\/uploads\/sites\/88\/2022\/07\/Urgencia1.jpg","width":1005,"height":662},{"@type":"BreadcrumbList","@id":"https:\/\/onevetgroup.pt\/hvanimar\/instalacoes\/#breadcrumb","itemListElement":[{"@type":"ListItem","position":1,"name":"Home","item":"https:\/\/onevetgroup.pt\/hvanimar\/"},{"@type":"ListItem","position":2,"name":"Instala\u00e7\u00f5es"}]},{"@type":"WebSite","@id":"https:\/\/onevetgroup.pt\/hvanimar\/#website","url":"https:\/\/onevetgroup.pt\/hvanimar\/","name":"Animar","description":"Your Pets in Good Hands","publisher":{"@id":"https:\/\/onevetgroup.pt\/hvanimar\/#organization"},"potentialAction":[{"@type":"SearchAction","target":{"@type":"EntryPoint","urlTemplate":"https:\/\/onevetgroup.pt\/hvanimar\/?s={search_term_string}"},"query-input":{"@type":"PropertyValueSpecification","valueRequired":true,"valueName":"search_term_string"}}],"inLanguage":"pt-PT"},{"@type":"Organization","@id":"https:\/\/onevetgroup.pt\/hvanimar\/#organization","name":"Animar","url":"https:\/\/onevetgroup.pt\/hvanimar\/","logo":{"@type":"ImageObject","inLanguage":"pt-PT","@id":"https:\/\/onevetgroup.pt\/hvanimar\/#\/schema\/logo\/image\/","url":"https:\/\/onevetgroup.pt\/hvanimar\/wp-content\/uploads\/sites\/88\/2026\/01\/cropped-Logo_ani_mar.png","contentUrl":"https:\/\/onevetgroup.pt\/hvanimar\/wp-content\/uploads\/sites\/88\/2026\/01\/cropped-Logo_ani_mar.png","width":1903,"height":515,"caption":"Animar"},"image":{"@id":"https:\/\/onevetgroup.pt\/hvanimar\/#\/schema\/logo\/image\/"}}]}},"_links":{"self":[{"href":"https:\/\/onevetgroup.pt\/hvanimar\/wp-json\/wp\/v2\/pages\/17846","targetHints":{"allow":["GET"]}}],"collection":[{"href":"https:\/\/onevetgroup.pt\/hvanimar\/wp-json\/wp\/v2\/pages"}],"about":[{"href":"https:\/\/onevetgroup.pt\/hvanimar\/wp-json\/wp\/v2\/types\/page"}],"author":[{"embeddable":true,"href":"https:\/\/onevetgroup.pt\/hvanimar\/wp-json\/wp\/v2\/users\/61"}],"replies":[{"embeddable":true,"href":"https:\/\/onevetgroup.pt\/hvanimar\/wp-json\/wp\/v2\/comments?post=17846"}],"version-history":[{"count":22,"href":"https:\/\/onevetgroup.pt\/hvanimar\/wp-json\/wp\/v2\/pages\/17846\/revisions"}],"predecessor-version":[{"id":20812,"href":"https:\/\/onevetgroup.pt\/hvanimar\/wp-json\/wp\/v2\/pages\/17846\/revisions\/20812"}],"wp:attachment":[{"href":"https:\/\/onevetgroup.pt\/hvanimar\/wp-json\/wp\/v2\/media?parent=17846"}],"curies":[{"name":"wp","href":"https:\/\/api.w.org\/{rel}","templated":true}]}}