{"id":14008,"date":"2021-02-08T15:28:59","date_gmt":"2021-02-08T15:28:59","guid":{"rendered":"http:\/\/onevet.pt\/porto\/sobre-nos\/"},"modified":"2026-02-19T11:58:58","modified_gmt":"2026-02-19T11:58:58","slug":"hotelcanino","status":"publish","type":"page","link":"https:\/\/onevetgroup.pt\/hvmontesburgos\/hotelcanino\/","title":{"rendered":"Hotel Canino"},"content":{"rendered":"\t\t<div data-elementor-type=\"wp-page\" data-elementor-id=\"14008\" class=\"elementor elementor-14008 elementor-268\" data-elementor-post-type=\"page\">\n\t\t\t\t\t\t<section class=\"elementor-section elementor-top-section elementor-element elementor-element-54cf215 pad-top-0 elementor-section-boxed elementor-section-height-default elementor-section-height-default\" data-id=\"54cf215\" data-element_type=\"section\" data-e-type=\"section\" data-settings=\"{&quot;background_background&quot;:&quot;classic&quot;}\">\n\t\t\t\t\t\t<div class=\"elementor-container elementor-column-gap-default\">\n\t\t\t\t\t<div class=\"elementor-column elementor-col-100 elementor-top-column elementor-element elementor-element-d926441\" data-id=\"d926441\" data-element_type=\"column\" data-e-type=\"column\">\n\t\t\t<div class=\"elementor-widget-wrap elementor-element-populated\">\n\t\t\t\t\t\t<section class=\"elementor-section elementor-inner-section elementor-element elementor-element-35814f4 elementor-section-full_width elementor-section-height-default elementor-section-height-default\" data-id=\"35814f4\" data-element_type=\"section\" data-e-type=\"section\">\n\t\t\t\t\t\t<div class=\"elementor-container elementor-column-gap-wide\">\n\t\t\t\t\t<div class=\"elementor-column elementor-col-50 elementor-inner-column elementor-element elementor-element-7fa3f34\" data-id=\"7fa3f34\" data-element_type=\"column\" data-e-type=\"column\">\n\t\t\t<div class=\"elementor-widget-wrap elementor-element-populated\">\n\t\t\t\t\t\t<div class=\"elementor-element elementor-element-9e79898 elementor-widget elementor-widget-image\" data-id=\"9e79898\" data-element_type=\"widget\" data-e-type=\"widget\" data-widget_type=\"image.default\">\n\t\t\t\t<div class=\"elementor-widget-container\">\n\t\t\t\t\t\t\t\t\t\t\t\t\t\t\t<img fetchpriority=\"high\" width=\"640\" height=\"480\" class=\"attachment-townhub-single-image size-townhub-single-image wp-image-20926 lazy\" alt=\"\" data-src=\"https:\/\/onevetgroup.pt\/hvmontesburgos\/wp-content\/uploads\/sites\/92\/2026\/02\/fotos-de-caes-082.jpg\" data-lazy=\"https:\/\/onevetgroup.pt\/hvmontesburgos\/wp-content\/uploads\/sites\/92\/2026\/02\/fotos-de-caes-082.jpg\" \/>\t\t\t\t\t\t\t\t\t\t\t\t\t\t\t<\/div>\n\t\t\t\t<\/div>\n\t\t\t\t\t<\/div>\n\t\t<\/div>\n\t\t\t\t<div class=\"elementor-column elementor-col-50 elementor-inner-column elementor-element elementor-element-202374d\" data-id=\"202374d\" data-element_type=\"column\" data-e-type=\"column\">\n\t\t\t<div class=\"elementor-widget-wrap elementor-element-populated\">\n\t\t\t\t\t\t<div class=\"elementor-element elementor-element-3b393ce about-wrap elementor-widget elementor-widget-text-editor\" data-id=\"3b393ce\" data-element_type=\"widget\" data-e-type=\"widget\" data-widget_type=\"text-editor.default\">\n\t\t\t\t<div class=\"elementor-widget-container\">\n\t\t\t\t\t\t\t\t\t<p data-start=\"0\" data-end=\"352\">O nosso Hotel Canino disp\u00f5e de 16 boxes, garantindo um acompanhamento personalizado e especial aten\u00e7\u00e3o a c\u00e3es com necessidades espec\u00edficas. Cada box foi concebida para proporcionar o m\u00e1ximo conforto e bem-estar, com uma zona interior equipada com estrado, aquecimento e ventila\u00e7\u00e3o, e uma zona exterior protegida. A higieniza\u00e7\u00e3o \u00e9 realizada diariamente.<\/p><p data-start=\"354\" data-end=\"491\">Disponibilizamos boxes de diferentes tamanhos (pequena, m\u00e9dia e grande), com possibilidade de alojar c\u00e3es do mesmo agregado na mesma box.<\/p><p data-start=\"493\" data-end=\"628\">Os c\u00e3es t\u00eam acesso individual a tr\u00eas p\u00e1tios exteriores, vedados e arborizados, v\u00e1rias vezes ao dia, para exerc\u00edcio e momentos de lazer.<\/p><p data-start=\"630\" data-end=\"748\">Para maior conforto, pode trazer objetos familiares do seu c\u00e3o, como a cama, brinquedos ou recipientes de alimenta\u00e7\u00e3o.<\/p><p data-start=\"750\" data-end=\"820\" data-is-last-node=\"\" data-is-only-node=\"\">Convidamo-lo a visitar o nosso espa\u00e7o e conhecer o nosso Hotel Canino.<\/p>\t\t\t\t\t\t\t\t<\/div>\n\t\t\t\t<\/div>\n\t\t\t\t\t<\/div>\n\t\t<\/div>\n\t\t\t\t\t<\/div>\n\t\t<\/section>\n\t\t\t\t\t<\/div>\n\t\t<\/div>\n\t\t\t\t\t<\/div>\n\t\t<\/section>\n\t\t\t\t<\/div>\n\t\t","protected":false},"excerpt":{"rendered":"<p>O nosso Hotel Canino disp\u00f5e de 16 boxes, garantindo um acompanhamento personalizado e especial aten\u00e7\u00e3o a c\u00e3es com necessidades espec\u00edficas. Cada box foi concebida para proporcionar o m\u00e1ximo conforto e bem-estar, com uma zona interior equipada com estrado, aquecimento e ventila\u00e7\u00e3o, e uma zona exterior protegida. A higieniza\u00e7\u00e3o \u00e9 realizada diariamente. Disponibilizamos boxes de diferentes &hellip; <\/p>\n","protected":false},"author":1,"featured_media":0,"parent":0,"menu_order":0,"comment_status":"closed","ping_status":"closed","template":"page-fullwidth.php","meta":{"_acf_changed":false,"content-type":"","footnotes":""},"class_list":["post-14008","page","type-page","status-publish","hentry"],"acf":[],"yoast_head":"<!-- This site is optimized with the Yoast SEO plugin v27.4 - https:\/\/yoast.com\/product\/yoast-seo-wordpress\/ -->\n<title>Hotel Canino - Hotel Montes Burgos<\/title>\n<meta name=\"robots\" content=\"index, follow, max-snippet:-1, max-image-preview:large, max-video-preview:-1\" \/>\n<link rel=\"canonical\" href=\"https:\/\/onevetgroup.pt\/hvmontesburgos\/hotelcanino\/\" \/>\n<meta property=\"og:locale\" content=\"pt_PT\" \/>\n<meta property=\"og:type\" content=\"article\" \/>\n<meta property=\"og:title\" content=\"Hotel Canino - Hotel Montes Burgos\" \/>\n<meta property=\"og:description\" content=\"O nosso Hotel Canino disp\u00f5e de 16 boxes, garantindo um acompanhamento personalizado e especial aten\u00e7\u00e3o a c\u00e3es com necessidades espec\u00edficas. Cada box foi concebida para proporcionar o m\u00e1ximo conforto e bem-estar, com uma zona interior equipada com estrado, aquecimento e ventila\u00e7\u00e3o, e uma zona exterior protegida. A higieniza\u00e7\u00e3o \u00e9 realizada diariamente. Disponibilizamos boxes de diferentes &hellip;\" \/>\n<meta property=\"og:url\" content=\"https:\/\/onevetgroup.pt\/hvmontesburgos\/hotelcanino\/\" \/>\n<meta property=\"og:site_name\" content=\"Hotel Montes Burgos\" \/>\n<meta property=\"article:modified_time\" content=\"2026-02-19T11:58:58+00:00\" \/>\n<meta property=\"og:image\" content=\"https:\/\/onevetgroup.pt\/hvmontesburgos\/wp-content\/uploads\/sites\/92\/2026\/02\/fotos-de-caes-082.jpg\" \/>\n<meta name=\"twitter:card\" content=\"summary_large_image\" \/>\n<meta name=\"twitter:label1\" content=\"Tempo estimado de leitura\" \/>\n\t<meta name=\"twitter:data1\" content=\"1 minuto\" \/>\n<script type=\"application\/ld+json\" class=\"yoast-schema-graph\">{\"@context\":\"https:\\\/\\\/schema.org\",\"@graph\":[{\"@type\":\"WebPage\",\"@id\":\"https:\\\/\\\/onevetgroup.pt\\\/hvmontesburgos\\\/hotelcanino\\\/\",\"url\":\"https:\\\/\\\/onevetgroup.pt\\\/hvmontesburgos\\\/hotelcanino\\\/\",\"name\":\"Hotel Canino - Hotel Montes Burgos\",\"isPartOf\":{\"@id\":\"https:\\\/\\\/onevetgroup.pt\\\/hvmontesburgos\\\/#website\"},\"primaryImageOfPage\":{\"@id\":\"https:\\\/\\\/onevetgroup.pt\\\/hvmontesburgos\\\/hotelcanino\\\/#primaryimage\"},\"image\":{\"@id\":\"https:\\\/\\\/onevetgroup.pt\\\/hvmontesburgos\\\/hotelcanino\\\/#primaryimage\"},\"thumbnailUrl\":\"https:\\\/\\\/onevetgroup.pt\\\/hvmontesburgos\\\/wp-content\\\/uploads\\\/sites\\\/92\\\/2026\\\/02\\\/fotos-de-caes-082.jpg\",\"datePublished\":\"2021-02-08T15:28:59+00:00\",\"dateModified\":\"2026-02-19T11:58:58+00:00\",\"breadcrumb\":{\"@id\":\"https:\\\/\\\/onevetgroup.pt\\\/hvmontesburgos\\\/hotelcanino\\\/#breadcrumb\"},\"inLanguage\":\"pt-PT\",\"potentialAction\":[{\"@type\":\"ReadAction\",\"target\":[\"https:\\\/\\\/onevetgroup.pt\\\/hvmontesburgos\\\/hotelcanino\\\/\"]}]},{\"@type\":\"ImageObject\",\"inLanguage\":\"pt-PT\",\"@id\":\"https:\\\/\\\/onevetgroup.pt\\\/hvmontesburgos\\\/hotelcanino\\\/#primaryimage\",\"url\":\"https:\\\/\\\/onevetgroup.pt\\\/hvmontesburgos\\\/wp-content\\\/uploads\\\/sites\\\/92\\\/2026\\\/02\\\/fotos-de-caes-082.jpg\",\"contentUrl\":\"https:\\\/\\\/onevetgroup.pt\\\/hvmontesburgos\\\/wp-content\\\/uploads\\\/sites\\\/92\\\/2026\\\/02\\\/fotos-de-caes-082.jpg\",\"width\":640,\"height\":480},{\"@type\":\"BreadcrumbList\",\"@id\":\"https:\\\/\\\/onevetgroup.pt\\\/hvmontesburgos\\\/hotelcanino\\\/#breadcrumb\",\"itemListElement\":[{\"@type\":\"ListItem\",\"position\":1,\"name\":\"Home\",\"item\":\"https:\\\/\\\/onevetgroup.pt\\\/hvmontesburgos\\\/\"},{\"@type\":\"ListItem\",\"position\":2,\"name\":\"Hotel Canino\"}]},{\"@type\":\"WebSite\",\"@id\":\"https:\\\/\\\/onevetgroup.pt\\\/hvmontesburgos\\\/#website\",\"url\":\"https:\\\/\\\/onevetgroup.pt\\\/hvmontesburgos\\\/\",\"name\":\"Hotel Montes Burgos\",\"description\":\"Your Pets in Good Hands\",\"publisher\":{\"@id\":\"https:\\\/\\\/onevetgroup.pt\\\/hvmontesburgos\\\/#organization\"},\"potentialAction\":[{\"@type\":\"SearchAction\",\"target\":{\"@type\":\"EntryPoint\",\"urlTemplate\":\"https:\\\/\\\/onevetgroup.pt\\\/hvmontesburgos\\\/?s={search_term_string}\"},\"query-input\":{\"@type\":\"PropertyValueSpecification\",\"valueRequired\":true,\"valueName\":\"search_term_string\"}}],\"inLanguage\":\"pt-PT\"},{\"@type\":\"Organization\",\"@id\":\"https:\\\/\\\/onevetgroup.pt\\\/hvmontesburgos\\\/#organization\",\"name\":\"Hotel Montes Burgos\",\"url\":\"https:\\\/\\\/onevetgroup.pt\\\/hvmontesburgos\\\/\",\"logo\":{\"@type\":\"ImageObject\",\"inLanguage\":\"pt-PT\",\"@id\":\"https:\\\/\\\/onevetgroup.pt\\\/hvmontesburgos\\\/#\\\/schema\\\/logo\\\/image\\\/\",\"url\":\"https:\\\/\\\/onevetgroup.pt\\\/hvmontesburgos\\\/wp-content\\\/uploads\\\/sites\\\/92\\\/2026\\\/02\\\/cropped-hotel-vet-monte-dos-burgos_logo.png\",\"contentUrl\":\"https:\\\/\\\/onevetgroup.pt\\\/hvmontesburgos\\\/wp-content\\\/uploads\\\/sites\\\/92\\\/2026\\\/02\\\/cropped-hotel-vet-monte-dos-burgos_logo.png\",\"width\":789,\"height\":240,\"caption\":\"Hotel Montes Burgos\"},\"image\":{\"@id\":\"https:\\\/\\\/onevetgroup.pt\\\/hvmontesburgos\\\/#\\\/schema\\\/logo\\\/image\\\/\"}}]}<\/script>\n<!-- \/ Yoast SEO plugin. -->","yoast_head_json":{"title":"Hotel Canino - Hotel Montes Burgos","robots":{"index":"index","follow":"follow","max-snippet":"max-snippet:-1","max-image-preview":"max-image-preview:large","max-video-preview":"max-video-preview:-1"},"canonical":"https:\/\/onevetgroup.pt\/hvmontesburgos\/hotelcanino\/","og_locale":"pt_PT","og_type":"article","og_title":"Hotel Canino - Hotel Montes Burgos","og_description":"O nosso Hotel Canino disp\u00f5e de 16 boxes, garantindo um acompanhamento personalizado e especial aten\u00e7\u00e3o a c\u00e3es com necessidades espec\u00edficas. Cada box foi concebida para proporcionar o m\u00e1ximo conforto e bem-estar, com uma zona interior equipada com estrado, aquecimento e ventila\u00e7\u00e3o, e uma zona exterior protegida. A higieniza\u00e7\u00e3o \u00e9 realizada diariamente. Disponibilizamos boxes de diferentes &hellip;","og_url":"https:\/\/onevetgroup.pt\/hvmontesburgos\/hotelcanino\/","og_site_name":"Hotel Montes Burgos","article_modified_time":"2026-02-19T11:58:58+00:00","og_image":[{"url":"https:\/\/onevetgroup.pt\/hvmontesburgos\/wp-content\/uploads\/sites\/92\/2026\/02\/fotos-de-caes-082.jpg","type":"","width":"","height":""}],"twitter_card":"summary_large_image","twitter_misc":{"Tempo estimado de leitura":"1 minuto"},"schema":{"@context":"https:\/\/schema.org","@graph":[{"@type":"WebPage","@id":"https:\/\/onevetgroup.pt\/hvmontesburgos\/hotelcanino\/","url":"https:\/\/onevetgroup.pt\/hvmontesburgos\/hotelcanino\/","name":"Hotel Canino - Hotel Montes Burgos","isPartOf":{"@id":"https:\/\/onevetgroup.pt\/hvmontesburgos\/#website"},"primaryImageOfPage":{"@id":"https:\/\/onevetgroup.pt\/hvmontesburgos\/hotelcanino\/#primaryimage"},"image":{"@id":"https:\/\/onevetgroup.pt\/hvmontesburgos\/hotelcanino\/#primaryimage"},"thumbnailUrl":"https:\/\/onevetgroup.pt\/hvmontesburgos\/wp-content\/uploads\/sites\/92\/2026\/02\/fotos-de-caes-082.jpg","datePublished":"2021-02-08T15:28:59+00:00","dateModified":"2026-02-19T11:58:58+00:00","breadcrumb":{"@id":"https:\/\/onevetgroup.pt\/hvmontesburgos\/hotelcanino\/#breadcrumb"},"inLanguage":"pt-PT","potentialAction":[{"@type":"ReadAction","target":["https:\/\/onevetgroup.pt\/hvmontesburgos\/hotelcanino\/"]}]},{"@type":"ImageObject","inLanguage":"pt-PT","@id":"https:\/\/onevetgroup.pt\/hvmontesburgos\/hotelcanino\/#primaryimage","url":"https:\/\/onevetgroup.pt\/hvmontesburgos\/wp-content\/uploads\/sites\/92\/2026\/02\/fotos-de-caes-082.jpg","contentUrl":"https:\/\/onevetgroup.pt\/hvmontesburgos\/wp-content\/uploads\/sites\/92\/2026\/02\/fotos-de-caes-082.jpg","width":640,"height":480},{"@type":"BreadcrumbList","@id":"https:\/\/onevetgroup.pt\/hvmontesburgos\/hotelcanino\/#breadcrumb","itemListElement":[{"@type":"ListItem","position":1,"name":"Home","item":"https:\/\/onevetgroup.pt\/hvmontesburgos\/"},{"@type":"ListItem","position":2,"name":"Hotel Canino"}]},{"@type":"WebSite","@id":"https:\/\/onevetgroup.pt\/hvmontesburgos\/#website","url":"https:\/\/onevetgroup.pt\/hvmontesburgos\/","name":"Hotel Montes Burgos","description":"Your Pets in Good Hands","publisher":{"@id":"https:\/\/onevetgroup.pt\/hvmontesburgos\/#organization"},"potentialAction":[{"@type":"SearchAction","target":{"@type":"EntryPoint","urlTemplate":"https:\/\/onevetgroup.pt\/hvmontesburgos\/?s={search_term_string}"},"query-input":{"@type":"PropertyValueSpecification","valueRequired":true,"valueName":"search_term_string"}}],"inLanguage":"pt-PT"},{"@type":"Organization","@id":"https:\/\/onevetgroup.pt\/hvmontesburgos\/#organization","name":"Hotel Montes Burgos","url":"https:\/\/onevetgroup.pt\/hvmontesburgos\/","logo":{"@type":"ImageObject","inLanguage":"pt-PT","@id":"https:\/\/onevetgroup.pt\/hvmontesburgos\/#\/schema\/logo\/image\/","url":"https:\/\/onevetgroup.pt\/hvmontesburgos\/wp-content\/uploads\/sites\/92\/2026\/02\/cropped-hotel-vet-monte-dos-burgos_logo.png","contentUrl":"https:\/\/onevetgroup.pt\/hvmontesburgos\/wp-content\/uploads\/sites\/92\/2026\/02\/cropped-hotel-vet-monte-dos-burgos_logo.png","width":789,"height":240,"caption":"Hotel Montes Burgos"},"image":{"@id":"https:\/\/onevetgroup.pt\/hvmontesburgos\/#\/schema\/logo\/image\/"}}]}},"_links":{"self":[{"href":"https:\/\/onevetgroup.pt\/hvmontesburgos\/wp-json\/wp\/v2\/pages\/14008","targetHints":{"allow":["GET"]}}],"collection":[{"href":"https:\/\/onevetgroup.pt\/hvmontesburgos\/wp-json\/wp\/v2\/pages"}],"about":[{"href":"https:\/\/onevetgroup.pt\/hvmontesburgos\/wp-json\/wp\/v2\/types\/page"}],"author":[{"embeddable":true,"href":"https:\/\/onevetgroup.pt\/hvmontesburgos\/wp-json\/wp\/v2\/users\/1"}],"replies":[{"embeddable":true,"href":"https:\/\/onevetgroup.pt\/hvmontesburgos\/wp-json\/wp\/v2\/comments?post=14008"}],"version-history":[{"count":38,"href":"https:\/\/onevetgroup.pt\/hvmontesburgos\/wp-json\/wp\/v2\/pages\/14008\/revisions"}],"predecessor-version":[{"id":20934,"href":"https:\/\/onevetgroup.pt\/hvmontesburgos\/wp-json\/wp\/v2\/pages\/14008\/revisions\/20934"}],"wp:attachment":[{"href":"https:\/\/onevetgroup.pt\/hvmontesburgos\/wp-json\/wp\/v2\/media?parent=14008"}],"curies":[{"name":"wp","href":"https:\/\/api.w.org\/{rel}","templated":true}]}}