{"id":17846,"date":"2022-07-01T09:40:57","date_gmt":"2022-07-01T09:40:57","guid":{"rendered":"https:\/\/onevet.pt\/porto\/?page_id=17846"},"modified":"2026-02-19T12:21:23","modified_gmt":"2026-02-19T12:21:23","slug":"hotelfelino","status":"publish","type":"page","link":"https:\/\/onevetgroup.pt\/hvmontesburgos\/hotelfelino\/","title":{"rendered":"Hotel Felino"},"content":{"rendered":"\t\t<div data-elementor-type=\"wp-page\" data-elementor-id=\"17846\" class=\"elementor elementor-17846\" data-elementor-post-type=\"page\">\n\t\t\t\t\t\t<section class=\"elementor-section elementor-top-section elementor-element elementor-element-54cf215 pad-top-0 elementor-section-boxed elementor-section-height-default elementor-section-height-default\" data-id=\"54cf215\" data-element_type=\"section\" data-e-type=\"section\" id=\"main-sec\" data-settings=\"{&quot;background_background&quot;:&quot;classic&quot;}\">\n\t\t\t\t\t\t<div class=\"elementor-container elementor-column-gap-wide\">\n\t\t\t\t\t<div class=\"elementor-column elementor-col-100 elementor-top-column elementor-element elementor-element-d926441\" data-id=\"d926441\" data-element_type=\"column\" data-e-type=\"column\">\n\t\t\t<div class=\"elementor-widget-wrap elementor-element-populated\">\n\t\t\t\t\t\t<section class=\"elementor-section elementor-inner-section elementor-element elementor-element-98275a1 elementor-section-boxed elementor-section-height-default elementor-section-height-default\" data-id=\"98275a1\" data-element_type=\"section\" data-e-type=\"section\">\n\t\t\t\t\t\t<div class=\"elementor-container elementor-column-gap-default\">\n\t\t\t\t\t<div class=\"elementor-column elementor-col-50 elementor-inner-column elementor-element elementor-element-07b222c\" data-id=\"07b222c\" data-element_type=\"column\" data-e-type=\"column\">\n\t\t\t<div class=\"elementor-widget-wrap elementor-element-populated\">\n\t\t\t\t\t\t<div class=\"elementor-element elementor-element-44b52f4 elementor-widget elementor-widget-image\" data-id=\"44b52f4\" data-element_type=\"widget\" data-e-type=\"widget\" data-widget_type=\"image.default\">\n\t\t\t\t<div class=\"elementor-widget-container\">\n\t\t\t\t\t\t\t\t\t\t\t\t\t\t\t<img fetchpriority=\"high\" width=\"640\" height=\"480\" class=\"attachment-2048x2048 size-2048x2048 wp-image-20936 lazy\" alt=\"\" data-src=\"https:\/\/onevetgroup.pt\/hvmontesburgos\/wp-content\/uploads\/sites\/92\/2026\/02\/hotelfelino.jpg\" data-lazy=\"https:\/\/onevetgroup.pt\/hvmontesburgos\/wp-content\/uploads\/sites\/92\/2026\/02\/hotelfelino.jpg\" \/>\t\t\t\t\t\t\t\t\t\t\t\t\t\t\t<\/div>\n\t\t\t\t<\/div>\n\t\t\t\t\t<\/div>\n\t\t<\/div>\n\t\t\t\t<div class=\"elementor-column elementor-col-50 elementor-inner-column elementor-element elementor-element-e32254f\" data-id=\"e32254f\" data-element_type=\"column\" data-e-type=\"column\">\n\t\t\t<div class=\"elementor-widget-wrap elementor-element-populated\">\n\t\t\t\t\t\t<div class=\"elementor-element elementor-element-6494dd8 elementor-widget elementor-widget-text-editor\" data-id=\"6494dd8\" data-element_type=\"widget\" data-e-type=\"widget\" data-widget_type=\"text-editor.default\">\n\t\t\t\t<div class=\"elementor-widget-container\">\n\t\t\t\t\t\t\t\t\t<p data-start=\"0\" data-end=\"273\">O nosso Hotel Felino, inserido na Cl\u00ednica Veterin\u00e1ria Monte dos Burgos, no Porto, disp\u00f5e de supervis\u00e3o veterin\u00e1ria permanente para todos os gatos hospedados. Est\u00e1 localizado num edif\u00edcio separado do Hotel Canino, garantindo um ambiente calmo e sem contacto visual com c\u00e3es.<\/p><p data-start=\"275\" data-end=\"581\">O hotel conta com 7 boxes, permitindo um acompanhamento personalizado, especialmente importante para gatos com necessidades espec\u00edficas. As boxes possuem paredes de vidro, que proporcionam excelente luminosidade, e v\u00e1rios n\u00edveis onde s\u00e3o colocados o ninho, a caixa de areia e os recipientes de alimenta\u00e7\u00e3o.<\/p><p data-start=\"583\" data-end=\"760\">Disponibilizamos boxes de diferentes tamanhos (pequena, m\u00e9dia e grande), com possibilidade de liga\u00e7\u00e3o entre boxes para gatos do mesmo agregado que estejam habituados a conviver.<\/p><p data-start=\"762\" data-end=\"893\">Para maior conforto, recomendamos que traga objetos familiares do seu gato, como a cama, brinquedos, recipientes ou caixa de areia.<\/p><p data-start=\"895\" data-end=\"965\" data-is-last-node=\"\" data-is-only-node=\"\">Convidamo-lo a visitar o nosso espa\u00e7o e conhecer o nosso Hotel Felino.<\/p>\t\t\t\t\t\t\t\t<\/div>\n\t\t\t\t<\/div>\n\t\t\t\t\t<\/div>\n\t\t<\/div>\n\t\t\t\t\t<\/div>\n\t\t<\/section>\n\t\t\t\t\t<\/div>\n\t\t<\/div>\n\t\t\t\t\t<\/div>\n\t\t<\/section>\n\t\t\t\t<\/div>\n\t\t","protected":false},"excerpt":{"rendered":"<p>O nosso Hotel Felino, inserido na Cl\u00ednica Veterin\u00e1ria Monte dos Burgos, no Porto, disp\u00f5e de supervis\u00e3o veterin\u00e1ria permanente para todos os gatos hospedados. Est\u00e1 localizado num edif\u00edcio separado do Hotel Canino, garantindo um ambiente calmo e sem contacto visual com c\u00e3es. O hotel conta com 7 boxes, permitindo um acompanhamento personalizado, especialmente importante para gatos &hellip; <\/p>\n","protected":false},"author":61,"featured_media":0,"parent":0,"menu_order":0,"comment_status":"closed","ping_status":"closed","template":"page-fullwidth.php","meta":{"_acf_changed":false,"content-type":"","footnotes":""},"class_list":["post-17846","page","type-page","status-publish","hentry"],"acf":[],"yoast_head":"<!-- This site is optimized with the Yoast SEO plugin v27.4 - https:\/\/yoast.com\/product\/yoast-seo-wordpress\/ -->\n<title>Hotel Felino - Hotel Montes Burgos<\/title>\n<meta name=\"robots\" content=\"index, follow, max-snippet:-1, max-image-preview:large, max-video-preview:-1\" \/>\n<link rel=\"canonical\" href=\"https:\/\/onevetgroup.pt\/hvmontesburgos\/hotelfelino\/\" \/>\n<meta property=\"og:locale\" content=\"pt_PT\" \/>\n<meta property=\"og:type\" content=\"article\" \/>\n<meta property=\"og:title\" content=\"Hotel Felino - Hotel Montes Burgos\" \/>\n<meta property=\"og:description\" content=\"O nosso Hotel Felino, inserido na Cl\u00ednica Veterin\u00e1ria Monte dos Burgos, no Porto, disp\u00f5e de supervis\u00e3o veterin\u00e1ria permanente para todos os gatos hospedados. Est\u00e1 localizado num edif\u00edcio separado do Hotel Canino, garantindo um ambiente calmo e sem contacto visual com c\u00e3es. O hotel conta com 7 boxes, permitindo um acompanhamento personalizado, especialmente importante para gatos &hellip;\" \/>\n<meta property=\"og:url\" content=\"https:\/\/onevetgroup.pt\/hvmontesburgos\/hotelfelino\/\" \/>\n<meta property=\"og:site_name\" content=\"Hotel Montes Burgos\" \/>\n<meta property=\"article:modified_time\" content=\"2026-02-19T12:21:23+00:00\" \/>\n<meta property=\"og:image\" content=\"https:\/\/onevetgroup.pt\/hvmontesburgos\/wp-content\/uploads\/sites\/92\/2026\/02\/hotelfelino.jpg\" \/>\n<meta name=\"twitter:card\" content=\"summary_large_image\" \/>\n<meta name=\"twitter:label1\" content=\"Tempo estimado de leitura\" \/>\n\t<meta name=\"twitter:data1\" content=\"1 minuto\" \/>\n<script type=\"application\/ld+json\" class=\"yoast-schema-graph\">{\"@context\":\"https:\\\/\\\/schema.org\",\"@graph\":[{\"@type\":\"WebPage\",\"@id\":\"https:\\\/\\\/onevetgroup.pt\\\/hvmontesburgos\\\/hotelfelino\\\/\",\"url\":\"https:\\\/\\\/onevetgroup.pt\\\/hvmontesburgos\\\/hotelfelino\\\/\",\"name\":\"Hotel Felino - Hotel Montes Burgos\",\"isPartOf\":{\"@id\":\"https:\\\/\\\/onevetgroup.pt\\\/hvmontesburgos\\\/#website\"},\"primaryImageOfPage\":{\"@id\":\"https:\\\/\\\/onevetgroup.pt\\\/hvmontesburgos\\\/hotelfelino\\\/#primaryimage\"},\"image\":{\"@id\":\"https:\\\/\\\/onevetgroup.pt\\\/hvmontesburgos\\\/hotelfelino\\\/#primaryimage\"},\"thumbnailUrl\":\"https:\\\/\\\/onevetgroup.pt\\\/hvmontesburgos\\\/wp-content\\\/uploads\\\/sites\\\/92\\\/2026\\\/02\\\/hotelfelino.jpg\",\"datePublished\":\"2022-07-01T09:40:57+00:00\",\"dateModified\":\"2026-02-19T12:21:23+00:00\",\"breadcrumb\":{\"@id\":\"https:\\\/\\\/onevetgroup.pt\\\/hvmontesburgos\\\/hotelfelino\\\/#breadcrumb\"},\"inLanguage\":\"pt-PT\",\"potentialAction\":[{\"@type\":\"ReadAction\",\"target\":[\"https:\\\/\\\/onevetgroup.pt\\\/hvmontesburgos\\\/hotelfelino\\\/\"]}]},{\"@type\":\"ImageObject\",\"inLanguage\":\"pt-PT\",\"@id\":\"https:\\\/\\\/onevetgroup.pt\\\/hvmontesburgos\\\/hotelfelino\\\/#primaryimage\",\"url\":\"https:\\\/\\\/onevetgroup.pt\\\/hvmontesburgos\\\/wp-content\\\/uploads\\\/sites\\\/92\\\/2026\\\/02\\\/hotelfelino.jpg\",\"contentUrl\":\"https:\\\/\\\/onevetgroup.pt\\\/hvmontesburgos\\\/wp-content\\\/uploads\\\/sites\\\/92\\\/2026\\\/02\\\/hotelfelino.jpg\",\"width\":640,\"height\":480},{\"@type\":\"BreadcrumbList\",\"@id\":\"https:\\\/\\\/onevetgroup.pt\\\/hvmontesburgos\\\/hotelfelino\\\/#breadcrumb\",\"itemListElement\":[{\"@type\":\"ListItem\",\"position\":1,\"name\":\"Home\",\"item\":\"https:\\\/\\\/onevetgroup.pt\\\/hvmontesburgos\\\/\"},{\"@type\":\"ListItem\",\"position\":2,\"name\":\"Hotel Felino\"}]},{\"@type\":\"WebSite\",\"@id\":\"https:\\\/\\\/onevetgroup.pt\\\/hvmontesburgos\\\/#website\",\"url\":\"https:\\\/\\\/onevetgroup.pt\\\/hvmontesburgos\\\/\",\"name\":\"Hotel Montes Burgos\",\"description\":\"Your Pets in Good Hands\",\"publisher\":{\"@id\":\"https:\\\/\\\/onevetgroup.pt\\\/hvmontesburgos\\\/#organization\"},\"potentialAction\":[{\"@type\":\"SearchAction\",\"target\":{\"@type\":\"EntryPoint\",\"urlTemplate\":\"https:\\\/\\\/onevetgroup.pt\\\/hvmontesburgos\\\/?s={search_term_string}\"},\"query-input\":{\"@type\":\"PropertyValueSpecification\",\"valueRequired\":true,\"valueName\":\"search_term_string\"}}],\"inLanguage\":\"pt-PT\"},{\"@type\":\"Organization\",\"@id\":\"https:\\\/\\\/onevetgroup.pt\\\/hvmontesburgos\\\/#organization\",\"name\":\"Hotel Montes Burgos\",\"url\":\"https:\\\/\\\/onevetgroup.pt\\\/hvmontesburgos\\\/\",\"logo\":{\"@type\":\"ImageObject\",\"inLanguage\":\"pt-PT\",\"@id\":\"https:\\\/\\\/onevetgroup.pt\\\/hvmontesburgos\\\/#\\\/schema\\\/logo\\\/image\\\/\",\"url\":\"https:\\\/\\\/onevetgroup.pt\\\/hvmontesburgos\\\/wp-content\\\/uploads\\\/sites\\\/92\\\/2026\\\/02\\\/cropped-hotel-vet-monte-dos-burgos_logo.png\",\"contentUrl\":\"https:\\\/\\\/onevetgroup.pt\\\/hvmontesburgos\\\/wp-content\\\/uploads\\\/sites\\\/92\\\/2026\\\/02\\\/cropped-hotel-vet-monte-dos-burgos_logo.png\",\"width\":789,\"height\":240,\"caption\":\"Hotel Montes Burgos\"},\"image\":{\"@id\":\"https:\\\/\\\/onevetgroup.pt\\\/hvmontesburgos\\\/#\\\/schema\\\/logo\\\/image\\\/\"}}]}<\/script>\n<!-- \/ Yoast SEO plugin. -->","yoast_head_json":{"title":"Hotel Felino - Hotel Montes Burgos","robots":{"index":"index","follow":"follow","max-snippet":"max-snippet:-1","max-image-preview":"max-image-preview:large","max-video-preview":"max-video-preview:-1"},"canonical":"https:\/\/onevetgroup.pt\/hvmontesburgos\/hotelfelino\/","og_locale":"pt_PT","og_type":"article","og_title":"Hotel Felino - Hotel Montes Burgos","og_description":"O nosso Hotel Felino, inserido na Cl\u00ednica Veterin\u00e1ria Monte dos Burgos, no Porto, disp\u00f5e de supervis\u00e3o veterin\u00e1ria permanente para todos os gatos hospedados. Est\u00e1 localizado num edif\u00edcio separado do Hotel Canino, garantindo um ambiente calmo e sem contacto visual com c\u00e3es. O hotel conta com 7 boxes, permitindo um acompanhamento personalizado, especialmente importante para gatos &hellip;","og_url":"https:\/\/onevetgroup.pt\/hvmontesburgos\/hotelfelino\/","og_site_name":"Hotel Montes Burgos","article_modified_time":"2026-02-19T12:21:23+00:00","og_image":[{"url":"https:\/\/onevetgroup.pt\/hvmontesburgos\/wp-content\/uploads\/sites\/92\/2026\/02\/hotelfelino.jpg","type":"","width":"","height":""}],"twitter_card":"summary_large_image","twitter_misc":{"Tempo estimado de leitura":"1 minuto"},"schema":{"@context":"https:\/\/schema.org","@graph":[{"@type":"WebPage","@id":"https:\/\/onevetgroup.pt\/hvmontesburgos\/hotelfelino\/","url":"https:\/\/onevetgroup.pt\/hvmontesburgos\/hotelfelino\/","name":"Hotel Felino - Hotel Montes Burgos","isPartOf":{"@id":"https:\/\/onevetgroup.pt\/hvmontesburgos\/#website"},"primaryImageOfPage":{"@id":"https:\/\/onevetgroup.pt\/hvmontesburgos\/hotelfelino\/#primaryimage"},"image":{"@id":"https:\/\/onevetgroup.pt\/hvmontesburgos\/hotelfelino\/#primaryimage"},"thumbnailUrl":"https:\/\/onevetgroup.pt\/hvmontesburgos\/wp-content\/uploads\/sites\/92\/2026\/02\/hotelfelino.jpg","datePublished":"2022-07-01T09:40:57+00:00","dateModified":"2026-02-19T12:21:23+00:00","breadcrumb":{"@id":"https:\/\/onevetgroup.pt\/hvmontesburgos\/hotelfelino\/#breadcrumb"},"inLanguage":"pt-PT","potentialAction":[{"@type":"ReadAction","target":["https:\/\/onevetgroup.pt\/hvmontesburgos\/hotelfelino\/"]}]},{"@type":"ImageObject","inLanguage":"pt-PT","@id":"https:\/\/onevetgroup.pt\/hvmontesburgos\/hotelfelino\/#primaryimage","url":"https:\/\/onevetgroup.pt\/hvmontesburgos\/wp-content\/uploads\/sites\/92\/2026\/02\/hotelfelino.jpg","contentUrl":"https:\/\/onevetgroup.pt\/hvmontesburgos\/wp-content\/uploads\/sites\/92\/2026\/02\/hotelfelino.jpg","width":640,"height":480},{"@type":"BreadcrumbList","@id":"https:\/\/onevetgroup.pt\/hvmontesburgos\/hotelfelino\/#breadcrumb","itemListElement":[{"@type":"ListItem","position":1,"name":"Home","item":"https:\/\/onevetgroup.pt\/hvmontesburgos\/"},{"@type":"ListItem","position":2,"name":"Hotel Felino"}]},{"@type":"WebSite","@id":"https:\/\/onevetgroup.pt\/hvmontesburgos\/#website","url":"https:\/\/onevetgroup.pt\/hvmontesburgos\/","name":"Hotel Montes Burgos","description":"Your Pets in Good Hands","publisher":{"@id":"https:\/\/onevetgroup.pt\/hvmontesburgos\/#organization"},"potentialAction":[{"@type":"SearchAction","target":{"@type":"EntryPoint","urlTemplate":"https:\/\/onevetgroup.pt\/hvmontesburgos\/?s={search_term_string}"},"query-input":{"@type":"PropertyValueSpecification","valueRequired":true,"valueName":"search_term_string"}}],"inLanguage":"pt-PT"},{"@type":"Organization","@id":"https:\/\/onevetgroup.pt\/hvmontesburgos\/#organization","name":"Hotel Montes Burgos","url":"https:\/\/onevetgroup.pt\/hvmontesburgos\/","logo":{"@type":"ImageObject","inLanguage":"pt-PT","@id":"https:\/\/onevetgroup.pt\/hvmontesburgos\/#\/schema\/logo\/image\/","url":"https:\/\/onevetgroup.pt\/hvmontesburgos\/wp-content\/uploads\/sites\/92\/2026\/02\/cropped-hotel-vet-monte-dos-burgos_logo.png","contentUrl":"https:\/\/onevetgroup.pt\/hvmontesburgos\/wp-content\/uploads\/sites\/92\/2026\/02\/cropped-hotel-vet-monte-dos-burgos_logo.png","width":789,"height":240,"caption":"Hotel Montes Burgos"},"image":{"@id":"https:\/\/onevetgroup.pt\/hvmontesburgos\/#\/schema\/logo\/image\/"}}]}},"_links":{"self":[{"href":"https:\/\/onevetgroup.pt\/hvmontesburgos\/wp-json\/wp\/v2\/pages\/17846","targetHints":{"allow":["GET"]}}],"collection":[{"href":"https:\/\/onevetgroup.pt\/hvmontesburgos\/wp-json\/wp\/v2\/pages"}],"about":[{"href":"https:\/\/onevetgroup.pt\/hvmontesburgos\/wp-json\/wp\/v2\/types\/page"}],"author":[{"embeddable":true,"href":"https:\/\/onevetgroup.pt\/hvmontesburgos\/wp-json\/wp\/v2\/users\/61"}],"replies":[{"embeddable":true,"href":"https:\/\/onevetgroup.pt\/hvmontesburgos\/wp-json\/wp\/v2\/comments?post=17846"}],"version-history":[{"count":26,"href":"https:\/\/onevetgroup.pt\/hvmontesburgos\/wp-json\/wp\/v2\/pages\/17846\/revisions"}],"predecessor-version":[{"id":20941,"href":"https:\/\/onevetgroup.pt\/hvmontesburgos\/wp-json\/wp\/v2\/pages\/17846\/revisions\/20941"}],"wp:attachment":[{"href":"https:\/\/onevetgroup.pt\/hvmontesburgos\/wp-json\/wp\/v2\/media?parent=17846"}],"curies":[{"name":"wp","href":"https:\/\/api.w.org\/{rel}","templated":true}]}}