{"id":19149,"date":"2022-07-11T11:02:44","date_gmt":"2022-07-11T11:02:44","guid":{"rendered":"https:\/\/onevet.pt\/porto\/?page_id=19149"},"modified":"2022-07-11T11:59:46","modified_gmt":"2022-07-11T11:59:46","slug":"visitas-ao-domicilio","status":"publish","type":"page","link":"https:\/\/onevetgroup.pt\/hvpalmela\/servicos-veterinarios\/visitas-ao-domicilio\/","title":{"rendered":"Visitas ao Domic\u00edlio"},"content":{"rendered":"\t\t<div data-elementor-type=\"wp-page\" data-elementor-id=\"19149\" class=\"elementor elementor-19149 elementor-14769\" data-elementor-post-type=\"page\">\n\t\t\t\t\t\t<section class=\"elementor-section elementor-top-section elementor-element elementor-element-d993722 elementor-section-boxed elementor-section-height-default elementor-section-height-default\" data-id=\"d993722\" data-element_type=\"section\" data-e-type=\"section\" id=\"main-sec\">\n\t\t\t\t\t\t<div class=\"elementor-container elementor-column-gap-default\">\n\t\t\t\t\t<div class=\"elementor-column elementor-col-100 elementor-top-column elementor-element elementor-element-065811d\" data-id=\"065811d\" data-element_type=\"column\" data-e-type=\"column\">\n\t\t\t<div class=\"elementor-widget-wrap elementor-element-populated\">\n\t\t\t\t\t\t<div class=\"elementor-element elementor-element-63d99ac elementor-widget elementor-widget-text-editor\" data-id=\"63d99ac\" data-element_type=\"widget\" data-e-type=\"widget\" data-widget_type=\"text-editor.default\">\n\t\t\t\t<div class=\"elementor-widget-container\">\n\t\t\t\t\t\t\t\t\t<div class=\"ewa-rteLine\"><div class=\"ewa-rteLine\"><div class=\"ewa-rteLine\"><span data-sheets-value=\"{\" data-sheets-userformat=\"{\">Onevet Hospital Veterin\u00e1rio de Palmela oferece servi\u00e7os de consulta ao domic\u00edlio, atrav\u00e9s dos quais um veterin\u00e1rio ir\u00e1 a sua casa para tratar do seu animal de estima\u00e7\u00e3o.<\/span><\/div><\/div><\/div>\t\t\t\t\t\t\t\t<\/div>\n\t\t\t\t<\/div>\n\t\t\t\t<div class=\"elementor-element elementor-element-0c5889a elementor-align-center elementor-widget elementor-widget-button\" data-id=\"0c5889a\" data-element_type=\"widget\" data-e-type=\"widget\" data-widget_type=\"button.default\">\n\t\t\t\t<div class=\"elementor-widget-container\">\n\t\t\t\t\t\t\t\t\t<div class=\"elementor-button-wrapper\">\n\t\t\t\t\t<a class=\"elementor-button elementor-button-link elementor-size-md\" href=\"tel:%5Bacf%20field=clinicPhone1%20post_id=options%5D\">\n\t\t\t\t\t\t<span class=\"elementor-button-content-wrapper\">\n\t\t\t\t\t\t<span class=\"elementor-button-icon\">\n\t\t\t\t<i aria-hidden=\"true\" class=\"far fa-calendar-alt\"><\/i>\t\t\t<\/span>\n\t\t\t\t\t\t\t\t\t<span class=\"elementor-button-text\">Pronto para fazer a sua marca\u00e7\u00e3o?<\/span>\n\t\t\t\t\t<\/span>\n\t\t\t\t\t<\/a>\n\t\t\t\t<\/div>\n\t\t\t\t\t\t\t\t<\/div>\n\t\t\t\t<\/div>\n\t\t\t\t<div class=\"elementor-element elementor-element-dc7c821 elementor-widget elementor-widget-image\" data-id=\"dc7c821\" data-element_type=\"widget\" data-e-type=\"widget\" data-widget_type=\"image.default\">\n\t\t\t\t<div class=\"elementor-widget-container\">\n\t\t\t\t\t\t\t\t\t\t\t\t\t\t\t<img fetchpriority=\"high\" width=\"724\" height=\"515\" class=\"attachment-medium_large size-medium_large wp-image-15423 lazy\" alt=\"\" data-src=\"https:\/\/onevetgroup.pt\/hvpalmela\/wp-content\/uploads\/sites\/74\/2021\/06\/shutterstock_639299914-1-768x546.jpg\" data-lazy=\"https:\/\/onevetgroup.pt\/hvpalmela\/wp-content\/uploads\/sites\/74\/2021\/06\/shutterstock_639299914-1-768x546.jpg\" \/>\t\t\t\t\t\t\t\t\t\t\t\t\t\t\t<\/div>\n\t\t\t\t<\/div>\n\t\t\t\t\t<\/div>\n\t\t<\/div>\n\t\t\t\t\t<\/div>\n\t\t<\/section>\n\t\t\t\t<\/div>\n\t\t","protected":false},"excerpt":{"rendered":"<p>oferece servi\u00e7os de consulta ao domic\u00edlio, atrav\u00e9s dos quais um veterin\u00e1rio ir\u00e1 a sua casa para tratar do seu animal de estima\u00e7\u00e3o. Pronto para fazer a sua marca\u00e7\u00e3o?<\/p>\n","protected":false},"author":61,"featured_media":0,"parent":14053,"menu_order":0,"comment_status":"closed","ping_status":"closed","template":"page-fullwidth.php","meta":{"_acf_changed":false,"content-type":"","footnotes":""},"class_list":["post-19149","page","type-page","status-publish","hentry"],"acf":[],"yoast_head":"<!-- This site is optimized with the Yoast SEO plugin v27.4 - https:\/\/yoast.com\/product\/yoast-seo-wordpress\/ -->\n<title>Visitas ao Domic\u00edlio - Vetset<\/title>\n<meta name=\"robots\" content=\"index, follow, max-snippet:-1, max-image-preview:large, max-video-preview:-1\" \/>\n<link rel=\"canonical\" href=\"https:\/\/onevetgroup.pt\/hvpalmela\/servicos-veterinarios\/visitas-ao-domicilio\/\" \/>\n<meta property=\"og:locale\" content=\"pt_PT\" \/>\n<meta property=\"og:type\" content=\"article\" \/>\n<meta property=\"og:title\" content=\"Visitas ao Domic\u00edlio - Vetset\" \/>\n<meta property=\"og:description\" content=\"oferece servi\u00e7os de consulta ao domic\u00edlio, atrav\u00e9s dos quais um veterin\u00e1rio ir\u00e1 a sua casa para tratar do seu animal de estima\u00e7\u00e3o. Pronto para fazer a sua marca\u00e7\u00e3o?\" \/>\n<meta property=\"og:url\" content=\"https:\/\/onevetgroup.pt\/hvpalmela\/servicos-veterinarios\/visitas-ao-domicilio\/\" \/>\n<meta property=\"og:site_name\" content=\"Vetset\" \/>\n<meta property=\"article:modified_time\" content=\"2022-07-11T11:59:46+00:00\" \/>\n<meta property=\"og:image\" content=\"https:\/\/onevet.pt\/porto\/wp-content\/uploads\/sites\/74\/2021\/06\/shutterstock_639299914-1-768x546.jpg\" \/>\n<meta name=\"twitter:card\" content=\"summary_large_image\" \/>\n<meta name=\"twitter:label1\" content=\"Tempo estimado de leitura\" \/>\n\t<meta name=\"twitter:data1\" content=\"1 minuto\" \/>\n<script type=\"application\/ld+json\" class=\"yoast-schema-graph\">{\"@context\":\"https:\\\/\\\/schema.org\",\"@graph\":[{\"@type\":\"WebPage\",\"@id\":\"https:\\\/\\\/onevetgroup.pt\\\/hvpalmela\\\/servicos-veterinarios\\\/visitas-ao-domicilio\\\/\",\"url\":\"https:\\\/\\\/onevetgroup.pt\\\/hvpalmela\\\/servicos-veterinarios\\\/visitas-ao-domicilio\\\/\",\"name\":\"Visitas ao Domic\u00edlio - Vetset\",\"isPartOf\":{\"@id\":\"https:\\\/\\\/onevetgroup.pt\\\/hvpalmela\\\/#website\"},\"primaryImageOfPage\":{\"@id\":\"https:\\\/\\\/onevetgroup.pt\\\/hvpalmela\\\/servicos-veterinarios\\\/visitas-ao-domicilio\\\/#primaryimage\"},\"image\":{\"@id\":\"https:\\\/\\\/onevetgroup.pt\\\/hvpalmela\\\/servicos-veterinarios\\\/visitas-ao-domicilio\\\/#primaryimage\"},\"thumbnailUrl\":\"https:\\\/\\\/onevet.pt\\\/porto\\\/wp-content\\\/uploads\\\/sites\\\/74\\\/2021\\\/06\\\/shutterstock_639299914-1-768x546.jpg\",\"datePublished\":\"2022-07-11T11:02:44+00:00\",\"dateModified\":\"2022-07-11T11:59:46+00:00\",\"breadcrumb\":{\"@id\":\"https:\\\/\\\/onevetgroup.pt\\\/hvpalmela\\\/servicos-veterinarios\\\/visitas-ao-domicilio\\\/#breadcrumb\"},\"inLanguage\":\"pt-PT\",\"potentialAction\":[{\"@type\":\"ReadAction\",\"target\":[\"https:\\\/\\\/onevetgroup.pt\\\/hvpalmela\\\/servicos-veterinarios\\\/visitas-ao-domicilio\\\/\"]}]},{\"@type\":\"ImageObject\",\"inLanguage\":\"pt-PT\",\"@id\":\"https:\\\/\\\/onevetgroup.pt\\\/hvpalmela\\\/servicos-veterinarios\\\/visitas-ao-domicilio\\\/#primaryimage\",\"url\":\"https:\\\/\\\/onevet.pt\\\/porto\\\/wp-content\\\/uploads\\\/sites\\\/74\\\/2021\\\/06\\\/shutterstock_639299914-1-768x546.jpg\",\"contentUrl\":\"https:\\\/\\\/onevet.pt\\\/porto\\\/wp-content\\\/uploads\\\/sites\\\/74\\\/2021\\\/06\\\/shutterstock_639299914-1-768x546.jpg\"},{\"@type\":\"BreadcrumbList\",\"@id\":\"https:\\\/\\\/onevetgroup.pt\\\/hvpalmela\\\/servicos-veterinarios\\\/visitas-ao-domicilio\\\/#breadcrumb\",\"itemListElement\":[{\"@type\":\"ListItem\",\"position\":1,\"name\":\"Home\",\"item\":\"https:\\\/\\\/onevetgroup.pt\\\/hvpalmela\\\/\"},{\"@type\":\"ListItem\",\"position\":2,\"name\":\"Servi\u00e7os de Cuidados para Animais de Estima\u00e7\u00e3o\",\"item\":\"https:\\\/\\\/onevetgroup.pt\\\/hvpalmela\\\/servicos-veterinarios\\\/\"},{\"@type\":\"ListItem\",\"position\":3,\"name\":\"Visitas ao Domic\u00edlio\"}]},{\"@type\":\"WebSite\",\"@id\":\"https:\\\/\\\/onevetgroup.pt\\\/hvpalmela\\\/#website\",\"url\":\"https:\\\/\\\/onevetgroup.pt\\\/hvpalmela\\\/\",\"name\":\"Vetset\",\"description\":\"Your Pets in Good Hands\",\"publisher\":{\"@id\":\"https:\\\/\\\/onevetgroup.pt\\\/hvpalmela\\\/#organization\"},\"potentialAction\":[{\"@type\":\"SearchAction\",\"target\":{\"@type\":\"EntryPoint\",\"urlTemplate\":\"https:\\\/\\\/onevetgroup.pt\\\/hvpalmela\\\/?s={search_term_string}\"},\"query-input\":{\"@type\":\"PropertyValueSpecification\",\"valueRequired\":true,\"valueName\":\"search_term_string\"}}],\"inLanguage\":\"pt-PT\"},{\"@type\":\"Organization\",\"@id\":\"https:\\\/\\\/onevetgroup.pt\\\/hvpalmela\\\/#organization\",\"name\":\"Vetset\",\"url\":\"https:\\\/\\\/onevetgroup.pt\\\/hvpalmela\\\/\",\"logo\":{\"@type\":\"ImageObject\",\"inLanguage\":\"pt-PT\",\"@id\":\"https:\\\/\\\/onevetgroup.pt\\\/hvpalmela\\\/#\\\/schema\\\/logo\\\/image\\\/\",\"url\":\"https:\\\/\\\/onevetgroup.pt\\\/hvpalmela\\\/wp-content\\\/uploads\\\/sites\\\/74\\\/2025\\\/09\\\/cropped-Logo_Palmela_Prancheta_1.png\",\"contentUrl\":\"https:\\\/\\\/onevetgroup.pt\\\/hvpalmela\\\/wp-content\\\/uploads\\\/sites\\\/74\\\/2025\\\/09\\\/cropped-Logo_Palmela_Prancheta_1.png\",\"width\":2581,\"height\":785,\"caption\":\"Vetset\"},\"image\":{\"@id\":\"https:\\\/\\\/onevetgroup.pt\\\/hvpalmela\\\/#\\\/schema\\\/logo\\\/image\\\/\"}}]}<\/script>\n<!-- \/ Yoast SEO plugin. -->","yoast_head_json":{"title":"Visitas ao Domic\u00edlio - Vetset","robots":{"index":"index","follow":"follow","max-snippet":"max-snippet:-1","max-image-preview":"max-image-preview:large","max-video-preview":"max-video-preview:-1"},"canonical":"https:\/\/onevetgroup.pt\/hvpalmela\/servicos-veterinarios\/visitas-ao-domicilio\/","og_locale":"pt_PT","og_type":"article","og_title":"Visitas ao Domic\u00edlio - Vetset","og_description":"oferece servi\u00e7os de consulta ao domic\u00edlio, atrav\u00e9s dos quais um veterin\u00e1rio ir\u00e1 a sua casa para tratar do seu animal de estima\u00e7\u00e3o. Pronto para fazer a sua marca\u00e7\u00e3o?","og_url":"https:\/\/onevetgroup.pt\/hvpalmela\/servicos-veterinarios\/visitas-ao-domicilio\/","og_site_name":"Vetset","article_modified_time":"2022-07-11T11:59:46+00:00","og_image":[{"url":"https:\/\/onevet.pt\/porto\/wp-content\/uploads\/sites\/74\/2021\/06\/shutterstock_639299914-1-768x546.jpg","type":"","width":"","height":""}],"twitter_card":"summary_large_image","twitter_misc":{"Tempo estimado de leitura":"1 minuto"},"schema":{"@context":"https:\/\/schema.org","@graph":[{"@type":"WebPage","@id":"https:\/\/onevetgroup.pt\/hvpalmela\/servicos-veterinarios\/visitas-ao-domicilio\/","url":"https:\/\/onevetgroup.pt\/hvpalmela\/servicos-veterinarios\/visitas-ao-domicilio\/","name":"Visitas ao Domic\u00edlio - Vetset","isPartOf":{"@id":"https:\/\/onevetgroup.pt\/hvpalmela\/#website"},"primaryImageOfPage":{"@id":"https:\/\/onevetgroup.pt\/hvpalmela\/servicos-veterinarios\/visitas-ao-domicilio\/#primaryimage"},"image":{"@id":"https:\/\/onevetgroup.pt\/hvpalmela\/servicos-veterinarios\/visitas-ao-domicilio\/#primaryimage"},"thumbnailUrl":"https:\/\/onevet.pt\/porto\/wp-content\/uploads\/sites\/74\/2021\/06\/shutterstock_639299914-1-768x546.jpg","datePublished":"2022-07-11T11:02:44+00:00","dateModified":"2022-07-11T11:59:46+00:00","breadcrumb":{"@id":"https:\/\/onevetgroup.pt\/hvpalmela\/servicos-veterinarios\/visitas-ao-domicilio\/#breadcrumb"},"inLanguage":"pt-PT","potentialAction":[{"@type":"ReadAction","target":["https:\/\/onevetgroup.pt\/hvpalmela\/servicos-veterinarios\/visitas-ao-domicilio\/"]}]},{"@type":"ImageObject","inLanguage":"pt-PT","@id":"https:\/\/onevetgroup.pt\/hvpalmela\/servicos-veterinarios\/visitas-ao-domicilio\/#primaryimage","url":"https:\/\/onevet.pt\/porto\/wp-content\/uploads\/sites\/74\/2021\/06\/shutterstock_639299914-1-768x546.jpg","contentUrl":"https:\/\/onevet.pt\/porto\/wp-content\/uploads\/sites\/74\/2021\/06\/shutterstock_639299914-1-768x546.jpg"},{"@type":"BreadcrumbList","@id":"https:\/\/onevetgroup.pt\/hvpalmela\/servicos-veterinarios\/visitas-ao-domicilio\/#breadcrumb","itemListElement":[{"@type":"ListItem","position":1,"name":"Home","item":"https:\/\/onevetgroup.pt\/hvpalmela\/"},{"@type":"ListItem","position":2,"name":"Servi\u00e7os de Cuidados para Animais de Estima\u00e7\u00e3o","item":"https:\/\/onevetgroup.pt\/hvpalmela\/servicos-veterinarios\/"},{"@type":"ListItem","position":3,"name":"Visitas ao Domic\u00edlio"}]},{"@type":"WebSite","@id":"https:\/\/onevetgroup.pt\/hvpalmela\/#website","url":"https:\/\/onevetgroup.pt\/hvpalmela\/","name":"Vetset","description":"Your Pets in Good Hands","publisher":{"@id":"https:\/\/onevetgroup.pt\/hvpalmela\/#organization"},"potentialAction":[{"@type":"SearchAction","target":{"@type":"EntryPoint","urlTemplate":"https:\/\/onevetgroup.pt\/hvpalmela\/?s={search_term_string}"},"query-input":{"@type":"PropertyValueSpecification","valueRequired":true,"valueName":"search_term_string"}}],"inLanguage":"pt-PT"},{"@type":"Organization","@id":"https:\/\/onevetgroup.pt\/hvpalmela\/#organization","name":"Vetset","url":"https:\/\/onevetgroup.pt\/hvpalmela\/","logo":{"@type":"ImageObject","inLanguage":"pt-PT","@id":"https:\/\/onevetgroup.pt\/hvpalmela\/#\/schema\/logo\/image\/","url":"https:\/\/onevetgroup.pt\/hvpalmela\/wp-content\/uploads\/sites\/74\/2025\/09\/cropped-Logo_Palmela_Prancheta_1.png","contentUrl":"https:\/\/onevetgroup.pt\/hvpalmela\/wp-content\/uploads\/sites\/74\/2025\/09\/cropped-Logo_Palmela_Prancheta_1.png","width":2581,"height":785,"caption":"Vetset"},"image":{"@id":"https:\/\/onevetgroup.pt\/hvpalmela\/#\/schema\/logo\/image\/"}}]}},"_links":{"self":[{"href":"https:\/\/onevetgroup.pt\/hvpalmela\/wp-json\/wp\/v2\/pages\/19149","targetHints":{"allow":["GET"]}}],"collection":[{"href":"https:\/\/onevetgroup.pt\/hvpalmela\/wp-json\/wp\/v2\/pages"}],"about":[{"href":"https:\/\/onevetgroup.pt\/hvpalmela\/wp-json\/wp\/v2\/types\/page"}],"author":[{"embeddable":true,"href":"https:\/\/onevetgroup.pt\/hvpalmela\/wp-json\/wp\/v2\/users\/61"}],"replies":[{"embeddable":true,"href":"https:\/\/onevetgroup.pt\/hvpalmela\/wp-json\/wp\/v2\/comments?post=19149"}],"version-history":[{"count":0,"href":"https:\/\/onevetgroup.pt\/hvpalmela\/wp-json\/wp\/v2\/pages\/19149\/revisions"}],"up":[{"embeddable":true,"href":"https:\/\/onevetgroup.pt\/hvpalmela\/wp-json\/wp\/v2\/pages\/14053"}],"wp:attachment":[{"href":"https:\/\/onevetgroup.pt\/hvpalmela\/wp-json\/wp\/v2\/media?parent=19149"}],"curies":[{"name":"wp","href":"https:\/\/api.w.org\/{rel}","templated":true}]}}