{"id":12814,"date":"2020-10-27T21:13:07","date_gmt":"2020-10-27T21:13:07","guid":{"rendered":"http:\/\/onevet.pt\/porto\/exotic-pet-care\/"},"modified":"2025-09-02T16:47:24","modified_gmt":"2025-09-02T16:47:24","slug":"animais-exoticos","status":"publish","type":"page","link":"https:\/\/onevetgroup.pt\/hvuparedes\/especialidades\/animais-exoticos\/","title":{"rendered":"Tratamento de animais ex\u00f3ticos"},"content":{"rendered":"\t\t<div data-elementor-type=\"wp-page\" data-elementor-id=\"12814\" class=\"elementor elementor-12814 elementor-1110\" data-elementor-post-type=\"page\">\n\t\t\t\t\t\t<section class=\"elementor-section elementor-top-section elementor-element elementor-element-3b7f1f2 elementor-section-boxed elementor-section-height-default elementor-section-height-default\" data-id=\"3b7f1f2\" data-element_type=\"section\" id=\"main-sec\">\n\t\t\t\t\t\t<div class=\"elementor-container elementor-column-gap-default\">\n\t\t\t\t\t<div class=\"elementor-column elementor-col-100 elementor-top-column elementor-element elementor-element-138c88c\" data-id=\"138c88c\" data-element_type=\"column\">\n\t\t\t<div class=\"elementor-widget-wrap elementor-element-populated\">\n\t\t\t\t\t\t<div class=\"elementor-element elementor-element-ec83cf0 elementor-widget elementor-widget-section_titleleft\" data-id=\"ec83cf0\" data-element_type=\"widget\" data-widget_type=\"section_titleleft.default\">\n\t\t\t\t<div class=\"elementor-widget-container\">\n\t\t\t\t\t        <div class=\"ab_text-title fl-wrap\">\r\n            <h3>Os animais de estima\u00e7\u00e3o v\u00eam em todas as formas, tamanhos e cores!<\/h3><span class=\"section-separator fl-sec-sep\"><\/span>        <\/div>\r\n        \t\t\t\t<\/div>\n\t\t\t\t<\/div>\n\t\t\t\t\t<\/div>\n\t\t<\/div>\n\t\t\t\t\t<\/div>\n\t\t<\/section>\n\t\t\t\t<section class=\"elementor-section elementor-top-section elementor-element elementor-element-d993722 elementor-section-boxed elementor-section-height-default elementor-section-height-default\" data-id=\"d993722\" data-element_type=\"section\">\n\t\t\t\t\t\t<div class=\"elementor-container elementor-column-gap-default\">\n\t\t\t\t\t<div class=\"elementor-column elementor-col-50 elementor-top-column elementor-element elementor-element-065811d\" data-id=\"065811d\" data-element_type=\"column\">\n\t\t\t<div class=\"elementor-widget-wrap elementor-element-populated\">\n\t\t\t\t\t\t<div class=\"elementor-element elementor-element-63d99ac elementor-widget elementor-widget-text-editor\" data-id=\"63d99ac\" data-element_type=\"widget\" data-widget_type=\"text-editor.default\">\n\t\t\t\t<div class=\"elementor-widget-container\">\n\t\t\t\t\t\t\t\t\t<p>Alguns dos muitos tipos de animais ex\u00f3ticos que tratamos incluem:<\/p><ul><li>Aves &#8211; A maioria das aves, exceto esp\u00e9cies maiores, como araras ou catatuas<\/li><li>Mam\u00edferos\/pequenos mam\u00edferos: Coelhos, petauros-do-a\u00e7\u00facar, ratazanas, porquinhos-da-\u00edndia, hamsters, fur\u00f5es, ouri\u00e7os, entre outros<\/li><li>R\u00e9pteis e anf\u00edbios &#8211; Cobras n\u00e3o-venenosas, drag\u00f5es-barbudos, camale\u00f5es, tartarugas, entre outros<\/li><\/ul><p>&nbsp;<\/p><p>Os animais ex\u00f3ticos de estima\u00e7\u00e3o t\u00eam necessidades espec\u00edficas a n\u00edvel de habitat e dieta. Aguardamos com expectativa a possibilidade de trabalhar consigo no sentido de desenvolver um plano para manter o seu animal de estima\u00e7\u00e3o saud\u00e1vel e seguro. Tal como sucede com os c\u00e3es e os gatos, os animais ex\u00f3ticos beneficiam dos exames f\u00edsicos para a dete\u00e7\u00e3o precoce de problemas de sa\u00fade.<\/p>\t\t\t\t\t\t\t\t<\/div>\n\t\t\t\t<\/div>\n\t\t\t\t\t<\/div>\n\t\t<\/div>\n\t\t\t\t<div class=\"elementor-column elementor-col-50 elementor-top-column elementor-element elementor-element-2048e61\" data-id=\"2048e61\" data-element_type=\"column\">\n\t\t\t<div class=\"elementor-widget-wrap elementor-element-populated\">\n\t\t\t\t\t\t<div class=\"elementor-element elementor-element-dc7c821 elementor-widget elementor-widget-image\" data-id=\"dc7c821\" data-element_type=\"widget\" data-widget_type=\"image.default\">\n\t\t\t\t<div class=\"elementor-widget-container\">\n\t\t\t\t\t\t\t\t\t\t\t\t\t\t\t<img fetchpriority=\"high\" width=\"724\" height=\"495\" class=\"attachment-large size-large wp-image-19127 lazy\" alt=\"\" data-src=\"https:\/\/onevetgroup.pt\/hvuparedes\/wp-content\/uploads\/sites\/72\/2022\/07\/exotic.jpg\" data-lazy=\"https:\/\/onevetgroup.pt\/hvuparedes\/wp-content\/uploads\/sites\/72\/2022\/07\/exotic.jpg\" \/>\t\t\t\t\t\t\t\t\t\t\t\t\t\t\t<\/div>\n\t\t\t\t<\/div>\n\t\t\t\t\t<\/div>\n\t\t<\/div>\n\t\t\t\t\t<\/div>\n\t\t<\/section>\n\t\t\t\t<\/div>\n\t\t","protected":false},"excerpt":{"rendered":"<p>Os animais de estima\u00e7\u00e3o v\u00eam em todas as formas, tamanhos e cores! Alguns dos muitos tipos de animais ex\u00f3ticos que tratamos incluem: Aves &#8211; A maioria das aves, exceto esp\u00e9cies maiores, como araras ou catatuas Mam\u00edferos\/pequenos mam\u00edferos: Coelhos, petauros-do-a\u00e7\u00facar, ratazanas, porquinhos-da-\u00edndia, hamsters, fur\u00f5es, ouri\u00e7os, entre outros R\u00e9pteis e anf\u00edbios &#8211; Cobras n\u00e3o-venenosas, drag\u00f5es-barbudos, camale\u00f5es, tartarugas, &hellip; <\/p>\n","protected":false},"author":61,"featured_media":0,"parent":19849,"menu_order":0,"comment_status":"closed","ping_status":"closed","template":"page-fullwidth.php","meta":{"_acf_changed":false,"content-type":"","footnotes":""},"class_list":["post-12814","page","type-page","status-publish","hentry"],"acf":[],"yoast_head":"<!-- This site is optimized with the Yoast SEO plugin v26.2 - https:\/\/yoast.com\/wordpress\/plugins\/seo\/ -->\n<title>Tratamento de animais ex\u00f3ticos - Universit\u00e1rio de Paredes<\/title>\n<meta name=\"robots\" content=\"index, follow, max-snippet:-1, max-image-preview:large, max-video-preview:-1\" \/>\n<link rel=\"canonical\" href=\"https:\/\/onevetgroup.pt\/hvuparedes\/especialidades\/animais-exoticos\/\" \/>\n<meta property=\"og:locale\" content=\"pt_PT\" \/>\n<meta property=\"og:type\" content=\"article\" \/>\n<meta property=\"og:title\" content=\"Tratamento de animais ex\u00f3ticos - Universit\u00e1rio de Paredes\" \/>\n<meta property=\"og:description\" content=\"Os animais de estima\u00e7\u00e3o v\u00eam em todas as formas, tamanhos e cores! Alguns dos muitos tipos de animais ex\u00f3ticos que tratamos incluem: Aves &#8211; A maioria das aves, exceto esp\u00e9cies maiores, como araras ou catatuas Mam\u00edferos\/pequenos mam\u00edferos: Coelhos, petauros-do-a\u00e7\u00facar, ratazanas, porquinhos-da-\u00edndia, hamsters, fur\u00f5es, ouri\u00e7os, entre outros R\u00e9pteis e anf\u00edbios &#8211; Cobras n\u00e3o-venenosas, drag\u00f5es-barbudos, camale\u00f5es, tartarugas, &hellip;\" \/>\n<meta property=\"og:url\" content=\"https:\/\/onevetgroup.pt\/hvuparedes\/especialidades\/animais-exoticos\/\" \/>\n<meta property=\"og:site_name\" content=\"Universit\u00e1rio de Paredes\" \/>\n<meta property=\"article:modified_time\" content=\"2025-09-02T16:47:24+00:00\" \/>\n<meta property=\"og:image\" content=\"https:\/\/onevetgroup.pt\/hvuparedes\/wp-content\/uploads\/sites\/72\/2022\/07\/exotic.jpg\" \/>\n<meta name=\"twitter:card\" content=\"summary_large_image\" \/>\n<meta name=\"twitter:label1\" content=\"Tempo estimado de leitura\" \/>\n\t<meta name=\"twitter:data1\" content=\"1 minuto\" \/>\n<script type=\"application\/ld+json\" class=\"yoast-schema-graph\">{\"@context\":\"https:\/\/schema.org\",\"@graph\":[{\"@type\":\"WebPage\",\"@id\":\"https:\/\/onevetgroup.pt\/hvuparedes\/especialidades\/animais-exoticos\/\",\"url\":\"https:\/\/onevetgroup.pt\/hvuparedes\/especialidades\/animais-exoticos\/\",\"name\":\"Tratamento de animais ex\u00f3ticos - Universit\u00e1rio de Paredes\",\"isPartOf\":{\"@id\":\"https:\/\/onevetgroup.pt\/hvuparedes\/#website\"},\"primaryImageOfPage\":{\"@id\":\"https:\/\/onevetgroup.pt\/hvuparedes\/especialidades\/animais-exoticos\/#primaryimage\"},\"image\":{\"@id\":\"https:\/\/onevetgroup.pt\/hvuparedes\/especialidades\/animais-exoticos\/#primaryimage\"},\"thumbnailUrl\":\"https:\/\/onevetgroup.pt\/hvuparedes\/wp-content\/uploads\/sites\/72\/2022\/07\/exotic.jpg\",\"datePublished\":\"2020-10-27T21:13:07+00:00\",\"dateModified\":\"2025-09-02T16:47:24+00:00\",\"breadcrumb\":{\"@id\":\"https:\/\/onevetgroup.pt\/hvuparedes\/especialidades\/animais-exoticos\/#breadcrumb\"},\"inLanguage\":\"pt-PT\",\"potentialAction\":[{\"@type\":\"ReadAction\",\"target\":[\"https:\/\/onevetgroup.pt\/hvuparedes\/especialidades\/animais-exoticos\/\"]}]},{\"@type\":\"ImageObject\",\"inLanguage\":\"pt-PT\",\"@id\":\"https:\/\/onevetgroup.pt\/hvuparedes\/especialidades\/animais-exoticos\/#primaryimage\",\"url\":\"https:\/\/onevetgroup.pt\/hvuparedes\/wp-content\/uploads\/sites\/72\/2022\/07\/exotic.jpg\",\"contentUrl\":\"https:\/\/onevetgroup.pt\/hvuparedes\/wp-content\/uploads\/sites\/72\/2022\/07\/exotic.jpg\",\"width\":898,\"height\":614},{\"@type\":\"BreadcrumbList\",\"@id\":\"https:\/\/onevetgroup.pt\/hvuparedes\/especialidades\/animais-exoticos\/#breadcrumb\",\"itemListElement\":[{\"@type\":\"ListItem\",\"position\":1,\"name\":\"Home\",\"item\":\"https:\/\/onevetgroup.pt\/hvuparedes\/\"},{\"@type\":\"ListItem\",\"position\":2,\"name\":\"Especialidades\",\"item\":\"https:\/\/onevetgroup.pt\/hvuparedes\/especialidades\/\"},{\"@type\":\"ListItem\",\"position\":3,\"name\":\"Tratamento de animais ex\u00f3ticos\"}]},{\"@type\":\"WebSite\",\"@id\":\"https:\/\/onevetgroup.pt\/hvuparedes\/#website\",\"url\":\"https:\/\/onevetgroup.pt\/hvuparedes\/\",\"name\":\"Universit\u00e1rio de Paredes\",\"description\":\"Your Pets in Good Hands\",\"publisher\":{\"@id\":\"https:\/\/onevetgroup.pt\/hvuparedes\/#organization\"},\"potentialAction\":[{\"@type\":\"SearchAction\",\"target\":{\"@type\":\"EntryPoint\",\"urlTemplate\":\"https:\/\/onevetgroup.pt\/hvuparedes\/?s={search_term_string}\"},\"query-input\":{\"@type\":\"PropertyValueSpecification\",\"valueRequired\":true,\"valueName\":\"search_term_string\"}}],\"inLanguage\":\"pt-PT\"},{\"@type\":\"Organization\",\"@id\":\"https:\/\/onevetgroup.pt\/hvuparedes\/#organization\",\"name\":\"Universit\u00e1rio de Paredes\",\"url\":\"https:\/\/onevetgroup.pt\/hvuparedes\/\",\"logo\":{\"@type\":\"ImageObject\",\"inLanguage\":\"pt-PT\",\"@id\":\"https:\/\/onevetgroup.pt\/hvuparedes\/#\/schema\/logo\/image\/\",\"url\":\"https:\/\/onevetgroup.pt\/hvuparedes\/wp-content\/uploads\/sites\/72\/2025\/08\/cropped-4_logo_h_cores.png\",\"contentUrl\":\"https:\/\/onevetgroup.pt\/hvuparedes\/wp-content\/uploads\/sites\/72\/2025\/08\/cropped-4_logo_h_cores.png\",\"width\":3850,\"height\":1091,\"caption\":\"Universit\u00e1rio de Paredes\"},\"image\":{\"@id\":\"https:\/\/onevetgroup.pt\/hvuparedes\/#\/schema\/logo\/image\/\"}}]}<\/script>\n<!-- \/ Yoast SEO plugin. -->","yoast_head_json":{"title":"Tratamento de animais ex\u00f3ticos - Universit\u00e1rio de Paredes","robots":{"index":"index","follow":"follow","max-snippet":"max-snippet:-1","max-image-preview":"max-image-preview:large","max-video-preview":"max-video-preview:-1"},"canonical":"https:\/\/onevetgroup.pt\/hvuparedes\/especialidades\/animais-exoticos\/","og_locale":"pt_PT","og_type":"article","og_title":"Tratamento de animais ex\u00f3ticos - Universit\u00e1rio de Paredes","og_description":"Os animais de estima\u00e7\u00e3o v\u00eam em todas as formas, tamanhos e cores! Alguns dos muitos tipos de animais ex\u00f3ticos que tratamos incluem: Aves &#8211; A maioria das aves, exceto esp\u00e9cies maiores, como araras ou catatuas Mam\u00edferos\/pequenos mam\u00edferos: Coelhos, petauros-do-a\u00e7\u00facar, ratazanas, porquinhos-da-\u00edndia, hamsters, fur\u00f5es, ouri\u00e7os, entre outros R\u00e9pteis e anf\u00edbios &#8211; Cobras n\u00e3o-venenosas, drag\u00f5es-barbudos, camale\u00f5es, tartarugas, &hellip;","og_url":"https:\/\/onevetgroup.pt\/hvuparedes\/especialidades\/animais-exoticos\/","og_site_name":"Universit\u00e1rio de Paredes","article_modified_time":"2025-09-02T16:47:24+00:00","og_image":[{"url":"https:\/\/onevetgroup.pt\/hvuparedes\/wp-content\/uploads\/sites\/72\/2022\/07\/exotic.jpg","type":"","width":"","height":""}],"twitter_card":"summary_large_image","twitter_misc":{"Tempo estimado de leitura":"1 minuto"},"schema":{"@context":"https:\/\/schema.org","@graph":[{"@type":"WebPage","@id":"https:\/\/onevetgroup.pt\/hvuparedes\/especialidades\/animais-exoticos\/","url":"https:\/\/onevetgroup.pt\/hvuparedes\/especialidades\/animais-exoticos\/","name":"Tratamento de animais ex\u00f3ticos - Universit\u00e1rio de Paredes","isPartOf":{"@id":"https:\/\/onevetgroup.pt\/hvuparedes\/#website"},"primaryImageOfPage":{"@id":"https:\/\/onevetgroup.pt\/hvuparedes\/especialidades\/animais-exoticos\/#primaryimage"},"image":{"@id":"https:\/\/onevetgroup.pt\/hvuparedes\/especialidades\/animais-exoticos\/#primaryimage"},"thumbnailUrl":"https:\/\/onevetgroup.pt\/hvuparedes\/wp-content\/uploads\/sites\/72\/2022\/07\/exotic.jpg","datePublished":"2020-10-27T21:13:07+00:00","dateModified":"2025-09-02T16:47:24+00:00","breadcrumb":{"@id":"https:\/\/onevetgroup.pt\/hvuparedes\/especialidades\/animais-exoticos\/#breadcrumb"},"inLanguage":"pt-PT","potentialAction":[{"@type":"ReadAction","target":["https:\/\/onevetgroup.pt\/hvuparedes\/especialidades\/animais-exoticos\/"]}]},{"@type":"ImageObject","inLanguage":"pt-PT","@id":"https:\/\/onevetgroup.pt\/hvuparedes\/especialidades\/animais-exoticos\/#primaryimage","url":"https:\/\/onevetgroup.pt\/hvuparedes\/wp-content\/uploads\/sites\/72\/2022\/07\/exotic.jpg","contentUrl":"https:\/\/onevetgroup.pt\/hvuparedes\/wp-content\/uploads\/sites\/72\/2022\/07\/exotic.jpg","width":898,"height":614},{"@type":"BreadcrumbList","@id":"https:\/\/onevetgroup.pt\/hvuparedes\/especialidades\/animais-exoticos\/#breadcrumb","itemListElement":[{"@type":"ListItem","position":1,"name":"Home","item":"https:\/\/onevetgroup.pt\/hvuparedes\/"},{"@type":"ListItem","position":2,"name":"Especialidades","item":"https:\/\/onevetgroup.pt\/hvuparedes\/especialidades\/"},{"@type":"ListItem","position":3,"name":"Tratamento de animais ex\u00f3ticos"}]},{"@type":"WebSite","@id":"https:\/\/onevetgroup.pt\/hvuparedes\/#website","url":"https:\/\/onevetgroup.pt\/hvuparedes\/","name":"Universit\u00e1rio de Paredes","description":"Your Pets in Good Hands","publisher":{"@id":"https:\/\/onevetgroup.pt\/hvuparedes\/#organization"},"potentialAction":[{"@type":"SearchAction","target":{"@type":"EntryPoint","urlTemplate":"https:\/\/onevetgroup.pt\/hvuparedes\/?s={search_term_string}"},"query-input":{"@type":"PropertyValueSpecification","valueRequired":true,"valueName":"search_term_string"}}],"inLanguage":"pt-PT"},{"@type":"Organization","@id":"https:\/\/onevetgroup.pt\/hvuparedes\/#organization","name":"Universit\u00e1rio de Paredes","url":"https:\/\/onevetgroup.pt\/hvuparedes\/","logo":{"@type":"ImageObject","inLanguage":"pt-PT","@id":"https:\/\/onevetgroup.pt\/hvuparedes\/#\/schema\/logo\/image\/","url":"https:\/\/onevetgroup.pt\/hvuparedes\/wp-content\/uploads\/sites\/72\/2025\/08\/cropped-4_logo_h_cores.png","contentUrl":"https:\/\/onevetgroup.pt\/hvuparedes\/wp-content\/uploads\/sites\/72\/2025\/08\/cropped-4_logo_h_cores.png","width":3850,"height":1091,"caption":"Universit\u00e1rio de Paredes"},"image":{"@id":"https:\/\/onevetgroup.pt\/hvuparedes\/#\/schema\/logo\/image\/"}}]}},"_links":{"self":[{"href":"https:\/\/onevetgroup.pt\/hvuparedes\/wp-json\/wp\/v2\/pages\/12814","targetHints":{"allow":["GET"]}}],"collection":[{"href":"https:\/\/onevetgroup.pt\/hvuparedes\/wp-json\/wp\/v2\/pages"}],"about":[{"href":"https:\/\/onevetgroup.pt\/hvuparedes\/wp-json\/wp\/v2\/types\/page"}],"author":[{"embeddable":true,"href":"https:\/\/onevetgroup.pt\/hvuparedes\/wp-json\/wp\/v2\/users\/61"}],"replies":[{"embeddable":true,"href":"https:\/\/onevetgroup.pt\/hvuparedes\/wp-json\/wp\/v2\/comments?post=12814"}],"version-history":[{"count":3,"href":"https:\/\/onevetgroup.pt\/hvuparedes\/wp-json\/wp\/v2\/pages\/12814\/revisions"}],"predecessor-version":[{"id":20738,"href":"https:\/\/onevetgroup.pt\/hvuparedes\/wp-json\/wp\/v2\/pages\/12814\/revisions\/20738"}],"up":[{"embeddable":true,"href":"https:\/\/onevetgroup.pt\/hvuparedes\/wp-json\/wp\/v2\/pages\/19849"}],"wp:attachment":[{"href":"https:\/\/onevetgroup.pt\/hvuparedes\/wp-json\/wp\/v2\/media?parent=12814"}],"curies":[{"name":"wp","href":"https:\/\/api.w.org\/{rel}","templated":true}]}}