{"id":14008,"date":"2021-02-08T15:28:59","date_gmt":"2021-02-08T15:28:59","guid":{"rendered":"http:\/\/onevet.pt\/porto\/sobre-nos\/"},"modified":"2025-09-02T11:34:21","modified_gmt":"2025-09-02T11:34:21","slug":"sobre-nos","status":"publish","type":"page","link":"https:\/\/onevetgroup.pt\/hvuparedes\/sobre-nos\/","title":{"rendered":"Sobre N\u00f3s"},"content":{"rendered":"\t\t<div data-elementor-type=\"wp-page\" data-elementor-id=\"14008\" class=\"elementor elementor-14008 elementor-268\" data-elementor-post-type=\"page\">\n\t\t\t\t\t\t<section class=\"elementor-section elementor-top-section elementor-element elementor-element-54cf215 pad-top-0 elementor-section-boxed elementor-section-height-default elementor-section-height-default\" data-id=\"54cf215\" data-element_type=\"section\" data-settings=\"{&quot;background_background&quot;:&quot;classic&quot;}\">\n\t\t\t\t\t\t<div class=\"elementor-container elementor-column-gap-default\">\n\t\t\t\t\t<div class=\"elementor-column elementor-col-100 elementor-top-column elementor-element elementor-element-d926441\" data-id=\"d926441\" data-element_type=\"column\">\n\t\t\t<div class=\"elementor-widget-wrap elementor-element-populated\">\n\t\t\t\t\t\t<div class=\"elementor-element elementor-element-9725bcd elementor-widget elementor-widget-section_titleleft\" data-id=\"9725bcd\" data-element_type=\"widget\" data-widget_type=\"section_titleleft.default\">\n\t\t\t\t<div class=\"elementor-widget-container\">\n\t\t\t\t\t        <div class=\"ab_text-title fl-wrap\">\r\n            <h3>Onevet Hospital Veterin\u00e1rio Universit\u00e1rio de Paredes com servi\u00e7o permanente de urg\u00eancias 24h.<\/h3><h4>O HVUP, \u00e9 uma refer\u00eancia a n\u00edvel nacional, na presta\u00e7\u00e3o de cuidados de s\u00e1ude a animais de companhia, aliando  o servi\u00e7o hospitalar ao ensino, forma\u00e7\u00e3o e investiga\u00e7\u00e3o na \u00e1rea da medicina veterin\u00e1ria. <\/h4><span class=\"section-separator fl-sec-sep\"><\/span>        <\/div>\r\n        \t\t\t\t<\/div>\n\t\t\t\t<\/div>\n\t\t\t\t<section class=\"elementor-section elementor-inner-section elementor-element elementor-element-35814f4 elementor-section-full_width elementor-section-height-default elementor-section-height-default\" data-id=\"35814f4\" data-element_type=\"section\">\n\t\t\t\t\t\t<div class=\"elementor-container elementor-column-gap-wide\">\n\t\t\t\t\t<div class=\"elementor-column elementor-col-50 elementor-inner-column elementor-element elementor-element-7fa3f34\" data-id=\"7fa3f34\" data-element_type=\"column\">\n\t\t\t<div class=\"elementor-widget-wrap elementor-element-populated\">\n\t\t\t\t\t\t<div class=\"elementor-element elementor-element-9e79898 elementor-widget elementor-widget-image\" data-id=\"9e79898\" data-element_type=\"widget\" data-widget_type=\"image.default\">\n\t\t\t\t<div class=\"elementor-widget-container\">\n\t\t\t\t\t\t\t\t\t\t\t\t\t\t\t<img fetchpriority=\"high\" width=\"786\" height=\"524\" class=\"attachment-townhub-single-image size-townhub-single-image wp-image-20629 lazy\" alt=\"\" data-src=\"https:\/\/onevetgroup.pt\/hvuparedes\/wp-content\/uploads\/sites\/72\/2025\/09\/DSC_4431-786x524.jpg\" data-lazy=\"https:\/\/onevetgroup.pt\/hvuparedes\/wp-content\/uploads\/sites\/72\/2025\/09\/DSC_4431-786x524.jpg\" \/>\t\t\t\t\t\t\t\t\t\t\t\t\t\t\t<\/div>\n\t\t\t\t<\/div>\n\t\t\t\t\t<\/div>\n\t\t<\/div>\n\t\t\t\t<div class=\"elementor-column elementor-col-50 elementor-inner-column elementor-element elementor-element-202374d\" data-id=\"202374d\" data-element_type=\"column\">\n\t\t\t<div class=\"elementor-widget-wrap elementor-element-populated\">\n\t\t\t\t\t\t<div class=\"elementor-element elementor-element-3b393ce about-wrap elementor-widget elementor-widget-text-editor\" data-id=\"3b393ce\" data-element_type=\"widget\" data-widget_type=\"text-editor.default\">\n\t\t\t\t<div class=\"elementor-widget-container\">\n\t\t\t\t\t\t\t\t\t<div class=\"ewa-rteLine\"><div class=\"ewa-rteLine\">O Hospital Veterin\u00e1rio Universit\u00e1rio de Paredes (HVUP), em Paredes, foi inaugurado em 2024 e nasce da fus\u00e3o do antigo Hospital Veterin\u00e1rio de Paredes, com mais de 9 anos de experi\u00eancia, com a SCIVET-Instituto Veterin\u00e1rio, num projeto desenvolvido em parceria com a CESPU-Cooperativa de Ensino Superior Polit\u00e9cnico e Universit\u00e1rio. Aberto 24 horas por dia, todos os dias do ano, disponibiliza um servi\u00e7o de urg\u00eancia permanente. Este servi\u00e7o diferenciador coloca \u00e0 disposi\u00e7\u00e3o do seu animal, a qualquer hora do dia, e em todos os dias do ano, uma equipa de urg\u00eancia composta por um m\u00e9dico veterin\u00e1rio de medicina geral, um enfermeiro veterin\u00e1rio, uma equipa cir\u00fargica completa (m\u00e9dico cirurgi\u00e3o, m\u00e9dico anestesista e enfermeiro veterin\u00e1rio) e um m\u00e9dico veterin\u00e1rio dedicado exclusivamente \u00e0 imagiologia. No HVUP para al\u00e9m da excel\u00eancia deste servi\u00e7o de urg\u00eancia, pode contar com o conhecimento e experi\u00eancia de m\u00e9dicos veterin\u00e1rios em todas as \u00e1reas da medicina de animais de companhia. O HVUP tem ainda uma importante componente de ensino e investiga\u00e7\u00e3o, fruto da sua colabora\u00e7\u00e3o direta nos cursos de Mestrado Integrado de Medicina Veterin\u00e1ria e licenciatura em Enfermagem Veterin\u00e1ria da Cespu. A nossa miss\u00e3o \u00e9 prestar cuidados de s\u00e1ude de excel\u00eancia ao seu animal, recorrendo ao mais avan\u00e7ado conhecimento cient\u00edfico e \u00e0 tecnologia mais inovadora, construindo uma rela\u00e7\u00e3o de proximidade, confian\u00e7a e pura dedica\u00e7\u00e3o.<\/div><\/div>\t\t\t\t\t\t\t\t<\/div>\n\t\t\t\t<\/div>\n\t\t\t\t\t<\/div>\n\t\t<\/div>\n\t\t\t\t\t<\/div>\n\t\t<\/section>\n\t\t\t\t<section class=\"elementor-section elementor-inner-section elementor-element elementor-element-31d68ae elementor-section-boxed elementor-section-height-default elementor-section-height-default\" data-id=\"31d68ae\" data-element_type=\"section\">\n\t\t\t\t\t\t<div class=\"elementor-container elementor-column-gap-default\">\n\t\t\t\t\t<div class=\"elementor-column elementor-col-50 elementor-inner-column elementor-element elementor-element-8ddd41b\" data-id=\"8ddd41b\" data-element_type=\"column\">\n\t\t\t<div class=\"elementor-widget-wrap elementor-element-populated\">\n\t\t\t\t\t\t<div class=\"elementor-element elementor-element-c87b63e elementor-align-center elementor-widget elementor-widget-button\" data-id=\"c87b63e\" data-element_type=\"widget\" data-widget_type=\"button.default\">\n\t\t\t\t<div class=\"elementor-widget-container\">\n\t\t\t\t\t\t\t\t\t<div class=\"elementor-button-wrapper\">\n\t\t\t\t\t<a class=\"elementor-button elementor-button-link elementor-size-sm\" href=\"\/hvuparedes\/instalacoes\/\">\n\t\t\t\t\t\t<span class=\"elementor-button-content-wrapper\">\n\t\t\t\t\t\t\t\t\t<span class=\"elementor-button-text\">As Nossas Instala\u00e7\u00f5es<\/span>\n\t\t\t\t\t<\/span>\n\t\t\t\t\t<\/a>\n\t\t\t\t<\/div>\n\t\t\t\t\t\t\t\t<\/div>\n\t\t\t\t<\/div>\n\t\t\t\t\t<\/div>\n\t\t<\/div>\n\t\t\t\t<div class=\"elementor-column elementor-col-50 elementor-inner-column elementor-element elementor-element-d044a7e\" data-id=\"d044a7e\" data-element_type=\"column\">\n\t\t\t<div class=\"elementor-widget-wrap elementor-element-populated\">\n\t\t\t\t\t\t<div class=\"elementor-element elementor-element-75ee515 elementor-align-center elementor-widget elementor-widget-button\" data-id=\"75ee515\" data-element_type=\"widget\" data-widget_type=\"button.default\">\n\t\t\t\t<div class=\"elementor-widget-container\">\n\t\t\t\t\t\t\t\t\t<div class=\"elementor-button-wrapper\">\n\t\t\t\t\t<a class=\"elementor-button elementor-button-link elementor-size-sm\" href=\"\/hvuparedes\/a-nossa-equipa\/\">\n\t\t\t\t\t\t<span class=\"elementor-button-content-wrapper\">\n\t\t\t\t\t\t\t\t\t<span class=\"elementor-button-text\">A Nossa Equipa<\/span>\n\t\t\t\t\t<\/span>\n\t\t\t\t\t<\/a>\n\t\t\t\t<\/div>\n\t\t\t\t\t\t\t\t<\/div>\n\t\t\t\t<\/div>\n\t\t\t\t\t<\/div>\n\t\t<\/div>\n\t\t\t\t\t<\/div>\n\t\t<\/section>\n\t\t\t\t\t<\/div>\n\t\t<\/div>\n\t\t\t\t\t<\/div>\n\t\t<\/section>\n\t\t\t\t<section class=\"elementor-section elementor-top-section elementor-element elementor-element-1f78772 elementor-section-boxed elementor-section-height-default elementor-section-height-default\" data-id=\"1f78772\" data-element_type=\"section\">\n\t\t\t\t\t\t<div class=\"elementor-container elementor-column-gap-default\">\n\t\t\t\t\t<div class=\"elementor-column elementor-col-100 elementor-top-column elementor-element elementor-element-ade0b49\" data-id=\"ade0b49\" data-element_type=\"column\">\n\t\t\t<div class=\"elementor-widget-wrap\">\n\t\t\t\t\t\t\t<\/div>\n\t\t<\/div>\n\t\t\t\t\t<\/div>\n\t\t<\/section>\n\t\t\t\t<\/div>\n\t\t","protected":false},"excerpt":{"rendered":"<p>Onevet Hospital Veterin\u00e1rio Universit\u00e1rio de Paredes com servi\u00e7o permanente de urg\u00eancias 24h. O HVUP, \u00e9 uma refer\u00eancia a n\u00edvel nacional, na presta\u00e7\u00e3o de cuidados de s\u00e1ude a animais de companhia, aliando o servi\u00e7o hospitalar ao ensino, forma\u00e7\u00e3o e investiga\u00e7\u00e3o na \u00e1rea da medicina veterin\u00e1ria. O Hospital Veterin\u00e1rio Universit\u00e1rio de Paredes (HVUP), em Paredes, foi inaugurado &hellip; <\/p>\n","protected":false},"author":1,"featured_media":0,"parent":0,"menu_order":0,"comment_status":"closed","ping_status":"closed","template":"page-fullwidth.php","meta":{"_acf_changed":false,"content-type":"","footnotes":""},"class_list":["post-14008","page","type-page","status-publish","hentry"],"acf":[],"yoast_head":"<!-- This site is optimized with the Yoast SEO plugin v26.2 - https:\/\/yoast.com\/wordpress\/plugins\/seo\/ -->\n<title>Sobre N\u00f3s - Universit\u00e1rio de Paredes<\/title>\n<meta name=\"robots\" content=\"index, follow, max-snippet:-1, max-image-preview:large, max-video-preview:-1\" \/>\n<link rel=\"canonical\" href=\"https:\/\/onevetgroup.pt\/hvuparedes\/sobre-nos\/\" \/>\n<meta property=\"og:locale\" content=\"pt_PT\" \/>\n<meta property=\"og:type\" content=\"article\" \/>\n<meta property=\"og:title\" content=\"Sobre N\u00f3s - Universit\u00e1rio de Paredes\" \/>\n<meta property=\"og:description\" content=\"Onevet Hospital Veterin\u00e1rio Universit\u00e1rio de Paredes com servi\u00e7o permanente de urg\u00eancias 24h. O HVUP, \u00e9 uma refer\u00eancia a n\u00edvel nacional, na presta\u00e7\u00e3o de cuidados de s\u00e1ude a animais de companhia, aliando o servi\u00e7o hospitalar ao ensino, forma\u00e7\u00e3o e investiga\u00e7\u00e3o na \u00e1rea da medicina veterin\u00e1ria. O Hospital Veterin\u00e1rio Universit\u00e1rio de Paredes (HVUP), em Paredes, foi inaugurado &hellip;\" \/>\n<meta property=\"og:url\" content=\"https:\/\/onevetgroup.pt\/hvuparedes\/sobre-nos\/\" \/>\n<meta property=\"og:site_name\" content=\"Universit\u00e1rio de Paredes\" \/>\n<meta property=\"article:modified_time\" content=\"2025-09-02T11:34:21+00:00\" \/>\n<meta property=\"og:image\" content=\"https:\/\/onevetgroup.pt\/hvuparedes\/wp-content\/uploads\/sites\/72\/2025\/09\/DSC_4431-786x524.jpg\" \/>\n<meta name=\"twitter:card\" content=\"summary_large_image\" \/>\n<meta name=\"twitter:label1\" content=\"Tempo estimado de leitura\" \/>\n\t<meta name=\"twitter:data1\" content=\"2 minutos\" \/>\n<script type=\"application\/ld+json\" class=\"yoast-schema-graph\">{\"@context\":\"https:\/\/schema.org\",\"@graph\":[{\"@type\":\"WebPage\",\"@id\":\"https:\/\/onevetgroup.pt\/hvuparedes\/sobre-nos\/\",\"url\":\"https:\/\/onevetgroup.pt\/hvuparedes\/sobre-nos\/\",\"name\":\"Sobre N\u00f3s - Universit\u00e1rio de Paredes\",\"isPartOf\":{\"@id\":\"https:\/\/onevetgroup.pt\/hvuparedes\/#website\"},\"primaryImageOfPage\":{\"@id\":\"https:\/\/onevetgroup.pt\/hvuparedes\/sobre-nos\/#primaryimage\"},\"image\":{\"@id\":\"https:\/\/onevetgroup.pt\/hvuparedes\/sobre-nos\/#primaryimage\"},\"thumbnailUrl\":\"https:\/\/onevetgroup.pt\/hvuparedes\/wp-content\/uploads\/sites\/72\/2025\/09\/DSC_4431-786x524.jpg\",\"datePublished\":\"2021-02-08T15:28:59+00:00\",\"dateModified\":\"2025-09-02T11:34:21+00:00\",\"breadcrumb\":{\"@id\":\"https:\/\/onevetgroup.pt\/hvuparedes\/sobre-nos\/#breadcrumb\"},\"inLanguage\":\"pt-PT\",\"potentialAction\":[{\"@type\":\"ReadAction\",\"target\":[\"https:\/\/onevetgroup.pt\/hvuparedes\/sobre-nos\/\"]}]},{\"@type\":\"ImageObject\",\"inLanguage\":\"pt-PT\",\"@id\":\"https:\/\/onevetgroup.pt\/hvuparedes\/sobre-nos\/#primaryimage\",\"url\":\"https:\/\/onevetgroup.pt\/hvuparedes\/wp-content\/uploads\/sites\/72\/2025\/09\/DSC_4431.jpg\",\"contentUrl\":\"https:\/\/onevetgroup.pt\/hvuparedes\/wp-content\/uploads\/sites\/72\/2025\/09\/DSC_4431.jpg\",\"width\":1536,\"height\":1024},{\"@type\":\"BreadcrumbList\",\"@id\":\"https:\/\/onevetgroup.pt\/hvuparedes\/sobre-nos\/#breadcrumb\",\"itemListElement\":[{\"@type\":\"ListItem\",\"position\":1,\"name\":\"Home\",\"item\":\"https:\/\/onevetgroup.pt\/hvuparedes\/\"},{\"@type\":\"ListItem\",\"position\":2,\"name\":\"Sobre N\u00f3s\"}]},{\"@type\":\"WebSite\",\"@id\":\"https:\/\/onevetgroup.pt\/hvuparedes\/#website\",\"url\":\"https:\/\/onevetgroup.pt\/hvuparedes\/\",\"name\":\"Universit\u00e1rio de Paredes\",\"description\":\"Your Pets in Good Hands\",\"publisher\":{\"@id\":\"https:\/\/onevetgroup.pt\/hvuparedes\/#organization\"},\"potentialAction\":[{\"@type\":\"SearchAction\",\"target\":{\"@type\":\"EntryPoint\",\"urlTemplate\":\"https:\/\/onevetgroup.pt\/hvuparedes\/?s={search_term_string}\"},\"query-input\":{\"@type\":\"PropertyValueSpecification\",\"valueRequired\":true,\"valueName\":\"search_term_string\"}}],\"inLanguage\":\"pt-PT\"},{\"@type\":\"Organization\",\"@id\":\"https:\/\/onevetgroup.pt\/hvuparedes\/#organization\",\"name\":\"Universit\u00e1rio de Paredes\",\"url\":\"https:\/\/onevetgroup.pt\/hvuparedes\/\",\"logo\":{\"@type\":\"ImageObject\",\"inLanguage\":\"pt-PT\",\"@id\":\"https:\/\/onevetgroup.pt\/hvuparedes\/#\/schema\/logo\/image\/\",\"url\":\"https:\/\/onevetgroup.pt\/hvuparedes\/wp-content\/uploads\/sites\/72\/2025\/08\/cropped-4_logo_h_cores.png\",\"contentUrl\":\"https:\/\/onevetgroup.pt\/hvuparedes\/wp-content\/uploads\/sites\/72\/2025\/08\/cropped-4_logo_h_cores.png\",\"width\":3850,\"height\":1091,\"caption\":\"Universit\u00e1rio de Paredes\"},\"image\":{\"@id\":\"https:\/\/onevetgroup.pt\/hvuparedes\/#\/schema\/logo\/image\/\"}}]}<\/script>\n<!-- \/ Yoast SEO plugin. -->","yoast_head_json":{"title":"Sobre N\u00f3s - Universit\u00e1rio de Paredes","robots":{"index":"index","follow":"follow","max-snippet":"max-snippet:-1","max-image-preview":"max-image-preview:large","max-video-preview":"max-video-preview:-1"},"canonical":"https:\/\/onevetgroup.pt\/hvuparedes\/sobre-nos\/","og_locale":"pt_PT","og_type":"article","og_title":"Sobre N\u00f3s - Universit\u00e1rio de Paredes","og_description":"Onevet Hospital Veterin\u00e1rio Universit\u00e1rio de Paredes com servi\u00e7o permanente de urg\u00eancias 24h. O HVUP, \u00e9 uma refer\u00eancia a n\u00edvel nacional, na presta\u00e7\u00e3o de cuidados de s\u00e1ude a animais de companhia, aliando o servi\u00e7o hospitalar ao ensino, forma\u00e7\u00e3o e investiga\u00e7\u00e3o na \u00e1rea da medicina veterin\u00e1ria. O Hospital Veterin\u00e1rio Universit\u00e1rio de Paredes (HVUP), em Paredes, foi inaugurado &hellip;","og_url":"https:\/\/onevetgroup.pt\/hvuparedes\/sobre-nos\/","og_site_name":"Universit\u00e1rio de Paredes","article_modified_time":"2025-09-02T11:34:21+00:00","og_image":[{"url":"https:\/\/onevetgroup.pt\/hvuparedes\/wp-content\/uploads\/sites\/72\/2025\/09\/DSC_4431-786x524.jpg","type":"","width":"","height":""}],"twitter_card":"summary_large_image","twitter_misc":{"Tempo estimado de leitura":"2 minutos"},"schema":{"@context":"https:\/\/schema.org","@graph":[{"@type":"WebPage","@id":"https:\/\/onevetgroup.pt\/hvuparedes\/sobre-nos\/","url":"https:\/\/onevetgroup.pt\/hvuparedes\/sobre-nos\/","name":"Sobre N\u00f3s - Universit\u00e1rio de Paredes","isPartOf":{"@id":"https:\/\/onevetgroup.pt\/hvuparedes\/#website"},"primaryImageOfPage":{"@id":"https:\/\/onevetgroup.pt\/hvuparedes\/sobre-nos\/#primaryimage"},"image":{"@id":"https:\/\/onevetgroup.pt\/hvuparedes\/sobre-nos\/#primaryimage"},"thumbnailUrl":"https:\/\/onevetgroup.pt\/hvuparedes\/wp-content\/uploads\/sites\/72\/2025\/09\/DSC_4431-786x524.jpg","datePublished":"2021-02-08T15:28:59+00:00","dateModified":"2025-09-02T11:34:21+00:00","breadcrumb":{"@id":"https:\/\/onevetgroup.pt\/hvuparedes\/sobre-nos\/#breadcrumb"},"inLanguage":"pt-PT","potentialAction":[{"@type":"ReadAction","target":["https:\/\/onevetgroup.pt\/hvuparedes\/sobre-nos\/"]}]},{"@type":"ImageObject","inLanguage":"pt-PT","@id":"https:\/\/onevetgroup.pt\/hvuparedes\/sobre-nos\/#primaryimage","url":"https:\/\/onevetgroup.pt\/hvuparedes\/wp-content\/uploads\/sites\/72\/2025\/09\/DSC_4431.jpg","contentUrl":"https:\/\/onevetgroup.pt\/hvuparedes\/wp-content\/uploads\/sites\/72\/2025\/09\/DSC_4431.jpg","width":1536,"height":1024},{"@type":"BreadcrumbList","@id":"https:\/\/onevetgroup.pt\/hvuparedes\/sobre-nos\/#breadcrumb","itemListElement":[{"@type":"ListItem","position":1,"name":"Home","item":"https:\/\/onevetgroup.pt\/hvuparedes\/"},{"@type":"ListItem","position":2,"name":"Sobre N\u00f3s"}]},{"@type":"WebSite","@id":"https:\/\/onevetgroup.pt\/hvuparedes\/#website","url":"https:\/\/onevetgroup.pt\/hvuparedes\/","name":"Universit\u00e1rio de Paredes","description":"Your Pets in Good Hands","publisher":{"@id":"https:\/\/onevetgroup.pt\/hvuparedes\/#organization"},"potentialAction":[{"@type":"SearchAction","target":{"@type":"EntryPoint","urlTemplate":"https:\/\/onevetgroup.pt\/hvuparedes\/?s={search_term_string}"},"query-input":{"@type":"PropertyValueSpecification","valueRequired":true,"valueName":"search_term_string"}}],"inLanguage":"pt-PT"},{"@type":"Organization","@id":"https:\/\/onevetgroup.pt\/hvuparedes\/#organization","name":"Universit\u00e1rio de Paredes","url":"https:\/\/onevetgroup.pt\/hvuparedes\/","logo":{"@type":"ImageObject","inLanguage":"pt-PT","@id":"https:\/\/onevetgroup.pt\/hvuparedes\/#\/schema\/logo\/image\/","url":"https:\/\/onevetgroup.pt\/hvuparedes\/wp-content\/uploads\/sites\/72\/2025\/08\/cropped-4_logo_h_cores.png","contentUrl":"https:\/\/onevetgroup.pt\/hvuparedes\/wp-content\/uploads\/sites\/72\/2025\/08\/cropped-4_logo_h_cores.png","width":3850,"height":1091,"caption":"Universit\u00e1rio de Paredes"},"image":{"@id":"https:\/\/onevetgroup.pt\/hvuparedes\/#\/schema\/logo\/image\/"}}]}},"_links":{"self":[{"href":"https:\/\/onevetgroup.pt\/hvuparedes\/wp-json\/wp\/v2\/pages\/14008","targetHints":{"allow":["GET"]}}],"collection":[{"href":"https:\/\/onevetgroup.pt\/hvuparedes\/wp-json\/wp\/v2\/pages"}],"about":[{"href":"https:\/\/onevetgroup.pt\/hvuparedes\/wp-json\/wp\/v2\/types\/page"}],"author":[{"embeddable":true,"href":"https:\/\/onevetgroup.pt\/hvuparedes\/wp-json\/wp\/v2\/users\/1"}],"replies":[{"embeddable":true,"href":"https:\/\/onevetgroup.pt\/hvuparedes\/wp-json\/wp\/v2\/comments?post=14008"}],"version-history":[{"count":28,"href":"https:\/\/onevetgroup.pt\/hvuparedes\/wp-json\/wp\/v2\/pages\/14008\/revisions"}],"predecessor-version":[{"id":20693,"href":"https:\/\/onevetgroup.pt\/hvuparedes\/wp-json\/wp\/v2\/pages\/14008\/revisions\/20693"}],"wp:attachment":[{"href":"https:\/\/onevetgroup.pt\/hvuparedes\/wp-json\/wp\/v2\/media?parent=14008"}],"curies":[{"name":"wp","href":"https:\/\/api.w.org\/{rel}","templated":true}]}}