{"id":14075,"date":"2021-02-08T15:29:07","date_gmt":"2021-02-08T15:29:07","guid":{"rendered":"http:\/\/onevet.pt\/porto\/dermatologia\/"},"modified":"2025-11-18T14:10:19","modified_gmt":"2025-11-18T14:10:19","slug":"dermatologia","status":"publish","type":"page","link":"https:\/\/onevetgroup.pt\/hvuparedes\/especialidades\/dermatologia\/","title":{"rendered":"Dermatologia"},"content":{"rendered":"\t\t<div data-elementor-type=\"wp-page\" data-elementor-id=\"14075\" class=\"elementor elementor-14075 elementor-1121\" data-elementor-post-type=\"page\">\n\t\t\t\t\t\t<section class=\"elementor-section elementor-top-section elementor-element elementor-element-3b7f1f2 elementor-section-boxed elementor-section-height-default elementor-section-height-default\" data-id=\"3b7f1f2\" data-element_type=\"section\" id=\"main-sec\">\n\t\t\t\t\t\t<div class=\"elementor-container elementor-column-gap-default\">\n\t\t\t\t\t<div class=\"elementor-column elementor-col-100 elementor-top-column elementor-element elementor-element-138c88c\" data-id=\"138c88c\" data-element_type=\"column\">\n\t\t\t<div class=\"elementor-widget-wrap elementor-element-populated\">\n\t\t\t\t\t\t<div class=\"elementor-element elementor-element-ec83cf0 elementor-widget elementor-widget-section_titleleft\" data-id=\"ec83cf0\" data-element_type=\"widget\" data-widget_type=\"section_titleleft.default\">\n\t\t\t\t<div class=\"elementor-widget-container\">\n\t\t\t\t\t        <div class=\"ab_text-title fl-wrap\">\r\n            A dermatologia \u00e9 uma das especialidades que apresenta o maior n\u00famero de casos em consult\u00f3rios de animais.<span class=\"section-separator fl-sec-sep\"><\/span>        <\/div>\r\n        \t\t\t\t<\/div>\n\t\t\t\t<\/div>\n\t\t\t\t\t<\/div>\n\t\t<\/div>\n\t\t\t\t\t<\/div>\n\t\t<\/section>\n\t\t\t\t<section class=\"elementor-section elementor-top-section elementor-element elementor-element-d993722 elementor-section-boxed elementor-section-height-default elementor-section-height-default\" data-id=\"d993722\" data-element_type=\"section\">\n\t\t\t\t\t\t<div class=\"elementor-container elementor-column-gap-default\">\n\t\t\t\t\t<div class=\"elementor-column elementor-col-50 elementor-top-column elementor-element elementor-element-065811d\" data-id=\"065811d\" data-element_type=\"column\">\n\t\t\t<div class=\"elementor-widget-wrap elementor-element-populated\">\n\t\t\t\t\t\t<div class=\"elementor-element elementor-element-63d99ac elementor-widget elementor-widget-text-editor\" data-id=\"63d99ac\" data-element_type=\"widget\" data-widget_type=\"text-editor.default\">\n\t\t\t\t<div class=\"elementor-widget-container\">\n\t\t\t\t\t\t\t\t\t<p>Na <span data-sheets-value=\"{\" data-sheets-userformat=\"{\">Onevet Hospital Veterin\u00e1rio Universit\u00e1rio de Paredes <\/span>ornecemos cuidados dermatol\u00f3gicos abrangentes para animais de estima\u00e7\u00e3o que sofram de uma s\u00e9rie de problemas, incluindo:<\/p><ul><li>Dermatite al\u00e9rgica: dermatite at\u00f3pica.<\/li><li>Intoler\u00e2ncia alimentar\/hipersensibilidade.<\/li><li>Dermatite al\u00e9rgica \u00e0 picada das pulgas.<\/li><li>Doen\u00e7as parasit\u00e1rias: sarna sarc\u00f3tica e sarna demod\u00e9cica, carra\u00e7as.<\/li><li>Doen\u00e7as de pele imunomediadas: l\u00fapus eritematoso, p\u00eanfigo.<\/li><li>Doen\u00e7as bacterianas: piodermas superficiais e profundos.<\/li><li>Doen\u00e7as f\u00fangicas: dermatofitoses, dermatite por Malassezia.<\/li><li>Doen\u00e7as end\u00f3crinas de pele: hiperadrenocorticismo, hipotiroidismo,\u00a0\u00a0\u00a0alopecia X.<\/li><li>Dist\u00farbios de queratiniza\u00e7\u00e3o.<\/li><li>Tumores e quistos neopl\u00e1sicos e n\u00e3o-neopl\u00e1sticos.<\/li><\/ul>\t\t\t\t\t\t\t\t<\/div>\n\t\t\t\t<\/div>\n\t\t\t\t\t<\/div>\n\t\t<\/div>\n\t\t\t\t<div class=\"elementor-column elementor-col-50 elementor-top-column elementor-element elementor-element-2048e61\" data-id=\"2048e61\" data-element_type=\"column\">\n\t\t\t<div class=\"elementor-widget-wrap elementor-element-populated\">\n\t\t\t\t\t\t<div class=\"elementor-element elementor-element-dc7c821 elementor-widget elementor-widget-image\" data-id=\"dc7c821\" data-element_type=\"widget\" data-widget_type=\"image.default\">\n\t\t\t\t<div class=\"elementor-widget-container\">\n\t\t\t\t\t\t\t\t\t\t\t\t\t\t\t<img fetchpriority=\"high\" width=\"431\" height=\"423\" class=\"attachment-full size-full wp-image-18577 lazy\" alt=\"\" data-src=\"https:\/\/onevetgroup.pt\/hvuparedes\/wp-content\/uploads\/sites\/72\/2022\/07\/Derma1-e1657197813691.jpg\" data-lazy=\"https:\/\/onevetgroup.pt\/hvuparedes\/wp-content\/uploads\/sites\/72\/2022\/07\/Derma1-e1657197813691.jpg\" \/>\t\t\t\t\t\t\t\t\t\t\t\t\t\t\t<\/div>\n\t\t\t\t<\/div>\n\t\t\t\t\t<\/div>\n\t\t<\/div>\n\t\t\t\t\t<\/div>\n\t\t<\/section>\n\t\t\t\t<section class=\"elementor-section elementor-top-section elementor-element elementor-element-c6e8d26 elementor-section-boxed elementor-section-height-default elementor-section-height-default\" data-id=\"c6e8d26\" data-element_type=\"section\">\n\t\t\t\t\t\t<div class=\"elementor-container elementor-column-gap-default\">\n\t\t\t\t\t<div class=\"elementor-column elementor-col-100 elementor-top-column elementor-element elementor-element-d92d362\" data-id=\"d92d362\" data-element_type=\"column\">\n\t\t\t<div class=\"elementor-widget-wrap elementor-element-populated\">\n\t\t\t\t\t\t<div class=\"elementor-element elementor-element-70fb1ad elementor-widget elementor-widget-section_titleleft\" data-id=\"70fb1ad\" data-element_type=\"widget\" data-widget_type=\"section_titleleft.default\">\n\t\t\t\t<div class=\"elementor-widget-container\">\n\t\t\t\t\t        <div class=\"ab_text-title fl-wrap\">\r\n            <h3>Testes Dermatol\u00f3gicos Comuns<\/h3><span class=\"section-separator fl-sec-sep\"><\/span>        <\/div>\r\n        \t\t\t\t<\/div>\n\t\t\t\t<\/div>\n\t\t\t\t\t<\/div>\n\t\t<\/div>\n\t\t\t\t\t<\/div>\n\t\t<\/section>\n\t\t\t\t<section class=\"elementor-section elementor-top-section elementor-element elementor-element-149f379 elementor-section-boxed elementor-section-height-default elementor-section-height-default\" data-id=\"149f379\" data-element_type=\"section\">\n\t\t\t\t\t\t<div class=\"elementor-container elementor-column-gap-default\">\n\t\t\t\t\t<div class=\"elementor-column elementor-col-50 elementor-top-column elementor-element elementor-element-2a8ea5b\" data-id=\"2a8ea5b\" data-element_type=\"column\">\n\t\t\t<div class=\"elementor-widget-wrap elementor-element-populated\">\n\t\t\t\t\t\t<div class=\"elementor-element elementor-element-01118fc elementor-widget elementor-widget-image\" data-id=\"01118fc\" data-element_type=\"widget\" data-widget_type=\"image.default\">\n\t\t\t\t<div class=\"elementor-widget-container\">\n\t\t\t\t\t\t\t\t\t\t\t\t\t\t\t<img width=\"724\" height=\"565\" class=\"attachment-large size-large wp-image-18582 lazy\" alt=\"\" data-src=\"https:\/\/onevetgroup.pt\/hvuparedes\/wp-content\/uploads\/sites\/72\/2022\/07\/Derma2.jpg\" data-lazy=\"https:\/\/onevetgroup.pt\/hvuparedes\/wp-content\/uploads\/sites\/72\/2022\/07\/Derma2.jpg\" \/>\t\t\t\t\t\t\t\t\t\t\t\t\t\t\t<\/div>\n\t\t\t\t<\/div>\n\t\t\t\t\t<\/div>\n\t\t<\/div>\n\t\t\t\t<div class=\"elementor-column elementor-col-50 elementor-top-column elementor-element elementor-element-08b8459\" data-id=\"08b8459\" data-element_type=\"column\">\n\t\t\t<div class=\"elementor-widget-wrap elementor-element-populated\">\n\t\t\t\t\t\t<div class=\"elementor-element elementor-element-e1b240e elementor-widget elementor-widget-text-editor\" data-id=\"e1b240e\" data-element_type=\"widget\" data-widget_type=\"text-editor.default\">\n\t\t\t\t<div class=\"elementor-widget-container\">\n\t\t\t\t\t\t\t\t\t<p>Na <span data-sheets-value=\"{\" data-sheets-userformat=\"{\">Onevet Hospital Veterin\u00e1rio Universit\u00e1rio de Paredes r<\/span>ealizamos os seguintes testes para estabelecer um bom diagn\u00f3stico dermatol\u00f3gico:<\/p><ul><li>Raspagem cut\u00e2nea: um bom indicador de problemas dermatol\u00f3gicos, em especial se se suspeitar da presen\u00e7a de parasitas da pele.<\/li><li>Tricograma: an\u00e1lise microsc\u00f3pica de pelos arrancados.<\/li><li>Exame citol\u00f3gico.<\/li><li>Culturas bacterianas e micol\u00f3gicas.<\/li><li>Testes de alergias.<\/li><li>Bi\u00f3psia cut\u00e2nea.<\/li><li>Pain\u00e9is hematol\u00f3gicos e bioqu\u00edmicos.<\/li><li>Testes de fun\u00e7\u00e3o end\u00f3crina e imune.<\/li><\/ul>\t\t\t\t\t\t\t\t<\/div>\n\t\t\t\t<\/div>\n\t\t\t\t\t<\/div>\n\t\t<\/div>\n\t\t\t\t\t<\/div>\n\t\t<\/section>\n\t\t\t\t<\/div>\n\t\t","protected":false},"excerpt":{"rendered":"<p>A dermatologia \u00e9 uma das especialidades que apresenta o maior n\u00famero de casos em consult\u00f3rios de animais. Na ornecemos cuidados dermatol\u00f3gicos abrangentes para animais de estima\u00e7\u00e3o que sofram de uma s\u00e9rie de problemas, incluindo: Dermatite al\u00e9rgica: dermatite at\u00f3pica. Intoler\u00e2ncia alimentar\/hipersensibilidade. Dermatite al\u00e9rgica \u00e0 picada das pulgas. Doen\u00e7as parasit\u00e1rias: sarna sarc\u00f3tica e sarna demod\u00e9cica, carra\u00e7as. Doen\u00e7as &hellip; <\/p>\n","protected":false},"author":61,"featured_media":0,"parent":19849,"menu_order":0,"comment_status":"closed","ping_status":"closed","template":"page-fullwidth.php","meta":{"_acf_changed":false,"content-type":"","footnotes":""},"class_list":["post-14075","page","type-page","status-publish","hentry"],"acf":[],"yoast_head":"<!-- This site is optimized with the Yoast SEO plugin v26.2 - https:\/\/yoast.com\/wordpress\/plugins\/seo\/ -->\n<title>Dermatologia - Universit\u00e1rio de Paredes<\/title>\n<meta name=\"robots\" content=\"index, follow, max-snippet:-1, max-image-preview:large, max-video-preview:-1\" \/>\n<link rel=\"canonical\" href=\"https:\/\/onevetgroup.pt\/hvuparedes\/especialidades\/dermatologia\/\" \/>\n<meta property=\"og:locale\" content=\"pt_PT\" \/>\n<meta property=\"og:type\" content=\"article\" \/>\n<meta property=\"og:title\" content=\"Dermatologia - Universit\u00e1rio de Paredes\" \/>\n<meta property=\"og:description\" content=\"A dermatologia \u00e9 uma das especialidades que apresenta o maior n\u00famero de casos em consult\u00f3rios de animais. Na ornecemos cuidados dermatol\u00f3gicos abrangentes para animais de estima\u00e7\u00e3o que sofram de uma s\u00e9rie de problemas, incluindo: Dermatite al\u00e9rgica: dermatite at\u00f3pica. Intoler\u00e2ncia alimentar\/hipersensibilidade. Dermatite al\u00e9rgica \u00e0 picada das pulgas. Doen\u00e7as parasit\u00e1rias: sarna sarc\u00f3tica e sarna demod\u00e9cica, carra\u00e7as. Doen\u00e7as &hellip;\" \/>\n<meta property=\"og:url\" content=\"https:\/\/onevetgroup.pt\/hvuparedes\/especialidades\/dermatologia\/\" \/>\n<meta property=\"og:site_name\" content=\"Universit\u00e1rio de Paredes\" \/>\n<meta property=\"article:modified_time\" content=\"2025-11-18T14:10:19+00:00\" \/>\n<meta property=\"og:image\" content=\"https:\/\/onevetgroup.pt\/hvuparedes\/wp-content\/uploads\/sites\/72\/2022\/07\/Derma1-e1657197813691.jpg\" \/>\n<meta name=\"twitter:card\" content=\"summary_large_image\" \/>\n<meta name=\"twitter:label1\" content=\"Tempo estimado de leitura\" \/>\n\t<meta name=\"twitter:data1\" content=\"2 minutos\" \/>\n<script type=\"application\/ld+json\" class=\"yoast-schema-graph\">{\"@context\":\"https:\/\/schema.org\",\"@graph\":[{\"@type\":\"WebPage\",\"@id\":\"https:\/\/onevetgroup.pt\/hvuparedes\/especialidades\/dermatologia\/\",\"url\":\"https:\/\/onevetgroup.pt\/hvuparedes\/especialidades\/dermatologia\/\",\"name\":\"Dermatologia - Universit\u00e1rio de Paredes\",\"isPartOf\":{\"@id\":\"https:\/\/onevetgroup.pt\/hvuparedes\/#website\"},\"primaryImageOfPage\":{\"@id\":\"https:\/\/onevetgroup.pt\/hvuparedes\/especialidades\/dermatologia\/#primaryimage\"},\"image\":{\"@id\":\"https:\/\/onevetgroup.pt\/hvuparedes\/especialidades\/dermatologia\/#primaryimage\"},\"thumbnailUrl\":\"https:\/\/onevetgroup.pt\/hvuparedes\/wp-content\/uploads\/sites\/72\/2022\/07\/Derma1-e1657197813691.jpg\",\"datePublished\":\"2021-02-08T15:29:07+00:00\",\"dateModified\":\"2025-11-18T14:10:19+00:00\",\"breadcrumb\":{\"@id\":\"https:\/\/onevetgroup.pt\/hvuparedes\/especialidades\/dermatologia\/#breadcrumb\"},\"inLanguage\":\"pt-PT\",\"potentialAction\":[{\"@type\":\"ReadAction\",\"target\":[\"https:\/\/onevetgroup.pt\/hvuparedes\/especialidades\/dermatologia\/\"]}]},{\"@type\":\"ImageObject\",\"inLanguage\":\"pt-PT\",\"@id\":\"https:\/\/onevetgroup.pt\/hvuparedes\/especialidades\/dermatologia\/#primaryimage\",\"url\":\"https:\/\/onevetgroup.pt\/hvuparedes\/wp-content\/uploads\/sites\/72\/2022\/07\/Derma1-e1657197813691.jpg\",\"contentUrl\":\"https:\/\/onevetgroup.pt\/hvuparedes\/wp-content\/uploads\/sites\/72\/2022\/07\/Derma1-e1657197813691.jpg\",\"width\":431,\"height\":423},{\"@type\":\"BreadcrumbList\",\"@id\":\"https:\/\/onevetgroup.pt\/hvuparedes\/especialidades\/dermatologia\/#breadcrumb\",\"itemListElement\":[{\"@type\":\"ListItem\",\"position\":1,\"name\":\"Home\",\"item\":\"https:\/\/onevetgroup.pt\/hvuparedes\/\"},{\"@type\":\"ListItem\",\"position\":2,\"name\":\"Especialidades\",\"item\":\"https:\/\/onevetgroup.pt\/hvuparedes\/especialidades\/\"},{\"@type\":\"ListItem\",\"position\":3,\"name\":\"Dermatologia\"}]},{\"@type\":\"WebSite\",\"@id\":\"https:\/\/onevetgroup.pt\/hvuparedes\/#website\",\"url\":\"https:\/\/onevetgroup.pt\/hvuparedes\/\",\"name\":\"Universit\u00e1rio de Paredes\",\"description\":\"Your Pets in Good Hands\",\"publisher\":{\"@id\":\"https:\/\/onevetgroup.pt\/hvuparedes\/#organization\"},\"potentialAction\":[{\"@type\":\"SearchAction\",\"target\":{\"@type\":\"EntryPoint\",\"urlTemplate\":\"https:\/\/onevetgroup.pt\/hvuparedes\/?s={search_term_string}\"},\"query-input\":{\"@type\":\"PropertyValueSpecification\",\"valueRequired\":true,\"valueName\":\"search_term_string\"}}],\"inLanguage\":\"pt-PT\"},{\"@type\":\"Organization\",\"@id\":\"https:\/\/onevetgroup.pt\/hvuparedes\/#organization\",\"name\":\"Universit\u00e1rio de Paredes\",\"url\":\"https:\/\/onevetgroup.pt\/hvuparedes\/\",\"logo\":{\"@type\":\"ImageObject\",\"inLanguage\":\"pt-PT\",\"@id\":\"https:\/\/onevetgroup.pt\/hvuparedes\/#\/schema\/logo\/image\/\",\"url\":\"https:\/\/onevetgroup.pt\/hvuparedes\/wp-content\/uploads\/sites\/72\/2025\/08\/cropped-4_logo_h_cores.png\",\"contentUrl\":\"https:\/\/onevetgroup.pt\/hvuparedes\/wp-content\/uploads\/sites\/72\/2025\/08\/cropped-4_logo_h_cores.png\",\"width\":3850,\"height\":1091,\"caption\":\"Universit\u00e1rio de Paredes\"},\"image\":{\"@id\":\"https:\/\/onevetgroup.pt\/hvuparedes\/#\/schema\/logo\/image\/\"}}]}<\/script>\n<!-- \/ Yoast SEO plugin. -->","yoast_head_json":{"title":"Dermatologia - Universit\u00e1rio de Paredes","robots":{"index":"index","follow":"follow","max-snippet":"max-snippet:-1","max-image-preview":"max-image-preview:large","max-video-preview":"max-video-preview:-1"},"canonical":"https:\/\/onevetgroup.pt\/hvuparedes\/especialidades\/dermatologia\/","og_locale":"pt_PT","og_type":"article","og_title":"Dermatologia - Universit\u00e1rio de Paredes","og_description":"A dermatologia \u00e9 uma das especialidades que apresenta o maior n\u00famero de casos em consult\u00f3rios de animais. Na ornecemos cuidados dermatol\u00f3gicos abrangentes para animais de estima\u00e7\u00e3o que sofram de uma s\u00e9rie de problemas, incluindo: Dermatite al\u00e9rgica: dermatite at\u00f3pica. Intoler\u00e2ncia alimentar\/hipersensibilidade. Dermatite al\u00e9rgica \u00e0 picada das pulgas. Doen\u00e7as parasit\u00e1rias: sarna sarc\u00f3tica e sarna demod\u00e9cica, carra\u00e7as. Doen\u00e7as &hellip;","og_url":"https:\/\/onevetgroup.pt\/hvuparedes\/especialidades\/dermatologia\/","og_site_name":"Universit\u00e1rio de Paredes","article_modified_time":"2025-11-18T14:10:19+00:00","og_image":[{"url":"https:\/\/onevetgroup.pt\/hvuparedes\/wp-content\/uploads\/sites\/72\/2022\/07\/Derma1-e1657197813691.jpg","type":"","width":"","height":""}],"twitter_card":"summary_large_image","twitter_misc":{"Tempo estimado de leitura":"2 minutos"},"schema":{"@context":"https:\/\/schema.org","@graph":[{"@type":"WebPage","@id":"https:\/\/onevetgroup.pt\/hvuparedes\/especialidades\/dermatologia\/","url":"https:\/\/onevetgroup.pt\/hvuparedes\/especialidades\/dermatologia\/","name":"Dermatologia - Universit\u00e1rio de Paredes","isPartOf":{"@id":"https:\/\/onevetgroup.pt\/hvuparedes\/#website"},"primaryImageOfPage":{"@id":"https:\/\/onevetgroup.pt\/hvuparedes\/especialidades\/dermatologia\/#primaryimage"},"image":{"@id":"https:\/\/onevetgroup.pt\/hvuparedes\/especialidades\/dermatologia\/#primaryimage"},"thumbnailUrl":"https:\/\/onevetgroup.pt\/hvuparedes\/wp-content\/uploads\/sites\/72\/2022\/07\/Derma1-e1657197813691.jpg","datePublished":"2021-02-08T15:29:07+00:00","dateModified":"2025-11-18T14:10:19+00:00","breadcrumb":{"@id":"https:\/\/onevetgroup.pt\/hvuparedes\/especialidades\/dermatologia\/#breadcrumb"},"inLanguage":"pt-PT","potentialAction":[{"@type":"ReadAction","target":["https:\/\/onevetgroup.pt\/hvuparedes\/especialidades\/dermatologia\/"]}]},{"@type":"ImageObject","inLanguage":"pt-PT","@id":"https:\/\/onevetgroup.pt\/hvuparedes\/especialidades\/dermatologia\/#primaryimage","url":"https:\/\/onevetgroup.pt\/hvuparedes\/wp-content\/uploads\/sites\/72\/2022\/07\/Derma1-e1657197813691.jpg","contentUrl":"https:\/\/onevetgroup.pt\/hvuparedes\/wp-content\/uploads\/sites\/72\/2022\/07\/Derma1-e1657197813691.jpg","width":431,"height":423},{"@type":"BreadcrumbList","@id":"https:\/\/onevetgroup.pt\/hvuparedes\/especialidades\/dermatologia\/#breadcrumb","itemListElement":[{"@type":"ListItem","position":1,"name":"Home","item":"https:\/\/onevetgroup.pt\/hvuparedes\/"},{"@type":"ListItem","position":2,"name":"Especialidades","item":"https:\/\/onevetgroup.pt\/hvuparedes\/especialidades\/"},{"@type":"ListItem","position":3,"name":"Dermatologia"}]},{"@type":"WebSite","@id":"https:\/\/onevetgroup.pt\/hvuparedes\/#website","url":"https:\/\/onevetgroup.pt\/hvuparedes\/","name":"Universit\u00e1rio de Paredes","description":"Your Pets in Good Hands","publisher":{"@id":"https:\/\/onevetgroup.pt\/hvuparedes\/#organization"},"potentialAction":[{"@type":"SearchAction","target":{"@type":"EntryPoint","urlTemplate":"https:\/\/onevetgroup.pt\/hvuparedes\/?s={search_term_string}"},"query-input":{"@type":"PropertyValueSpecification","valueRequired":true,"valueName":"search_term_string"}}],"inLanguage":"pt-PT"},{"@type":"Organization","@id":"https:\/\/onevetgroup.pt\/hvuparedes\/#organization","name":"Universit\u00e1rio de Paredes","url":"https:\/\/onevetgroup.pt\/hvuparedes\/","logo":{"@type":"ImageObject","inLanguage":"pt-PT","@id":"https:\/\/onevetgroup.pt\/hvuparedes\/#\/schema\/logo\/image\/","url":"https:\/\/onevetgroup.pt\/hvuparedes\/wp-content\/uploads\/sites\/72\/2025\/08\/cropped-4_logo_h_cores.png","contentUrl":"https:\/\/onevetgroup.pt\/hvuparedes\/wp-content\/uploads\/sites\/72\/2025\/08\/cropped-4_logo_h_cores.png","width":3850,"height":1091,"caption":"Universit\u00e1rio de Paredes"},"image":{"@id":"https:\/\/onevetgroup.pt\/hvuparedes\/#\/schema\/logo\/image\/"}}]}},"_links":{"self":[{"href":"https:\/\/onevetgroup.pt\/hvuparedes\/wp-json\/wp\/v2\/pages\/14075","targetHints":{"allow":["GET"]}}],"collection":[{"href":"https:\/\/onevetgroup.pt\/hvuparedes\/wp-json\/wp\/v2\/pages"}],"about":[{"href":"https:\/\/onevetgroup.pt\/hvuparedes\/wp-json\/wp\/v2\/types\/page"}],"author":[{"embeddable":true,"href":"https:\/\/onevetgroup.pt\/hvuparedes\/wp-json\/wp\/v2\/users\/61"}],"replies":[{"embeddable":true,"href":"https:\/\/onevetgroup.pt\/hvuparedes\/wp-json\/wp\/v2\/comments?post=14075"}],"version-history":[{"count":3,"href":"https:\/\/onevetgroup.pt\/hvuparedes\/wp-json\/wp\/v2\/pages\/14075\/revisions"}],"predecessor-version":[{"id":20812,"href":"https:\/\/onevetgroup.pt\/hvuparedes\/wp-json\/wp\/v2\/pages\/14075\/revisions\/20812"}],"up":[{"embeddable":true,"href":"https:\/\/onevetgroup.pt\/hvuparedes\/wp-json\/wp\/v2\/pages\/19849"}],"wp:attachment":[{"href":"https:\/\/onevetgroup.pt\/hvuparedes\/wp-json\/wp\/v2\/media?parent=14075"}],"curies":[{"name":"wp","href":"https:\/\/api.w.org\/{rel}","templated":true}]}}