{"id":19155,"date":"2022-07-11T12:03:43","date_gmt":"2022-07-11T12:03:43","guid":{"rendered":"https:\/\/onevet.pt\/porto\/?page_id=19155"},"modified":"2025-11-18T13:01:41","modified_gmt":"2025-11-18T13:01:41","slug":"anestesia-e-gestao-da-dor","status":"publish","type":"page","link":"https:\/\/onevetgroup.pt\/hvuparedes\/especialidades\/anestesia-e-gestao-da-dor\/","title":{"rendered":"Anestesia e Gest\u00e3o da Dor"},"content":{"rendered":"\t\t<div data-elementor-type=\"wp-page\" data-elementor-id=\"19155\" class=\"elementor elementor-19155 elementor-14661\" data-elementor-post-type=\"page\">\n\t\t\t\t\t\t<section class=\"elementor-section elementor-top-section elementor-element elementor-element-d993722 elementor-section-boxed elementor-section-height-default elementor-section-height-default\" data-id=\"d993722\" data-element_type=\"section\" id=\"main-sec\">\n\t\t\t\t\t\t<div class=\"elementor-container elementor-column-gap-default\">\n\t\t\t\t\t<div class=\"elementor-column elementor-col-50 elementor-top-column elementor-element elementor-element-065811d\" data-id=\"065811d\" data-element_type=\"column\">\n\t\t\t<div class=\"elementor-widget-wrap elementor-element-populated\">\n\t\t\t\t\t\t<div class=\"elementor-element elementor-element-63d99ac elementor-widget elementor-widget-text-editor\" data-id=\"63d99ac\" data-element_type=\"widget\" data-widget_type=\"text-editor.default\">\n\t\t\t\t<div class=\"elementor-widget-container\">\n\t\t\t\t\t\t\t\t\t<p><span data-sheets-value=\"{\" data-sheets-userformat=\"{\">A<\/span>s equipas de Anestesia e Gest\u00e3o da Dor s\u00e3o compostas por t\u00e9cnicos altamente treinados que t\u00eam grande aten\u00e7\u00e3o quando administram a anestesia, para minimizar os riscos inerentes. Colaboram de perto durante outros tratamentos realizados na <span data-sheets-value=\"{\" data-sheets-userformat=\"{\">Onevet Hospital Veterin\u00e1rio Universit\u00e1rio de Paredes<\/span>, como cirurgias, urg\u00eancias e oftalmologia.<\/p><p>As unidades de anestesia e gest\u00e3o da dor tamb\u00e9m ajudam nos processos de diagn\u00f3stico, como radiografias, endoscopias, limpezas dent\u00e1rias, e durante a recolha de amostras.<\/p><p>O controlo da dor \u00e9 importante para acelerar o tempo de recupera\u00e7\u00e3o. Permite que os animais com patologias cr\u00f3nicas, como a artrose, tenham uma melhor qualidade de vida.<\/p>\t\t\t\t\t\t\t\t<\/div>\n\t\t\t\t<\/div>\n\t\t\t\t\t<\/div>\n\t\t<\/div>\n\t\t\t\t<div class=\"elementor-column elementor-col-50 elementor-top-column elementor-element elementor-element-2048e61\" data-id=\"2048e61\" data-element_type=\"column\">\n\t\t\t<div class=\"elementor-widget-wrap elementor-element-populated\">\n\t\t\t\t\t\t<div class=\"elementor-element elementor-element-dc7c821 elementor-widget elementor-widget-image\" data-id=\"dc7c821\" data-element_type=\"widget\" data-widget_type=\"image.default\">\n\t\t\t\t<div class=\"elementor-widget-container\">\n\t\t\t\t\t\t\t\t\t\t\t\t\t\t\t<img fetchpriority=\"high\" width=\"724\" height=\"485\" class=\"attachment-large size-large wp-image-18558 lazy\" alt=\"\" data-src=\"https:\/\/onevetgroup.pt\/hvuparedes\/wp-content\/uploads\/sites\/72\/2022\/07\/Anes1.jpg\" data-lazy=\"https:\/\/onevetgroup.pt\/hvuparedes\/wp-content\/uploads\/sites\/72\/2022\/07\/Anes1.jpg\" \/>\t\t\t\t\t\t\t\t\t\t\t\t\t\t\t<\/div>\n\t\t\t\t<\/div>\n\t\t\t\t\t<\/div>\n\t\t<\/div>\n\t\t\t\t\t<\/div>\n\t\t<\/section>\n\t\t\t\t<section class=\"elementor-section elementor-top-section elementor-element elementor-element-c6e8d26 elementor-section-boxed elementor-section-height-default elementor-section-height-default\" data-id=\"c6e8d26\" data-element_type=\"section\">\n\t\t\t\t\t\t<div class=\"elementor-container elementor-column-gap-default\">\n\t\t\t\t\t<div class=\"elementor-column elementor-col-100 elementor-top-column elementor-element elementor-element-d92d362\" data-id=\"d92d362\" data-element_type=\"column\">\n\t\t\t<div class=\"elementor-widget-wrap elementor-element-populated\">\n\t\t\t\t\t\t<div class=\"elementor-element elementor-element-70fb1ad elementor-widget elementor-widget-section_titleleft\" data-id=\"70fb1ad\" data-element_type=\"widget\" data-widget_type=\"section_titleleft.default\">\n\t\t\t\t<div class=\"elementor-widget-container\">\n\t\t\t\t\t        <div class=\"ab_text-title fl-wrap\">\r\n            <span class=\"section-separator fl-sec-sep\"><\/span>        <\/div>\r\n        \t\t\t\t<\/div>\n\t\t\t\t<\/div>\n\t\t\t\t\t<\/div>\n\t\t<\/div>\n\t\t\t\t\t<\/div>\n\t\t<\/section>\n\t\t\t\t<section class=\"elementor-section elementor-top-section elementor-element elementor-element-149f379 elementor-section-boxed elementor-section-height-default elementor-section-height-default\" data-id=\"149f379\" data-element_type=\"section\">\n\t\t\t\t\t\t<div class=\"elementor-container elementor-column-gap-default\">\n\t\t\t\t\t<div class=\"elementor-column elementor-col-50 elementor-top-column elementor-element elementor-element-2a8ea5b\" data-id=\"2a8ea5b\" data-element_type=\"column\">\n\t\t\t<div class=\"elementor-widget-wrap elementor-element-populated\">\n\t\t\t\t\t\t<div class=\"elementor-element elementor-element-01118fc elementor-widget elementor-widget-image\" data-id=\"01118fc\" data-element_type=\"widget\" data-widget_type=\"image.default\">\n\t\t\t\t<div class=\"elementor-widget-container\">\n\t\t\t\t\t\t\t\t\t\t\t\t\t\t\t<img width=\"724\" height=\"486\" class=\"attachment-large size-large wp-image-18569 lazy\" alt=\"\" data-src=\"https:\/\/onevetgroup.pt\/hvuparedes\/wp-content\/uploads\/sites\/72\/2022\/07\/Anes2.jpg\" data-lazy=\"https:\/\/onevetgroup.pt\/hvuparedes\/wp-content\/uploads\/sites\/72\/2022\/07\/Anes2.jpg\" \/>\t\t\t\t\t\t\t\t\t\t\t\t\t\t\t<\/div>\n\t\t\t\t<\/div>\n\t\t\t\t\t<\/div>\n\t\t<\/div>\n\t\t\t\t<div class=\"elementor-column elementor-col-50 elementor-top-column elementor-element elementor-element-08b8459\" data-id=\"08b8459\" data-element_type=\"column\">\n\t\t\t<div class=\"elementor-widget-wrap elementor-element-populated\">\n\t\t\t\t\t\t<div class=\"elementor-element elementor-element-e1b240e elementor-widget elementor-widget-text-editor\" data-id=\"e1b240e\" data-element_type=\"widget\" data-widget_type=\"text-editor.default\">\n\t\t\t\t<div class=\"elementor-widget-container\">\n\t\t\t\t\t\t\t\t\t<p>Alguns dos servi\u00e7os de Anestesia e Gest\u00e3o da Dor que <span data-sheets-value=\"{\" data-sheets-userformat=\"{\">Onevet Hospital Veterin\u00e1rio Universit\u00e1rio de Paredes<\/span> oferece s\u00e3o:<\/p><ul><li>Anestesia e gest\u00e3o da dor para animais grandes e pequenos<\/li><li>Anestesia injet\u00e1vel e inal\u00e1vel<\/li><li>Anestesia local e regional e analgesia<\/li><li>Seda\u00e7\u00e3o para cirurgias de maior envolvimento para animais grandes<\/li><\/ul>\t\t\t\t\t\t\t\t<\/div>\n\t\t\t\t<\/div>\n\t\t\t\t\t<\/div>\n\t\t<\/div>\n\t\t\t\t\t<\/div>\n\t\t<\/section>\n\t\t\t\t<\/div>\n\t\t","protected":false},"excerpt":{"rendered":"<p>As equipas de Anestesia e Gest\u00e3o da Dor s\u00e3o compostas por t\u00e9cnicos altamente treinados que t\u00eam grande aten\u00e7\u00e3o quando administram a anestesia, para minimizar os riscos inerentes. Colaboram de perto durante outros tratamentos realizados na , como cirurgias, urg\u00eancias e oftalmologia. As unidades de anestesia e gest\u00e3o da dor tamb\u00e9m ajudam nos processos de diagn\u00f3stico, &hellip; <\/p>\n","protected":false},"author":61,"featured_media":0,"parent":19849,"menu_order":0,"comment_status":"closed","ping_status":"closed","template":"page-fullwidth.php","meta":{"_acf_changed":false,"content-type":"","footnotes":""},"class_list":["post-19155","page","type-page","status-publish","hentry"],"acf":[],"yoast_head":"<!-- This site is optimized with the Yoast SEO plugin v26.2 - https:\/\/yoast.com\/wordpress\/plugins\/seo\/ -->\n<title>Anestesia e Gest\u00e3o da Dor - Universit\u00e1rio de Paredes<\/title>\n<meta name=\"robots\" content=\"index, follow, max-snippet:-1, max-image-preview:large, max-video-preview:-1\" \/>\n<link rel=\"canonical\" href=\"https:\/\/onevetgroup.pt\/hvuparedes\/especialidades\/anestesia-e-gestao-da-dor\/\" \/>\n<meta property=\"og:locale\" content=\"pt_PT\" \/>\n<meta property=\"og:type\" content=\"article\" \/>\n<meta property=\"og:title\" content=\"Anestesia e Gest\u00e3o da Dor - Universit\u00e1rio de Paredes\" \/>\n<meta property=\"og:description\" content=\"As equipas de Anestesia e Gest\u00e3o da Dor s\u00e3o compostas por t\u00e9cnicos altamente treinados que t\u00eam grande aten\u00e7\u00e3o quando administram a anestesia, para minimizar os riscos inerentes. Colaboram de perto durante outros tratamentos realizados na , como cirurgias, urg\u00eancias e oftalmologia. As unidades de anestesia e gest\u00e3o da dor tamb\u00e9m ajudam nos processos de diagn\u00f3stico, &hellip;\" \/>\n<meta property=\"og:url\" content=\"https:\/\/onevetgroup.pt\/hvuparedes\/especialidades\/anestesia-e-gestao-da-dor\/\" \/>\n<meta property=\"og:site_name\" content=\"Universit\u00e1rio de Paredes\" \/>\n<meta property=\"article:modified_time\" content=\"2025-11-18T13:01:41+00:00\" \/>\n<meta property=\"og:image\" content=\"https:\/\/onevetgroup.pt\/hvuparedes\/wp-content\/uploads\/sites\/72\/2022\/07\/Anes1.jpg\" \/>\n<meta name=\"twitter:card\" content=\"summary_large_image\" \/>\n<meta name=\"twitter:label1\" content=\"Tempo estimado de leitura\" \/>\n\t<meta name=\"twitter:data1\" content=\"2 minutos\" \/>\n<script type=\"application\/ld+json\" class=\"yoast-schema-graph\">{\"@context\":\"https:\/\/schema.org\",\"@graph\":[{\"@type\":\"WebPage\",\"@id\":\"https:\/\/onevetgroup.pt\/hvuparedes\/especialidades\/anestesia-e-gestao-da-dor\/\",\"url\":\"https:\/\/onevetgroup.pt\/hvuparedes\/especialidades\/anestesia-e-gestao-da-dor\/\",\"name\":\"Anestesia e Gest\u00e3o da Dor - Universit\u00e1rio de Paredes\",\"isPartOf\":{\"@id\":\"https:\/\/onevetgroup.pt\/hvuparedes\/#website\"},\"primaryImageOfPage\":{\"@id\":\"https:\/\/onevetgroup.pt\/hvuparedes\/especialidades\/anestesia-e-gestao-da-dor\/#primaryimage\"},\"image\":{\"@id\":\"https:\/\/onevetgroup.pt\/hvuparedes\/especialidades\/anestesia-e-gestao-da-dor\/#primaryimage\"},\"thumbnailUrl\":\"https:\/\/onevetgroup.pt\/hvuparedes\/wp-content\/uploads\/sites\/72\/2022\/07\/Anes1.jpg\",\"datePublished\":\"2022-07-11T12:03:43+00:00\",\"dateModified\":\"2025-11-18T13:01:41+00:00\",\"breadcrumb\":{\"@id\":\"https:\/\/onevetgroup.pt\/hvuparedes\/especialidades\/anestesia-e-gestao-da-dor\/#breadcrumb\"},\"inLanguage\":\"pt-PT\",\"potentialAction\":[{\"@type\":\"ReadAction\",\"target\":[\"https:\/\/onevetgroup.pt\/hvuparedes\/especialidades\/anestesia-e-gestao-da-dor\/\"]}]},{\"@type\":\"ImageObject\",\"inLanguage\":\"pt-PT\",\"@id\":\"https:\/\/onevetgroup.pt\/hvuparedes\/especialidades\/anestesia-e-gestao-da-dor\/#primaryimage\",\"url\":\"https:\/\/onevetgroup.pt\/hvuparedes\/wp-content\/uploads\/sites\/72\/2022\/07\/Anes1.jpg\",\"contentUrl\":\"https:\/\/onevetgroup.pt\/hvuparedes\/wp-content\/uploads\/sites\/72\/2022\/07\/Anes1.jpg\",\"width\":815,\"height\":546},{\"@type\":\"BreadcrumbList\",\"@id\":\"https:\/\/onevetgroup.pt\/hvuparedes\/especialidades\/anestesia-e-gestao-da-dor\/#breadcrumb\",\"itemListElement\":[{\"@type\":\"ListItem\",\"position\":1,\"name\":\"Home\",\"item\":\"https:\/\/onevetgroup.pt\/hvuparedes\/\"},{\"@type\":\"ListItem\",\"position\":2,\"name\":\"Especialidades\",\"item\":\"https:\/\/onevetgroup.pt\/hvuparedes\/especialidades\/\"},{\"@type\":\"ListItem\",\"position\":3,\"name\":\"Anestesia e Gest\u00e3o da Dor\"}]},{\"@type\":\"WebSite\",\"@id\":\"https:\/\/onevetgroup.pt\/hvuparedes\/#website\",\"url\":\"https:\/\/onevetgroup.pt\/hvuparedes\/\",\"name\":\"Universit\u00e1rio de Paredes\",\"description\":\"Your Pets in Good Hands\",\"publisher\":{\"@id\":\"https:\/\/onevetgroup.pt\/hvuparedes\/#organization\"},\"potentialAction\":[{\"@type\":\"SearchAction\",\"target\":{\"@type\":\"EntryPoint\",\"urlTemplate\":\"https:\/\/onevetgroup.pt\/hvuparedes\/?s={search_term_string}\"},\"query-input\":{\"@type\":\"PropertyValueSpecification\",\"valueRequired\":true,\"valueName\":\"search_term_string\"}}],\"inLanguage\":\"pt-PT\"},{\"@type\":\"Organization\",\"@id\":\"https:\/\/onevetgroup.pt\/hvuparedes\/#organization\",\"name\":\"Universit\u00e1rio de Paredes\",\"url\":\"https:\/\/onevetgroup.pt\/hvuparedes\/\",\"logo\":{\"@type\":\"ImageObject\",\"inLanguage\":\"pt-PT\",\"@id\":\"https:\/\/onevetgroup.pt\/hvuparedes\/#\/schema\/logo\/image\/\",\"url\":\"https:\/\/onevetgroup.pt\/hvuparedes\/wp-content\/uploads\/sites\/72\/2025\/08\/cropped-4_logo_h_cores.png\",\"contentUrl\":\"https:\/\/onevetgroup.pt\/hvuparedes\/wp-content\/uploads\/sites\/72\/2025\/08\/cropped-4_logo_h_cores.png\",\"width\":3850,\"height\":1091,\"caption\":\"Universit\u00e1rio de Paredes\"},\"image\":{\"@id\":\"https:\/\/onevetgroup.pt\/hvuparedes\/#\/schema\/logo\/image\/\"}}]}<\/script>\n<!-- \/ Yoast SEO plugin. -->","yoast_head_json":{"title":"Anestesia e Gest\u00e3o da Dor - Universit\u00e1rio de Paredes","robots":{"index":"index","follow":"follow","max-snippet":"max-snippet:-1","max-image-preview":"max-image-preview:large","max-video-preview":"max-video-preview:-1"},"canonical":"https:\/\/onevetgroup.pt\/hvuparedes\/especialidades\/anestesia-e-gestao-da-dor\/","og_locale":"pt_PT","og_type":"article","og_title":"Anestesia e Gest\u00e3o da Dor - Universit\u00e1rio de Paredes","og_description":"As equipas de Anestesia e Gest\u00e3o da Dor s\u00e3o compostas por t\u00e9cnicos altamente treinados que t\u00eam grande aten\u00e7\u00e3o quando administram a anestesia, para minimizar os riscos inerentes. Colaboram de perto durante outros tratamentos realizados na , como cirurgias, urg\u00eancias e oftalmologia. As unidades de anestesia e gest\u00e3o da dor tamb\u00e9m ajudam nos processos de diagn\u00f3stico, &hellip;","og_url":"https:\/\/onevetgroup.pt\/hvuparedes\/especialidades\/anestesia-e-gestao-da-dor\/","og_site_name":"Universit\u00e1rio de Paredes","article_modified_time":"2025-11-18T13:01:41+00:00","og_image":[{"url":"https:\/\/onevetgroup.pt\/hvuparedes\/wp-content\/uploads\/sites\/72\/2022\/07\/Anes1.jpg","type":"","width":"","height":""}],"twitter_card":"summary_large_image","twitter_misc":{"Tempo estimado de leitura":"2 minutos"},"schema":{"@context":"https:\/\/schema.org","@graph":[{"@type":"WebPage","@id":"https:\/\/onevetgroup.pt\/hvuparedes\/especialidades\/anestesia-e-gestao-da-dor\/","url":"https:\/\/onevetgroup.pt\/hvuparedes\/especialidades\/anestesia-e-gestao-da-dor\/","name":"Anestesia e Gest\u00e3o da Dor - Universit\u00e1rio de Paredes","isPartOf":{"@id":"https:\/\/onevetgroup.pt\/hvuparedes\/#website"},"primaryImageOfPage":{"@id":"https:\/\/onevetgroup.pt\/hvuparedes\/especialidades\/anestesia-e-gestao-da-dor\/#primaryimage"},"image":{"@id":"https:\/\/onevetgroup.pt\/hvuparedes\/especialidades\/anestesia-e-gestao-da-dor\/#primaryimage"},"thumbnailUrl":"https:\/\/onevetgroup.pt\/hvuparedes\/wp-content\/uploads\/sites\/72\/2022\/07\/Anes1.jpg","datePublished":"2022-07-11T12:03:43+00:00","dateModified":"2025-11-18T13:01:41+00:00","breadcrumb":{"@id":"https:\/\/onevetgroup.pt\/hvuparedes\/especialidades\/anestesia-e-gestao-da-dor\/#breadcrumb"},"inLanguage":"pt-PT","potentialAction":[{"@type":"ReadAction","target":["https:\/\/onevetgroup.pt\/hvuparedes\/especialidades\/anestesia-e-gestao-da-dor\/"]}]},{"@type":"ImageObject","inLanguage":"pt-PT","@id":"https:\/\/onevetgroup.pt\/hvuparedes\/especialidades\/anestesia-e-gestao-da-dor\/#primaryimage","url":"https:\/\/onevetgroup.pt\/hvuparedes\/wp-content\/uploads\/sites\/72\/2022\/07\/Anes1.jpg","contentUrl":"https:\/\/onevetgroup.pt\/hvuparedes\/wp-content\/uploads\/sites\/72\/2022\/07\/Anes1.jpg","width":815,"height":546},{"@type":"BreadcrumbList","@id":"https:\/\/onevetgroup.pt\/hvuparedes\/especialidades\/anestesia-e-gestao-da-dor\/#breadcrumb","itemListElement":[{"@type":"ListItem","position":1,"name":"Home","item":"https:\/\/onevetgroup.pt\/hvuparedes\/"},{"@type":"ListItem","position":2,"name":"Especialidades","item":"https:\/\/onevetgroup.pt\/hvuparedes\/especialidades\/"},{"@type":"ListItem","position":3,"name":"Anestesia e Gest\u00e3o da Dor"}]},{"@type":"WebSite","@id":"https:\/\/onevetgroup.pt\/hvuparedes\/#website","url":"https:\/\/onevetgroup.pt\/hvuparedes\/","name":"Universit\u00e1rio de Paredes","description":"Your Pets in Good Hands","publisher":{"@id":"https:\/\/onevetgroup.pt\/hvuparedes\/#organization"},"potentialAction":[{"@type":"SearchAction","target":{"@type":"EntryPoint","urlTemplate":"https:\/\/onevetgroup.pt\/hvuparedes\/?s={search_term_string}"},"query-input":{"@type":"PropertyValueSpecification","valueRequired":true,"valueName":"search_term_string"}}],"inLanguage":"pt-PT"},{"@type":"Organization","@id":"https:\/\/onevetgroup.pt\/hvuparedes\/#organization","name":"Universit\u00e1rio de Paredes","url":"https:\/\/onevetgroup.pt\/hvuparedes\/","logo":{"@type":"ImageObject","inLanguage":"pt-PT","@id":"https:\/\/onevetgroup.pt\/hvuparedes\/#\/schema\/logo\/image\/","url":"https:\/\/onevetgroup.pt\/hvuparedes\/wp-content\/uploads\/sites\/72\/2025\/08\/cropped-4_logo_h_cores.png","contentUrl":"https:\/\/onevetgroup.pt\/hvuparedes\/wp-content\/uploads\/sites\/72\/2025\/08\/cropped-4_logo_h_cores.png","width":3850,"height":1091,"caption":"Universit\u00e1rio de Paredes"},"image":{"@id":"https:\/\/onevetgroup.pt\/hvuparedes\/#\/schema\/logo\/image\/"}}]}},"_links":{"self":[{"href":"https:\/\/onevetgroup.pt\/hvuparedes\/wp-json\/wp\/v2\/pages\/19155","targetHints":{"allow":["GET"]}}],"collection":[{"href":"https:\/\/onevetgroup.pt\/hvuparedes\/wp-json\/wp\/v2\/pages"}],"about":[{"href":"https:\/\/onevetgroup.pt\/hvuparedes\/wp-json\/wp\/v2\/types\/page"}],"author":[{"embeddable":true,"href":"https:\/\/onevetgroup.pt\/hvuparedes\/wp-json\/wp\/v2\/users\/61"}],"replies":[{"embeddable":true,"href":"https:\/\/onevetgroup.pt\/hvuparedes\/wp-json\/wp\/v2\/comments?post=19155"}],"version-history":[{"count":3,"href":"https:\/\/onevetgroup.pt\/hvuparedes\/wp-json\/wp\/v2\/pages\/19155\/revisions"}],"predecessor-version":[{"id":20803,"href":"https:\/\/onevetgroup.pt\/hvuparedes\/wp-json\/wp\/v2\/pages\/19155\/revisions\/20803"}],"up":[{"embeddable":true,"href":"https:\/\/onevetgroup.pt\/hvuparedes\/wp-json\/wp\/v2\/pages\/19849"}],"wp:attachment":[{"href":"https:\/\/onevetgroup.pt\/hvuparedes\/wp-json\/wp\/v2\/media?parent=19155"}],"curies":[{"name":"wp","href":"https:\/\/api.w.org\/{rel}","templated":true}]}}