{"id":282,"date":"2020-10-03T08:10:45","date_gmt":"2020-10-03T08:10:45","guid":{"rendered":"http:\/\/onevet.pt\/cabrils\/?page_id=282"},"modified":"2026-03-27T16:58:46","modified_gmt":"2026-03-27T16:58:46","slug":"our-team","status":"publish","type":"page","link":"https:\/\/onevetgroup.pt\/oia\/en\/our-team\/","title":{"rendered":"Our Team"},"content":{"rendered":"\t\t<div data-elementor-type=\"wp-page\" data-elementor-id=\"282\" class=\"elementor elementor-282 elementor-17840\" data-elementor-post-type=\"page\">\n\t\t\t\t\t\t<section class=\"elementor-section elementor-top-section elementor-element elementor-element-2315038 pad-bot-0 elementor-section-boxed elementor-section-height-default elementor-section-height-default\" data-id=\"2315038\" data-element_type=\"section\" data-e-type=\"section\" id=\"main-sec\" data-settings=\"{&quot;background_background&quot;:&quot;classic&quot;}\">\n\t\t\t\t\t\t<div class=\"elementor-container elementor-column-gap-default\">\n\t\t\t\t\t<div class=\"elementor-column elementor-col-100 elementor-top-column elementor-element elementor-element-35c75b2\" data-id=\"35c75b2\" data-element_type=\"column\" data-e-type=\"column\">\n\t\t\t<div class=\"elementor-widget-wrap elementor-element-populated\">\n\t\t\t\t\t\t<div class=\"elementor-element elementor-element-28b1762 elementor-widget elementor-widget-text-editor\" data-id=\"28b1762\" data-element_type=\"widget\" data-e-type=\"widget\" data-widget_type=\"text-editor.default\">\n\t\t\t\t<div class=\"elementor-widget-container\">\n\t\t\t\t\t\t\t\t\t<p>Onevet Oi\u00e3 Veterinary Clinic has a fantastic team that will provide you with the highest level of care.<\/p>\t\t\t\t\t\t\t\t<\/div>\n\t\t\t\t<\/div>\n\t\t\t\t\t<\/div>\n\t\t<\/div>\n\t\t\t\t\t<\/div>\n\t\t<\/section>\n\t\t\t\t<section class=\"elementor-section elementor-top-section elementor-element elementor-element-0dd6769 team-member elementor-section-boxed elementor-section-height-default elementor-section-height-default\" data-id=\"0dd6769\" data-element_type=\"section\" data-e-type=\"section\">\n\t\t\t\t\t\t<div class=\"elementor-container elementor-column-gap-default\">\n\t\t\t\t\t<div class=\"elementor-column elementor-col-100 elementor-top-column elementor-element elementor-element-c71e6ff\" data-id=\"c71e6ff\" data-element_type=\"column\" data-e-type=\"column\">\n\t\t\t<div class=\"elementor-widget-wrap elementor-element-populated\">\n\t\t\t\t\t\t<div class=\"elementor-element elementor-element-6d64474 elementor-hidden-tablet elementor-hidden-phone elementor-widget elementor-widget-section_titleleft\" data-id=\"6d64474\" data-element_type=\"widget\" data-e-type=\"widget\" data-widget_type=\"section_titleleft.default\">\n\t\t\t\t<div class=\"elementor-widget-container\">\n\t\t\t\t\t        <div class=\"ab_text-title fl-wrap\">\r\n            <h3>Veterinary Doctor<\/h3><span class=\"section-separator fl-sec-sep\"><\/span>        <\/div>\r\n        \t\t\t\t<\/div>\n\t\t\t\t<\/div>\n\t\t\t\t<section class=\"elementor-section elementor-inner-section elementor-element elementor-element-a133ae1 elementor-section-boxed elementor-section-height-default elementor-section-height-default\" data-id=\"a133ae1\" data-element_type=\"section\" data-e-type=\"section\">\n\t\t\t\t\t\t<div class=\"elementor-container elementor-column-gap-default\">\n\t\t\t\t\t<div class=\"elementor-column elementor-col-25 elementor-inner-column elementor-element elementor-element-b682c4f\" data-id=\"b682c4f\" data-element_type=\"column\" data-e-type=\"column\">\n\t\t\t<div class=\"elementor-widget-wrap elementor-element-populated\">\n\t\t\t\t\t\t<div class=\"elementor-element elementor-element-065be42 elementor-widget elementor-widget-team_box\" data-id=\"065be42\" data-element_type=\"widget\" data-e-type=\"widget\" data-widget_type=\"team_box.default\">\n\t\t\t\t<div class=\"elementor-widget-container\">\n\t\t\t\t\t            <div class=\"team-holder section-team fl-wrap\">\r\n                <div class=\"team-box-image\">\r\n                    <div class=\"team-photo\">\r\n                        <img decoding=\"async\" src=\"\" class=\"respimg\">                                    \r\n                    <\/div>\r\n                    <div class=\"team-info\">\r\n                        <h3><a href=\"\">C\u00e1tia Santos<\/a><\/h3><h4>Veterinary Doctor Director<\/h4>He completed the Integrated Master\u2019s Program in Veterinary Medicine in 2014 at Vasco da Gama University.                     <\/div>\r\n                <\/div>\r\n            <\/div>\r\n        \t\t\t\t<\/div>\n\t\t\t\t<\/div>\n\t\t\t\t<div class=\"elementor-element elementor-element-88e2a47 readmoretoggle elementor-widget__width-initial elementor-widget elementor-widget-toggle\" data-id=\"88e2a47\" data-element_type=\"widget\" data-e-type=\"widget\" data-widget_type=\"toggle.default\">\n\t\t\t\t<div class=\"elementor-widget-container\">\n\t\t\t\t\t\t\t<div class=\"elementor-toggle\">\n\t\t\t\t\t\t\t<div class=\"elementor-toggle-item\">\n\t\t\t\t\t<div id=\"elementor-tab-title-1431\" class=\"elementor-tab-title\" data-tab=\"1\" role=\"button\" aria-controls=\"elementor-tab-content-1431\" aria-expanded=\"false\">\n\t\t\t\t\t\t\t\t\t\t\t\t<a class=\"elementor-toggle-title\" tabindex=\"0\">Read More<\/a>\n\t\t\t\t\t<\/div>\n\n\t\t\t\t\t<div id=\"elementor-tab-content-1431\" class=\"elementor-tab-content elementor-clearfix\" data-tab=\"1\" role=\"region\" aria-labelledby=\"elementor-tab-title-1431\"><p>Since then, she has been practicing veterinary medicine in the field of companion animals. Her areas of interest include internal medicine, oncology, preventive medicine, and dermatology.<br \/>In her free time, she enjoys playing sports, reading, traveling, and walking her dogs.<\/p><\/div>\n\t\t\t\t<\/div>\n\t\t\t\t\t\t\t\t<\/div>\n\t\t\t\t\t\t<\/div>\n\t\t\t\t<\/div>\n\t\t\t\t\t<\/div>\n\t\t<\/div>\n\t\t\t\t<div class=\"elementor-column elementor-col-25 elementor-inner-column elementor-element elementor-element-c2e103d nodata_bor\" data-id=\"c2e103d\" data-element_type=\"column\" data-e-type=\"column\">\n\t\t\t<div class=\"elementor-widget-wrap\">\n\t\t\t\t\t\t\t<\/div>\n\t\t<\/div>\n\t\t\t\t<div class=\"elementor-column elementor-col-25 elementor-inner-column elementor-element elementor-element-6fd5500 nodata_bor\" data-id=\"6fd5500\" data-element_type=\"column\" data-e-type=\"column\">\n\t\t\t<div class=\"elementor-widget-wrap\">\n\t\t\t\t\t\t\t<\/div>\n\t\t<\/div>\n\t\t\t\t<div class=\"elementor-column elementor-col-25 elementor-inner-column elementor-element elementor-element-21fa4f9 nodata_bor\" data-id=\"21fa4f9\" data-element_type=\"column\" data-e-type=\"column\">\n\t\t\t<div class=\"elementor-widget-wrap\">\n\t\t\t\t\t\t\t<\/div>\n\t\t<\/div>\n\t\t\t\t\t<\/div>\n\t\t<\/section>\n\t\t\t\t\t<\/div>\n\t\t<\/div>\n\t\t\t\t\t<\/div>\n\t\t<\/section>\n\t\t\t\t<section class=\"elementor-section elementor-top-section elementor-element elementor-element-857e81d elementor-section-boxed elementor-section-height-default elementor-section-height-default\" data-id=\"857e81d\" data-element_type=\"section\" data-e-type=\"section\">\n\t\t\t\t\t\t<div class=\"elementor-container elementor-column-gap-default\">\n\t\t\t\t\t<div class=\"elementor-column elementor-col-100 elementor-top-column elementor-element elementor-element-6cf6c03\" data-id=\"6cf6c03\" data-element_type=\"column\" data-e-type=\"column\">\n\t\t\t<div class=\"elementor-widget-wrap elementor-element-populated\">\n\t\t\t\t\t\t<div class=\"elementor-element elementor-element-b2492a3 elementor-widget elementor-widget-section_titleleft\" data-id=\"b2492a3\" data-element_type=\"widget\" data-e-type=\"widget\" data-widget_type=\"section_titleleft.default\">\n\t\t\t\t<div class=\"elementor-widget-container\">\n\t\t\t\t\t        <div class=\"ab_text-title fl-wrap\">\r\n            <h3>Enfermeiros e auxiliares veterin\u00e1rios<\/h3><span class=\"section-separator fl-sec-sep\"><\/span>        <\/div>\r\n        \t\t\t\t<\/div>\n\t\t\t\t<\/div>\n\t\t\t\t<section class=\"elementor-section elementor-inner-section elementor-element elementor-element-d81a314 elementor-section-boxed elementor-section-height-default elementor-section-height-default\" data-id=\"d81a314\" data-element_type=\"section\" data-e-type=\"section\">\n\t\t\t\t\t\t<div class=\"elementor-container elementor-column-gap-default\">\n\t\t\t\t\t<div class=\"elementor-column elementor-col-25 elementor-inner-column elementor-element elementor-element-1e2420b\" data-id=\"1e2420b\" data-element_type=\"column\" data-e-type=\"column\">\n\t\t\t<div class=\"elementor-widget-wrap elementor-element-populated\">\n\t\t\t\t\t\t<div class=\"elementor-element elementor-element-e7ac373 elementor-widget elementor-widget-team_box\" data-id=\"e7ac373\" data-element_type=\"widget\" data-e-type=\"widget\" data-widget_type=\"team_box.default\">\n\t\t\t\t<div class=\"elementor-widget-container\">\n\t\t\t\t\t            <div class=\"team-holder section-team fl-wrap\">\r\n                <div class=\"team-box-image\">\r\n                    <div class=\"team-photo\">\r\n                        <img decoding=\"async\" src=\"\" class=\"respimg\">                                    \r\n                    <\/div>\r\n                    <div class=\"team-info\">\r\n                        <h3><a href=\"\">Beatriz Gon\u00e7alves<\/a><\/h3><h4>Veterinary Assistant<\/h4>She attended the Equine Management Technical Program at the Vagos Professional School of Agriculture and Rural Development, graduating in 2022.                     <\/div>\r\n                <\/div>\r\n            <\/div>\r\n        \t\t\t\t<\/div>\n\t\t\t\t<\/div>\n\t\t\t\t<div class=\"elementor-element elementor-element-07dc977 readmoretoggle elementor-widget__width-initial elementor-widget elementor-widget-toggle\" data-id=\"07dc977\" data-element_type=\"widget\" data-e-type=\"widget\" data-widget_type=\"toggle.default\">\n\t\t\t\t<div class=\"elementor-widget-container\">\n\t\t\t\t\t\t\t<div class=\"elementor-toggle\">\n\t\t\t\t\t\t\t<div class=\"elementor-toggle-item\">\n\t\t\t\t\t<div id=\"elementor-tab-title-8241\" class=\"elementor-tab-title\" data-tab=\"1\" role=\"button\" aria-controls=\"elementor-tab-content-8241\" aria-expanded=\"false\">\n\t\t\t\t\t\t\t\t\t\t\t\t<a class=\"elementor-toggle-title\" tabindex=\"0\">Read More<\/a>\n\t\t\t\t\t<\/div>\n\n\t\t\t\t\t<div id=\"elementor-tab-content-8241\" class=\"elementor-tab-content elementor-clearfix\" data-tab=\"1\" role=\"region\" aria-labelledby=\"elementor-tab-title-8241\"><p>In 2022, she completed the Veterinary Assistant Training Program and began her internship in 2023 at ONEVET Veterinary Clinic in Aveiro, joining the team that same year to work in the dog and cat boarding facility.<br \/>In 2024, she joined the team at ONEVET Veterinary Clinic in Oi\u00e3, and that same year she took a course in dog and cat grooming.<br \/>Her areas of interest include animal welfare, exotic animals, and feline and canine medicine.<br \/>In her free time, she enjoys spending time with her family and pursuing her hobbies. She loves spending time with her pets and taking walks on the beach.<\/p><\/div>\n\t\t\t\t<\/div>\n\t\t\t\t\t\t\t\t<\/div>\n\t\t\t\t\t\t<\/div>\n\t\t\t\t<\/div>\n\t\t\t\t\t<\/div>\n\t\t<\/div>\n\t\t\t\t<div class=\"elementor-column elementor-col-25 elementor-inner-column elementor-element elementor-element-851c475 nodata_bor\" data-id=\"851c475\" data-element_type=\"column\" data-e-type=\"column\">\n\t\t\t<div class=\"elementor-widget-wrap\">\n\t\t\t\t\t\t\t<\/div>\n\t\t<\/div>\n\t\t\t\t<div class=\"elementor-column elementor-col-25 elementor-inner-column elementor-element elementor-element-c2e5638 nodata_bor\" data-id=\"c2e5638\" data-element_type=\"column\" data-e-type=\"column\">\n\t\t\t<div class=\"elementor-widget-wrap\">\n\t\t\t\t\t\t\t<\/div>\n\t\t<\/div>\n\t\t\t\t<div class=\"elementor-column elementor-col-25 elementor-inner-column elementor-element elementor-element-8785ec7 nodata_bor\" data-id=\"8785ec7\" data-element_type=\"column\" data-e-type=\"column\">\n\t\t\t<div class=\"elementor-widget-wrap\">\n\t\t\t\t\t\t\t<\/div>\n\t\t<\/div>\n\t\t\t\t\t<\/div>\n\t\t<\/section>\n\t\t\t\t\t<\/div>\n\t\t<\/div>\n\t\t\t\t\t<\/div>\n\t\t<\/section>\n\t\t\t\t<\/div>\n\t\t","protected":false},"excerpt":{"rendered":"<p>Onevet Oi\u00e3 Veterinary Clinic has a fantastic team that will provide you with the highest level of care. Veterinary Doctor C\u00e1tia Santos Veterinary Doctor Director He completed the Integrated Master\u2019s Program in Veterinary Medicine in 2014 at Vasco da Gama University. Read More Since then, she has been practicing veterinary medicine in the field of &hellip; <\/p>\n","protected":false},"author":1,"featured_media":0,"parent":0,"menu_order":0,"comment_status":"closed","ping_status":"closed","template":"page-fullwidth.php","meta":{"_acf_changed":false,"content-type":"","footnotes":""},"class_list":["post-282","page","type-page","status-publish","hentry"],"acf":[],"yoast_head":"<!-- This site is optimized with the Yoast SEO plugin v27.4 - https:\/\/yoast.com\/product\/yoast-seo-wordpress\/ -->\n<title>Our Team - Oi\u00e3<\/title>\n<meta name=\"robots\" content=\"index, follow, max-snippet:-1, max-image-preview:large, max-video-preview:-1\" \/>\n<link rel=\"canonical\" href=\"https:\/\/onevetgroup.pt\/oia\/en\/our-team\/\" \/>\n<meta property=\"og:locale\" content=\"en_US\" \/>\n<meta property=\"og:type\" content=\"article\" \/>\n<meta property=\"og:title\" content=\"Our Team - Oi\u00e3\" \/>\n<meta property=\"og:description\" content=\"Onevet Oi\u00e3 Veterinary Clinic has a fantastic team that will provide you with the highest level of care. Veterinary Doctor C\u00e1tia Santos Veterinary Doctor Director He completed the Integrated Master\u2019s Program in Veterinary Medicine in 2014 at Vasco da Gama University. Read More Since then, she has been practicing veterinary medicine in the field of &hellip;\" \/>\n<meta property=\"og:url\" content=\"https:\/\/onevetgroup.pt\/oia\/en\/our-team\/\" \/>\n<meta property=\"og:site_name\" content=\"Oi\u00e3\" \/>\n<meta property=\"article:modified_time\" content=\"2026-03-27T16:58:46+00:00\" \/>\n<meta name=\"twitter:card\" content=\"summary_large_image\" \/>\n<meta name=\"twitter:label1\" content=\"Est. reading time\" \/>\n\t<meta name=\"twitter:data1\" content=\"2 minutes\" \/>\n<script type=\"application\/ld+json\" class=\"yoast-schema-graph\">{\"@context\":\"https:\\\/\\\/schema.org\",\"@graph\":[{\"@type\":\"WebPage\",\"@id\":\"https:\\\/\\\/onevetgroup.pt\\\/oia\\\/en\\\/our-team\\\/\",\"url\":\"https:\\\/\\\/onevetgroup.pt\\\/oia\\\/en\\\/our-team\\\/\",\"name\":\"Our Team - Oi\u00e3\",\"isPartOf\":{\"@id\":\"https:\\\/\\\/onevetgroup.pt\\\/oia\\\/en\\\/#website\"},\"datePublished\":\"2020-10-03T08:10:45+00:00\",\"dateModified\":\"2026-03-27T16:58:46+00:00\",\"breadcrumb\":{\"@id\":\"https:\\\/\\\/onevetgroup.pt\\\/oia\\\/en\\\/our-team\\\/#breadcrumb\"},\"inLanguage\":\"en-US\",\"potentialAction\":[{\"@type\":\"ReadAction\",\"target\":[\"https:\\\/\\\/onevetgroup.pt\\\/oia\\\/en\\\/our-team\\\/\"]}]},{\"@type\":\"BreadcrumbList\",\"@id\":\"https:\\\/\\\/onevetgroup.pt\\\/oia\\\/en\\\/our-team\\\/#breadcrumb\",\"itemListElement\":[{\"@type\":\"ListItem\",\"position\":1,\"name\":\"Home\",\"item\":\"https:\\\/\\\/onevetgroup.pt\\\/oia\\\/en\\\/\"},{\"@type\":\"ListItem\",\"position\":2,\"name\":\"Our Team\"}]},{\"@type\":\"WebSite\",\"@id\":\"https:\\\/\\\/onevetgroup.pt\\\/oia\\\/en\\\/#website\",\"url\":\"https:\\\/\\\/onevetgroup.pt\\\/oia\\\/en\\\/\",\"name\":\"Oi\u00e3\",\"description\":\"Your Pets in Good Hands\",\"publisher\":{\"@id\":\"https:\\\/\\\/onevetgroup.pt\\\/oia\\\/en\\\/#organization\"},\"potentialAction\":[{\"@type\":\"SearchAction\",\"target\":{\"@type\":\"EntryPoint\",\"urlTemplate\":\"https:\\\/\\\/onevetgroup.pt\\\/oia\\\/en\\\/?s={search_term_string}\"},\"query-input\":{\"@type\":\"PropertyValueSpecification\",\"valueRequired\":true,\"valueName\":\"search_term_string\"}}],\"inLanguage\":\"en-US\"},{\"@type\":\"Organization\",\"@id\":\"https:\\\/\\\/onevetgroup.pt\\\/oia\\\/en\\\/#organization\",\"name\":\"Oi\u00e3\",\"url\":\"https:\\\/\\\/onevetgroup.pt\\\/oia\\\/en\\\/\",\"logo\":{\"@type\":\"ImageObject\",\"inLanguage\":\"en-US\",\"@id\":\"https:\\\/\\\/onevetgroup.pt\\\/oia\\\/en\\\/#\\\/schema\\\/logo\\\/image\\\/\",\"url\":\"https:\\\/\\\/onevetgroup.pt\\\/oia\\\/wp-content\\\/uploads\\\/sites\\\/19\\\/2023\\\/07\\\/cropped-onevet_cvoia_horizontal-e1689066467177.png\",\"contentUrl\":\"https:\\\/\\\/onevetgroup.pt\\\/oia\\\/wp-content\\\/uploads\\\/sites\\\/19\\\/2023\\\/07\\\/cropped-onevet_cvoia_horizontal-e1689066467177.png\",\"width\":269,\"height\":70,\"caption\":\"Oi\u00e3\"},\"image\":{\"@id\":\"https:\\\/\\\/onevetgroup.pt\\\/oia\\\/en\\\/#\\\/schema\\\/logo\\\/image\\\/\"}}]}<\/script>\n<!-- \/ Yoast SEO plugin. -->","yoast_head_json":{"title":"Our Team - Oi\u00e3","robots":{"index":"index","follow":"follow","max-snippet":"max-snippet:-1","max-image-preview":"max-image-preview:large","max-video-preview":"max-video-preview:-1"},"canonical":"https:\/\/onevetgroup.pt\/oia\/en\/our-team\/","og_locale":"en_US","og_type":"article","og_title":"Our Team - Oi\u00e3","og_description":"Onevet Oi\u00e3 Veterinary Clinic has a fantastic team that will provide you with the highest level of care. Veterinary Doctor C\u00e1tia Santos Veterinary Doctor Director He completed the Integrated Master\u2019s Program in Veterinary Medicine in 2014 at Vasco da Gama University. Read More Since then, she has been practicing veterinary medicine in the field of &hellip;","og_url":"https:\/\/onevetgroup.pt\/oia\/en\/our-team\/","og_site_name":"Oi\u00e3","article_modified_time":"2026-03-27T16:58:46+00:00","twitter_card":"summary_large_image","twitter_misc":{"Est. reading time":"2 minutes"},"schema":{"@context":"https:\/\/schema.org","@graph":[{"@type":"WebPage","@id":"https:\/\/onevetgroup.pt\/oia\/en\/our-team\/","url":"https:\/\/onevetgroup.pt\/oia\/en\/our-team\/","name":"Our Team - Oi\u00e3","isPartOf":{"@id":"https:\/\/onevetgroup.pt\/oia\/en\/#website"},"datePublished":"2020-10-03T08:10:45+00:00","dateModified":"2026-03-27T16:58:46+00:00","breadcrumb":{"@id":"https:\/\/onevetgroup.pt\/oia\/en\/our-team\/#breadcrumb"},"inLanguage":"en-US","potentialAction":[{"@type":"ReadAction","target":["https:\/\/onevetgroup.pt\/oia\/en\/our-team\/"]}]},{"@type":"BreadcrumbList","@id":"https:\/\/onevetgroup.pt\/oia\/en\/our-team\/#breadcrumb","itemListElement":[{"@type":"ListItem","position":1,"name":"Home","item":"https:\/\/onevetgroup.pt\/oia\/en\/"},{"@type":"ListItem","position":2,"name":"Our Team"}]},{"@type":"WebSite","@id":"https:\/\/onevetgroup.pt\/oia\/en\/#website","url":"https:\/\/onevetgroup.pt\/oia\/en\/","name":"Oi\u00e3","description":"Your Pets in Good Hands","publisher":{"@id":"https:\/\/onevetgroup.pt\/oia\/en\/#organization"},"potentialAction":[{"@type":"SearchAction","target":{"@type":"EntryPoint","urlTemplate":"https:\/\/onevetgroup.pt\/oia\/en\/?s={search_term_string}"},"query-input":{"@type":"PropertyValueSpecification","valueRequired":true,"valueName":"search_term_string"}}],"inLanguage":"en-US"},{"@type":"Organization","@id":"https:\/\/onevetgroup.pt\/oia\/en\/#organization","name":"Oi\u00e3","url":"https:\/\/onevetgroup.pt\/oia\/en\/","logo":{"@type":"ImageObject","inLanguage":"en-US","@id":"https:\/\/onevetgroup.pt\/oia\/en\/#\/schema\/logo\/image\/","url":"https:\/\/onevetgroup.pt\/oia\/wp-content\/uploads\/sites\/19\/2023\/07\/cropped-onevet_cvoia_horizontal-e1689066467177.png","contentUrl":"https:\/\/onevetgroup.pt\/oia\/wp-content\/uploads\/sites\/19\/2023\/07\/cropped-onevet_cvoia_horizontal-e1689066467177.png","width":269,"height":70,"caption":"Oi\u00e3"},"image":{"@id":"https:\/\/onevetgroup.pt\/oia\/en\/#\/schema\/logo\/image\/"}}]}},"_links":{"self":[{"href":"https:\/\/onevetgroup.pt\/oia\/en\/wp-json\/wp\/v2\/pages\/282","targetHints":{"allow":["GET"]}}],"collection":[{"href":"https:\/\/onevetgroup.pt\/oia\/en\/wp-json\/wp\/v2\/pages"}],"about":[{"href":"https:\/\/onevetgroup.pt\/oia\/en\/wp-json\/wp\/v2\/types\/page"}],"author":[{"embeddable":true,"href":"https:\/\/onevetgroup.pt\/oia\/en\/wp-json\/wp\/v2\/users\/1"}],"replies":[{"embeddable":true,"href":"https:\/\/onevetgroup.pt\/oia\/en\/wp-json\/wp\/v2\/comments?post=282"}],"version-history":[{"count":12,"href":"https:\/\/onevetgroup.pt\/oia\/en\/wp-json\/wp\/v2\/pages\/282\/revisions"}],"predecessor-version":[{"id":20029,"href":"https:\/\/onevetgroup.pt\/oia\/en\/wp-json\/wp\/v2\/pages\/282\/revisions\/20029"}],"wp:attachment":[{"href":"https:\/\/onevetgroup.pt\/oia\/en\/wp-json\/wp\/v2\/media?parent=282"}],"curies":[{"name":"wp","href":"https:\/\/api.w.org\/{rel}","templated":true}]}}