{"id":14008,"date":"2021-02-08T15:28:59","date_gmt":"2021-02-08T15:28:59","guid":{"rendered":"http:\/\/onevet.pt\/oia\/sobre-nos\/"},"modified":"2024-04-15T20:24:31","modified_gmt":"2024-04-15T20:24:31","slug":"sobre-nos","status":"publish","type":"page","link":"https:\/\/onevetgroup.pt\/oia\/sobre-nos\/","title":{"rendered":"Sobre N\u00f3s"},"content":{"rendered":"\t\t<div data-elementor-type=\"wp-page\" data-elementor-id=\"14008\" class=\"elementor elementor-14008 elementor-268\" data-elementor-post-type=\"page\">\n\t\t\t\t\t\t<section class=\"elementor-section elementor-top-section elementor-element elementor-element-54cf215 pad-top-0 elementor-section-boxed elementor-section-height-default elementor-section-height-default\" data-id=\"54cf215\" data-element_type=\"section\" data-e-type=\"section\" data-settings=\"{&quot;background_background&quot;:&quot;classic&quot;}\">\n\t\t\t\t\t\t<div class=\"elementor-container elementor-column-gap-default\">\n\t\t\t\t\t<div class=\"elementor-column elementor-col-100 elementor-top-column elementor-element elementor-element-d926441\" data-id=\"d926441\" data-element_type=\"column\" data-e-type=\"column\">\n\t\t\t<div class=\"elementor-widget-wrap elementor-element-populated\">\n\t\t\t\t\t\t<div class=\"elementor-element elementor-element-9725bcd elementor-widget elementor-widget-section_titleleft\" data-id=\"9725bcd\" data-element_type=\"widget\" data-e-type=\"widget\" data-widget_type=\"section_titleleft.default\">\n\t\t\t\t<div class=\"elementor-widget-container\">\n\t\t\t\t\t        <div class=\"ab_text-title fl-wrap\">\r\n            <h3>Onevet Consult\u00f3rio Veterin\u00e1rio de Oi\u00e3 com Urg\u00eancias 24, assegurado pelo Onevet Hospital Veterin\u00e1rio Baixo Vouga (HVBV)<\/h3><h4>H\u00e1 16 anos que ajudamos a melhorar a sa\u00fade dos seus animais de estima\u00e7\u00e3o.<\/h4><span class=\"section-separator fl-sec-sep\"><\/span>        <\/div>\r\n        \t\t\t\t<\/div>\n\t\t\t\t<\/div>\n\t\t\t\t<section class=\"elementor-section elementor-inner-section elementor-element elementor-element-35814f4 elementor-section-full_width elementor-section-height-default elementor-section-height-default\" data-id=\"35814f4\" data-element_type=\"section\" data-e-type=\"section\">\n\t\t\t\t\t\t<div class=\"elementor-container elementor-column-gap-wide\">\n\t\t\t\t\t<div class=\"elementor-column elementor-col-50 elementor-inner-column elementor-element elementor-element-7fa3f34\" data-id=\"7fa3f34\" data-element_type=\"column\" data-e-type=\"column\">\n\t\t\t<div class=\"elementor-widget-wrap elementor-element-populated\">\n\t\t\t\t\t\t<div class=\"elementor-element elementor-element-9e79898 elementor-widget elementor-widget-image\" data-id=\"9e79898\" data-element_type=\"widget\" data-e-type=\"widget\" data-widget_type=\"image.default\">\n\t\t\t\t<div class=\"elementor-widget-container\">\n\t\t\t\t\t\t\t\t\t\t\t\t\t\t\t<img fetchpriority=\"high\" width=\"786\" height=\"524\" class=\"attachment-townhub-single-image size-townhub-single-image wp-image-19755 lazy\" alt=\"\" data-src=\"https:\/\/onevetgroup.pt\/oia\/wp-content\/uploads\/sites\/19\/2024\/04\/931-786x524.jpg\" data-lazy=\"https:\/\/onevetgroup.pt\/oia\/wp-content\/uploads\/sites\/19\/2024\/04\/931-786x524.jpg\" \/>\t\t\t\t\t\t\t\t\t\t\t\t\t\t\t<\/div>\n\t\t\t\t<\/div>\n\t\t\t\t\t<\/div>\n\t\t<\/div>\n\t\t\t\t<div class=\"elementor-column elementor-col-50 elementor-inner-column elementor-element elementor-element-202374d\" data-id=\"202374d\" data-element_type=\"column\" data-e-type=\"column\">\n\t\t\t<div class=\"elementor-widget-wrap elementor-element-populated\">\n\t\t\t\t\t\t<div class=\"elementor-element elementor-element-3b393ce about-wrap elementor-widget elementor-widget-text-editor\" data-id=\"3b393ce\" data-element_type=\"widget\" data-e-type=\"widget\" data-widget_type=\"text-editor.default\">\n\t\t\t\t<div class=\"elementor-widget-container\">\n\t\t\t\t\t\t\t\t\t<p>O nosso consult\u00f3rio foi fundado em Oi\u00e3, no ano de 2003, e desde essa altura que nos dedicamos \u00e0 sa\u00fade e bem-estar animal para garantir a qualidade de vida dos nossos amigos de 4 patas.<\/p><p>Contamos com uma equipa pequena mas experiente, sempre prontos a proporcionar um servi\u00e7o completo.<\/p>\t\t\t\t\t\t\t\t<\/div>\n\t\t\t\t<\/div>\n\t\t\t\t\t<\/div>\n\t\t<\/div>\n\t\t\t\t\t<\/div>\n\t\t<\/section>\n\t\t\t\t<section class=\"elementor-section elementor-inner-section elementor-element elementor-element-31d68ae elementor-section-boxed elementor-section-height-default elementor-section-height-default\" data-id=\"31d68ae\" data-element_type=\"section\" data-e-type=\"section\">\n\t\t\t\t\t\t<div class=\"elementor-container elementor-column-gap-default\">\n\t\t\t\t\t<div class=\"elementor-column elementor-col-50 elementor-inner-column elementor-element elementor-element-8ddd41b\" data-id=\"8ddd41b\" data-element_type=\"column\" data-e-type=\"column\">\n\t\t\t<div class=\"elementor-widget-wrap elementor-element-populated\">\n\t\t\t\t\t\t<div class=\"elementor-element elementor-element-c87b63e elementor-align-center elementor-widget elementor-widget-button\" data-id=\"c87b63e\" data-element_type=\"widget\" data-e-type=\"widget\" data-widget_type=\"button.default\">\n\t\t\t\t<div class=\"elementor-widget-container\">\n\t\t\t\t\t\t\t\t\t<div class=\"elementor-button-wrapper\">\n\t\t\t\t\t<a class=\"elementor-button elementor-button-link elementor-size-sm\" href=\"\/oia\/instalacoes\/\">\n\t\t\t\t\t\t<span class=\"elementor-button-content-wrapper\">\n\t\t\t\t\t\t\t\t\t<span class=\"elementor-button-text\">As Nossas Instala\u00e7\u00f5es<\/span>\n\t\t\t\t\t<\/span>\n\t\t\t\t\t<\/a>\n\t\t\t\t<\/div>\n\t\t\t\t\t\t\t\t<\/div>\n\t\t\t\t<\/div>\n\t\t\t\t\t<\/div>\n\t\t<\/div>\n\t\t\t\t<div class=\"elementor-column elementor-col-50 elementor-inner-column elementor-element elementor-element-d044a7e\" data-id=\"d044a7e\" data-element_type=\"column\" data-e-type=\"column\">\n\t\t\t<div class=\"elementor-widget-wrap elementor-element-populated\">\n\t\t\t\t\t\t<div class=\"elementor-element elementor-element-75ee515 elementor-align-center elementor-widget elementor-widget-button\" data-id=\"75ee515\" data-element_type=\"widget\" data-e-type=\"widget\" data-widget_type=\"button.default\">\n\t\t\t\t<div class=\"elementor-widget-container\">\n\t\t\t\t\t\t\t\t\t<div class=\"elementor-button-wrapper\">\n\t\t\t\t\t<a class=\"elementor-button elementor-button-link elementor-size-sm\" href=\"\/oia\/a-nossa-equipa\/\">\n\t\t\t\t\t\t<span class=\"elementor-button-content-wrapper\">\n\t\t\t\t\t\t\t\t\t<span class=\"elementor-button-text\">A Nossa Equipa<\/span>\n\t\t\t\t\t<\/span>\n\t\t\t\t\t<\/a>\n\t\t\t\t<\/div>\n\t\t\t\t\t\t\t\t<\/div>\n\t\t\t\t<\/div>\n\t\t\t\t\t<\/div>\n\t\t<\/div>\n\t\t\t\t\t<\/div>\n\t\t<\/section>\n\t\t\t\t\t<\/div>\n\t\t<\/div>\n\t\t\t\t\t<\/div>\n\t\t<\/section>\n\t\t\t\t<section class=\"elementor-section elementor-top-section elementor-element elementor-element-1f78772 elementor-section-boxed elementor-section-height-default elementor-section-height-default\" data-id=\"1f78772\" data-element_type=\"section\" data-e-type=\"section\">\n\t\t\t\t\t\t<div class=\"elementor-container elementor-column-gap-default\">\n\t\t\t\t\t<div class=\"elementor-column elementor-col-100 elementor-top-column elementor-element elementor-element-ade0b49\" data-id=\"ade0b49\" data-element_type=\"column\" data-e-type=\"column\">\n\t\t\t<div class=\"elementor-widget-wrap elementor-element-populated\">\n\t\t\t\t\t\t<div class=\"elementor-element elementor-element-ef6a20a elementor-widget elementor-widget-gallery\" data-id=\"ef6a20a\" data-element_type=\"widget\" data-e-type=\"widget\" data-settings=\"{&quot;columns&quot;:&quot;3&quot;,&quot;aspect_ratio&quot;:&quot;1:1&quot;,&quot;lazyload&quot;:&quot;yes&quot;,&quot;gallery_layout&quot;:&quot;grid&quot;,&quot;columns_tablet&quot;:2,&quot;columns_mobile&quot;:1,&quot;gap&quot;:{&quot;unit&quot;:&quot;px&quot;,&quot;size&quot;:10,&quot;sizes&quot;:[]},&quot;gap_tablet&quot;:{&quot;unit&quot;:&quot;px&quot;,&quot;size&quot;:10,&quot;sizes&quot;:[]},&quot;gap_mobile&quot;:{&quot;unit&quot;:&quot;px&quot;,&quot;size&quot;:10,&quot;sizes&quot;:[]},&quot;link_to&quot;:&quot;file&quot;,&quot;overlay_background&quot;:&quot;yes&quot;,&quot;content_hover_animation&quot;:&quot;fade-in&quot;}\" data-widget_type=\"gallery.default\">\n\t\t\t\t<div class=\"elementor-widget-container\">\n\t\t\t\t\t\t\t<div class=\"elementor-gallery__container\">\n\t\t\t\t\t\t\t<a class=\"e-gallery-item elementor-gallery-item elementor-animated-content\" href=\"https:\/\/onevetgroup.pt\/oia\/wp-content\/uploads\/sites\/19\/2023\/07\/910.jpg\" data-elementor-open-lightbox=\"yes\" data-elementor-lightbox-slideshow=\"ef6a20a\" data-elementor-lightbox-title=\"910\" data-e-action-hash=\"#elementor-action%3Aaction%3Dlightbox%26settings%3DeyJpZCI6MTk1MzAsInVybCI6Imh0dHBzOlwvXC9vbmV2ZXRncm91cC5wdFwvb2lhXC93cC1jb250ZW50XC91cGxvYWRzXC9zaXRlc1wvMTlcLzIwMjNcLzA3XC85MTAuanBnIiwic2xpZGVzaG93IjoiZWY2YTIwYSJ9\">\n\t\t\t\t\t<div class=\"e-gallery-image elementor-gallery-item__image\" data-thumbnail=\"https:\/\/onevetgroup.pt\/oia\/wp-content\/uploads\/sites\/19\/2023\/07\/910-1024x683.jpg\" data-width=\"724\" data-height=\"483\" aria-label=\"\" role=\"img\" ><\/div>\n\t\t\t\t\t\t\t\t\t\t\t<div class=\"elementor-gallery-item__overlay\"><\/div>\n\t\t\t\t\t\t\t\t\t\t\t\t\t\t<\/a>\n\t\t\t\t\t\t\t<a class=\"e-gallery-item elementor-gallery-item elementor-animated-content\" href=\"https:\/\/onevetgroup.pt\/oia\/wp-content\/uploads\/sites\/19\/2023\/07\/992.jpg\" data-elementor-open-lightbox=\"yes\" data-elementor-lightbox-slideshow=\"ef6a20a\" data-elementor-lightbox-title=\"992\" data-e-action-hash=\"#elementor-action%3Aaction%3Dlightbox%26settings%3DeyJpZCI6MTk1MjgsInVybCI6Imh0dHBzOlwvXC9vbmV2ZXRncm91cC5wdFwvb2lhXC93cC1jb250ZW50XC91cGxvYWRzXC9zaXRlc1wvMTlcLzIwMjNcLzA3XC85OTIuanBnIiwic2xpZGVzaG93IjoiZWY2YTIwYSJ9\">\n\t\t\t\t\t<div class=\"e-gallery-image elementor-gallery-item__image\" data-thumbnail=\"https:\/\/onevetgroup.pt\/oia\/wp-content\/uploads\/sites\/19\/2023\/07\/992-1024x683.jpg\" data-width=\"724\" data-height=\"483\" aria-label=\"\" role=\"img\" ><\/div>\n\t\t\t\t\t\t\t\t\t\t\t<div class=\"elementor-gallery-item__overlay\"><\/div>\n\t\t\t\t\t\t\t\t\t\t\t\t\t\t<\/a>\n\t\t\t\t\t\t\t<a class=\"e-gallery-item elementor-gallery-item elementor-animated-content\" href=\"https:\/\/onevetgroup.pt\/oia\/wp-content\/uploads\/sites\/19\/2023\/07\/909-e1689176436310.jpg\" data-elementor-open-lightbox=\"yes\" data-elementor-lightbox-slideshow=\"ef6a20a\" data-elementor-lightbox-title=\"909\" data-e-action-hash=\"#elementor-action%3Aaction%3Dlightbox%26settings%3DeyJpZCI6MTk1NDksInVybCI6Imh0dHBzOlwvXC9vbmV2ZXRncm91cC5wdFwvb2lhXC93cC1jb250ZW50XC91cGxvYWRzXC9zaXRlc1wvMTlcLzIwMjNcLzA3XC85MDktZTE2ODkxNzY0MzYzMTAuanBnIiwic2xpZGVzaG93IjoiZWY2YTIwYSJ9\">\n\t\t\t\t\t<div class=\"e-gallery-image elementor-gallery-item__image\" data-thumbnail=\"https:\/\/onevetgroup.pt\/oia\/wp-content\/uploads\/sites\/19\/2023\/07\/909-e1689176436310-1024x507.jpg\" data-width=\"724\" data-height=\"358\" aria-label=\"\" role=\"img\" ><\/div>\n\t\t\t\t\t\t\t\t\t\t\t<div class=\"elementor-gallery-item__overlay\"><\/div>\n\t\t\t\t\t\t\t\t\t\t\t\t\t\t<\/a>\n\t\t\t\t\t\t\t<a class=\"e-gallery-item elementor-gallery-item elementor-animated-content\" href=\"https:\/\/onevetgroup.pt\/oia\/wp-content\/uploads\/sites\/19\/2023\/07\/955.jpg\" data-elementor-open-lightbox=\"yes\" data-elementor-lightbox-slideshow=\"ef6a20a\" data-elementor-lightbox-title=\"955\" data-e-action-hash=\"#elementor-action%3Aaction%3Dlightbox%26settings%3DeyJpZCI6MTk1MTksInVybCI6Imh0dHBzOlwvXC9vbmV2ZXRncm91cC5wdFwvb2lhXC93cC1jb250ZW50XC91cGxvYWRzXC9zaXRlc1wvMTlcLzIwMjNcLzA3XC85NTUuanBnIiwic2xpZGVzaG93IjoiZWY2YTIwYSJ9\">\n\t\t\t\t\t<div class=\"e-gallery-image elementor-gallery-item__image\" data-thumbnail=\"https:\/\/onevetgroup.pt\/oia\/wp-content\/uploads\/sites\/19\/2023\/07\/955-1024x683.jpg\" data-width=\"724\" data-height=\"483\" aria-label=\"\" role=\"img\" ><\/div>\n\t\t\t\t\t\t\t\t\t\t\t<div class=\"elementor-gallery-item__overlay\"><\/div>\n\t\t\t\t\t\t\t\t\t\t\t\t\t\t<\/a>\n\t\t\t\t\t\t\t<a class=\"e-gallery-item elementor-gallery-item elementor-animated-content\" href=\"https:\/\/onevetgroup.pt\/oia\/wp-content\/uploads\/sites\/19\/2023\/07\/914.jpg\" data-elementor-open-lightbox=\"yes\" data-elementor-lightbox-slideshow=\"ef6a20a\" data-elementor-lightbox-title=\"914\" data-e-action-hash=\"#elementor-action%3Aaction%3Dlightbox%26settings%3DeyJpZCI6MTk1NDEsInVybCI6Imh0dHBzOlwvXC9vbmV2ZXRncm91cC5wdFwvb2lhXC93cC1jb250ZW50XC91cGxvYWRzXC9zaXRlc1wvMTlcLzIwMjNcLzA3XC85MTQuanBnIiwic2xpZGVzaG93IjoiZWY2YTIwYSJ9\">\n\t\t\t\t\t<div class=\"e-gallery-image elementor-gallery-item__image\" data-thumbnail=\"https:\/\/onevetgroup.pt\/oia\/wp-content\/uploads\/sites\/19\/2023\/07\/914-1024x683.jpg\" data-width=\"724\" data-height=\"483\" aria-label=\"\" role=\"img\" ><\/div>\n\t\t\t\t\t\t\t\t\t\t\t<div class=\"elementor-gallery-item__overlay\"><\/div>\n\t\t\t\t\t\t\t\t\t\t\t\t\t\t<\/a>\n\t\t\t\t\t\t\t<a class=\"e-gallery-item elementor-gallery-item elementor-animated-content\" href=\"https:\/\/onevetgroup.pt\/oia\/wp-content\/uploads\/sites\/19\/2023\/07\/980.jpg\" data-elementor-open-lightbox=\"yes\" data-elementor-lightbox-slideshow=\"ef6a20a\" data-elementor-lightbox-title=\"980\" data-e-action-hash=\"#elementor-action%3Aaction%3Dlightbox%26settings%3DeyJpZCI6MTk1MzQsInVybCI6Imh0dHBzOlwvXC9vbmV2ZXRncm91cC5wdFwvb2lhXC93cC1jb250ZW50XC91cGxvYWRzXC9zaXRlc1wvMTlcLzIwMjNcLzA3XC85ODAuanBnIiwic2xpZGVzaG93IjoiZWY2YTIwYSJ9\">\n\t\t\t\t\t<div class=\"e-gallery-image elementor-gallery-item__image\" data-thumbnail=\"https:\/\/onevetgroup.pt\/oia\/wp-content\/uploads\/sites\/19\/2023\/07\/980-1024x683.jpg\" data-width=\"724\" data-height=\"483\" aria-label=\"\" role=\"img\" ><\/div>\n\t\t\t\t\t\t\t\t\t\t\t<div class=\"elementor-gallery-item__overlay\"><\/div>\n\t\t\t\t\t\t\t\t\t\t\t\t\t\t<\/a>\n\t\t\t\t\t<\/div>\n\t\t\t\t\t<\/div>\n\t\t\t\t<\/div>\n\t\t\t\t\t<\/div>\n\t\t<\/div>\n\t\t\t\t\t<\/div>\n\t\t<\/section>\n\t\t\t\t<\/div>\n\t\t","protected":false},"excerpt":{"rendered":"<p>Onevet Consult\u00f3rio Veterin\u00e1rio de Oi\u00e3 com Urg\u00eancias 24, assegurado pelo Onevet Hospital Veterin\u00e1rio Baixo Vouga (HVBV) H\u00e1 16 anos que ajudamos a melhorar a sa\u00fade dos seus animais de estima\u00e7\u00e3o. O nosso consult\u00f3rio foi fundado em Oi\u00e3, no ano de 2003, e desde essa altura que nos dedicamos \u00e0 sa\u00fade e bem-estar animal para garantir &hellip; <\/p>\n","protected":false},"author":1,"featured_media":0,"parent":0,"menu_order":0,"comment_status":"closed","ping_status":"closed","template":"page-fullwidth.php","meta":{"_acf_changed":false,"content-type":"","footnotes":""},"class_list":["post-14008","page","type-page","status-publish","hentry"],"acf":[],"yoast_head":"<!-- This site is optimized with the Yoast SEO plugin v27.4 - https:\/\/yoast.com\/product\/yoast-seo-wordpress\/ -->\n<title>Sobre N\u00f3s - Oi\u00e3<\/title>\n<meta name=\"robots\" content=\"index, follow, max-snippet:-1, max-image-preview:large, max-video-preview:-1\" \/>\n<link rel=\"canonical\" href=\"https:\/\/onevetgroup.pt\/oia\/sobre-nos\/\" \/>\n<meta property=\"og:locale\" content=\"pt_PT\" \/>\n<meta property=\"og:type\" content=\"article\" \/>\n<meta property=\"og:title\" content=\"Sobre N\u00f3s - Oi\u00e3\" \/>\n<meta property=\"og:description\" content=\"Onevet Consult\u00f3rio Veterin\u00e1rio de Oi\u00e3 com Urg\u00eancias 24, assegurado pelo Onevet Hospital Veterin\u00e1rio Baixo Vouga (HVBV) H\u00e1 16 anos que ajudamos a melhorar a sa\u00fade dos seus animais de estima\u00e7\u00e3o. O nosso consult\u00f3rio foi fundado em Oi\u00e3, no ano de 2003, e desde essa altura que nos dedicamos \u00e0 sa\u00fade e bem-estar animal para garantir &hellip;\" \/>\n<meta property=\"og:url\" content=\"https:\/\/onevetgroup.pt\/oia\/sobre-nos\/\" \/>\n<meta property=\"og:site_name\" content=\"Oi\u00e3\" \/>\n<meta property=\"article:modified_time\" content=\"2024-04-15T20:24:31+00:00\" \/>\n<meta property=\"og:image\" content=\"https:\/\/onevetgroup.pt\/oia\/wp-content\/uploads\/sites\/19\/2024\/04\/931-786x524.jpg\" \/>\n<meta name=\"twitter:card\" content=\"summary_large_image\" \/>\n<meta name=\"twitter:label1\" content=\"Tempo estimado de leitura\" \/>\n\t<meta name=\"twitter:data1\" content=\"1 minuto\" \/>\n<script type=\"application\/ld+json\" class=\"yoast-schema-graph\">{\"@context\":\"https:\\\/\\\/schema.org\",\"@graph\":[{\"@type\":\"WebPage\",\"@id\":\"https:\\\/\\\/onevetgroup.pt\\\/oia\\\/sobre-nos\\\/\",\"url\":\"https:\\\/\\\/onevetgroup.pt\\\/oia\\\/sobre-nos\\\/\",\"name\":\"Sobre N\u00f3s - Oi\u00e3\",\"isPartOf\":{\"@id\":\"https:\\\/\\\/onevetgroup.pt\\\/oia\\\/#website\"},\"primaryImageOfPage\":{\"@id\":\"https:\\\/\\\/onevetgroup.pt\\\/oia\\\/sobre-nos\\\/#primaryimage\"},\"image\":{\"@id\":\"https:\\\/\\\/onevetgroup.pt\\\/oia\\\/sobre-nos\\\/#primaryimage\"},\"thumbnailUrl\":\"https:\\\/\\\/onevetgroup.pt\\\/oia\\\/wp-content\\\/uploads\\\/sites\\\/19\\\/2024\\\/04\\\/931-786x524.jpg\",\"datePublished\":\"2021-02-08T15:28:59+00:00\",\"dateModified\":\"2024-04-15T20:24:31+00:00\",\"breadcrumb\":{\"@id\":\"https:\\\/\\\/onevetgroup.pt\\\/oia\\\/sobre-nos\\\/#breadcrumb\"},\"inLanguage\":\"pt-PT\",\"potentialAction\":[{\"@type\":\"ReadAction\",\"target\":[\"https:\\\/\\\/onevetgroup.pt\\\/oia\\\/sobre-nos\\\/\"]}]},{\"@type\":\"ImageObject\",\"inLanguage\":\"pt-PT\",\"@id\":\"https:\\\/\\\/onevetgroup.pt\\\/oia\\\/sobre-nos\\\/#primaryimage\",\"url\":\"https:\\\/\\\/onevetgroup.pt\\\/oia\\\/wp-content\\\/uploads\\\/sites\\\/19\\\/2024\\\/04\\\/931.jpg\",\"contentUrl\":\"https:\\\/\\\/onevetgroup.pt\\\/oia\\\/wp-content\\\/uploads\\\/sites\\\/19\\\/2024\\\/04\\\/931.jpg\",\"width\":2500,\"height\":1667},{\"@type\":\"BreadcrumbList\",\"@id\":\"https:\\\/\\\/onevetgroup.pt\\\/oia\\\/sobre-nos\\\/#breadcrumb\",\"itemListElement\":[{\"@type\":\"ListItem\",\"position\":1,\"name\":\"Home\",\"item\":\"https:\\\/\\\/onevetgroup.pt\\\/oia\\\/\"},{\"@type\":\"ListItem\",\"position\":2,\"name\":\"Sobre N\u00f3s\"}]},{\"@type\":\"WebSite\",\"@id\":\"https:\\\/\\\/onevetgroup.pt\\\/oia\\\/#website\",\"url\":\"https:\\\/\\\/onevetgroup.pt\\\/oia\\\/\",\"name\":\"Oi\u00e3\",\"description\":\"Your Pets in Good Hands\",\"publisher\":{\"@id\":\"https:\\\/\\\/onevetgroup.pt\\\/oia\\\/#organization\"},\"potentialAction\":[{\"@type\":\"SearchAction\",\"target\":{\"@type\":\"EntryPoint\",\"urlTemplate\":\"https:\\\/\\\/onevetgroup.pt\\\/oia\\\/?s={search_term_string}\"},\"query-input\":{\"@type\":\"PropertyValueSpecification\",\"valueRequired\":true,\"valueName\":\"search_term_string\"}}],\"inLanguage\":\"pt-PT\"},{\"@type\":\"Organization\",\"@id\":\"https:\\\/\\\/onevetgroup.pt\\\/oia\\\/#organization\",\"name\":\"Oi\u00e3\",\"url\":\"https:\\\/\\\/onevetgroup.pt\\\/oia\\\/\",\"logo\":{\"@type\":\"ImageObject\",\"inLanguage\":\"pt-PT\",\"@id\":\"https:\\\/\\\/onevetgroup.pt\\\/oia\\\/#\\\/schema\\\/logo\\\/image\\\/\",\"url\":\"https:\\\/\\\/onevetgroup.pt\\\/oia\\\/wp-content\\\/uploads\\\/sites\\\/19\\\/2023\\\/07\\\/cropped-onevet_cvoia_horizontal-e1689066467177.png\",\"contentUrl\":\"https:\\\/\\\/onevetgroup.pt\\\/oia\\\/wp-content\\\/uploads\\\/sites\\\/19\\\/2023\\\/07\\\/cropped-onevet_cvoia_horizontal-e1689066467177.png\",\"width\":269,\"height\":70,\"caption\":\"Oi\u00e3\"},\"image\":{\"@id\":\"https:\\\/\\\/onevetgroup.pt\\\/oia\\\/#\\\/schema\\\/logo\\\/image\\\/\"}}]}<\/script>\n<!-- \/ Yoast SEO plugin. -->","yoast_head_json":{"title":"Sobre N\u00f3s - Oi\u00e3","robots":{"index":"index","follow":"follow","max-snippet":"max-snippet:-1","max-image-preview":"max-image-preview:large","max-video-preview":"max-video-preview:-1"},"canonical":"https:\/\/onevetgroup.pt\/oia\/sobre-nos\/","og_locale":"pt_PT","og_type":"article","og_title":"Sobre N\u00f3s - Oi\u00e3","og_description":"Onevet Consult\u00f3rio Veterin\u00e1rio de Oi\u00e3 com Urg\u00eancias 24, assegurado pelo Onevet Hospital Veterin\u00e1rio Baixo Vouga (HVBV) H\u00e1 16 anos que ajudamos a melhorar a sa\u00fade dos seus animais de estima\u00e7\u00e3o. O nosso consult\u00f3rio foi fundado em Oi\u00e3, no ano de 2003, e desde essa altura que nos dedicamos \u00e0 sa\u00fade e bem-estar animal para garantir &hellip;","og_url":"https:\/\/onevetgroup.pt\/oia\/sobre-nos\/","og_site_name":"Oi\u00e3","article_modified_time":"2024-04-15T20:24:31+00:00","og_image":[{"url":"https:\/\/onevetgroup.pt\/oia\/wp-content\/uploads\/sites\/19\/2024\/04\/931-786x524.jpg","type":"","width":"","height":""}],"twitter_card":"summary_large_image","twitter_misc":{"Tempo estimado de leitura":"1 minuto"},"schema":{"@context":"https:\/\/schema.org","@graph":[{"@type":"WebPage","@id":"https:\/\/onevetgroup.pt\/oia\/sobre-nos\/","url":"https:\/\/onevetgroup.pt\/oia\/sobre-nos\/","name":"Sobre N\u00f3s - Oi\u00e3","isPartOf":{"@id":"https:\/\/onevetgroup.pt\/oia\/#website"},"primaryImageOfPage":{"@id":"https:\/\/onevetgroup.pt\/oia\/sobre-nos\/#primaryimage"},"image":{"@id":"https:\/\/onevetgroup.pt\/oia\/sobre-nos\/#primaryimage"},"thumbnailUrl":"https:\/\/onevetgroup.pt\/oia\/wp-content\/uploads\/sites\/19\/2024\/04\/931-786x524.jpg","datePublished":"2021-02-08T15:28:59+00:00","dateModified":"2024-04-15T20:24:31+00:00","breadcrumb":{"@id":"https:\/\/onevetgroup.pt\/oia\/sobre-nos\/#breadcrumb"},"inLanguage":"pt-PT","potentialAction":[{"@type":"ReadAction","target":["https:\/\/onevetgroup.pt\/oia\/sobre-nos\/"]}]},{"@type":"ImageObject","inLanguage":"pt-PT","@id":"https:\/\/onevetgroup.pt\/oia\/sobre-nos\/#primaryimage","url":"https:\/\/onevetgroup.pt\/oia\/wp-content\/uploads\/sites\/19\/2024\/04\/931.jpg","contentUrl":"https:\/\/onevetgroup.pt\/oia\/wp-content\/uploads\/sites\/19\/2024\/04\/931.jpg","width":2500,"height":1667},{"@type":"BreadcrumbList","@id":"https:\/\/onevetgroup.pt\/oia\/sobre-nos\/#breadcrumb","itemListElement":[{"@type":"ListItem","position":1,"name":"Home","item":"https:\/\/onevetgroup.pt\/oia\/"},{"@type":"ListItem","position":2,"name":"Sobre N\u00f3s"}]},{"@type":"WebSite","@id":"https:\/\/onevetgroup.pt\/oia\/#website","url":"https:\/\/onevetgroup.pt\/oia\/","name":"Oi\u00e3","description":"Your Pets in Good Hands","publisher":{"@id":"https:\/\/onevetgroup.pt\/oia\/#organization"},"potentialAction":[{"@type":"SearchAction","target":{"@type":"EntryPoint","urlTemplate":"https:\/\/onevetgroup.pt\/oia\/?s={search_term_string}"},"query-input":{"@type":"PropertyValueSpecification","valueRequired":true,"valueName":"search_term_string"}}],"inLanguage":"pt-PT"},{"@type":"Organization","@id":"https:\/\/onevetgroup.pt\/oia\/#organization","name":"Oi\u00e3","url":"https:\/\/onevetgroup.pt\/oia\/","logo":{"@type":"ImageObject","inLanguage":"pt-PT","@id":"https:\/\/onevetgroup.pt\/oia\/#\/schema\/logo\/image\/","url":"https:\/\/onevetgroup.pt\/oia\/wp-content\/uploads\/sites\/19\/2023\/07\/cropped-onevet_cvoia_horizontal-e1689066467177.png","contentUrl":"https:\/\/onevetgroup.pt\/oia\/wp-content\/uploads\/sites\/19\/2023\/07\/cropped-onevet_cvoia_horizontal-e1689066467177.png","width":269,"height":70,"caption":"Oi\u00e3"},"image":{"@id":"https:\/\/onevetgroup.pt\/oia\/#\/schema\/logo\/image\/"}}]}},"_links":{"self":[{"href":"https:\/\/onevetgroup.pt\/oia\/wp-json\/wp\/v2\/pages\/14008","targetHints":{"allow":["GET"]}}],"collection":[{"href":"https:\/\/onevetgroup.pt\/oia\/wp-json\/wp\/v2\/pages"}],"about":[{"href":"https:\/\/onevetgroup.pt\/oia\/wp-json\/wp\/v2\/types\/page"}],"author":[{"embeddable":true,"href":"https:\/\/onevetgroup.pt\/oia\/wp-json\/wp\/v2\/users\/1"}],"replies":[{"embeddable":true,"href":"https:\/\/onevetgroup.pt\/oia\/wp-json\/wp\/v2\/comments?post=14008"}],"version-history":[{"count":4,"href":"https:\/\/onevetgroup.pt\/oia\/wp-json\/wp\/v2\/pages\/14008\/revisions"}],"predecessor-version":[{"id":19759,"href":"https:\/\/onevetgroup.pt\/oia\/wp-json\/wp\/v2\/pages\/14008\/revisions\/19759"}],"wp:attachment":[{"href":"https:\/\/onevetgroup.pt\/oia\/wp-json\/wp\/v2\/media?parent=14008"}],"curies":[{"name":"wp","href":"https:\/\/api.w.org\/{rel}","templated":true}]}}