{"id":17840,"date":"2022-07-01T09:38:42","date_gmt":"2022-07-01T09:38:42","guid":{"rendered":"https:\/\/onevet.pt\/oia\/?page_id=17840"},"modified":"2026-03-27T16:53:33","modified_gmt":"2026-03-27T16:53:33","slug":"a-nossa-equipa","status":"publish","type":"page","link":"https:\/\/onevetgroup.pt\/oia\/a-nossa-equipa\/","title":{"rendered":"A Nossa Equipa"},"content":{"rendered":"\t\t<div data-elementor-type=\"wp-page\" data-elementor-id=\"17840\" class=\"elementor elementor-17840\" data-elementor-post-type=\"page\">\n\t\t\t\t\t\t<section class=\"elementor-section elementor-top-section elementor-element elementor-element-2315038 pad-bot-0 elementor-section-boxed elementor-section-height-default elementor-section-height-default\" data-id=\"2315038\" data-element_type=\"section\" id=\"main-sec\" data-settings=\"{&quot;background_background&quot;:&quot;classic&quot;}\">\n\t\t\t\t\t\t<div class=\"elementor-container elementor-column-gap-default\">\n\t\t\t\t\t<div class=\"elementor-column elementor-col-100 elementor-top-column elementor-element elementor-element-35c75b2\" data-id=\"35c75b2\" data-element_type=\"column\">\n\t\t\t<div class=\"elementor-widget-wrap elementor-element-populated\">\n\t\t\t\t\t\t<div class=\"elementor-element elementor-element-28b1762 elementor-widget elementor-widget-text-editor\" data-id=\"28b1762\" data-element_type=\"widget\" data-widget_type=\"text-editor.default\">\n\t\t\t\t<div class=\"elementor-widget-container\">\n\t\t\t\t\t\t\t\t\t<p>O Onevet Consult\u00f3rio Veterin\u00e1rio de Oi\u00e3 disp\u00f5e de uma equipa fant\u00e1stica que lhe proporcionar\u00e1 o mais alto n\u00edvel de atendimento.<\/p>\t\t\t\t\t\t\t\t<\/div>\n\t\t\t\t<\/div>\n\t\t\t\t\t<\/div>\n\t\t<\/div>\n\t\t\t\t\t<\/div>\n\t\t<\/section>\n\t\t\t\t<section class=\"elementor-section elementor-top-section elementor-element elementor-element-0dd6769 team-member elementor-section-boxed elementor-section-height-default elementor-section-height-default\" data-id=\"0dd6769\" data-element_type=\"section\">\n\t\t\t\t\t\t<div class=\"elementor-container elementor-column-gap-default\">\n\t\t\t\t\t<div class=\"elementor-column elementor-col-100 elementor-top-column elementor-element elementor-element-c71e6ff\" data-id=\"c71e6ff\" data-element_type=\"column\">\n\t\t\t<div class=\"elementor-widget-wrap elementor-element-populated\">\n\t\t\t\t\t\t<div class=\"elementor-element elementor-element-6d64474 elementor-hidden-tablet elementor-hidden-phone elementor-widget elementor-widget-section_titleleft\" data-id=\"6d64474\" data-element_type=\"widget\" data-widget_type=\"section_titleleft.default\">\n\t\t\t\t<div class=\"elementor-widget-container\">\n\t\t\t\t\t        <div class=\"ab_text-title fl-wrap\">\r\n            <h3>M\u00e9dica Veterin\u00e1ria<\/h3><span class=\"section-separator fl-sec-sep\"><\/span>        <\/div>\r\n        \t\t\t\t<\/div>\n\t\t\t\t<\/div>\n\t\t\t\t\t<\/div>\n\t\t<\/div>\n\t\t\t\t\t<\/div>\n\t\t<\/section>\n\t\t\t\t<section class=\"elementor-section elementor-top-section elementor-element elementor-element-1db1688 team-member elementor-section-boxed elementor-section-height-default elementor-section-height-default\" data-id=\"1db1688\" data-element_type=\"section\">\n\t\t\t\t\t\t<div class=\"elementor-container elementor-column-gap-default\">\n\t\t\t\t\t<div class=\"elementor-column elementor-col-100 elementor-top-column elementor-element elementor-element-e3e55a5\" data-id=\"e3e55a5\" data-element_type=\"column\">\n\t\t\t<div class=\"elementor-widget-wrap elementor-element-populated\">\n\t\t\t\t\t\t<section class=\"elementor-section elementor-inner-section elementor-element elementor-element-a133ae1 elementor-section-boxed elementor-section-height-default elementor-section-height-default\" data-id=\"a133ae1\" data-element_type=\"section\">\n\t\t\t\t\t\t<div class=\"elementor-container elementor-column-gap-default\">\n\t\t\t\t\t<div class=\"elementor-column elementor-col-25 elementor-inner-column elementor-element elementor-element-c3372a1\" data-id=\"c3372a1\" data-element_type=\"column\">\n\t\t\t<div class=\"elementor-widget-wrap elementor-element-populated\">\n\t\t\t\t\t\t<div class=\"elementor-element elementor-element-d66a500 elementor-widget elementor-widget-team_box\" data-id=\"d66a500\" data-element_type=\"widget\" data-widget_type=\"team_box.default\">\n\t\t\t\t<div class=\"elementor-widget-container\">\n\t\t\t\t\t            <div class=\"team-holder section-team fl-wrap\">\r\n                <div class=\"team-box-image\">\r\n                    <div class=\"team-photo\">\r\n                        <img decoding=\"async\" src=\"\" class=\"respimg\">                                    \r\n                    <\/div>\r\n                    <div class=\"team-info\">\r\n                        <h3><a href=\"\">C\u00e1tia Santos<\/a><\/h3><h4>Diretora Cl\u00ednica \/ M\u00e9dica Veterin\u00e1ria<\/h4>Concluiu o Mestrado Integrado em Medicina Veterin\u00e1ria em 2014, na Escola Universit\u00e1ria Vasco da Gama.                     <\/div>\r\n                <\/div>\r\n            <\/div>\r\n        \t\t\t\t<\/div>\n\t\t\t\t<\/div>\n\t\t\t\t<div class=\"elementor-element elementor-element-5aa6069 readmoretoggle elementor-widget elementor-widget-toggle\" data-id=\"5aa6069\" data-element_type=\"widget\" data-widget_type=\"toggle.default\">\n\t\t\t\t<div class=\"elementor-widget-container\">\n\t\t\t\t\t\t\t<div class=\"elementor-toggle\">\n\t\t\t\t\t\t\t<div class=\"elementor-toggle-item\">\n\t\t\t\t\t<div id=\"elementor-tab-title-9501\" class=\"elementor-tab-title\" data-tab=\"1\" role=\"button\" aria-controls=\"elementor-tab-content-9501\" aria-expanded=\"false\">\n\t\t\t\t\t\t\t\t\t\t\t\t<a class=\"elementor-toggle-title\" tabindex=\"0\">Ler mais<\/a>\n\t\t\t\t\t<\/div>\n\n\t\t\t\t\t<div id=\"elementor-tab-content-9501\" class=\"elementor-tab-content elementor-clearfix\" data-tab=\"1\" role=\"region\" aria-labelledby=\"elementor-tab-title-9501\"><p>Desde ent\u00e3o, exerce atividade cl\u00ednica na \u00e1rea de animais de companhia. Tem como \u00e1reas de interesse medicina interna, oncologia, medicina preventiva e dermatologia. Nos tempos livres gosta de praticar desporto, ler, viajar e passear as suas cadelas.<\/p><\/div>\n\t\t\t\t<\/div>\n\t\t\t\t\t\t\t\t<\/div>\n\t\t\t\t\t\t<\/div>\n\t\t\t\t<\/div>\n\t\t\t\t\t<\/div>\n\t\t<\/div>\n\t\t\t\t<div class=\"elementor-column elementor-col-25 elementor-inner-column elementor-element elementor-element-5739d40 nodata_bor\" data-id=\"5739d40\" data-element_type=\"column\">\n\t\t\t<div class=\"elementor-widget-wrap\">\n\t\t\t\t\t\t\t<\/div>\n\t\t<\/div>\n\t\t\t\t<div class=\"elementor-column elementor-col-25 elementor-inner-column elementor-element elementor-element-b2f7127 nodata_bor\" data-id=\"b2f7127\" data-element_type=\"column\">\n\t\t\t<div class=\"elementor-widget-wrap\">\n\t\t\t\t\t\t\t<\/div>\n\t\t<\/div>\n\t\t\t\t<div class=\"elementor-column elementor-col-25 elementor-inner-column elementor-element elementor-element-d1546a6 nodata_bor\" data-id=\"d1546a6\" data-element_type=\"column\">\n\t\t\t<div class=\"elementor-widget-wrap\">\n\t\t\t\t\t\t\t<\/div>\n\t\t<\/div>\n\t\t\t\t\t<\/div>\n\t\t<\/section>\n\t\t\t\t\t<\/div>\n\t\t<\/div>\n\t\t\t\t\t<\/div>\n\t\t<\/section>\n\t\t\t\t<section class=\"elementor-section elementor-top-section elementor-element elementor-element-72dff43 elementor-section-boxed elementor-section-height-default elementor-section-height-default\" data-id=\"72dff43\" data-element_type=\"section\">\n\t\t\t\t\t\t<div class=\"elementor-container elementor-column-gap-default\">\n\t\t\t\t\t<div class=\"elementor-column elementor-col-100 elementor-top-column elementor-element elementor-element-caddb1d\" data-id=\"caddb1d\" data-element_type=\"column\">\n\t\t\t<div class=\"elementor-widget-wrap elementor-element-populated\">\n\t\t\t\t\t\t<div class=\"elementor-element elementor-element-051b9b2 elementor-hidden-tablet elementor-hidden-phone elementor-widget elementor-widget-section_titleleft\" data-id=\"051b9b2\" data-element_type=\"widget\" data-widget_type=\"section_titleleft.default\">\n\t\t\t\t<div class=\"elementor-widget-container\">\n\t\t\t\t\t        <div class=\"ab_text-title fl-wrap\">\r\n            <h3>Enfermeiros e auxiliares veterin\u00e1rios<\/h3><span class=\"section-separator fl-sec-sep\"><\/span>        <\/div>\r\n        \t\t\t\t<\/div>\n\t\t\t\t<\/div>\n\t\t\t\t<section class=\"elementor-section elementor-inner-section elementor-element elementor-element-dcd264b elementor-section-boxed elementor-section-height-default elementor-section-height-default\" data-id=\"dcd264b\" data-element_type=\"section\">\n\t\t\t\t\t\t<div class=\"elementor-container elementor-column-gap-default\">\n\t\t\t\t\t<div class=\"elementor-column elementor-col-25 elementor-inner-column elementor-element elementor-element-92045f8\" data-id=\"92045f8\" data-element_type=\"column\">\n\t\t\t<div class=\"elementor-widget-wrap elementor-element-populated\">\n\t\t\t\t\t\t<div class=\"elementor-element elementor-element-d1fd49b elementor-widget elementor-widget-team_box\" data-id=\"d1fd49b\" data-element_type=\"widget\" data-widget_type=\"team_box.default\">\n\t\t\t\t<div class=\"elementor-widget-container\">\n\t\t\t\t\t            <div class=\"team-holder section-team fl-wrap\">\r\n                <div class=\"team-box-image\">\r\n                    <div class=\"team-photo\">\r\n                        <img decoding=\"async\" src=\"\" class=\"respimg\">                                    \r\n                    <\/div>\r\n                    <div class=\"team-info\">\r\n                        <h3><a href=\"\">Beatriz Gon\u00e7alves<\/a><\/h3><h4>Auxiliar Veterin\u00e1ria<\/h4>Frequentou o Curso t\u00e9cnica de Gest\u00e3o Equina na Escola Profissional de Agricultura e Desenvolvimento Rural de Vagos, terminado em 2022.                     <\/div>\r\n                <\/div>\r\n            <\/div>\r\n        \t\t\t\t<\/div>\n\t\t\t\t<\/div>\n\t\t\t\t<div class=\"elementor-element elementor-element-dd5b7db readmoretoggle elementor-widget elementor-widget-toggle\" data-id=\"dd5b7db\" data-element_type=\"widget\" data-widget_type=\"toggle.default\">\n\t\t\t\t<div class=\"elementor-widget-container\">\n\t\t\t\t\t\t\t<div class=\"elementor-toggle\">\n\t\t\t\t\t\t\t<div class=\"elementor-toggle-item\">\n\t\t\t\t\t<div id=\"elementor-tab-title-2321\" class=\"elementor-tab-title\" data-tab=\"1\" role=\"button\" aria-controls=\"elementor-tab-content-2321\" aria-expanded=\"false\">\n\t\t\t\t\t\t\t\t\t\t\t\t<a class=\"elementor-toggle-title\" tabindex=\"0\">Ler mais<\/a>\n\t\t\t\t\t<\/div>\n\n\t\t\t\t\t<div id=\"elementor-tab-content-2321\" class=\"elementor-tab-content elementor-clearfix\" data-tab=\"1\" role=\"region\" aria-labelledby=\"elementor-tab-title-2321\"><p>Em 2022 frequentou o Curso de Auxiliar Veterin\u00e1ria, dando in\u00edcio ao est\u00e1gio em 2023 na ONEVET Cl\u00ednica Veterin\u00e1ria de Aveiro, e foi integrada na equipa da mesma nesse mesmo ano, a exercer fun\u00e7\u00f5es no hotel Canino e Felino.<\/p><p>Em 2024 integrou a equipa do ONEVET Consult\u00f3rio Veterin\u00e1rio de Oi\u00e3, e nesse mesmo ano frequentou o Curso de Tosquia e Gromming.<\/p><p>Tem como \u00e1reas de interesse o bem-estar animal, animais ex\u00f3ticos, medicina felina e canina.<\/p><p>Nos seus tempos livres gosta de estar com a fam\u00edlia, e dedicar-se aos seus hobbies. Adora passar tempo com os seus animais de estima\u00e7\u00e3o, e passear na praia.<\/p><\/div>\n\t\t\t\t<\/div>\n\t\t\t\t\t\t\t\t<\/div>\n\t\t\t\t\t\t<\/div>\n\t\t\t\t<\/div>\n\t\t\t\t\t<\/div>\n\t\t<\/div>\n\t\t\t\t<div class=\"elementor-column elementor-col-25 elementor-inner-column elementor-element elementor-element-b44ac73 nodata_bor\" data-id=\"b44ac73\" data-element_type=\"column\">\n\t\t\t<div class=\"elementor-widget-wrap\">\n\t\t\t\t\t\t\t<\/div>\n\t\t<\/div>\n\t\t\t\t<div class=\"elementor-column elementor-col-25 elementor-inner-column elementor-element elementor-element-cfeec83 nodata_bor\" data-id=\"cfeec83\" data-element_type=\"column\">\n\t\t\t<div class=\"elementor-widget-wrap\">\n\t\t\t\t\t\t\t<\/div>\n\t\t<\/div>\n\t\t\t\t<div class=\"elementor-column elementor-col-25 elementor-inner-column elementor-element elementor-element-218306b nodata_bor\" data-id=\"218306b\" data-element_type=\"column\">\n\t\t\t<div class=\"elementor-widget-wrap\">\n\t\t\t\t\t\t\t<\/div>\n\t\t<\/div>\n\t\t\t\t\t<\/div>\n\t\t<\/section>\n\t\t\t\t\t<\/div>\n\t\t<\/div>\n\t\t\t\t\t<\/div>\n\t\t<\/section>\n\t\t\t\t<\/div>\n\t\t","protected":false},"excerpt":{"rendered":"<p>O Onevet Consult\u00f3rio Veterin\u00e1rio de Oi\u00e3 disp\u00f5e de uma equipa fant\u00e1stica que lhe proporcionar\u00e1 o mais alto n\u00edvel de atendimento. M\u00e9dica Veterin\u00e1ria C\u00e1tia Santos Diretora Cl\u00ednica \/ M\u00e9dica Veterin\u00e1ria Concluiu o Mestrado Integrado em Medicina Veterin\u00e1ria em 2014, na Escola Universit\u00e1ria Vasco da Gama. Ler mais Desde ent\u00e3o, exerce atividade cl\u00ednica na \u00e1rea de animais &hellip; <\/p>\n","protected":false},"author":61,"featured_media":0,"parent":0,"menu_order":0,"comment_status":"closed","ping_status":"closed","template":"page-fullwidth.php","meta":{"_acf_changed":false,"content-type":"","footnotes":""},"class_list":["post-17840","page","type-page","status-publish","hentry"],"acf":[],"yoast_head":"<!-- This site is optimized with the Yoast SEO plugin v26.2 - https:\/\/yoast.com\/wordpress\/plugins\/seo\/ -->\n<title>A Nossa Equipa - Oi\u00e3<\/title>\n<meta name=\"robots\" content=\"index, follow, max-snippet:-1, max-image-preview:large, max-video-preview:-1\" \/>\n<link rel=\"canonical\" href=\"https:\/\/onevetgroup.pt\/oia\/a-nossa-equipa\/\" \/>\n<meta property=\"og:locale\" content=\"pt_PT\" \/>\n<meta property=\"og:type\" content=\"article\" \/>\n<meta property=\"og:title\" content=\"A Nossa Equipa - Oi\u00e3\" \/>\n<meta property=\"og:description\" content=\"O Onevet Consult\u00f3rio Veterin\u00e1rio de Oi\u00e3 disp\u00f5e de uma equipa fant\u00e1stica que lhe proporcionar\u00e1 o mais alto n\u00edvel de atendimento. M\u00e9dica Veterin\u00e1ria C\u00e1tia Santos Diretora Cl\u00ednica \/ M\u00e9dica Veterin\u00e1ria Concluiu o Mestrado Integrado em Medicina Veterin\u00e1ria em 2014, na Escola Universit\u00e1ria Vasco da Gama. Ler mais Desde ent\u00e3o, exerce atividade cl\u00ednica na \u00e1rea de animais &hellip;\" \/>\n<meta property=\"og:url\" content=\"https:\/\/onevetgroup.pt\/oia\/a-nossa-equipa\/\" \/>\n<meta property=\"og:site_name\" content=\"Oi\u00e3\" \/>\n<meta property=\"article:modified_time\" content=\"2026-03-27T16:53:33+00:00\" \/>\n<meta name=\"twitter:card\" content=\"summary_large_image\" \/>\n<meta name=\"twitter:label1\" content=\"Tempo estimado de leitura\" \/>\n\t<meta name=\"twitter:data1\" content=\"2 minutos\" \/>\n<script type=\"application\/ld+json\" class=\"yoast-schema-graph\">{\"@context\":\"https:\/\/schema.org\",\"@graph\":[{\"@type\":\"WebPage\",\"@id\":\"https:\/\/onevetgroup.pt\/oia\/a-nossa-equipa\/\",\"url\":\"https:\/\/onevetgroup.pt\/oia\/a-nossa-equipa\/\",\"name\":\"A Nossa Equipa - Oi\u00e3\",\"isPartOf\":{\"@id\":\"https:\/\/onevetgroup.pt\/oia\/#website\"},\"datePublished\":\"2022-07-01T09:38:42+00:00\",\"dateModified\":\"2026-03-27T16:53:33+00:00\",\"breadcrumb\":{\"@id\":\"https:\/\/onevetgroup.pt\/oia\/a-nossa-equipa\/#breadcrumb\"},\"inLanguage\":\"pt-PT\",\"potentialAction\":[{\"@type\":\"ReadAction\",\"target\":[\"https:\/\/onevetgroup.pt\/oia\/a-nossa-equipa\/\"]}]},{\"@type\":\"BreadcrumbList\",\"@id\":\"https:\/\/onevetgroup.pt\/oia\/a-nossa-equipa\/#breadcrumb\",\"itemListElement\":[{\"@type\":\"ListItem\",\"position\":1,\"name\":\"Home\",\"item\":\"https:\/\/onevetgroup.pt\/oia\/\"},{\"@type\":\"ListItem\",\"position\":2,\"name\":\"A Nossa Equipa\"}]},{\"@type\":\"WebSite\",\"@id\":\"https:\/\/onevetgroup.pt\/oia\/#website\",\"url\":\"https:\/\/onevetgroup.pt\/oia\/\",\"name\":\"Oi\u00e3\",\"description\":\"Your Pets in Good Hands\",\"publisher\":{\"@id\":\"https:\/\/onevetgroup.pt\/oia\/#organization\"},\"potentialAction\":[{\"@type\":\"SearchAction\",\"target\":{\"@type\":\"EntryPoint\",\"urlTemplate\":\"https:\/\/onevetgroup.pt\/oia\/?s={search_term_string}\"},\"query-input\":{\"@type\":\"PropertyValueSpecification\",\"valueRequired\":true,\"valueName\":\"search_term_string\"}}],\"inLanguage\":\"pt-PT\"},{\"@type\":\"Organization\",\"@id\":\"https:\/\/onevetgroup.pt\/oia\/#organization\",\"name\":\"Oi\u00e3\",\"url\":\"https:\/\/onevetgroup.pt\/oia\/\",\"logo\":{\"@type\":\"ImageObject\",\"inLanguage\":\"pt-PT\",\"@id\":\"https:\/\/onevetgroup.pt\/oia\/#\/schema\/logo\/image\/\",\"url\":\"https:\/\/onevetgroup.pt\/oia\/wp-content\/uploads\/sites\/19\/2023\/07\/cropped-onevet_cvoia_horizontal-e1689066467177.png\",\"contentUrl\":\"https:\/\/onevetgroup.pt\/oia\/wp-content\/uploads\/sites\/19\/2023\/07\/cropped-onevet_cvoia_horizontal-e1689066467177.png\",\"width\":269,\"height\":70,\"caption\":\"Oi\u00e3\"},\"image\":{\"@id\":\"https:\/\/onevetgroup.pt\/oia\/#\/schema\/logo\/image\/\"}}]}<\/script>\n<!-- \/ Yoast SEO plugin. -->","yoast_head_json":{"title":"A Nossa Equipa - Oi\u00e3","robots":{"index":"index","follow":"follow","max-snippet":"max-snippet:-1","max-image-preview":"max-image-preview:large","max-video-preview":"max-video-preview:-1"},"canonical":"https:\/\/onevetgroup.pt\/oia\/a-nossa-equipa\/","og_locale":"pt_PT","og_type":"article","og_title":"A Nossa Equipa - Oi\u00e3","og_description":"O Onevet Consult\u00f3rio Veterin\u00e1rio de Oi\u00e3 disp\u00f5e de uma equipa fant\u00e1stica que lhe proporcionar\u00e1 o mais alto n\u00edvel de atendimento. M\u00e9dica Veterin\u00e1ria C\u00e1tia Santos Diretora Cl\u00ednica \/ M\u00e9dica Veterin\u00e1ria Concluiu o Mestrado Integrado em Medicina Veterin\u00e1ria em 2014, na Escola Universit\u00e1ria Vasco da Gama. Ler mais Desde ent\u00e3o, exerce atividade cl\u00ednica na \u00e1rea de animais &hellip;","og_url":"https:\/\/onevetgroup.pt\/oia\/a-nossa-equipa\/","og_site_name":"Oi\u00e3","article_modified_time":"2026-03-27T16:53:33+00:00","twitter_card":"summary_large_image","twitter_misc":{"Tempo estimado de leitura":"2 minutos"},"schema":{"@context":"https:\/\/schema.org","@graph":[{"@type":"WebPage","@id":"https:\/\/onevetgroup.pt\/oia\/a-nossa-equipa\/","url":"https:\/\/onevetgroup.pt\/oia\/a-nossa-equipa\/","name":"A Nossa Equipa - Oi\u00e3","isPartOf":{"@id":"https:\/\/onevetgroup.pt\/oia\/#website"},"datePublished":"2022-07-01T09:38:42+00:00","dateModified":"2026-03-27T16:53:33+00:00","breadcrumb":{"@id":"https:\/\/onevetgroup.pt\/oia\/a-nossa-equipa\/#breadcrumb"},"inLanguage":"pt-PT","potentialAction":[{"@type":"ReadAction","target":["https:\/\/onevetgroup.pt\/oia\/a-nossa-equipa\/"]}]},{"@type":"BreadcrumbList","@id":"https:\/\/onevetgroup.pt\/oia\/a-nossa-equipa\/#breadcrumb","itemListElement":[{"@type":"ListItem","position":1,"name":"Home","item":"https:\/\/onevetgroup.pt\/oia\/"},{"@type":"ListItem","position":2,"name":"A Nossa Equipa"}]},{"@type":"WebSite","@id":"https:\/\/onevetgroup.pt\/oia\/#website","url":"https:\/\/onevetgroup.pt\/oia\/","name":"Oi\u00e3","description":"Your Pets in Good Hands","publisher":{"@id":"https:\/\/onevetgroup.pt\/oia\/#organization"},"potentialAction":[{"@type":"SearchAction","target":{"@type":"EntryPoint","urlTemplate":"https:\/\/onevetgroup.pt\/oia\/?s={search_term_string}"},"query-input":{"@type":"PropertyValueSpecification","valueRequired":true,"valueName":"search_term_string"}}],"inLanguage":"pt-PT"},{"@type":"Organization","@id":"https:\/\/onevetgroup.pt\/oia\/#organization","name":"Oi\u00e3","url":"https:\/\/onevetgroup.pt\/oia\/","logo":{"@type":"ImageObject","inLanguage":"pt-PT","@id":"https:\/\/onevetgroup.pt\/oia\/#\/schema\/logo\/image\/","url":"https:\/\/onevetgroup.pt\/oia\/wp-content\/uploads\/sites\/19\/2023\/07\/cropped-onevet_cvoia_horizontal-e1689066467177.png","contentUrl":"https:\/\/onevetgroup.pt\/oia\/wp-content\/uploads\/sites\/19\/2023\/07\/cropped-onevet_cvoia_horizontal-e1689066467177.png","width":269,"height":70,"caption":"Oi\u00e3"},"image":{"@id":"https:\/\/onevetgroup.pt\/oia\/#\/schema\/logo\/image\/"}}]}},"_links":{"self":[{"href":"https:\/\/onevetgroup.pt\/oia\/wp-json\/wp\/v2\/pages\/17840","targetHints":{"allow":["GET"]}}],"collection":[{"href":"https:\/\/onevetgroup.pt\/oia\/wp-json\/wp\/v2\/pages"}],"about":[{"href":"https:\/\/onevetgroup.pt\/oia\/wp-json\/wp\/v2\/types\/page"}],"author":[{"embeddable":true,"href":"https:\/\/onevetgroup.pt\/oia\/wp-json\/wp\/v2\/users\/61"}],"replies":[{"embeddable":true,"href":"https:\/\/onevetgroup.pt\/oia\/wp-json\/wp\/v2\/comments?post=17840"}],"version-history":[{"count":15,"href":"https:\/\/onevetgroup.pt\/oia\/wp-json\/wp\/v2\/pages\/17840\/revisions"}],"predecessor-version":[{"id":20023,"href":"https:\/\/onevetgroup.pt\/oia\/wp-json\/wp\/v2\/pages\/17840\/revisions\/20023"}],"wp:attachment":[{"href":"https:\/\/onevetgroup.pt\/oia\/wp-json\/wp\/v2\/media?parent=17840"}],"curies":[{"name":"wp","href":"https:\/\/api.w.org\/{rel}","templated":true}]}}