{"id":14008,"date":"2021-02-08T15:28:59","date_gmt":"2021-02-08T15:28:59","guid":{"rendered":"http:\/\/onevet.pt\/peso-da-regua\/sobre-nos\/"},"modified":"2023-07-20T10:43:05","modified_gmt":"2023-07-20T10:43:05","slug":"sobre-nos","status":"publish","type":"page","link":"https:\/\/onevetgroup.pt\/peso-da-regua\/sobre-nos\/","title":{"rendered":"Sobre N\u00f3s"},"content":{"rendered":"\t\t<div data-elementor-type=\"wp-page\" data-elementor-id=\"14008\" class=\"elementor elementor-14008 elementor-268\" data-elementor-post-type=\"page\">\n\t\t\t\t\t\t<section class=\"elementor-section elementor-top-section elementor-element elementor-element-54cf215 pad-top-0 elementor-section-boxed elementor-section-height-default elementor-section-height-default\" data-id=\"54cf215\" data-element_type=\"section\" data-settings=\"{&quot;background_background&quot;:&quot;classic&quot;}\">\n\t\t\t\t\t\t<div class=\"elementor-container elementor-column-gap-default\">\n\t\t\t\t\t<div class=\"elementor-column elementor-col-100 elementor-top-column elementor-element elementor-element-d926441\" data-id=\"d926441\" data-element_type=\"column\">\n\t\t\t<div class=\"elementor-widget-wrap elementor-element-populated\">\n\t\t\t\t\t\t<div class=\"elementor-element elementor-element-9725bcd elementor-widget elementor-widget-section_titleleft\" data-id=\"9725bcd\" data-element_type=\"widget\" data-widget_type=\"section_titleleft.default\">\n\t\t\t\t<div class=\"elementor-widget-container\">\n\t\t\t\t\t        <div class=\"ab_text-title fl-wrap\">\r\n            <h3>Onevet Consult\u00f3rio Veterin\u00e1rio Peso da R\u00e9gua com Urg\u00eancias 24h, assegurado pelo Onevet Hospital Veterin\u00e1rio Tr\u00e1s-os-Montes (HVTM)<\/h3><h4>H\u00e1 16 anos fazemos o que mais gostamos: conhecer e ajudar o seu amigo de 4 patas. <\/h4><span class=\"section-separator fl-sec-sep\"><\/span>        <\/div>\r\n        \t\t\t\t<\/div>\n\t\t\t\t<\/div>\n\t\t\t\t<section class=\"elementor-section elementor-inner-section elementor-element elementor-element-35814f4 elementor-section-full_width elementor-section-height-default elementor-section-height-default\" data-id=\"35814f4\" data-element_type=\"section\">\n\t\t\t\t\t\t<div class=\"elementor-container elementor-column-gap-wide\">\n\t\t\t\t\t<div class=\"elementor-column elementor-col-50 elementor-inner-column elementor-element elementor-element-7fa3f34\" data-id=\"7fa3f34\" data-element_type=\"column\">\n\t\t\t<div class=\"elementor-widget-wrap elementor-element-populated\">\n\t\t\t\t\t\t<div class=\"elementor-element elementor-element-9e79898 elementor-widget elementor-widget-image\" data-id=\"9e79898\" data-element_type=\"widget\" data-widget_type=\"image.default\">\n\t\t\t\t<div class=\"elementor-widget-container\">\n\t\t\t\t\t\t\t\t\t\t\t\t\t\t\t<img fetchpriority=\"high\" width=\"755\" height=\"524\" class=\"attachment-townhub-single-image size-townhub-single-image wp-image-19308 lazy\" alt=\"\" data-src=\"https:\/\/onevetgroup.pt\/peso-da-regua\/wp-content\/uploads\/sites\/29\/2022\/07\/2-3-755x524.jpg\" data-lazy=\"https:\/\/onevetgroup.pt\/peso-da-regua\/wp-content\/uploads\/sites\/29\/2022\/07\/2-3-755x524.jpg\" \/>\t\t\t\t\t\t\t\t\t\t\t\t\t\t\t<\/div>\n\t\t\t\t<\/div>\n\t\t\t\t\t<\/div>\n\t\t<\/div>\n\t\t\t\t<div class=\"elementor-column elementor-col-50 elementor-inner-column elementor-element elementor-element-202374d\" data-id=\"202374d\" data-element_type=\"column\">\n\t\t\t<div class=\"elementor-widget-wrap elementor-element-populated\">\n\t\t\t\t\t\t<div class=\"elementor-element elementor-element-3b393ce about-wrap elementor-widget elementor-widget-text-editor\" data-id=\"3b393ce\" data-element_type=\"widget\" data-widget_type=\"text-editor.default\">\n\t\t\t\t<div class=\"elementor-widget-container\">\n\t\t\t\t\t\t\t\t\t<p>O nosso Consult\u00f3rio Veterin\u00e1rio, localizado no Peso da R\u00e9gua, oferece atendimento veterin\u00e1rio a animais dom\u00e9sticos (c\u00e3es e gatos).<\/p><p>Com uma equipa de M\u00e9dicos Veterin\u00e1rios que prima pelo atendimento personalizado e o conhecimento de cada animal e das suas necessidades.<\/p><p>O Onevet Consult\u00f3rio Veterin\u00e1rio da R\u00e9gua \u00e9 um centro de atendimento dedicado \u00e0 medicina preventiva e de primeira opini\u00e3o.<\/p><p>Estamos presentes 6 dias por semana em hor\u00e1rio completo, articulando o atendimento de urg\u00eancias com HVTM.<\/p>\t\t\t\t\t\t\t\t<\/div>\n\t\t\t\t<\/div>\n\t\t\t\t\t<\/div>\n\t\t<\/div>\n\t\t\t\t\t<\/div>\n\t\t<\/section>\n\t\t\t\t<section class=\"elementor-section elementor-inner-section elementor-element elementor-element-31d68ae elementor-section-boxed elementor-section-height-default elementor-section-height-default\" data-id=\"31d68ae\" data-element_type=\"section\">\n\t\t\t\t\t\t<div class=\"elementor-container elementor-column-gap-default\">\n\t\t\t\t\t<div class=\"elementor-column elementor-col-50 elementor-inner-column elementor-element elementor-element-8ddd41b\" data-id=\"8ddd41b\" data-element_type=\"column\">\n\t\t\t<div class=\"elementor-widget-wrap elementor-element-populated\">\n\t\t\t\t\t\t<div class=\"elementor-element elementor-element-c87b63e elementor-align-center elementor-widget elementor-widget-button\" data-id=\"c87b63e\" data-element_type=\"widget\" data-widget_type=\"button.default\">\n\t\t\t\t<div class=\"elementor-widget-container\">\n\t\t\t\t\t\t\t\t\t<div class=\"elementor-button-wrapper\">\n\t\t\t\t\t<a class=\"elementor-button elementor-button-link elementor-size-sm\" href=\"\/peso-da-regua\/instalacoes\/\">\n\t\t\t\t\t\t<span class=\"elementor-button-content-wrapper\">\n\t\t\t\t\t\t\t\t\t<span class=\"elementor-button-text\">As Nossas Instala\u00e7\u00f5es<\/span>\n\t\t\t\t\t<\/span>\n\t\t\t\t\t<\/a>\n\t\t\t\t<\/div>\n\t\t\t\t\t\t\t\t<\/div>\n\t\t\t\t<\/div>\n\t\t\t\t\t<\/div>\n\t\t<\/div>\n\t\t\t\t<div class=\"elementor-column elementor-col-50 elementor-inner-column elementor-element elementor-element-d044a7e\" data-id=\"d044a7e\" data-element_type=\"column\">\n\t\t\t<div class=\"elementor-widget-wrap elementor-element-populated\">\n\t\t\t\t\t\t<div class=\"elementor-element elementor-element-75ee515 elementor-align-center elementor-widget elementor-widget-button\" data-id=\"75ee515\" data-element_type=\"widget\" data-widget_type=\"button.default\">\n\t\t\t\t<div class=\"elementor-widget-container\">\n\t\t\t\t\t\t\t\t\t<div class=\"elementor-button-wrapper\">\n\t\t\t\t\t<a class=\"elementor-button elementor-button-link elementor-size-sm\" href=\"\/peso-da-regua\/a-nossa-equipa\/\">\n\t\t\t\t\t\t<span class=\"elementor-button-content-wrapper\">\n\t\t\t\t\t\t\t\t\t<span class=\"elementor-button-text\">A Nossa Equipa<\/span>\n\t\t\t\t\t<\/span>\n\t\t\t\t\t<\/a>\n\t\t\t\t<\/div>\n\t\t\t\t\t\t\t\t<\/div>\n\t\t\t\t<\/div>\n\t\t\t\t\t<\/div>\n\t\t<\/div>\n\t\t\t\t\t<\/div>\n\t\t<\/section>\n\t\t\t\t\t<\/div>\n\t\t<\/div>\n\t\t\t\t\t<\/div>\n\t\t<\/section>\n\t\t\t\t<section class=\"elementor-section elementor-top-section elementor-element elementor-element-1f78772 elementor-section-boxed elementor-section-height-default elementor-section-height-default\" data-id=\"1f78772\" data-element_type=\"section\">\n\t\t\t\t\t\t<div class=\"elementor-container elementor-column-gap-default\">\n\t\t\t\t\t<div class=\"elementor-column elementor-col-100 elementor-top-column elementor-element elementor-element-ade0b49\" data-id=\"ade0b49\" data-element_type=\"column\">\n\t\t\t<div class=\"elementor-widget-wrap elementor-element-populated\">\n\t\t\t\t\t\t<div class=\"elementor-element elementor-element-ef6a20a elementor-widget elementor-widget-gallery\" data-id=\"ef6a20a\" data-element_type=\"widget\" data-settings=\"{&quot;columns&quot;:&quot;3&quot;,&quot;aspect_ratio&quot;:&quot;1:1&quot;,&quot;lazyload&quot;:&quot;yes&quot;,&quot;gallery_layout&quot;:&quot;grid&quot;,&quot;columns_tablet&quot;:2,&quot;columns_mobile&quot;:1,&quot;gap&quot;:{&quot;unit&quot;:&quot;px&quot;,&quot;size&quot;:10,&quot;sizes&quot;:[]},&quot;gap_tablet&quot;:{&quot;unit&quot;:&quot;px&quot;,&quot;size&quot;:10,&quot;sizes&quot;:[]},&quot;gap_mobile&quot;:{&quot;unit&quot;:&quot;px&quot;,&quot;size&quot;:10,&quot;sizes&quot;:[]},&quot;link_to&quot;:&quot;file&quot;,&quot;overlay_background&quot;:&quot;yes&quot;,&quot;content_hover_animation&quot;:&quot;fade-in&quot;}\" data-widget_type=\"gallery.default\">\n\t\t\t\t<div class=\"elementor-widget-container\">\n\t\t\t\t\t\t\t<div class=\"elementor-gallery__container\">\n\t\t\t\t\t\t\t<a class=\"e-gallery-item elementor-gallery-item elementor-animated-content\" href=\"https:\/\/onevetgroup.pt\/peso-da-regua\/wp-content\/uploads\/sites\/29\/2022\/07\/3-3.jpg\" data-elementor-open-lightbox=\"yes\" data-elementor-lightbox-slideshow=\"ef6a20a\" data-elementor-lightbox-title=\"3\" data-e-action-hash=\"#elementor-action%3Aaction%3Dlightbox%26settings%3DeyJpZCI6MTkzMDksInVybCI6Imh0dHBzOlwvXC9vbmV2ZXRncm91cC5wdFwvcGVzby1kYS1yZWd1YVwvd3AtY29udGVudFwvdXBsb2Fkc1wvc2l0ZXNcLzI5XC8yMDIyXC8wN1wvMy0zLmpwZyIsInNsaWRlc2hvdyI6ImVmNmEyMGEifQ%3D%3D\">\n\t\t\t\t\t<div class=\"e-gallery-image elementor-gallery-item__image\" data-thumbnail=\"https:\/\/onevetgroup.pt\/peso-da-regua\/wp-content\/uploads\/sites\/29\/2022\/07\/3-3.jpg\" data-width=\"724\" data-height=\"538\" aria-label=\"\" role=\"img\" ><\/div>\n\t\t\t\t\t\t\t\t\t\t\t<div class=\"elementor-gallery-item__overlay\"><\/div>\n\t\t\t\t\t\t\t\t\t\t\t\t\t\t<\/a>\n\t\t\t\t\t\t\t<a class=\"e-gallery-item elementor-gallery-item elementor-animated-content\" href=\"https:\/\/onevetgroup.pt\/peso-da-regua\/wp-content\/uploads\/sites\/29\/2022\/07\/4-3.jpg\" data-elementor-open-lightbox=\"yes\" data-elementor-lightbox-slideshow=\"ef6a20a\" data-elementor-lightbox-title=\"4\" data-e-action-hash=\"#elementor-action%3Aaction%3Dlightbox%26settings%3DeyJpZCI6MTkzMTEsInVybCI6Imh0dHBzOlwvXC9vbmV2ZXRncm91cC5wdFwvcGVzby1kYS1yZWd1YVwvd3AtY29udGVudFwvdXBsb2Fkc1wvc2l0ZXNcLzI5XC8yMDIyXC8wN1wvNC0zLmpwZyIsInNsaWRlc2hvdyI6ImVmNmEyMGEifQ%3D%3D\">\n\t\t\t\t\t<div class=\"e-gallery-image elementor-gallery-item__image\" data-thumbnail=\"https:\/\/onevetgroup.pt\/peso-da-regua\/wp-content\/uploads\/sites\/29\/2022\/07\/4-3.jpg\" data-width=\"724\" data-height=\"511\" aria-label=\"\" role=\"img\" ><\/div>\n\t\t\t\t\t\t\t\t\t\t\t<div class=\"elementor-gallery-item__overlay\"><\/div>\n\t\t\t\t\t\t\t\t\t\t\t\t\t\t<\/a>\n\t\t\t\t\t\t\t<a class=\"e-gallery-item elementor-gallery-item elementor-animated-content\" href=\"https:\/\/onevetgroup.pt\/peso-da-regua\/wp-content\/uploads\/sites\/29\/2022\/07\/10-1-scaled-e1657700956324.jpg\" data-elementor-open-lightbox=\"yes\" data-elementor-lightbox-slideshow=\"ef6a20a\" data-elementor-lightbox-title=\"10\" data-e-action-hash=\"#elementor-action%3Aaction%3Dlightbox%26settings%3DeyJpZCI6MTkzMTUsInVybCI6Imh0dHBzOlwvXC9vbmV2ZXRncm91cC5wdFwvcGVzby1kYS1yZWd1YVwvd3AtY29udGVudFwvdXBsb2Fkc1wvc2l0ZXNcLzI5XC8yMDIyXC8wN1wvMTAtMS1zY2FsZWQtZTE2NTc3MDA5NTYzMjQuanBnIiwic2xpZGVzaG93IjoiZWY2YTIwYSJ9\">\n\t\t\t\t\t<div class=\"e-gallery-image elementor-gallery-item__image\" data-thumbnail=\"https:\/\/onevetgroup.pt\/peso-da-regua\/wp-content\/uploads\/sites\/29\/2022\/07\/10-1-scaled-e1657700956324-879x1024.jpg\" data-width=\"724\" data-height=\"843\" aria-label=\"\" role=\"img\" ><\/div>\n\t\t\t\t\t\t\t\t\t\t\t<div class=\"elementor-gallery-item__overlay\"><\/div>\n\t\t\t\t\t\t\t\t\t\t\t\t\t\t<\/a>\n\t\t\t\t\t\t\t<a class=\"e-gallery-item elementor-gallery-item elementor-animated-content\" href=\"https:\/\/onevetgroup.pt\/peso-da-regua\/wp-content\/uploads\/sites\/29\/2022\/07\/1-3.jpg\" data-elementor-open-lightbox=\"yes\" data-elementor-lightbox-slideshow=\"ef6a20a\" data-elementor-lightbox-title=\"1\" data-e-action-hash=\"#elementor-action%3Aaction%3Dlightbox%26settings%3DeyJpZCI6MTkzMDUsInVybCI6Imh0dHBzOlwvXC9vbmV2ZXRncm91cC5wdFwvcGVzby1kYS1yZWd1YVwvd3AtY29udGVudFwvdXBsb2Fkc1wvc2l0ZXNcLzI5XC8yMDIyXC8wN1wvMS0zLmpwZyIsInNsaWRlc2hvdyI6ImVmNmEyMGEifQ%3D%3D\">\n\t\t\t\t\t<div class=\"e-gallery-image elementor-gallery-item__image\" data-thumbnail=\"https:\/\/onevetgroup.pt\/peso-da-regua\/wp-content\/uploads\/sites\/29\/2022\/07\/1-3.jpg\" data-width=\"724\" data-height=\"506\" aria-label=\"\" role=\"img\" ><\/div>\n\t\t\t\t\t\t\t\t\t\t\t<div class=\"elementor-gallery-item__overlay\"><\/div>\n\t\t\t\t\t\t\t\t\t\t\t\t\t\t<\/a>\n\t\t\t\t\t\t\t<a class=\"e-gallery-item elementor-gallery-item elementor-animated-content\" href=\"https:\/\/onevetgroup.pt\/peso-da-regua\/wp-content\/uploads\/sites\/29\/2022\/07\/5-2.jpg\" data-elementor-open-lightbox=\"yes\" data-elementor-lightbox-slideshow=\"ef6a20a\" data-elementor-lightbox-title=\"5\" data-e-action-hash=\"#elementor-action%3Aaction%3Dlightbox%26settings%3DeyJpZCI6MTkzMTMsInVybCI6Imh0dHBzOlwvXC9vbmV2ZXRncm91cC5wdFwvcGVzby1kYS1yZWd1YVwvd3AtY29udGVudFwvdXBsb2Fkc1wvc2l0ZXNcLzI5XC8yMDIyXC8wN1wvNS0yLmpwZyIsInNsaWRlc2hvdyI6ImVmNmEyMGEifQ%3D%3D\">\n\t\t\t\t\t<div class=\"e-gallery-image elementor-gallery-item__image\" data-thumbnail=\"https:\/\/onevetgroup.pt\/peso-da-regua\/wp-content\/uploads\/sites\/29\/2022\/07\/5-2.jpg\" data-width=\"724\" data-height=\"486\" aria-label=\"\" role=\"img\" ><\/div>\n\t\t\t\t\t\t\t\t\t\t\t<div class=\"elementor-gallery-item__overlay\"><\/div>\n\t\t\t\t\t\t\t\t\t\t\t\t\t\t<\/a>\n\t\t\t\t\t\t\t<a class=\"e-gallery-item elementor-gallery-item elementor-animated-content\" href=\"https:\/\/onevetgroup.pt\/peso-da-regua\/wp-content\/uploads\/sites\/29\/2022\/07\/11-1-scaled-e1657700971538.jpg\" data-elementor-open-lightbox=\"yes\" data-elementor-lightbox-slideshow=\"ef6a20a\" data-elementor-lightbox-title=\"11\" data-e-action-hash=\"#elementor-action%3Aaction%3Dlightbox%26settings%3DeyJpZCI6MTkzMTcsInVybCI6Imh0dHBzOlwvXC9vbmV2ZXRncm91cC5wdFwvcGVzby1kYS1yZWd1YVwvd3AtY29udGVudFwvdXBsb2Fkc1wvc2l0ZXNcLzI5XC8yMDIyXC8wN1wvMTEtMS1zY2FsZWQtZTE2NTc3MDA5NzE1MzguanBnIiwic2xpZGVzaG93IjoiZWY2YTIwYSJ9\">\n\t\t\t\t\t<div class=\"e-gallery-image elementor-gallery-item__image\" data-thumbnail=\"https:\/\/onevetgroup.pt\/peso-da-regua\/wp-content\/uploads\/sites\/29\/2022\/07\/11-1-scaled-e1657700971538-791x1024.jpg\" data-width=\"724\" data-height=\"937\" aria-label=\"\" role=\"img\" ><\/div>\n\t\t\t\t\t\t\t\t\t\t\t<div class=\"elementor-gallery-item__overlay\"><\/div>\n\t\t\t\t\t\t\t\t\t\t\t\t\t\t<\/a>\n\t\t\t\t\t<\/div>\n\t\t\t\t\t<\/div>\n\t\t\t\t<\/div>\n\t\t\t\t\t<\/div>\n\t\t<\/div>\n\t\t\t\t\t<\/div>\n\t\t<\/section>\n\t\t\t\t<\/div>\n\t\t","protected":false},"excerpt":{"rendered":"<p>Onevet Consult\u00f3rio Veterin\u00e1rio Peso da R\u00e9gua com Urg\u00eancias 24h, assegurado pelo Onevet Hospital Veterin\u00e1rio Tr\u00e1s-os-Montes (HVTM) H\u00e1 16 anos fazemos o que mais gostamos: conhecer e ajudar o seu amigo de 4 patas. O nosso Consult\u00f3rio Veterin\u00e1rio, localizado no Peso da R\u00e9gua, oferece atendimento veterin\u00e1rio a animais dom\u00e9sticos (c\u00e3es e gatos). Com uma equipa de &hellip; <\/p>\n","protected":false},"author":1,"featured_media":0,"parent":0,"menu_order":0,"comment_status":"closed","ping_status":"closed","template":"page-fullwidth.php","meta":{"_acf_changed":false,"content-type":"","footnotes":""},"class_list":["post-14008","page","type-page","status-publish","hentry"],"acf":[],"yoast_head":"<!-- This site is optimized with the Yoast SEO plugin v26.2 - https:\/\/yoast.com\/wordpress\/plugins\/seo\/ -->\n<title>Sobre N\u00f3s - Peso da R\u00e9gua<\/title>\n<meta name=\"robots\" content=\"index, follow, max-snippet:-1, max-image-preview:large, max-video-preview:-1\" \/>\n<link rel=\"canonical\" href=\"https:\/\/onevetgroup.pt\/peso-da-regua\/sobre-nos\/\" \/>\n<meta property=\"og:locale\" content=\"pt_PT\" \/>\n<meta property=\"og:type\" content=\"article\" \/>\n<meta property=\"og:title\" content=\"Sobre N\u00f3s - Peso da R\u00e9gua\" \/>\n<meta property=\"og:description\" content=\"Onevet Consult\u00f3rio Veterin\u00e1rio Peso da R\u00e9gua com Urg\u00eancias 24h, assegurado pelo Onevet Hospital Veterin\u00e1rio Tr\u00e1s-os-Montes (HVTM) H\u00e1 16 anos fazemos o que mais gostamos: conhecer e ajudar o seu amigo de 4 patas. O nosso Consult\u00f3rio Veterin\u00e1rio, localizado no Peso da R\u00e9gua, oferece atendimento veterin\u00e1rio a animais dom\u00e9sticos (c\u00e3es e gatos). Com uma equipa de &hellip;\" \/>\n<meta property=\"og:url\" content=\"https:\/\/onevetgroup.pt\/peso-da-regua\/sobre-nos\/\" \/>\n<meta property=\"og:site_name\" content=\"Peso da R\u00e9gua\" \/>\n<meta property=\"article:modified_time\" content=\"2023-07-20T10:43:05+00:00\" \/>\n<meta property=\"og:image\" content=\"https:\/\/onevet.pt\/peso-da-regua\/wp-content\/uploads\/sites\/29\/2022\/07\/2-3-755x524.jpg\" \/>\n<meta name=\"twitter:card\" content=\"summary_large_image\" \/>\n<meta name=\"twitter:label1\" content=\"Tempo estimado de leitura\" \/>\n\t<meta name=\"twitter:data1\" content=\"1 minuto\" \/>\n<script type=\"application\/ld+json\" class=\"yoast-schema-graph\">{\"@context\":\"https:\/\/schema.org\",\"@graph\":[{\"@type\":\"WebPage\",\"@id\":\"https:\/\/onevetgroup.pt\/peso-da-regua\/sobre-nos\/\",\"url\":\"https:\/\/onevetgroup.pt\/peso-da-regua\/sobre-nos\/\",\"name\":\"Sobre N\u00f3s - Peso da R\u00e9gua\",\"isPartOf\":{\"@id\":\"https:\/\/onevetgroup.pt\/peso-da-regua\/#website\"},\"primaryImageOfPage\":{\"@id\":\"https:\/\/onevetgroup.pt\/peso-da-regua\/sobre-nos\/#primaryimage\"},\"image\":{\"@id\":\"https:\/\/onevetgroup.pt\/peso-da-regua\/sobre-nos\/#primaryimage\"},\"thumbnailUrl\":\"https:\/\/onevet.pt\/peso-da-regua\/wp-content\/uploads\/sites\/29\/2022\/07\/2-3-755x524.jpg\",\"datePublished\":\"2021-02-08T15:28:59+00:00\",\"dateModified\":\"2023-07-20T10:43:05+00:00\",\"breadcrumb\":{\"@id\":\"https:\/\/onevetgroup.pt\/peso-da-regua\/sobre-nos\/#breadcrumb\"},\"inLanguage\":\"pt-PT\",\"potentialAction\":[{\"@type\":\"ReadAction\",\"target\":[\"https:\/\/onevetgroup.pt\/peso-da-regua\/sobre-nos\/\"]}]},{\"@type\":\"ImageObject\",\"inLanguage\":\"pt-PT\",\"@id\":\"https:\/\/onevetgroup.pt\/peso-da-regua\/sobre-nos\/#primaryimage\",\"url\":\"https:\/\/onevet.pt\/peso-da-regua\/wp-content\/uploads\/sites\/29\/2022\/07\/2-3-755x524.jpg\",\"contentUrl\":\"https:\/\/onevet.pt\/peso-da-regua\/wp-content\/uploads\/sites\/29\/2022\/07\/2-3-755x524.jpg\"},{\"@type\":\"BreadcrumbList\",\"@id\":\"https:\/\/onevetgroup.pt\/peso-da-regua\/sobre-nos\/#breadcrumb\",\"itemListElement\":[{\"@type\":\"ListItem\",\"position\":1,\"name\":\"Home\",\"item\":\"https:\/\/onevetgroup.pt\/peso-da-regua\/\"},{\"@type\":\"ListItem\",\"position\":2,\"name\":\"Sobre N\u00f3s\"}]},{\"@type\":\"WebSite\",\"@id\":\"https:\/\/onevetgroup.pt\/peso-da-regua\/#website\",\"url\":\"https:\/\/onevetgroup.pt\/peso-da-regua\/\",\"name\":\"Peso da R\u00e9gua\",\"description\":\"Your Pets in Good Hands\",\"publisher\":{\"@id\":\"https:\/\/onevetgroup.pt\/peso-da-regua\/#organization\"},\"potentialAction\":[{\"@type\":\"SearchAction\",\"target\":{\"@type\":\"EntryPoint\",\"urlTemplate\":\"https:\/\/onevetgroup.pt\/peso-da-regua\/?s={search_term_string}\"},\"query-input\":{\"@type\":\"PropertyValueSpecification\",\"valueRequired\":true,\"valueName\":\"search_term_string\"}}],\"inLanguage\":\"pt-PT\"},{\"@type\":\"Organization\",\"@id\":\"https:\/\/onevetgroup.pt\/peso-da-regua\/#organization\",\"name\":\"Peso da R\u00e9gua\",\"url\":\"https:\/\/onevetgroup.pt\/peso-da-regua\/\",\"logo\":{\"@type\":\"ImageObject\",\"inLanguage\":\"pt-PT\",\"@id\":\"https:\/\/onevetgroup.pt\/peso-da-regua\/#\/schema\/logo\/image\/\",\"url\":\"https:\/\/onevetgroup.pt\/peso-da-regua\/wp-content\/uploads\/sites\/29\/2023\/07\/cropped-onevet_cvpesoregua_horizontal-1-e1689068116690.png\",\"contentUrl\":\"https:\/\/onevetgroup.pt\/peso-da-regua\/wp-content\/uploads\/sites\/29\/2023\/07\/cropped-onevet_cvpesoregua_horizontal-1-e1689068116690.png\",\"width\":269,\"height\":70,\"caption\":\"Peso da R\u00e9gua\"},\"image\":{\"@id\":\"https:\/\/onevetgroup.pt\/peso-da-regua\/#\/schema\/logo\/image\/\"}}]}<\/script>\n<!-- \/ Yoast SEO plugin. -->","yoast_head_json":{"title":"Sobre N\u00f3s - Peso da R\u00e9gua","robots":{"index":"index","follow":"follow","max-snippet":"max-snippet:-1","max-image-preview":"max-image-preview:large","max-video-preview":"max-video-preview:-1"},"canonical":"https:\/\/onevetgroup.pt\/peso-da-regua\/sobre-nos\/","og_locale":"pt_PT","og_type":"article","og_title":"Sobre N\u00f3s - Peso da R\u00e9gua","og_description":"Onevet Consult\u00f3rio Veterin\u00e1rio Peso da R\u00e9gua com Urg\u00eancias 24h, assegurado pelo Onevet Hospital Veterin\u00e1rio Tr\u00e1s-os-Montes (HVTM) H\u00e1 16 anos fazemos o que mais gostamos: conhecer e ajudar o seu amigo de 4 patas. O nosso Consult\u00f3rio Veterin\u00e1rio, localizado no Peso da R\u00e9gua, oferece atendimento veterin\u00e1rio a animais dom\u00e9sticos (c\u00e3es e gatos). Com uma equipa de &hellip;","og_url":"https:\/\/onevetgroup.pt\/peso-da-regua\/sobre-nos\/","og_site_name":"Peso da R\u00e9gua","article_modified_time":"2023-07-20T10:43:05+00:00","og_image":[{"url":"https:\/\/onevet.pt\/peso-da-regua\/wp-content\/uploads\/sites\/29\/2022\/07\/2-3-755x524.jpg","type":"","width":"","height":""}],"twitter_card":"summary_large_image","twitter_misc":{"Tempo estimado de leitura":"1 minuto"},"schema":{"@context":"https:\/\/schema.org","@graph":[{"@type":"WebPage","@id":"https:\/\/onevetgroup.pt\/peso-da-regua\/sobre-nos\/","url":"https:\/\/onevetgroup.pt\/peso-da-regua\/sobre-nos\/","name":"Sobre N\u00f3s - Peso da R\u00e9gua","isPartOf":{"@id":"https:\/\/onevetgroup.pt\/peso-da-regua\/#website"},"primaryImageOfPage":{"@id":"https:\/\/onevetgroup.pt\/peso-da-regua\/sobre-nos\/#primaryimage"},"image":{"@id":"https:\/\/onevetgroup.pt\/peso-da-regua\/sobre-nos\/#primaryimage"},"thumbnailUrl":"https:\/\/onevet.pt\/peso-da-regua\/wp-content\/uploads\/sites\/29\/2022\/07\/2-3-755x524.jpg","datePublished":"2021-02-08T15:28:59+00:00","dateModified":"2023-07-20T10:43:05+00:00","breadcrumb":{"@id":"https:\/\/onevetgroup.pt\/peso-da-regua\/sobre-nos\/#breadcrumb"},"inLanguage":"pt-PT","potentialAction":[{"@type":"ReadAction","target":["https:\/\/onevetgroup.pt\/peso-da-regua\/sobre-nos\/"]}]},{"@type":"ImageObject","inLanguage":"pt-PT","@id":"https:\/\/onevetgroup.pt\/peso-da-regua\/sobre-nos\/#primaryimage","url":"https:\/\/onevet.pt\/peso-da-regua\/wp-content\/uploads\/sites\/29\/2022\/07\/2-3-755x524.jpg","contentUrl":"https:\/\/onevet.pt\/peso-da-regua\/wp-content\/uploads\/sites\/29\/2022\/07\/2-3-755x524.jpg"},{"@type":"BreadcrumbList","@id":"https:\/\/onevetgroup.pt\/peso-da-regua\/sobre-nos\/#breadcrumb","itemListElement":[{"@type":"ListItem","position":1,"name":"Home","item":"https:\/\/onevetgroup.pt\/peso-da-regua\/"},{"@type":"ListItem","position":2,"name":"Sobre N\u00f3s"}]},{"@type":"WebSite","@id":"https:\/\/onevetgroup.pt\/peso-da-regua\/#website","url":"https:\/\/onevetgroup.pt\/peso-da-regua\/","name":"Peso da R\u00e9gua","description":"Your Pets in Good Hands","publisher":{"@id":"https:\/\/onevetgroup.pt\/peso-da-regua\/#organization"},"potentialAction":[{"@type":"SearchAction","target":{"@type":"EntryPoint","urlTemplate":"https:\/\/onevetgroup.pt\/peso-da-regua\/?s={search_term_string}"},"query-input":{"@type":"PropertyValueSpecification","valueRequired":true,"valueName":"search_term_string"}}],"inLanguage":"pt-PT"},{"@type":"Organization","@id":"https:\/\/onevetgroup.pt\/peso-da-regua\/#organization","name":"Peso da R\u00e9gua","url":"https:\/\/onevetgroup.pt\/peso-da-regua\/","logo":{"@type":"ImageObject","inLanguage":"pt-PT","@id":"https:\/\/onevetgroup.pt\/peso-da-regua\/#\/schema\/logo\/image\/","url":"https:\/\/onevetgroup.pt\/peso-da-regua\/wp-content\/uploads\/sites\/29\/2023\/07\/cropped-onevet_cvpesoregua_horizontal-1-e1689068116690.png","contentUrl":"https:\/\/onevetgroup.pt\/peso-da-regua\/wp-content\/uploads\/sites\/29\/2023\/07\/cropped-onevet_cvpesoregua_horizontal-1-e1689068116690.png","width":269,"height":70,"caption":"Peso da R\u00e9gua"},"image":{"@id":"https:\/\/onevetgroup.pt\/peso-da-regua\/#\/schema\/logo\/image\/"}}]}},"_links":{"self":[{"href":"https:\/\/onevetgroup.pt\/peso-da-regua\/wp-json\/wp\/v2\/pages\/14008","targetHints":{"allow":["GET"]}}],"collection":[{"href":"https:\/\/onevetgroup.pt\/peso-da-regua\/wp-json\/wp\/v2\/pages"}],"about":[{"href":"https:\/\/onevetgroup.pt\/peso-da-regua\/wp-json\/wp\/v2\/types\/page"}],"author":[{"embeddable":true,"href":"https:\/\/onevetgroup.pt\/peso-da-regua\/wp-json\/wp\/v2\/users\/1"}],"replies":[{"embeddable":true,"href":"https:\/\/onevetgroup.pt\/peso-da-regua\/wp-json\/wp\/v2\/comments?post=14008"}],"version-history":[{"count":0,"href":"https:\/\/onevetgroup.pt\/peso-da-regua\/wp-json\/wp\/v2\/pages\/14008\/revisions"}],"wp:attachment":[{"href":"https:\/\/onevetgroup.pt\/peso-da-regua\/wp-json\/wp\/v2\/media?parent=14008"}],"curies":[{"name":"wp","href":"https:\/\/api.w.org\/{rel}","templated":true}]}}