{"id":17840,"date":"2022-07-01T09:38:42","date_gmt":"2022-07-01T09:38:42","guid":{"rendered":"https:\/\/onevet.pt\/peso-da-regua\/?page_id=17840"},"modified":"2026-03-23T15:26:36","modified_gmt":"2026-03-23T15:26:36","slug":"a-nossa-equipa","status":"publish","type":"page","link":"https:\/\/onevetgroup.pt\/peso-da-regua\/a-nossa-equipa\/","title":{"rendered":"A Nossa Equipa"},"content":{"rendered":"\t\t<div data-elementor-type=\"wp-page\" data-elementor-id=\"17840\" class=\"elementor elementor-17840\" data-elementor-post-type=\"page\">\n\t\t\t\t\t\t<section class=\"elementor-section elementor-top-section elementor-element elementor-element-2315038 pad-bot-0 elementor-section-boxed elementor-section-height-default elementor-section-height-default\" data-id=\"2315038\" data-element_type=\"section\" id=\"main-sec\" data-settings=\"{&quot;background_background&quot;:&quot;classic&quot;}\">\n\t\t\t\t\t\t<div class=\"elementor-container elementor-column-gap-default\">\n\t\t\t\t\t<div class=\"elementor-column elementor-col-100 elementor-top-column elementor-element elementor-element-35c75b2\" data-id=\"35c75b2\" data-element_type=\"column\">\n\t\t\t<div class=\"elementor-widget-wrap elementor-element-populated\">\n\t\t\t\t\t\t<div class=\"elementor-element elementor-element-28b1762 elementor-widget elementor-widget-text-editor\" data-id=\"28b1762\" data-element_type=\"widget\" data-widget_type=\"text-editor.default\">\n\t\t\t\t<div class=\"elementor-widget-container\">\n\t\t\t\t\t\t\t\t\t<p>A nossa paix\u00e3o e voca\u00e7\u00e3o s\u00e3o os animais, por isso preocupamo-nos em melhorar a qualidade de vida dos seus animais de estima\u00e7\u00e3o, ao mesmo tempo que nos concentramos na aplica\u00e7\u00e3o de tratamentos preventivos e nos seus cuidados ideais.<\/p>\t\t\t\t\t\t\t\t<\/div>\n\t\t\t\t<\/div>\n\t\t\t\t\t<\/div>\n\t\t<\/div>\n\t\t\t\t\t<\/div>\n\t\t<\/section>\n\t\t\t\t<section class=\"elementor-section elementor-top-section elementor-element elementor-element-0dd6769 team-member elementor-section-boxed elementor-section-height-default elementor-section-height-default\" data-id=\"0dd6769\" data-element_type=\"section\">\n\t\t\t\t\t\t<div class=\"elementor-container elementor-column-gap-default\">\n\t\t\t\t\t<div class=\"elementor-column elementor-col-100 elementor-top-column elementor-element elementor-element-c71e6ff\" data-id=\"c71e6ff\" data-element_type=\"column\">\n\t\t\t<div class=\"elementor-widget-wrap elementor-element-populated\">\n\t\t\t\t\t\t<div class=\"elementor-element elementor-element-6d64474 elementor-hidden-tablet elementor-hidden-phone elementor-widget elementor-widget-section_titleleft\" data-id=\"6d64474\" data-element_type=\"widget\" data-widget_type=\"section_titleleft.default\">\n\t\t\t\t<div class=\"elementor-widget-container\">\n\t\t\t\t\t        <div class=\"ab_text-title fl-wrap\">\r\n            <h3>M\u00e9dicos Veterin\u00e1rios<\/h3><span class=\"section-separator fl-sec-sep\"><\/span>        <\/div>\r\n        \t\t\t\t<\/div>\n\t\t\t\t<\/div>\n\t\t\t\t<section class=\"elementor-section elementor-inner-section elementor-element elementor-element-a133ae1 elementor-section-boxed elementor-section-height-default elementor-section-height-default\" data-id=\"a133ae1\" data-element_type=\"section\">\n\t\t\t\t\t\t<div class=\"elementor-container elementor-column-gap-default\">\n\t\t\t\t\t<div class=\"elementor-column elementor-col-25 elementor-inner-column elementor-element elementor-element-b682c4f\" data-id=\"b682c4f\" data-element_type=\"column\">\n\t\t\t<div class=\"elementor-widget-wrap elementor-element-populated\">\n\t\t\t\t\t\t<div class=\"elementor-element elementor-element-065be42 elementor-widget elementor-widget-team_box\" data-id=\"065be42\" data-element_type=\"widget\" data-widget_type=\"team_box.default\">\n\t\t\t\t<div class=\"elementor-widget-container\">\n\t\t\t\t\t            <div class=\"team-holder section-team fl-wrap\">\r\n                <div class=\"team-box-image\">\r\n                    <div class=\"team-photo\">\r\n                        <img decoding=\"async\" src=\"https:\/\/onevet.pt\/peso-da-regua\/wp-content\/uploads\/sites\/29\/2022\/07\/10-2-scaled.jpg\" class=\"respimg\">                                    \r\n                    <\/div>\r\n                    <div class=\"team-info\">\r\n                        <h3><a href=\"\">Ana Rodrigues<\/a><\/h3><h4>Diretora Cl\u00ednica \/ M\u00e9dica Veterin\u00e1ria<\/h4>A Ana integra a equipa do Onevet Hospital Veterin\u00e1rio Tr\u00e1s-os-Montes e do Onevet Consult\u00f3rio Veterin\u00e1rio Peso da R\u00e9gua onde exerce fun\u00e7\u00f5es de diretora cl\u00ednica, desde 2008.                     <\/div>\r\n                <\/div>\r\n            <\/div>\r\n        \t\t\t\t<\/div>\n\t\t\t\t<\/div>\n\t\t\t\t<div class=\"elementor-element elementor-element-88e2a47 readmoretoggle elementor-widget elementor-widget-toggle\" data-id=\"88e2a47\" data-element_type=\"widget\" data-widget_type=\"toggle.default\">\n\t\t\t\t<div class=\"elementor-widget-container\">\n\t\t\t\t\t\t\t<div class=\"elementor-toggle\">\n\t\t\t\t\t\t\t<div class=\"elementor-toggle-item\">\n\t\t\t\t\t<div id=\"elementor-tab-title-1431\" class=\"elementor-tab-title\" data-tab=\"1\" role=\"button\" aria-controls=\"elementor-tab-content-1431\" aria-expanded=\"false\">\n\t\t\t\t\t\t\t\t\t\t\t\t<a class=\"elementor-toggle-title\" tabindex=\"0\">Ler Mais<\/a>\n\t\t\t\t\t<\/div>\n\n\t\t\t\t\t<div id=\"elementor-tab-content-1431\" class=\"elementor-tab-content elementor-clearfix\" data-tab=\"1\" role=\"region\" aria-labelledby=\"elementor-tab-title-1431\"><p>Licenciou-se em Medicina Veterin\u00e1ria pela Universidade de Tr\u00e1s-os-Montes e Alto Douro (UTAD) em 2004. Fez o internato em Cl\u00ednica de Animais de Companhia no Hospital Veterin\u00e1rio da Universidade de Tr\u00e1s-os-Montes e Alto Douro entre 2005 e 2006. Em 2009 fez p\u00f3s-gradua\u00e7\u00e3o em Cardiologia no Centro de Forma\u00e7\u00e3o Improve Ib\u00e9rica, tendo recebido o General Practitioner Certificate em Cardiologia pela European School of Veterinary Postgraduate Studies em 2010. <br \/>Desde ent\u00e3o frequentou diversas forma\u00e7\u00f5es, com especial interesse em medicina interna, imagiologia e dermatologia. At\u00e9 fazer parte da nossa equipa, trabalhou em cl\u00ednica de animais de companhia em Oliveira de Azem\u00e9is e Viseu.<br \/>Nos seus tempos livres gosta de fazer trabalhos de bricolage com os filhos, de ler e de resolver puzzles.<\/p><\/div>\n\t\t\t\t<\/div>\n\t\t\t\t\t\t\t\t<\/div>\n\t\t\t\t\t\t<\/div>\n\t\t\t\t<\/div>\n\t\t\t\t\t<\/div>\n\t\t<\/div>\n\t\t\t\t<div class=\"elementor-column elementor-col-25 elementor-inner-column elementor-element elementor-element-1770486 nodata_bor\" data-id=\"1770486\" data-element_type=\"column\">\n\t\t\t<div class=\"elementor-widget-wrap\">\n\t\t\t\t\t\t\t<\/div>\n\t\t<\/div>\n\t\t\t\t<div class=\"elementor-column elementor-col-25 elementor-inner-column elementor-element elementor-element-c7934fe nodata_bor\" data-id=\"c7934fe\" data-element_type=\"column\">\n\t\t\t<div class=\"elementor-widget-wrap\">\n\t\t\t\t\t\t\t<\/div>\n\t\t<\/div>\n\t\t\t\t<div class=\"elementor-column elementor-col-25 elementor-inner-column elementor-element elementor-element-cfe9d1d nodata_bor\" data-id=\"cfe9d1d\" data-element_type=\"column\">\n\t\t\t<div class=\"elementor-widget-wrap\">\n\t\t\t\t\t\t\t<\/div>\n\t\t<\/div>\n\t\t\t\t\t<\/div>\n\t\t<\/section>\n\t\t\t\t\t<\/div>\n\t\t<\/div>\n\t\t\t\t\t<\/div>\n\t\t<\/section>\n\t\t\t\t<section class=\"elementor-section elementor-top-section elementor-element elementor-element-1db1688 team-member elementor-section-boxed elementor-section-height-default elementor-section-height-default\" data-id=\"1db1688\" data-element_type=\"section\">\n\t\t\t\t\t\t<div class=\"elementor-container elementor-column-gap-default\">\n\t\t\t\t\t<div class=\"elementor-column elementor-col-100 elementor-top-column elementor-element elementor-element-e3e55a5\" data-id=\"e3e55a5\" data-element_type=\"column\">\n\t\t\t<div class=\"elementor-widget-wrap elementor-element-populated\">\n\t\t\t\t\t\t<div class=\"elementor-element elementor-element-1f6eb1c elementor-hidden-tablet elementor-hidden-phone elementor-widget elementor-widget-section_titleleft\" data-id=\"1f6eb1c\" data-element_type=\"widget\" data-widget_type=\"section_titleleft.default\">\n\t\t\t\t<div class=\"elementor-widget-container\">\n\t\t\t\t\t        <div class=\"ab_text-title fl-wrap\">\r\n            <h3>Enfermeiros e auxiliares veterin\u00e1rios<\/h3><span class=\"section-separator fl-sec-sep\"><\/span>        <\/div>\r\n        \t\t\t\t<\/div>\n\t\t\t\t<\/div>\n\t\t\t\t<section class=\"elementor-section elementor-inner-section elementor-element elementor-element-49efcb6 elementor-section-boxed elementor-section-height-default elementor-section-height-default\" data-id=\"49efcb6\" data-element_type=\"section\">\n\t\t\t\t\t\t<div class=\"elementor-container elementor-column-gap-default\">\n\t\t\t\t\t<div class=\"elementor-column elementor-col-25 elementor-inner-column elementor-element elementor-element-0d6734b\" data-id=\"0d6734b\" data-element_type=\"column\">\n\t\t\t<div class=\"elementor-widget-wrap elementor-element-populated\">\n\t\t\t\t\t\t<div class=\"elementor-element elementor-element-7d55a67 elementor-widget elementor-widget-team_box\" data-id=\"7d55a67\" data-element_type=\"widget\" data-widget_type=\"team_box.default\">\n\t\t\t\t<div class=\"elementor-widget-container\">\n\t\t\t\t\t            <div class=\"team-holder section-team fl-wrap\">\r\n                <div class=\"team-box-image\">\r\n                    <div class=\"team-photo\">\r\n                        <img decoding=\"async\" src=\"https:\/\/onevet.pt\/peso-da-regua\/wp-content\/uploads\/sites\/29\/2022\/07\/11-2-scaled.jpg\" class=\"respimg\">                                    \r\n                    <\/div>\r\n                    <div class=\"team-info\">\r\n                        <h3><a href=\"\">Beatriz Trindade<\/a><\/h3><h4>Auxiliar Veterin\u00e1ria<\/h4>Em Maio de 2020 concluiu o Curso Profissional de Auxiliar de Medicina Veterin\u00e1ria nos Centro de Forma\u00e7\u00e3o Talento. Realizou est\u00e1gio curricular no Onevet Hospital Veterin\u00e1rio Tr\u00e1s-os-Montes e no Onevet Consult\u00f3rio Veterin\u00e1rio da R\u00e9gua.                    <\/div>\r\n                <\/div>\r\n            <\/div>\r\n        \t\t\t\t<\/div>\n\t\t\t\t<\/div>\n\t\t\t\t<div class=\"elementor-element elementor-element-6ae1303 readmoretoggle elementor-widget elementor-widget-toggle\" data-id=\"6ae1303\" data-element_type=\"widget\" data-widget_type=\"toggle.default\">\n\t\t\t\t<div class=\"elementor-widget-container\">\n\t\t\t\t\t\t\t<div class=\"elementor-toggle\">\n\t\t\t\t\t\t\t<div class=\"elementor-toggle-item\">\n\t\t\t\t\t<div id=\"elementor-tab-title-1121\" class=\"elementor-tab-title\" data-tab=\"1\" role=\"button\" aria-controls=\"elementor-tab-content-1121\" aria-expanded=\"false\">\n\t\t\t\t\t\t\t\t\t\t\t\t<a class=\"elementor-toggle-title\" tabindex=\"0\">Ler Mais<\/a>\n\t\t\t\t\t<\/div>\n\n\t\t\t\t\t<div id=\"elementor-tab-content-1121\" class=\"elementor-tab-content elementor-clearfix\" data-tab=\"1\" role=\"region\" aria-labelledby=\"elementor-tab-title-1121\"><p>Tem particular interesse pela \u00e1rea de tosquias e grooming. Assim como fisioterapia e comportamento animal. Faz parte da equipa do Onevet Consult\u00f3rio Veterin\u00e1rio da R\u00e9gua desde 2021.<br \/>Nos tempos livres gosta de assistir a forma\u00e7\u00f5es e pesquisar nova informa\u00e7\u00e3o para aperfei\u00e7oar os seus groomings.<\/p><\/div>\n\t\t\t\t<\/div>\n\t\t\t\t\t\t\t\t<\/div>\n\t\t\t\t\t\t<\/div>\n\t\t\t\t<\/div>\n\t\t\t\t\t<\/div>\n\t\t<\/div>\n\t\t\t\t<div class=\"elementor-column elementor-col-25 elementor-inner-column elementor-element elementor-element-5d5389a nodata_bor\" data-id=\"5d5389a\" data-element_type=\"column\">\n\t\t\t<div class=\"elementor-widget-wrap\">\n\t\t\t\t\t\t\t<\/div>\n\t\t<\/div>\n\t\t\t\t<div class=\"elementor-column elementor-col-25 elementor-inner-column elementor-element elementor-element-9d81d0d nodata_bor\" data-id=\"9d81d0d\" data-element_type=\"column\">\n\t\t\t<div class=\"elementor-widget-wrap\">\n\t\t\t\t\t\t\t<\/div>\n\t\t<\/div>\n\t\t\t\t<div class=\"elementor-column elementor-col-25 elementor-inner-column elementor-element elementor-element-64dd709 nodata_bor\" data-id=\"64dd709\" data-element_type=\"column\">\n\t\t\t<div class=\"elementor-widget-wrap\">\n\t\t\t\t\t\t\t<\/div>\n\t\t<\/div>\n\t\t\t\t\t<\/div>\n\t\t<\/section>\n\t\t\t\t\t<\/div>\n\t\t<\/div>\n\t\t\t\t\t<\/div>\n\t\t<\/section>\n\t\t\t\t<section class=\"elementor-section elementor-top-section elementor-element elementor-element-4d7fbb6 elementor-section-boxed elementor-section-height-default elementor-section-height-default\" data-id=\"4d7fbb6\" data-element_type=\"section\">\n\t\t\t\t\t\t<div class=\"elementor-container elementor-column-gap-default\">\n\t\t\t\t\t<div class=\"elementor-column elementor-col-100 elementor-top-column elementor-element elementor-element-cf0aea4\" data-id=\"cf0aea4\" data-element_type=\"column\">\n\t\t\t<div class=\"elementor-widget-wrap\">\n\t\t\t\t\t\t\t<\/div>\n\t\t<\/div>\n\t\t\t\t\t<\/div>\n\t\t<\/section>\n\t\t\t\t<\/div>\n\t\t","protected":false},"excerpt":{"rendered":"<p>A nossa paix\u00e3o e voca\u00e7\u00e3o s\u00e3o os animais, por isso preocupamo-nos em melhorar a qualidade de vida dos seus animais de estima\u00e7\u00e3o, ao mesmo tempo que nos concentramos na aplica\u00e7\u00e3o de tratamentos preventivos e nos seus cuidados ideais. M\u00e9dicos Veterin\u00e1rios Ana Rodrigues Diretora Cl\u00ednica \/ M\u00e9dica Veterin\u00e1ria A Ana integra a equipa do Onevet Hospital &hellip; <\/p>\n","protected":false},"author":61,"featured_media":0,"parent":0,"menu_order":0,"comment_status":"closed","ping_status":"closed","template":"page-fullwidth.php","meta":{"_acf_changed":false,"content-type":"","footnotes":""},"class_list":["post-17840","page","type-page","status-publish","hentry"],"acf":[],"yoast_head":"<!-- This site is optimized with the Yoast SEO plugin v26.2 - https:\/\/yoast.com\/wordpress\/plugins\/seo\/ -->\n<title>A Nossa Equipa - Peso da R\u00e9gua<\/title>\n<meta name=\"robots\" content=\"index, follow, max-snippet:-1, max-image-preview:large, max-video-preview:-1\" \/>\n<link rel=\"canonical\" href=\"https:\/\/onevetgroup.pt\/peso-da-regua\/a-nossa-equipa\/\" \/>\n<meta property=\"og:locale\" content=\"pt_PT\" \/>\n<meta property=\"og:type\" content=\"article\" \/>\n<meta property=\"og:title\" content=\"A Nossa Equipa - Peso da R\u00e9gua\" \/>\n<meta property=\"og:description\" content=\"A nossa paix\u00e3o e voca\u00e7\u00e3o s\u00e3o os animais, por isso preocupamo-nos em melhorar a qualidade de vida dos seus animais de estima\u00e7\u00e3o, ao mesmo tempo que nos concentramos na aplica\u00e7\u00e3o de tratamentos preventivos e nos seus cuidados ideais. M\u00e9dicos Veterin\u00e1rios Ana Rodrigues Diretora Cl\u00ednica \/ M\u00e9dica Veterin\u00e1ria A Ana integra a equipa do Onevet Hospital &hellip;\" \/>\n<meta property=\"og:url\" content=\"https:\/\/onevetgroup.pt\/peso-da-regua\/a-nossa-equipa\/\" \/>\n<meta property=\"og:site_name\" content=\"Peso da R\u00e9gua\" \/>\n<meta property=\"article:modified_time\" content=\"2026-03-23T15:26:36+00:00\" \/>\n<meta property=\"og:image\" content=\"https:\/\/onevet.pt\/peso-da-regua\/wp-content\/uploads\/sites\/29\/2022\/07\/10-2-scaled.jpg\" \/>\n<meta name=\"twitter:card\" content=\"summary_large_image\" \/>\n<meta name=\"twitter:label1\" content=\"Tempo estimado de leitura\" \/>\n\t<meta name=\"twitter:data1\" content=\"2 minutos\" \/>\n<script type=\"application\/ld+json\" class=\"yoast-schema-graph\">{\"@context\":\"https:\/\/schema.org\",\"@graph\":[{\"@type\":\"WebPage\",\"@id\":\"https:\/\/onevetgroup.pt\/peso-da-regua\/a-nossa-equipa\/\",\"url\":\"https:\/\/onevetgroup.pt\/peso-da-regua\/a-nossa-equipa\/\",\"name\":\"A Nossa Equipa - Peso da R\u00e9gua\",\"isPartOf\":{\"@id\":\"https:\/\/onevetgroup.pt\/peso-da-regua\/#website\"},\"primaryImageOfPage\":{\"@id\":\"https:\/\/onevetgroup.pt\/peso-da-regua\/a-nossa-equipa\/#primaryimage\"},\"image\":{\"@id\":\"https:\/\/onevetgroup.pt\/peso-da-regua\/a-nossa-equipa\/#primaryimage\"},\"thumbnailUrl\":\"https:\/\/onevet.pt\/peso-da-regua\/wp-content\/uploads\/sites\/29\/2022\/07\/10-2-scaled.jpg\",\"datePublished\":\"2022-07-01T09:38:42+00:00\",\"dateModified\":\"2026-03-23T15:26:36+00:00\",\"breadcrumb\":{\"@id\":\"https:\/\/onevetgroup.pt\/peso-da-regua\/a-nossa-equipa\/#breadcrumb\"},\"inLanguage\":\"pt-PT\",\"potentialAction\":[{\"@type\":\"ReadAction\",\"target\":[\"https:\/\/onevetgroup.pt\/peso-da-regua\/a-nossa-equipa\/\"]}]},{\"@type\":\"ImageObject\",\"inLanguage\":\"pt-PT\",\"@id\":\"https:\/\/onevetgroup.pt\/peso-da-regua\/a-nossa-equipa\/#primaryimage\",\"url\":\"https:\/\/onevet.pt\/peso-da-regua\/wp-content\/uploads\/sites\/29\/2022\/07\/10-2-scaled.jpg\",\"contentUrl\":\"https:\/\/onevet.pt\/peso-da-regua\/wp-content\/uploads\/sites\/29\/2022\/07\/10-2-scaled.jpg\"},{\"@type\":\"BreadcrumbList\",\"@id\":\"https:\/\/onevetgroup.pt\/peso-da-regua\/a-nossa-equipa\/#breadcrumb\",\"itemListElement\":[{\"@type\":\"ListItem\",\"position\":1,\"name\":\"Home\",\"item\":\"https:\/\/onevetgroup.pt\/peso-da-regua\/\"},{\"@type\":\"ListItem\",\"position\":2,\"name\":\"A Nossa Equipa\"}]},{\"@type\":\"WebSite\",\"@id\":\"https:\/\/onevetgroup.pt\/peso-da-regua\/#website\",\"url\":\"https:\/\/onevetgroup.pt\/peso-da-regua\/\",\"name\":\"Peso da R\u00e9gua\",\"description\":\"Your Pets in Good Hands\",\"publisher\":{\"@id\":\"https:\/\/onevetgroup.pt\/peso-da-regua\/#organization\"},\"potentialAction\":[{\"@type\":\"SearchAction\",\"target\":{\"@type\":\"EntryPoint\",\"urlTemplate\":\"https:\/\/onevetgroup.pt\/peso-da-regua\/?s={search_term_string}\"},\"query-input\":{\"@type\":\"PropertyValueSpecification\",\"valueRequired\":true,\"valueName\":\"search_term_string\"}}],\"inLanguage\":\"pt-PT\"},{\"@type\":\"Organization\",\"@id\":\"https:\/\/onevetgroup.pt\/peso-da-regua\/#organization\",\"name\":\"Peso da R\u00e9gua\",\"url\":\"https:\/\/onevetgroup.pt\/peso-da-regua\/\",\"logo\":{\"@type\":\"ImageObject\",\"inLanguage\":\"pt-PT\",\"@id\":\"https:\/\/onevetgroup.pt\/peso-da-regua\/#\/schema\/logo\/image\/\",\"url\":\"https:\/\/onevetgroup.pt\/peso-da-regua\/wp-content\/uploads\/sites\/29\/2023\/07\/cropped-onevet_cvpesoregua_horizontal-1-e1689068116690.png\",\"contentUrl\":\"https:\/\/onevetgroup.pt\/peso-da-regua\/wp-content\/uploads\/sites\/29\/2023\/07\/cropped-onevet_cvpesoregua_horizontal-1-e1689068116690.png\",\"width\":269,\"height\":70,\"caption\":\"Peso da R\u00e9gua\"},\"image\":{\"@id\":\"https:\/\/onevetgroup.pt\/peso-da-regua\/#\/schema\/logo\/image\/\"}}]}<\/script>\n<!-- \/ Yoast SEO plugin. -->","yoast_head_json":{"title":"A Nossa Equipa - Peso da R\u00e9gua","robots":{"index":"index","follow":"follow","max-snippet":"max-snippet:-1","max-image-preview":"max-image-preview:large","max-video-preview":"max-video-preview:-1"},"canonical":"https:\/\/onevetgroup.pt\/peso-da-regua\/a-nossa-equipa\/","og_locale":"pt_PT","og_type":"article","og_title":"A Nossa Equipa - Peso da R\u00e9gua","og_description":"A nossa paix\u00e3o e voca\u00e7\u00e3o s\u00e3o os animais, por isso preocupamo-nos em melhorar a qualidade de vida dos seus animais de estima\u00e7\u00e3o, ao mesmo tempo que nos concentramos na aplica\u00e7\u00e3o de tratamentos preventivos e nos seus cuidados ideais. M\u00e9dicos Veterin\u00e1rios Ana Rodrigues Diretora Cl\u00ednica \/ M\u00e9dica Veterin\u00e1ria A Ana integra a equipa do Onevet Hospital &hellip;","og_url":"https:\/\/onevetgroup.pt\/peso-da-regua\/a-nossa-equipa\/","og_site_name":"Peso da R\u00e9gua","article_modified_time":"2026-03-23T15:26:36+00:00","og_image":[{"url":"https:\/\/onevet.pt\/peso-da-regua\/wp-content\/uploads\/sites\/29\/2022\/07\/10-2-scaled.jpg","type":"","width":"","height":""}],"twitter_card":"summary_large_image","twitter_misc":{"Tempo estimado de leitura":"2 minutos"},"schema":{"@context":"https:\/\/schema.org","@graph":[{"@type":"WebPage","@id":"https:\/\/onevetgroup.pt\/peso-da-regua\/a-nossa-equipa\/","url":"https:\/\/onevetgroup.pt\/peso-da-regua\/a-nossa-equipa\/","name":"A Nossa Equipa - Peso da R\u00e9gua","isPartOf":{"@id":"https:\/\/onevetgroup.pt\/peso-da-regua\/#website"},"primaryImageOfPage":{"@id":"https:\/\/onevetgroup.pt\/peso-da-regua\/a-nossa-equipa\/#primaryimage"},"image":{"@id":"https:\/\/onevetgroup.pt\/peso-da-regua\/a-nossa-equipa\/#primaryimage"},"thumbnailUrl":"https:\/\/onevet.pt\/peso-da-regua\/wp-content\/uploads\/sites\/29\/2022\/07\/10-2-scaled.jpg","datePublished":"2022-07-01T09:38:42+00:00","dateModified":"2026-03-23T15:26:36+00:00","breadcrumb":{"@id":"https:\/\/onevetgroup.pt\/peso-da-regua\/a-nossa-equipa\/#breadcrumb"},"inLanguage":"pt-PT","potentialAction":[{"@type":"ReadAction","target":["https:\/\/onevetgroup.pt\/peso-da-regua\/a-nossa-equipa\/"]}]},{"@type":"ImageObject","inLanguage":"pt-PT","@id":"https:\/\/onevetgroup.pt\/peso-da-regua\/a-nossa-equipa\/#primaryimage","url":"https:\/\/onevet.pt\/peso-da-regua\/wp-content\/uploads\/sites\/29\/2022\/07\/10-2-scaled.jpg","contentUrl":"https:\/\/onevet.pt\/peso-da-regua\/wp-content\/uploads\/sites\/29\/2022\/07\/10-2-scaled.jpg"},{"@type":"BreadcrumbList","@id":"https:\/\/onevetgroup.pt\/peso-da-regua\/a-nossa-equipa\/#breadcrumb","itemListElement":[{"@type":"ListItem","position":1,"name":"Home","item":"https:\/\/onevetgroup.pt\/peso-da-regua\/"},{"@type":"ListItem","position":2,"name":"A Nossa Equipa"}]},{"@type":"WebSite","@id":"https:\/\/onevetgroup.pt\/peso-da-regua\/#website","url":"https:\/\/onevetgroup.pt\/peso-da-regua\/","name":"Peso da R\u00e9gua","description":"Your Pets in Good Hands","publisher":{"@id":"https:\/\/onevetgroup.pt\/peso-da-regua\/#organization"},"potentialAction":[{"@type":"SearchAction","target":{"@type":"EntryPoint","urlTemplate":"https:\/\/onevetgroup.pt\/peso-da-regua\/?s={search_term_string}"},"query-input":{"@type":"PropertyValueSpecification","valueRequired":true,"valueName":"search_term_string"}}],"inLanguage":"pt-PT"},{"@type":"Organization","@id":"https:\/\/onevetgroup.pt\/peso-da-regua\/#organization","name":"Peso da R\u00e9gua","url":"https:\/\/onevetgroup.pt\/peso-da-regua\/","logo":{"@type":"ImageObject","inLanguage":"pt-PT","@id":"https:\/\/onevetgroup.pt\/peso-da-regua\/#\/schema\/logo\/image\/","url":"https:\/\/onevetgroup.pt\/peso-da-regua\/wp-content\/uploads\/sites\/29\/2023\/07\/cropped-onevet_cvpesoregua_horizontal-1-e1689068116690.png","contentUrl":"https:\/\/onevetgroup.pt\/peso-da-regua\/wp-content\/uploads\/sites\/29\/2023\/07\/cropped-onevet_cvpesoregua_horizontal-1-e1689068116690.png","width":269,"height":70,"caption":"Peso da R\u00e9gua"},"image":{"@id":"https:\/\/onevetgroup.pt\/peso-da-regua\/#\/schema\/logo\/image\/"}}]}},"_links":{"self":[{"href":"https:\/\/onevetgroup.pt\/peso-da-regua\/wp-json\/wp\/v2\/pages\/17840","targetHints":{"allow":["GET"]}}],"collection":[{"href":"https:\/\/onevetgroup.pt\/peso-da-regua\/wp-json\/wp\/v2\/pages"}],"about":[{"href":"https:\/\/onevetgroup.pt\/peso-da-regua\/wp-json\/wp\/v2\/types\/page"}],"author":[{"embeddable":true,"href":"https:\/\/onevetgroup.pt\/peso-da-regua\/wp-json\/wp\/v2\/users\/61"}],"replies":[{"embeddable":true,"href":"https:\/\/onevetgroup.pt\/peso-da-regua\/wp-json\/wp\/v2\/comments?post=17840"}],"version-history":[{"count":3,"href":"https:\/\/onevetgroup.pt\/peso-da-regua\/wp-json\/wp\/v2\/pages\/17840\/revisions"}],"predecessor-version":[{"id":19736,"href":"https:\/\/onevetgroup.pt\/peso-da-regua\/wp-json\/wp\/v2\/pages\/17840\/revisions\/19736"}],"wp:attachment":[{"href":"https:\/\/onevetgroup.pt\/peso-da-regua\/wp-json\/wp\/v2\/media?parent=17840"}],"curies":[{"name":"wp","href":"https:\/\/api.w.org\/{rel}","templated":true}]}}