{"id":19030,"date":"2022-07-11T08:50:10","date_gmt":"2022-07-11T08:50:10","guid":{"rendered":"https:\/\/onevet.pt\/peso-da-regua\/?page_id=19030"},"modified":"2022-07-13T09:00:57","modified_gmt":"2022-07-13T09:00:57","slug":"loja-de-animais-de-estimacao","status":"publish","type":"page","link":"https:\/\/onevetgroup.pt\/peso-da-regua\/servicos-veterinarios\/loja-de-animais-de-estimacao\/","title":{"rendered":"Loja de Animais de Estima\u00e7\u00e3o"},"content":{"rendered":"\t\t<div data-elementor-type=\"wp-page\" data-elementor-id=\"19030\" class=\"elementor elementor-19030 elementor-19028\" data-elementor-post-type=\"page\">\n\t\t\t\t\t\t<section class=\"elementor-section elementor-top-section elementor-element elementor-element-56a9a77e elementor-section-boxed elementor-section-height-default elementor-section-height-default\" data-id=\"56a9a77e\" data-element_type=\"section\">\n\t\t\t\t\t\t<div class=\"elementor-container elementor-column-gap-default\">\n\t\t\t\t\t<div class=\"elementor-column elementor-col-100 elementor-top-column elementor-element elementor-element-2157c838\" data-id=\"2157c838\" data-element_type=\"column\">\n\t\t\t<div class=\"elementor-widget-wrap elementor-element-populated\">\n\t\t\t\t\t\t<div class=\"elementor-element elementor-element-79653bd5 elementor-widget elementor-widget-text-editor\" data-id=\"79653bd5\" data-element_type=\"widget\" data-widget_type=\"text-editor.default\">\n\t\t\t\t<div class=\"elementor-widget-container\">\n\t\t\t\t\t\t\t\t\tNa Onevet Consult\u00f3rio Veterin\u00e1rio do Peso da R\u00e9gua  temos uma loja aprovisionada com as melhores marcas de comida para animais de estima\u00e7\u00e3o e toda uma variedade de acess\u00f3rios, como trelas, coleiras, comedouros, champ\u00f4s e muito mais.\n\n&nbsp;\t\t\t\t\t\t\t\t<\/div>\n\t\t\t\t<\/div>\n\t\t\t\t\t<\/div>\n\t\t<\/div>\n\t\t\t\t\t<\/div>\n\t\t<\/section>\n\t\t\t\t<section class=\"elementor-section elementor-top-section elementor-element elementor-element-cc41108 elementor-section-boxed elementor-section-height-default elementor-section-height-default\" data-id=\"cc41108\" data-element_type=\"section\">\n\t\t\t\t\t\t<div class=\"elementor-container elementor-column-gap-default\">\n\t\t\t\t\t<div class=\"elementor-column elementor-col-100 elementor-top-column elementor-element elementor-element-b0dd4a5\" data-id=\"b0dd4a5\" data-element_type=\"column\">\n\t\t\t<div class=\"elementor-widget-wrap elementor-element-populated\">\n\t\t\t\t\t\t<div class=\"elementor-element elementor-element-bf5cf84 elementor-widget elementor-widget-image\" data-id=\"bf5cf84\" data-element_type=\"widget\" data-widget_type=\"image.default\">\n\t\t\t\t<div class=\"elementor-widget-container\">\n\t\t\t\t\t\t\t\t\t\t\t\t\t\t\t<img fetchpriority=\"high\" width=\"724\" height=\"460\" class=\"attachment-medium_large size-medium_large wp-image-14766 lazy\" alt=\"\" data-src=\"https:\/\/onevetgroup.pt\/peso-da-regua\/wp-content\/uploads\/sites\/29\/2021\/06\/pet-shop-768x488.jpeg\" data-lazy=\"https:\/\/onevetgroup.pt\/peso-da-regua\/wp-content\/uploads\/sites\/29\/2021\/06\/pet-shop-768x488.jpeg\" \/>\t\t\t\t\t\t\t\t\t\t\t\t\t\t\t<\/div>\n\t\t\t\t<\/div>\n\t\t\t\t\t<\/div>\n\t\t<\/div>\n\t\t\t\t\t<\/div>\n\t\t<\/section>\n\t\t\t\t<\/div>\n\t\t","protected":false},"excerpt":{"rendered":"<p>Na temos uma loja aprovisionada com as melhores marcas de comida para animais de estima\u00e7\u00e3o e toda uma variedade de acess\u00f3rios, como trelas, coleiras, comedouros, champ\u00f4s e muito mais. &nbsp;<\/p>\n","protected":false},"author":61,"featured_media":0,"parent":14053,"menu_order":0,"comment_status":"closed","ping_status":"closed","template":"page-fullwidth.php","meta":{"_acf_changed":false,"content-type":"","footnotes":""},"class_list":["post-19030","page","type-page","status-publish","hentry"],"acf":[],"yoast_head":"<!-- This site is optimized with the Yoast SEO plugin v26.2 - https:\/\/yoast.com\/wordpress\/plugins\/seo\/ -->\n<title>Loja de Animais de Estima\u00e7\u00e3o - Peso da R\u00e9gua<\/title>\n<meta name=\"robots\" content=\"index, follow, max-snippet:-1, max-image-preview:large, max-video-preview:-1\" \/>\n<link rel=\"canonical\" href=\"https:\/\/onevetgroup.pt\/peso-da-regua\/servicos-veterinarios\/loja-de-animais-de-estimacao\/\" \/>\n<meta property=\"og:locale\" content=\"pt_PT\" \/>\n<meta property=\"og:type\" content=\"article\" \/>\n<meta property=\"og:title\" content=\"Loja de Animais de Estima\u00e7\u00e3o - Peso da R\u00e9gua\" \/>\n<meta property=\"og:description\" content=\"Na temos uma loja aprovisionada com as melhores marcas de comida para animais de estima\u00e7\u00e3o e toda uma variedade de acess\u00f3rios, como trelas, coleiras, comedouros, champ\u00f4s e muito mais. &nbsp;\" \/>\n<meta property=\"og:url\" content=\"https:\/\/onevetgroup.pt\/peso-da-regua\/servicos-veterinarios\/loja-de-animais-de-estimacao\/\" \/>\n<meta property=\"og:site_name\" content=\"Peso da R\u00e9gua\" \/>\n<meta property=\"article:modified_time\" content=\"2022-07-13T09:00:57+00:00\" \/>\n<meta property=\"og:image\" content=\"https:\/\/onevet.pt\/peso-da-regua\/wp-content\/uploads\/sites\/29\/2021\/06\/pet-shop-768x488.jpeg\" \/>\n<meta name=\"twitter:card\" content=\"summary_large_image\" \/>\n<meta name=\"twitter:label1\" content=\"Tempo estimado de leitura\" \/>\n\t<meta name=\"twitter:data1\" content=\"1 minuto\" \/>\n<script type=\"application\/ld+json\" class=\"yoast-schema-graph\">{\"@context\":\"https:\/\/schema.org\",\"@graph\":[{\"@type\":\"WebPage\",\"@id\":\"https:\/\/onevetgroup.pt\/peso-da-regua\/servicos-veterinarios\/loja-de-animais-de-estimacao\/\",\"url\":\"https:\/\/onevetgroup.pt\/peso-da-regua\/servicos-veterinarios\/loja-de-animais-de-estimacao\/\",\"name\":\"Loja de Animais de Estima\u00e7\u00e3o - Peso da R\u00e9gua\",\"isPartOf\":{\"@id\":\"https:\/\/onevetgroup.pt\/peso-da-regua\/#website\"},\"primaryImageOfPage\":{\"@id\":\"https:\/\/onevetgroup.pt\/peso-da-regua\/servicos-veterinarios\/loja-de-animais-de-estimacao\/#primaryimage\"},\"image\":{\"@id\":\"https:\/\/onevetgroup.pt\/peso-da-regua\/servicos-veterinarios\/loja-de-animais-de-estimacao\/#primaryimage\"},\"thumbnailUrl\":\"https:\/\/onevet.pt\/peso-da-regua\/wp-content\/uploads\/sites\/29\/2021\/06\/pet-shop-768x488.jpeg\",\"datePublished\":\"2022-07-11T08:50:10+00:00\",\"dateModified\":\"2022-07-13T09:00:57+00:00\",\"breadcrumb\":{\"@id\":\"https:\/\/onevetgroup.pt\/peso-da-regua\/servicos-veterinarios\/loja-de-animais-de-estimacao\/#breadcrumb\"},\"inLanguage\":\"pt-PT\",\"potentialAction\":[{\"@type\":\"ReadAction\",\"target\":[\"https:\/\/onevetgroup.pt\/peso-da-regua\/servicos-veterinarios\/loja-de-animais-de-estimacao\/\"]}]},{\"@type\":\"ImageObject\",\"inLanguage\":\"pt-PT\",\"@id\":\"https:\/\/onevetgroup.pt\/peso-da-regua\/servicos-veterinarios\/loja-de-animais-de-estimacao\/#primaryimage\",\"url\":\"https:\/\/onevet.pt\/peso-da-regua\/wp-content\/uploads\/sites\/29\/2021\/06\/pet-shop-768x488.jpeg\",\"contentUrl\":\"https:\/\/onevet.pt\/peso-da-regua\/wp-content\/uploads\/sites\/29\/2021\/06\/pet-shop-768x488.jpeg\"},{\"@type\":\"BreadcrumbList\",\"@id\":\"https:\/\/onevetgroup.pt\/peso-da-regua\/servicos-veterinarios\/loja-de-animais-de-estimacao\/#breadcrumb\",\"itemListElement\":[{\"@type\":\"ListItem\",\"position\":1,\"name\":\"Home\",\"item\":\"https:\/\/onevetgroup.pt\/peso-da-regua\/\"},{\"@type\":\"ListItem\",\"position\":2,\"name\":\"Servi\u00e7os de Cuidados para Animais de Estima\u00e7\u00e3o\",\"item\":\"https:\/\/onevetgroup.pt\/peso-da-regua\/servicos-veterinarios\/\"},{\"@type\":\"ListItem\",\"position\":3,\"name\":\"Loja de Animais de Estima\u00e7\u00e3o\"}]},{\"@type\":\"WebSite\",\"@id\":\"https:\/\/onevetgroup.pt\/peso-da-regua\/#website\",\"url\":\"https:\/\/onevetgroup.pt\/peso-da-regua\/\",\"name\":\"Peso da R\u00e9gua\",\"description\":\"Your Pets in Good Hands\",\"publisher\":{\"@id\":\"https:\/\/onevetgroup.pt\/peso-da-regua\/#organization\"},\"potentialAction\":[{\"@type\":\"SearchAction\",\"target\":{\"@type\":\"EntryPoint\",\"urlTemplate\":\"https:\/\/onevetgroup.pt\/peso-da-regua\/?s={search_term_string}\"},\"query-input\":{\"@type\":\"PropertyValueSpecification\",\"valueRequired\":true,\"valueName\":\"search_term_string\"}}],\"inLanguage\":\"pt-PT\"},{\"@type\":\"Organization\",\"@id\":\"https:\/\/onevetgroup.pt\/peso-da-regua\/#organization\",\"name\":\"Peso da R\u00e9gua\",\"url\":\"https:\/\/onevetgroup.pt\/peso-da-regua\/\",\"logo\":{\"@type\":\"ImageObject\",\"inLanguage\":\"pt-PT\",\"@id\":\"https:\/\/onevetgroup.pt\/peso-da-regua\/#\/schema\/logo\/image\/\",\"url\":\"https:\/\/onevetgroup.pt\/peso-da-regua\/wp-content\/uploads\/sites\/29\/2023\/07\/cropped-onevet_cvpesoregua_horizontal-1-e1689068116690.png\",\"contentUrl\":\"https:\/\/onevetgroup.pt\/peso-da-regua\/wp-content\/uploads\/sites\/29\/2023\/07\/cropped-onevet_cvpesoregua_horizontal-1-e1689068116690.png\",\"width\":269,\"height\":70,\"caption\":\"Peso da R\u00e9gua\"},\"image\":{\"@id\":\"https:\/\/onevetgroup.pt\/peso-da-regua\/#\/schema\/logo\/image\/\"}}]}<\/script>\n<!-- \/ Yoast SEO plugin. -->","yoast_head_json":{"title":"Loja de Animais de Estima\u00e7\u00e3o - Peso da R\u00e9gua","robots":{"index":"index","follow":"follow","max-snippet":"max-snippet:-1","max-image-preview":"max-image-preview:large","max-video-preview":"max-video-preview:-1"},"canonical":"https:\/\/onevetgroup.pt\/peso-da-regua\/servicos-veterinarios\/loja-de-animais-de-estimacao\/","og_locale":"pt_PT","og_type":"article","og_title":"Loja de Animais de Estima\u00e7\u00e3o - Peso da R\u00e9gua","og_description":"Na temos uma loja aprovisionada com as melhores marcas de comida para animais de estima\u00e7\u00e3o e toda uma variedade de acess\u00f3rios, como trelas, coleiras, comedouros, champ\u00f4s e muito mais. &nbsp;","og_url":"https:\/\/onevetgroup.pt\/peso-da-regua\/servicos-veterinarios\/loja-de-animais-de-estimacao\/","og_site_name":"Peso da R\u00e9gua","article_modified_time":"2022-07-13T09:00:57+00:00","og_image":[{"url":"https:\/\/onevet.pt\/peso-da-regua\/wp-content\/uploads\/sites\/29\/2021\/06\/pet-shop-768x488.jpeg","type":"","width":"","height":""}],"twitter_card":"summary_large_image","twitter_misc":{"Tempo estimado de leitura":"1 minuto"},"schema":{"@context":"https:\/\/schema.org","@graph":[{"@type":"WebPage","@id":"https:\/\/onevetgroup.pt\/peso-da-regua\/servicos-veterinarios\/loja-de-animais-de-estimacao\/","url":"https:\/\/onevetgroup.pt\/peso-da-regua\/servicos-veterinarios\/loja-de-animais-de-estimacao\/","name":"Loja de Animais de Estima\u00e7\u00e3o - Peso da R\u00e9gua","isPartOf":{"@id":"https:\/\/onevetgroup.pt\/peso-da-regua\/#website"},"primaryImageOfPage":{"@id":"https:\/\/onevetgroup.pt\/peso-da-regua\/servicos-veterinarios\/loja-de-animais-de-estimacao\/#primaryimage"},"image":{"@id":"https:\/\/onevetgroup.pt\/peso-da-regua\/servicos-veterinarios\/loja-de-animais-de-estimacao\/#primaryimage"},"thumbnailUrl":"https:\/\/onevet.pt\/peso-da-regua\/wp-content\/uploads\/sites\/29\/2021\/06\/pet-shop-768x488.jpeg","datePublished":"2022-07-11T08:50:10+00:00","dateModified":"2022-07-13T09:00:57+00:00","breadcrumb":{"@id":"https:\/\/onevetgroup.pt\/peso-da-regua\/servicos-veterinarios\/loja-de-animais-de-estimacao\/#breadcrumb"},"inLanguage":"pt-PT","potentialAction":[{"@type":"ReadAction","target":["https:\/\/onevetgroup.pt\/peso-da-regua\/servicos-veterinarios\/loja-de-animais-de-estimacao\/"]}]},{"@type":"ImageObject","inLanguage":"pt-PT","@id":"https:\/\/onevetgroup.pt\/peso-da-regua\/servicos-veterinarios\/loja-de-animais-de-estimacao\/#primaryimage","url":"https:\/\/onevet.pt\/peso-da-regua\/wp-content\/uploads\/sites\/29\/2021\/06\/pet-shop-768x488.jpeg","contentUrl":"https:\/\/onevet.pt\/peso-da-regua\/wp-content\/uploads\/sites\/29\/2021\/06\/pet-shop-768x488.jpeg"},{"@type":"BreadcrumbList","@id":"https:\/\/onevetgroup.pt\/peso-da-regua\/servicos-veterinarios\/loja-de-animais-de-estimacao\/#breadcrumb","itemListElement":[{"@type":"ListItem","position":1,"name":"Home","item":"https:\/\/onevetgroup.pt\/peso-da-regua\/"},{"@type":"ListItem","position":2,"name":"Servi\u00e7os de Cuidados para Animais de Estima\u00e7\u00e3o","item":"https:\/\/onevetgroup.pt\/peso-da-regua\/servicos-veterinarios\/"},{"@type":"ListItem","position":3,"name":"Loja de Animais de Estima\u00e7\u00e3o"}]},{"@type":"WebSite","@id":"https:\/\/onevetgroup.pt\/peso-da-regua\/#website","url":"https:\/\/onevetgroup.pt\/peso-da-regua\/","name":"Peso da R\u00e9gua","description":"Your Pets in Good Hands","publisher":{"@id":"https:\/\/onevetgroup.pt\/peso-da-regua\/#organization"},"potentialAction":[{"@type":"SearchAction","target":{"@type":"EntryPoint","urlTemplate":"https:\/\/onevetgroup.pt\/peso-da-regua\/?s={search_term_string}"},"query-input":{"@type":"PropertyValueSpecification","valueRequired":true,"valueName":"search_term_string"}}],"inLanguage":"pt-PT"},{"@type":"Organization","@id":"https:\/\/onevetgroup.pt\/peso-da-regua\/#organization","name":"Peso da R\u00e9gua","url":"https:\/\/onevetgroup.pt\/peso-da-regua\/","logo":{"@type":"ImageObject","inLanguage":"pt-PT","@id":"https:\/\/onevetgroup.pt\/peso-da-regua\/#\/schema\/logo\/image\/","url":"https:\/\/onevetgroup.pt\/peso-da-regua\/wp-content\/uploads\/sites\/29\/2023\/07\/cropped-onevet_cvpesoregua_horizontal-1-e1689068116690.png","contentUrl":"https:\/\/onevetgroup.pt\/peso-da-regua\/wp-content\/uploads\/sites\/29\/2023\/07\/cropped-onevet_cvpesoregua_horizontal-1-e1689068116690.png","width":269,"height":70,"caption":"Peso da R\u00e9gua"},"image":{"@id":"https:\/\/onevetgroup.pt\/peso-da-regua\/#\/schema\/logo\/image\/"}}]}},"_links":{"self":[{"href":"https:\/\/onevetgroup.pt\/peso-da-regua\/wp-json\/wp\/v2\/pages\/19030","targetHints":{"allow":["GET"]}}],"collection":[{"href":"https:\/\/onevetgroup.pt\/peso-da-regua\/wp-json\/wp\/v2\/pages"}],"about":[{"href":"https:\/\/onevetgroup.pt\/peso-da-regua\/wp-json\/wp\/v2\/types\/page"}],"author":[{"embeddable":true,"href":"https:\/\/onevetgroup.pt\/peso-da-regua\/wp-json\/wp\/v2\/users\/61"}],"replies":[{"embeddable":true,"href":"https:\/\/onevetgroup.pt\/peso-da-regua\/wp-json\/wp\/v2\/comments?post=19030"}],"version-history":[{"count":0,"href":"https:\/\/onevetgroup.pt\/peso-da-regua\/wp-json\/wp\/v2\/pages\/19030\/revisions"}],"up":[{"embeddable":true,"href":"https:\/\/onevetgroup.pt\/peso-da-regua\/wp-json\/wp\/v2\/pages\/14053"}],"wp:attachment":[{"href":"https:\/\/onevetgroup.pt\/peso-da-regua\/wp-json\/wp\/v2\/media?parent=19030"}],"curies":[{"name":"wp","href":"https:\/\/api.w.org\/{rel}","templated":true}]}}