{"id":14027,"date":"2021-02-08T15:29:02","date_gmt":"2021-02-08T15:29:02","guid":{"rendered":"http:\/\/onevet.pt\/porto\/endoscopia\/"},"modified":"2025-11-13T15:44:33","modified_gmt":"2025-11-13T15:44:33","slug":"endoscopia","status":"publish","type":"page","link":"https:\/\/onevetgroup.pt\/porto\/servicos-veterinarios\/endoscopia\/","title":{"rendered":"Endoscopia"},"content":{"rendered":"\t\t<div data-elementor-type=\"wp-page\" data-elementor-id=\"14027\" class=\"elementor elementor-14027 elementor-12809\" data-elementor-post-type=\"page\">\n\t\t\t\t\t\t<section class=\"elementor-section elementor-top-section elementor-element elementor-element-3b7f1f2 elementor-section-boxed elementor-section-height-default elementor-section-height-default\" data-id=\"3b7f1f2\" data-element_type=\"section\">\n\t\t\t\t\t\t<div class=\"elementor-container elementor-column-gap-default\">\n\t\t\t\t\t<div class=\"elementor-column elementor-col-100 elementor-top-column elementor-element elementor-element-138c88c\" data-id=\"138c88c\" data-element_type=\"column\">\n\t\t\t<div class=\"elementor-widget-wrap elementor-element-populated\">\n\t\t\t\t\t\t<div class=\"elementor-element elementor-element-ec83cf0 elementor-widget elementor-widget-section_titleleft\" data-id=\"ec83cf0\" data-element_type=\"widget\" data-widget_type=\"section_titleleft.default\">\n\t\t\t\t<div class=\"elementor-widget-container\">\n\t\t\t\t\t        <div class=\"ab_text-title fl-wrap\">\r\n            <h3>O que \u00e9 a endoscopia?<\/h3><span class=\"section-separator fl-sec-sep\"><\/span>        <\/div>\r\n        \t\t\t\t<\/div>\n\t\t\t\t<\/div>\n\t\t\t\t\t<\/div>\n\t\t<\/div>\n\t\t\t\t\t<\/div>\n\t\t<\/section>\n\t\t\t\t<section class=\"elementor-section elementor-top-section elementor-element elementor-element-d993722 elementor-section-boxed elementor-section-height-default elementor-section-height-default\" data-id=\"d993722\" data-element_type=\"section\">\n\t\t\t\t\t\t<div class=\"elementor-container elementor-column-gap-wide\">\n\t\t\t\t\t<div class=\"elementor-column elementor-col-50 elementor-top-column elementor-element elementor-element-065811d\" data-id=\"065811d\" data-element_type=\"column\">\n\t\t\t<div class=\"elementor-widget-wrap elementor-element-populated\">\n\t\t\t\t\t\t<div class=\"elementor-element elementor-element-63d99ac elementor-widget elementor-widget-text-editor\" data-id=\"63d99ac\" data-element_type=\"widget\" data-widget_type=\"text-editor.default\">\n\t\t\t\t<div class=\"elementor-widget-container\">\n\t\t\t\t\t\t\t\t\t<p>Uma endoscopia \u00e9 um procedimento minimamente invasivo utilizado em c\u00e3es e gatos para ajudar a diagnosticar problemas gastrointestinais, c\u00e9lulas anormais, tumores e algumas formas de cancro, incluindo linfomas.<\/p><p>\u00c9 de baixo risco para o paciente e trata-se de um tratamento menos invasivo e dispendioso quando comparado com as alternativas cir\u00fargicas.<\/p><p>Os nossos veterin\u00e1rios da <span data-sheets-value=\"{\" data-sheets-userformat=\"{\">Onevet Hospital Veterin\u00e1rio Porto<\/span> realizam os procedimentos endosc\u00f3picos sob anestesia geral. O procedimento consiste em inserir uma pequena c\u00e2mara na boca do animal que \u00e9 usada para avaliar o es\u00f3fago, o est\u00f4mago e os intestino delgado &#8211; a chamada endoscopia digestiva alta.\u00a0<\/p>\t\t\t\t\t\t\t\t<\/div>\n\t\t\t\t<\/div>\n\t\t\t\t\t<\/div>\n\t\t<\/div>\n\t\t\t\t<div class=\"elementor-column elementor-col-50 elementor-top-column elementor-element elementor-element-2048e61\" data-id=\"2048e61\" data-element_type=\"column\">\n\t\t\t<div class=\"elementor-widget-wrap elementor-element-populated\">\n\t\t\t\t\t\t<div class=\"elementor-element elementor-element-dc7c821 elementor-widget elementor-widget-image\" data-id=\"dc7c821\" data-element_type=\"widget\" data-widget_type=\"image.default\">\n\t\t\t\t<div class=\"elementor-widget-container\">\n\t\t\t\t\t\t\t\t\t\t\t\t\t\t\t<img fetchpriority=\"high\" width=\"786\" height=\"524\" class=\"attachment-townhub-featured-image size-townhub-featured-image wp-image-18964 lazy\" alt=\"\" data-src=\"https:\/\/onevetgroup.pt\/porto\/wp-content\/uploads\/sites\/30\/2022\/07\/endoscopy-786x524.jpg\" data-lazy=\"https:\/\/onevetgroup.pt\/porto\/wp-content\/uploads\/sites\/30\/2022\/07\/endoscopy-786x524.jpg\" \/>\t\t\t\t\t\t\t\t\t\t\t\t\t\t\t<\/div>\n\t\t\t\t<\/div>\n\t\t\t\t\t<\/div>\n\t\t<\/div>\n\t\t\t\t\t<\/div>\n\t\t<\/section>\n\t\t\t\t<section class=\"elementor-section elementor-top-section elementor-element elementor-element-c6e8d26 elementor-section-boxed elementor-section-height-default elementor-section-height-default\" data-id=\"c6e8d26\" data-element_type=\"section\">\n\t\t\t\t\t\t<div class=\"elementor-container elementor-column-gap-default\">\n\t\t\t\t\t<div class=\"elementor-column elementor-col-100 elementor-top-column elementor-element elementor-element-d92d362\" data-id=\"d92d362\" data-element_type=\"column\">\n\t\t\t<div class=\"elementor-widget-wrap elementor-element-populated\">\n\t\t\t\t\t\t<div class=\"elementor-element elementor-element-70fb1ad elementor-widget elementor-widget-section_titleleft\" data-id=\"70fb1ad\" data-element_type=\"widget\" data-widget_type=\"section_titleleft.default\">\n\t\t\t\t<div class=\"elementor-widget-container\">\n\t\t\t\t\t        <div class=\"ab_text-title fl-wrap\">\r\n            <h3>Quando \u00e9 que a endoscopia \u00e9 considerada?<\/h3><span class=\"section-separator fl-sec-sep\"><\/span>        <\/div>\r\n        \t\t\t\t<\/div>\n\t\t\t\t<\/div>\n\t\t\t\t\t<\/div>\n\t\t<\/div>\n\t\t\t\t\t<\/div>\n\t\t<\/section>\n\t\t\t\t<section class=\"elementor-section elementor-top-section elementor-element elementor-element-149f379 elementor-section-boxed elementor-section-height-default elementor-section-height-default\" data-id=\"149f379\" data-element_type=\"section\">\n\t\t\t\t\t\t<div class=\"elementor-container elementor-column-gap-wide\">\n\t\t\t\t\t<div class=\"elementor-column elementor-col-100 elementor-top-column elementor-element elementor-element-08b8459\" data-id=\"08b8459\" data-element_type=\"column\">\n\t\t\t<div class=\"elementor-widget-wrap elementor-element-populated\">\n\t\t\t\t\t\t<div class=\"elementor-element elementor-element-e1b240e elementor-widget elementor-widget-text-editor\" data-id=\"e1b240e\" data-element_type=\"widget\" data-widget_type=\"text-editor.default\">\n\t\t\t\t<div class=\"elementor-widget-container\">\n\t\t\t\t\t\t\t\t\t<p>\u00c9 frequentemente utilizada para compreender a causa dos espirros, dos v\u00f3mitos, da diarreia ou dos problemas urin\u00e1rios dos seus animais de estima\u00e7\u00e3o e pode ser utilizada para extrair objetos do nariz, dos pulm\u00f5es, do est\u00f4mago e do es\u00f3fago sem que seja necess\u00e1rio realizar uma cirurgia dolorosa.<\/p><p>O tempo de recupera\u00e7\u00e3o \u00e9 imediato, pelo que, uma vez terminada, o seu animal de estima\u00e7\u00e3o poder retomar a sua vida normal.<\/p>\t\t\t\t\t\t\t\t<\/div>\n\t\t\t\t<\/div>\n\t\t\t\t\t<\/div>\n\t\t<\/div>\n\t\t\t\t\t<\/div>\n\t\t<\/section>\n\t\t\t\t<\/div>\n\t\t","protected":false},"excerpt":{"rendered":"<p>O que \u00e9 a endoscopia? Uma endoscopia \u00e9 um procedimento minimamente invasivo utilizado em c\u00e3es e gatos para ajudar a diagnosticar problemas gastrointestinais, c\u00e9lulas anormais, tumores e algumas formas de cancro, incluindo linfomas. \u00c9 de baixo risco para o paciente e trata-se de um tratamento menos invasivo e dispendioso quando comparado com as alternativas cir\u00fargicas. &hellip; <\/p>\n","protected":false},"author":4,"featured_media":0,"parent":14053,"menu_order":0,"comment_status":"closed","ping_status":"closed","template":"page-fullwidth.php","meta":{"_acf_changed":false,"content-type":"","footnotes":""},"class_list":["post-14027","page","type-page","status-publish","hentry"],"acf":[],"yoast_head":"<!-- This site is optimized with the Yoast SEO plugin v26.2 - https:\/\/yoast.com\/wordpress\/plugins\/seo\/ -->\n<title>Endoscopia - Porto<\/title>\n<meta name=\"robots\" content=\"index, follow, max-snippet:-1, max-image-preview:large, max-video-preview:-1\" \/>\n<link rel=\"canonical\" href=\"https:\/\/onevetgroup.pt\/porto\/servicos-veterinarios\/endoscopia\/\" \/>\n<meta property=\"og:locale\" content=\"pt_PT\" \/>\n<meta property=\"og:type\" content=\"article\" \/>\n<meta property=\"og:title\" content=\"Endoscopia - Porto\" \/>\n<meta property=\"og:description\" content=\"O que \u00e9 a endoscopia? Uma endoscopia \u00e9 um procedimento minimamente invasivo utilizado em c\u00e3es e gatos para ajudar a diagnosticar problemas gastrointestinais, c\u00e9lulas anormais, tumores e algumas formas de cancro, incluindo linfomas. \u00c9 de baixo risco para o paciente e trata-se de um tratamento menos invasivo e dispendioso quando comparado com as alternativas cir\u00fargicas. &hellip;\" \/>\n<meta property=\"og:url\" content=\"https:\/\/onevetgroup.pt\/porto\/servicos-veterinarios\/endoscopia\/\" \/>\n<meta property=\"og:site_name\" content=\"Porto\" \/>\n<meta property=\"article:modified_time\" content=\"2025-11-13T15:44:33+00:00\" \/>\n<meta property=\"og:image\" content=\"https:\/\/onevetgroup.pt\/porto\/wp-content\/uploads\/sites\/30\/2022\/07\/endoscopy-786x524.jpg\" \/>\n<meta name=\"twitter:card\" content=\"summary_large_image\" \/>\n<meta name=\"twitter:label1\" content=\"Tempo estimado de leitura\" \/>\n\t<meta name=\"twitter:data1\" content=\"2 minutos\" \/>\n<script type=\"application\/ld+json\" class=\"yoast-schema-graph\">{\"@context\":\"https:\/\/schema.org\",\"@graph\":[{\"@type\":\"WebPage\",\"@id\":\"https:\/\/onevetgroup.pt\/porto\/servicos-veterinarios\/endoscopia\/\",\"url\":\"https:\/\/onevetgroup.pt\/porto\/servicos-veterinarios\/endoscopia\/\",\"name\":\"Endoscopia - Porto\",\"isPartOf\":{\"@id\":\"https:\/\/onevetgroup.pt\/porto\/#website\"},\"primaryImageOfPage\":{\"@id\":\"https:\/\/onevetgroup.pt\/porto\/servicos-veterinarios\/endoscopia\/#primaryimage\"},\"image\":{\"@id\":\"https:\/\/onevetgroup.pt\/porto\/servicos-veterinarios\/endoscopia\/#primaryimage\"},\"thumbnailUrl\":\"https:\/\/onevetgroup.pt\/porto\/wp-content\/uploads\/sites\/30\/2022\/07\/endoscopy-786x524.jpg\",\"datePublished\":\"2021-02-08T15:29:02+00:00\",\"dateModified\":\"2025-11-13T15:44:33+00:00\",\"breadcrumb\":{\"@id\":\"https:\/\/onevetgroup.pt\/porto\/servicos-veterinarios\/endoscopia\/#breadcrumb\"},\"inLanguage\":\"pt-PT\",\"potentialAction\":[{\"@type\":\"ReadAction\",\"target\":[\"https:\/\/onevetgroup.pt\/porto\/servicos-veterinarios\/endoscopia\/\"]}]},{\"@type\":\"ImageObject\",\"inLanguage\":\"pt-PT\",\"@id\":\"https:\/\/onevetgroup.pt\/porto\/servicos-veterinarios\/endoscopia\/#primaryimage\",\"url\":\"https:\/\/onevetgroup.pt\/porto\/wp-content\/uploads\/sites\/30\/2022\/07\/endoscopy.jpg\",\"contentUrl\":\"https:\/\/onevetgroup.pt\/porto\/wp-content\/uploads\/sites\/30\/2022\/07\/endoscopy.jpg\",\"width\":860,\"height\":648},{\"@type\":\"BreadcrumbList\",\"@id\":\"https:\/\/onevetgroup.pt\/porto\/servicos-veterinarios\/endoscopia\/#breadcrumb\",\"itemListElement\":[{\"@type\":\"ListItem\",\"position\":1,\"name\":\"Home\",\"item\":\"https:\/\/onevetgroup.pt\/porto\/\"},{\"@type\":\"ListItem\",\"position\":2,\"name\":\"Servi\u00e7os de Cuidados para Animais de Estima\u00e7\u00e3o\",\"item\":\"https:\/\/onevetgroup.pt\/porto\/servicos-veterinarios\/\"},{\"@type\":\"ListItem\",\"position\":3,\"name\":\"Endoscopia\"}]},{\"@type\":\"WebSite\",\"@id\":\"https:\/\/onevetgroup.pt\/porto\/#website\",\"url\":\"https:\/\/onevetgroup.pt\/porto\/\",\"name\":\"Porto\",\"description\":\"Your Pets in Good Hands\",\"publisher\":{\"@id\":\"https:\/\/onevetgroup.pt\/porto\/#organization\"},\"potentialAction\":[{\"@type\":\"SearchAction\",\"target\":{\"@type\":\"EntryPoint\",\"urlTemplate\":\"https:\/\/onevetgroup.pt\/porto\/?s={search_term_string}\"},\"query-input\":{\"@type\":\"PropertyValueSpecification\",\"valueRequired\":true,\"valueName\":\"search_term_string\"}}],\"inLanguage\":\"pt-PT\"},{\"@type\":\"Organization\",\"@id\":\"https:\/\/onevetgroup.pt\/porto\/#organization\",\"name\":\"Porto\",\"url\":\"https:\/\/onevetgroup.pt\/porto\/\",\"logo\":{\"@type\":\"ImageObject\",\"inLanguage\":\"pt-PT\",\"@id\":\"https:\/\/onevetgroup.pt\/porto\/#\/schema\/logo\/image\/\",\"url\":\"https:\/\/onevetgroup.pt\/porto\/wp-content\/uploads\/sites\/30\/2023\/07\/cropped-onevet_hvporto_horizontal-1-e1689068202427.png\",\"contentUrl\":\"https:\/\/onevetgroup.pt\/porto\/wp-content\/uploads\/sites\/30\/2023\/07\/cropped-onevet_hvporto_horizontal-1-e1689068202427.png\",\"width\":242,\"height\":70,\"caption\":\"Porto\"},\"image\":{\"@id\":\"https:\/\/onevetgroup.pt\/porto\/#\/schema\/logo\/image\/\"}}]}<\/script>\n<!-- \/ Yoast SEO plugin. -->","yoast_head_json":{"title":"Endoscopia - Porto","robots":{"index":"index","follow":"follow","max-snippet":"max-snippet:-1","max-image-preview":"max-image-preview:large","max-video-preview":"max-video-preview:-1"},"canonical":"https:\/\/onevetgroup.pt\/porto\/servicos-veterinarios\/endoscopia\/","og_locale":"pt_PT","og_type":"article","og_title":"Endoscopia - Porto","og_description":"O que \u00e9 a endoscopia? Uma endoscopia \u00e9 um procedimento minimamente invasivo utilizado em c\u00e3es e gatos para ajudar a diagnosticar problemas gastrointestinais, c\u00e9lulas anormais, tumores e algumas formas de cancro, incluindo linfomas. \u00c9 de baixo risco para o paciente e trata-se de um tratamento menos invasivo e dispendioso quando comparado com as alternativas cir\u00fargicas. &hellip;","og_url":"https:\/\/onevetgroup.pt\/porto\/servicos-veterinarios\/endoscopia\/","og_site_name":"Porto","article_modified_time":"2025-11-13T15:44:33+00:00","og_image":[{"url":"https:\/\/onevetgroup.pt\/porto\/wp-content\/uploads\/sites\/30\/2022\/07\/endoscopy-786x524.jpg","type":"","width":"","height":""}],"twitter_card":"summary_large_image","twitter_misc":{"Tempo estimado de leitura":"2 minutos"},"schema":{"@context":"https:\/\/schema.org","@graph":[{"@type":"WebPage","@id":"https:\/\/onevetgroup.pt\/porto\/servicos-veterinarios\/endoscopia\/","url":"https:\/\/onevetgroup.pt\/porto\/servicos-veterinarios\/endoscopia\/","name":"Endoscopia - Porto","isPartOf":{"@id":"https:\/\/onevetgroup.pt\/porto\/#website"},"primaryImageOfPage":{"@id":"https:\/\/onevetgroup.pt\/porto\/servicos-veterinarios\/endoscopia\/#primaryimage"},"image":{"@id":"https:\/\/onevetgroup.pt\/porto\/servicos-veterinarios\/endoscopia\/#primaryimage"},"thumbnailUrl":"https:\/\/onevetgroup.pt\/porto\/wp-content\/uploads\/sites\/30\/2022\/07\/endoscopy-786x524.jpg","datePublished":"2021-02-08T15:29:02+00:00","dateModified":"2025-11-13T15:44:33+00:00","breadcrumb":{"@id":"https:\/\/onevetgroup.pt\/porto\/servicos-veterinarios\/endoscopia\/#breadcrumb"},"inLanguage":"pt-PT","potentialAction":[{"@type":"ReadAction","target":["https:\/\/onevetgroup.pt\/porto\/servicos-veterinarios\/endoscopia\/"]}]},{"@type":"ImageObject","inLanguage":"pt-PT","@id":"https:\/\/onevetgroup.pt\/porto\/servicos-veterinarios\/endoscopia\/#primaryimage","url":"https:\/\/onevetgroup.pt\/porto\/wp-content\/uploads\/sites\/30\/2022\/07\/endoscopy.jpg","contentUrl":"https:\/\/onevetgroup.pt\/porto\/wp-content\/uploads\/sites\/30\/2022\/07\/endoscopy.jpg","width":860,"height":648},{"@type":"BreadcrumbList","@id":"https:\/\/onevetgroup.pt\/porto\/servicos-veterinarios\/endoscopia\/#breadcrumb","itemListElement":[{"@type":"ListItem","position":1,"name":"Home","item":"https:\/\/onevetgroup.pt\/porto\/"},{"@type":"ListItem","position":2,"name":"Servi\u00e7os de Cuidados para Animais de Estima\u00e7\u00e3o","item":"https:\/\/onevetgroup.pt\/porto\/servicos-veterinarios\/"},{"@type":"ListItem","position":3,"name":"Endoscopia"}]},{"@type":"WebSite","@id":"https:\/\/onevetgroup.pt\/porto\/#website","url":"https:\/\/onevetgroup.pt\/porto\/","name":"Porto","description":"Your Pets in Good Hands","publisher":{"@id":"https:\/\/onevetgroup.pt\/porto\/#organization"},"potentialAction":[{"@type":"SearchAction","target":{"@type":"EntryPoint","urlTemplate":"https:\/\/onevetgroup.pt\/porto\/?s={search_term_string}"},"query-input":{"@type":"PropertyValueSpecification","valueRequired":true,"valueName":"search_term_string"}}],"inLanguage":"pt-PT"},{"@type":"Organization","@id":"https:\/\/onevetgroup.pt\/porto\/#organization","name":"Porto","url":"https:\/\/onevetgroup.pt\/porto\/","logo":{"@type":"ImageObject","inLanguage":"pt-PT","@id":"https:\/\/onevetgroup.pt\/porto\/#\/schema\/logo\/image\/","url":"https:\/\/onevetgroup.pt\/porto\/wp-content\/uploads\/sites\/30\/2023\/07\/cropped-onevet_hvporto_horizontal-1-e1689068202427.png","contentUrl":"https:\/\/onevetgroup.pt\/porto\/wp-content\/uploads\/sites\/30\/2023\/07\/cropped-onevet_hvporto_horizontal-1-e1689068202427.png","width":242,"height":70,"caption":"Porto"},"image":{"@id":"https:\/\/onevetgroup.pt\/porto\/#\/schema\/logo\/image\/"}}]}},"_links":{"self":[{"href":"https:\/\/onevetgroup.pt\/porto\/wp-json\/wp\/v2\/pages\/14027","targetHints":{"allow":["GET"]}}],"collection":[{"href":"https:\/\/onevetgroup.pt\/porto\/wp-json\/wp\/v2\/pages"}],"about":[{"href":"https:\/\/onevetgroup.pt\/porto\/wp-json\/wp\/v2\/types\/page"}],"author":[{"embeddable":true,"href":"https:\/\/onevetgroup.pt\/porto\/wp-json\/wp\/v2\/users\/4"}],"replies":[{"embeddable":true,"href":"https:\/\/onevetgroup.pt\/porto\/wp-json\/wp\/v2\/comments?post=14027"}],"version-history":[{"count":3,"href":"https:\/\/onevetgroup.pt\/porto\/wp-json\/wp\/v2\/pages\/14027\/revisions"}],"predecessor-version":[{"id":20335,"href":"https:\/\/onevetgroup.pt\/porto\/wp-json\/wp\/v2\/pages\/14027\/revisions\/20335"}],"up":[{"embeddable":true,"href":"https:\/\/onevetgroup.pt\/porto\/wp-json\/wp\/v2\/pages\/14053"}],"wp:attachment":[{"href":"https:\/\/onevetgroup.pt\/porto\/wp-json\/wp\/v2\/media?parent=14027"}],"curies":[{"name":"wp","href":"https:\/\/api.w.org\/{rel}","templated":true}]}}