{"id":20232,"date":"2025-09-04T11:19:32","date_gmt":"2025-09-04T11:19:32","guid":{"rendered":"https:\/\/onevetgroup.pt\/porto\/?page_id=20232"},"modified":"2026-01-23T16:30:13","modified_gmt":"2026-01-23T16:30:13","slug":"referir-caso","status":"publish","type":"page","link":"https:\/\/onevetgroup.pt\/porto\/referir-caso\/","title":{"rendered":"Referir Caso"},"content":{"rendered":"\t\t<div data-elementor-type=\"wp-page\" data-elementor-id=\"20232\" class=\"elementor elementor-20232\" data-elementor-post-type=\"page\">\n\t\t\t\t\t\t<section class=\"elementor-section elementor-top-section elementor-element elementor-element-10a9947 elementor-section-boxed elementor-section-height-default elementor-section-height-default\" data-id=\"10a9947\" data-element_type=\"section\">\n\t\t\t\t\t\t<div class=\"elementor-container elementor-column-gap-default\">\n\t\t\t\t\t<div class=\"elementor-column elementor-col-50 elementor-top-column elementor-element elementor-element-f227f7f\" data-id=\"f227f7f\" data-element_type=\"column\">\n\t\t\t<div class=\"elementor-widget-wrap elementor-element-populated\">\n\t\t\t\t\t\t<div class=\"elementor-element elementor-element-8cba847 elementor-widget elementor-widget-image\" data-id=\"8cba847\" data-element_type=\"widget\" data-widget_type=\"image.default\">\n\t\t\t\t<div class=\"elementor-widget-container\">\n\t\t\t\t\t\t\t\t\t\t\t\t\t\t\t<img fetchpriority=\"high\" width=\"724\" height=\"477\" class=\"attachment-medium_large size-medium_large wp-image-18242 lazy\" alt=\"\" data-src=\"https:\/\/onevetgroup.pt\/porto\/wp-content\/uploads\/sites\/30\/2022\/07\/Urgencia1-768x506.jpg\" data-lazy=\"https:\/\/onevetgroup.pt\/porto\/wp-content\/uploads\/sites\/30\/2022\/07\/Urgencia1-768x506.jpg\" \/>\t\t\t\t\t\t\t\t\t\t\t\t\t\t\t<\/div>\n\t\t\t\t<\/div>\n\t\t\t\t\t<\/div>\n\t\t<\/div>\n\t\t\t\t<div class=\"elementor-column elementor-col-50 elementor-top-column elementor-element elementor-element-22ad61a\" data-id=\"22ad61a\" data-element_type=\"column\">\n\t\t\t<div class=\"elementor-widget-wrap elementor-element-populated\">\n\t\t\t\t\t\t<div class=\"elementor-element elementor-element-da8c00d elementor-widget elementor-widget-text-editor\" data-id=\"da8c00d\" data-element_type=\"widget\" data-widget_type=\"text-editor.default\">\n\t\t\t\t<div class=\"elementor-widget-container\">\n\t\t\t\t\t\t\t\t\t<h3>Como encaminhar um caso para n\u00f3s<\/h3><p>Servi\u00e7o exclusivo para veterin\u00e1rios<\/p><p>Se precisar de nos encaminhar um caso veterin\u00e1rio, siga estes passos:<\/p><p><strong>Ligue-nos para o <span class=\"w8qArf FoJoyf\">\u00a0<\/span><span class=\"LrzXr zdqRlf kno-fv\"><span aria-label=\"Llamar al n\u00famero de tel\u00e9fono +351 22 834 8170\">+351 939760180<\/span><\/span>.<\/strong><\/p><p>Preencha o formul\u00e1rio abaixo.<\/p><p><strong>Se tiver mais informa\u00e7\u00f5es que gostaria de partilhar, escreva-nos para <a href=\"mailto:hvp@onevetgroup.pt\"><i class=\"fal fa-envelope\"><\/i>hvp.referencia@onevetgroup.pt<\/a><\/strong><\/p><p>Mant\u00ea-lo-emos informado diariamente sobre a evolu\u00e7\u00e3o dos seus pacientes, com a tranquilidade de saber que receberam um tratamento excecional.<\/p>\t\t\t\t\t\t\t\t<\/div>\n\t\t\t\t<\/div>\n\t\t\t\t\t<\/div>\n\t\t<\/div>\n\t\t\t\t\t<\/div>\n\t\t<\/section>\n\t\t\t\t<section class=\"elementor-section elementor-top-section elementor-element elementor-element-fd539f4 elementor-section-boxed elementor-section-height-default elementor-section-height-default\" data-id=\"fd539f4\" data-element_type=\"section\">\n\t\t\t\t\t\t<div class=\"elementor-container elementor-column-gap-default\">\n\t\t\t\t\t<div class=\"elementor-column elementor-col-50 elementor-top-column elementor-element elementor-element-a67c3b0\" data-id=\"a67c3b0\" data-element_type=\"column\">\n\t\t\t<div class=\"elementor-widget-wrap elementor-element-populated\">\n\t\t\t\t\t\t<div class=\"elementor-element elementor-element-c2c9903 elementor-align-center elementor-widget elementor-widget-button\" data-id=\"c2c9903\" data-element_type=\"widget\" data-widget_type=\"button.default\">\n\t\t\t\t<div class=\"elementor-widget-container\">\n\t\t\t\t\t\t\t\t\t<div class=\"elementor-button-wrapper\">\n\t\t\t\t\t<a class=\"elementor-button elementor-button-link elementor-size-sm\" href=\"https:\/\/onevetgroup.pt\/porto\/formulario-referir-caso\/\">\n\t\t\t\t\t\t<span class=\"elementor-button-content-wrapper\">\n\t\t\t\t\t\t\t\t\t<span class=\"elementor-button-text\">Referir Caso<\/span>\n\t\t\t\t\t<\/span>\n\t\t\t\t\t<\/a>\n\t\t\t\t<\/div>\n\t\t\t\t\t\t\t\t<\/div>\n\t\t\t\t<\/div>\n\t\t\t\t\t<\/div>\n\t\t<\/div>\n\t\t\t\t<div class=\"elementor-column elementor-col-50 elementor-top-column elementor-element elementor-element-0af5a17\" data-id=\"0af5a17\" data-element_type=\"column\">\n\t\t\t<div class=\"elementor-widget-wrap elementor-element-populated\">\n\t\t\t\t\t\t<div class=\"elementor-element elementor-element-813a8e6 elementor-align-center elementor-widget elementor-widget-button\" data-id=\"813a8e6\" data-element_type=\"widget\" data-widget_type=\"button.default\">\n\t\t\t\t<div class=\"elementor-widget-container\">\n\t\t\t\t\t\t\t\t\t<div class=\"elementor-button-wrapper\">\n\t\t\t\t\t<a class=\"elementor-button elementor-button-link elementor-size-sm\" href=\"https:\/\/onevetgroup.pt\/porto\/formulario-referir-imagem-do-caso\">\n\t\t\t\t\t\t<span class=\"elementor-button-content-wrapper\">\n\t\t\t\t\t\t\t\t\t<span class=\"elementor-button-text\">Referir caso de Imagiologia<\/span>\n\t\t\t\t\t<\/span>\n\t\t\t\t\t<\/a>\n\t\t\t\t<\/div>\n\t\t\t\t\t\t\t\t<\/div>\n\t\t\t\t<\/div>\n\t\t\t\t\t<\/div>\n\t\t<\/div>\n\t\t\t\t\t<\/div>\n\t\t<\/section>\n\t\t\t\t<\/div>\n\t\t","protected":false},"excerpt":{"rendered":"<p>Como encaminhar um caso para n\u00f3s Servi\u00e7o exclusivo para veterin\u00e1rios Se precisar de nos encaminhar um caso veterin\u00e1rio, siga estes passos: Ligue-nos para o \u00a0+351 939760180. Preencha o formul\u00e1rio abaixo. Se tiver mais informa\u00e7\u00f5es que gostaria de partilhar, escreva-nos para hvp.referencia@onevetgroup.pt Mant\u00ea-lo-emos informado diariamente sobre a evolu\u00e7\u00e3o dos seus pacientes, com a tranquilidade de saber &hellip; <\/p>\n","protected":false},"author":61,"featured_media":0,"parent":0,"menu_order":0,"comment_status":"closed","ping_status":"closed","template":"page-fullwidth.php","meta":{"_acf_changed":false,"content-type":"","footnotes":""},"class_list":["post-20232","page","type-page","status-publish","hentry"],"acf":[],"yoast_head":"<!-- This site is optimized with the Yoast SEO plugin v26.2 - https:\/\/yoast.com\/wordpress\/plugins\/seo\/ -->\n<title>Referir Caso - Porto<\/title>\n<meta name=\"robots\" content=\"index, follow, max-snippet:-1, max-image-preview:large, max-video-preview:-1\" \/>\n<link rel=\"canonical\" href=\"https:\/\/onevetgroup.pt\/porto\/referir-caso\/\" \/>\n<meta property=\"og:locale\" content=\"pt_PT\" \/>\n<meta property=\"og:type\" content=\"article\" \/>\n<meta property=\"og:title\" content=\"Referir Caso - Porto\" \/>\n<meta property=\"og:description\" content=\"Como encaminhar um caso para n\u00f3s Servi\u00e7o exclusivo para veterin\u00e1rios Se precisar de nos encaminhar um caso veterin\u00e1rio, siga estes passos: Ligue-nos para o \u00a0+351 939760180. Preencha o formul\u00e1rio abaixo. Se tiver mais informa\u00e7\u00f5es que gostaria de partilhar, escreva-nos para hvp.referencia@onevetgroup.pt Mant\u00ea-lo-emos informado diariamente sobre a evolu\u00e7\u00e3o dos seus pacientes, com a tranquilidade de saber &hellip;\" \/>\n<meta property=\"og:url\" content=\"https:\/\/onevetgroup.pt\/porto\/referir-caso\/\" \/>\n<meta property=\"og:site_name\" content=\"Porto\" \/>\n<meta property=\"article:modified_time\" content=\"2026-01-23T16:30:13+00:00\" \/>\n<meta property=\"og:image\" content=\"https:\/\/onevetgroup.pt\/porto\/wp-content\/uploads\/sites\/30\/2022\/07\/Urgencia1-768x506.jpg\" \/>\n<meta name=\"twitter:card\" content=\"summary_large_image\" \/>\n<meta name=\"twitter:label1\" content=\"Tempo estimado de leitura\" \/>\n\t<meta name=\"twitter:data1\" content=\"1 minuto\" \/>\n<script type=\"application\/ld+json\" class=\"yoast-schema-graph\">{\"@context\":\"https:\/\/schema.org\",\"@graph\":[{\"@type\":\"WebPage\",\"@id\":\"https:\/\/onevetgroup.pt\/porto\/referir-caso\/\",\"url\":\"https:\/\/onevetgroup.pt\/porto\/referir-caso\/\",\"name\":\"Referir Caso - Porto\",\"isPartOf\":{\"@id\":\"https:\/\/onevetgroup.pt\/porto\/#website\"},\"primaryImageOfPage\":{\"@id\":\"https:\/\/onevetgroup.pt\/porto\/referir-caso\/#primaryimage\"},\"image\":{\"@id\":\"https:\/\/onevetgroup.pt\/porto\/referir-caso\/#primaryimage\"},\"thumbnailUrl\":\"https:\/\/onevetgroup.pt\/porto\/wp-content\/uploads\/sites\/30\/2022\/07\/Urgencia1-768x506.jpg\",\"datePublished\":\"2025-09-04T11:19:32+00:00\",\"dateModified\":\"2026-01-23T16:30:13+00:00\",\"breadcrumb\":{\"@id\":\"https:\/\/onevetgroup.pt\/porto\/referir-caso\/#breadcrumb\"},\"inLanguage\":\"pt-PT\",\"potentialAction\":[{\"@type\":\"ReadAction\",\"target\":[\"https:\/\/onevetgroup.pt\/porto\/referir-caso\/\"]}]},{\"@type\":\"ImageObject\",\"inLanguage\":\"pt-PT\",\"@id\":\"https:\/\/onevetgroup.pt\/porto\/referir-caso\/#primaryimage\",\"url\":\"https:\/\/onevetgroup.pt\/porto\/wp-content\/uploads\/sites\/30\/2022\/07\/Urgencia1.jpg\",\"contentUrl\":\"https:\/\/onevetgroup.pt\/porto\/wp-content\/uploads\/sites\/30\/2022\/07\/Urgencia1.jpg\",\"width\":1005,\"height\":662},{\"@type\":\"BreadcrumbList\",\"@id\":\"https:\/\/onevetgroup.pt\/porto\/referir-caso\/#breadcrumb\",\"itemListElement\":[{\"@type\":\"ListItem\",\"position\":1,\"name\":\"Home\",\"item\":\"https:\/\/onevetgroup.pt\/porto\/\"},{\"@type\":\"ListItem\",\"position\":2,\"name\":\"Referir Caso\"}]},{\"@type\":\"WebSite\",\"@id\":\"https:\/\/onevetgroup.pt\/porto\/#website\",\"url\":\"https:\/\/onevetgroup.pt\/porto\/\",\"name\":\"Porto\",\"description\":\"Your Pets in Good Hands\",\"publisher\":{\"@id\":\"https:\/\/onevetgroup.pt\/porto\/#organization\"},\"potentialAction\":[{\"@type\":\"SearchAction\",\"target\":{\"@type\":\"EntryPoint\",\"urlTemplate\":\"https:\/\/onevetgroup.pt\/porto\/?s={search_term_string}\"},\"query-input\":{\"@type\":\"PropertyValueSpecification\",\"valueRequired\":true,\"valueName\":\"search_term_string\"}}],\"inLanguage\":\"pt-PT\"},{\"@type\":\"Organization\",\"@id\":\"https:\/\/onevetgroup.pt\/porto\/#organization\",\"name\":\"Porto\",\"url\":\"https:\/\/onevetgroup.pt\/porto\/\",\"logo\":{\"@type\":\"ImageObject\",\"inLanguage\":\"pt-PT\",\"@id\":\"https:\/\/onevetgroup.pt\/porto\/#\/schema\/logo\/image\/\",\"url\":\"https:\/\/onevetgroup.pt\/porto\/wp-content\/uploads\/sites\/30\/2023\/07\/cropped-onevet_hvporto_horizontal-1-e1689068202427.png\",\"contentUrl\":\"https:\/\/onevetgroup.pt\/porto\/wp-content\/uploads\/sites\/30\/2023\/07\/cropped-onevet_hvporto_horizontal-1-e1689068202427.png\",\"width\":242,\"height\":70,\"caption\":\"Porto\"},\"image\":{\"@id\":\"https:\/\/onevetgroup.pt\/porto\/#\/schema\/logo\/image\/\"}}]}<\/script>\n<!-- \/ Yoast SEO plugin. -->","yoast_head_json":{"title":"Referir Caso - Porto","robots":{"index":"index","follow":"follow","max-snippet":"max-snippet:-1","max-image-preview":"max-image-preview:large","max-video-preview":"max-video-preview:-1"},"canonical":"https:\/\/onevetgroup.pt\/porto\/referir-caso\/","og_locale":"pt_PT","og_type":"article","og_title":"Referir Caso - Porto","og_description":"Como encaminhar um caso para n\u00f3s Servi\u00e7o exclusivo para veterin\u00e1rios Se precisar de nos encaminhar um caso veterin\u00e1rio, siga estes passos: Ligue-nos para o \u00a0+351 939760180. Preencha o formul\u00e1rio abaixo. Se tiver mais informa\u00e7\u00f5es que gostaria de partilhar, escreva-nos para hvp.referencia@onevetgroup.pt Mant\u00ea-lo-emos informado diariamente sobre a evolu\u00e7\u00e3o dos seus pacientes, com a tranquilidade de saber &hellip;","og_url":"https:\/\/onevetgroup.pt\/porto\/referir-caso\/","og_site_name":"Porto","article_modified_time":"2026-01-23T16:30:13+00:00","og_image":[{"url":"https:\/\/onevetgroup.pt\/porto\/wp-content\/uploads\/sites\/30\/2022\/07\/Urgencia1-768x506.jpg","type":"","width":"","height":""}],"twitter_card":"summary_large_image","twitter_misc":{"Tempo estimado de leitura":"1 minuto"},"schema":{"@context":"https:\/\/schema.org","@graph":[{"@type":"WebPage","@id":"https:\/\/onevetgroup.pt\/porto\/referir-caso\/","url":"https:\/\/onevetgroup.pt\/porto\/referir-caso\/","name":"Referir Caso - Porto","isPartOf":{"@id":"https:\/\/onevetgroup.pt\/porto\/#website"},"primaryImageOfPage":{"@id":"https:\/\/onevetgroup.pt\/porto\/referir-caso\/#primaryimage"},"image":{"@id":"https:\/\/onevetgroup.pt\/porto\/referir-caso\/#primaryimage"},"thumbnailUrl":"https:\/\/onevetgroup.pt\/porto\/wp-content\/uploads\/sites\/30\/2022\/07\/Urgencia1-768x506.jpg","datePublished":"2025-09-04T11:19:32+00:00","dateModified":"2026-01-23T16:30:13+00:00","breadcrumb":{"@id":"https:\/\/onevetgroup.pt\/porto\/referir-caso\/#breadcrumb"},"inLanguage":"pt-PT","potentialAction":[{"@type":"ReadAction","target":["https:\/\/onevetgroup.pt\/porto\/referir-caso\/"]}]},{"@type":"ImageObject","inLanguage":"pt-PT","@id":"https:\/\/onevetgroup.pt\/porto\/referir-caso\/#primaryimage","url":"https:\/\/onevetgroup.pt\/porto\/wp-content\/uploads\/sites\/30\/2022\/07\/Urgencia1.jpg","contentUrl":"https:\/\/onevetgroup.pt\/porto\/wp-content\/uploads\/sites\/30\/2022\/07\/Urgencia1.jpg","width":1005,"height":662},{"@type":"BreadcrumbList","@id":"https:\/\/onevetgroup.pt\/porto\/referir-caso\/#breadcrumb","itemListElement":[{"@type":"ListItem","position":1,"name":"Home","item":"https:\/\/onevetgroup.pt\/porto\/"},{"@type":"ListItem","position":2,"name":"Referir Caso"}]},{"@type":"WebSite","@id":"https:\/\/onevetgroup.pt\/porto\/#website","url":"https:\/\/onevetgroup.pt\/porto\/","name":"Porto","description":"Your Pets in Good Hands","publisher":{"@id":"https:\/\/onevetgroup.pt\/porto\/#organization"},"potentialAction":[{"@type":"SearchAction","target":{"@type":"EntryPoint","urlTemplate":"https:\/\/onevetgroup.pt\/porto\/?s={search_term_string}"},"query-input":{"@type":"PropertyValueSpecification","valueRequired":true,"valueName":"search_term_string"}}],"inLanguage":"pt-PT"},{"@type":"Organization","@id":"https:\/\/onevetgroup.pt\/porto\/#organization","name":"Porto","url":"https:\/\/onevetgroup.pt\/porto\/","logo":{"@type":"ImageObject","inLanguage":"pt-PT","@id":"https:\/\/onevetgroup.pt\/porto\/#\/schema\/logo\/image\/","url":"https:\/\/onevetgroup.pt\/porto\/wp-content\/uploads\/sites\/30\/2023\/07\/cropped-onevet_hvporto_horizontal-1-e1689068202427.png","contentUrl":"https:\/\/onevetgroup.pt\/porto\/wp-content\/uploads\/sites\/30\/2023\/07\/cropped-onevet_hvporto_horizontal-1-e1689068202427.png","width":242,"height":70,"caption":"Porto"},"image":{"@id":"https:\/\/onevetgroup.pt\/porto\/#\/schema\/logo\/image\/"}}]}},"_links":{"self":[{"href":"https:\/\/onevetgroup.pt\/porto\/wp-json\/wp\/v2\/pages\/20232","targetHints":{"allow":["GET"]}}],"collection":[{"href":"https:\/\/onevetgroup.pt\/porto\/wp-json\/wp\/v2\/pages"}],"about":[{"href":"https:\/\/onevetgroup.pt\/porto\/wp-json\/wp\/v2\/types\/page"}],"author":[{"embeddable":true,"href":"https:\/\/onevetgroup.pt\/porto\/wp-json\/wp\/v2\/users\/61"}],"replies":[{"embeddable":true,"href":"https:\/\/onevetgroup.pt\/porto\/wp-json\/wp\/v2\/comments?post=20232"}],"version-history":[{"count":35,"href":"https:\/\/onevetgroup.pt\/porto\/wp-json\/wp\/v2\/pages\/20232\/revisions"}],"predecessor-version":[{"id":20510,"href":"https:\/\/onevetgroup.pt\/porto\/wp-json\/wp\/v2\/pages\/20232\/revisions\/20510"}],"wp:attachment":[{"href":"https:\/\/onevetgroup.pt\/porto\/wp-json\/wp\/v2\/media?parent=20232"}],"curies":[{"name":"wp","href":"https:\/\/api.w.org\/{rel}","templated":true}]}}