{"id":12981,"date":"2020-10-27T21:47:16","date_gmt":"2020-10-27T21:47:16","guid":{"rendered":"http:\/\/onevet.pt\/rio-tinto\/traumatology\/"},"modified":"2025-11-13T14:16:42","modified_gmt":"2025-11-13T14:16:42","slug":"ortopedia","status":"publish","type":"page","link":"https:\/\/onevetgroup.pt\/rio-tinto\/especialidades\/ortopedia\/","title":{"rendered":"Ortopedia"},"content":{"rendered":"\t\t<div data-elementor-type=\"wp-page\" data-elementor-id=\"12981\" class=\"elementor elementor-12981 elementor-1137\" data-elementor-post-type=\"page\">\n\t\t\t\t\t\t<section class=\"elementor-section elementor-top-section elementor-element elementor-element-3b7f1f2 elementor-section-boxed elementor-section-height-default elementor-section-height-default\" data-id=\"3b7f1f2\" data-element_type=\"section\" id=\"main-sec\">\n\t\t\t\t\t\t<div class=\"elementor-container elementor-column-gap-default\">\n\t\t\t\t\t<div class=\"elementor-column elementor-col-100 elementor-top-column elementor-element elementor-element-138c88c\" data-id=\"138c88c\" data-element_type=\"column\">\n\t\t\t<div class=\"elementor-widget-wrap elementor-element-populated\">\n\t\t\t\t\t\t<div class=\"elementor-element elementor-element-ec83cf0 elementor-widget elementor-widget-section_titleleft\" data-id=\"ec83cf0\" data-element_type=\"widget\" data-widget_type=\"section_titleleft.default\">\n\t\t\t\t<div class=\"elementor-widget-container\">\n\t\t\t\t\t        <div class=\"ab_text-title fl-wrap\">\r\n            Our orthopaedics service at Onevet Cl\u00ednica Veterin\u00e1ria de Rio Tinto, is dedicated to the study and treatment of injuries of the musculoskeletal system. <span class=\"section-separator fl-sec-sep\"><\/span>        <\/div>\r\n        \t\t\t\t<\/div>\n\t\t\t\t<\/div>\n\t\t\t\t\t<\/div>\n\t\t<\/div>\n\t\t\t\t\t<\/div>\n\t\t<\/section>\n\t\t\t\t<section class=\"elementor-section elementor-top-section elementor-element elementor-element-d993722 elementor-section-boxed elementor-section-height-default elementor-section-height-default\" data-id=\"d993722\" data-element_type=\"section\">\n\t\t\t\t\t\t<div class=\"elementor-container elementor-column-gap-default\">\n\t\t\t\t\t<div class=\"elementor-column elementor-col-50 elementor-top-column elementor-element elementor-element-065811d\" data-id=\"065811d\" data-element_type=\"column\">\n\t\t\t<div class=\"elementor-widget-wrap elementor-element-populated\">\n\t\t\t\t\t\t<div class=\"elementor-element elementor-element-63d99ac elementor-widget elementor-widget-text-editor\" data-id=\"63d99ac\" data-element_type=\"widget\" data-widget_type=\"text-editor.default\">\n\t\t\t\t<div class=\"elementor-widget-container\">\n\t\t\t\t\t\t\t\t\t<p>O trabalho dos nossos especialistas vai muito para al\u00e9m de ferimentos por traumatismo; inclui tamb\u00e9m o estudo de ferimentos naturais ou adquiridos que afetem o movimento dos animais, nas vertentes preventiva, terap\u00eautica, de reabilita\u00e7\u00e3o e investiga\u00e7\u00e3o.<\/p><p>As patologias mais frequentes s\u00e3o:<\/p><p>\u2022 Fraturas \u00f3sseas<br \/>\u2022 Osteoartrite<br \/>\u2022 Artrite<br \/>\u2022 Displasia da anca<br \/>\u2022 Entorses<br \/>\u2022 Luxa\u00e7\u00f5es<br \/>\u2022 Tendinites<br \/>\u2022 Roturas musculares<\/p><p>Os tratamentos conservadores t\u00eam por base:<br \/>\u2022 Redu\u00e7\u00f5es incruentas<br \/>\u2022 Curativos suaves (compress\u00e3o, adesiva\u00e7\u00e3o, imobilizadores tipo Velpeau, Gillchrist, Robert-Jones),<br \/>\u2022 Talas<br \/>\u2022 Tra\u00e7\u00e3o esquel\u00e9tica ou cut\u00e2nea<\/p>\t\t\t\t\t\t\t\t<\/div>\n\t\t\t\t<\/div>\n\t\t\t\t\t<\/div>\n\t\t<\/div>\n\t\t\t\t<div class=\"elementor-column elementor-col-50 elementor-top-column elementor-element elementor-element-2048e61\" data-id=\"2048e61\" data-element_type=\"column\">\n\t\t\t<div class=\"elementor-widget-wrap elementor-element-populated\">\n\t\t\t\t\t\t<div class=\"elementor-element elementor-element-dc7c821 elementor-widget elementor-widget-image\" data-id=\"dc7c821\" data-element_type=\"widget\" data-widget_type=\"image.default\">\n\t\t\t\t<div class=\"elementor-widget-container\">\n\t\t\t\t\t\t\t\t\t\t\t\t\t\t\t<img fetchpriority=\"high\" width=\"724\" height=\"879\" class=\"attachment-large size-large wp-image-14061 lazy\" alt=\"\" data-src=\"https:\/\/onevetgroup.pt\/rio-tinto\/wp-content\/uploads\/sites\/26\/2020\/10\/Depositphotos_39249071_m-2015.jpg\" data-lazy=\"https:\/\/onevetgroup.pt\/rio-tinto\/wp-content\/uploads\/sites\/26\/2020\/10\/Depositphotos_39249071_m-2015.jpg\" \/>\t\t\t\t\t\t\t\t\t\t\t\t\t\t\t<\/div>\n\t\t\t\t<\/div>\n\t\t\t\t\t<\/div>\n\t\t<\/div>\n\t\t\t\t\t<\/div>\n\t\t<\/section>\n\t\t\t\t<\/div>\n\t\t","protected":false},"excerpt":{"rendered":"<p>Our orthopaedics service at , is dedicated to the study and treatment of injuries of the musculoskeletal system. O trabalho dos nossos especialistas vai muito para al\u00e9m de ferimentos por traumatismo; inclui tamb\u00e9m o estudo de ferimentos naturais ou adquiridos que afetem o movimento dos animais, nas vertentes preventiva, terap\u00eautica, de reabilita\u00e7\u00e3o e investiga\u00e7\u00e3o. As &hellip; <\/p>\n","protected":false},"author":61,"featured_media":0,"parent":19458,"menu_order":0,"comment_status":"closed","ping_status":"closed","template":"page-fullwidth.php","meta":{"_acf_changed":false,"content-type":"","footnotes":""},"class_list":["post-12981","page","type-page","status-publish","hentry"],"acf":[],"yoast_head":"<!-- This site is optimized with the Yoast SEO plugin v26.2 - https:\/\/yoast.com\/wordpress\/plugins\/seo\/ -->\n<title>Ortopedia - Rio Tinto<\/title>\n<meta name=\"robots\" content=\"index, follow, max-snippet:-1, max-image-preview:large, max-video-preview:-1\" \/>\n<link rel=\"canonical\" href=\"https:\/\/onevetgroup.pt\/rio-tinto\/especialidades\/ortopedia\/\" \/>\n<meta property=\"og:locale\" content=\"pt_PT\" \/>\n<meta property=\"og:type\" content=\"article\" \/>\n<meta property=\"og:title\" content=\"Ortopedia - Rio Tinto\" \/>\n<meta property=\"og:description\" content=\"Our orthopaedics service at , is dedicated to the study and treatment of injuries of the musculoskeletal system. O trabalho dos nossos especialistas vai muito para al\u00e9m de ferimentos por traumatismo; inclui tamb\u00e9m o estudo de ferimentos naturais ou adquiridos que afetem o movimento dos animais, nas vertentes preventiva, terap\u00eautica, de reabilita\u00e7\u00e3o e investiga\u00e7\u00e3o. As &hellip;\" \/>\n<meta property=\"og:url\" content=\"https:\/\/onevetgroup.pt\/rio-tinto\/especialidades\/ortopedia\/\" \/>\n<meta property=\"og:site_name\" content=\"Rio Tinto\" \/>\n<meta property=\"article:modified_time\" content=\"2025-11-13T14:16:42+00:00\" \/>\n<meta property=\"og:image\" content=\"https:\/\/onevetgroup.pt\/rio-tinto\/wp-content\/uploads\/sites\/26\/2020\/10\/Depositphotos_39249071_m-2015.jpg\" \/>\n<meta name=\"twitter:card\" content=\"summary_large_image\" \/>\n<meta name=\"twitter:label1\" content=\"Tempo estimado de leitura\" \/>\n\t<meta name=\"twitter:data1\" content=\"1 minuto\" \/>\n<script type=\"application\/ld+json\" class=\"yoast-schema-graph\">{\"@context\":\"https:\/\/schema.org\",\"@graph\":[{\"@type\":\"WebPage\",\"@id\":\"https:\/\/onevetgroup.pt\/rio-tinto\/especialidades\/ortopedia\/\",\"url\":\"https:\/\/onevetgroup.pt\/rio-tinto\/especialidades\/ortopedia\/\",\"name\":\"Ortopedia - Rio Tinto\",\"isPartOf\":{\"@id\":\"https:\/\/onevetgroup.pt\/rio-tinto\/#website\"},\"primaryImageOfPage\":{\"@id\":\"https:\/\/onevetgroup.pt\/rio-tinto\/especialidades\/ortopedia\/#primaryimage\"},\"image\":{\"@id\":\"https:\/\/onevetgroup.pt\/rio-tinto\/especialidades\/ortopedia\/#primaryimage\"},\"thumbnailUrl\":\"https:\/\/onevetgroup.pt\/rio-tinto\/wp-content\/uploads\/sites\/26\/2020\/10\/Depositphotos_39249071_m-2015.jpg\",\"datePublished\":\"2020-10-27T21:47:16+00:00\",\"dateModified\":\"2025-11-13T14:16:42+00:00\",\"breadcrumb\":{\"@id\":\"https:\/\/onevetgroup.pt\/rio-tinto\/especialidades\/ortopedia\/#breadcrumb\"},\"inLanguage\":\"pt-PT\",\"potentialAction\":[{\"@type\":\"ReadAction\",\"target\":[\"https:\/\/onevetgroup.pt\/rio-tinto\/especialidades\/ortopedia\/\"]}]},{\"@type\":\"ImageObject\",\"inLanguage\":\"pt-PT\",\"@id\":\"https:\/\/onevetgroup.pt\/rio-tinto\/especialidades\/ortopedia\/#primaryimage\",\"url\":\"https:\/\/onevetgroup.pt\/rio-tinto\/wp-content\/uploads\/sites\/26\/2020\/10\/Depositphotos_39249071_m-2015.jpg\",\"contentUrl\":\"https:\/\/onevetgroup.pt\/rio-tinto\/wp-content\/uploads\/sites\/26\/2020\/10\/Depositphotos_39249071_m-2015.jpg\",\"width\":824,\"height\":1000},{\"@type\":\"BreadcrumbList\",\"@id\":\"https:\/\/onevetgroup.pt\/rio-tinto\/especialidades\/ortopedia\/#breadcrumb\",\"itemListElement\":[{\"@type\":\"ListItem\",\"position\":1,\"name\":\"Home\",\"item\":\"https:\/\/onevetgroup.pt\/rio-tinto\/\"},{\"@type\":\"ListItem\",\"position\":2,\"name\":\"Especialidades\",\"item\":\"https:\/\/onevetgroup.pt\/rio-tinto\/especialidades\/\"},{\"@type\":\"ListItem\",\"position\":3,\"name\":\"Ortopedia\"}]},{\"@type\":\"WebSite\",\"@id\":\"https:\/\/onevetgroup.pt\/rio-tinto\/#website\",\"url\":\"https:\/\/onevetgroup.pt\/rio-tinto\/\",\"name\":\"Rio Tinto\",\"description\":\"Your Pets in Good Hands\",\"publisher\":{\"@id\":\"https:\/\/onevetgroup.pt\/rio-tinto\/#organization\"},\"potentialAction\":[{\"@type\":\"SearchAction\",\"target\":{\"@type\":\"EntryPoint\",\"urlTemplate\":\"https:\/\/onevetgroup.pt\/rio-tinto\/?s={search_term_string}\"},\"query-input\":{\"@type\":\"PropertyValueSpecification\",\"valueRequired\":true,\"valueName\":\"search_term_string\"}}],\"inLanguage\":\"pt-PT\"},{\"@type\":\"Organization\",\"@id\":\"https:\/\/onevetgroup.pt\/rio-tinto\/#organization\",\"name\":\"Rio Tinto\",\"url\":\"https:\/\/onevetgroup.pt\/rio-tinto\/\",\"logo\":{\"@type\":\"ImageObject\",\"inLanguage\":\"pt-PT\",\"@id\":\"https:\/\/onevetgroup.pt\/rio-tinto\/#\/schema\/logo\/image\/\",\"url\":\"https:\/\/onevetgroup.pt\/rio-tinto\/wp-content\/uploads\/sites\/26\/2023\/07\/cropped-onevet_cvriotinto_horizontal-1-e1689067388786.png\",\"contentUrl\":\"https:\/\/onevetgroup.pt\/rio-tinto\/wp-content\/uploads\/sites\/26\/2023\/07\/cropped-onevet_cvriotinto_horizontal-1-e1689067388786.png\",\"width\":225,\"height\":70,\"caption\":\"Rio Tinto \"},\"image\":{\"@id\":\"https:\/\/onevetgroup.pt\/rio-tinto\/#\/schema\/logo\/image\/\"}}]}<\/script>\n<!-- \/ Yoast SEO plugin. -->","yoast_head_json":{"title":"Ortopedia - Rio Tinto","robots":{"index":"index","follow":"follow","max-snippet":"max-snippet:-1","max-image-preview":"max-image-preview:large","max-video-preview":"max-video-preview:-1"},"canonical":"https:\/\/onevetgroup.pt\/rio-tinto\/especialidades\/ortopedia\/","og_locale":"pt_PT","og_type":"article","og_title":"Ortopedia - Rio Tinto","og_description":"Our orthopaedics service at , is dedicated to the study and treatment of injuries of the musculoskeletal system. O trabalho dos nossos especialistas vai muito para al\u00e9m de ferimentos por traumatismo; inclui tamb\u00e9m o estudo de ferimentos naturais ou adquiridos que afetem o movimento dos animais, nas vertentes preventiva, terap\u00eautica, de reabilita\u00e7\u00e3o e investiga\u00e7\u00e3o. As &hellip;","og_url":"https:\/\/onevetgroup.pt\/rio-tinto\/especialidades\/ortopedia\/","og_site_name":"Rio Tinto","article_modified_time":"2025-11-13T14:16:42+00:00","og_image":[{"url":"https:\/\/onevetgroup.pt\/rio-tinto\/wp-content\/uploads\/sites\/26\/2020\/10\/Depositphotos_39249071_m-2015.jpg","type":"","width":"","height":""}],"twitter_card":"summary_large_image","twitter_misc":{"Tempo estimado de leitura":"1 minuto"},"schema":{"@context":"https:\/\/schema.org","@graph":[{"@type":"WebPage","@id":"https:\/\/onevetgroup.pt\/rio-tinto\/especialidades\/ortopedia\/","url":"https:\/\/onevetgroup.pt\/rio-tinto\/especialidades\/ortopedia\/","name":"Ortopedia - Rio Tinto","isPartOf":{"@id":"https:\/\/onevetgroup.pt\/rio-tinto\/#website"},"primaryImageOfPage":{"@id":"https:\/\/onevetgroup.pt\/rio-tinto\/especialidades\/ortopedia\/#primaryimage"},"image":{"@id":"https:\/\/onevetgroup.pt\/rio-tinto\/especialidades\/ortopedia\/#primaryimage"},"thumbnailUrl":"https:\/\/onevetgroup.pt\/rio-tinto\/wp-content\/uploads\/sites\/26\/2020\/10\/Depositphotos_39249071_m-2015.jpg","datePublished":"2020-10-27T21:47:16+00:00","dateModified":"2025-11-13T14:16:42+00:00","breadcrumb":{"@id":"https:\/\/onevetgroup.pt\/rio-tinto\/especialidades\/ortopedia\/#breadcrumb"},"inLanguage":"pt-PT","potentialAction":[{"@type":"ReadAction","target":["https:\/\/onevetgroup.pt\/rio-tinto\/especialidades\/ortopedia\/"]}]},{"@type":"ImageObject","inLanguage":"pt-PT","@id":"https:\/\/onevetgroup.pt\/rio-tinto\/especialidades\/ortopedia\/#primaryimage","url":"https:\/\/onevetgroup.pt\/rio-tinto\/wp-content\/uploads\/sites\/26\/2020\/10\/Depositphotos_39249071_m-2015.jpg","contentUrl":"https:\/\/onevetgroup.pt\/rio-tinto\/wp-content\/uploads\/sites\/26\/2020\/10\/Depositphotos_39249071_m-2015.jpg","width":824,"height":1000},{"@type":"BreadcrumbList","@id":"https:\/\/onevetgroup.pt\/rio-tinto\/especialidades\/ortopedia\/#breadcrumb","itemListElement":[{"@type":"ListItem","position":1,"name":"Home","item":"https:\/\/onevetgroup.pt\/rio-tinto\/"},{"@type":"ListItem","position":2,"name":"Especialidades","item":"https:\/\/onevetgroup.pt\/rio-tinto\/especialidades\/"},{"@type":"ListItem","position":3,"name":"Ortopedia"}]},{"@type":"WebSite","@id":"https:\/\/onevetgroup.pt\/rio-tinto\/#website","url":"https:\/\/onevetgroup.pt\/rio-tinto\/","name":"Rio Tinto","description":"Your Pets in Good Hands","publisher":{"@id":"https:\/\/onevetgroup.pt\/rio-tinto\/#organization"},"potentialAction":[{"@type":"SearchAction","target":{"@type":"EntryPoint","urlTemplate":"https:\/\/onevetgroup.pt\/rio-tinto\/?s={search_term_string}"},"query-input":{"@type":"PropertyValueSpecification","valueRequired":true,"valueName":"search_term_string"}}],"inLanguage":"pt-PT"},{"@type":"Organization","@id":"https:\/\/onevetgroup.pt\/rio-tinto\/#organization","name":"Rio Tinto","url":"https:\/\/onevetgroup.pt\/rio-tinto\/","logo":{"@type":"ImageObject","inLanguage":"pt-PT","@id":"https:\/\/onevetgroup.pt\/rio-tinto\/#\/schema\/logo\/image\/","url":"https:\/\/onevetgroup.pt\/rio-tinto\/wp-content\/uploads\/sites\/26\/2023\/07\/cropped-onevet_cvriotinto_horizontal-1-e1689067388786.png","contentUrl":"https:\/\/onevetgroup.pt\/rio-tinto\/wp-content\/uploads\/sites\/26\/2023\/07\/cropped-onevet_cvriotinto_horizontal-1-e1689067388786.png","width":225,"height":70,"caption":"Rio Tinto "},"image":{"@id":"https:\/\/onevetgroup.pt\/rio-tinto\/#\/schema\/logo\/image\/"}}]}},"_links":{"self":[{"href":"https:\/\/onevetgroup.pt\/rio-tinto\/wp-json\/wp\/v2\/pages\/12981","targetHints":{"allow":["GET"]}}],"collection":[{"href":"https:\/\/onevetgroup.pt\/rio-tinto\/wp-json\/wp\/v2\/pages"}],"about":[{"href":"https:\/\/onevetgroup.pt\/rio-tinto\/wp-json\/wp\/v2\/types\/page"}],"author":[{"embeddable":true,"href":"https:\/\/onevetgroup.pt\/rio-tinto\/wp-json\/wp\/v2\/users\/61"}],"replies":[{"embeddable":true,"href":"https:\/\/onevetgroup.pt\/rio-tinto\/wp-json\/wp\/v2\/comments?post=12981"}],"version-history":[{"count":3,"href":"https:\/\/onevetgroup.pt\/rio-tinto\/wp-json\/wp\/v2\/pages\/12981\/revisions"}],"predecessor-version":[{"id":19826,"href":"https:\/\/onevetgroup.pt\/rio-tinto\/wp-json\/wp\/v2\/pages\/12981\/revisions\/19826"}],"up":[{"embeddable":true,"href":"https:\/\/onevetgroup.pt\/rio-tinto\/wp-json\/wp\/v2\/pages\/19458"}],"wp:attachment":[{"href":"https:\/\/onevetgroup.pt\/rio-tinto\/wp-json\/wp\/v2\/media?parent=12981"}],"curies":[{"name":"wp","href":"https:\/\/api.w.org\/{rel}","templated":true}]}}