{"id":14607,"date":"2021-06-09T14:56:04","date_gmt":"2021-06-09T14:56:04","guid":{"rendered":"http:\/\/onevet.pt\/rio-tinto\/?page_id=14607"},"modified":"2025-11-13T13:04:24","modified_gmt":"2025-11-13T13:04:24","slug":"medicina-felina","status":"publish","type":"page","link":"https:\/\/onevetgroup.pt\/rio-tinto\/especialidades\/medicina-felina\/","title":{"rendered":"Medicina Felina"},"content":{"rendered":"\t\t<div data-elementor-type=\"wp-page\" data-elementor-id=\"14607\" class=\"elementor elementor-14607 elementor-14603\" data-elementor-post-type=\"page\">\n\t\t\t\t\t\t<section class=\"elementor-section elementor-top-section elementor-element elementor-element-d993722 elementor-section-boxed elementor-section-height-default elementor-section-height-default\" data-id=\"d993722\" data-element_type=\"section\" id=\"main-sec\">\n\t\t\t\t\t\t<div class=\"elementor-container elementor-column-gap-default\">\n\t\t\t\t\t<div class=\"elementor-column elementor-col-100 elementor-top-column elementor-element elementor-element-2048e61\" data-id=\"2048e61\" data-element_type=\"column\">\n\t\t\t<div class=\"elementor-widget-wrap elementor-element-populated\">\n\t\t\t\t\t\t<div class=\"elementor-element elementor-element-1d02c2d elementor-widget elementor-widget-text-editor\" data-id=\"1d02c2d\" data-element_type=\"widget\" data-widget_type=\"text-editor.default\">\n\t\t\t\t<div class=\"elementor-widget-container\">\n\t\t\t\t\t\t\t\t\t<p>Os gatos s\u00e3o muito diferentes dos c\u00e3es, o seu comportamento, movimento e at\u00e9 as suas doen\u00e7as s\u00e3o totalmente diferentes dos c\u00e3es, raz\u00e3o pela qual na Onevet Cl\u00ednica Veterin\u00e1ria de Rio Tinto tem instala\u00e7\u00f5es concebidas especificamente para gatos, uma sala de espera, sala de consultas e hospitaliza\u00e7\u00e3o exclusivas para eles, e veterin\u00e1rios e assistentes com forma\u00e7\u00e3o espec\u00edfica em medicina felina, que adoram gatos e sabem como lidar com eles e trat\u00e1-los.<\/p>\t\t\t\t\t\t\t\t<\/div>\n\t\t\t\t<\/div>\n\t\t\t\t<div class=\"elementor-element elementor-element-dc7c821 elementor-widget elementor-widget-image\" data-id=\"dc7c821\" data-element_type=\"widget\" data-widget_type=\"image.default\">\n\t\t\t\t<div class=\"elementor-widget-container\">\n\t\t\t\t\t\t\t\t\t\t\t\t\t\t\t<img fetchpriority=\"high\" width=\"724\" height=\"529\" class=\"attachment-medium_large size-medium_large wp-image-14600 lazy\" alt=\"\" data-src=\"https:\/\/onevetgroup.pt\/rio-tinto\/wp-content\/uploads\/sites\/26\/2021\/06\/shutterstock_471593315-1-768x561.jpg\" data-lazy=\"https:\/\/onevetgroup.pt\/rio-tinto\/wp-content\/uploads\/sites\/26\/2021\/06\/shutterstock_471593315-1-768x561.jpg\" \/>\t\t\t\t\t\t\t\t\t\t\t\t\t\t\t<\/div>\n\t\t\t\t<\/div>\n\t\t\t\t\t<\/div>\n\t\t<\/div>\n\t\t\t\t\t<\/div>\n\t\t<\/section>\n\t\t\t\t<\/div>\n\t\t","protected":false},"excerpt":{"rendered":"<p>Os gatos s\u00e3o muito diferentes dos c\u00e3es, o seu comportamento, movimento e at\u00e9 as suas doen\u00e7as s\u00e3o totalmente diferentes dos c\u00e3es, raz\u00e3o pela qual na tem instala\u00e7\u00f5es concebidas especificamente para gatos, uma sala de espera, sala de consultas e hospitaliza\u00e7\u00e3o exclusivas para eles, e veterin\u00e1rios e assistentes com forma\u00e7\u00e3o espec\u00edfica em medicina felina, que adoram &hellip; <\/p>\n","protected":false},"author":4,"featured_media":0,"parent":19458,"menu_order":0,"comment_status":"closed","ping_status":"closed","template":"page-fullwidth.php","meta":{"_acf_changed":false,"content-type":"","footnotes":""},"class_list":["post-14607","page","type-page","status-publish","hentry"],"acf":[],"yoast_head":"<!-- This site is optimized with the Yoast SEO plugin v26.2 - https:\/\/yoast.com\/wordpress\/plugins\/seo\/ -->\n<title>Medicina Felina - Rio Tinto<\/title>\n<meta name=\"robots\" content=\"index, follow, max-snippet:-1, max-image-preview:large, max-video-preview:-1\" \/>\n<link rel=\"canonical\" href=\"https:\/\/onevetgroup.pt\/rio-tinto\/especialidades\/medicina-felina\/\" \/>\n<meta property=\"og:locale\" content=\"pt_PT\" \/>\n<meta property=\"og:type\" content=\"article\" \/>\n<meta property=\"og:title\" content=\"Medicina Felina - Rio Tinto\" \/>\n<meta property=\"og:description\" content=\"Os gatos s\u00e3o muito diferentes dos c\u00e3es, o seu comportamento, movimento e at\u00e9 as suas doen\u00e7as s\u00e3o totalmente diferentes dos c\u00e3es, raz\u00e3o pela qual na tem instala\u00e7\u00f5es concebidas especificamente para gatos, uma sala de espera, sala de consultas e hospitaliza\u00e7\u00e3o exclusivas para eles, e veterin\u00e1rios e assistentes com forma\u00e7\u00e3o espec\u00edfica em medicina felina, que adoram &hellip;\" \/>\n<meta property=\"og:url\" content=\"https:\/\/onevetgroup.pt\/rio-tinto\/especialidades\/medicina-felina\/\" \/>\n<meta property=\"og:site_name\" content=\"Rio Tinto\" \/>\n<meta property=\"article:modified_time\" content=\"2025-11-13T13:04:24+00:00\" \/>\n<meta property=\"og:image\" content=\"https:\/\/onevetgroup.pt\/rio-tinto\/wp-content\/uploads\/sites\/26\/2021\/06\/shutterstock_471593315-1-768x561.jpg\" \/>\n<meta name=\"twitter:card\" content=\"summary_large_image\" \/>\n<meta name=\"twitter:label1\" content=\"Tempo estimado de leitura\" \/>\n\t<meta name=\"twitter:data1\" content=\"1 minuto\" \/>\n<script type=\"application\/ld+json\" class=\"yoast-schema-graph\">{\"@context\":\"https:\/\/schema.org\",\"@graph\":[{\"@type\":\"WebPage\",\"@id\":\"https:\/\/onevetgroup.pt\/rio-tinto\/especialidades\/medicina-felina\/\",\"url\":\"https:\/\/onevetgroup.pt\/rio-tinto\/especialidades\/medicina-felina\/\",\"name\":\"Medicina Felina - Rio Tinto\",\"isPartOf\":{\"@id\":\"https:\/\/onevetgroup.pt\/rio-tinto\/#website\"},\"primaryImageOfPage\":{\"@id\":\"https:\/\/onevetgroup.pt\/rio-tinto\/especialidades\/medicina-felina\/#primaryimage\"},\"image\":{\"@id\":\"https:\/\/onevetgroup.pt\/rio-tinto\/especialidades\/medicina-felina\/#primaryimage\"},\"thumbnailUrl\":\"https:\/\/onevetgroup.pt\/rio-tinto\/wp-content\/uploads\/sites\/26\/2021\/06\/shutterstock_471593315-1-768x561.jpg\",\"datePublished\":\"2021-06-09T14:56:04+00:00\",\"dateModified\":\"2025-11-13T13:04:24+00:00\",\"breadcrumb\":{\"@id\":\"https:\/\/onevetgroup.pt\/rio-tinto\/especialidades\/medicina-felina\/#breadcrumb\"},\"inLanguage\":\"pt-PT\",\"potentialAction\":[{\"@type\":\"ReadAction\",\"target\":[\"https:\/\/onevetgroup.pt\/rio-tinto\/especialidades\/medicina-felina\/\"]}]},{\"@type\":\"ImageObject\",\"inLanguage\":\"pt-PT\",\"@id\":\"https:\/\/onevetgroup.pt\/rio-tinto\/especialidades\/medicina-felina\/#primaryimage\",\"url\":\"https:\/\/onevetgroup.pt\/rio-tinto\/wp-content\/uploads\/sites\/26\/2021\/06\/shutterstock_471593315-1.jpg\",\"contentUrl\":\"https:\/\/onevetgroup.pt\/rio-tinto\/wp-content\/uploads\/sites\/26\/2021\/06\/shutterstock_471593315-1.jpg\",\"width\":1500,\"height\":1095},{\"@type\":\"BreadcrumbList\",\"@id\":\"https:\/\/onevetgroup.pt\/rio-tinto\/especialidades\/medicina-felina\/#breadcrumb\",\"itemListElement\":[{\"@type\":\"ListItem\",\"position\":1,\"name\":\"Home\",\"item\":\"https:\/\/onevetgroup.pt\/rio-tinto\/\"},{\"@type\":\"ListItem\",\"position\":2,\"name\":\"Especialidades\",\"item\":\"https:\/\/onevetgroup.pt\/rio-tinto\/especialidades\/\"},{\"@type\":\"ListItem\",\"position\":3,\"name\":\"Medicina Felina\"}]},{\"@type\":\"WebSite\",\"@id\":\"https:\/\/onevetgroup.pt\/rio-tinto\/#website\",\"url\":\"https:\/\/onevetgroup.pt\/rio-tinto\/\",\"name\":\"Rio Tinto\",\"description\":\"Your Pets in Good Hands\",\"publisher\":{\"@id\":\"https:\/\/onevetgroup.pt\/rio-tinto\/#organization\"},\"potentialAction\":[{\"@type\":\"SearchAction\",\"target\":{\"@type\":\"EntryPoint\",\"urlTemplate\":\"https:\/\/onevetgroup.pt\/rio-tinto\/?s={search_term_string}\"},\"query-input\":{\"@type\":\"PropertyValueSpecification\",\"valueRequired\":true,\"valueName\":\"search_term_string\"}}],\"inLanguage\":\"pt-PT\"},{\"@type\":\"Organization\",\"@id\":\"https:\/\/onevetgroup.pt\/rio-tinto\/#organization\",\"name\":\"Rio Tinto\",\"url\":\"https:\/\/onevetgroup.pt\/rio-tinto\/\",\"logo\":{\"@type\":\"ImageObject\",\"inLanguage\":\"pt-PT\",\"@id\":\"https:\/\/onevetgroup.pt\/rio-tinto\/#\/schema\/logo\/image\/\",\"url\":\"https:\/\/onevetgroup.pt\/rio-tinto\/wp-content\/uploads\/sites\/26\/2023\/07\/cropped-onevet_cvriotinto_horizontal-1-e1689067388786.png\",\"contentUrl\":\"https:\/\/onevetgroup.pt\/rio-tinto\/wp-content\/uploads\/sites\/26\/2023\/07\/cropped-onevet_cvriotinto_horizontal-1-e1689067388786.png\",\"width\":225,\"height\":70,\"caption\":\"Rio Tinto \"},\"image\":{\"@id\":\"https:\/\/onevetgroup.pt\/rio-tinto\/#\/schema\/logo\/image\/\"}}]}<\/script>\n<!-- \/ Yoast SEO plugin. -->","yoast_head_json":{"title":"Medicina Felina - Rio Tinto","robots":{"index":"index","follow":"follow","max-snippet":"max-snippet:-1","max-image-preview":"max-image-preview:large","max-video-preview":"max-video-preview:-1"},"canonical":"https:\/\/onevetgroup.pt\/rio-tinto\/especialidades\/medicina-felina\/","og_locale":"pt_PT","og_type":"article","og_title":"Medicina Felina - Rio Tinto","og_description":"Os gatos s\u00e3o muito diferentes dos c\u00e3es, o seu comportamento, movimento e at\u00e9 as suas doen\u00e7as s\u00e3o totalmente diferentes dos c\u00e3es, raz\u00e3o pela qual na tem instala\u00e7\u00f5es concebidas especificamente para gatos, uma sala de espera, sala de consultas e hospitaliza\u00e7\u00e3o exclusivas para eles, e veterin\u00e1rios e assistentes com forma\u00e7\u00e3o espec\u00edfica em medicina felina, que adoram &hellip;","og_url":"https:\/\/onevetgroup.pt\/rio-tinto\/especialidades\/medicina-felina\/","og_site_name":"Rio Tinto","article_modified_time":"2025-11-13T13:04:24+00:00","og_image":[{"url":"https:\/\/onevetgroup.pt\/rio-tinto\/wp-content\/uploads\/sites\/26\/2021\/06\/shutterstock_471593315-1-768x561.jpg","type":"","width":"","height":""}],"twitter_card":"summary_large_image","twitter_misc":{"Tempo estimado de leitura":"1 minuto"},"schema":{"@context":"https:\/\/schema.org","@graph":[{"@type":"WebPage","@id":"https:\/\/onevetgroup.pt\/rio-tinto\/especialidades\/medicina-felina\/","url":"https:\/\/onevetgroup.pt\/rio-tinto\/especialidades\/medicina-felina\/","name":"Medicina Felina - Rio Tinto","isPartOf":{"@id":"https:\/\/onevetgroup.pt\/rio-tinto\/#website"},"primaryImageOfPage":{"@id":"https:\/\/onevetgroup.pt\/rio-tinto\/especialidades\/medicina-felina\/#primaryimage"},"image":{"@id":"https:\/\/onevetgroup.pt\/rio-tinto\/especialidades\/medicina-felina\/#primaryimage"},"thumbnailUrl":"https:\/\/onevetgroup.pt\/rio-tinto\/wp-content\/uploads\/sites\/26\/2021\/06\/shutterstock_471593315-1-768x561.jpg","datePublished":"2021-06-09T14:56:04+00:00","dateModified":"2025-11-13T13:04:24+00:00","breadcrumb":{"@id":"https:\/\/onevetgroup.pt\/rio-tinto\/especialidades\/medicina-felina\/#breadcrumb"},"inLanguage":"pt-PT","potentialAction":[{"@type":"ReadAction","target":["https:\/\/onevetgroup.pt\/rio-tinto\/especialidades\/medicina-felina\/"]}]},{"@type":"ImageObject","inLanguage":"pt-PT","@id":"https:\/\/onevetgroup.pt\/rio-tinto\/especialidades\/medicina-felina\/#primaryimage","url":"https:\/\/onevetgroup.pt\/rio-tinto\/wp-content\/uploads\/sites\/26\/2021\/06\/shutterstock_471593315-1.jpg","contentUrl":"https:\/\/onevetgroup.pt\/rio-tinto\/wp-content\/uploads\/sites\/26\/2021\/06\/shutterstock_471593315-1.jpg","width":1500,"height":1095},{"@type":"BreadcrumbList","@id":"https:\/\/onevetgroup.pt\/rio-tinto\/especialidades\/medicina-felina\/#breadcrumb","itemListElement":[{"@type":"ListItem","position":1,"name":"Home","item":"https:\/\/onevetgroup.pt\/rio-tinto\/"},{"@type":"ListItem","position":2,"name":"Especialidades","item":"https:\/\/onevetgroup.pt\/rio-tinto\/especialidades\/"},{"@type":"ListItem","position":3,"name":"Medicina Felina"}]},{"@type":"WebSite","@id":"https:\/\/onevetgroup.pt\/rio-tinto\/#website","url":"https:\/\/onevetgroup.pt\/rio-tinto\/","name":"Rio Tinto","description":"Your Pets in Good Hands","publisher":{"@id":"https:\/\/onevetgroup.pt\/rio-tinto\/#organization"},"potentialAction":[{"@type":"SearchAction","target":{"@type":"EntryPoint","urlTemplate":"https:\/\/onevetgroup.pt\/rio-tinto\/?s={search_term_string}"},"query-input":{"@type":"PropertyValueSpecification","valueRequired":true,"valueName":"search_term_string"}}],"inLanguage":"pt-PT"},{"@type":"Organization","@id":"https:\/\/onevetgroup.pt\/rio-tinto\/#organization","name":"Rio Tinto","url":"https:\/\/onevetgroup.pt\/rio-tinto\/","logo":{"@type":"ImageObject","inLanguage":"pt-PT","@id":"https:\/\/onevetgroup.pt\/rio-tinto\/#\/schema\/logo\/image\/","url":"https:\/\/onevetgroup.pt\/rio-tinto\/wp-content\/uploads\/sites\/26\/2023\/07\/cropped-onevet_cvriotinto_horizontal-1-e1689067388786.png","contentUrl":"https:\/\/onevetgroup.pt\/rio-tinto\/wp-content\/uploads\/sites\/26\/2023\/07\/cropped-onevet_cvriotinto_horizontal-1-e1689067388786.png","width":225,"height":70,"caption":"Rio Tinto "},"image":{"@id":"https:\/\/onevetgroup.pt\/rio-tinto\/#\/schema\/logo\/image\/"}}]}},"_links":{"self":[{"href":"https:\/\/onevetgroup.pt\/rio-tinto\/wp-json\/wp\/v2\/pages\/14607","targetHints":{"allow":["GET"]}}],"collection":[{"href":"https:\/\/onevetgroup.pt\/rio-tinto\/wp-json\/wp\/v2\/pages"}],"about":[{"href":"https:\/\/onevetgroup.pt\/rio-tinto\/wp-json\/wp\/v2\/types\/page"}],"author":[{"embeddable":true,"href":"https:\/\/onevetgroup.pt\/rio-tinto\/wp-json\/wp\/v2\/users\/4"}],"replies":[{"embeddable":true,"href":"https:\/\/onevetgroup.pt\/rio-tinto\/wp-json\/wp\/v2\/comments?post=14607"}],"version-history":[{"count":3,"href":"https:\/\/onevetgroup.pt\/rio-tinto\/wp-json\/wp\/v2\/pages\/14607\/revisions"}],"predecessor-version":[{"id":19814,"href":"https:\/\/onevetgroup.pt\/rio-tinto\/wp-json\/wp\/v2\/pages\/14607\/revisions\/19814"}],"up":[{"embeddable":true,"href":"https:\/\/onevetgroup.pt\/rio-tinto\/wp-json\/wp\/v2\/pages\/19458"}],"wp:attachment":[{"href":"https:\/\/onevetgroup.pt\/rio-tinto\/wp-json\/wp\/v2\/media?parent=14607"}],"curies":[{"name":"wp","href":"https:\/\/api.w.org\/{rel}","templated":true}]}}